{"id":995877,"date":"2025-01-17T13:20:30","date_gmt":"2025-01-17T11:20:30","guid":{"rendered":"https:\/\/www.etoro.com\/academy\/videos\/opening-your-first-position\/"},"modified":"2025-02-03T13:40:05","modified_gmt":"2025-02-03T11:40:05","slug":"opening-your-first-position","status":"publish","type":"page","link":"https:\/\/www.etoro.com\/de\/academy\/videos\/opening-your-first-position\/","title":{"rendered":"So er\u00f6ffnen Sie Ihre erste Position"},"content":{"rendered":"\n<div class=\"wp-block-etoro-video-transcript\"><div class=\"wp-block-etoro-video-description\"><h2 class=\"wp-block-etoro-video-description-title\">Beschreibung<\/h2><hr\/><div class=\"wp-block-etoro-video-description-content\">Jeder beginnt mal \u2013 ob bei der ersten Liebe oder der ersten Handelsposition auf eToro. In diesem Video erfahren Sie, wie Sie Ihre erste Position richtig er\u00f6ffnen.<\/div><\/div><div class=\"wp-block-etoro-video-transcript-content\"><h2 class=\"wp-block-etoro-video-transcript-title\">Transkript<\/h2><hr\/><div class=\"wp-block-etoro-video-transcript-text\"><div class=\"wp-block-etoro-video-transcript-text-wrapper\">\n<p>Herzlichen Gl\u00fcckwunsch!<\/p>\n\n\n\n<p>Sie haben Ihr eToro-Konto erstellt!&nbsp;<\/p>\n\n\n\n<p>Jetzt ist es an der Zeit, mit dem Investieren zu beginnen.&nbsp;<\/p>\n\n\n\n<p>Lassen Sie uns eintauchen.<\/p>\n\n\n\n<p>Wenn Sie eine Position er\u00f6ffnen, k\u00f6nnen Sie zwischen zwei Optionen w\u00e4hlen: entweder eine KAUF-Position oder eine VERKAUF-Position, die Sie vielleicht auch als Short-Position kennen.&nbsp;<\/p>\n\n\n\n<p>Sie fragen sich, welche Art von Position Sie w\u00e4hlen sollen?&nbsp;<\/p>\n\n\n\n<p>Das ist ganz einfach: Kaufen Sie, wenn Sie glauben, dass der Wert eines Verm\u00f6genswertes steigen wird, und verkaufen Sie, wenn Sie glauben, dass sein Wert sinken wird.<\/p>\n\n\n\n<p>Sie k\u00f6nnen eine Position aus Ihrer Watchlist aus der Registerkarte \u201eEntdecken\u201c ausw\u00e4hlen oder, wenn Sie an einer gr\u00f6\u00dferen Menge eines Verm\u00f6genswerts interessiert sind, den Sie bereits besitzen, aus Ihrem Portfolio er\u00f6ffnen.&nbsp;<\/p>\n\n\n\n<p>Wenn Sie eine Position er\u00f6ffnen, w\u00e4hlen Sie zun\u00e4chst aus, wie viel Sie kaufen oder verkaufen m\u00f6chten &#8211; entweder als Anzahl der Einheiten oder als Dollarwert.<\/p>\n\n\n\n<p>Ihre Position kann entweder der Kauf des Basiswerts oder eines CFDs sein; im Falle eines CFDs k\u00f6nnen Sie Stop-Loss- und Take-Profit-Punkte festlegen.&nbsp;<\/p>\n\n\n\n<p>Diese sind nicht nur wichtig, sondern sogar gesetzlich vorgeschrieben, um Sie, den Anleger, zu sch\u00fctzen.<\/p>\n\n\n\n<p>Sie k\u00f6nnen auch entscheiden, ob und in welchem Umfang Sie eine Hebelwirkung einsetzen m\u00f6chten, je nachdem, wie hoch die Hebelwirkung f\u00fcr den betreffenden Verm\u00f6genswert ist.&nbsp;<\/p>\n\n\n\n<p>Denken Sie daran, dass mit einer gro\u00dfen Hebelwirkung auch eine gro\u00dfe Verantwortung einhergeht und Geb\u00fchren anfallen.&nbsp;<\/p>\n\n\n\n<p>Informieren Sie sich also unbedingt \u00fcber die \u00dcbernacht- und Wochenendgeb\u00fchren am Ende des Handelsfensters.&nbsp;<\/p>\n\n\n\n<p>Wenn Sie eine Position er\u00f6ffnen, w\u00e4hrend der Markt geschlossen ist, k\u00f6nnen Sie sich beruhigt zur\u00fccklehnen; Es wird ein Einstiegsauftrag erstellt, und alles wird automatisch in Gang gesetzt, sobald der Markt ge\u00f6ffnet ist oder den von Ihnen gew\u00e4hlte Kurs erreicht.&nbsp;<\/p>\n\n\n\n<p>Egal, ob Sie kaufen oder verkaufen, wissen Sie, dass eine weitere coole eToro-Funktion es Ihnen erm\u00f6glicht, den Stop-Loss und Take-Profit sogar nachdem die Position er\u00f6ffnet wurde.&nbsp;<\/p>\n\n\n\n<p>Klicken Sie einfach auf die entsprechende Position und passen Sie sie an.<\/p>\n\n\n\n<p>Das war\u2019s \u2013 nur ein paar schnelle Klicks, und Ihre Position ist offen!&nbsp;<\/p>\n\n\n\n<p>Viel Spa\u00df beim Investieren, danke f\u00fcrs Zuschauen und wir sehen uns bei eToro.<\/p>\n<\/div><button class=\"wp-block-etoro-video-description-more-text\">MEHR ANZEIGAN<svg xmlns=\"http:\/\/www.w3.org\/2000\/svg\" width=\"9\" height=\"6\" viewBox=\"0 0 9 6\" fill=\"none\"><path d=\"M7.5625 1.48616L4.5 4.54866L1.4375 1.48616\" stroke=\"#13C636\" stroke-linecap=\"square\"><\/path><\/svg><\/button><\/div><\/div><\/div>\n\n\n\n<p><\/p>\n","protected":false},"excerpt":{"rendered":"","protected":false},"author":96,"featured_media":554889,"parent":262386,"menu_order":0,"comment_status":"closed","ping_status":"closed","template":"","meta":{"_acf_changed":true,"inline_featured_image":false,"sticky_cta_settings":"","footnotes":""},"asset_type":[],"class_list":["post-995877","page","type-page","status-publish","has-post-thumbnail","hentry"],"acf":[],"yoast_head":"<title>Die Position er\u00f6ffnen | Video der eToro-Akademie<\/title>\n<meta name=\"description\" content=\"Erfahren Sie in diesem Video, wie Sie Ihre erste Handelsposition auf eToro er\u00f6ffnen \u2013 Schritt f\u00fcr Schritt.\" \/>\n<meta name=\"robots\" content=\"index, follow, max-snippet:-1, max-image-preview:large, max-video-preview:-1\" \/>\n<link rel=\"canonical\" href=\"https:\/\/www.etoro.com\/de\/wp-json\/wp\/v2\/pages\/995877\" \/>\n<meta property=\"og:locale\" content=\"de_DE\" \/>\n<meta property=\"og:type\" content=\"article\" \/>\n<meta property=\"og:title\" content=\"Die Position er\u00f6ffnen | Video der eToro-Akademie\" \/>\n<meta property=\"og:description\" content=\"Erfahren Sie in diesem Video, wie Sie Ihre erste Handelsposition auf eToro er\u00f6ffnen \u2013 Schritt f\u00fcr Schritt.\" \/>\n<meta property=\"og:url\" content=\"https:\/\/www.etoro.com\/de\/wp-json\/wp\/v2\/pages\/995877\" \/>\n<meta property=\"og:site_name\" content=\"eToro\" \/>\n<meta property=\"article:publisher\" content=\"https:\/\/www.facebook.com\/eToro\/\" \/>\n<meta property=\"article:modified_time\" content=\"2025-02-03T11:40:05+00:00\" \/>\n<meta property=\"og:image\" content=\"https:\/\/www.etoro.com\/wp-content\/uploads\/2022\/12\/7490_600x500_IT.jpg\" \/>\n\t<meta property=\"og:image:width\" content=\"576\" \/>\n\t<meta property=\"og:image:height\" content=\"385\" \/>\n\t<meta property=\"og:image:type\" content=\"image\/jpeg\" \/>\n<meta name=\"twitter:card\" content=\"summary_large_image\" \/>\n<meta name=\"twitter:site\" content=\"@eToro\" \/>\n<meta name=\"twitter:label1\" content=\"Est. reading time\" \/>\n\t<meta name=\"twitter:data1\" content=\"2 minutes\" \/>\n<script type=\"application\/ld+json\" class=\"yoast-schema-graph\">{\"@context\":\"https:\/\/schema.org\",\"@graph\":[{\"@type\":\"WebPage\",\"@id\":\"https:\/\/www.etoro.com\/de\/academy\/videos\/opening-your-first-position\/\",\"url\":\"https:\/\/www.etoro.com\/de\/academy\/videos\/opening-your-first-position\/\",\"name\":\"Die Position er\u00f6ffnen | Video der eToro-Akademie\",\"isPartOf\":{\"@id\":\"https:\/\/www.etoro.com\/de\/#website\"},\"primaryImageOfPage\":{\"@id\":\"https:\/\/www.etoro.com\/de\/academy\/videos\/opening-your-first-position\/#primaryimage\"},\"image\":{\"@id\":\"https:\/\/www.etoro.com\/de\/academy\/videos\/opening-your-first-position\/#primaryimage\"},\"thumbnailUrl\":\"https:\/\/www.etoro.com\/wp-content\/uploads\/2022\/12\/7490_600x500_IT.jpg\",\"datePublished\":\"2025-01-17T11:20:30+00:00\",\"dateModified\":\"2025-02-03T11:40:05+00:00\",\"description\":\"Erfahren Sie in diesem Video, wie Sie Ihre erste Handelsposition auf eToro er\u00f6ffnen \u2013 Schritt f\u00fcr Schritt.\",\"breadcrumb\":{\"@id\":\"https:\/\/www.etoro.com\/de\/academy\/videos\/opening-your-first-position\/#breadcrumb\"},\"inLanguage\":\"de\",\"potentialAction\":[{\"@type\":\"ReadAction\",\"target\":[\"https:\/\/www.etoro.com\/de\/academy\/videos\/opening-your-first-position\/\"]}]},{\"@type\":\"ImageObject\",\"inLanguage\":\"de\",\"@id\":\"https:\/\/www.etoro.com\/de\/academy\/videos\/opening-your-first-position\/#primaryimage\",\"url\":\"https:\/\/www.etoro.com\/wp-content\/uploads\/2022\/12\/7490_600x500_IT.jpg\",\"contentUrl\":\"https:\/\/www.etoro.com\/wp-content\/uploads\/2022\/12\/7490_600x500_IT.jpg\",\"width\":576,\"height\":385,\"caption\":\"Wie Sie Ihre erste Position bei eToro er\u00f6ffnen\"},{\"@type\":\"BreadcrumbList\",\"@id\":\"https:\/\/www.etoro.com\/de\/academy\/videos\/opening-your-first-position\/#breadcrumb\",\"itemListElement\":[{\"@type\":\"ListItem\",\"position\":1,\"name\":\"Home\",\"item\":\"https:\/\/www.etoro.com\/de\/\"},{\"@type\":\"ListItem\",\"position\":2,\"name\":\"eToro Academy\",\"item\":\"https:\/\/www.etoro.com\/de\/academy\/\"},{\"@type\":\"ListItem\",\"position\":3,\"name\":\"Videos\",\"item\":\"https:\/\/www.etoro.com\/de\/?page_id=262386\"},{\"@type\":\"ListItem\",\"position\":4,\"name\":\"So er\u00f6ffnen Sie Ihre erste Position\"}]},{\"@type\":\"WebSite\",\"@id\":\"https:\/\/www.etoro.com\/de\/#website\",\"url\":\"https:\/\/www.etoro.com\/de\/\",\"name\":\"eToro\",\"description\":\"\",\"publisher\":{\"@id\":\"https:\/\/www.etoro.com\/de\/#organization\"},\"potentialAction\":[{\"@type\":\"SearchAction\",\"target\":{\"@type\":\"EntryPoint\",\"urlTemplate\":\"https:\/\/www.etoro.com\/de\/?s={search_term_string}\"},\"query-input\":{\"@type\":\"PropertyValueSpecification\",\"valueRequired\":true,\"valueName\":\"search_term_string\"}}],\"inLanguage\":\"de\"},[]]}<\/script>","yoast_head_json":{"title":"Die Position er\u00f6ffnen | Video der eToro-Akademie","description":"Erfahren Sie in diesem Video, wie Sie Ihre erste Handelsposition auf eToro er\u00f6ffnen \u2013 Schritt f\u00fcr Schritt.","robots":{"index":"index","follow":"follow","max-snippet":"max-snippet:-1","max-image-preview":"max-image-preview:large","max-video-preview":"max-video-preview:-1"},"canonical":"https:\/\/www.etoro.com\/de\/wp-json\/wp\/v2\/pages\/995877","og_locale":"de_DE","og_type":"article","og_title":"Die Position er\u00f6ffnen | Video der eToro-Akademie","og_description":"Erfahren Sie in diesem Video, wie Sie Ihre erste Handelsposition auf eToro er\u00f6ffnen \u2013 Schritt f\u00fcr Schritt.","og_url":"https:\/\/www.etoro.com\/de\/wp-json\/wp\/v2\/pages\/995877","og_site_name":"eToro","article_publisher":"https:\/\/www.facebook.com\/eToro\/","article_modified_time":"2025-02-03T11:40:05+00:00","og_image":[{"width":576,"height":385,"url":"https:\/\/www.etoro.com\/wp-content\/uploads\/2022\/12\/7490_600x500_IT.jpg","type":"image\/jpeg"}],"twitter_card":"summary_large_image","twitter_site":"@eToro","twitter_misc":{"Est. reading time":"2 minutes"},"schema":{"@context":"https:\/\/schema.org","@graph":[{"@type":"WebPage","@id":"https:\/\/www.etoro.com\/de\/academy\/videos\/opening-your-first-position\/","url":"https:\/\/www.etoro.com\/de\/academy\/videos\/opening-your-first-position\/","name":"Die Position er\u00f6ffnen | Video der eToro-Akademie","isPartOf":{"@id":"https:\/\/www.etoro.com\/de\/#website"},"primaryImageOfPage":{"@id":"https:\/\/www.etoro.com\/de\/academy\/videos\/opening-your-first-position\/#primaryimage"},"image":{"@id":"https:\/\/www.etoro.com\/de\/academy\/videos\/opening-your-first-position\/#primaryimage"},"thumbnailUrl":"https:\/\/www.etoro.com\/wp-content\/uploads\/2022\/12\/7490_600x500_IT.jpg","datePublished":"2025-01-17T11:20:30+00:00","dateModified":"2025-02-03T11:40:05+00:00","description":"Erfahren Sie in diesem Video, wie Sie Ihre erste Handelsposition auf eToro er\u00f6ffnen \u2013 Schritt f\u00fcr Schritt.","breadcrumb":{"@id":"https:\/\/www.etoro.com\/de\/academy\/videos\/opening-your-first-position\/#breadcrumb"},"inLanguage":"de","potentialAction":[{"@type":"ReadAction","target":["https:\/\/www.etoro.com\/de\/academy\/videos\/opening-your-first-position\/"]}]},{"@type":"ImageObject","inLanguage":"de","@id":"https:\/\/www.etoro.com\/de\/academy\/videos\/opening-your-first-position\/#primaryimage","url":"https:\/\/www.etoro.com\/wp-content\/uploads\/2022\/12\/7490_600x500_IT.jpg","contentUrl":"https:\/\/www.etoro.com\/wp-content\/uploads\/2022\/12\/7490_600x500_IT.jpg","width":576,"height":385,"caption":"Wie Sie Ihre erste Position bei eToro er\u00f6ffnen"},{"@type":"BreadcrumbList","@id":"https:\/\/www.etoro.com\/de\/academy\/videos\/opening-your-first-position\/#breadcrumb","itemListElement":[{"@type":"ListItem","position":1,"name":"Home","item":"https:\/\/www.etoro.com\/de\/"},{"@type":"ListItem","position":2,"name":"eToro Academy","item":"https:\/\/www.etoro.com\/de\/academy\/"},{"@type":"ListItem","position":3,"name":"Videos","item":"https:\/\/www.etoro.com\/de\/?page_id=262386"},{"@type":"ListItem","position":4,"name":"So er\u00f6ffnen Sie Ihre erste Position"}]},{"@type":"WebSite","@id":"https:\/\/www.etoro.com\/de\/#website","url":"https:\/\/www.etoro.com\/de\/","name":"eToro","description":"","publisher":{"@id":"https:\/\/www.etoro.com\/de\/#organization"},"potentialAction":[{"@type":"SearchAction","target":{"@type":"EntryPoint","urlTemplate":"https:\/\/www.etoro.com\/de\/?s={search_term_string}"},"query-input":{"@type":"PropertyValueSpecification","valueRequired":true,"valueName":"search_term_string"}}],"inLanguage":"de"},[]]}},"_links":{"self":[{"href":"https:\/\/www.etoro.com\/de\/wp-json\/wp\/v2\/pages\/995877"}],"collection":[{"href":"https:\/\/www.etoro.com\/de\/wp-json\/wp\/v2\/pages"}],"about":[{"href":"https:\/\/www.etoro.com\/de\/wp-json\/wp\/v2\/types\/page"}],"author":[{"embeddable":true,"href":"https:\/\/www.etoro.com\/de\/wp-json\/wp\/v2\/users\/96"}],"replies":[{"embeddable":true,"href":"https:\/\/www.etoro.com\/de\/wp-json\/wp\/v2\/comments?post=995877"}],"version-history":[{"count":0,"href":"https:\/\/www.etoro.com\/de\/wp-json\/wp\/v2\/pages\/995877\/revisions"}],"up":[{"embeddable":true,"href":"https:\/\/www.etoro.com\/de\/wp-json\/wp\/v2\/pages\/262386"}],"wp:featuredmedia":[{"embeddable":true,"href":"https:\/\/www.etoro.com\/de\/wp-json\/wp\/v2\/media\/554889"}],"wp:attachment":[{"href":"https:\/\/www.etoro.com\/de\/wp-json\/wp\/v2\/media?parent=995877"}],"wp:term":[{"taxonomy":"asset_type","embeddable":true,"href":"https:\/\/www.etoro.com\/de\/wp-json\/wp\/v2\/asset_type?post=995877"}],"curies":[{"name":"wp","href":"https:\/\/api.w.org\/{rel}","templated":true}]}}