{"id":995994,"date":"2025-01-10T18:02:08","date_gmt":"2025-01-10T16:02:08","guid":{"rendered":"https:\/\/www.etoro.com\/academy\/videos\/copytrading-101-part-1-introduction\/"},"modified":"2025-02-03T13:55:26","modified_gmt":"2025-02-03T11:55:26","slug":"copytrading-101-part-1-introduction","status":"publish","type":"page","link":"https:\/\/www.etoro.com\/de\/academy\/videos\/copytrading-101-part-1-introduction\/","title":{"rendered":"CopyTrading 101 | Teil 1: Einf\u00fchrung"},"content":{"rendered":"\n<div class=\"wp-block-etoro-video-transcript\"><div class=\"wp-block-etoro-video-description\"><h2 class=\"wp-block-etoro-video-description-title\">Beschreibung<\/h2><hr\/><div class=\"wp-block-etoro-video-description-content\">Lernen Sie von den Profis! In diesem Video erfahren Sie, wie CopyTrading funktioniert und wie Sie erfolgreich die Strategien anderer Investoren kopieren k\u00f6nnen.<\/div><\/div><div class=\"wp-block-etoro-video-transcript-content\"><h2 class=\"wp-block-etoro-video-transcript-title\">Transkript<\/h2><hr\/><div class=\"wp-block-etoro-video-transcript-text\"><div class=\"wp-block-etoro-video-transcript-text-wrapper\">\n<p>Erinnern Sie sich noch an Ihre Schulzeit?<\/p>\n\n\n\n<p>Was war die eine Sache, von der man Ihnen sagte, dass Sie sie einfach nicht k\u00f6nnen?&nbsp;<\/p>\n\n\n\n<p>Die Arbeit eines anderen zu kopieren, richtig?<\/p>\n\n\n\n<p>Nun, hier bei eToro geben wir Ihnen die Chance, Ihnen das Gegenteil zu beweisen \u2013 mit CopyTrading.<\/p>\n\n\n\n<p>CopyTrading ist ein intelligentes Tool, das Ihnen hilft, die Handlungen anderer H\u00e4ndler und Investoren in Echtzeit automatisch zu replizieren.&nbsp;<\/p>\n\n\n\n<p>Die eToro-Gemeinschaft hat Millionen von H\u00e4ndlern und Investoren aus der ganzen Welt, sodass Sie diejenigen ausw\u00e4hlen k\u00f6nnen, die mit Ihrer eigenen Investitionsstrategie \u00fcbereinstimmen.<\/p>\n\n\n\n<p>Wenn Sie sich daf\u00fcr entscheiden, einen anderen Anleger zu kopieren, wird das Portfolio dieses bestimmten Anlegers anteilig in Ihrem eigenen Portfolio repliziert.&nbsp;<\/p>\n\n\n\n<p>Aber das ist noch nicht alles!&nbsp;<\/p>\n\n\n\n<p>Mit CopyTrading k\u00f6nnen Sie eine Kopiebeziehung jederzeit stoppen oder pausieren, sodass Sie immer die volle Kontrolle \u00fcber Ihre Investitionen haben.<\/p>\n\n\n\n<p>Wenn Sie Anf\u00e4nger sind, k\u00f6nnen Sie mit CopyTrading die M\u00e4rkte beobachten und mehr \u00fcber sie lernen.&nbsp;<\/p>\n\n\n\n<p>Wenn Sie erfahrener sind und Ihr Portfolio erweitern und diversifizieren m\u00f6chten, k\u00f6nnen Sie dieses Tool nutzen, um Investoren zu kopieren, die sich auf einzigartige, unbekannte M\u00e4rkte spezialisiert haben oder konsistente, langfristige Renditen erzielen k\u00f6nnen.<\/p>\n\n\n\n<p>CopyTrading hat Tonnen von Vorteilen: Es fallen keine Verwaltungsgeb\u00fchren an \u2013 das ist gespartes Geld, mit dem Sie investieren k\u00f6nnen.&nbsp;<\/p>\n\n\n\n<p>Sie erhalten volle Transparenz: Anders als bei einem traditionellen Investmenthaus k\u00f6nnen Sie genau sehen, wo Ihr Geld hingeht, und Sie behalten die volle Kontrolle \u00fcber Ihr Portfolio.<\/p>\n\n\n\n<p>Sie k\u00f6nnen diesen verifizierten Anlegern direkt Fragen stellen \u2013 es ist wie ein Gespr\u00e4ch mit einem Freund, der wirklich gut investieren kann.&nbsp;<\/p>\n\n\n\n<p>Die Trader, die Sie kopieren, sind auf Gewinn aus.&nbsp;<\/p>\n\n\n\n<p>Und warum?&nbsp;<\/p>\n\n\n\n<p>Weil sie genau wie Sie mit ihrem eigenen Geld investieren!&nbsp;<\/p>\n\n\n\n<p>K\u00f6nnte es einen besseren Anreiz geben?<\/p>\n\n\n\n<p>Und schlie\u00dflich: Es ist eine enorme Zeitersparnis.&nbsp;<\/p>\n\n\n\n<p>Und wie man so sch\u00f6n sagt: Zeit ist Geld.&nbsp;<\/p>\n\n\n\n<p>Also ist es mehr Geld, was Ihnen dann im Prinzip Zeit spart. Oder&#8230; das ist mein Geld.<\/p>\n\n\n\n<p>Das ist eine lange Frage mit einer sehr kurzen Antwort: CSL.<\/p>\n\n\n\n<p>Der Kopier-Stopp-Loss ist ein gro\u00dfartiges Tool, mit dem Sie ein Limit festlegen k\u00f6nnen, wie viel Geld Sie bereit sind zu verlieren, wenn die Dinge nicht wirklich so laufen, wie Sie es sich erhofft haben.<\/p>\n\n\n\n<p>Sobald Ihre kopierten Investitionen diese Grenze erreichen, schlie\u00dft die eToro-Plattform automatisch die Kopiebeziehung, und die verbleibenden Mittel kehren zu Ihrem Kontostand zur\u00fcck.&nbsp;<\/p>\n\n\n\n<p>eToro h\u00e4lt Ihnen also den R\u00fccken frei!<\/p>\n\n\n\n<p>Im n\u00e4chsten Video werden wir dar\u00fcber sprechen, wie man wen zum CopyTrade ausw\u00e4hlt.&nbsp;<\/p>\n\n\n\n<p>Bis dahin, vielen Dank f\u00fcrs Zuschauen und wir sehen uns bei eToro!<\/p>\n<\/div><button class=\"wp-block-etoro-video-description-more-text\">MEHR ANZEIGAN<svg xmlns=\"http:\/\/www.w3.org\/2000\/svg\" width=\"9\" height=\"6\" viewBox=\"0 0 9 6\" fill=\"none\"><path d=\"M7.5625 1.48616L4.5 4.54866L1.4375 1.48616\" stroke=\"#13C636\" stroke-linecap=\"square\"><\/path><\/svg><\/button><\/div><\/div><\/div>\n","protected":false},"excerpt":{"rendered":"","protected":false},"author":96,"featured_media":550101,"parent":262386,"menu_order":0,"comment_status":"closed","ping_status":"closed","template":"","meta":{"_acf_changed":true,"inline_featured_image":false,"sticky_cta_settings":"","footnotes":""},"asset_type":[],"class_list":["post-995994","page","type-page","status-publish","has-post-thumbnail","hentry"],"acf":[],"yoast_head":"<title>CopyTrading 101 - Teil 1 | Video der eToro-Akademie<\/title>\n<meta name=\"description\" content=\"In diesem Video erfahren Sie, wie CopyTrading auf eToro funktioniert. Kopieren Sie erfolgreiche Strategien und erweitern Sie Ihr Portfolio.\" \/>\n<meta name=\"robots\" content=\"index, follow, max-snippet:-1, max-image-preview:large, max-video-preview:-1\" \/>\n<link rel=\"canonical\" href=\"https:\/\/www.etoro.com\/de\/wp-json\/wp\/v2\/pages\/995994\" \/>\n<meta property=\"og:locale\" content=\"de_DE\" \/>\n<meta property=\"og:type\" content=\"article\" \/>\n<meta property=\"og:title\" content=\"CopyTrading 101 - Teil 1 | Video der eToro-Akademie\" \/>\n<meta property=\"og:description\" content=\"In diesem Video erfahren Sie, wie CopyTrading auf eToro funktioniert. Kopieren Sie erfolgreiche Strategien und erweitern Sie Ihr Portfolio.\" \/>\n<meta property=\"og:url\" content=\"https:\/\/www.etoro.com\/de\/wp-json\/wp\/v2\/pages\/995994\" \/>\n<meta property=\"og:site_name\" content=\"eToro\" \/>\n<meta property=\"article:publisher\" content=\"https:\/\/www.facebook.com\/eToro\/\" \/>\n<meta property=\"article:modified_time\" content=\"2025-02-03T11:55:26+00:00\" \/>\n<meta property=\"og:image\" content=\"https:\/\/www.etoro.com\/wp-content\/uploads\/2023\/01\/0007_600x500_DE.jpg\" \/>\n\t<meta property=\"og:image:width\" content=\"576\" \/>\n\t<meta property=\"og:image:height\" content=\"385\" \/>\n\t<meta property=\"og:image:type\" content=\"image\/jpeg\" \/>\n<meta name=\"twitter:card\" content=\"summary_large_image\" \/>\n<meta name=\"twitter:site\" content=\"@eToro\" \/>\n<meta name=\"twitter:label1\" content=\"Est. reading time\" \/>\n\t<meta name=\"twitter:data1\" content=\"2 minutes\" \/>\n<script type=\"application\/ld+json\" class=\"yoast-schema-graph\">{\"@context\":\"https:\/\/schema.org\",\"@graph\":[{\"@type\":\"WebPage\",\"@id\":\"https:\/\/www.etoro.com\/de\/academy\/videos\/copytrading-101-part-1-introduction\/\",\"url\":\"https:\/\/www.etoro.com\/de\/academy\/videos\/copytrading-101-part-1-introduction\/\",\"name\":\"CopyTrading 101 - Teil 1 | Video der eToro-Akademie\",\"isPartOf\":{\"@id\":\"https:\/\/www.etoro.com\/de\/#website\"},\"primaryImageOfPage\":{\"@id\":\"https:\/\/www.etoro.com\/de\/academy\/videos\/copytrading-101-part-1-introduction\/#primaryimage\"},\"image\":{\"@id\":\"https:\/\/www.etoro.com\/de\/academy\/videos\/copytrading-101-part-1-introduction\/#primaryimage\"},\"thumbnailUrl\":\"https:\/\/www.etoro.com\/wp-content\/uploads\/2023\/01\/0007_600x500_DE.jpg\",\"datePublished\":\"2025-01-10T16:02:08+00:00\",\"dateModified\":\"2025-02-03T11:55:26+00:00\",\"description\":\"In diesem Video erfahren Sie, wie CopyTrading auf eToro funktioniert. Kopieren Sie erfolgreiche Strategien und erweitern Sie Ihr Portfolio.\",\"breadcrumb\":{\"@id\":\"https:\/\/www.etoro.com\/de\/academy\/videos\/copytrading-101-part-1-introduction\/#breadcrumb\"},\"inLanguage\":\"de\",\"potentialAction\":[{\"@type\":\"ReadAction\",\"target\":[\"https:\/\/www.etoro.com\/de\/academy\/videos\/copytrading-101-part-1-introduction\/\"]}]},{\"@type\":\"ImageObject\",\"inLanguage\":\"de\",\"@id\":\"https:\/\/www.etoro.com\/de\/academy\/videos\/copytrading-101-part-1-introduction\/#primaryimage\",\"url\":\"https:\/\/www.etoro.com\/wp-content\/uploads\/2023\/01\/0007_600x500_DE.jpg\",\"contentUrl\":\"https:\/\/www.etoro.com\/wp-content\/uploads\/2023\/01\/0007_600x500_DE.jpg\",\"width\":576,\"height\":385},{\"@type\":\"BreadcrumbList\",\"@id\":\"https:\/\/www.etoro.com\/de\/academy\/videos\/copytrading-101-part-1-introduction\/#breadcrumb\",\"itemListElement\":[{\"@type\":\"ListItem\",\"position\":1,\"name\":\"Home\",\"item\":\"https:\/\/www.etoro.com\/de\/\"},{\"@type\":\"ListItem\",\"position\":2,\"name\":\"eToro Academy\",\"item\":\"https:\/\/www.etoro.com\/de\/academy\/\"},{\"@type\":\"ListItem\",\"position\":3,\"name\":\"Videos\",\"item\":\"https:\/\/www.etoro.com\/de\/?page_id=262386\"},{\"@type\":\"ListItem\",\"position\":4,\"name\":\"CopyTrading 101 | Teil 1: Einf\u00fchrung\"}]},{\"@type\":\"WebSite\",\"@id\":\"https:\/\/www.etoro.com\/de\/#website\",\"url\":\"https:\/\/www.etoro.com\/de\/\",\"name\":\"eToro\",\"description\":\"\",\"publisher\":{\"@id\":\"https:\/\/www.etoro.com\/de\/#organization\"},\"potentialAction\":[{\"@type\":\"SearchAction\",\"target\":{\"@type\":\"EntryPoint\",\"urlTemplate\":\"https:\/\/www.etoro.com\/de\/?s={search_term_string}\"},\"query-input\":{\"@type\":\"PropertyValueSpecification\",\"valueRequired\":true,\"valueName\":\"search_term_string\"}}],\"inLanguage\":\"de\"},[]]}<\/script>","yoast_head_json":{"title":"CopyTrading 101 - Teil 1 | Video der eToro-Akademie","description":"In diesem Video erfahren Sie, wie CopyTrading auf eToro funktioniert. Kopieren Sie erfolgreiche Strategien und erweitern Sie Ihr Portfolio.","robots":{"index":"index","follow":"follow","max-snippet":"max-snippet:-1","max-image-preview":"max-image-preview:large","max-video-preview":"max-video-preview:-1"},"canonical":"https:\/\/www.etoro.com\/de\/wp-json\/wp\/v2\/pages\/995994","og_locale":"de_DE","og_type":"article","og_title":"CopyTrading 101 - Teil 1 | Video der eToro-Akademie","og_description":"In diesem Video erfahren Sie, wie CopyTrading auf eToro funktioniert. Kopieren Sie erfolgreiche Strategien und erweitern Sie Ihr Portfolio.","og_url":"https:\/\/www.etoro.com\/de\/wp-json\/wp\/v2\/pages\/995994","og_site_name":"eToro","article_publisher":"https:\/\/www.facebook.com\/eToro\/","article_modified_time":"2025-02-03T11:55:26+00:00","og_image":[{"width":576,"height":385,"url":"https:\/\/www.etoro.com\/wp-content\/uploads\/2023\/01\/0007_600x500_DE.jpg","type":"image\/jpeg"}],"twitter_card":"summary_large_image","twitter_site":"@eToro","twitter_misc":{"Est. reading time":"2 minutes"},"schema":{"@context":"https:\/\/schema.org","@graph":[{"@type":"WebPage","@id":"https:\/\/www.etoro.com\/de\/academy\/videos\/copytrading-101-part-1-introduction\/","url":"https:\/\/www.etoro.com\/de\/academy\/videos\/copytrading-101-part-1-introduction\/","name":"CopyTrading 101 - Teil 1 | Video der eToro-Akademie","isPartOf":{"@id":"https:\/\/www.etoro.com\/de\/#website"},"primaryImageOfPage":{"@id":"https:\/\/www.etoro.com\/de\/academy\/videos\/copytrading-101-part-1-introduction\/#primaryimage"},"image":{"@id":"https:\/\/www.etoro.com\/de\/academy\/videos\/copytrading-101-part-1-introduction\/#primaryimage"},"thumbnailUrl":"https:\/\/www.etoro.com\/wp-content\/uploads\/2023\/01\/0007_600x500_DE.jpg","datePublished":"2025-01-10T16:02:08+00:00","dateModified":"2025-02-03T11:55:26+00:00","description":"In diesem Video erfahren Sie, wie CopyTrading auf eToro funktioniert. Kopieren Sie erfolgreiche Strategien und erweitern Sie Ihr Portfolio.","breadcrumb":{"@id":"https:\/\/www.etoro.com\/de\/academy\/videos\/copytrading-101-part-1-introduction\/#breadcrumb"},"inLanguage":"de","potentialAction":[{"@type":"ReadAction","target":["https:\/\/www.etoro.com\/de\/academy\/videos\/copytrading-101-part-1-introduction\/"]}]},{"@type":"ImageObject","inLanguage":"de","@id":"https:\/\/www.etoro.com\/de\/academy\/videos\/copytrading-101-part-1-introduction\/#primaryimage","url":"https:\/\/www.etoro.com\/wp-content\/uploads\/2023\/01\/0007_600x500_DE.jpg","contentUrl":"https:\/\/www.etoro.com\/wp-content\/uploads\/2023\/01\/0007_600x500_DE.jpg","width":576,"height":385},{"@type":"BreadcrumbList","@id":"https:\/\/www.etoro.com\/de\/academy\/videos\/copytrading-101-part-1-introduction\/#breadcrumb","itemListElement":[{"@type":"ListItem","position":1,"name":"Home","item":"https:\/\/www.etoro.com\/de\/"},{"@type":"ListItem","position":2,"name":"eToro Academy","item":"https:\/\/www.etoro.com\/de\/academy\/"},{"@type":"ListItem","position":3,"name":"Videos","item":"https:\/\/www.etoro.com\/de\/?page_id=262386"},{"@type":"ListItem","position":4,"name":"CopyTrading 101 | Teil 1: Einf\u00fchrung"}]},{"@type":"WebSite","@id":"https:\/\/www.etoro.com\/de\/#website","url":"https:\/\/www.etoro.com\/de\/","name":"eToro","description":"","publisher":{"@id":"https:\/\/www.etoro.com\/de\/#organization"},"potentialAction":[{"@type":"SearchAction","target":{"@type":"EntryPoint","urlTemplate":"https:\/\/www.etoro.com\/de\/?s={search_term_string}"},"query-input":{"@type":"PropertyValueSpecification","valueRequired":true,"valueName":"search_term_string"}}],"inLanguage":"de"},[]]}},"_links":{"self":[{"href":"https:\/\/www.etoro.com\/de\/wp-json\/wp\/v2\/pages\/995994"}],"collection":[{"href":"https:\/\/www.etoro.com\/de\/wp-json\/wp\/v2\/pages"}],"about":[{"href":"https:\/\/www.etoro.com\/de\/wp-json\/wp\/v2\/types\/page"}],"author":[{"embeddable":true,"href":"https:\/\/www.etoro.com\/de\/wp-json\/wp\/v2\/users\/96"}],"replies":[{"embeddable":true,"href":"https:\/\/www.etoro.com\/de\/wp-json\/wp\/v2\/comments?post=995994"}],"version-history":[{"count":0,"href":"https:\/\/www.etoro.com\/de\/wp-json\/wp\/v2\/pages\/995994\/revisions"}],"up":[{"embeddable":true,"href":"https:\/\/www.etoro.com\/de\/wp-json\/wp\/v2\/pages\/262386"}],"wp:featuredmedia":[{"embeddable":true,"href":"https:\/\/www.etoro.com\/de\/wp-json\/wp\/v2\/media\/550101"}],"wp:attachment":[{"href":"https:\/\/www.etoro.com\/de\/wp-json\/wp\/v2\/media?parent=995994"}],"wp:term":[{"taxonomy":"asset_type","embeddable":true,"href":"https:\/\/www.etoro.com\/de\/wp-json\/wp\/v2\/asset_type?post=995994"}],"curies":[{"name":"wp","href":"https:\/\/api.w.org\/{rel}","templated":true}]}}