{"id":996072,"date":"2025-01-10T17:55:53","date_gmt":"2025-01-10T15:55:53","guid":{"rendered":"https:\/\/www.etoro.com\/academy\/videos\/copytrading-101-part-3-the-how\/"},"modified":"2025-02-03T13:57:31","modified_gmt":"2025-02-03T11:57:31","slug":"copytrading-101-part-3-the-how","status":"publish","type":"page","link":"https:\/\/www.etoro.com\/de\/academy\/videos\/copytrading-101-part-3-the-how\/","title":{"rendered":"CopyTrading 101 | Teil 3: Das Wie"},"content":{"rendered":"\n<div class=\"wp-block-etoro-video-transcript\"><div class=\"wp-block-etoro-video-description\"><h2 class=\"wp-block-etoro-video-description-title\">Beschreibung<\/h2><hr\/><div class=\"wp-block-etoro-video-description-content\">Haben Sie sich jemals gefragt, wie Sie die besten Investoren nachahmen k\u00f6nnen? In diesem Video erfahren Sie alles \u00fcber die Grundlagen des CopyTradings.<\/div><\/div><div class=\"wp-block-etoro-video-transcript-content\"><h2 class=\"wp-block-etoro-video-transcript-title\">Transkript<\/h2><hr\/><div class=\"wp-block-etoro-video-transcript-text\"><div class=\"wp-block-etoro-video-transcript-text-wrapper\">\n<p>Hallo zusammen.&nbsp;<\/p>\n\n\n\n<p>In den vorherigen Videos haben wir alles \u00fcber CopyTrading gelernt: das Warum, das Was und das Wer&#8230;&nbsp;<\/p>\n\n\n\n<p>Aber eine Frage haben wir ausgelassen: Wie?<\/p>\n\n\n\n<p>Nun, es k\u00f6nnte nicht einfacher sein, wenn wir es versuchen w\u00fcrden \u2013 und wir haben es versucht.&nbsp;<\/p>\n\n\n\n<p>W\u00e4hlen Sie den Investor oder die Investoren aus, die Sie kopieren m\u00f6chten.&nbsp;<\/p>\n\n\n\n<p>Denken Sie daran, dass es sich um jemanden handeln sollte, der Ihren Bed\u00fcrfnissen, Interessen und Zielen entspricht.&nbsp;<\/p>\n\n\n\n<p>Um diesen speziellen Menschen zu finden, gehen Sie zu unserem Tool \u201eMenschen entdecken\u201c.&nbsp;<\/p>\n\n\n\n<p>Dort k\u00f6nnen Sie eine Suche nach Performance, Verm\u00f6genswerten, Risiko und verschiedenen anderen Kategorien durchf\u00fchren, um Ihre Suche so spezifisch und effektiv wie m\u00f6glich zu gestalten.<\/p>\n\n\n\n<p>Wenn Sie Ihren Investor gefunden haben, klicken Sie auf \u201eKopieren\u201c, geben Sie den Betrag ein, den Sie investieren m\u00f6chten, und legen Sie Ihre Stop-Loss-Limits f\u00fcr die Kopie fest.&nbsp;<\/p>\n\n\n\n<p>Wenn Sie Ihren Kopierbetrag eingeben, k\u00f6nnen Sie sehen, wie gro\u00df Ihre durchschnittliche Positionsgr\u00f6\u00dfe sein wird, basierend auf der historischen Strategie dieses Anlegers.&nbsp;<\/p>\n\n\n\n<p>Beachten Sie, dass die Mindestpositionsgr\u00f6\u00dfe ein US-Dollar ist &#8211; Alle Positionen unter diesem Betrag werden einfach nicht er\u00f6ffnet.<\/p>\n\n\n\n<p>Sie haben \u00fcbrigens die M\u00f6glichkeit, alle aktuell offenen Gesch\u00e4fte eines kopierten Anlegers mit den zum Zeitpunkt des Kopierens verf\u00fcgbaren Marktkursen zu kopieren oder auch nicht.&nbsp;<\/p>\n\n\n\n<p>Wenn Sie jemanden kopieren, wird jede offene Position als eine einzige Anlage gez\u00e4hlt, und Ihre gesamte Investition bei diesem Anleger wird im direkten Verh\u00e4ltnis zu dessen Portfolio aufgeteilt.<\/p>\n\n\n\n<p>Nehmen wir zum Beispiel an, Ihr kopierter Investor hat 20% in einer bestimmten Tech-Aktie, 50% in seinem Lieblings-ETF und 30% in der von ihm gew\u00e4hlten Kryptow\u00e4hrung.&nbsp;<\/p>\n\n\n\n<p>Ihre eigene kopierte Investition wird genau die gleichen Proportionen haben.<\/p>\n\n\n\n<p>Wenn Sie bei geschlossenem Markt mit dem Kopieren eines Anlegers beginnen, wird automatisch ein Auftrag erstellt und Ihre Positionen werden er\u00f6ffnet, sobald der Markt wieder ge\u00f6ffnet wird.<\/p>\n\n\n\n<p>Das war&#8217;s!&nbsp;<\/p>\n\n\n\n<p>Wir wollten eigentlich ein l\u00e4ngeres Video machen, aber es gibt wirklich nichts mehr zu sagen.<\/p>\n\n\n\n<p>Vielen Dank f\u00fcrs Zuschauen und wir sehen uns bei eToro!<\/p>\n<\/div><button class=\"wp-block-etoro-video-description-more-text\">MEHR ANZEIGAN<svg xmlns=\"http:\/\/www.w3.org\/2000\/svg\" width=\"9\" height=\"6\" viewBox=\"0 0 9 6\" fill=\"none\"><path d=\"M7.5625 1.48616L4.5 4.54866L1.4375 1.48616\" stroke=\"#13C636\" stroke-linecap=\"square\"><\/path><\/svg><\/button><\/div><\/div><\/div>\n","protected":false},"excerpt":{"rendered":"","protected":false},"author":96,"featured_media":561105,"parent":262386,"menu_order":0,"comment_status":"closed","ping_status":"closed","template":"","meta":{"_acf_changed":true,"inline_featured_image":false,"sticky_cta_settings":"","footnotes":""},"asset_type":[],"class_list":["post-996072","page","type-page","status-publish","has-post-thumbnail","hentry"],"acf":[],"yoast_head":"<title>CopyTrading 101 - Teil 3 | Video der eToro-Akademie<\/title>\n<meta name=\"description\" content=\"Entdecken Sie CopyTrading auf eToro. Lernen Sie, wie Sie Top-Investoren finden, Kapital zuweisen und Ihr Portfolio aufbauen.\" \/>\n<meta name=\"robots\" content=\"index, follow, max-snippet:-1, max-image-preview:large, max-video-preview:-1\" \/>\n<link rel=\"canonical\" href=\"https:\/\/www.etoro.com\/de\/wp-json\/wp\/v2\/pages\/996072\" \/>\n<meta property=\"og:locale\" content=\"de_DE\" \/>\n<meta property=\"og:type\" content=\"article\" \/>\n<meta property=\"og:title\" content=\"CopyTrading 101 - Teil 3 | Video der eToro-Akademie\" \/>\n<meta property=\"og:description\" content=\"Entdecken Sie CopyTrading auf eToro. Lernen Sie, wie Sie Top-Investoren finden, Kapital zuweisen und Ihr Portfolio aufbauen.\" \/>\n<meta property=\"og:url\" content=\"https:\/\/www.etoro.com\/de\/wp-json\/wp\/v2\/pages\/996072\" \/>\n<meta property=\"og:site_name\" content=\"eToro\" \/>\n<meta property=\"article:publisher\" content=\"https:\/\/www.facebook.com\/eToro\/\" \/>\n<meta property=\"article:modified_time\" content=\"2025-02-03T11:57:31+00:00\" \/>\n<meta property=\"og:image\" content=\"https:\/\/www.etoro.com\/wp-content\/uploads\/2023\/02\/1747_600x500_DE.jpg\" \/>\n\t<meta property=\"og:image:width\" content=\"576\" \/>\n\t<meta property=\"og:image:height\" content=\"385\" \/>\n\t<meta property=\"og:image:type\" content=\"image\/jpeg\" \/>\n<meta name=\"twitter:card\" content=\"summary_large_image\" \/>\n<meta name=\"twitter:site\" content=\"@eToro\" \/>\n<meta name=\"twitter:label1\" content=\"Est. reading time\" \/>\n\t<meta name=\"twitter:data1\" content=\"2 minutes\" \/>\n<script type=\"application\/ld+json\" class=\"yoast-schema-graph\">{\"@context\":\"https:\/\/schema.org\",\"@graph\":[{\"@type\":\"WebPage\",\"@id\":\"https:\/\/www.etoro.com\/de\/academy\/videos\/copytrading-101-part-3-the-how\/\",\"url\":\"https:\/\/www.etoro.com\/de\/academy\/videos\/copytrading-101-part-3-the-how\/\",\"name\":\"CopyTrading 101 - Teil 3 | Video der eToro-Akademie\",\"isPartOf\":{\"@id\":\"https:\/\/www.etoro.com\/de\/#website\"},\"primaryImageOfPage\":{\"@id\":\"https:\/\/www.etoro.com\/de\/academy\/videos\/copytrading-101-part-3-the-how\/#primaryimage\"},\"image\":{\"@id\":\"https:\/\/www.etoro.com\/de\/academy\/videos\/copytrading-101-part-3-the-how\/#primaryimage\"},\"thumbnailUrl\":\"https:\/\/www.etoro.com\/wp-content\/uploads\/2023\/02\/1747_600x500_DE.jpg\",\"datePublished\":\"2025-01-10T15:55:53+00:00\",\"dateModified\":\"2025-02-03T11:57:31+00:00\",\"description\":\"Entdecken Sie CopyTrading auf eToro. Lernen Sie, wie Sie Top-Investoren finden, Kapital zuweisen und Ihr Portfolio aufbauen.\",\"breadcrumb\":{\"@id\":\"https:\/\/www.etoro.com\/de\/academy\/videos\/copytrading-101-part-3-the-how\/#breadcrumb\"},\"inLanguage\":\"de\",\"potentialAction\":[{\"@type\":\"ReadAction\",\"target\":[\"https:\/\/www.etoro.com\/de\/academy\/videos\/copytrading-101-part-3-the-how\/\"]}]},{\"@type\":\"ImageObject\",\"inLanguage\":\"de\",\"@id\":\"https:\/\/www.etoro.com\/de\/academy\/videos\/copytrading-101-part-3-the-how\/#primaryimage\",\"url\":\"https:\/\/www.etoro.com\/wp-content\/uploads\/2023\/02\/1747_600x500_DE.jpg\",\"contentUrl\":\"https:\/\/www.etoro.com\/wp-content\/uploads\/2023\/02\/1747_600x500_DE.jpg\",\"width\":576,\"height\":385},{\"@type\":\"BreadcrumbList\",\"@id\":\"https:\/\/www.etoro.com\/de\/academy\/videos\/copytrading-101-part-3-the-how\/#breadcrumb\",\"itemListElement\":[{\"@type\":\"ListItem\",\"position\":1,\"name\":\"Home\",\"item\":\"https:\/\/www.etoro.com\/de\/\"},{\"@type\":\"ListItem\",\"position\":2,\"name\":\"eToro Academy\",\"item\":\"https:\/\/www.etoro.com\/de\/academy\/\"},{\"@type\":\"ListItem\",\"position\":3,\"name\":\"Videos\",\"item\":\"https:\/\/www.etoro.com\/de\/?page_id=262386\"},{\"@type\":\"ListItem\",\"position\":4,\"name\":\"CopyTrading 101 | Teil 3: Das Wie\"}]},{\"@type\":\"WebSite\",\"@id\":\"https:\/\/www.etoro.com\/de\/#website\",\"url\":\"https:\/\/www.etoro.com\/de\/\",\"name\":\"eToro\",\"description\":\"\",\"publisher\":{\"@id\":\"https:\/\/www.etoro.com\/de\/#organization\"},\"potentialAction\":[{\"@type\":\"SearchAction\",\"target\":{\"@type\":\"EntryPoint\",\"urlTemplate\":\"https:\/\/www.etoro.com\/de\/?s={search_term_string}\"},\"query-input\":{\"@type\":\"PropertyValueSpecification\",\"valueRequired\":true,\"valueName\":\"search_term_string\"}}],\"inLanguage\":\"de\"},[]]}<\/script>","yoast_head_json":{"title":"CopyTrading 101 - Teil 3 | Video der eToro-Akademie","description":"Entdecken Sie CopyTrading auf eToro. Lernen Sie, wie Sie Top-Investoren finden, Kapital zuweisen und Ihr Portfolio aufbauen.","robots":{"index":"index","follow":"follow","max-snippet":"max-snippet:-1","max-image-preview":"max-image-preview:large","max-video-preview":"max-video-preview:-1"},"canonical":"https:\/\/www.etoro.com\/de\/wp-json\/wp\/v2\/pages\/996072","og_locale":"de_DE","og_type":"article","og_title":"CopyTrading 101 - Teil 3 | Video der eToro-Akademie","og_description":"Entdecken Sie CopyTrading auf eToro. Lernen Sie, wie Sie Top-Investoren finden, Kapital zuweisen und Ihr Portfolio aufbauen.","og_url":"https:\/\/www.etoro.com\/de\/wp-json\/wp\/v2\/pages\/996072","og_site_name":"eToro","article_publisher":"https:\/\/www.facebook.com\/eToro\/","article_modified_time":"2025-02-03T11:57:31+00:00","og_image":[{"width":576,"height":385,"url":"https:\/\/www.etoro.com\/wp-content\/uploads\/2023\/02\/1747_600x500_DE.jpg","type":"image\/jpeg"}],"twitter_card":"summary_large_image","twitter_site":"@eToro","twitter_misc":{"Est. reading time":"2 minutes"},"schema":{"@context":"https:\/\/schema.org","@graph":[{"@type":"WebPage","@id":"https:\/\/www.etoro.com\/de\/academy\/videos\/copytrading-101-part-3-the-how\/","url":"https:\/\/www.etoro.com\/de\/academy\/videos\/copytrading-101-part-3-the-how\/","name":"CopyTrading 101 - Teil 3 | Video der eToro-Akademie","isPartOf":{"@id":"https:\/\/www.etoro.com\/de\/#website"},"primaryImageOfPage":{"@id":"https:\/\/www.etoro.com\/de\/academy\/videos\/copytrading-101-part-3-the-how\/#primaryimage"},"image":{"@id":"https:\/\/www.etoro.com\/de\/academy\/videos\/copytrading-101-part-3-the-how\/#primaryimage"},"thumbnailUrl":"https:\/\/www.etoro.com\/wp-content\/uploads\/2023\/02\/1747_600x500_DE.jpg","datePublished":"2025-01-10T15:55:53+00:00","dateModified":"2025-02-03T11:57:31+00:00","description":"Entdecken Sie CopyTrading auf eToro. Lernen Sie, wie Sie Top-Investoren finden, Kapital zuweisen und Ihr Portfolio aufbauen.","breadcrumb":{"@id":"https:\/\/www.etoro.com\/de\/academy\/videos\/copytrading-101-part-3-the-how\/#breadcrumb"},"inLanguage":"de","potentialAction":[{"@type":"ReadAction","target":["https:\/\/www.etoro.com\/de\/academy\/videos\/copytrading-101-part-3-the-how\/"]}]},{"@type":"ImageObject","inLanguage":"de","@id":"https:\/\/www.etoro.com\/de\/academy\/videos\/copytrading-101-part-3-the-how\/#primaryimage","url":"https:\/\/www.etoro.com\/wp-content\/uploads\/2023\/02\/1747_600x500_DE.jpg","contentUrl":"https:\/\/www.etoro.com\/wp-content\/uploads\/2023\/02\/1747_600x500_DE.jpg","width":576,"height":385},{"@type":"BreadcrumbList","@id":"https:\/\/www.etoro.com\/de\/academy\/videos\/copytrading-101-part-3-the-how\/#breadcrumb","itemListElement":[{"@type":"ListItem","position":1,"name":"Home","item":"https:\/\/www.etoro.com\/de\/"},{"@type":"ListItem","position":2,"name":"eToro Academy","item":"https:\/\/www.etoro.com\/de\/academy\/"},{"@type":"ListItem","position":3,"name":"Videos","item":"https:\/\/www.etoro.com\/de\/?page_id=262386"},{"@type":"ListItem","position":4,"name":"CopyTrading 101 | Teil 3: Das Wie"}]},{"@type":"WebSite","@id":"https:\/\/www.etoro.com\/de\/#website","url":"https:\/\/www.etoro.com\/de\/","name":"eToro","description":"","publisher":{"@id":"https:\/\/www.etoro.com\/de\/#organization"},"potentialAction":[{"@type":"SearchAction","target":{"@type":"EntryPoint","urlTemplate":"https:\/\/www.etoro.com\/de\/?s={search_term_string}"},"query-input":{"@type":"PropertyValueSpecification","valueRequired":true,"valueName":"search_term_string"}}],"inLanguage":"de"},[]]}},"_links":{"self":[{"href":"https:\/\/www.etoro.com\/de\/wp-json\/wp\/v2\/pages\/996072"}],"collection":[{"href":"https:\/\/www.etoro.com\/de\/wp-json\/wp\/v2\/pages"}],"about":[{"href":"https:\/\/www.etoro.com\/de\/wp-json\/wp\/v2\/types\/page"}],"author":[{"embeddable":true,"href":"https:\/\/www.etoro.com\/de\/wp-json\/wp\/v2\/users\/96"}],"replies":[{"embeddable":true,"href":"https:\/\/www.etoro.com\/de\/wp-json\/wp\/v2\/comments?post=996072"}],"version-history":[{"count":0,"href":"https:\/\/www.etoro.com\/de\/wp-json\/wp\/v2\/pages\/996072\/revisions"}],"up":[{"embeddable":true,"href":"https:\/\/www.etoro.com\/de\/wp-json\/wp\/v2\/pages\/262386"}],"wp:featuredmedia":[{"embeddable":true,"href":"https:\/\/www.etoro.com\/de\/wp-json\/wp\/v2\/media\/561105"}],"wp:attachment":[{"href":"https:\/\/www.etoro.com\/de\/wp-json\/wp\/v2\/media?parent=996072"}],"wp:term":[{"taxonomy":"asset_type","embeddable":true,"href":"https:\/\/www.etoro.com\/de\/wp-json\/wp\/v2\/asset_type?post=996072"}],"curies":[{"name":"wp","href":"https:\/\/api.w.org\/{rel}","templated":true}]}}