{"id":996073,"date":"2025-01-10T17:54:15","date_gmt":"2025-01-10T15:54:15","guid":{"rendered":"https:\/\/www.etoro.com\/academy\/videos\/copytrading-101-part-4-next-steps\/"},"modified":"2025-02-03T13:56:09","modified_gmt":"2025-02-03T11:56:09","slug":"copytrading-101-part-4-next-steps","status":"publish","type":"page","link":"https:\/\/www.etoro.com\/de\/academy\/videos\/copytrading-101-part-4-next-steps\/","title":{"rendered":"CopyTrading 101 | Teil 4: Zu guter Letzt"},"content":{"rendered":"\n<div class=\"wp-block-etoro-video-transcript\"><div class=\"wp-block-etoro-video-description\"><h2 class=\"wp-block-etoro-video-description-title\">Beschreibung<\/h2><hr\/><div class=\"wp-block-etoro-video-description-content\">Wer sagt, dass Sie nicht die besten Investoren kopieren k\u00f6nnen? Entdecken Sie im Video, wie CopyTrading Ihnen dabei hilft, Ihre Strategien zu verbessern.<\/div><\/div><div class=\"wp-block-etoro-video-transcript-content\"><h2 class=\"wp-block-etoro-video-transcript-title\">Transkript<\/h2><hr\/><div class=\"wp-block-etoro-video-transcript-text\"><div class=\"wp-block-etoro-video-transcript-text-wrapper\">\n<p>Willkommen zur\u00fcck!&nbsp;<\/p>\n\n\n\n<p>Wenn Sie unsere Videos angeschaut haben, wissen Sie bereits, warum CopyTrading gro\u00dfartig ist und wie nahtlos es sein kann, das Portfolio eines anderen auf eToro zu kopieren.<\/p>\n\n\n\n<p>Aber was passiert als N\u00e4chstes, nachdem Sie jemanden kopiert haben?&nbsp;<\/p>\n\n\n\n<p>Lassen Sie alles stehen und liegen und arbeiten an Ihren Parkour-F\u00e4higkeiten?&nbsp;<\/p>\n\n\n\n<p>Bitte lassen Sie das, das ist nichts f\u00fcr Sie.<\/p>\n\n\n\n<p>Wenn Sie wissen wollen, wie Sie Ihre Investitionen verfolgen und sogar \u00c4nderungen an ihnen vornehmen k\u00f6nnen, bleiben Sie hier.<\/p>\n\n\n\n<p>Sie k\u00f6nnen alle Ihre Statistiken in unserem Dashboard finden, also schauen Sie ab und zu in Ihr Portfolio.&nbsp;<\/p>\n\n\n\n<p>Vielleicht sollten Sie sich einmal pro Woche verabreden, ein sch\u00f6nes Abendessen kochen und es durchsehen.&nbsp;<\/p>\n\n\n\n<p>Sehen Sie, was Ihr Geld so treibt.<\/p>\n\n\n\n<p>Wenn Sie Ihr Portfolio \u00f6ffnen, klicken Sie auf das Men\u00fc mit den drei Punkten auf der rechten Seite, um alle Ihre Optionen anzuzeigen &#8211; hier k\u00f6nnen Sie w\u00e4hlen, ob Sie mehr Geld investieren, einen Teil Ihres Geldes abziehen, eine Kopie ganz stoppen, Ihre CSL (Copy Stop Loss) anpassen oder sogar eine Kopie pausieren m\u00f6chten.<\/p>\n\n\n\n<p>Mit der Funktion &#8220;Kopieren unterbrechen&#8221; k\u00f6nnen Sie das Kopieren eines Traders beenden, ohne alle derzeit offenen Positionen zu schlie\u00dfen.&nbsp;<\/p>\n\n\n\n<p>Sobald Sie eine Kopie pausieren, werden keine neuen Gesch\u00e4fte in dieser bestimmten Kopierbeziehung ge\u00f6ffnet.&nbsp;<\/p>\n\n\n\n<p>Allerdings \u2013 und das ist ein gro\u00dfes Aber \u2013 werden alle von Ihnen er\u00f6ffneten Trades weiterhin die Stop Loss, Take Profit und Close-Aktionen des kopierten Traders kopieren.<\/p>\n\n\n\n<p>eToro ist eine Gemeinschaft.&nbsp;<\/p>\n\n\n\n<p>Wir helfen uns also gerne gegenseitig.&nbsp;<\/p>\n\n\n\n<p>Sie k\u00f6nnen mit jedem Investor in der Gemeinschaft ein Gespr\u00e4ch beginnen, indem Sie auf dessen Profilseite einen Kommentar abgeben oder eine Diskussion er\u00f6ffnen.&nbsp;<\/p>\n\n\n\n<p>Daf\u00fcr sind die eToro-Freunde da!<\/p>\n\n\n\n<p>Vielen Dank f\u00fcrs Zuschauen!&nbsp;<\/p>\n\n\n\n<p>Wir sehen uns bei eToro!<\/p>\n<\/div><button class=\"wp-block-etoro-video-description-more-text\">MEHR ANZEIGAN<svg xmlns=\"http:\/\/www.w3.org\/2000\/svg\" width=\"9\" height=\"6\" viewBox=\"0 0 9 6\" fill=\"none\"><path d=\"M7.5625 1.48616L4.5 4.54866L1.4375 1.48616\" stroke=\"#13C636\" stroke-linecap=\"square\"><\/path><\/svg><\/button><\/div><\/div><\/div>\n","protected":false},"excerpt":{"rendered":"","protected":false},"author":96,"featured_media":561130,"parent":262386,"menu_order":0,"comment_status":"closed","ping_status":"closed","template":"","meta":{"_acf_changed":true,"inline_featured_image":false,"sticky_cta_settings":"","footnotes":""},"asset_type":[],"class_list":["post-996073","page","type-page","status-publish","has-post-thumbnail","hentry"],"acf":[],"yoast_head":"<title>CopyTrading 101 - Teil 4 | Video der eToro-Akademie<\/title>\n<meta name=\"description\" content=\"In diesem Video erfahren Sie, wie Sie nach dem Start von CopyTrading auf eToro Ihre kopierten Trades \u00fcberwachen und Ihre Strategie f\u00fcr nachhaltigen Erfolg optimieren k\u00f6nnen.\" \/>\n<meta name=\"robots\" content=\"index, follow, max-snippet:-1, max-image-preview:large, max-video-preview:-1\" \/>\n<link rel=\"canonical\" href=\"https:\/\/www.etoro.com\/de\/wp-json\/wp\/v2\/pages\/996073\" \/>\n<meta property=\"og:locale\" content=\"de_DE\" \/>\n<meta property=\"og:type\" content=\"article\" \/>\n<meta property=\"og:title\" content=\"CopyTrading 101 - Teil 4 | Video der eToro-Akademie\" \/>\n<meta property=\"og:description\" content=\"In diesem Video erfahren Sie, wie Sie nach dem Start von CopyTrading auf eToro Ihre kopierten Trades \u00fcberwachen und Ihre Strategie f\u00fcr nachhaltigen Erfolg optimieren k\u00f6nnen.\" \/>\n<meta property=\"og:url\" content=\"https:\/\/www.etoro.com\/de\/wp-json\/wp\/v2\/pages\/996073\" \/>\n<meta property=\"og:site_name\" content=\"eToro\" \/>\n<meta property=\"article:publisher\" content=\"https:\/\/www.facebook.com\/eToro\/\" \/>\n<meta property=\"article:modified_time\" content=\"2025-02-03T11:56:09+00:00\" \/>\n<meta property=\"og:image\" content=\"https:\/\/www.etoro.com\/wp-content\/uploads\/2023\/02\/1747_600x500_DE-1.jpg\" \/>\n\t<meta property=\"og:image:width\" content=\"576\" \/>\n\t<meta property=\"og:image:height\" content=\"385\" \/>\n\t<meta property=\"og:image:type\" content=\"image\/jpeg\" \/>\n<meta name=\"twitter:card\" content=\"summary_large_image\" \/>\n<meta name=\"twitter:site\" content=\"@eToro\" \/>\n<meta name=\"twitter:label1\" content=\"Est. reading time\" \/>\n\t<meta name=\"twitter:data1\" content=\"2 minutes\" \/>\n<script type=\"application\/ld+json\" class=\"yoast-schema-graph\">{\"@context\":\"https:\/\/schema.org\",\"@graph\":[{\"@type\":\"WebPage\",\"@id\":\"https:\/\/www.etoro.com\/de\/academy\/videos\/copytrading-101-part-4-next-steps\/\",\"url\":\"https:\/\/www.etoro.com\/de\/academy\/videos\/copytrading-101-part-4-next-steps\/\",\"name\":\"CopyTrading 101 - Teil 4 | Video der eToro-Akademie\",\"isPartOf\":{\"@id\":\"https:\/\/www.etoro.com\/de\/#website\"},\"primaryImageOfPage\":{\"@id\":\"https:\/\/www.etoro.com\/de\/academy\/videos\/copytrading-101-part-4-next-steps\/#primaryimage\"},\"image\":{\"@id\":\"https:\/\/www.etoro.com\/de\/academy\/videos\/copytrading-101-part-4-next-steps\/#primaryimage\"},\"thumbnailUrl\":\"https:\/\/www.etoro.com\/wp-content\/uploads\/2023\/02\/1747_600x500_DE-1.jpg\",\"datePublished\":\"2025-01-10T15:54:15+00:00\",\"dateModified\":\"2025-02-03T11:56:09+00:00\",\"description\":\"In diesem Video erfahren Sie, wie Sie nach dem Start von CopyTrading auf eToro Ihre kopierten Trades \u00fcberwachen und Ihre Strategie f\u00fcr nachhaltigen Erfolg optimieren k\u00f6nnen.\",\"breadcrumb\":{\"@id\":\"https:\/\/www.etoro.com\/de\/academy\/videos\/copytrading-101-part-4-next-steps\/#breadcrumb\"},\"inLanguage\":\"de\",\"potentialAction\":[{\"@type\":\"ReadAction\",\"target\":[\"https:\/\/www.etoro.com\/de\/academy\/videos\/copytrading-101-part-4-next-steps\/\"]}]},{\"@type\":\"ImageObject\",\"inLanguage\":\"de\",\"@id\":\"https:\/\/www.etoro.com\/de\/academy\/videos\/copytrading-101-part-4-next-steps\/#primaryimage\",\"url\":\"https:\/\/www.etoro.com\/wp-content\/uploads\/2023\/02\/1747_600x500_DE-1.jpg\",\"contentUrl\":\"https:\/\/www.etoro.com\/wp-content\/uploads\/2023\/02\/1747_600x500_DE-1.jpg\",\"width\":576,\"height\":385},{\"@type\":\"BreadcrumbList\",\"@id\":\"https:\/\/www.etoro.com\/de\/academy\/videos\/copytrading-101-part-4-next-steps\/#breadcrumb\",\"itemListElement\":[{\"@type\":\"ListItem\",\"position\":1,\"name\":\"Home\",\"item\":\"https:\/\/www.etoro.com\/de\/\"},{\"@type\":\"ListItem\",\"position\":2,\"name\":\"eToro Academy\",\"item\":\"https:\/\/www.etoro.com\/de\/academy\/\"},{\"@type\":\"ListItem\",\"position\":3,\"name\":\"Videos\",\"item\":\"https:\/\/www.etoro.com\/de\/?page_id=262386\"},{\"@type\":\"ListItem\",\"position\":4,\"name\":\"CopyTrading 101 | Teil 4: Zu guter Letzt\"}]},{\"@type\":\"WebSite\",\"@id\":\"https:\/\/www.etoro.com\/de\/#website\",\"url\":\"https:\/\/www.etoro.com\/de\/\",\"name\":\"eToro\",\"description\":\"\",\"publisher\":{\"@id\":\"https:\/\/www.etoro.com\/de\/#organization\"},\"potentialAction\":[{\"@type\":\"SearchAction\",\"target\":{\"@type\":\"EntryPoint\",\"urlTemplate\":\"https:\/\/www.etoro.com\/de\/?s={search_term_string}\"},\"query-input\":{\"@type\":\"PropertyValueSpecification\",\"valueRequired\":true,\"valueName\":\"search_term_string\"}}],\"inLanguage\":\"de\"},[]]}<\/script>","yoast_head_json":{"title":"CopyTrading 101 - Teil 4 | Video der eToro-Akademie","description":"In diesem Video erfahren Sie, wie Sie nach dem Start von CopyTrading auf eToro Ihre kopierten Trades \u00fcberwachen und Ihre Strategie f\u00fcr nachhaltigen Erfolg optimieren k\u00f6nnen.","robots":{"index":"index","follow":"follow","max-snippet":"max-snippet:-1","max-image-preview":"max-image-preview:large","max-video-preview":"max-video-preview:-1"},"canonical":"https:\/\/www.etoro.com\/de\/wp-json\/wp\/v2\/pages\/996073","og_locale":"de_DE","og_type":"article","og_title":"CopyTrading 101 - Teil 4 | Video der eToro-Akademie","og_description":"In diesem Video erfahren Sie, wie Sie nach dem Start von CopyTrading auf eToro Ihre kopierten Trades \u00fcberwachen und Ihre Strategie f\u00fcr nachhaltigen Erfolg optimieren k\u00f6nnen.","og_url":"https:\/\/www.etoro.com\/de\/wp-json\/wp\/v2\/pages\/996073","og_site_name":"eToro","article_publisher":"https:\/\/www.facebook.com\/eToro\/","article_modified_time":"2025-02-03T11:56:09+00:00","og_image":[{"width":576,"height":385,"url":"https:\/\/www.etoro.com\/wp-content\/uploads\/2023\/02\/1747_600x500_DE-1.jpg","type":"image\/jpeg"}],"twitter_card":"summary_large_image","twitter_site":"@eToro","twitter_misc":{"Est. reading time":"2 minutes"},"schema":{"@context":"https:\/\/schema.org","@graph":[{"@type":"WebPage","@id":"https:\/\/www.etoro.com\/de\/academy\/videos\/copytrading-101-part-4-next-steps\/","url":"https:\/\/www.etoro.com\/de\/academy\/videos\/copytrading-101-part-4-next-steps\/","name":"CopyTrading 101 - Teil 4 | Video der eToro-Akademie","isPartOf":{"@id":"https:\/\/www.etoro.com\/de\/#website"},"primaryImageOfPage":{"@id":"https:\/\/www.etoro.com\/de\/academy\/videos\/copytrading-101-part-4-next-steps\/#primaryimage"},"image":{"@id":"https:\/\/www.etoro.com\/de\/academy\/videos\/copytrading-101-part-4-next-steps\/#primaryimage"},"thumbnailUrl":"https:\/\/www.etoro.com\/wp-content\/uploads\/2023\/02\/1747_600x500_DE-1.jpg","datePublished":"2025-01-10T15:54:15+00:00","dateModified":"2025-02-03T11:56:09+00:00","description":"In diesem Video erfahren Sie, wie Sie nach dem Start von CopyTrading auf eToro Ihre kopierten Trades \u00fcberwachen und Ihre Strategie f\u00fcr nachhaltigen Erfolg optimieren k\u00f6nnen.","breadcrumb":{"@id":"https:\/\/www.etoro.com\/de\/academy\/videos\/copytrading-101-part-4-next-steps\/#breadcrumb"},"inLanguage":"de","potentialAction":[{"@type":"ReadAction","target":["https:\/\/www.etoro.com\/de\/academy\/videos\/copytrading-101-part-4-next-steps\/"]}]},{"@type":"ImageObject","inLanguage":"de","@id":"https:\/\/www.etoro.com\/de\/academy\/videos\/copytrading-101-part-4-next-steps\/#primaryimage","url":"https:\/\/www.etoro.com\/wp-content\/uploads\/2023\/02\/1747_600x500_DE-1.jpg","contentUrl":"https:\/\/www.etoro.com\/wp-content\/uploads\/2023\/02\/1747_600x500_DE-1.jpg","width":576,"height":385},{"@type":"BreadcrumbList","@id":"https:\/\/www.etoro.com\/de\/academy\/videos\/copytrading-101-part-4-next-steps\/#breadcrumb","itemListElement":[{"@type":"ListItem","position":1,"name":"Home","item":"https:\/\/www.etoro.com\/de\/"},{"@type":"ListItem","position":2,"name":"eToro Academy","item":"https:\/\/www.etoro.com\/de\/academy\/"},{"@type":"ListItem","position":3,"name":"Videos","item":"https:\/\/www.etoro.com\/de\/?page_id=262386"},{"@type":"ListItem","position":4,"name":"CopyTrading 101 | Teil 4: Zu guter Letzt"}]},{"@type":"WebSite","@id":"https:\/\/www.etoro.com\/de\/#website","url":"https:\/\/www.etoro.com\/de\/","name":"eToro","description":"","publisher":{"@id":"https:\/\/www.etoro.com\/de\/#organization"},"potentialAction":[{"@type":"SearchAction","target":{"@type":"EntryPoint","urlTemplate":"https:\/\/www.etoro.com\/de\/?s={search_term_string}"},"query-input":{"@type":"PropertyValueSpecification","valueRequired":true,"valueName":"search_term_string"}}],"inLanguage":"de"},[]]}},"_links":{"self":[{"href":"https:\/\/www.etoro.com\/de\/wp-json\/wp\/v2\/pages\/996073"}],"collection":[{"href":"https:\/\/www.etoro.com\/de\/wp-json\/wp\/v2\/pages"}],"about":[{"href":"https:\/\/www.etoro.com\/de\/wp-json\/wp\/v2\/types\/page"}],"author":[{"embeddable":true,"href":"https:\/\/www.etoro.com\/de\/wp-json\/wp\/v2\/users\/96"}],"replies":[{"embeddable":true,"href":"https:\/\/www.etoro.com\/de\/wp-json\/wp\/v2\/comments?post=996073"}],"version-history":[{"count":0,"href":"https:\/\/www.etoro.com\/de\/wp-json\/wp\/v2\/pages\/996073\/revisions"}],"up":[{"embeddable":true,"href":"https:\/\/www.etoro.com\/de\/wp-json\/wp\/v2\/pages\/262386"}],"wp:featuredmedia":[{"embeddable":true,"href":"https:\/\/www.etoro.com\/de\/wp-json\/wp\/v2\/media\/561130"}],"wp:attachment":[{"href":"https:\/\/www.etoro.com\/de\/wp-json\/wp\/v2\/media?parent=996073"}],"wp:term":[{"taxonomy":"asset_type","embeddable":true,"href":"https:\/\/www.etoro.com\/de\/wp-json\/wp\/v2\/asset_type?post=996073"}],"curies":[{"name":"wp","href":"https:\/\/api.w.org\/{rel}","templated":true}]}}