{"id":996781,"date":"2025-01-10T18:12:34","date_gmt":"2025-01-10T16:12:34","guid":{"rendered":"https:\/\/www.etoro.com\/academy\/videos\/getting-started-on-etoro-part-1\/"},"modified":"2025-02-03T13:54:23","modified_gmt":"2025-02-03T11:54:23","slug":"getting-started-on-etoro-part-1","status":"publish","type":"page","link":"https:\/\/www.etoro.com\/de\/academy\/videos\/getting-started-on-etoro-part-1\/","title":{"rendered":"Erste Schritte bei eToro &#8211; Teil 1"},"content":{"rendered":"\n<div class=\"wp-block-etoro-video-transcript\"><div class=\"wp-block-etoro-video-description\"><h2 class=\"wp-block-etoro-video-description-title\">Beschreibung<\/h2><hr\/><div class=\"wp-block-etoro-video-description-content\">M\u00f6chten Sie mit eToro in die Welt der Investitionen einsteigen? Das ist gro\u00dfartig! Hier sind 4 wesentliche Dinge, die Sie auf Ihrem Weg begleiten werden.<\/div><\/div><div class=\"wp-block-etoro-video-transcript-content\"><h2 class=\"wp-block-etoro-video-transcript-title\">Transkript<\/h2><hr\/><div class=\"wp-block-etoro-video-transcript-text\"><div class=\"wp-block-etoro-video-transcript-text-wrapper\">\n<p>Sie haben also beschlossen, mit dem Investieren zu beginnen \u2013 herzlichen Gl\u00fcckwunsch!&nbsp;<\/p>\n\n\n\n<p>Ich bin Uri und in diesem Video erfahren Sie, wie Sie bei eToro loslegen k\u00f6nnen.<\/p>\n\n\n\n<p>Sie m\u00fcssen mindestens 18 Jahre alt sein und in einem der L\u00e4nder leben, in denen wir unsere Dienste anbieten.&nbsp;<\/p>\n\n\n\n<p>Da wir wissen, dass jeder Anleger einzigartig ist, erstellen wir nach der Beantwortung eines kurzen Fragebogens ein ma\u00dfgeschneidertes Angebot f\u00fcr Sie.<\/p>\n\n\n\n<p>Als n\u00e4chstes werden Sie gebeten, eine einfache Kontoverifizierung durchzuf\u00fchren, damit wir Sie und unsere Plattform sch\u00fctzen k\u00f6nnen.<\/p>\n\n\n\n<p>Nachdem wir uns vergewissert haben, dass Sie kein Roboter sind &#8211; nichts f\u00fcr ungut, Roboto &#8211; k\u00f6nnen Sie mit Ihrem virtuellen Portfolio beginnen.&nbsp;<\/p>\n\n\n\n<p>Dies hilft Ihnen, sich auf der eToro-Plattform zurechtzufinden und die M\u00e4rkte risikofrei zu erkunden.<\/p>\n\n\n\n<p>Und das war\u2019s \u2013 Sie haben alles eingerichtet!&nbsp;<\/p>\n\n\n\n<p>Sehehn Sie sich unbedingt unser n\u00e4chstes Video an, in dem wir einen Blick auf die eToro-Homepage werfen \u2013 Ihr Tor zu allen eToro-Funktionen.&nbsp;<\/p>\n\n\n\n<p>Wir sehen uns!<\/p>\n<\/div><button class=\"wp-block-etoro-video-description-more-text\">MEHR ANZEIGAN<svg xmlns=\"http:\/\/www.w3.org\/2000\/svg\" width=\"9\" height=\"6\" viewBox=\"0 0 9 6\" fill=\"none\"><path d=\"M7.5625 1.48616L4.5 4.54866L1.4375 1.48616\" stroke=\"#13C636\" stroke-linecap=\"square\"><\/path><\/svg><\/button><\/div><\/div><\/div>\n","protected":false},"excerpt":{"rendered":"","protected":false},"author":96,"featured_media":495176,"parent":262386,"menu_order":0,"comment_status":"closed","ping_status":"closed","template":"","meta":{"_acf_changed":true,"inline_featured_image":false,"sticky_cta_settings":"","footnotes":""},"asset_type":[],"class_list":["post-996781","page","type-page","status-publish","has-post-thumbnail","hentry"],"acf":[],"yoast_head":"<title>Erste Schritte auf eToro \u2013 Teil 1 | Video der eToro-Akademie<\/title>\n<meta name=\"description\" content=\"In diesem Video erfahren Sie die vier entscheidenden Aspekte, die Ihnen den sicheren Einstieg ins Investieren auf eToro erleichtern.\" \/>\n<meta name=\"robots\" content=\"index, follow, max-snippet:-1, max-image-preview:large, max-video-preview:-1\" \/>\n<link rel=\"canonical\" href=\"https:\/\/www.etoro.com\/de\/wp-json\/wp\/v2\/pages\/996781\" \/>\n<meta property=\"og:locale\" content=\"de_DE\" \/>\n<meta property=\"og:type\" content=\"article\" \/>\n<meta property=\"og:title\" content=\"Erste Schritte auf eToro \u2013 Teil 1 | Video der eToro-Akademie\" \/>\n<meta property=\"og:description\" content=\"In diesem Video erfahren Sie die vier entscheidenden Aspekte, die Ihnen den sicheren Einstieg ins Investieren auf eToro erleichtern.\" \/>\n<meta property=\"og:url\" content=\"https:\/\/www.etoro.com\/de\/wp-json\/wp\/v2\/pages\/996781\" \/>\n<meta property=\"og:site_name\" content=\"eToro\" \/>\n<meta property=\"article:publisher\" content=\"https:\/\/www.facebook.com\/eToro\/\" \/>\n<meta property=\"article:modified_time\" content=\"2025-02-03T11:54:23+00:00\" \/>\n<meta property=\"og:image\" content=\"https:\/\/www.etoro.com\/wp-content\/uploads\/2022\/09\/2522_600X500_DE.png\" \/>\n\t<meta property=\"og:image:width\" content=\"576\" \/>\n\t<meta property=\"og:image:height\" content=\"385\" \/>\n\t<meta property=\"og:image:type\" content=\"image\/png\" \/>\n<meta name=\"twitter:card\" content=\"summary_large_image\" \/>\n<meta name=\"twitter:site\" content=\"@eToro\" \/>\n<meta name=\"twitter:label1\" content=\"Est. reading time\" \/>\n\t<meta name=\"twitter:data1\" content=\"1 minute\" \/>\n<script type=\"application\/ld+json\" class=\"yoast-schema-graph\">{\"@context\":\"https:\/\/schema.org\",\"@graph\":[{\"@type\":\"WebPage\",\"@id\":\"https:\/\/www.etoro.com\/de\/academy\/videos\/getting-started-on-etoro-part-1\/\",\"url\":\"https:\/\/www.etoro.com\/de\/academy\/videos\/getting-started-on-etoro-part-1\/\",\"name\":\"Erste Schritte auf eToro \u2013 Teil 1 | Video der eToro-Akademie\",\"isPartOf\":{\"@id\":\"https:\/\/www.etoro.com\/de\/#website\"},\"primaryImageOfPage\":{\"@id\":\"https:\/\/www.etoro.com\/de\/academy\/videos\/getting-started-on-etoro-part-1\/#primaryimage\"},\"image\":{\"@id\":\"https:\/\/www.etoro.com\/de\/academy\/videos\/getting-started-on-etoro-part-1\/#primaryimage\"},\"thumbnailUrl\":\"https:\/\/www.etoro.com\/wp-content\/uploads\/2022\/09\/2522_600X500_DE.png\",\"datePublished\":\"2025-01-10T16:12:34+00:00\",\"dateModified\":\"2025-02-03T11:54:23+00:00\",\"description\":\"In diesem Video erfahren Sie die vier entscheidenden Aspekte, die Ihnen den sicheren Einstieg ins Investieren auf eToro erleichtern.\",\"breadcrumb\":{\"@id\":\"https:\/\/www.etoro.com\/de\/academy\/videos\/getting-started-on-etoro-part-1\/#breadcrumb\"},\"inLanguage\":\"de\",\"potentialAction\":[{\"@type\":\"ReadAction\",\"target\":[\"https:\/\/www.etoro.com\/de\/academy\/videos\/getting-started-on-etoro-part-1\/\"]}]},{\"@type\":\"ImageObject\",\"inLanguage\":\"de\",\"@id\":\"https:\/\/www.etoro.com\/de\/academy\/videos\/getting-started-on-etoro-part-1\/#primaryimage\",\"url\":\"https:\/\/www.etoro.com\/wp-content\/uploads\/2022\/09\/2522_600X500_DE.png\",\"contentUrl\":\"https:\/\/www.etoro.com\/wp-content\/uploads\/2022\/09\/2522_600X500_DE.png\",\"width\":576,\"height\":385},{\"@type\":\"BreadcrumbList\",\"@id\":\"https:\/\/www.etoro.com\/de\/academy\/videos\/getting-started-on-etoro-part-1\/#breadcrumb\",\"itemListElement\":[{\"@type\":\"ListItem\",\"position\":1,\"name\":\"Home\",\"item\":\"https:\/\/www.etoro.com\/de\/\"},{\"@type\":\"ListItem\",\"position\":2,\"name\":\"eToro Academy\",\"item\":\"https:\/\/www.etoro.com\/de\/academy\/\"},{\"@type\":\"ListItem\",\"position\":3,\"name\":\"Videos\",\"item\":\"https:\/\/www.etoro.com\/de\/?page_id=262386\"},{\"@type\":\"ListItem\",\"position\":4,\"name\":\"Erste Schritte bei eToro &#8211; Teil 1\"}]},{\"@type\":\"WebSite\",\"@id\":\"https:\/\/www.etoro.com\/de\/#website\",\"url\":\"https:\/\/www.etoro.com\/de\/\",\"name\":\"eToro\",\"description\":\"\",\"publisher\":{\"@id\":\"https:\/\/www.etoro.com\/de\/#organization\"},\"potentialAction\":[{\"@type\":\"SearchAction\",\"target\":{\"@type\":\"EntryPoint\",\"urlTemplate\":\"https:\/\/www.etoro.com\/de\/?s={search_term_string}\"},\"query-input\":{\"@type\":\"PropertyValueSpecification\",\"valueRequired\":true,\"valueName\":\"search_term_string\"}}],\"inLanguage\":\"de\"},[]]}<\/script>","yoast_head_json":{"title":"Erste Schritte auf eToro \u2013 Teil 1 | Video der eToro-Akademie","description":"In diesem Video erfahren Sie die vier entscheidenden Aspekte, die Ihnen den sicheren Einstieg ins Investieren auf eToro erleichtern.","robots":{"index":"index","follow":"follow","max-snippet":"max-snippet:-1","max-image-preview":"max-image-preview:large","max-video-preview":"max-video-preview:-1"},"canonical":"https:\/\/www.etoro.com\/de\/wp-json\/wp\/v2\/pages\/996781","og_locale":"de_DE","og_type":"article","og_title":"Erste Schritte auf eToro \u2013 Teil 1 | Video der eToro-Akademie","og_description":"In diesem Video erfahren Sie die vier entscheidenden Aspekte, die Ihnen den sicheren Einstieg ins Investieren auf eToro erleichtern.","og_url":"https:\/\/www.etoro.com\/de\/wp-json\/wp\/v2\/pages\/996781","og_site_name":"eToro","article_publisher":"https:\/\/www.facebook.com\/eToro\/","article_modified_time":"2025-02-03T11:54:23+00:00","og_image":[{"width":576,"height":385,"url":"https:\/\/www.etoro.com\/wp-content\/uploads\/2022\/09\/2522_600X500_DE.png","type":"image\/png"}],"twitter_card":"summary_large_image","twitter_site":"@eToro","twitter_misc":{"Est. reading time":"1 minute"},"schema":{"@context":"https:\/\/schema.org","@graph":[{"@type":"WebPage","@id":"https:\/\/www.etoro.com\/de\/academy\/videos\/getting-started-on-etoro-part-1\/","url":"https:\/\/www.etoro.com\/de\/academy\/videos\/getting-started-on-etoro-part-1\/","name":"Erste Schritte auf eToro \u2013 Teil 1 | Video der eToro-Akademie","isPartOf":{"@id":"https:\/\/www.etoro.com\/de\/#website"},"primaryImageOfPage":{"@id":"https:\/\/www.etoro.com\/de\/academy\/videos\/getting-started-on-etoro-part-1\/#primaryimage"},"image":{"@id":"https:\/\/www.etoro.com\/de\/academy\/videos\/getting-started-on-etoro-part-1\/#primaryimage"},"thumbnailUrl":"https:\/\/www.etoro.com\/wp-content\/uploads\/2022\/09\/2522_600X500_DE.png","datePublished":"2025-01-10T16:12:34+00:00","dateModified":"2025-02-03T11:54:23+00:00","description":"In diesem Video erfahren Sie die vier entscheidenden Aspekte, die Ihnen den sicheren Einstieg ins Investieren auf eToro erleichtern.","breadcrumb":{"@id":"https:\/\/www.etoro.com\/de\/academy\/videos\/getting-started-on-etoro-part-1\/#breadcrumb"},"inLanguage":"de","potentialAction":[{"@type":"ReadAction","target":["https:\/\/www.etoro.com\/de\/academy\/videos\/getting-started-on-etoro-part-1\/"]}]},{"@type":"ImageObject","inLanguage":"de","@id":"https:\/\/www.etoro.com\/de\/academy\/videos\/getting-started-on-etoro-part-1\/#primaryimage","url":"https:\/\/www.etoro.com\/wp-content\/uploads\/2022\/09\/2522_600X500_DE.png","contentUrl":"https:\/\/www.etoro.com\/wp-content\/uploads\/2022\/09\/2522_600X500_DE.png","width":576,"height":385},{"@type":"BreadcrumbList","@id":"https:\/\/www.etoro.com\/de\/academy\/videos\/getting-started-on-etoro-part-1\/#breadcrumb","itemListElement":[{"@type":"ListItem","position":1,"name":"Home","item":"https:\/\/www.etoro.com\/de\/"},{"@type":"ListItem","position":2,"name":"eToro Academy","item":"https:\/\/www.etoro.com\/de\/academy\/"},{"@type":"ListItem","position":3,"name":"Videos","item":"https:\/\/www.etoro.com\/de\/?page_id=262386"},{"@type":"ListItem","position":4,"name":"Erste Schritte bei eToro &#8211; Teil 1"}]},{"@type":"WebSite","@id":"https:\/\/www.etoro.com\/de\/#website","url":"https:\/\/www.etoro.com\/de\/","name":"eToro","description":"","publisher":{"@id":"https:\/\/www.etoro.com\/de\/#organization"},"potentialAction":[{"@type":"SearchAction","target":{"@type":"EntryPoint","urlTemplate":"https:\/\/www.etoro.com\/de\/?s={search_term_string}"},"query-input":{"@type":"PropertyValueSpecification","valueRequired":true,"valueName":"search_term_string"}}],"inLanguage":"de"},[]]}},"_links":{"self":[{"href":"https:\/\/www.etoro.com\/de\/wp-json\/wp\/v2\/pages\/996781"}],"collection":[{"href":"https:\/\/www.etoro.com\/de\/wp-json\/wp\/v2\/pages"}],"about":[{"href":"https:\/\/www.etoro.com\/de\/wp-json\/wp\/v2\/types\/page"}],"author":[{"embeddable":true,"href":"https:\/\/www.etoro.com\/de\/wp-json\/wp\/v2\/users\/96"}],"replies":[{"embeddable":true,"href":"https:\/\/www.etoro.com\/de\/wp-json\/wp\/v2\/comments?post=996781"}],"version-history":[{"count":0,"href":"https:\/\/www.etoro.com\/de\/wp-json\/wp\/v2\/pages\/996781\/revisions"}],"up":[{"embeddable":true,"href":"https:\/\/www.etoro.com\/de\/wp-json\/wp\/v2\/pages\/262386"}],"wp:featuredmedia":[{"embeddable":true,"href":"https:\/\/www.etoro.com\/de\/wp-json\/wp\/v2\/media\/495176"}],"wp:attachment":[{"href":"https:\/\/www.etoro.com\/de\/wp-json\/wp\/v2\/media?parent=996781"}],"wp:term":[{"taxonomy":"asset_type","embeddable":true,"href":"https:\/\/www.etoro.com\/de\/wp-json\/wp\/v2\/asset_type?post=996781"}],"curies":[{"name":"wp","href":"https:\/\/api.w.org\/{rel}","templated":true}]}}