{"id":996785,"date":"2025-01-10T18:20:43","date_gmt":"2025-01-10T16:20:43","guid":{"rendered":"https:\/\/www.etoro.com\/academy\/videos\/opening-an-etoro-account\/"},"modified":"2025-02-03T13:53:42","modified_gmt":"2025-02-03T11:53:42","slug":"opening-an-etoro-account","status":"publish","type":"page","link":"https:\/\/www.etoro.com\/de\/academy\/videos\/opening-an-etoro-account\/","title":{"rendered":"Ein eToro-Konto er\u00f6ffnen"},"content":{"rendered":"\n<div class=\"wp-block-etoro-video-transcript\"><div class=\"wp-block-etoro-video-description\"><h2 class=\"wp-block-etoro-video-description-title\">Beschreibung<\/h2><hr\/><div class=\"wp-block-etoro-video-description-content\">Vertrauen ist der Schl\u00fcssel jeder Community, und das gilt auch f\u00fcr die eToro-Community mit 30 Millionen Mitgliedern. Um Teil davon zu werden, sollten Sie nur drei einfache Schritte befolgen.<\/div><\/div><div class=\"wp-block-etoro-video-transcript-content\"><h2 class=\"wp-block-etoro-video-transcript-title\">Transkript<\/h2><hr\/><div class=\"wp-block-etoro-video-transcript-text\"><div class=\"wp-block-etoro-video-transcript-text-wrapper\">\n<p>eToro ist die weltweit f\u00fchrende Community f\u00fcr Social Investing.&nbsp;<\/p>\n\n\n\n<p>Das Herzst\u00fcck jeder Gemeinschaft ist Vertrauen.&nbsp;<\/p>\n\n\n\n<p>Deshalb sind wir hier, um Ihnen alles mitzuteilen, was Sie \u00fcber uns wissen m\u00fcssen und was wir wissen m\u00fcssen &#8211; \u00fcber Sie.<\/p>\n\n\n\n<p>Habe ich das richtig gesagt?<\/p>\n\n\n\n<p>Um ein Konto bei eToro zu er\u00f6ffnen, m\u00fcssen Sie zun\u00e4chst die Grundlagen ausf\u00fcllen.&nbsp;<\/p>\n\n\n\n<p>Name, Geburtsdatum, Adresse \u2013 Sie wissen, wie es geht.&nbsp;<\/p>\n\n\n\n<p>Als N\u00e4chstes wird Ihnen eine Reihe von Fragen gestellt, damit wir mehr \u00fcber Ihre Finanz- und Anlageerfahrung erfahren.&nbsp;<\/p>\n\n\n\n<p>Diese Fragen k\u00f6nnen sich auf Ihren beruflichen Status, Ihre Handelskenntnisse, Ihre Anlageziele, Ihre Risikobereitschaft und vieles mehr beziehen.<\/p>\n\n\n\n<p>Die Antworten, die Sie uns geben, helfen uns dabei, Ihre Erfahrung auf unserer Plattform individuell zu gestalten und eine ma\u00dfgeschneiderte Reise zu schaffen, die Ihren spezifischen Bed\u00fcrfnissen, finanziellen Zielen und Kenntnissen entspricht.&nbsp;<\/p>\n\n\n\n<p>Deshalb ist es wichtig, dass Sie Ihre Angaben genau ausf\u00fcllen.&nbsp;<\/p>\n\n\n\n<p>Je besser wir Sie kennen, desto besser k\u00f6nnen wir Ihre Erfahrung bei eToro optimieren.<\/p>\n\n\n\n<p>Bei eToro k\u00f6nnen Sie sicher sein, dass Ihre Informationen absolut vertraulich bleiben.&nbsp;<\/p>\n\n\n\n<p>Und falls sich Ihre finanzielle Situation \u00e4ndert, k\u00f6nnen Sie Ihre Antworten \u00e4ndern &#8211; einfach, schnell und diskret.<\/p>\n\n\n\n<p>Sie sind fast fertig!&nbsp;<\/p>\n\n\n\n<p>Alles, was Sie jetzt noch tun m\u00fcssen, ist, Ihr eToro-Konto zu verifizieren \u2013 aber das ist f\u00fcr das n\u00e4chste Video.&nbsp;<\/p>\n\n\n\n<p>Danke f\u00fcrs Zuschauen und wir sehen uns bei eToro!<\/p>\n<\/div><button class=\"wp-block-etoro-video-description-more-text\">MEHR ANZEIGAN<svg xmlns=\"http:\/\/www.w3.org\/2000\/svg\" width=\"9\" height=\"6\" viewBox=\"0 0 9 6\" fill=\"none\"><path d=\"M7.5625 1.48616L4.5 4.54866L1.4375 1.48616\" stroke=\"#13C636\" stroke-linecap=\"square\"><\/path><\/svg><\/button><\/div><\/div><\/div>\n","protected":false},"excerpt":{"rendered":"","protected":false},"author":96,"featured_media":495606,"parent":262386,"menu_order":0,"comment_status":"closed","ping_status":"closed","template":"","meta":{"_acf_changed":true,"inline_featured_image":false,"sticky_cta_settings":"","footnotes":""},"asset_type":[],"class_list":["post-996785","page","type-page","status-publish","has-post-thumbnail","hentry"],"acf":[],"yoast_head":"<title>eToro-Konto er\u00f6ffnen und starten | Video der eToro-Akademie<\/title>\n<meta name=\"description\" content=\"Erfahren Sie in diesem Video die drei einfachen Schritte, um der eToro-Community beizutreten und mit der gr\u00f6\u00dften Social-Investing-Plattform zu starten.\" \/>\n<meta name=\"robots\" content=\"index, follow, max-snippet:-1, max-image-preview:large, max-video-preview:-1\" \/>\n<link rel=\"canonical\" href=\"https:\/\/www.etoro.com\/de\/wp-json\/wp\/v2\/pages\/996785\" \/>\n<meta property=\"og:locale\" content=\"de_DE\" \/>\n<meta property=\"og:type\" content=\"article\" \/>\n<meta property=\"og:title\" content=\"eToro-Konto er\u00f6ffnen und starten | Video der eToro-Akademie\" \/>\n<meta property=\"og:description\" content=\"Erfahren Sie in diesem Video die drei einfachen Schritte, um der eToro-Community beizutreten und mit der gr\u00f6\u00dften Social-Investing-Plattform zu starten.\" \/>\n<meta property=\"og:url\" content=\"https:\/\/www.etoro.com\/de\/wp-json\/wp\/v2\/pages\/996785\" \/>\n<meta property=\"og:site_name\" content=\"eToro\" \/>\n<meta property=\"article:publisher\" content=\"https:\/\/www.facebook.com\/eToro\/\" \/>\n<meta property=\"article:modified_time\" content=\"2025-02-03T11:53:42+00:00\" \/>\n<meta property=\"og:image\" content=\"https:\/\/www.etoro.com\/wp-content\/uploads\/2022\/09\/8876_600X500_DE.png\" \/>\n\t<meta property=\"og:image:width\" content=\"576\" \/>\n\t<meta property=\"og:image:height\" content=\"385\" \/>\n\t<meta property=\"og:image:type\" content=\"image\/png\" \/>\n<meta name=\"twitter:card\" content=\"summary_large_image\" \/>\n<meta name=\"twitter:site\" content=\"@eToro\" \/>\n<meta name=\"twitter:label1\" content=\"Est. reading time\" \/>\n\t<meta name=\"twitter:data1\" content=\"1 minute\" \/>\n<script type=\"application\/ld+json\" class=\"yoast-schema-graph\">{\"@context\":\"https:\/\/schema.org\",\"@graph\":[{\"@type\":\"WebPage\",\"@id\":\"https:\/\/www.etoro.com\/de\/academy\/videos\/opening-an-etoro-account\/\",\"url\":\"https:\/\/www.etoro.com\/de\/academy\/videos\/opening-an-etoro-account\/\",\"name\":\"eToro-Konto er\u00f6ffnen und starten | Video der eToro-Akademie\",\"isPartOf\":{\"@id\":\"https:\/\/www.etoro.com\/de\/#website\"},\"primaryImageOfPage\":{\"@id\":\"https:\/\/www.etoro.com\/de\/academy\/videos\/opening-an-etoro-account\/#primaryimage\"},\"image\":{\"@id\":\"https:\/\/www.etoro.com\/de\/academy\/videos\/opening-an-etoro-account\/#primaryimage\"},\"thumbnailUrl\":\"https:\/\/www.etoro.com\/wp-content\/uploads\/2022\/09\/8876_600X500_DE.png\",\"datePublished\":\"2025-01-10T16:20:43+00:00\",\"dateModified\":\"2025-02-03T11:53:42+00:00\",\"description\":\"Erfahren Sie in diesem Video die drei einfachen Schritte, um der eToro-Community beizutreten und mit der gr\u00f6\u00dften Social-Investing-Plattform zu starten.\",\"breadcrumb\":{\"@id\":\"https:\/\/www.etoro.com\/de\/academy\/videos\/opening-an-etoro-account\/#breadcrumb\"},\"inLanguage\":\"de\",\"potentialAction\":[{\"@type\":\"ReadAction\",\"target\":[\"https:\/\/www.etoro.com\/de\/academy\/videos\/opening-an-etoro-account\/\"]}]},{\"@type\":\"ImageObject\",\"inLanguage\":\"de\",\"@id\":\"https:\/\/www.etoro.com\/de\/academy\/videos\/opening-an-etoro-account\/#primaryimage\",\"url\":\"https:\/\/www.etoro.com\/wp-content\/uploads\/2022\/09\/8876_600X500_DE.png\",\"contentUrl\":\"https:\/\/www.etoro.com\/wp-content\/uploads\/2022\/09\/8876_600X500_DE.png\",\"width\":576,\"height\":385},{\"@type\":\"BreadcrumbList\",\"@id\":\"https:\/\/www.etoro.com\/de\/academy\/videos\/opening-an-etoro-account\/#breadcrumb\",\"itemListElement\":[{\"@type\":\"ListItem\",\"position\":1,\"name\":\"Home\",\"item\":\"https:\/\/www.etoro.com\/de\/\"},{\"@type\":\"ListItem\",\"position\":2,\"name\":\"eToro Academy\",\"item\":\"https:\/\/www.etoro.com\/de\/academy\/\"},{\"@type\":\"ListItem\",\"position\":3,\"name\":\"Videos\",\"item\":\"https:\/\/www.etoro.com\/de\/?page_id=262386\"},{\"@type\":\"ListItem\",\"position\":4,\"name\":\"Ein eToro-Konto er\u00f6ffnen\"}]},{\"@type\":\"WebSite\",\"@id\":\"https:\/\/www.etoro.com\/de\/#website\",\"url\":\"https:\/\/www.etoro.com\/de\/\",\"name\":\"eToro\",\"description\":\"\",\"publisher\":{\"@id\":\"https:\/\/www.etoro.com\/de\/#organization\"},\"potentialAction\":[{\"@type\":\"SearchAction\",\"target\":{\"@type\":\"EntryPoint\",\"urlTemplate\":\"https:\/\/www.etoro.com\/de\/?s={search_term_string}\"},\"query-input\":{\"@type\":\"PropertyValueSpecification\",\"valueRequired\":true,\"valueName\":\"search_term_string\"}}],\"inLanguage\":\"de\"},[]]}<\/script>","yoast_head_json":{"title":"eToro-Konto er\u00f6ffnen und starten | Video der eToro-Akademie","description":"Erfahren Sie in diesem Video die drei einfachen Schritte, um der eToro-Community beizutreten und mit der gr\u00f6\u00dften Social-Investing-Plattform zu starten.","robots":{"index":"index","follow":"follow","max-snippet":"max-snippet:-1","max-image-preview":"max-image-preview:large","max-video-preview":"max-video-preview:-1"},"canonical":"https:\/\/www.etoro.com\/de\/wp-json\/wp\/v2\/pages\/996785","og_locale":"de_DE","og_type":"article","og_title":"eToro-Konto er\u00f6ffnen und starten | Video der eToro-Akademie","og_description":"Erfahren Sie in diesem Video die drei einfachen Schritte, um der eToro-Community beizutreten und mit der gr\u00f6\u00dften Social-Investing-Plattform zu starten.","og_url":"https:\/\/www.etoro.com\/de\/wp-json\/wp\/v2\/pages\/996785","og_site_name":"eToro","article_publisher":"https:\/\/www.facebook.com\/eToro\/","article_modified_time":"2025-02-03T11:53:42+00:00","og_image":[{"width":576,"height":385,"url":"https:\/\/www.etoro.com\/wp-content\/uploads\/2022\/09\/8876_600X500_DE.png","type":"image\/png"}],"twitter_card":"summary_large_image","twitter_site":"@eToro","twitter_misc":{"Est. reading time":"1 minute"},"schema":{"@context":"https:\/\/schema.org","@graph":[{"@type":"WebPage","@id":"https:\/\/www.etoro.com\/de\/academy\/videos\/opening-an-etoro-account\/","url":"https:\/\/www.etoro.com\/de\/academy\/videos\/opening-an-etoro-account\/","name":"eToro-Konto er\u00f6ffnen und starten | Video der eToro-Akademie","isPartOf":{"@id":"https:\/\/www.etoro.com\/de\/#website"},"primaryImageOfPage":{"@id":"https:\/\/www.etoro.com\/de\/academy\/videos\/opening-an-etoro-account\/#primaryimage"},"image":{"@id":"https:\/\/www.etoro.com\/de\/academy\/videos\/opening-an-etoro-account\/#primaryimage"},"thumbnailUrl":"https:\/\/www.etoro.com\/wp-content\/uploads\/2022\/09\/8876_600X500_DE.png","datePublished":"2025-01-10T16:20:43+00:00","dateModified":"2025-02-03T11:53:42+00:00","description":"Erfahren Sie in diesem Video die drei einfachen Schritte, um der eToro-Community beizutreten und mit der gr\u00f6\u00dften Social-Investing-Plattform zu starten.","breadcrumb":{"@id":"https:\/\/www.etoro.com\/de\/academy\/videos\/opening-an-etoro-account\/#breadcrumb"},"inLanguage":"de","potentialAction":[{"@type":"ReadAction","target":["https:\/\/www.etoro.com\/de\/academy\/videos\/opening-an-etoro-account\/"]}]},{"@type":"ImageObject","inLanguage":"de","@id":"https:\/\/www.etoro.com\/de\/academy\/videos\/opening-an-etoro-account\/#primaryimage","url":"https:\/\/www.etoro.com\/wp-content\/uploads\/2022\/09\/8876_600X500_DE.png","contentUrl":"https:\/\/www.etoro.com\/wp-content\/uploads\/2022\/09\/8876_600X500_DE.png","width":576,"height":385},{"@type":"BreadcrumbList","@id":"https:\/\/www.etoro.com\/de\/academy\/videos\/opening-an-etoro-account\/#breadcrumb","itemListElement":[{"@type":"ListItem","position":1,"name":"Home","item":"https:\/\/www.etoro.com\/de\/"},{"@type":"ListItem","position":2,"name":"eToro Academy","item":"https:\/\/www.etoro.com\/de\/academy\/"},{"@type":"ListItem","position":3,"name":"Videos","item":"https:\/\/www.etoro.com\/de\/?page_id=262386"},{"@type":"ListItem","position":4,"name":"Ein eToro-Konto er\u00f6ffnen"}]},{"@type":"WebSite","@id":"https:\/\/www.etoro.com\/de\/#website","url":"https:\/\/www.etoro.com\/de\/","name":"eToro","description":"","publisher":{"@id":"https:\/\/www.etoro.com\/de\/#organization"},"potentialAction":[{"@type":"SearchAction","target":{"@type":"EntryPoint","urlTemplate":"https:\/\/www.etoro.com\/de\/?s={search_term_string}"},"query-input":{"@type":"PropertyValueSpecification","valueRequired":true,"valueName":"search_term_string"}}],"inLanguage":"de"},[]]}},"_links":{"self":[{"href":"https:\/\/www.etoro.com\/de\/wp-json\/wp\/v2\/pages\/996785"}],"collection":[{"href":"https:\/\/www.etoro.com\/de\/wp-json\/wp\/v2\/pages"}],"about":[{"href":"https:\/\/www.etoro.com\/de\/wp-json\/wp\/v2\/types\/page"}],"author":[{"embeddable":true,"href":"https:\/\/www.etoro.com\/de\/wp-json\/wp\/v2\/users\/96"}],"replies":[{"embeddable":true,"href":"https:\/\/www.etoro.com\/de\/wp-json\/wp\/v2\/comments?post=996785"}],"version-history":[{"count":0,"href":"https:\/\/www.etoro.com\/de\/wp-json\/wp\/v2\/pages\/996785\/revisions"}],"up":[{"embeddable":true,"href":"https:\/\/www.etoro.com\/de\/wp-json\/wp\/v2\/pages\/262386"}],"wp:featuredmedia":[{"embeddable":true,"href":"https:\/\/www.etoro.com\/de\/wp-json\/wp\/v2\/media\/495606"}],"wp:attachment":[{"href":"https:\/\/www.etoro.com\/de\/wp-json\/wp\/v2\/media?parent=996785"}],"wp:term":[{"taxonomy":"asset_type","embeddable":true,"href":"https:\/\/www.etoro.com\/de\/wp-json\/wp\/v2\/asset_type?post=996785"}],"curies":[{"name":"wp","href":"https:\/\/api.w.org\/{rel}","templated":true}]}}