{"id":996862,"date":"2025-01-10T18:22:12","date_gmt":"2025-01-10T16:22:12","guid":{"rendered":"https:\/\/www.etoro.com\/academy\/videos\/which-kind-of-etoro-account-suits-you\/"},"modified":"2025-02-03T13:52:38","modified_gmt":"2025-02-03T11:52:38","slug":"which-kind-of-etoro-account-suits-you","status":"publish","type":"page","link":"https:\/\/www.etoro.com\/de\/academy\/videos\/which-kind-of-etoro-account-suits-you\/","title":{"rendered":"Welches eToro Konto passt zu Ihnen?"},"content":{"rendered":"\n<div class=\"wp-block-etoro-video-transcript\"><div class=\"wp-block-etoro-video-description\"><h2 class=\"wp-block-etoro-video-description-title\">Beschreibung<\/h2><hr\/><div class=\"wp-block-etoro-video-description-content\">eToro bietet 4 verschiedene Kontoarten an: ein Einzelhandelskonto, ein professionelles Konto, ein Firmenkonto und ein islamisches Konto. W\u00e4hlen Sie einfach den Kontotyp, der am besten zu Ihnen passt, und starten Sie Ihr Investment!<\/div><\/div><div class=\"wp-block-etoro-video-transcript-content\"><h2 class=\"wp-block-etoro-video-transcript-title\">Transkript<\/h2><hr\/><div class=\"wp-block-etoro-video-transcript-text\"><div class=\"wp-block-etoro-video-transcript-text-wrapper\">\n<p>Ihr denkt also dar\u00fcber nach, ein eToro-Konto zu er\u00f6ffnen?&nbsp;<\/p>\n\n\n\n<p>Das klingt nach einem coolen Schritt!&nbsp;<\/p>\n\n\n\n<p>Aber woher wisst ihr, welches Konto am besten zu euch passt?&nbsp;<\/p>\n\n\n\n<p>Lasst uns \u00fcber die vier Kontoarten sprechen, die eToro anbietet: ein Einzelhandelskonto, ein professionelles Konto, ein Firmenkonto und ein islamisches Konto.<\/p>\n\n\n\n<p>Das Einzelhandelskonto ist der Standardkontotyp. Mit diesem Konto habt ihr Zugang zu fast allen Assets und unseren verschiedenen Funktionen.&nbsp;<\/p>\n\n\n\n<p>Wenn ihr das Einzelhandelskonto nutzt, solltet ihr bedenken, dass es f\u00fcr die verschiedenen Anlageklassen unterschiedliche Hebelwirkungen gibt.<\/p>\n\n\n\n<p>Der zweite Kontotyp ist das Profikonto.&nbsp;<\/p>\n\n\n\n<p>Als Profi k\u00f6nnt ihr den vollen Umfang der eToro-Funktionen freischalten, allerdings k\u00f6nnen nur Nutzer, die bestimmte Kriterien erf\u00fcllen, ein professionelles Konto beantragen.&nbsp;<\/p>\n\n\n\n<p>Derzeit ist dieser Kontotyp nur f\u00fcr Benutzer verf\u00fcgbar, die bei eToro Gro\u00dfbritannien und eToro Europa registriert sind.<\/p>\n\n\n\n<p>F\u00fcr alle versierten CFOs da drau\u00dfen haben wir das Unternehmenskonto, das perfekt f\u00fcr institutionelle Anleger ist.&nbsp;<\/p>\n\n\n\n<p>Mit diesem Konto erm\u00f6glicht eToro es Unternehmen den Handel und die Investition in mehrere Anlagetypen.&nbsp;<\/p>\n\n\n\n<p>F\u00fcr die Einrichtung eines Firmenkontos sind bestimmte Unterlagen sowie eine Mindestanlage von 10.000 Dollar erforderlich.&nbsp;<\/p>\n\n\n\n<p>Danach seid ihr startklar.<\/p>\n\n\n\n<p>Wir haben auch ein Konto speziell f\u00fcr unsere muslimischen Kunden eingerichtet.&nbsp;<\/p>\n\n\n\n<p>Mit diesem Konto k\u00f6nnt ihr Verm\u00f6genswerte kaufen und verkaufen, ohne dass euch Rollover-Geb\u00fchren berechnet oder gutgeschrieben werden, wie es die Scharia vorschreibt.<\/p>\n\n\n\n<p>Eine letzte Sache, bevor wir einpacken.&nbsp;<\/p>\n\n\n\n<p>All diese Konten beinhalten das virtuelle Portfolio von eToro, auch bekannt als Demokonto, mit 100.000 Dollar, um risikofrei zu investieren und nat\u00fcrlich zum \u00dcben.<\/p>\n\n\n\n<p>Habt ihr herausgefunden, welches Konto ihr wollt?&nbsp;<\/p>\n\n\n\n<p>Wenn ihr euch anmelden m\u00f6chtet, besucht eToro.com, um euch noch heute f\u00fcr ein Einzelhandelskonto anzumelden, oder kontaktiert unseren Kundendienst, um euer bestehendes Konto zu einem professionellen, gesch\u00e4ftlichen oder islamischen Konto zu er\u00f6ffnen oder zu aktualisieren.&nbsp;<\/p>\n\n\n\n<p>Denkt nur daran, dass eToro nur einen Kontotyp pro Benutzer unterst\u00fctzt.<\/p>\n\n\n\n<p>Vielen Dank f\u00fcrs Zuschauen, wir sehen uns im Feed!<\/p>\n<\/div><button class=\"wp-block-etoro-video-description-more-text\">MEHR ANZEIGAN<svg xmlns=\"http:\/\/www.w3.org\/2000\/svg\" width=\"9\" height=\"6\" viewBox=\"0 0 9 6\" fill=\"none\"><path d=\"M7.5625 1.48616L4.5 4.54866L1.4375 1.48616\" stroke=\"#13C636\" stroke-linecap=\"square\"><\/path><\/svg><\/button><\/div><\/div><\/div>\n","protected":false},"excerpt":{"rendered":"","protected":false},"author":96,"featured_media":495023,"parent":262386,"menu_order":0,"comment_status":"closed","ping_status":"closed","template":"","meta":{"_acf_changed":true,"inline_featured_image":false,"sticky_cta_settings":"","footnotes":""},"asset_type":[],"class_list":["post-996862","page","type-page","status-publish","has-post-thumbnail","hentry"],"acf":[],"yoast_head":"<title>So w\u00e4hlen Sie das passende eToro-Konto | Video der eToro-Akademie<\/title>\n<meta name=\"description\" content=\"Entdecken Sie in diesem Video die verschiedenen eToro-Kontooptionen, wie Einzelhandels-, Profi-, Firmen- und islamische Konten und tauchen Sie in die Welt des Investings.\" \/>\n<meta name=\"robots\" content=\"index, follow, max-snippet:-1, max-image-preview:large, max-video-preview:-1\" \/>\n<link rel=\"canonical\" href=\"https:\/\/www.etoro.com\/de\/wp-json\/wp\/v2\/pages\/996862\" \/>\n<meta property=\"og:locale\" content=\"de_DE\" \/>\n<meta property=\"og:type\" content=\"article\" \/>\n<meta property=\"og:title\" content=\"So w\u00e4hlen Sie das passende eToro-Konto | Video der eToro-Akademie\" \/>\n<meta property=\"og:description\" content=\"Entdecken Sie in diesem Video die verschiedenen eToro-Kontooptionen, wie Einzelhandels-, Profi-, Firmen- und islamische Konten und tauchen Sie in die Welt des Investings.\" \/>\n<meta property=\"og:url\" content=\"https:\/\/www.etoro.com\/de\/wp-json\/wp\/v2\/pages\/996862\" \/>\n<meta property=\"og:site_name\" content=\"eToro\" \/>\n<meta property=\"article:publisher\" content=\"https:\/\/www.facebook.com\/eToro\/\" \/>\n<meta property=\"article:modified_time\" content=\"2025-02-03T11:52:38+00:00\" \/>\n<meta property=\"og:image\" content=\"https:\/\/www.etoro.com\/wp-content\/uploads\/2022\/09\/5730_600X500_DE.png\" \/>\n\t<meta property=\"og:image:width\" content=\"576\" \/>\n\t<meta property=\"og:image:height\" content=\"385\" \/>\n\t<meta property=\"og:image:type\" content=\"image\/png\" \/>\n<meta name=\"twitter:card\" content=\"summary_large_image\" \/>\n<meta name=\"twitter:site\" content=\"@eToro\" \/>\n<meta name=\"twitter:label1\" content=\"Est. reading time\" \/>\n\t<meta name=\"twitter:data1\" content=\"2 minutes\" \/>\n<script type=\"application\/ld+json\" class=\"yoast-schema-graph\">{\"@context\":\"https:\/\/schema.org\",\"@graph\":[{\"@type\":\"WebPage\",\"@id\":\"https:\/\/www.etoro.com\/de\/academy\/videos\/which-kind-of-etoro-account-suits-you\/\",\"url\":\"https:\/\/www.etoro.com\/de\/academy\/videos\/which-kind-of-etoro-account-suits-you\/\",\"name\":\"So w\u00e4hlen Sie das passende eToro-Konto | Video der eToro-Akademie\",\"isPartOf\":{\"@id\":\"https:\/\/www.etoro.com\/de\/#website\"},\"primaryImageOfPage\":{\"@id\":\"https:\/\/www.etoro.com\/de\/academy\/videos\/which-kind-of-etoro-account-suits-you\/#primaryimage\"},\"image\":{\"@id\":\"https:\/\/www.etoro.com\/de\/academy\/videos\/which-kind-of-etoro-account-suits-you\/#primaryimage\"},\"thumbnailUrl\":\"https:\/\/www.etoro.com\/wp-content\/uploads\/2022\/09\/5730_600X500_DE.png\",\"datePublished\":\"2025-01-10T16:22:12+00:00\",\"dateModified\":\"2025-02-03T11:52:38+00:00\",\"description\":\"Entdecken Sie in diesem Video die verschiedenen eToro-Kontooptionen, wie Einzelhandels-, Profi-, Firmen- und islamische Konten und tauchen Sie in die Welt des Investings.\",\"breadcrumb\":{\"@id\":\"https:\/\/www.etoro.com\/de\/academy\/videos\/which-kind-of-etoro-account-suits-you\/#breadcrumb\"},\"inLanguage\":\"de\",\"potentialAction\":[{\"@type\":\"ReadAction\",\"target\":[\"https:\/\/www.etoro.com\/de\/academy\/videos\/which-kind-of-etoro-account-suits-you\/\"]}]},{\"@type\":\"ImageObject\",\"inLanguage\":\"de\",\"@id\":\"https:\/\/www.etoro.com\/de\/academy\/videos\/which-kind-of-etoro-account-suits-you\/#primaryimage\",\"url\":\"https:\/\/www.etoro.com\/wp-content\/uploads\/2022\/09\/5730_600X500_DE.png\",\"contentUrl\":\"https:\/\/www.etoro.com\/wp-content\/uploads\/2022\/09\/5730_600X500_DE.png\",\"width\":576,\"height\":385},{\"@type\":\"BreadcrumbList\",\"@id\":\"https:\/\/www.etoro.com\/de\/academy\/videos\/which-kind-of-etoro-account-suits-you\/#breadcrumb\",\"itemListElement\":[{\"@type\":\"ListItem\",\"position\":1,\"name\":\"Home\",\"item\":\"https:\/\/www.etoro.com\/de\/\"},{\"@type\":\"ListItem\",\"position\":2,\"name\":\"eToro Academy\",\"item\":\"https:\/\/www.etoro.com\/de\/academy\/\"},{\"@type\":\"ListItem\",\"position\":3,\"name\":\"Videos\",\"item\":\"https:\/\/www.etoro.com\/de\/?page_id=262386\"},{\"@type\":\"ListItem\",\"position\":4,\"name\":\"Welches eToro Konto passt zu Ihnen?\"}]},{\"@type\":\"WebSite\",\"@id\":\"https:\/\/www.etoro.com\/de\/#website\",\"url\":\"https:\/\/www.etoro.com\/de\/\",\"name\":\"eToro\",\"description\":\"\",\"publisher\":{\"@id\":\"https:\/\/www.etoro.com\/de\/#organization\"},\"potentialAction\":[{\"@type\":\"SearchAction\",\"target\":{\"@type\":\"EntryPoint\",\"urlTemplate\":\"https:\/\/www.etoro.com\/de\/?s={search_term_string}\"},\"query-input\":{\"@type\":\"PropertyValueSpecification\",\"valueRequired\":true,\"valueName\":\"search_term_string\"}}],\"inLanguage\":\"de\"},[]]}<\/script>","yoast_head_json":{"title":"So w\u00e4hlen Sie das passende eToro-Konto | Video der eToro-Akademie","description":"Entdecken Sie in diesem Video die verschiedenen eToro-Kontooptionen, wie Einzelhandels-, Profi-, Firmen- und islamische Konten und tauchen Sie in die Welt des Investings.","robots":{"index":"index","follow":"follow","max-snippet":"max-snippet:-1","max-image-preview":"max-image-preview:large","max-video-preview":"max-video-preview:-1"},"canonical":"https:\/\/www.etoro.com\/de\/wp-json\/wp\/v2\/pages\/996862","og_locale":"de_DE","og_type":"article","og_title":"So w\u00e4hlen Sie das passende eToro-Konto | Video der eToro-Akademie","og_description":"Entdecken Sie in diesem Video die verschiedenen eToro-Kontooptionen, wie Einzelhandels-, Profi-, Firmen- und islamische Konten und tauchen Sie in die Welt des Investings.","og_url":"https:\/\/www.etoro.com\/de\/wp-json\/wp\/v2\/pages\/996862","og_site_name":"eToro","article_publisher":"https:\/\/www.facebook.com\/eToro\/","article_modified_time":"2025-02-03T11:52:38+00:00","og_image":[{"width":576,"height":385,"url":"https:\/\/www.etoro.com\/wp-content\/uploads\/2022\/09\/5730_600X500_DE.png","type":"image\/png"}],"twitter_card":"summary_large_image","twitter_site":"@eToro","twitter_misc":{"Est. reading time":"2 minutes"},"schema":{"@context":"https:\/\/schema.org","@graph":[{"@type":"WebPage","@id":"https:\/\/www.etoro.com\/de\/academy\/videos\/which-kind-of-etoro-account-suits-you\/","url":"https:\/\/www.etoro.com\/de\/academy\/videos\/which-kind-of-etoro-account-suits-you\/","name":"So w\u00e4hlen Sie das passende eToro-Konto | Video der eToro-Akademie","isPartOf":{"@id":"https:\/\/www.etoro.com\/de\/#website"},"primaryImageOfPage":{"@id":"https:\/\/www.etoro.com\/de\/academy\/videos\/which-kind-of-etoro-account-suits-you\/#primaryimage"},"image":{"@id":"https:\/\/www.etoro.com\/de\/academy\/videos\/which-kind-of-etoro-account-suits-you\/#primaryimage"},"thumbnailUrl":"https:\/\/www.etoro.com\/wp-content\/uploads\/2022\/09\/5730_600X500_DE.png","datePublished":"2025-01-10T16:22:12+00:00","dateModified":"2025-02-03T11:52:38+00:00","description":"Entdecken Sie in diesem Video die verschiedenen eToro-Kontooptionen, wie Einzelhandels-, Profi-, Firmen- und islamische Konten und tauchen Sie in die Welt des Investings.","breadcrumb":{"@id":"https:\/\/www.etoro.com\/de\/academy\/videos\/which-kind-of-etoro-account-suits-you\/#breadcrumb"},"inLanguage":"de","potentialAction":[{"@type":"ReadAction","target":["https:\/\/www.etoro.com\/de\/academy\/videos\/which-kind-of-etoro-account-suits-you\/"]}]},{"@type":"ImageObject","inLanguage":"de","@id":"https:\/\/www.etoro.com\/de\/academy\/videos\/which-kind-of-etoro-account-suits-you\/#primaryimage","url":"https:\/\/www.etoro.com\/wp-content\/uploads\/2022\/09\/5730_600X500_DE.png","contentUrl":"https:\/\/www.etoro.com\/wp-content\/uploads\/2022\/09\/5730_600X500_DE.png","width":576,"height":385},{"@type":"BreadcrumbList","@id":"https:\/\/www.etoro.com\/de\/academy\/videos\/which-kind-of-etoro-account-suits-you\/#breadcrumb","itemListElement":[{"@type":"ListItem","position":1,"name":"Home","item":"https:\/\/www.etoro.com\/de\/"},{"@type":"ListItem","position":2,"name":"eToro Academy","item":"https:\/\/www.etoro.com\/de\/academy\/"},{"@type":"ListItem","position":3,"name":"Videos","item":"https:\/\/www.etoro.com\/de\/?page_id=262386"},{"@type":"ListItem","position":4,"name":"Welches eToro Konto passt zu Ihnen?"}]},{"@type":"WebSite","@id":"https:\/\/www.etoro.com\/de\/#website","url":"https:\/\/www.etoro.com\/de\/","name":"eToro","description":"","publisher":{"@id":"https:\/\/www.etoro.com\/de\/#organization"},"potentialAction":[{"@type":"SearchAction","target":{"@type":"EntryPoint","urlTemplate":"https:\/\/www.etoro.com\/de\/?s={search_term_string}"},"query-input":{"@type":"PropertyValueSpecification","valueRequired":true,"valueName":"search_term_string"}}],"inLanguage":"de"},[]]}},"_links":{"self":[{"href":"https:\/\/www.etoro.com\/de\/wp-json\/wp\/v2\/pages\/996862"}],"collection":[{"href":"https:\/\/www.etoro.com\/de\/wp-json\/wp\/v2\/pages"}],"about":[{"href":"https:\/\/www.etoro.com\/de\/wp-json\/wp\/v2\/types\/page"}],"author":[{"embeddable":true,"href":"https:\/\/www.etoro.com\/de\/wp-json\/wp\/v2\/users\/96"}],"replies":[{"embeddable":true,"href":"https:\/\/www.etoro.com\/de\/wp-json\/wp\/v2\/comments?post=996862"}],"version-history":[{"count":0,"href":"https:\/\/www.etoro.com\/de\/wp-json\/wp\/v2\/pages\/996862\/revisions"}],"up":[{"embeddable":true,"href":"https:\/\/www.etoro.com\/de\/wp-json\/wp\/v2\/pages\/262386"}],"wp:featuredmedia":[{"embeddable":true,"href":"https:\/\/www.etoro.com\/de\/wp-json\/wp\/v2\/media\/495023"}],"wp:attachment":[{"href":"https:\/\/www.etoro.com\/de\/wp-json\/wp\/v2\/media?parent=996862"}],"wp:term":[{"taxonomy":"asset_type","embeddable":true,"href":"https:\/\/www.etoro.com\/de\/wp-json\/wp\/v2\/asset_type?post=996862"}],"curies":[{"name":"wp","href":"https:\/\/api.w.org\/{rel}","templated":true}]}}