{"id":996870,"date":"2025-01-10T18:22:43","date_gmt":"2025-01-10T16:22:43","guid":{"rendered":"https:\/\/www.etoro.com\/academy\/videos\/tools-for-experienced-investors\/"},"modified":"2025-02-03T13:51:33","modified_gmt":"2025-02-03T11:51:33","slug":"tools-for-experienced-investors","status":"publish","type":"page","link":"https:\/\/www.etoro.com\/de\/academy\/videos\/tools-for-experienced-investors\/","title":{"rendered":"Tools f\u00fcr erfahrene Investoren"},"content":{"rendered":"\n<div class=\"wp-block-etoro-video-transcript\"><div class=\"wp-block-etoro-video-description\"><h2 class=\"wp-block-etoro-video-description-title\">Beschreibung<\/h2><hr\/><div class=\"wp-block-etoro-video-description-content\">Mit eToro haben Sie Zugriff auf eine Vielzahl von Funktionen \u2013 selbst f\u00fcr professionelle Anleger. Trailing Stop-Loss, Volatilit\u00e4tswarnungen, Profi-Charts und alle wichtigen Nachrichten an einem Ort.<\/div><\/div><div class=\"wp-block-etoro-video-transcript-content\"><h2 class=\"wp-block-etoro-video-transcript-title\">Transkript<\/h2><hr\/><div class=\"wp-block-etoro-video-transcript-text\"><div class=\"wp-block-etoro-video-transcript-text-wrapper\">\n<p>Hallo, ich bin Michal.&nbsp;<\/p>\n\n\n\n<p>Wenn du dir dieses Video ansiehst, fragst du dich bestimmt, was eToro einem erfahrenen Anlageexperten wie dir bietet.<\/p>\n\n\n\n<p>Bei eToro lieben wir die technische Analyse, deshalb haben wir Funktionen wie unser Pro-Charts-Tool, das euch dabei hilft, wie ein Profi zu analysieren, der ihr seid&nbsp;<\/p>\n\n\n\n<p>Wenn euch die Fundamentalanalyse mehr zusagt, k\u00f6nnt ihr die Ergebnisse, B\u00f6rseng\u00e4nge und Dividenden in unseren speziellen Kalendern verfolgen und euch mit unserer News-Tab-Funktion auf dem Laufenden halten.<\/p>\n\n\n\n<p>Es hei\u00dft, Investoren sind nur so gut wie ihre Werkzeuge.&nbsp;<\/p>\n\n\n\n<p>Wer sagt das?&nbsp;<\/p>\n\n\n\n<p>Wir sagen das!&nbsp;<\/p>\n\n\n\n<p>Aus diesem Grund ist die eToro-Plattform mit Handels- und Anlagetools ausgestattet.&nbsp;<\/p>\n\n\n\n<p>Unsere One-Click-Handels- und Trailing-Stop-Loss-Funktionen sowie Volatilit\u00e4tswarnungen erm\u00f6glichen es euch, m\u00fchelos zu investieren und gleichzeitig Zeit zu sparen.<\/p>\n\n\n\n<p>Ist es nicht gro\u00dfartig, alle Nachrichten an einem Ort zu erhalten?&nbsp;<\/p>\n\n\n\n<p>Lernt den t\u00e4glichen Newsletter von eToro kennen \u2013 mit allem, was ihr heute \u00fcber die M\u00e4rkte wissen m\u00fcsst!&nbsp;<\/p>\n\n\n\n<p>F\u00fcgt unsere Nachrichten- und Analyse-Seite, einen florierenden Newsfeed und eine Gemeinschaft von Millionen hinzu, die darauf warten, Tipps und Ideen mit euch auszutauschen, so wie ebenfalls viele solide Fundamentaldaten.<\/p>\n\n\n\n<p>Als erfahrener Anleger wisst ihr vermutlich eine Menge \u00fcber einen bestimmten Markt oder Sektor, aber niemand wei\u00df alles\u2026&nbsp;<\/p>\n\n\n\n<p>Aus diesem Grund haben wir die CopyTrader-Funktion erfunden.&nbsp;<\/p>\n\n\n\n<p>Mit diesem preisgekr\u00f6nten Tool k\u00f6nnt ihr andere Anleger kopieren und euch von ihnen helfen lassen, euer Portfolio zu diversifizieren.&nbsp;<\/p>\n\n\n\n<p>Umgekehrt k\u00f6nntet ihr auch kopiert werden und Teil unseres \u201cInvestment-Leaders\u201d-Programms werden.<\/p>\n\n\n\n<p>Wie ihr sehen k\u00f6nnt, ist eToro nicht nur f\u00fcr Neulinge geeignet &#8211; es ist f\u00fcr jeden etwas dabei.&nbsp;<\/p>\n\n\n\n<p>Danke f\u00fcrs Zuschauen!&nbsp;<\/p>\n\n\n\n<p>Wir sehen uns im Feed!<\/p>\n<\/div><button class=\"wp-block-etoro-video-description-more-text\">MEHR ANZEIGAN<svg xmlns=\"http:\/\/www.w3.org\/2000\/svg\" width=\"9\" height=\"6\" viewBox=\"0 0 9 6\" fill=\"none\"><path d=\"M7.5625 1.48616L4.5 4.54866L1.4375 1.48616\" stroke=\"#13C636\" stroke-linecap=\"square\"><\/path><\/svg><\/button><\/div><\/div><\/div>\n","protected":false},"excerpt":{"rendered":"","protected":false},"author":96,"featured_media":494867,"parent":262386,"menu_order":0,"comment_status":"closed","ping_status":"closed","template":"","meta":{"_acf_changed":true,"inline_featured_image":false,"sticky_cta_settings":"","footnotes":""},"asset_type":[],"class_list":["post-996870","page","type-page","status-publish","has-post-thumbnail","hentry"],"acf":[],"yoast_head":"<title>Profi-Tools f\u00fcr Anleger | Video der eToro-Akademie<\/title>\n<meta name=\"description\" content=\"In diesem Video lernen Sie die erweiterten Tools von eToro kennen, darunter Trailing Stop-Loss, Volatilit\u00e4tswarnungen und Profi-Charts. Bleiben Sie einen Schritt voraus\" \/>\n<meta name=\"robots\" content=\"index, follow, max-snippet:-1, max-image-preview:large, max-video-preview:-1\" \/>\n<link rel=\"canonical\" href=\"https:\/\/www.etoro.com\/de\/wp-json\/wp\/v2\/pages\/996870\" \/>\n<meta property=\"og:locale\" content=\"de_DE\" \/>\n<meta property=\"og:type\" content=\"article\" \/>\n<meta property=\"og:title\" content=\"Profi-Tools f\u00fcr Anleger | Video der eToro-Akademie\" \/>\n<meta property=\"og:description\" content=\"In diesem Video lernen Sie die erweiterten Tools von eToro kennen, darunter Trailing Stop-Loss, Volatilit\u00e4tswarnungen und Profi-Charts. Bleiben Sie einen Schritt voraus\" \/>\n<meta property=\"og:url\" content=\"https:\/\/www.etoro.com\/de\/wp-json\/wp\/v2\/pages\/996870\" \/>\n<meta property=\"og:site_name\" content=\"eToro\" \/>\n<meta property=\"article:publisher\" content=\"https:\/\/www.facebook.com\/eToro\/\" \/>\n<meta property=\"article:modified_time\" content=\"2025-02-03T11:51:33+00:00\" \/>\n<meta property=\"og:image\" content=\"https:\/\/www.etoro.com\/wp-content\/uploads\/2022\/09\/0785_600X500_DE.png\" \/>\n\t<meta property=\"og:image:width\" content=\"576\" \/>\n\t<meta property=\"og:image:height\" content=\"385\" \/>\n\t<meta property=\"og:image:type\" content=\"image\/png\" \/>\n<meta name=\"twitter:card\" content=\"summary_large_image\" \/>\n<meta name=\"twitter:site\" content=\"@eToro\" \/>\n<meta name=\"twitter:label1\" content=\"Est. reading time\" \/>\n\t<meta name=\"twitter:data1\" content=\"2 minutes\" \/>\n<script type=\"application\/ld+json\" class=\"yoast-schema-graph\">{\"@context\":\"https:\/\/schema.org\",\"@graph\":[{\"@type\":\"WebPage\",\"@id\":\"https:\/\/www.etoro.com\/de\/academy\/videos\/tools-for-experienced-investors\/\",\"url\":\"https:\/\/www.etoro.com\/de\/academy\/videos\/tools-for-experienced-investors\/\",\"name\":\"Profi-Tools f\u00fcr Anleger | Video der eToro-Akademie\",\"isPartOf\":{\"@id\":\"https:\/\/www.etoro.com\/de\/#website\"},\"primaryImageOfPage\":{\"@id\":\"https:\/\/www.etoro.com\/de\/academy\/videos\/tools-for-experienced-investors\/#primaryimage\"},\"image\":{\"@id\":\"https:\/\/www.etoro.com\/de\/academy\/videos\/tools-for-experienced-investors\/#primaryimage\"},\"thumbnailUrl\":\"https:\/\/www.etoro.com\/wp-content\/uploads\/2022\/09\/0785_600X500_DE.png\",\"datePublished\":\"2025-01-10T16:22:43+00:00\",\"dateModified\":\"2025-02-03T11:51:33+00:00\",\"description\":\"In diesem Video lernen Sie die erweiterten Tools von eToro kennen, darunter Trailing Stop-Loss, Volatilit\u00e4tswarnungen und Profi-Charts. Bleiben Sie einen Schritt voraus\",\"breadcrumb\":{\"@id\":\"https:\/\/www.etoro.com\/de\/academy\/videos\/tools-for-experienced-investors\/#breadcrumb\"},\"inLanguage\":\"de\",\"potentialAction\":[{\"@type\":\"ReadAction\",\"target\":[\"https:\/\/www.etoro.com\/de\/academy\/videos\/tools-for-experienced-investors\/\"]}]},{\"@type\":\"ImageObject\",\"inLanguage\":\"de\",\"@id\":\"https:\/\/www.etoro.com\/de\/academy\/videos\/tools-for-experienced-investors\/#primaryimage\",\"url\":\"https:\/\/www.etoro.com\/wp-content\/uploads\/2022\/09\/0785_600X500_DE.png\",\"contentUrl\":\"https:\/\/www.etoro.com\/wp-content\/uploads\/2022\/09\/0785_600X500_DE.png\",\"width\":576,\"height\":385},{\"@type\":\"BreadcrumbList\",\"@id\":\"https:\/\/www.etoro.com\/de\/academy\/videos\/tools-for-experienced-investors\/#breadcrumb\",\"itemListElement\":[{\"@type\":\"ListItem\",\"position\":1,\"name\":\"Home\",\"item\":\"https:\/\/www.etoro.com\/de\/\"},{\"@type\":\"ListItem\",\"position\":2,\"name\":\"eToro Academy\",\"item\":\"https:\/\/www.etoro.com\/de\/academy\/\"},{\"@type\":\"ListItem\",\"position\":3,\"name\":\"Videos\",\"item\":\"https:\/\/www.etoro.com\/de\/?page_id=262386\"},{\"@type\":\"ListItem\",\"position\":4,\"name\":\"Tools f\u00fcr erfahrene Investoren\"}]},{\"@type\":\"WebSite\",\"@id\":\"https:\/\/www.etoro.com\/de\/#website\",\"url\":\"https:\/\/www.etoro.com\/de\/\",\"name\":\"eToro\",\"description\":\"\",\"publisher\":{\"@id\":\"https:\/\/www.etoro.com\/de\/#organization\"},\"potentialAction\":[{\"@type\":\"SearchAction\",\"target\":{\"@type\":\"EntryPoint\",\"urlTemplate\":\"https:\/\/www.etoro.com\/de\/?s={search_term_string}\"},\"query-input\":{\"@type\":\"PropertyValueSpecification\",\"valueRequired\":true,\"valueName\":\"search_term_string\"}}],\"inLanguage\":\"de\"},[]]}<\/script>","yoast_head_json":{"title":"Profi-Tools f\u00fcr Anleger | Video der eToro-Akademie","description":"In diesem Video lernen Sie die erweiterten Tools von eToro kennen, darunter Trailing Stop-Loss, Volatilit\u00e4tswarnungen und Profi-Charts. Bleiben Sie einen Schritt voraus","robots":{"index":"index","follow":"follow","max-snippet":"max-snippet:-1","max-image-preview":"max-image-preview:large","max-video-preview":"max-video-preview:-1"},"canonical":"https:\/\/www.etoro.com\/de\/wp-json\/wp\/v2\/pages\/996870","og_locale":"de_DE","og_type":"article","og_title":"Profi-Tools f\u00fcr Anleger | Video der eToro-Akademie","og_description":"In diesem Video lernen Sie die erweiterten Tools von eToro kennen, darunter Trailing Stop-Loss, Volatilit\u00e4tswarnungen und Profi-Charts. Bleiben Sie einen Schritt voraus","og_url":"https:\/\/www.etoro.com\/de\/wp-json\/wp\/v2\/pages\/996870","og_site_name":"eToro","article_publisher":"https:\/\/www.facebook.com\/eToro\/","article_modified_time":"2025-02-03T11:51:33+00:00","og_image":[{"width":576,"height":385,"url":"https:\/\/www.etoro.com\/wp-content\/uploads\/2022\/09\/0785_600X500_DE.png","type":"image\/png"}],"twitter_card":"summary_large_image","twitter_site":"@eToro","twitter_misc":{"Est. reading time":"2 minutes"},"schema":{"@context":"https:\/\/schema.org","@graph":[{"@type":"WebPage","@id":"https:\/\/www.etoro.com\/de\/academy\/videos\/tools-for-experienced-investors\/","url":"https:\/\/www.etoro.com\/de\/academy\/videos\/tools-for-experienced-investors\/","name":"Profi-Tools f\u00fcr Anleger | Video der eToro-Akademie","isPartOf":{"@id":"https:\/\/www.etoro.com\/de\/#website"},"primaryImageOfPage":{"@id":"https:\/\/www.etoro.com\/de\/academy\/videos\/tools-for-experienced-investors\/#primaryimage"},"image":{"@id":"https:\/\/www.etoro.com\/de\/academy\/videos\/tools-for-experienced-investors\/#primaryimage"},"thumbnailUrl":"https:\/\/www.etoro.com\/wp-content\/uploads\/2022\/09\/0785_600X500_DE.png","datePublished":"2025-01-10T16:22:43+00:00","dateModified":"2025-02-03T11:51:33+00:00","description":"In diesem Video lernen Sie die erweiterten Tools von eToro kennen, darunter Trailing Stop-Loss, Volatilit\u00e4tswarnungen und Profi-Charts. Bleiben Sie einen Schritt voraus","breadcrumb":{"@id":"https:\/\/www.etoro.com\/de\/academy\/videos\/tools-for-experienced-investors\/#breadcrumb"},"inLanguage":"de","potentialAction":[{"@type":"ReadAction","target":["https:\/\/www.etoro.com\/de\/academy\/videos\/tools-for-experienced-investors\/"]}]},{"@type":"ImageObject","inLanguage":"de","@id":"https:\/\/www.etoro.com\/de\/academy\/videos\/tools-for-experienced-investors\/#primaryimage","url":"https:\/\/www.etoro.com\/wp-content\/uploads\/2022\/09\/0785_600X500_DE.png","contentUrl":"https:\/\/www.etoro.com\/wp-content\/uploads\/2022\/09\/0785_600X500_DE.png","width":576,"height":385},{"@type":"BreadcrumbList","@id":"https:\/\/www.etoro.com\/de\/academy\/videos\/tools-for-experienced-investors\/#breadcrumb","itemListElement":[{"@type":"ListItem","position":1,"name":"Home","item":"https:\/\/www.etoro.com\/de\/"},{"@type":"ListItem","position":2,"name":"eToro Academy","item":"https:\/\/www.etoro.com\/de\/academy\/"},{"@type":"ListItem","position":3,"name":"Videos","item":"https:\/\/www.etoro.com\/de\/?page_id=262386"},{"@type":"ListItem","position":4,"name":"Tools f\u00fcr erfahrene Investoren"}]},{"@type":"WebSite","@id":"https:\/\/www.etoro.com\/de\/#website","url":"https:\/\/www.etoro.com\/de\/","name":"eToro","description":"","publisher":{"@id":"https:\/\/www.etoro.com\/de\/#organization"},"potentialAction":[{"@type":"SearchAction","target":{"@type":"EntryPoint","urlTemplate":"https:\/\/www.etoro.com\/de\/?s={search_term_string}"},"query-input":{"@type":"PropertyValueSpecification","valueRequired":true,"valueName":"search_term_string"}}],"inLanguage":"de"},[]]}},"_links":{"self":[{"href":"https:\/\/www.etoro.com\/de\/wp-json\/wp\/v2\/pages\/996870"}],"collection":[{"href":"https:\/\/www.etoro.com\/de\/wp-json\/wp\/v2\/pages"}],"about":[{"href":"https:\/\/www.etoro.com\/de\/wp-json\/wp\/v2\/types\/page"}],"author":[{"embeddable":true,"href":"https:\/\/www.etoro.com\/de\/wp-json\/wp\/v2\/users\/96"}],"replies":[{"embeddable":true,"href":"https:\/\/www.etoro.com\/de\/wp-json\/wp\/v2\/comments?post=996870"}],"version-history":[{"count":0,"href":"https:\/\/www.etoro.com\/de\/wp-json\/wp\/v2\/pages\/996870\/revisions"}],"up":[{"embeddable":true,"href":"https:\/\/www.etoro.com\/de\/wp-json\/wp\/v2\/pages\/262386"}],"wp:featuredmedia":[{"embeddable":true,"href":"https:\/\/www.etoro.com\/de\/wp-json\/wp\/v2\/media\/494867"}],"wp:attachment":[{"href":"https:\/\/www.etoro.com\/de\/wp-json\/wp\/v2\/media?parent=996870"}],"wp:term":[{"taxonomy":"asset_type","embeddable":true,"href":"https:\/\/www.etoro.com\/de\/wp-json\/wp\/v2\/asset_type?post=996870"}],"curies":[{"name":"wp","href":"https:\/\/api.w.org\/{rel}","templated":true}]}}