{"id":996972,"date":"2025-01-10T18:24:41","date_gmt":"2025-01-10T16:24:41","guid":{"rendered":"https:\/\/www.etoro.com\/academy\/videos\/why-choose-etoro\/"},"modified":"2025-02-03T13:48:10","modified_gmt":"2025-02-03T11:48:10","slug":"why-choose-etoro","status":"publish","type":"page","link":"https:\/\/www.etoro.com\/de\/academy\/videos\/why-choose-etoro\/","title":{"rendered":"Warum sollten Sie eToro w\u00e4hlen?"},"content":{"rendered":"\n<div class=\"wp-block-etoro-video-transcript\"><div class=\"wp-block-etoro-video-description\"><h2 class=\"wp-block-etoro-video-description-title\">Beschreibung<\/h2><hr\/><div class=\"wp-block-etoro-video-description-content\">Warum vertrauen mehr als 25 Millionen Menschen eToro? eToro bietet Ihnen alles, was Sie f\u00fcr Ihre Anlagestrategie brauchen, an einem Ort.<\/div><\/div><div class=\"wp-block-etoro-video-transcript-content\"><h2 class=\"wp-block-etoro-video-transcript-title\">Transkript<\/h2><hr\/><div class=\"wp-block-etoro-video-transcript-text\"><div class=\"wp-block-etoro-video-transcript-text-wrapper\">\n<p>Also, es gibt schon viel dar\u00fcber zu erz\u00e4hlen.&nbsp;<\/p>\n\n\n\n<p>Wie viel Zeit habe ich daf\u00fcr circa?&nbsp;<\/p>\n\n\n\n<p>Betrachte eToro als einen One-Stop-Shop f\u00fcr alle Anlageklassen auf den Finanzm\u00e4rkten.&nbsp;<\/p>\n\n\n\n<p>Du willst zum Beispiel Aktien &#8211; wir haben bei uns Tausende zur Auswahl.&nbsp;<\/p>\n\n\n\n<p>Was haben wir sonst noch?<\/p>\n\n\n\n<p>Kryptos, ETFs, Rohstoffe &#8211; Sonst einen Wunsch?<\/p>\n\n\n\n<p>&nbsp;Indizes und W\u00e4hrungen \u2013 ihr wollt es, wir haben es!<\/p>\n\n\n\n<p>Das ist gar kein Problem, daf\u00fcr haben wir die Akademie!&nbsp;<\/p>\n\n\n\n<p>Sie ist eine gro\u00dfartige Quelle f\u00fcr finanzielle Bildung und hat alles, was man daf\u00fcr ben\u00f6tigt, um zu dem Investor zu werden, der du sein willst.<\/p>\n\n\n\n<p>Als die Social-Investment-Plattform ist unsere Community die beste Informationsquelle, denn Nutzer aus aller Welt tauschen sich \u00fcber die Finanzm\u00e4rkte und Investitionen aus.&nbsp;<\/p>\n\n\n\n<p>Von daher eignet sie sich super daf\u00fcr, unter anderem, wenn man schnell und sicher Informationen erhalten will.&nbsp;<\/p>\n\n\n\n<p>Das ist es, was eToro zum kontaktfreudigsten Investitionsort macht.<\/p>\n\n\n\n<p>Wolltest du nicht immer schon einmal so gut sein wie dein Lieblingsfu\u00dfballspieler?&nbsp;<\/p>\n\n\n\n<p>Nun, das w\u00fcrde eine Menge \u00dcbung erfordern, aber mit unserer CopyTrader-Funktion kannst du das Portfolio deines Lieblings-Investors mit nur wenigen Klicks nachbilden und kopieren.<\/p>\n\n\n\n<p>Wenn du nicht wei\u00dft, in was du investieren solltest, dich aber f\u00fcr ein bestimmtes Thema interessierst, kannst du mit unserer Sammlung kuratierter Smart Portfolios in etwas investieren, was dir am Herzen liegt.<\/p>\n\n\n\n<p>10 Sekunden?&nbsp;<\/p>\n\n\n\n<p>So lange dauert es ungef\u00e4hr, die eToro-App herunterzuladen und loszulegen.<\/p>\n<\/div><button class=\"wp-block-etoro-video-description-more-text\">MEHR ANZEIGAN<svg xmlns=\"http:\/\/www.w3.org\/2000\/svg\" width=\"9\" height=\"6\" viewBox=\"0 0 9 6\" fill=\"none\"><path d=\"M7.5625 1.48616L4.5 4.54866L1.4375 1.48616\" stroke=\"#13C636\" stroke-linecap=\"square\"><\/path><\/svg><\/button><\/div><\/div><\/div>\n","protected":false},"excerpt":{"rendered":"","protected":false},"author":96,"featured_media":494675,"parent":262386,"menu_order":0,"comment_status":"closed","ping_status":"closed","template":"","meta":{"_acf_changed":true,"inline_featured_image":false,"sticky_cta_settings":"","footnotes":""},"asset_type":[],"class_list":["post-996972","page","type-page","status-publish","has-post-thumbnail","hentry"],"acf":[],"yoast_head":"<title>Warum eToro w\u00e4hlen? | Video der eToro-Akademie<\/title>\n<meta name=\"description\" content=\"Erfahren Sie in diesem Video, warum eToro die bevorzugte Wahl f\u00fcr Investoren ist. Alle Anlageklasen wie Aktien, ETFs, Rohstoffe, Indizes und mehr auf einer einzigen Plattform.\" \/>\n<meta name=\"robots\" content=\"index, follow, max-snippet:-1, max-image-preview:large, max-video-preview:-1\" \/>\n<link rel=\"canonical\" href=\"https:\/\/www.etoro.com\/de\/wp-json\/wp\/v2\/pages\/996972\" \/>\n<meta property=\"og:locale\" content=\"de_DE\" \/>\n<meta property=\"og:type\" content=\"article\" \/>\n<meta property=\"og:title\" content=\"Warum eToro w\u00e4hlen? | Video der eToro-Akademie\" \/>\n<meta property=\"og:description\" content=\"Erfahren Sie in diesem Video, warum eToro die bevorzugte Wahl f\u00fcr Investoren ist. Alle Anlageklasen wie Aktien, ETFs, Rohstoffe, Indizes und mehr auf einer einzigen Plattform.\" \/>\n<meta property=\"og:url\" content=\"https:\/\/www.etoro.com\/de\/wp-json\/wp\/v2\/pages\/996972\" \/>\n<meta property=\"og:site_name\" content=\"eToro\" \/>\n<meta property=\"article:publisher\" content=\"https:\/\/www.facebook.com\/eToro\/\" \/>\n<meta property=\"article:modified_time\" content=\"2025-02-03T11:48:10+00:00\" \/>\n<meta property=\"og:image\" content=\"https:\/\/www.etoro.com\/wp-content\/uploads\/2022\/09\/4390_600X500_DE.png\" \/>\n\t<meta property=\"og:image:width\" content=\"576\" \/>\n\t<meta property=\"og:image:height\" content=\"385\" \/>\n\t<meta property=\"og:image:type\" content=\"image\/png\" \/>\n<meta name=\"twitter:card\" content=\"summary_large_image\" \/>\n<meta name=\"twitter:site\" content=\"@eToro\" \/>\n<meta name=\"twitter:label1\" content=\"Est. reading time\" \/>\n\t<meta name=\"twitter:data1\" content=\"1 minute\" \/>\n<script type=\"application\/ld+json\" class=\"yoast-schema-graph\">{\"@context\":\"https:\/\/schema.org\",\"@graph\":[{\"@type\":\"WebPage\",\"@id\":\"https:\/\/www.etoro.com\/de\/academy\/videos\/why-choose-etoro\/\",\"url\":\"https:\/\/www.etoro.com\/de\/academy\/videos\/why-choose-etoro\/\",\"name\":\"Warum eToro w\u00e4hlen? | Video der eToro-Akademie\",\"isPartOf\":{\"@id\":\"https:\/\/www.etoro.com\/de\/#website\"},\"primaryImageOfPage\":{\"@id\":\"https:\/\/www.etoro.com\/de\/academy\/videos\/why-choose-etoro\/#primaryimage\"},\"image\":{\"@id\":\"https:\/\/www.etoro.com\/de\/academy\/videos\/why-choose-etoro\/#primaryimage\"},\"thumbnailUrl\":\"https:\/\/www.etoro.com\/wp-content\/uploads\/2022\/09\/4390_600X500_DE.png\",\"datePublished\":\"2025-01-10T16:24:41+00:00\",\"dateModified\":\"2025-02-03T11:48:10+00:00\",\"description\":\"Erfahren Sie in diesem Video, warum eToro die bevorzugte Wahl f\u00fcr Investoren ist. Alle Anlageklasen wie Aktien, ETFs, Rohstoffe, Indizes und mehr auf einer einzigen Plattform.\",\"breadcrumb\":{\"@id\":\"https:\/\/www.etoro.com\/de\/academy\/videos\/why-choose-etoro\/#breadcrumb\"},\"inLanguage\":\"de\",\"potentialAction\":[{\"@type\":\"ReadAction\",\"target\":[\"https:\/\/www.etoro.com\/de\/academy\/videos\/why-choose-etoro\/\"]}]},{\"@type\":\"ImageObject\",\"inLanguage\":\"de\",\"@id\":\"https:\/\/www.etoro.com\/de\/academy\/videos\/why-choose-etoro\/#primaryimage\",\"url\":\"https:\/\/www.etoro.com\/wp-content\/uploads\/2022\/09\/4390_600X500_DE.png\",\"contentUrl\":\"https:\/\/www.etoro.com\/wp-content\/uploads\/2022\/09\/4390_600X500_DE.png\",\"width\":576,\"height\":385},{\"@type\":\"BreadcrumbList\",\"@id\":\"https:\/\/www.etoro.com\/de\/academy\/videos\/why-choose-etoro\/#breadcrumb\",\"itemListElement\":[{\"@type\":\"ListItem\",\"position\":1,\"name\":\"Home\",\"item\":\"https:\/\/www.etoro.com\/de\/\"},{\"@type\":\"ListItem\",\"position\":2,\"name\":\"eToro Academy\",\"item\":\"https:\/\/www.etoro.com\/de\/academy\/\"},{\"@type\":\"ListItem\",\"position\":3,\"name\":\"Videos\",\"item\":\"https:\/\/www.etoro.com\/de\/?page_id=262386\"},{\"@type\":\"ListItem\",\"position\":4,\"name\":\"Warum sollten Sie eToro w\u00e4hlen?\"}]},{\"@type\":\"WebSite\",\"@id\":\"https:\/\/www.etoro.com\/de\/#website\",\"url\":\"https:\/\/www.etoro.com\/de\/\",\"name\":\"eToro\",\"description\":\"\",\"publisher\":{\"@id\":\"https:\/\/www.etoro.com\/de\/#organization\"},\"potentialAction\":[{\"@type\":\"SearchAction\",\"target\":{\"@type\":\"EntryPoint\",\"urlTemplate\":\"https:\/\/www.etoro.com\/de\/?s={search_term_string}\"},\"query-input\":{\"@type\":\"PropertyValueSpecification\",\"valueRequired\":true,\"valueName\":\"search_term_string\"}}],\"inLanguage\":\"de\"},[]]}<\/script>","yoast_head_json":{"title":"Warum eToro w\u00e4hlen? | Video der eToro-Akademie","description":"Erfahren Sie in diesem Video, warum eToro die bevorzugte Wahl f\u00fcr Investoren ist. Alle Anlageklasen wie Aktien, ETFs, Rohstoffe, Indizes und mehr auf einer einzigen Plattform.","robots":{"index":"index","follow":"follow","max-snippet":"max-snippet:-1","max-image-preview":"max-image-preview:large","max-video-preview":"max-video-preview:-1"},"canonical":"https:\/\/www.etoro.com\/de\/wp-json\/wp\/v2\/pages\/996972","og_locale":"de_DE","og_type":"article","og_title":"Warum eToro w\u00e4hlen? | Video der eToro-Akademie","og_description":"Erfahren Sie in diesem Video, warum eToro die bevorzugte Wahl f\u00fcr Investoren ist. Alle Anlageklasen wie Aktien, ETFs, Rohstoffe, Indizes und mehr auf einer einzigen Plattform.","og_url":"https:\/\/www.etoro.com\/de\/wp-json\/wp\/v2\/pages\/996972","og_site_name":"eToro","article_publisher":"https:\/\/www.facebook.com\/eToro\/","article_modified_time":"2025-02-03T11:48:10+00:00","og_image":[{"width":576,"height":385,"url":"https:\/\/www.etoro.com\/wp-content\/uploads\/2022\/09\/4390_600X500_DE.png","type":"image\/png"}],"twitter_card":"summary_large_image","twitter_site":"@eToro","twitter_misc":{"Est. reading time":"1 minute"},"schema":{"@context":"https:\/\/schema.org","@graph":[{"@type":"WebPage","@id":"https:\/\/www.etoro.com\/de\/academy\/videos\/why-choose-etoro\/","url":"https:\/\/www.etoro.com\/de\/academy\/videos\/why-choose-etoro\/","name":"Warum eToro w\u00e4hlen? | Video der eToro-Akademie","isPartOf":{"@id":"https:\/\/www.etoro.com\/de\/#website"},"primaryImageOfPage":{"@id":"https:\/\/www.etoro.com\/de\/academy\/videos\/why-choose-etoro\/#primaryimage"},"image":{"@id":"https:\/\/www.etoro.com\/de\/academy\/videos\/why-choose-etoro\/#primaryimage"},"thumbnailUrl":"https:\/\/www.etoro.com\/wp-content\/uploads\/2022\/09\/4390_600X500_DE.png","datePublished":"2025-01-10T16:24:41+00:00","dateModified":"2025-02-03T11:48:10+00:00","description":"Erfahren Sie in diesem Video, warum eToro die bevorzugte Wahl f\u00fcr Investoren ist. Alle Anlageklasen wie Aktien, ETFs, Rohstoffe, Indizes und mehr auf einer einzigen Plattform.","breadcrumb":{"@id":"https:\/\/www.etoro.com\/de\/academy\/videos\/why-choose-etoro\/#breadcrumb"},"inLanguage":"de","potentialAction":[{"@type":"ReadAction","target":["https:\/\/www.etoro.com\/de\/academy\/videos\/why-choose-etoro\/"]}]},{"@type":"ImageObject","inLanguage":"de","@id":"https:\/\/www.etoro.com\/de\/academy\/videos\/why-choose-etoro\/#primaryimage","url":"https:\/\/www.etoro.com\/wp-content\/uploads\/2022\/09\/4390_600X500_DE.png","contentUrl":"https:\/\/www.etoro.com\/wp-content\/uploads\/2022\/09\/4390_600X500_DE.png","width":576,"height":385},{"@type":"BreadcrumbList","@id":"https:\/\/www.etoro.com\/de\/academy\/videos\/why-choose-etoro\/#breadcrumb","itemListElement":[{"@type":"ListItem","position":1,"name":"Home","item":"https:\/\/www.etoro.com\/de\/"},{"@type":"ListItem","position":2,"name":"eToro Academy","item":"https:\/\/www.etoro.com\/de\/academy\/"},{"@type":"ListItem","position":3,"name":"Videos","item":"https:\/\/www.etoro.com\/de\/?page_id=262386"},{"@type":"ListItem","position":4,"name":"Warum sollten Sie eToro w\u00e4hlen?"}]},{"@type":"WebSite","@id":"https:\/\/www.etoro.com\/de\/#website","url":"https:\/\/www.etoro.com\/de\/","name":"eToro","description":"","publisher":{"@id":"https:\/\/www.etoro.com\/de\/#organization"},"potentialAction":[{"@type":"SearchAction","target":{"@type":"EntryPoint","urlTemplate":"https:\/\/www.etoro.com\/de\/?s={search_term_string}"},"query-input":{"@type":"PropertyValueSpecification","valueRequired":true,"valueName":"search_term_string"}}],"inLanguage":"de"},[]]}},"_links":{"self":[{"href":"https:\/\/www.etoro.com\/de\/wp-json\/wp\/v2\/pages\/996972"}],"collection":[{"href":"https:\/\/www.etoro.com\/de\/wp-json\/wp\/v2\/pages"}],"about":[{"href":"https:\/\/www.etoro.com\/de\/wp-json\/wp\/v2\/types\/page"}],"author":[{"embeddable":true,"href":"https:\/\/www.etoro.com\/de\/wp-json\/wp\/v2\/users\/96"}],"replies":[{"embeddable":true,"href":"https:\/\/www.etoro.com\/de\/wp-json\/wp\/v2\/comments?post=996972"}],"version-history":[{"count":0,"href":"https:\/\/www.etoro.com\/de\/wp-json\/wp\/v2\/pages\/996972\/revisions"}],"up":[{"embeddable":true,"href":"https:\/\/www.etoro.com\/de\/wp-json\/wp\/v2\/pages\/262386"}],"wp:featuredmedia":[{"embeddable":true,"href":"https:\/\/www.etoro.com\/de\/wp-json\/wp\/v2\/media\/494675"}],"wp:attachment":[{"href":"https:\/\/www.etoro.com\/de\/wp-json\/wp\/v2\/media?parent=996972"}],"wp:term":[{"taxonomy":"asset_type","embeddable":true,"href":"https:\/\/www.etoro.com\/de\/wp-json\/wp\/v2\/asset_type?post=996972"}],"curies":[{"name":"wp","href":"https:\/\/api.w.org\/{rel}","templated":true}]}}