{"id":1006901,"date":"2025-01-10T17:41:40","date_gmt":"2025-01-10T15:41:40","guid":{"rendered":"https:\/\/www.etoro.com\/academy\/videos\/how-to-become-an-etoro-affiliate\/"},"modified":"2025-02-12T17:22:33","modified_gmt":"2025-02-12T15:22:33","slug":"how-to-become-an-etoro-affiliate","status":"publish","type":"page","link":"https:\/\/www.etoro.com\/es\/academy\/videos\/how-to-become-an-etoro-affiliate\/","title":{"rendered":"C\u00f3mo convertirte en afiliado de eToro"},"content":{"rendered":"\n<div class=\"wp-block-etoro-video-transcript\"><div class=\"wp-block-etoro-video-description\"><h2 class=\"wp-block-etoro-video-description-title\">Descripci\u00f3n<\/h2><hr\/><div class=\"wp-block-etoro-video-description-content\">Descubre lo que debes saber para convertirte en afiliado de eToro.<\/div><\/div><div class=\"wp-block-etoro-video-transcript-content\"><h2 class=\"wp-block-etoro-video-transcript-title\">Transcripci\u00f3n<\/h2><hr\/><div class=\"wp-block-etoro-video-transcript-text\"><div class=\"wp-block-etoro-video-transcript-text-wrapper\">\n<p>\u00a1Hola de nuevo!<\/p>\n\n\n\n<p>Qu\u00e9 bueno verte aqu\u00ed otra vez.&nbsp;<\/p>\n\n\n\n<p>Eso significa que has decidido unirte a nuestro programa de afiliados,&nbsp;<\/p>\n\n\n\n<p>y cada vez que alguien se une, esto nos hace muy felices.&nbsp;<\/p>\n\n\n\n<p>Veamos c\u00f3mo se hace.<\/p>\n\n\n\n<p>Para registrarte visita eToropartners.com\/es y haz clic en \u201c\u00fanase ahora&#8221;.<\/p>\n\n\n\n<p>Sigue los pasos completando la informaci\u00f3n requerida: correo electr\u00f3nico, contrase\u00f1a\u2026 lo de siempre.&nbsp;<\/p>\n\n\n\n<p>Tambi\u00e9n te vamos a pedir que decidas&nbsp; si quieres registrarte como cuenta privada o corporativa, dependiendo de c\u00f3mo y d\u00f3nde quieras cobrar.<\/p>\n\n\n\n<p>A continuaci\u00f3n, te vamos a pedir que nos cuentes cu\u00e1les son tus planes.&nbsp;<\/p>\n\n\n\n<p>Necesitamos saber en qu\u00e9 sitios y canales vas a promocionar a eToro y en qu\u00e9 pa\u00edses,ya que las promociones en Estados Unidos y en el resto del mundo requieren de cuentas separadas.&nbsp;<\/p>\n\n\n\n<p>Una vez que te hayas registrado, el estado de tu cuenta va a estar pendiente hasta que sea aprobada por un representante de afiliados.&nbsp;<\/p>\n\n\n\n<p>Mientras tanto, puedes verificar la cuenta, siguiendo las instrucciones de la p\u00e1gina web.&nbsp;<\/p>\n\n\n\n<p>Verificar tu cuenta es imprescindible, ya que no podemos pagarle a cuentas de afiliados que no se encuentren verificadas.&nbsp;<\/p>\n\n\n\n<p>No es mucho trabajo: simplemente tendr\u00e1s que cargar tu DNI o el de la persona autorizada y adem\u00e1s, responder algunas preguntas.&nbsp;<\/p>\n\n\n\n<p>Una vez hecho esto, a\u00f1ade el m\u00e9todo de pago y la divisa que prefieras.<\/p>\n\n\n\n<p>Si necesitamos algo m\u00e1s, haremos que alguien de nuestro equipo se comunique contigo.&nbsp;<\/p>\n\n\n\n<p>Gracias por ver este video, \u00a1Nos vemos en el feed de eToro!<\/p>\n<\/div><button class=\"wp-block-etoro-video-description-more-text\">Mostrar m\u00e1s<svg xmlns=\"http:\/\/www.w3.org\/2000\/svg\" width=\"9\" height=\"6\" viewBox=\"0 0 9 6\" fill=\"none\"><path d=\"M7.5625 1.48616L4.5 4.54866L1.4375 1.48616\" stroke=\"#13C636\" stroke-linecap=\"square\"><\/path><\/svg><\/button><\/div><\/div><\/div>\n","protected":false},"excerpt":{"rendered":"","protected":false},"author":96,"featured_media":642932,"parent":260123,"menu_order":0,"comment_status":"closed","ping_status":"closed","template":"","meta":{"_acf_changed":true,"inline_featured_image":false,"sticky_cta_settings":"","footnotes":""},"asset_type":[],"class_list":["post-1006901","page","type-page","status-publish","has-post-thumbnail","hentry"],"acf":[],"yoast_head":"<title>C\u00f3mo Convertirse en un Afiliado de eToro | Video de la Academia eToro<\/title>\n<meta name=\"description\" content=\"Descubre m\u00e1s sobre el Programa de Afiliados de eToro en este video, incluyendo beneficios, requisitos de elegibilidad y c\u00f3mo comenzar a ganar como afiliado.\" \/>\n<meta name=\"robots\" content=\"index, follow, max-snippet:-1, max-image-preview:large, max-video-preview:-1\" \/>\n<link rel=\"canonical\" href=\"https:\/\/www.etoro.com\/es\/wp-json\/wp\/v2\/pages\/1006901\" \/>\n<meta property=\"og:locale\" content=\"es_ES\" \/>\n<meta property=\"og:type\" content=\"article\" \/>\n<meta property=\"og:title\" content=\"C\u00f3mo Convertirse en un Afiliado de eToro | Video de la Academia eToro\" \/>\n<meta property=\"og:description\" content=\"Descubre m\u00e1s sobre el Programa de Afiliados de eToro en este video, incluyendo beneficios, requisitos de elegibilidad y c\u00f3mo comenzar a ganar como afiliado.\" \/>\n<meta property=\"og:url\" content=\"https:\/\/www.etoro.com\/es\/wp-json\/wp\/v2\/pages\/1006901\" \/>\n<meta property=\"og:site_name\" content=\"eToro\" \/>\n<meta property=\"article:publisher\" content=\"https:\/\/www.facebook.com\/eToro\/\" \/>\n<meta property=\"article:modified_time\" content=\"2025-02-12T15:22:33+00:00\" \/>\n<meta property=\"og:image\" content=\"https:\/\/www.etoro.com\/wp-content\/uploads\/2023\/07\/576x385_ES-1.jpg\" \/>\n\t<meta property=\"og:image:width\" content=\"576\" \/>\n\t<meta property=\"og:image:height\" content=\"385\" \/>\n\t<meta property=\"og:image:type\" content=\"image\/jpeg\" \/>\n<meta name=\"twitter:card\" content=\"summary_large_image\" \/>\n<meta name=\"twitter:site\" content=\"@eToro\" \/>\n<meta name=\"twitter:label1\" content=\"Est. reading time\" \/>\n\t<meta name=\"twitter:data1\" content=\"1 minute\" \/>\n<script type=\"application\/ld+json\" class=\"yoast-schema-graph\">{\"@context\":\"https:\/\/schema.org\",\"@graph\":[{\"@type\":\"WebPage\",\"@id\":\"https:\/\/www.etoro.com\/es\/academy\/videos\/how-to-become-an-etoro-affiliate\/\",\"url\":\"https:\/\/www.etoro.com\/es\/academy\/videos\/how-to-become-an-etoro-affiliate\/\",\"name\":\"C\u00f3mo Convertirse en un Afiliado de eToro | Video de la Academia eToro\",\"isPartOf\":{\"@id\":\"https:\/\/www.etoro.com\/es\/#website\"},\"primaryImageOfPage\":{\"@id\":\"https:\/\/www.etoro.com\/es\/academy\/videos\/how-to-become-an-etoro-affiliate\/#primaryimage\"},\"image\":{\"@id\":\"https:\/\/www.etoro.com\/es\/academy\/videos\/how-to-become-an-etoro-affiliate\/#primaryimage\"},\"thumbnailUrl\":\"https:\/\/www.etoro.com\/wp-content\/uploads\/2023\/07\/576x385_ES-1.jpg\",\"datePublished\":\"2025-01-10T15:41:40+00:00\",\"dateModified\":\"2025-02-12T15:22:33+00:00\",\"description\":\"Descubre m\u00e1s sobre el Programa de Afiliados de eToro en este video, incluyendo beneficios, requisitos de elegibilidad y c\u00f3mo comenzar a ganar como afiliado.\",\"breadcrumb\":{\"@id\":\"https:\/\/www.etoro.com\/es\/academy\/videos\/how-to-become-an-etoro-affiliate\/#breadcrumb\"},\"inLanguage\":\"es\",\"potentialAction\":[{\"@type\":\"ReadAction\",\"target\":[\"https:\/\/www.etoro.com\/es\/academy\/videos\/how-to-become-an-etoro-affiliate\/\"]}]},{\"@type\":\"ImageObject\",\"inLanguage\":\"es\",\"@id\":\"https:\/\/www.etoro.com\/es\/academy\/videos\/how-to-become-an-etoro-affiliate\/#primaryimage\",\"url\":\"https:\/\/www.etoro.com\/wp-content\/uploads\/2023\/07\/576x385_ES-1.jpg\",\"contentUrl\":\"https:\/\/www.etoro.com\/wp-content\/uploads\/2023\/07\/576x385_ES-1.jpg\",\"width\":576,\"height\":385,\"caption\":\"C\u00f3mo convertirte en afiliado de eToro\"},{\"@type\":\"BreadcrumbList\",\"@id\":\"https:\/\/www.etoro.com\/es\/academy\/videos\/how-to-become-an-etoro-affiliate\/#breadcrumb\",\"itemListElement\":[{\"@type\":\"ListItem\",\"position\":1,\"name\":\"Inicio\",\"item\":\"https:\/\/www.etoro.com\/es\/\"},{\"@type\":\"ListItem\",\"position\":2,\"name\":\"eToro Academy\",\"item\":\"https:\/\/www.etoro.com\/es\/academy\/\"},{\"@type\":\"ListItem\",\"position\":3,\"name\":\"V\u00eddeos\",\"item\":\"https:\/\/www.etoro.com\/?page_id=221232\"},{\"@type\":\"ListItem\",\"position\":4,\"name\":\"C\u00f3mo convertirte en afiliado de eToro\"}]},{\"@type\":\"WebSite\",\"@id\":\"https:\/\/www.etoro.com\/es\/#website\",\"url\":\"https:\/\/www.etoro.com\/es\/\",\"name\":\"eToro\",\"description\":\"\",\"publisher\":{\"@id\":\"https:\/\/www.etoro.com\/es\/#organization\"},\"potentialAction\":[{\"@type\":\"SearchAction\",\"target\":{\"@type\":\"EntryPoint\",\"urlTemplate\":\"https:\/\/www.etoro.com\/es\/?s={search_term_string}\"},\"query-input\":{\"@type\":\"PropertyValueSpecification\",\"valueRequired\":true,\"valueName\":\"search_term_string\"}}],\"inLanguage\":\"es\"},[]]}<\/script>","yoast_head_json":{"title":"C\u00f3mo Convertirse en un Afiliado de eToro | Video de la Academia eToro","description":"Descubre m\u00e1s sobre el Programa de Afiliados de eToro en este video, incluyendo beneficios, requisitos de elegibilidad y c\u00f3mo comenzar a ganar como afiliado.","robots":{"index":"index","follow":"follow","max-snippet":"max-snippet:-1","max-image-preview":"max-image-preview:large","max-video-preview":"max-video-preview:-1"},"canonical":"https:\/\/www.etoro.com\/es\/wp-json\/wp\/v2\/pages\/1006901","og_locale":"es_ES","og_type":"article","og_title":"C\u00f3mo Convertirse en un Afiliado de eToro | Video de la Academia eToro","og_description":"Descubre m\u00e1s sobre el Programa de Afiliados de eToro en este video, incluyendo beneficios, requisitos de elegibilidad y c\u00f3mo comenzar a ganar como afiliado.","og_url":"https:\/\/www.etoro.com\/es\/wp-json\/wp\/v2\/pages\/1006901","og_site_name":"eToro","article_publisher":"https:\/\/www.facebook.com\/eToro\/","article_modified_time":"2025-02-12T15:22:33+00:00","og_image":[{"width":576,"height":385,"url":"https:\/\/www.etoro.com\/wp-content\/uploads\/2023\/07\/576x385_ES-1.jpg","type":"image\/jpeg"}],"twitter_card":"summary_large_image","twitter_site":"@eToro","twitter_misc":{"Est. reading time":"1 minute"},"schema":{"@context":"https:\/\/schema.org","@graph":[{"@type":"WebPage","@id":"https:\/\/www.etoro.com\/es\/academy\/videos\/how-to-become-an-etoro-affiliate\/","url":"https:\/\/www.etoro.com\/es\/academy\/videos\/how-to-become-an-etoro-affiliate\/","name":"C\u00f3mo Convertirse en un Afiliado de eToro | Video de la Academia eToro","isPartOf":{"@id":"https:\/\/www.etoro.com\/es\/#website"},"primaryImageOfPage":{"@id":"https:\/\/www.etoro.com\/es\/academy\/videos\/how-to-become-an-etoro-affiliate\/#primaryimage"},"image":{"@id":"https:\/\/www.etoro.com\/es\/academy\/videos\/how-to-become-an-etoro-affiliate\/#primaryimage"},"thumbnailUrl":"https:\/\/www.etoro.com\/wp-content\/uploads\/2023\/07\/576x385_ES-1.jpg","datePublished":"2025-01-10T15:41:40+00:00","dateModified":"2025-02-12T15:22:33+00:00","description":"Descubre m\u00e1s sobre el Programa de Afiliados de eToro en este video, incluyendo beneficios, requisitos de elegibilidad y c\u00f3mo comenzar a ganar como afiliado.","breadcrumb":{"@id":"https:\/\/www.etoro.com\/es\/academy\/videos\/how-to-become-an-etoro-affiliate\/#breadcrumb"},"inLanguage":"es","potentialAction":[{"@type":"ReadAction","target":["https:\/\/www.etoro.com\/es\/academy\/videos\/how-to-become-an-etoro-affiliate\/"]}]},{"@type":"ImageObject","inLanguage":"es","@id":"https:\/\/www.etoro.com\/es\/academy\/videos\/how-to-become-an-etoro-affiliate\/#primaryimage","url":"https:\/\/www.etoro.com\/wp-content\/uploads\/2023\/07\/576x385_ES-1.jpg","contentUrl":"https:\/\/www.etoro.com\/wp-content\/uploads\/2023\/07\/576x385_ES-1.jpg","width":576,"height":385,"caption":"C\u00f3mo convertirte en afiliado de eToro"},{"@type":"BreadcrumbList","@id":"https:\/\/www.etoro.com\/es\/academy\/videos\/how-to-become-an-etoro-affiliate\/#breadcrumb","itemListElement":[{"@type":"ListItem","position":1,"name":"Inicio","item":"https:\/\/www.etoro.com\/es\/"},{"@type":"ListItem","position":2,"name":"eToro Academy","item":"https:\/\/www.etoro.com\/es\/academy\/"},{"@type":"ListItem","position":3,"name":"V\u00eddeos","item":"https:\/\/www.etoro.com\/?page_id=221232"},{"@type":"ListItem","position":4,"name":"C\u00f3mo convertirte en afiliado de eToro"}]},{"@type":"WebSite","@id":"https:\/\/www.etoro.com\/es\/#website","url":"https:\/\/www.etoro.com\/es\/","name":"eToro","description":"","publisher":{"@id":"https:\/\/www.etoro.com\/es\/#organization"},"potentialAction":[{"@type":"SearchAction","target":{"@type":"EntryPoint","urlTemplate":"https:\/\/www.etoro.com\/es\/?s={search_term_string}"},"query-input":{"@type":"PropertyValueSpecification","valueRequired":true,"valueName":"search_term_string"}}],"inLanguage":"es"},[]]}},"_links":{"self":[{"href":"https:\/\/www.etoro.com\/es\/wp-json\/wp\/v2\/pages\/1006901"}],"collection":[{"href":"https:\/\/www.etoro.com\/es\/wp-json\/wp\/v2\/pages"}],"about":[{"href":"https:\/\/www.etoro.com\/es\/wp-json\/wp\/v2\/types\/page"}],"author":[{"embeddable":true,"href":"https:\/\/www.etoro.com\/es\/wp-json\/wp\/v2\/users\/96"}],"replies":[{"embeddable":true,"href":"https:\/\/www.etoro.com\/es\/wp-json\/wp\/v2\/comments?post=1006901"}],"version-history":[{"count":0,"href":"https:\/\/www.etoro.com\/es\/wp-json\/wp\/v2\/pages\/1006901\/revisions"}],"up":[{"embeddable":true,"href":"https:\/\/www.etoro.com\/es\/wp-json\/wp\/v2\/pages\/260123"}],"wp:featuredmedia":[{"embeddable":true,"href":"https:\/\/www.etoro.com\/es\/wp-json\/wp\/v2\/media\/642932"}],"wp:attachment":[{"href":"https:\/\/www.etoro.com\/es\/wp-json\/wp\/v2\/media?parent=1006901"}],"wp:term":[{"taxonomy":"asset_type","embeddable":true,"href":"https:\/\/www.etoro.com\/es\/wp-json\/wp\/v2\/asset_type?post=1006901"}],"curies":[{"name":"wp","href":"https:\/\/api.w.org\/{rel}","templated":true}]}}