{"id":1006903,"date":"2025-01-10T17:40:23","date_gmt":"2025-01-10T15:40:23","guid":{"rendered":"https:\/\/www.etoro.com\/academy\/videos\/becoming-a-popular-investor-on-etoro\/"},"modified":"2025-02-12T17:20:30","modified_gmt":"2025-02-12T15:20:30","slug":"becoming-a-popular-investor-on-etoro","status":"publish","type":"page","link":"https:\/\/www.etoro.com\/es\/academy\/videos\/becoming-a-popular-investor-on-etoro\/","title":{"rendered":"C\u00f3mo convertirte en un Popular Investor"},"content":{"rendered":"\n<div class=\"wp-block-etoro-video-transcript\"><div class=\"wp-block-etoro-video-description\"><h2 class=\"wp-block-etoro-video-description-title\">Descripci\u00f3n<\/h2><hr\/><div class=\"wp-block-etoro-video-description-content\">\u00bfQu\u00e9 necesitas para ser un Popular Investor? Mira este video y obt\u00e9n todos los detalles.<\/div><\/div><div class=\"wp-block-etoro-video-transcript-content\"><h2 class=\"wp-block-etoro-video-transcript-title\">Transcripci\u00f3n<\/h2><hr\/><div class=\"wp-block-etoro-video-transcript-text\"><div class=\"wp-block-etoro-video-transcript-text-wrapper\">\n<p>Hola de nuevo y bienvenido al maravilloso mundo de los \u201c<em>Popular Investor\u201d<\/em>.&nbsp;<\/p>\n\n\n\n<p>En el v\u00eddeo anterior te contamos de qu\u00e9 se trata el programa y a qui\u00e9n est\u00e1 dirigido.&nbsp;<\/p>\n\n\n\n<p>Si est\u00e1s viendo este v\u00eddeo, probablemente te hemos convencido.<\/p>\n\n\n\n<p>As\u00ed que vamos directo al punto: \u00bfqu\u00e9 necesitas para ingresar al programa?&nbsp;<\/p>\n\n\n\n<p>En primer lugar, deber\u00e1s tener una cuenta activa en eToro&nbsp; y tu capital deber\u00e1 ser superior a $1000 d\u00f3lares.&nbsp;<\/p>\n\n\n\n<p>Tu nombre real tiene que ser visible en tu perfil, as\u00ed que nada de apodos extra\u00f1os. Esto mismo vale para tu foto de perfil.&nbsp;<\/p>\n\n\n\n<p>A continuaci\u00f3n,&nbsp; aseg\u00farate de tener una biograf\u00eda de al menos 150 caracteres en la que describas tus objetivos y tu estrategia de inversi\u00f3n.&nbsp;<\/p>\n\n\n\n<p>De este modo, la gente podr\u00e1 observarlo en tus estad\u00edsticas y saber m\u00e1s sobre ti.&nbsp;<\/p>\n\n\n\n<p>Recuerda que la transparencia y la responsabilidad son dos puntos cruciales.&nbsp;<\/p>\n\n\n\n<p>La constancia es igual de importante, por lo que deber\u00e1s tener un historial activo de operaciones e inversiones en eToro de al menos dos meses.&nbsp;<\/p>\n\n\n\n<p>Tambi\u00e9n deber\u00e1s tener en cuenta la volatilidad; cada inversor de eToro tiene una puntuaci\u00f3n de riesgo, que se calcula en funci\u00f3n de varios factores: los tipos de activos que tienes, cu\u00e1nto apalancamiento utilizas, y la volatilidad de las inversiones que realizas.&nbsp;<\/p>\n\n\n\n<p>La combinaci\u00f3n de todos estos factores nos permite a nosotros y a todos los posibles copiadores conocer el riesgo de un portafolio y proteger las inversiones de otros usuarios.<\/p>\n\n\n\n<p>Para ser un Popular Investor, tendr\u00e1s que mantener una puntuaci\u00f3n de riesgo de 7 o menos durante un periodo m\u00ednimo de seis meses.<\/p>\n\n\n\n<p>Por \u00faltimo, tendr\u00e1s que atraer al menos a una persona, financieramente por supuesto. Esto significa que tendr\u00e1s que tener al menos a una persona copi\u00e1ndote.&nbsp;<\/p>\n\n\n\n<p>Si has marcado todas las casillas, simplemente inicia sesi\u00f3n en nuestro apartado dedicado a los Popular Investor en la web de eToro y haz clic en \u201csolicitar\u201d.&nbsp;<\/p>\n\n\n\n<p>Acepta todas las condiciones \u00a1y listo! Tu solicitud ser\u00e1 revisada y recibir\u00e1s una respuesta en un plazo de 14 d\u00edas.&nbsp;<\/p>\n\n\n\n<p>Como Popular Investor gradualmente ascender\u00e1s de rango y obtendr\u00e1s cada vez m\u00e1s ventajas y beneficios.&nbsp;<\/p>\n\n\n\n<p>Por eso, mant\u00e9n una imagen profesional, participa en las discusiones de la comunidad y comparte y brinda informaci\u00f3n sobre tu estrategia.&nbsp;<\/p>\n\n\n\n<p>eToro te promocionar\u00e1 y expondr\u00e1 tu portafolio a otros potenciales seguidores, incluso fuera de la plataforma.&nbsp;<\/p>\n\n\n\n<p>De esta forma todos ganamos. Mucha suerte y \u00a1gracias por mirar este video!.<\/p>\n<\/div><button class=\"wp-block-etoro-video-description-more-text\">Mostrar m\u00e1s<svg xmlns=\"http:\/\/www.w3.org\/2000\/svg\" width=\"9\" height=\"6\" viewBox=\"0 0 9 6\" fill=\"none\"><path d=\"M7.5625 1.48616L4.5 4.54866L1.4375 1.48616\" stroke=\"#13C636\" stroke-linecap=\"square\"><\/path><\/svg><\/button><\/div><\/div><\/div>\n","protected":false},"excerpt":{"rendered":"","protected":false},"author":96,"featured_media":632036,"parent":260123,"menu_order":0,"comment_status":"closed","ping_status":"closed","template":"","meta":{"_acf_changed":true,"inline_featured_image":false,"sticky_cta_settings":"","footnotes":""},"asset_type":[],"class_list":["post-1006903","page","type-page","status-publish","has-post-thumbnail","hentry"],"acf":[],"yoast_head":"<title>C\u00f3mo Convertirse en un Inversor Popular | Video de la Academia de eToro<\/title>\n<meta name=\"description\" content=\"\u00bfQu\u00e9 se necesita para convertirse en un Popular Investor en eToro? Mira este video para conocer todos los requisitos y beneficios del programa.\" \/>\n<meta name=\"robots\" content=\"index, follow, max-snippet:-1, max-image-preview:large, max-video-preview:-1\" \/>\n<link rel=\"canonical\" href=\"https:\/\/www.etoro.com\/es\/wp-json\/wp\/v2\/pages\/1006903\" \/>\n<meta property=\"og:locale\" content=\"es_ES\" \/>\n<meta property=\"og:type\" content=\"article\" \/>\n<meta property=\"og:title\" content=\"C\u00f3mo Convertirse en un Inversor Popular | Video de la Academia de eToro\" \/>\n<meta property=\"og:description\" content=\"\u00bfQu\u00e9 se necesita para convertirse en un Popular Investor en eToro? Mira este video para conocer todos los requisitos y beneficios del programa.\" \/>\n<meta property=\"og:url\" content=\"https:\/\/www.etoro.com\/es\/wp-json\/wp\/v2\/pages\/1006903\" \/>\n<meta property=\"og:site_name\" content=\"eToro\" \/>\n<meta property=\"article:publisher\" content=\"https:\/\/www.facebook.com\/eToro\/\" \/>\n<meta property=\"article:modified_time\" content=\"2025-02-12T15:20:30+00:00\" \/>\n<meta property=\"og:image\" content=\"https:\/\/www.etoro.com\/wp-content\/uploads\/2023\/06\/576x385_ES-1.jpg\" \/>\n\t<meta property=\"og:image:width\" content=\"576\" \/>\n\t<meta property=\"og:image:height\" content=\"385\" \/>\n\t<meta property=\"og:image:type\" content=\"image\/jpeg\" \/>\n<meta name=\"twitter:card\" content=\"summary_large_image\" \/>\n<meta name=\"twitter:site\" content=\"@eToro\" \/>\n<meta name=\"twitter:label1\" content=\"Est. reading time\" \/>\n\t<meta name=\"twitter:data1\" content=\"2 minutes\" \/>\n<script type=\"application\/ld+json\" class=\"yoast-schema-graph\">{\"@context\":\"https:\/\/schema.org\",\"@graph\":[{\"@type\":\"WebPage\",\"@id\":\"https:\/\/www.etoro.com\/es\/academy\/videos\/becoming-a-popular-investor-on-etoro\/\",\"url\":\"https:\/\/www.etoro.com\/es\/academy\/videos\/becoming-a-popular-investor-on-etoro\/\",\"name\":\"C\u00f3mo Convertirse en un Inversor Popular | Video de la Academia de eToro\",\"isPartOf\":{\"@id\":\"https:\/\/www.etoro.com\/es\/#website\"},\"primaryImageOfPage\":{\"@id\":\"https:\/\/www.etoro.com\/es\/academy\/videos\/becoming-a-popular-investor-on-etoro\/#primaryimage\"},\"image\":{\"@id\":\"https:\/\/www.etoro.com\/es\/academy\/videos\/becoming-a-popular-investor-on-etoro\/#primaryimage\"},\"thumbnailUrl\":\"https:\/\/www.etoro.com\/wp-content\/uploads\/2023\/06\/576x385_ES-1.jpg\",\"datePublished\":\"2025-01-10T15:40:23+00:00\",\"dateModified\":\"2025-02-12T15:20:30+00:00\",\"description\":\"\u00bfQu\u00e9 se necesita para convertirse en un Popular Investor en eToro? Mira este video para conocer todos los requisitos y beneficios del programa.\",\"breadcrumb\":{\"@id\":\"https:\/\/www.etoro.com\/es\/academy\/videos\/becoming-a-popular-investor-on-etoro\/#breadcrumb\"},\"inLanguage\":\"es\",\"potentialAction\":[{\"@type\":\"ReadAction\",\"target\":[\"https:\/\/www.etoro.com\/es\/academy\/videos\/becoming-a-popular-investor-on-etoro\/\"]}]},{\"@type\":\"ImageObject\",\"inLanguage\":\"es\",\"@id\":\"https:\/\/www.etoro.com\/es\/academy\/videos\/becoming-a-popular-investor-on-etoro\/#primaryimage\",\"url\":\"https:\/\/www.etoro.com\/wp-content\/uploads\/2023\/06\/576x385_ES-1.jpg\",\"contentUrl\":\"https:\/\/www.etoro.com\/wp-content\/uploads\/2023\/06\/576x385_ES-1.jpg\",\"width\":576,\"height\":385,\"caption\":\"C\u00f3mo convertirte en un Popular Investor\"},{\"@type\":\"BreadcrumbList\",\"@id\":\"https:\/\/www.etoro.com\/es\/academy\/videos\/becoming-a-popular-investor-on-etoro\/#breadcrumb\",\"itemListElement\":[{\"@type\":\"ListItem\",\"position\":1,\"name\":\"Inicio\",\"item\":\"https:\/\/www.etoro.com\/es\/\"},{\"@type\":\"ListItem\",\"position\":2,\"name\":\"eToro Academy\",\"item\":\"https:\/\/www.etoro.com\/es\/academy\/\"},{\"@type\":\"ListItem\",\"position\":3,\"name\":\"V\u00eddeos\",\"item\":\"https:\/\/www.etoro.com\/?page_id=221232\"},{\"@type\":\"ListItem\",\"position\":4,\"name\":\"C\u00f3mo convertirte en un Popular Investor\"}]},{\"@type\":\"WebSite\",\"@id\":\"https:\/\/www.etoro.com\/es\/#website\",\"url\":\"https:\/\/www.etoro.com\/es\/\",\"name\":\"eToro\",\"description\":\"\",\"publisher\":{\"@id\":\"https:\/\/www.etoro.com\/es\/#organization\"},\"potentialAction\":[{\"@type\":\"SearchAction\",\"target\":{\"@type\":\"EntryPoint\",\"urlTemplate\":\"https:\/\/www.etoro.com\/es\/?s={search_term_string}\"},\"query-input\":{\"@type\":\"PropertyValueSpecification\",\"valueRequired\":true,\"valueName\":\"search_term_string\"}}],\"inLanguage\":\"es\"},[]]}<\/script>","yoast_head_json":{"title":"C\u00f3mo Convertirse en un Inversor Popular | Video de la Academia de eToro","description":"\u00bfQu\u00e9 se necesita para convertirse en un Popular Investor en eToro? Mira este video para conocer todos los requisitos y beneficios del programa.","robots":{"index":"index","follow":"follow","max-snippet":"max-snippet:-1","max-image-preview":"max-image-preview:large","max-video-preview":"max-video-preview:-1"},"canonical":"https:\/\/www.etoro.com\/es\/wp-json\/wp\/v2\/pages\/1006903","og_locale":"es_ES","og_type":"article","og_title":"C\u00f3mo Convertirse en un Inversor Popular | Video de la Academia de eToro","og_description":"\u00bfQu\u00e9 se necesita para convertirse en un Popular Investor en eToro? Mira este video para conocer todos los requisitos y beneficios del programa.","og_url":"https:\/\/www.etoro.com\/es\/wp-json\/wp\/v2\/pages\/1006903","og_site_name":"eToro","article_publisher":"https:\/\/www.facebook.com\/eToro\/","article_modified_time":"2025-02-12T15:20:30+00:00","og_image":[{"width":576,"height":385,"url":"https:\/\/www.etoro.com\/wp-content\/uploads\/2023\/06\/576x385_ES-1.jpg","type":"image\/jpeg"}],"twitter_card":"summary_large_image","twitter_site":"@eToro","twitter_misc":{"Est. reading time":"2 minutes"},"schema":{"@context":"https:\/\/schema.org","@graph":[{"@type":"WebPage","@id":"https:\/\/www.etoro.com\/es\/academy\/videos\/becoming-a-popular-investor-on-etoro\/","url":"https:\/\/www.etoro.com\/es\/academy\/videos\/becoming-a-popular-investor-on-etoro\/","name":"C\u00f3mo Convertirse en un Inversor Popular | Video de la Academia de eToro","isPartOf":{"@id":"https:\/\/www.etoro.com\/es\/#website"},"primaryImageOfPage":{"@id":"https:\/\/www.etoro.com\/es\/academy\/videos\/becoming-a-popular-investor-on-etoro\/#primaryimage"},"image":{"@id":"https:\/\/www.etoro.com\/es\/academy\/videos\/becoming-a-popular-investor-on-etoro\/#primaryimage"},"thumbnailUrl":"https:\/\/www.etoro.com\/wp-content\/uploads\/2023\/06\/576x385_ES-1.jpg","datePublished":"2025-01-10T15:40:23+00:00","dateModified":"2025-02-12T15:20:30+00:00","description":"\u00bfQu\u00e9 se necesita para convertirse en un Popular Investor en eToro? Mira este video para conocer todos los requisitos y beneficios del programa.","breadcrumb":{"@id":"https:\/\/www.etoro.com\/es\/academy\/videos\/becoming-a-popular-investor-on-etoro\/#breadcrumb"},"inLanguage":"es","potentialAction":[{"@type":"ReadAction","target":["https:\/\/www.etoro.com\/es\/academy\/videos\/becoming-a-popular-investor-on-etoro\/"]}]},{"@type":"ImageObject","inLanguage":"es","@id":"https:\/\/www.etoro.com\/es\/academy\/videos\/becoming-a-popular-investor-on-etoro\/#primaryimage","url":"https:\/\/www.etoro.com\/wp-content\/uploads\/2023\/06\/576x385_ES-1.jpg","contentUrl":"https:\/\/www.etoro.com\/wp-content\/uploads\/2023\/06\/576x385_ES-1.jpg","width":576,"height":385,"caption":"C\u00f3mo convertirte en un Popular Investor"},{"@type":"BreadcrumbList","@id":"https:\/\/www.etoro.com\/es\/academy\/videos\/becoming-a-popular-investor-on-etoro\/#breadcrumb","itemListElement":[{"@type":"ListItem","position":1,"name":"Inicio","item":"https:\/\/www.etoro.com\/es\/"},{"@type":"ListItem","position":2,"name":"eToro Academy","item":"https:\/\/www.etoro.com\/es\/academy\/"},{"@type":"ListItem","position":3,"name":"V\u00eddeos","item":"https:\/\/www.etoro.com\/?page_id=221232"},{"@type":"ListItem","position":4,"name":"C\u00f3mo convertirte en un Popular Investor"}]},{"@type":"WebSite","@id":"https:\/\/www.etoro.com\/es\/#website","url":"https:\/\/www.etoro.com\/es\/","name":"eToro","description":"","publisher":{"@id":"https:\/\/www.etoro.com\/es\/#organization"},"potentialAction":[{"@type":"SearchAction","target":{"@type":"EntryPoint","urlTemplate":"https:\/\/www.etoro.com\/es\/?s={search_term_string}"},"query-input":{"@type":"PropertyValueSpecification","valueRequired":true,"valueName":"search_term_string"}}],"inLanguage":"es"},[]]}},"_links":{"self":[{"href":"https:\/\/www.etoro.com\/es\/wp-json\/wp\/v2\/pages\/1006903"}],"collection":[{"href":"https:\/\/www.etoro.com\/es\/wp-json\/wp\/v2\/pages"}],"about":[{"href":"https:\/\/www.etoro.com\/es\/wp-json\/wp\/v2\/types\/page"}],"author":[{"embeddable":true,"href":"https:\/\/www.etoro.com\/es\/wp-json\/wp\/v2\/users\/96"}],"replies":[{"embeddable":true,"href":"https:\/\/www.etoro.com\/es\/wp-json\/wp\/v2\/comments?post=1006903"}],"version-history":[{"count":0,"href":"https:\/\/www.etoro.com\/es\/wp-json\/wp\/v2\/pages\/1006903\/revisions"}],"up":[{"embeddable":true,"href":"https:\/\/www.etoro.com\/es\/wp-json\/wp\/v2\/pages\/260123"}],"wp:featuredmedia":[{"embeddable":true,"href":"https:\/\/www.etoro.com\/es\/wp-json\/wp\/v2\/media\/632036"}],"wp:attachment":[{"href":"https:\/\/www.etoro.com\/es\/wp-json\/wp\/v2\/media?parent=1006903"}],"wp:term":[{"taxonomy":"asset_type","embeddable":true,"href":"https:\/\/www.etoro.com\/es\/wp-json\/wp\/v2\/asset_type?post=1006903"}],"curies":[{"name":"wp","href":"https:\/\/api.w.org\/{rel}","templated":true}]}}