{"id":1006905,"date":"2025-01-10T17:37:31","date_gmt":"2025-01-10T15:37:31","guid":{"rendered":"https:\/\/www.etoro.com\/academy\/videos\/etoros-popular-investors-program\/"},"modified":"2025-02-12T17:18:58","modified_gmt":"2025-02-12T15:18:58","slug":"etoros-popular-investors-program","status":"publish","type":"page","link":"https:\/\/www.etoro.com\/es\/academy\/videos\/etoros-popular-investors-program\/","title":{"rendered":"Programa de Popular Investors eToro"},"content":{"rendered":"\n<div class=\"wp-block-etoro-video-transcript\"><div class=\"wp-block-etoro-video-description\"><h2 class=\"wp-block-etoro-video-description-title\">Descripci\u00f3n<\/h2><hr\/><div class=\"wp-block-etoro-video-description-content\">\u00bfAs\u00ed que eres inversor? Es hora de convertirte en uno popular. Conoce todo sobre el programa Popular Investor de eToro.<\/div><\/div><div class=\"wp-block-etoro-video-transcript-content\"><h2 class=\"wp-block-etoro-video-transcript-title\">Transcripci\u00f3n<\/h2><hr\/><div class=\"wp-block-etoro-video-transcript-text\"><div class=\"wp-block-etoro-video-transcript-text-wrapper\">\n<p>\u00a1Hola!<\/p>\n\n\n\n<p>Probablemente ya te encuentres familiarizado con la herramienta de CopyTrader de eToro,la cual te permite copiar las estrategias de otros usuarios, incluidas las de nuestros inversores m\u00e1s populares.&nbsp;<\/p>\n\n\n\n<p>\u00bfPero c\u00f3mo llegaron a ser tan populares estos inversores? \u00bfPresumiendo sus conocimientos? Bueno, quiz\u00e1s tambi\u00e9n. As\u00ed es la vida.&nbsp;<\/p>\n\n\n\n<p>La buena noticia, es que si tienes un don para ello, tambi\u00e9n podr\u00e1s convertirte en uno de los inversores de primera l\u00ednea. Har\u00e1s que otras personas copien tus estrategias y potencialmente podr\u00e1s obtener algunos ingresos extras.&nbsp;<\/p>\n\n\n\n<p>Conoce m\u00e1s sobre el programa de Popular Investors de eToro.<\/p>\n\n\n\n<p>Ya s\u00e9 lo que est\u00e1s pensando: \u201c Oh, apuesto que es solo para gente que trabaja en finanzas o en econom\u00eda o empresas de primer nivel\u201d. Bueno. \u00a1No necesariamente!<\/p>\n\n\n\n<p>Supongamos que trabajas en la industria farmac\u00e9utica. Conoces bien tu sector, as\u00ed que puedes utilizar tu experiencia, para tomar decisiones de inversi\u00f3n en ese campo.<\/p>\n\n\n\n<p>Combinar eso con un poco de talento y dedicaci\u00f3n y de eso se trata ser un Popular Investor.<\/p>\n\n\n\n<p>Ahora bien, al igual que en el ej\u00e9rcito o en el Super Mario Bros, pasar\u00e1s por varias etapas a medida que asciendes de rango. Cada etapa tiene un plan de pago diferente por los ingresos que obtendr\u00e1s, adem\u00e1s de tus posibles ganancias por tus inversiones.&nbsp;<\/p>\n\n\n\n<p>Asimismo, cada etapa tendr\u00e1 sus propias ventajas y beneficios. Acceder\u00e1s a un extenso contenido sobre educaci\u00f3n financiera para seguir aprendiendo y creciendo; tendr\u00e1s un ejecutivo de cuentas para ayudarte con lo que necesites, e incluso un presupuesto para organizar eventos. De esta forma, podr\u00e1s conocer en persona a otros potenciales copiadores.&nbsp;<\/p>\n\n\n\n<p>As\u00ed que si crees que cumples con los requisitos necesarios&nbsp; y quieres construir tu propia comunidad de inversores&nbsp; d\u00e1ndole brillo a tus conocimientos, solicita hoy mismo unirte al programa de Popular Investors.<\/p>\n\n\n\n<p>Te explicaremos c\u00f3mo en el video siguiente.&nbsp;<\/p>\n\n\n\n<p>Hasta pronto \u00a1Gracias por ver este video!<\/p>\n<\/div><button class=\"wp-block-etoro-video-description-more-text\">Mostrar m\u00e1s<svg xmlns=\"http:\/\/www.w3.org\/2000\/svg\" width=\"9\" height=\"6\" viewBox=\"0 0 9 6\" fill=\"none\"><path d=\"M7.5625 1.48616L4.5 4.54866L1.4375 1.48616\" stroke=\"#13C636\" stroke-linecap=\"square\"><\/path><\/svg><\/button><\/div><\/div><\/div>\n","protected":false},"excerpt":{"rendered":"","protected":false},"author":96,"featured_media":632011,"parent":260123,"menu_order":0,"comment_status":"closed","ping_status":"closed","template":"","meta":{"_acf_changed":true,"inline_featured_image":false,"sticky_cta_settings":"","footnotes":""},"asset_type":[],"class_list":["post-1006905","page","type-page","status-publish","has-post-thumbnail","hentry"],"acf":[],"yoast_head":"<title>Programa de Inversores Populares de eToro | Video de la Academia de eToro<\/title>\n<meta name=\"description\" content=\"Descubre todo sobre el Programa de Popular Investor de eToro en este video, incluyendo sus beneficios y c\u00f3mo unirte. Comienza tu camino para convertirte en un Popular Investor hoy mismo.\" \/>\n<meta name=\"robots\" content=\"index, follow, max-snippet:-1, max-image-preview:large, max-video-preview:-1\" \/>\n<link rel=\"canonical\" href=\"https:\/\/www.etoro.com\/es\/wp-json\/wp\/v2\/pages\/1006905\" \/>\n<meta property=\"og:locale\" content=\"es_ES\" \/>\n<meta property=\"og:type\" content=\"article\" \/>\n<meta property=\"og:title\" content=\"Programa de Inversores Populares de eToro | Video de la Academia de eToro\" \/>\n<meta property=\"og:description\" content=\"Descubre todo sobre el Programa de Popular Investor de eToro en este video, incluyendo sus beneficios y c\u00f3mo unirte. Comienza tu camino para convertirte en un Popular Investor hoy mismo.\" \/>\n<meta property=\"og:url\" content=\"https:\/\/www.etoro.com\/es\/wp-json\/wp\/v2\/pages\/1006905\" \/>\n<meta property=\"og:site_name\" content=\"eToro\" \/>\n<meta property=\"article:publisher\" content=\"https:\/\/www.facebook.com\/eToro\/\" \/>\n<meta property=\"article:modified_time\" content=\"2025-02-12T15:18:58+00:00\" \/>\n<meta property=\"og:image\" content=\"https:\/\/www.etoro.com\/wp-content\/uploads\/2023\/06\/Todo-lo-que-TU-querias-saber-sobre-el-programa-Popular-Investors-de-eToro.jpg\" \/>\n\t<meta property=\"og:image:width\" content=\"576\" \/>\n\t<meta property=\"og:image:height\" content=\"385\" \/>\n\t<meta property=\"og:image:type\" content=\"image\/jpeg\" \/>\n<meta name=\"twitter:card\" content=\"summary_large_image\" \/>\n<meta name=\"twitter:site\" content=\"@eToro\" \/>\n<meta name=\"twitter:label1\" content=\"Est. reading time\" \/>\n\t<meta name=\"twitter:data1\" content=\"2 minutes\" \/>\n<script type=\"application\/ld+json\" class=\"yoast-schema-graph\">{\"@context\":\"https:\/\/schema.org\",\"@graph\":[{\"@type\":\"WebPage\",\"@id\":\"https:\/\/www.etoro.com\/es\/academy\/videos\/etoros-popular-investors-program\/\",\"url\":\"https:\/\/www.etoro.com\/es\/academy\/videos\/etoros-popular-investors-program\/\",\"name\":\"Programa de Inversores Populares de eToro | Video de la Academia de eToro\",\"isPartOf\":{\"@id\":\"https:\/\/www.etoro.com\/es\/#website\"},\"primaryImageOfPage\":{\"@id\":\"https:\/\/www.etoro.com\/es\/academy\/videos\/etoros-popular-investors-program\/#primaryimage\"},\"image\":{\"@id\":\"https:\/\/www.etoro.com\/es\/academy\/videos\/etoros-popular-investors-program\/#primaryimage\"},\"thumbnailUrl\":\"https:\/\/www.etoro.com\/wp-content\/uploads\/2023\/06\/Todo-lo-que-TU-querias-saber-sobre-el-programa-Popular-Investors-de-eToro.jpg\",\"datePublished\":\"2025-01-10T15:37:31+00:00\",\"dateModified\":\"2025-02-12T15:18:58+00:00\",\"description\":\"Descubre todo sobre el Programa de Popular Investor de eToro en este video, incluyendo sus beneficios y c\u00f3mo unirte. Comienza tu camino para convertirte en un Popular Investor hoy mismo.\",\"breadcrumb\":{\"@id\":\"https:\/\/www.etoro.com\/es\/academy\/videos\/etoros-popular-investors-program\/#breadcrumb\"},\"inLanguage\":\"es\",\"potentialAction\":[{\"@type\":\"ReadAction\",\"target\":[\"https:\/\/www.etoro.com\/es\/academy\/videos\/etoros-popular-investors-program\/\"]}]},{\"@type\":\"ImageObject\",\"inLanguage\":\"es\",\"@id\":\"https:\/\/www.etoro.com\/es\/academy\/videos\/etoros-popular-investors-program\/#primaryimage\",\"url\":\"https:\/\/www.etoro.com\/wp-content\/uploads\/2023\/06\/Todo-lo-que-TU-querias-saber-sobre-el-programa-Popular-Investors-de-eToro.jpg\",\"contentUrl\":\"https:\/\/www.etoro.com\/wp-content\/uploads\/2023\/06\/Todo-lo-que-TU-querias-saber-sobre-el-programa-Popular-Investors-de-eToro.jpg\",\"width\":576,\"height\":385,\"caption\":\"Todo lo que TU quer\u00edas saber sobre el programa Popular Investors de eToro\"},{\"@type\":\"BreadcrumbList\",\"@id\":\"https:\/\/www.etoro.com\/es\/academy\/videos\/etoros-popular-investors-program\/#breadcrumb\",\"itemListElement\":[{\"@type\":\"ListItem\",\"position\":1,\"name\":\"Inicio\",\"item\":\"https:\/\/www.etoro.com\/es\/\"},{\"@type\":\"ListItem\",\"position\":2,\"name\":\"eToro Academy\",\"item\":\"https:\/\/www.etoro.com\/es\/academy\/\"},{\"@type\":\"ListItem\",\"position\":3,\"name\":\"V\u00eddeos\",\"item\":\"https:\/\/www.etoro.com\/?page_id=221232\"},{\"@type\":\"ListItem\",\"position\":4,\"name\":\"Programa de Popular Investors eToro\"}]},{\"@type\":\"WebSite\",\"@id\":\"https:\/\/www.etoro.com\/es\/#website\",\"url\":\"https:\/\/www.etoro.com\/es\/\",\"name\":\"eToro\",\"description\":\"\",\"publisher\":{\"@id\":\"https:\/\/www.etoro.com\/es\/#organization\"},\"potentialAction\":[{\"@type\":\"SearchAction\",\"target\":{\"@type\":\"EntryPoint\",\"urlTemplate\":\"https:\/\/www.etoro.com\/es\/?s={search_term_string}\"},\"query-input\":{\"@type\":\"PropertyValueSpecification\",\"valueRequired\":true,\"valueName\":\"search_term_string\"}}],\"inLanguage\":\"es\"},[]]}<\/script>","yoast_head_json":{"title":"Programa de Inversores Populares de eToro | Video de la Academia de eToro","description":"Descubre todo sobre el Programa de Popular Investor de eToro en este video, incluyendo sus beneficios y c\u00f3mo unirte. Comienza tu camino para convertirte en un Popular Investor hoy mismo.","robots":{"index":"index","follow":"follow","max-snippet":"max-snippet:-1","max-image-preview":"max-image-preview:large","max-video-preview":"max-video-preview:-1"},"canonical":"https:\/\/www.etoro.com\/es\/wp-json\/wp\/v2\/pages\/1006905","og_locale":"es_ES","og_type":"article","og_title":"Programa de Inversores Populares de eToro | Video de la Academia de eToro","og_description":"Descubre todo sobre el Programa de Popular Investor de eToro en este video, incluyendo sus beneficios y c\u00f3mo unirte. Comienza tu camino para convertirte en un Popular Investor hoy mismo.","og_url":"https:\/\/www.etoro.com\/es\/wp-json\/wp\/v2\/pages\/1006905","og_site_name":"eToro","article_publisher":"https:\/\/www.facebook.com\/eToro\/","article_modified_time":"2025-02-12T15:18:58+00:00","og_image":[{"width":576,"height":385,"url":"https:\/\/www.etoro.com\/wp-content\/uploads\/2023\/06\/Todo-lo-que-TU-querias-saber-sobre-el-programa-Popular-Investors-de-eToro.jpg","type":"image\/jpeg"}],"twitter_card":"summary_large_image","twitter_site":"@eToro","twitter_misc":{"Est. reading time":"2 minutes"},"schema":{"@context":"https:\/\/schema.org","@graph":[{"@type":"WebPage","@id":"https:\/\/www.etoro.com\/es\/academy\/videos\/etoros-popular-investors-program\/","url":"https:\/\/www.etoro.com\/es\/academy\/videos\/etoros-popular-investors-program\/","name":"Programa de Inversores Populares de eToro | Video de la Academia de eToro","isPartOf":{"@id":"https:\/\/www.etoro.com\/es\/#website"},"primaryImageOfPage":{"@id":"https:\/\/www.etoro.com\/es\/academy\/videos\/etoros-popular-investors-program\/#primaryimage"},"image":{"@id":"https:\/\/www.etoro.com\/es\/academy\/videos\/etoros-popular-investors-program\/#primaryimage"},"thumbnailUrl":"https:\/\/www.etoro.com\/wp-content\/uploads\/2023\/06\/Todo-lo-que-TU-querias-saber-sobre-el-programa-Popular-Investors-de-eToro.jpg","datePublished":"2025-01-10T15:37:31+00:00","dateModified":"2025-02-12T15:18:58+00:00","description":"Descubre todo sobre el Programa de Popular Investor de eToro en este video, incluyendo sus beneficios y c\u00f3mo unirte. Comienza tu camino para convertirte en un Popular Investor hoy mismo.","breadcrumb":{"@id":"https:\/\/www.etoro.com\/es\/academy\/videos\/etoros-popular-investors-program\/#breadcrumb"},"inLanguage":"es","potentialAction":[{"@type":"ReadAction","target":["https:\/\/www.etoro.com\/es\/academy\/videos\/etoros-popular-investors-program\/"]}]},{"@type":"ImageObject","inLanguage":"es","@id":"https:\/\/www.etoro.com\/es\/academy\/videos\/etoros-popular-investors-program\/#primaryimage","url":"https:\/\/www.etoro.com\/wp-content\/uploads\/2023\/06\/Todo-lo-que-TU-querias-saber-sobre-el-programa-Popular-Investors-de-eToro.jpg","contentUrl":"https:\/\/www.etoro.com\/wp-content\/uploads\/2023\/06\/Todo-lo-que-TU-querias-saber-sobre-el-programa-Popular-Investors-de-eToro.jpg","width":576,"height":385,"caption":"Todo lo que TU quer\u00edas saber sobre el programa Popular Investors de eToro"},{"@type":"BreadcrumbList","@id":"https:\/\/www.etoro.com\/es\/academy\/videos\/etoros-popular-investors-program\/#breadcrumb","itemListElement":[{"@type":"ListItem","position":1,"name":"Inicio","item":"https:\/\/www.etoro.com\/es\/"},{"@type":"ListItem","position":2,"name":"eToro Academy","item":"https:\/\/www.etoro.com\/es\/academy\/"},{"@type":"ListItem","position":3,"name":"V\u00eddeos","item":"https:\/\/www.etoro.com\/?page_id=221232"},{"@type":"ListItem","position":4,"name":"Programa de Popular Investors eToro"}]},{"@type":"WebSite","@id":"https:\/\/www.etoro.com\/es\/#website","url":"https:\/\/www.etoro.com\/es\/","name":"eToro","description":"","publisher":{"@id":"https:\/\/www.etoro.com\/es\/#organization"},"potentialAction":[{"@type":"SearchAction","target":{"@type":"EntryPoint","urlTemplate":"https:\/\/www.etoro.com\/es\/?s={search_term_string}"},"query-input":{"@type":"PropertyValueSpecification","valueRequired":true,"valueName":"search_term_string"}}],"inLanguage":"es"},[]]}},"_links":{"self":[{"href":"https:\/\/www.etoro.com\/es\/wp-json\/wp\/v2\/pages\/1006905"}],"collection":[{"href":"https:\/\/www.etoro.com\/es\/wp-json\/wp\/v2\/pages"}],"about":[{"href":"https:\/\/www.etoro.com\/es\/wp-json\/wp\/v2\/types\/page"}],"author":[{"embeddable":true,"href":"https:\/\/www.etoro.com\/es\/wp-json\/wp\/v2\/users\/96"}],"replies":[{"embeddable":true,"href":"https:\/\/www.etoro.com\/es\/wp-json\/wp\/v2\/comments?post=1006905"}],"version-history":[{"count":0,"href":"https:\/\/www.etoro.com\/es\/wp-json\/wp\/v2\/pages\/1006905\/revisions"}],"up":[{"embeddable":true,"href":"https:\/\/www.etoro.com\/es\/wp-json\/wp\/v2\/pages\/260123"}],"wp:featuredmedia":[{"embeddable":true,"href":"https:\/\/www.etoro.com\/es\/wp-json\/wp\/v2\/media\/632011"}],"wp:attachment":[{"href":"https:\/\/www.etoro.com\/es\/wp-json\/wp\/v2\/media?parent=1006905"}],"wp:term":[{"taxonomy":"asset_type","embeddable":true,"href":"https:\/\/www.etoro.com\/es\/wp-json\/wp\/v2\/asset_type?post=1006905"}],"curies":[{"name":"wp","href":"https:\/\/api.w.org\/{rel}","templated":true}]}}