{"id":1007768,"date":"2025-01-10T17:43:40","date_gmt":"2025-01-10T15:43:40","guid":{"rendered":"https:\/\/www.etoro.com\/academy\/videos\/what-is-etoros-affiliate-program\/"},"modified":"2025-02-12T17:15:37","modified_gmt":"2025-02-12T15:15:37","slug":"what-is-etoros-affiliate-program","status":"publish","type":"page","link":"https:\/\/www.etoro.com\/es\/academy\/videos\/what-is-etoros-affiliate-program\/","title":{"rendered":"Programa de Afiliados de eToro"},"content":{"rendered":"\n<div class=\"wp-block-etoro-video-transcript\"><div class=\"wp-block-etoro-video-description\"><h2 class=\"wp-block-etoro-video-description-title\">Descripci\u00f3n<\/h2><hr\/><div class=\"wp-block-etoro-video-description-content\">\u00bfTienes 2 minutos? Conoce el Programa de Afiliados de eToro: sus ventajas, todo lo que puedes lograr con \u00e9l, quienes son elegibles y quienes no podr\u00edan participar.<\/div><\/div><div class=\"wp-block-etoro-video-transcript-content\"><h2 class=\"wp-block-etoro-video-transcript-title\">Transcripci\u00f3n<\/h2><hr\/><div class=\"wp-block-etoro-video-transcript-text\"><div class=\"wp-block-etoro-video-transcript-text-wrapper\">\n<p>\u00bfTe gustar\u00eda asociarte a una marca fuerte y exitosa? \u00bfPromover una forma innovadora y emocionante de hacer trading e invertir? Y adem\u00e1s, \u00bfobtener una remuneraci\u00f3n por ello?<\/p>\n\n\n\n<p>En eToro comprendemos el valor de tener socios. Te daremos todo lo que necesites para maximizar tu campa\u00f1a de marketing: asesoramiento a cargo de affiliate managers, herramientas de seguimiento, sitios web, banners que muestran las tarifas en tiempo real y mucho m\u00e1s.<\/p>\n\n\n\n<p>\u00bfPor qu\u00e9 elegir eToro? Somos una empresa confiable y ampliamente regulada desde el 2007. Nos conocen por nuestras altas tasas de conversi\u00f3n, por nuestra plataforma f\u00e1cil de usar y por la amplia variedad de instrumentos para invertir y hacer trading.&nbsp;<\/p>\n\n\n\n<p>M\u00e1s de 3.000 activos, acciones, divisas criptomonedas, ETF y Smart Portfolios. Pero por encima de todo esto eToro est\u00e1 formado por y para personas deseosas de compartir sus conocimientos y experiencias.&nbsp;<\/p>\n\n\n\n<p>Es la \u00fanica plataforma de inversi\u00f3n que cuenta con una comunidad global de millones de inversores que cada d\u00eda debaten sobre los mercados y tienen posibilidad de copiar a otros inversores.&nbsp;<\/p>\n\n\n\n<p>Pi\u00e9nsalo un momento: puedes estar en cualquier parte del mundo y hablar cualquier idioma. Nuestra plataforma y amplia variedad de activos atraen a todo el mundo, en cualquier lugar y con cualquier nivel de experiencia.<\/p>\n\n\n\n<p>Eso es mucho tr\u00e1fico potencial.<\/p>\n\n\n\n<p>Entonces, \u00bfqui\u00e9n puede unirse a nuestro programa de afiliados? Cualquier persona con presencia online como un sitio web o un canal de YouTube. No estar\u00eda de m\u00e1s que fueras un profesional del marketing digital o un bloguero. Tambi\u00e9n, si eres parte de un sitio de noticias o de educaci\u00f3n financiera, entonces esto es para vos.<\/p>\n\n\n\n<p>Sin embargo, si eres propietario de una p\u00e1gina de juegos de azar o de apuestas, un promotor del \u201chacerte rico r\u00e1pido\u201d o un asesor financiero. Lo siento, entonces este sitio<\/p>\n\n\n\n<p>no es para ti.<\/p>\n\n\n\n<p>\u00bfQu\u00e9 te parece si te unes? En los pr\u00f3ximos v\u00eddeos te mostraremos c\u00f3mo hacerlo.&nbsp;<\/p>\n\n\n\n<p>Siento que este es el comienzo de una hermosa relaci\u00f3n.&nbsp;<\/p>\n\n\n\n<p>\u00bfNo te parece?<\/p>\n\n\n\n<p>Gracias por mirar este video. Nos vemos en el feed de eToro.<\/p>\n<\/div><button class=\"wp-block-etoro-video-description-more-text\">Mostrar m\u00e1s<svg xmlns=\"http:\/\/www.w3.org\/2000\/svg\" width=\"9\" height=\"6\" viewBox=\"0 0 9 6\" fill=\"none\"><path d=\"M7.5625 1.48616L4.5 4.54866L1.4375 1.48616\" stroke=\"#13C636\" stroke-linecap=\"square\"><\/path><\/svg><\/button><\/div><\/div><\/div>\n","protected":false},"excerpt":{"rendered":"","protected":false},"author":96,"featured_media":629010,"parent":260123,"menu_order":0,"comment_status":"closed","ping_status":"closed","template":"","meta":{"_acf_changed":true,"inline_featured_image":false,"sticky_cta_settings":"","footnotes":""},"asset_type":[],"class_list":["post-1007768","page","type-page","status-publish","has-post-thumbnail","hentry"],"acf":[],"yoast_head":"<title>\u00bfQu\u00e9 es el Programa de Afiliados de eToro? | Video de la Academia de eToro<\/title>\n<meta name=\"description\" content=\"Descubre m\u00e1s sobre el Programa de Afiliados de eToro en este video, incluyendo beneficios, oportunidades y c\u00f3mo unirte a este exclusivo programa.\" \/>\n<meta name=\"robots\" content=\"index, follow, max-snippet:-1, max-image-preview:large, max-video-preview:-1\" \/>\n<link rel=\"canonical\" href=\"https:\/\/www.etoro.com\/es\/wp-json\/wp\/v2\/pages\/1007768\" \/>\n<meta property=\"og:locale\" content=\"es_ES\" \/>\n<meta property=\"og:type\" content=\"article\" \/>\n<meta property=\"og:title\" content=\"\u00bfQu\u00e9 es el Programa de Afiliados de eToro? | Video de la Academia de eToro\" \/>\n<meta property=\"og:description\" content=\"Descubre m\u00e1s sobre el Programa de Afiliados de eToro en este video, incluyendo beneficios, oportunidades y c\u00f3mo unirte a este exclusivo programa.\" \/>\n<meta property=\"og:url\" content=\"https:\/\/www.etoro.com\/es\/wp-json\/wp\/v2\/pages\/1007768\" \/>\n<meta property=\"og:site_name\" content=\"eToro\" \/>\n<meta property=\"article:publisher\" content=\"https:\/\/www.facebook.com\/eToro\/\" \/>\n<meta property=\"article:modified_time\" content=\"2025-02-12T15:15:37+00:00\" \/>\n<meta property=\"og:image\" content=\"https:\/\/www.etoro.com\/wp-content\/uploads\/2023\/06\/576x385_ES.jpg\" \/>\n\t<meta property=\"og:image:width\" content=\"576\" \/>\n\t<meta property=\"og:image:height\" content=\"385\" \/>\n\t<meta property=\"og:image:type\" content=\"image\/jpeg\" \/>\n<meta name=\"twitter:card\" content=\"summary_large_image\" \/>\n<meta name=\"twitter:site\" content=\"@eToro\" \/>\n<meta name=\"twitter:label1\" content=\"Est. reading time\" \/>\n\t<meta name=\"twitter:data1\" content=\"2 minutes\" \/>\n<script type=\"application\/ld+json\" class=\"yoast-schema-graph\">{\"@context\":\"https:\/\/schema.org\",\"@graph\":[{\"@type\":\"WebPage\",\"@id\":\"https:\/\/www.etoro.com\/es\/academy\/videos\/what-is-etoros-affiliate-program\/\",\"url\":\"https:\/\/www.etoro.com\/es\/academy\/videos\/what-is-etoros-affiliate-program\/\",\"name\":\"\u00bfQu\u00e9 es el Programa de Afiliados de eToro? | Video de la Academia de eToro\",\"isPartOf\":{\"@id\":\"https:\/\/www.etoro.com\/es\/#website\"},\"primaryImageOfPage\":{\"@id\":\"https:\/\/www.etoro.com\/es\/academy\/videos\/what-is-etoros-affiliate-program\/#primaryimage\"},\"image\":{\"@id\":\"https:\/\/www.etoro.com\/es\/academy\/videos\/what-is-etoros-affiliate-program\/#primaryimage\"},\"thumbnailUrl\":\"https:\/\/www.etoro.com\/wp-content\/uploads\/2023\/06\/576x385_ES.jpg\",\"datePublished\":\"2025-01-10T15:43:40+00:00\",\"dateModified\":\"2025-02-12T15:15:37+00:00\",\"description\":\"Descubre m\u00e1s sobre el Programa de Afiliados de eToro en este video, incluyendo beneficios, oportunidades y c\u00f3mo unirte a este exclusivo programa.\",\"breadcrumb\":{\"@id\":\"https:\/\/www.etoro.com\/es\/academy\/videos\/what-is-etoros-affiliate-program\/#breadcrumb\"},\"inLanguage\":\"es\",\"potentialAction\":[{\"@type\":\"ReadAction\",\"target\":[\"https:\/\/www.etoro.com\/es\/academy\/videos\/what-is-etoros-affiliate-program\/\"]}]},{\"@type\":\"ImageObject\",\"inLanguage\":\"es\",\"@id\":\"https:\/\/www.etoro.com\/es\/academy\/videos\/what-is-etoros-affiliate-program\/#primaryimage\",\"url\":\"https:\/\/www.etoro.com\/wp-content\/uploads\/2023\/06\/576x385_ES.jpg\",\"contentUrl\":\"https:\/\/www.etoro.com\/wp-content\/uploads\/2023\/06\/576x385_ES.jpg\",\"width\":576,\"height\":385,\"caption\":\"Conoce todo sobre el Programa de Afiliados de eToro\"},{\"@type\":\"BreadcrumbList\",\"@id\":\"https:\/\/www.etoro.com\/es\/academy\/videos\/what-is-etoros-affiliate-program\/#breadcrumb\",\"itemListElement\":[{\"@type\":\"ListItem\",\"position\":1,\"name\":\"Inicio\",\"item\":\"https:\/\/www.etoro.com\/es\/\"},{\"@type\":\"ListItem\",\"position\":2,\"name\":\"eToro Academy\",\"item\":\"https:\/\/www.etoro.com\/es\/academy\/\"},{\"@type\":\"ListItem\",\"position\":3,\"name\":\"V\u00eddeos\",\"item\":\"https:\/\/www.etoro.com\/?page_id=221232\"},{\"@type\":\"ListItem\",\"position\":4,\"name\":\"Programa de Afiliados de eToro\"}]},{\"@type\":\"WebSite\",\"@id\":\"https:\/\/www.etoro.com\/es\/#website\",\"url\":\"https:\/\/www.etoro.com\/es\/\",\"name\":\"eToro\",\"description\":\"\",\"publisher\":{\"@id\":\"https:\/\/www.etoro.com\/es\/#organization\"},\"potentialAction\":[{\"@type\":\"SearchAction\",\"target\":{\"@type\":\"EntryPoint\",\"urlTemplate\":\"https:\/\/www.etoro.com\/es\/?s={search_term_string}\"},\"query-input\":{\"@type\":\"PropertyValueSpecification\",\"valueRequired\":true,\"valueName\":\"search_term_string\"}}],\"inLanguage\":\"es\"},[]]}<\/script>","yoast_head_json":{"title":"\u00bfQu\u00e9 es el Programa de Afiliados de eToro? | Video de la Academia de eToro","description":"Descubre m\u00e1s sobre el Programa de Afiliados de eToro en este video, incluyendo beneficios, oportunidades y c\u00f3mo unirte a este exclusivo programa.","robots":{"index":"index","follow":"follow","max-snippet":"max-snippet:-1","max-image-preview":"max-image-preview:large","max-video-preview":"max-video-preview:-1"},"canonical":"https:\/\/www.etoro.com\/es\/wp-json\/wp\/v2\/pages\/1007768","og_locale":"es_ES","og_type":"article","og_title":"\u00bfQu\u00e9 es el Programa de Afiliados de eToro? | Video de la Academia de eToro","og_description":"Descubre m\u00e1s sobre el Programa de Afiliados de eToro en este video, incluyendo beneficios, oportunidades y c\u00f3mo unirte a este exclusivo programa.","og_url":"https:\/\/www.etoro.com\/es\/wp-json\/wp\/v2\/pages\/1007768","og_site_name":"eToro","article_publisher":"https:\/\/www.facebook.com\/eToro\/","article_modified_time":"2025-02-12T15:15:37+00:00","og_image":[{"width":576,"height":385,"url":"https:\/\/www.etoro.com\/wp-content\/uploads\/2023\/06\/576x385_ES.jpg","type":"image\/jpeg"}],"twitter_card":"summary_large_image","twitter_site":"@eToro","twitter_misc":{"Est. reading time":"2 minutes"},"schema":{"@context":"https:\/\/schema.org","@graph":[{"@type":"WebPage","@id":"https:\/\/www.etoro.com\/es\/academy\/videos\/what-is-etoros-affiliate-program\/","url":"https:\/\/www.etoro.com\/es\/academy\/videos\/what-is-etoros-affiliate-program\/","name":"\u00bfQu\u00e9 es el Programa de Afiliados de eToro? | Video de la Academia de eToro","isPartOf":{"@id":"https:\/\/www.etoro.com\/es\/#website"},"primaryImageOfPage":{"@id":"https:\/\/www.etoro.com\/es\/academy\/videos\/what-is-etoros-affiliate-program\/#primaryimage"},"image":{"@id":"https:\/\/www.etoro.com\/es\/academy\/videos\/what-is-etoros-affiliate-program\/#primaryimage"},"thumbnailUrl":"https:\/\/www.etoro.com\/wp-content\/uploads\/2023\/06\/576x385_ES.jpg","datePublished":"2025-01-10T15:43:40+00:00","dateModified":"2025-02-12T15:15:37+00:00","description":"Descubre m\u00e1s sobre el Programa de Afiliados de eToro en este video, incluyendo beneficios, oportunidades y c\u00f3mo unirte a este exclusivo programa.","breadcrumb":{"@id":"https:\/\/www.etoro.com\/es\/academy\/videos\/what-is-etoros-affiliate-program\/#breadcrumb"},"inLanguage":"es","potentialAction":[{"@type":"ReadAction","target":["https:\/\/www.etoro.com\/es\/academy\/videos\/what-is-etoros-affiliate-program\/"]}]},{"@type":"ImageObject","inLanguage":"es","@id":"https:\/\/www.etoro.com\/es\/academy\/videos\/what-is-etoros-affiliate-program\/#primaryimage","url":"https:\/\/www.etoro.com\/wp-content\/uploads\/2023\/06\/576x385_ES.jpg","contentUrl":"https:\/\/www.etoro.com\/wp-content\/uploads\/2023\/06\/576x385_ES.jpg","width":576,"height":385,"caption":"Conoce todo sobre el Programa de Afiliados de eToro"},{"@type":"BreadcrumbList","@id":"https:\/\/www.etoro.com\/es\/academy\/videos\/what-is-etoros-affiliate-program\/#breadcrumb","itemListElement":[{"@type":"ListItem","position":1,"name":"Inicio","item":"https:\/\/www.etoro.com\/es\/"},{"@type":"ListItem","position":2,"name":"eToro Academy","item":"https:\/\/www.etoro.com\/es\/academy\/"},{"@type":"ListItem","position":3,"name":"V\u00eddeos","item":"https:\/\/www.etoro.com\/?page_id=221232"},{"@type":"ListItem","position":4,"name":"Programa de Afiliados de eToro"}]},{"@type":"WebSite","@id":"https:\/\/www.etoro.com\/es\/#website","url":"https:\/\/www.etoro.com\/es\/","name":"eToro","description":"","publisher":{"@id":"https:\/\/www.etoro.com\/es\/#organization"},"potentialAction":[{"@type":"SearchAction","target":{"@type":"EntryPoint","urlTemplate":"https:\/\/www.etoro.com\/es\/?s={search_term_string}"},"query-input":{"@type":"PropertyValueSpecification","valueRequired":true,"valueName":"search_term_string"}}],"inLanguage":"es"},[]]}},"_links":{"self":[{"href":"https:\/\/www.etoro.com\/es\/wp-json\/wp\/v2\/pages\/1007768"}],"collection":[{"href":"https:\/\/www.etoro.com\/es\/wp-json\/wp\/v2\/pages"}],"about":[{"href":"https:\/\/www.etoro.com\/es\/wp-json\/wp\/v2\/types\/page"}],"author":[{"embeddable":true,"href":"https:\/\/www.etoro.com\/es\/wp-json\/wp\/v2\/users\/96"}],"replies":[{"embeddable":true,"href":"https:\/\/www.etoro.com\/es\/wp-json\/wp\/v2\/comments?post=1007768"}],"version-history":[{"count":0,"href":"https:\/\/www.etoro.com\/es\/wp-json\/wp\/v2\/pages\/1007768\/revisions"}],"up":[{"embeddable":true,"href":"https:\/\/www.etoro.com\/es\/wp-json\/wp\/v2\/pages\/260123"}],"wp:featuredmedia":[{"embeddable":true,"href":"https:\/\/www.etoro.com\/es\/wp-json\/wp\/v2\/media\/629010"}],"wp:attachment":[{"href":"https:\/\/www.etoro.com\/es\/wp-json\/wp\/v2\/media?parent=1007768"}],"wp:term":[{"taxonomy":"asset_type","embeddable":true,"href":"https:\/\/www.etoro.com\/es\/wp-json\/wp\/v2\/asset_type?post=1007768"}],"curies":[{"name":"wp","href":"https:\/\/api.w.org\/{rel}","templated":true}]}}