{"id":1007902,"date":"2025-01-10T17:46:19","date_gmt":"2025-01-10T15:46:19","guid":{"rendered":"https:\/\/www.etoro.com\/academy\/videos\/what-you-get-when-investing-on-etoro\/"},"modified":"2025-02-12T17:13:07","modified_gmt":"2025-02-12T15:13:07","slug":"what-you-get-when-investing-on-etoro","status":"publish","type":"page","link":"https:\/\/www.etoro.com\/es\/academy\/videos\/what-you-get-when-investing-on-etoro\/","title":{"rendered":"\u00bfQu\u00e9 obtienes al invertir en eToro?"},"content":{"rendered":"\n<div class=\"wp-block-etoro-video-transcript\"><div class=\"wp-block-etoro-video-description\"><h2 class=\"wp-block-etoro-video-description-title\">Descripci\u00f3n<\/h2><hr\/><div class=\"wp-block-etoro-video-description-content\">Invertir puede implicar muchos t\u00e9rminos y puede resultar confuso. Ve este v\u00eddeo para saber exactamente qu\u00e9 obtienes con cada acci\u00f3n que realizas en eToro.<\/div><\/div><div class=\"wp-block-etoro-video-transcript-content\"><h2 class=\"wp-block-etoro-video-transcript-title\">Transcripci\u00f3n<\/h2><hr\/><div class=\"wp-block-etoro-video-transcript-text\"><div class=\"wp-block-etoro-video-transcript-text-wrapper\">\n<p>\u00a1Hola a todos! En el v\u00eddeo anterior, hablamos sobre las medidas de seguridad que tenemos en eToro para proteger tus fondos e inversiones.<\/p>\n\n\n\n<p>Ahora responderemos algunas preguntas m\u00e1s comunes.&nbsp;<\/p>\n\n\n\n<p>eToro te ofrece varias opciones de compra. La primera es comprar un activo no apalancado, es decir abrir una posici\u00f3n larga. Eres libre de mantener abierta por un tiempo que desees y no hay necesidad de establecer un Stop Loss o un Take profit.&nbsp;<\/p>\n\n\n\n<p>Pero si no lo sab\u00edas, un Stop Loss es una herramienta que te permite cerrar autom\u00e1ticamente una posici\u00f3n, si \u00e9sta alcanza un determinado valor.&nbsp; En otras palabras es una herramienta para gestionar el riesgo que suele ser obligatoria, excepto como hemos dicho si mantienes el activo subyacente.<\/p>\n\n\n\n<p>El Take Profit, por otro lado, cierra una posici\u00f3n a tu favor. Es decir, te asegura que tu ganancia se concrete antes de que el valor caiga.<\/p>\n\n\n\n<p>Otra opci\u00f3n es utilizar apalancamiento. Se trata de una estrategia en la que se utilizan determinados instrumentos financieros para abrir una posici\u00f3n con mayor exposici\u00f3n, pero con menor cantidad de capital invertido.&nbsp;<\/p>\n\n\n\n<p>Naturalmente,si la inversi\u00f3n sale bien, aumentar\u00e1 tu potencial de rentabilidad. Pero por otro lado, podr\u00edas magnificar tus p\u00e9rdidas, lo que convierte en una opci\u00f3n m\u00e1s riesgosa.<\/p>\n\n\n\n<p>Al operar con apalancamiento, ten en cuenta que por normativa, tendr\u00e1s autom\u00e1ticamente un Stop Loss al 50% y deber\u00e1s fijar un Take Profit.&nbsp;<\/p>\n\n\n\n<p>Y por \u00faltimo, puedes abrir una posici\u00f3n de venta que quiz\u00e1s conozcas como \u201cventa en corto\u201d o \u201cir en corto\u201d. Esta se usa para obtener beneficios cuando los mercados est\u00e1n cayendo o como una herramienta de cobertura.&nbsp; En eToro se hace mediante CFD.&nbsp;<\/p>\n\n\n\n<p>Es muy f\u00e1cil. Solo tienes que abrir tu portafolio. Junto con cada inversi\u00f3n, encontrar\u00e1s una etiqueta que describe si se trata de un activo real o de un CFD y tambi\u00e9n puedes ver en tu extracto de cuenta.&nbsp;<\/p>\n\n\n\n<p>La respuesta es corta y dulce: no hay tarifas nocturnas ni de fin de semana. As\u00ed como los derechos de voto para las acciones estadounidenses.&nbsp;<\/p>\n\n\n\n<p>Como dijimos en el v\u00eddeo anterior, es muy poco probable que eToro quiebre. Sin embargo, si eso ocurriera tu dinero se mantiene separado de la empresa. Por lo tanto, ya sea que compres un activo subyacente o un CFD nos aseguraremos que tu dinero est\u00e9 seguro.&nbsp;<\/p>\n\n\n\n<p>Gracias por mirar este video. \u00a1Nos vemos en el feed de eToro!<\/p>\n<\/div><button class=\"wp-block-etoro-video-description-more-text\">Mostrar m\u00e1s<svg xmlns=\"http:\/\/www.w3.org\/2000\/svg\" width=\"9\" height=\"6\" viewBox=\"0 0 9 6\" fill=\"none\"><path d=\"M7.5625 1.48616L4.5 4.54866L1.4375 1.48616\" stroke=\"#13C636\" stroke-linecap=\"square\"><\/path><\/svg><\/button><\/div><\/div><\/div>\n","protected":false},"excerpt":{"rendered":"","protected":false},"author":96,"featured_media":622691,"parent":260123,"menu_order":0,"comment_status":"closed","ping_status":"closed","template":"","meta":{"_acf_changed":true,"inline_featured_image":false,"sticky_cta_settings":"","footnotes":""},"asset_type":[6601],"class_list":["post-1007902","page","type-page","status-publish","has-post-thumbnail","hentry","asset_type-is-cfd"],"acf":[],"yoast_head":"<title>Qu\u00e9 obtienes al invertir | Video de la Academia de eToro<\/title>\n<meta name=\"description\" content=\"Aprende el significado de t\u00e9rminos como largo, corto, apalancamiento y CFDs en este video. Domina lo b\u00e1sico de cada acci\u00f3n que realices en eToro.\" \/>\n<meta name=\"robots\" content=\"index, follow, max-snippet:-1, max-image-preview:large, max-video-preview:-1\" \/>\n<link rel=\"canonical\" href=\"https:\/\/www.etoro.com\/es\/wp-json\/wp\/v2\/pages\/1007902\" \/>\n<meta property=\"og:locale\" content=\"es_ES\" \/>\n<meta property=\"og:type\" content=\"article\" \/>\n<meta property=\"og:title\" content=\"Qu\u00e9 obtienes al invertir | Video de la Academia de eToro\" \/>\n<meta property=\"og:description\" content=\"Aprende el significado de t\u00e9rminos como largo, corto, apalancamiento y CFDs en este video. Domina lo b\u00e1sico de cada acci\u00f3n que realices en eToro.\" \/>\n<meta property=\"og:url\" content=\"https:\/\/www.etoro.com\/es\/wp-json\/wp\/v2\/pages\/1007902\" \/>\n<meta property=\"og:site_name\" content=\"eToro\" \/>\n<meta property=\"article:publisher\" content=\"https:\/\/www.facebook.com\/eToro\/\" \/>\n<meta property=\"article:modified_time\" content=\"2025-02-12T15:13:07+00:00\" \/>\n<meta property=\"og:image\" content=\"https:\/\/www.etoro.com\/wp-content\/uploads\/2023\/06\/1085_576x385_ES-1.jpg\" \/>\n\t<meta property=\"og:image:width\" content=\"576\" \/>\n\t<meta property=\"og:image:height\" content=\"385\" \/>\n\t<meta property=\"og:image:type\" content=\"image\/jpeg\" \/>\n<meta name=\"twitter:card\" content=\"summary_large_image\" \/>\n<meta name=\"twitter:site\" content=\"@eToro\" \/>\n<meta name=\"twitter:label1\" content=\"Est. reading time\" \/>\n\t<meta name=\"twitter:data1\" content=\"2 minutes\" \/>\n<script type=\"application\/ld+json\" class=\"yoast-schema-graph\">{\"@context\":\"https:\/\/schema.org\",\"@graph\":[{\"@type\":\"WebPage\",\"@id\":\"https:\/\/www.etoro.com\/es\/academy\/videos\/what-you-get-when-investing-on-etoro\/\",\"url\":\"https:\/\/www.etoro.com\/es\/academy\/videos\/what-you-get-when-investing-on-etoro\/\",\"name\":\"Qu\u00e9 obtienes al invertir | Video de la Academia de eToro\",\"isPartOf\":{\"@id\":\"https:\/\/www.etoro.com\/es\/#website\"},\"primaryImageOfPage\":{\"@id\":\"https:\/\/www.etoro.com\/es\/academy\/videos\/what-you-get-when-investing-on-etoro\/#primaryimage\"},\"image\":{\"@id\":\"https:\/\/www.etoro.com\/es\/academy\/videos\/what-you-get-when-investing-on-etoro\/#primaryimage\"},\"thumbnailUrl\":\"https:\/\/www.etoro.com\/wp-content\/uploads\/2023\/06\/1085_576x385_ES-1.jpg\",\"datePublished\":\"2025-01-10T15:46:19+00:00\",\"dateModified\":\"2025-02-12T15:13:07+00:00\",\"description\":\"Aprende el significado de t\u00e9rminos como largo, corto, apalancamiento y CFDs en este video. Domina lo b\u00e1sico de cada acci\u00f3n que realices en eToro.\",\"breadcrumb\":{\"@id\":\"https:\/\/www.etoro.com\/es\/academy\/videos\/what-you-get-when-investing-on-etoro\/#breadcrumb\"},\"inLanguage\":\"es\",\"potentialAction\":[{\"@type\":\"ReadAction\",\"target\":[\"https:\/\/www.etoro.com\/es\/academy\/videos\/what-you-get-when-investing-on-etoro\/\"]}]},{\"@type\":\"ImageObject\",\"inLanguage\":\"es\",\"@id\":\"https:\/\/www.etoro.com\/es\/academy\/videos\/what-you-get-when-investing-on-etoro\/#primaryimage\",\"url\":\"https:\/\/www.etoro.com\/wp-content\/uploads\/2023\/06\/1085_576x385_ES-1.jpg\",\"contentUrl\":\"https:\/\/www.etoro.com\/wp-content\/uploads\/2023\/06\/1085_576x385_ES-1.jpg\",\"width\":576,\"height\":385,\"caption\":\"\\\"\u00bfQu\u00e9 obtienes cuando inviertes en eToro? \\\"\"},{\"@type\":\"BreadcrumbList\",\"@id\":\"https:\/\/www.etoro.com\/es\/academy\/videos\/what-you-get-when-investing-on-etoro\/#breadcrumb\",\"itemListElement\":[{\"@type\":\"ListItem\",\"position\":1,\"name\":\"Inicio\",\"item\":\"https:\/\/www.etoro.com\/es\/\"},{\"@type\":\"ListItem\",\"position\":2,\"name\":\"eToro Academy\",\"item\":\"https:\/\/www.etoro.com\/es\/academy\/\"},{\"@type\":\"ListItem\",\"position\":3,\"name\":\"V\u00eddeos\",\"item\":\"https:\/\/www.etoro.com\/?page_id=221232\"},{\"@type\":\"ListItem\",\"position\":4,\"name\":\"\u00bfQu\u00e9 obtienes al invertir en eToro?\"}]},{\"@type\":\"WebSite\",\"@id\":\"https:\/\/www.etoro.com\/es\/#website\",\"url\":\"https:\/\/www.etoro.com\/es\/\",\"name\":\"eToro\",\"description\":\"\",\"publisher\":{\"@id\":\"https:\/\/www.etoro.com\/es\/#organization\"},\"potentialAction\":[{\"@type\":\"SearchAction\",\"target\":{\"@type\":\"EntryPoint\",\"urlTemplate\":\"https:\/\/www.etoro.com\/es\/?s={search_term_string}\"},\"query-input\":{\"@type\":\"PropertyValueSpecification\",\"valueRequired\":true,\"valueName\":\"search_term_string\"}}],\"inLanguage\":\"es\"},[]]}<\/script>","yoast_head_json":{"title":"Qu\u00e9 obtienes al invertir | Video de la Academia de eToro","description":"Aprende el significado de t\u00e9rminos como largo, corto, apalancamiento y CFDs en este video. Domina lo b\u00e1sico de cada acci\u00f3n que realices en eToro.","robots":{"index":"index","follow":"follow","max-snippet":"max-snippet:-1","max-image-preview":"max-image-preview:large","max-video-preview":"max-video-preview:-1"},"canonical":"https:\/\/www.etoro.com\/es\/wp-json\/wp\/v2\/pages\/1007902","og_locale":"es_ES","og_type":"article","og_title":"Qu\u00e9 obtienes al invertir | Video de la Academia de eToro","og_description":"Aprende el significado de t\u00e9rminos como largo, corto, apalancamiento y CFDs en este video. Domina lo b\u00e1sico de cada acci\u00f3n que realices en eToro.","og_url":"https:\/\/www.etoro.com\/es\/wp-json\/wp\/v2\/pages\/1007902","og_site_name":"eToro","article_publisher":"https:\/\/www.facebook.com\/eToro\/","article_modified_time":"2025-02-12T15:13:07+00:00","og_image":[{"width":576,"height":385,"url":"https:\/\/www.etoro.com\/wp-content\/uploads\/2023\/06\/1085_576x385_ES-1.jpg","type":"image\/jpeg"}],"twitter_card":"summary_large_image","twitter_site":"@eToro","twitter_misc":{"Est. reading time":"2 minutes"},"schema":{"@context":"https:\/\/schema.org","@graph":[{"@type":"WebPage","@id":"https:\/\/www.etoro.com\/es\/academy\/videos\/what-you-get-when-investing-on-etoro\/","url":"https:\/\/www.etoro.com\/es\/academy\/videos\/what-you-get-when-investing-on-etoro\/","name":"Qu\u00e9 obtienes al invertir | Video de la Academia de eToro","isPartOf":{"@id":"https:\/\/www.etoro.com\/es\/#website"},"primaryImageOfPage":{"@id":"https:\/\/www.etoro.com\/es\/academy\/videos\/what-you-get-when-investing-on-etoro\/#primaryimage"},"image":{"@id":"https:\/\/www.etoro.com\/es\/academy\/videos\/what-you-get-when-investing-on-etoro\/#primaryimage"},"thumbnailUrl":"https:\/\/www.etoro.com\/wp-content\/uploads\/2023\/06\/1085_576x385_ES-1.jpg","datePublished":"2025-01-10T15:46:19+00:00","dateModified":"2025-02-12T15:13:07+00:00","description":"Aprende el significado de t\u00e9rminos como largo, corto, apalancamiento y CFDs en este video. Domina lo b\u00e1sico de cada acci\u00f3n que realices en eToro.","breadcrumb":{"@id":"https:\/\/www.etoro.com\/es\/academy\/videos\/what-you-get-when-investing-on-etoro\/#breadcrumb"},"inLanguage":"es","potentialAction":[{"@type":"ReadAction","target":["https:\/\/www.etoro.com\/es\/academy\/videos\/what-you-get-when-investing-on-etoro\/"]}]},{"@type":"ImageObject","inLanguage":"es","@id":"https:\/\/www.etoro.com\/es\/academy\/videos\/what-you-get-when-investing-on-etoro\/#primaryimage","url":"https:\/\/www.etoro.com\/wp-content\/uploads\/2023\/06\/1085_576x385_ES-1.jpg","contentUrl":"https:\/\/www.etoro.com\/wp-content\/uploads\/2023\/06\/1085_576x385_ES-1.jpg","width":576,"height":385,"caption":"\"\u00bfQu\u00e9 obtienes cuando inviertes en eToro? \""},{"@type":"BreadcrumbList","@id":"https:\/\/www.etoro.com\/es\/academy\/videos\/what-you-get-when-investing-on-etoro\/#breadcrumb","itemListElement":[{"@type":"ListItem","position":1,"name":"Inicio","item":"https:\/\/www.etoro.com\/es\/"},{"@type":"ListItem","position":2,"name":"eToro Academy","item":"https:\/\/www.etoro.com\/es\/academy\/"},{"@type":"ListItem","position":3,"name":"V\u00eddeos","item":"https:\/\/www.etoro.com\/?page_id=221232"},{"@type":"ListItem","position":4,"name":"\u00bfQu\u00e9 obtienes al invertir en eToro?"}]},{"@type":"WebSite","@id":"https:\/\/www.etoro.com\/es\/#website","url":"https:\/\/www.etoro.com\/es\/","name":"eToro","description":"","publisher":{"@id":"https:\/\/www.etoro.com\/es\/#organization"},"potentialAction":[{"@type":"SearchAction","target":{"@type":"EntryPoint","urlTemplate":"https:\/\/www.etoro.com\/es\/?s={search_term_string}"},"query-input":{"@type":"PropertyValueSpecification","valueRequired":true,"valueName":"search_term_string"}}],"inLanguage":"es"},[]]}},"_links":{"self":[{"href":"https:\/\/www.etoro.com\/es\/wp-json\/wp\/v2\/pages\/1007902"}],"collection":[{"href":"https:\/\/www.etoro.com\/es\/wp-json\/wp\/v2\/pages"}],"about":[{"href":"https:\/\/www.etoro.com\/es\/wp-json\/wp\/v2\/types\/page"}],"author":[{"embeddable":true,"href":"https:\/\/www.etoro.com\/es\/wp-json\/wp\/v2\/users\/96"}],"replies":[{"embeddable":true,"href":"https:\/\/www.etoro.com\/es\/wp-json\/wp\/v2\/comments?post=1007902"}],"version-history":[{"count":0,"href":"https:\/\/www.etoro.com\/es\/wp-json\/wp\/v2\/pages\/1007902\/revisions"}],"up":[{"embeddable":true,"href":"https:\/\/www.etoro.com\/es\/wp-json\/wp\/v2\/pages\/260123"}],"wp:featuredmedia":[{"embeddable":true,"href":"https:\/\/www.etoro.com\/es\/wp-json\/wp\/v2\/media\/622691"}],"wp:attachment":[{"href":"https:\/\/www.etoro.com\/es\/wp-json\/wp\/v2\/media?parent=1007902"}],"wp:term":[{"taxonomy":"asset_type","embeddable":true,"href":"https:\/\/www.etoro.com\/es\/wp-json\/wp\/v2\/asset_type?post=1007902"}],"curies":[{"name":"wp","href":"https:\/\/api.w.org\/{rel}","templated":true}]}}