{"id":1008466,"date":"2025-01-10T17:48:46","date_gmt":"2025-01-10T15:48:46","guid":{"rendered":"https:\/\/www.etoro.com\/academy\/videos\/this-is-how-etoro-protects-your-money\/"},"modified":"2025-02-12T17:10:04","modified_gmt":"2025-02-12T15:10:04","slug":"this-is-how-etoro-protects-your-money","status":"publish","type":"page","link":"https:\/\/www.etoro.com\/es\/academy\/videos\/this-is-how-etoro-protects-your-money\/","title":{"rendered":"As\u00ed es c\u00f3mo protegemos tu dinero"},"content":{"rendered":"\n<div class=\"wp-block-etoro-video-transcript\"><div class=\"wp-block-etoro-video-description\"><h2 class=\"wp-block-etoro-video-description-title\">Descripci\u00f3n<\/h2><hr\/><div class=\"wp-block-etoro-video-description-content\">Has trabajado duro para conseguirlo. Por eso, mereces saber c\u00f3mo lo protegemos. Mira este video y conoce c\u00f3mo eToro protege tu.<\/div><\/div><div class=\"wp-block-etoro-video-transcript-content\"><h2 class=\"wp-block-etoro-video-transcript-title\">Transcripci\u00f3n<\/h2><hr\/><div class=\"wp-block-etoro-video-transcript-text\"><div class=\"wp-block-etoro-video-transcript-text-wrapper\">\n<p>Es muy importante para nosotros saber que nuestros usuarios tienen todas las<\/p>\n\n\n\n<p>respuestas sobre sus inversiones.&nbsp;<\/p>\n\n\n\n<p>Despu\u00e9s de todo, nos han confiado el dinero que durante a\u00f1os han ganado.&nbsp;<\/p>\n\n\n\n<p>Por eso, queremos que sepas exactamente c\u00f3mo lo protegemos. He aqu\u00ed algunas preguntas frecuentes.<\/p>\n\n\n\n<p>La respuesta corta es s\u00ed, pero perm\u00edteme que me explaye un poco m\u00e1s. Operamos en m\u00e1s de 100 pa\u00edses, respondemos ante los reguladores locales y regionales. Adem\u00e1s empleamos los m\u00e1s altos est\u00e1ndares de seguridad para garantizar que tu informaci\u00f3n y datos personales permanezcan de forma privada.<\/p>\n\n\n\n<p>Trabajamos con bancos e instituciones financieras de los primeros niveles, que se mantienen bajo la constante y r\u00edgida supervisi\u00f3n, tanto interna como externa.<\/p>\n\n\n\n<p>Tambi\u00e9n debes saber que como empresa regulada, los fondos y los activos de eToro, se mantienen en cuentas separadas y segregadas de las de nuestros usuarios. De este modo, si ocurre algo inesperado, tu dinero no se ver\u00e1 afectado. Lo que nos lleva directamente a la siguiente pregunta.<\/p>\n\n\n\n<p>Es poco probable que eso ocurra, estamos aqu\u00ed desde el 2007 y a\u00fan continuamos creciendo. Sin embargo, para que puedas estar m\u00e1s tranquilo, esto es lo que ocurrir\u00eda en caso de insolvencia. Tenemos procesos claros, directos y estrictamente regulados para garantizar que nuestros usuarios recuperen sus fondos.<\/p>\n\n\n\n<p>Las distintas jurisdicciones, tienen sistemas diferentes de compensaci\u00f3n respecto de<\/p>\n\n\n\n<p>las inversiones. En cada caso depender\u00e1 de tu ubicaci\u00f3n geogr\u00e1fica, de los activos y de la cantidad de dinero invertido.&nbsp;<\/p>\n\n\n\n<p>Esto es todo por ahora. En el pr\u00f3ximo v\u00eddeo, encontrar\u00e1s m\u00e1s respuestas<\/p>\n\n\n\n<p>sobre los temas relacionados con la seguridad.&nbsp;<\/p>\n\n\n\n<p>Gracias por ver este video, \u00a1Nos vemos en el feed de eToro\u201d.<\/p>\n<\/div><button class=\"wp-block-etoro-video-description-more-text\">Mostrar m\u00e1s<svg xmlns=\"http:\/\/www.w3.org\/2000\/svg\" width=\"9\" height=\"6\" viewBox=\"0 0 9 6\" fill=\"none\"><path d=\"M7.5625 1.48616L4.5 4.54866L1.4375 1.48616\" stroke=\"#13C636\" stroke-linecap=\"square\"><\/path><\/svg><\/button><\/div><\/div><\/div>\n","protected":false},"excerpt":{"rendered":"","protected":false},"author":96,"featured_media":622666,"parent":260123,"menu_order":0,"comment_status":"closed","ping_status":"closed","template":"","meta":{"_acf_changed":true,"inline_featured_image":false,"sticky_cta_settings":"","footnotes":""},"asset_type":[],"class_list":["post-1008466","page","type-page","status-publish","has-post-thumbnail","hentry"],"acf":[],"yoast_head":"<title>As\u00ed protege eToro tu dinero | Video de la Academia de eToro<\/title>\n<meta name=\"description\" content=\"En este video, conoce todas las medidas de seguridad robustas de eToro y c\u00f3mo protegemos tus fondos.\" \/>\n<meta name=\"robots\" content=\"index, follow, max-snippet:-1, max-image-preview:large, max-video-preview:-1\" \/>\n<link rel=\"canonical\" href=\"https:\/\/www.etoro.com\/es\/wp-json\/wp\/v2\/pages\/1008466\" \/>\n<meta property=\"og:locale\" content=\"es_ES\" \/>\n<meta property=\"og:type\" content=\"article\" \/>\n<meta property=\"og:title\" content=\"As\u00ed protege eToro tu dinero | Video de la Academia de eToro\" \/>\n<meta property=\"og:description\" content=\"En este video, conoce todas las medidas de seguridad robustas de eToro y c\u00f3mo protegemos tus fondos.\" \/>\n<meta property=\"og:url\" content=\"https:\/\/www.etoro.com\/es\/wp-json\/wp\/v2\/pages\/1008466\" \/>\n<meta property=\"og:site_name\" content=\"eToro\" \/>\n<meta property=\"article:publisher\" content=\"https:\/\/www.facebook.com\/eToro\/\" \/>\n<meta property=\"article:modified_time\" content=\"2025-02-12T15:10:04+00:00\" \/>\n<meta property=\"og:image\" content=\"https:\/\/www.etoro.com\/wp-content\/uploads\/2023\/06\/1085_576x385_ES.jpg\" \/>\n\t<meta property=\"og:image:width\" content=\"576\" \/>\n\t<meta property=\"og:image:height\" content=\"385\" \/>\n\t<meta property=\"og:image:type\" content=\"image\/jpeg\" \/>\n<meta name=\"twitter:card\" content=\"summary_large_image\" \/>\n<meta name=\"twitter:site\" content=\"@eToro\" \/>\n<meta name=\"twitter:label1\" content=\"Est. reading time\" \/>\n\t<meta name=\"twitter:data1\" content=\"2 minutes\" \/>\n<script type=\"application\/ld+json\" class=\"yoast-schema-graph\">{\"@context\":\"https:\/\/schema.org\",\"@graph\":[{\"@type\":\"WebPage\",\"@id\":\"https:\/\/www.etoro.com\/es\/academy\/videos\/this-is-how-etoro-protects-your-money\/\",\"url\":\"https:\/\/www.etoro.com\/es\/academy\/videos\/this-is-how-etoro-protects-your-money\/\",\"name\":\"As\u00ed protege eToro tu dinero | Video de la Academia de eToro\",\"isPartOf\":{\"@id\":\"https:\/\/www.etoro.com\/es\/#website\"},\"primaryImageOfPage\":{\"@id\":\"https:\/\/www.etoro.com\/es\/academy\/videos\/this-is-how-etoro-protects-your-money\/#primaryimage\"},\"image\":{\"@id\":\"https:\/\/www.etoro.com\/es\/academy\/videos\/this-is-how-etoro-protects-your-money\/#primaryimage\"},\"thumbnailUrl\":\"https:\/\/www.etoro.com\/wp-content\/uploads\/2023\/06\/1085_576x385_ES.jpg\",\"datePublished\":\"2025-01-10T15:48:46+00:00\",\"dateModified\":\"2025-02-12T15:10:04+00:00\",\"description\":\"En este video, conoce todas las medidas de seguridad robustas de eToro y c\u00f3mo protegemos tus fondos.\",\"breadcrumb\":{\"@id\":\"https:\/\/www.etoro.com\/es\/academy\/videos\/this-is-how-etoro-protects-your-money\/#breadcrumb\"},\"inLanguage\":\"es\",\"potentialAction\":[{\"@type\":\"ReadAction\",\"target\":[\"https:\/\/www.etoro.com\/es\/academy\/videos\/this-is-how-etoro-protects-your-money\/\"]}]},{\"@type\":\"ImageObject\",\"inLanguage\":\"es\",\"@id\":\"https:\/\/www.etoro.com\/es\/academy\/videos\/this-is-how-etoro-protects-your-money\/#primaryimage\",\"url\":\"https:\/\/www.etoro.com\/wp-content\/uploads\/2023\/06\/1085_576x385_ES.jpg\",\"contentUrl\":\"https:\/\/www.etoro.com\/wp-content\/uploads\/2023\/06\/1085_576x385_ES.jpg\",\"width\":576,\"height\":385,\"caption\":\"As\u00ed es c\u00f3mo protegemos tu dinero\"},{\"@type\":\"BreadcrumbList\",\"@id\":\"https:\/\/www.etoro.com\/es\/academy\/videos\/this-is-how-etoro-protects-your-money\/#breadcrumb\",\"itemListElement\":[{\"@type\":\"ListItem\",\"position\":1,\"name\":\"Inicio\",\"item\":\"https:\/\/www.etoro.com\/es\/\"},{\"@type\":\"ListItem\",\"position\":2,\"name\":\"eToro Academy\",\"item\":\"https:\/\/www.etoro.com\/es\/academy\/\"},{\"@type\":\"ListItem\",\"position\":3,\"name\":\"V\u00eddeos\",\"item\":\"https:\/\/www.etoro.com\/?page_id=221232\"},{\"@type\":\"ListItem\",\"position\":4,\"name\":\"As\u00ed es c\u00f3mo protegemos tu dinero\"}]},{\"@type\":\"WebSite\",\"@id\":\"https:\/\/www.etoro.com\/es\/#website\",\"url\":\"https:\/\/www.etoro.com\/es\/\",\"name\":\"eToro\",\"description\":\"\",\"publisher\":{\"@id\":\"https:\/\/www.etoro.com\/es\/#organization\"},\"potentialAction\":[{\"@type\":\"SearchAction\",\"target\":{\"@type\":\"EntryPoint\",\"urlTemplate\":\"https:\/\/www.etoro.com\/es\/?s={search_term_string}\"},\"query-input\":{\"@type\":\"PropertyValueSpecification\",\"valueRequired\":true,\"valueName\":\"search_term_string\"}}],\"inLanguage\":\"es\"},[]]}<\/script>","yoast_head_json":{"title":"As\u00ed protege eToro tu dinero | Video de la Academia de eToro","description":"En este video, conoce todas las medidas de seguridad robustas de eToro y c\u00f3mo protegemos tus fondos.","robots":{"index":"index","follow":"follow","max-snippet":"max-snippet:-1","max-image-preview":"max-image-preview:large","max-video-preview":"max-video-preview:-1"},"canonical":"https:\/\/www.etoro.com\/es\/wp-json\/wp\/v2\/pages\/1008466","og_locale":"es_ES","og_type":"article","og_title":"As\u00ed protege eToro tu dinero | Video de la Academia de eToro","og_description":"En este video, conoce todas las medidas de seguridad robustas de eToro y c\u00f3mo protegemos tus fondos.","og_url":"https:\/\/www.etoro.com\/es\/wp-json\/wp\/v2\/pages\/1008466","og_site_name":"eToro","article_publisher":"https:\/\/www.facebook.com\/eToro\/","article_modified_time":"2025-02-12T15:10:04+00:00","og_image":[{"width":576,"height":385,"url":"https:\/\/www.etoro.com\/wp-content\/uploads\/2023\/06\/1085_576x385_ES.jpg","type":"image\/jpeg"}],"twitter_card":"summary_large_image","twitter_site":"@eToro","twitter_misc":{"Est. reading time":"2 minutes"},"schema":{"@context":"https:\/\/schema.org","@graph":[{"@type":"WebPage","@id":"https:\/\/www.etoro.com\/es\/academy\/videos\/this-is-how-etoro-protects-your-money\/","url":"https:\/\/www.etoro.com\/es\/academy\/videos\/this-is-how-etoro-protects-your-money\/","name":"As\u00ed protege eToro tu dinero | Video de la Academia de eToro","isPartOf":{"@id":"https:\/\/www.etoro.com\/es\/#website"},"primaryImageOfPage":{"@id":"https:\/\/www.etoro.com\/es\/academy\/videos\/this-is-how-etoro-protects-your-money\/#primaryimage"},"image":{"@id":"https:\/\/www.etoro.com\/es\/academy\/videos\/this-is-how-etoro-protects-your-money\/#primaryimage"},"thumbnailUrl":"https:\/\/www.etoro.com\/wp-content\/uploads\/2023\/06\/1085_576x385_ES.jpg","datePublished":"2025-01-10T15:48:46+00:00","dateModified":"2025-02-12T15:10:04+00:00","description":"En este video, conoce todas las medidas de seguridad robustas de eToro y c\u00f3mo protegemos tus fondos.","breadcrumb":{"@id":"https:\/\/www.etoro.com\/es\/academy\/videos\/this-is-how-etoro-protects-your-money\/#breadcrumb"},"inLanguage":"es","potentialAction":[{"@type":"ReadAction","target":["https:\/\/www.etoro.com\/es\/academy\/videos\/this-is-how-etoro-protects-your-money\/"]}]},{"@type":"ImageObject","inLanguage":"es","@id":"https:\/\/www.etoro.com\/es\/academy\/videos\/this-is-how-etoro-protects-your-money\/#primaryimage","url":"https:\/\/www.etoro.com\/wp-content\/uploads\/2023\/06\/1085_576x385_ES.jpg","contentUrl":"https:\/\/www.etoro.com\/wp-content\/uploads\/2023\/06\/1085_576x385_ES.jpg","width":576,"height":385,"caption":"As\u00ed es c\u00f3mo protegemos tu dinero"},{"@type":"BreadcrumbList","@id":"https:\/\/www.etoro.com\/es\/academy\/videos\/this-is-how-etoro-protects-your-money\/#breadcrumb","itemListElement":[{"@type":"ListItem","position":1,"name":"Inicio","item":"https:\/\/www.etoro.com\/es\/"},{"@type":"ListItem","position":2,"name":"eToro Academy","item":"https:\/\/www.etoro.com\/es\/academy\/"},{"@type":"ListItem","position":3,"name":"V\u00eddeos","item":"https:\/\/www.etoro.com\/?page_id=221232"},{"@type":"ListItem","position":4,"name":"As\u00ed es c\u00f3mo protegemos tu dinero"}]},{"@type":"WebSite","@id":"https:\/\/www.etoro.com\/es\/#website","url":"https:\/\/www.etoro.com\/es\/","name":"eToro","description":"","publisher":{"@id":"https:\/\/www.etoro.com\/es\/#organization"},"potentialAction":[{"@type":"SearchAction","target":{"@type":"EntryPoint","urlTemplate":"https:\/\/www.etoro.com\/es\/?s={search_term_string}"},"query-input":{"@type":"PropertyValueSpecification","valueRequired":true,"valueName":"search_term_string"}}],"inLanguage":"es"},[]]}},"_links":{"self":[{"href":"https:\/\/www.etoro.com\/es\/wp-json\/wp\/v2\/pages\/1008466"}],"collection":[{"href":"https:\/\/www.etoro.com\/es\/wp-json\/wp\/v2\/pages"}],"about":[{"href":"https:\/\/www.etoro.com\/es\/wp-json\/wp\/v2\/types\/page"}],"author":[{"embeddable":true,"href":"https:\/\/www.etoro.com\/es\/wp-json\/wp\/v2\/users\/96"}],"replies":[{"embeddable":true,"href":"https:\/\/www.etoro.com\/es\/wp-json\/wp\/v2\/comments?post=1008466"}],"version-history":[{"count":0,"href":"https:\/\/www.etoro.com\/es\/wp-json\/wp\/v2\/pages\/1008466\/revisions"}],"up":[{"embeddable":true,"href":"https:\/\/www.etoro.com\/es\/wp-json\/wp\/v2\/pages\/260123"}],"wp:featuredmedia":[{"embeddable":true,"href":"https:\/\/www.etoro.com\/es\/wp-json\/wp\/v2\/media\/622666"}],"wp:attachment":[{"href":"https:\/\/www.etoro.com\/es\/wp-json\/wp\/v2\/media?parent=1008466"}],"wp:term":[{"taxonomy":"asset_type","embeddable":true,"href":"https:\/\/www.etoro.com\/es\/wp-json\/wp\/v2\/asset_type?post=1008466"}],"curies":[{"name":"wp","href":"https:\/\/api.w.org\/{rel}","templated":true}]}}