{"id":1008474,"date":"2025-01-10T17:50:59","date_gmt":"2025-01-10T15:50:59","guid":{"rendered":"https:\/\/www.etoro.com\/academy\/videos\/how-to-close-your-position\/"},"modified":"2025-02-12T17:08:24","modified_gmt":"2025-02-12T15:08:24","slug":"how-to-close-your-position","status":"publish","type":"page","link":"https:\/\/www.etoro.com\/es\/academy\/videos\/how-to-close-your-position\/","title":{"rendered":"C\u00f3mo cerrar una posici\u00f3n en eToro"},"content":{"rendered":"\n<div class=\"wp-block-etoro-video-transcript\"><div class=\"wp-block-etoro-video-description\"><h2 class=\"wp-block-etoro-video-description-title\">Descripci\u00f3n<\/h2><hr\/><div class=\"wp-block-etoro-video-description-content\">Ya conoces la frase: todo lo bueno tambi\u00e9n termina. Si quieres cerrar una de tus posiciones en eToro, esto es lo que debes saber.<\/div><\/div><div class=\"wp-block-etoro-video-transcript-content\"><h2 class=\"wp-block-etoro-video-transcript-title\">Transcripci\u00f3n<\/h2><hr\/><div class=\"wp-block-etoro-video-transcript-text\"><div class=\"wp-block-etoro-video-transcript-text-wrapper\">\n<p>\u00bfRecuerdas cuando los corredores sol\u00edan gritar en la bolsa? Eso ya es historia.&nbsp; En eToro, cualquier acci\u00f3n que desees realizar, est\u00e1 solo a un clic con tu mouse.&nbsp;<\/p>\n\n\n\n<p>En este v\u00eddeo, hablaremos del cierre de tus posiciones. Recuerda que eso no significa vender, sino que se trata de dejar ir a una posici\u00f3n. Al cerrarla puedes elegir entre dos opciones: hacerlo de forma completa o parcial. El cierre completo es para cuando est\u00e9s listo para despedirte del activo.&nbsp;<\/p>\n\n\n\n<p>Nos hemos asegurado de que esto sea r\u00e1pido e indoloro, basta con hacer clic en el bot\u00f3n cerrar operaci\u00f3n. Ten en cuenta que no hay un segundo aviso: una vez que hagas clic, se cerrar\u00e1.<\/p>\n\n\n\n<p>Si tienes varias posiciones en un mismo activo, puedes utilizar el bot\u00f3n \u201ccerrar todo\u201d. Si quieres cerrar solo una parte de la posici\u00f3n, elige el cierre parcial. Selecciona exactamente cu\u00e1nto dinero retirar y cu\u00e1nto mantener . Eso s\u00ed, aseg\u00farate de que ambas cantidades cumplan el valor m\u00ednimo de la posici\u00f3n requerido para esta clase de activo. El dinero que retires, se transferir\u00e1 directamente al saldo de tu cuenta de eToro.&nbsp;<\/p>\n\n\n\n<p>\u00bfSab\u00edas que hay m\u00e1s de 24 husos horarios en todo el mundo? Entonces, cada mercado tiene su propio horario de funcionamiento.&nbsp;<\/p>\n\n\n\n<p>\u00bfQu\u00e9 ocurrir\u00e1 si decides cerrar una posici\u00f3n en un mercado que est\u00e1 cerrado? No hay problema: tu posici\u00f3n pasar\u00e1 a un estado de \u201ccierre pendiente\u201d y la orden se ejecutar\u00e1 una vez que el mercado abra. Y si cambias de opini\u00f3n antes de la apertura del mercado, siempre puedes cancelarla.&nbsp;<\/p>\n\n\n\n<p>El cierre de una operaci\u00f3n, dentro de una operaci\u00f3n de copia, funciona exactamente igual: solo tienes que buscar el activo que deseas cerrar y elige el tipo de cierre.&nbsp;<\/p>\n\n\n\n<p>\u00a1Ya est\u00e1! Has sorprendido todo lo que necesitas saber sobre el arte de dejar ir\u2026en relaci\u00f3n a posiciones abiertas claro.&nbsp;<\/p>\n\n\n\n<p>Gracias por mirar este video. \u00a1Nos vemos pronto en el feed toro!<\/p>\n<\/div><button class=\"wp-block-etoro-video-description-more-text\">Mostrar m\u00e1s<svg xmlns=\"http:\/\/www.w3.org\/2000\/svg\" width=\"9\" height=\"6\" viewBox=\"0 0 9 6\" fill=\"none\"><path d=\"M7.5625 1.48616L4.5 4.54866L1.4375 1.48616\" stroke=\"#13C636\" stroke-linecap=\"square\"><\/path><\/svg><\/button><\/div><\/div><\/div>\n","protected":false},"excerpt":{"rendered":"","protected":false},"author":96,"featured_media":561286,"parent":260123,"menu_order":0,"comment_status":"closed","ping_status":"closed","template":"","meta":{"_acf_changed":true,"inline_featured_image":false,"sticky_cta_settings":"","footnotes":""},"asset_type":[],"class_list":["post-1008474","page","type-page","status-publish","has-post-thumbnail","hentry"],"acf":[],"yoast_head":"<title>C\u00f3mo cerrar tu posici\u00f3n | Video de la Academia de eToro<\/title>\n<meta name=\"description\" content=\"\u00bfListo para cerrar tu posici\u00f3n de trading? Este video explica todo lo que necesitas saber sobre el proceso en eToro.\" \/>\n<meta name=\"robots\" content=\"index, follow, max-snippet:-1, max-image-preview:large, max-video-preview:-1\" \/>\n<link rel=\"canonical\" href=\"https:\/\/www.etoro.com\/es\/wp-json\/wp\/v2\/pages\/1008474\" \/>\n<meta property=\"og:locale\" content=\"es_ES\" \/>\n<meta property=\"og:type\" content=\"article\" \/>\n<meta property=\"og:title\" content=\"C\u00f3mo cerrar tu posici\u00f3n | Video de la Academia de eToro\" \/>\n<meta property=\"og:description\" content=\"\u00bfListo para cerrar tu posici\u00f3n de trading? Este video explica todo lo que necesitas saber sobre el proceso en eToro.\" \/>\n<meta property=\"og:url\" content=\"https:\/\/www.etoro.com\/es\/wp-json\/wp\/v2\/pages\/1008474\" \/>\n<meta property=\"og:site_name\" content=\"eToro\" \/>\n<meta property=\"article:publisher\" content=\"https:\/\/www.facebook.com\/eToro\/\" \/>\n<meta property=\"article:modified_time\" content=\"2025-02-12T15:08:24+00:00\" \/>\n<meta property=\"og:image\" content=\"https:\/\/www.etoro.com\/wp-content\/uploads\/2023\/02\/1085_600x500_ES.jpg\" \/>\n\t<meta property=\"og:image:width\" content=\"576\" \/>\n\t<meta property=\"og:image:height\" content=\"385\" \/>\n\t<meta property=\"og:image:type\" content=\"image\/jpeg\" \/>\n<meta name=\"twitter:card\" content=\"summary_large_image\" \/>\n<meta name=\"twitter:site\" content=\"@eToro\" \/>\n<meta name=\"twitter:label1\" content=\"Est. reading time\" \/>\n\t<meta name=\"twitter:data1\" content=\"2 minutes\" \/>\n<script type=\"application\/ld+json\" class=\"yoast-schema-graph\">{\"@context\":\"https:\/\/schema.org\",\"@graph\":[{\"@type\":\"WebPage\",\"@id\":\"https:\/\/www.etoro.com\/es\/academy\/videos\/how-to-close-your-position\/\",\"url\":\"https:\/\/www.etoro.com\/es\/academy\/videos\/how-to-close-your-position\/\",\"name\":\"C\u00f3mo cerrar tu posici\u00f3n | Video de la Academia de eToro\",\"isPartOf\":{\"@id\":\"https:\/\/www.etoro.com\/es\/#website\"},\"primaryImageOfPage\":{\"@id\":\"https:\/\/www.etoro.com\/es\/academy\/videos\/how-to-close-your-position\/#primaryimage\"},\"image\":{\"@id\":\"https:\/\/www.etoro.com\/es\/academy\/videos\/how-to-close-your-position\/#primaryimage\"},\"thumbnailUrl\":\"https:\/\/www.etoro.com\/wp-content\/uploads\/2023\/02\/1085_600x500_ES.jpg\",\"datePublished\":\"2025-01-10T15:50:59+00:00\",\"dateModified\":\"2025-02-12T15:08:24+00:00\",\"description\":\"\u00bfListo para cerrar tu posici\u00f3n de trading? Este video explica todo lo que necesitas saber sobre el proceso en eToro.\",\"breadcrumb\":{\"@id\":\"https:\/\/www.etoro.com\/es\/academy\/videos\/how-to-close-your-position\/#breadcrumb\"},\"inLanguage\":\"es\",\"potentialAction\":[{\"@type\":\"ReadAction\",\"target\":[\"https:\/\/www.etoro.com\/es\/academy\/videos\/how-to-close-your-position\/\"]}]},{\"@type\":\"ImageObject\",\"inLanguage\":\"es\",\"@id\":\"https:\/\/www.etoro.com\/es\/academy\/videos\/how-to-close-your-position\/#primaryimage\",\"url\":\"https:\/\/www.etoro.com\/wp-content\/uploads\/2023\/02\/1085_600x500_ES.jpg\",\"contentUrl\":\"https:\/\/www.etoro.com\/wp-content\/uploads\/2023\/02\/1085_600x500_ES.jpg\",\"width\":576,\"height\":385},{\"@type\":\"BreadcrumbList\",\"@id\":\"https:\/\/www.etoro.com\/es\/academy\/videos\/how-to-close-your-position\/#breadcrumb\",\"itemListElement\":[{\"@type\":\"ListItem\",\"position\":1,\"name\":\"Inicio\",\"item\":\"https:\/\/www.etoro.com\/es\/\"},{\"@type\":\"ListItem\",\"position\":2,\"name\":\"eToro Academy\",\"item\":\"https:\/\/www.etoro.com\/es\/academy\/\"},{\"@type\":\"ListItem\",\"position\":3,\"name\":\"V\u00eddeos\",\"item\":\"https:\/\/www.etoro.com\/?page_id=221232\"},{\"@type\":\"ListItem\",\"position\":4,\"name\":\"C\u00f3mo cerrar una posici\u00f3n en eToro\"}]},{\"@type\":\"WebSite\",\"@id\":\"https:\/\/www.etoro.com\/es\/#website\",\"url\":\"https:\/\/www.etoro.com\/es\/\",\"name\":\"eToro\",\"description\":\"\",\"publisher\":{\"@id\":\"https:\/\/www.etoro.com\/es\/#organization\"},\"potentialAction\":[{\"@type\":\"SearchAction\",\"target\":{\"@type\":\"EntryPoint\",\"urlTemplate\":\"https:\/\/www.etoro.com\/es\/?s={search_term_string}\"},\"query-input\":{\"@type\":\"PropertyValueSpecification\",\"valueRequired\":true,\"valueName\":\"search_term_string\"}}],\"inLanguage\":\"es\"},[]]}<\/script>","yoast_head_json":{"title":"C\u00f3mo cerrar tu posici\u00f3n | Video de la Academia de eToro","description":"\u00bfListo para cerrar tu posici\u00f3n de trading? Este video explica todo lo que necesitas saber sobre el proceso en eToro.","robots":{"index":"index","follow":"follow","max-snippet":"max-snippet:-1","max-image-preview":"max-image-preview:large","max-video-preview":"max-video-preview:-1"},"canonical":"https:\/\/www.etoro.com\/es\/wp-json\/wp\/v2\/pages\/1008474","og_locale":"es_ES","og_type":"article","og_title":"C\u00f3mo cerrar tu posici\u00f3n | Video de la Academia de eToro","og_description":"\u00bfListo para cerrar tu posici\u00f3n de trading? Este video explica todo lo que necesitas saber sobre el proceso en eToro.","og_url":"https:\/\/www.etoro.com\/es\/wp-json\/wp\/v2\/pages\/1008474","og_site_name":"eToro","article_publisher":"https:\/\/www.facebook.com\/eToro\/","article_modified_time":"2025-02-12T15:08:24+00:00","og_image":[{"width":576,"height":385,"url":"https:\/\/www.etoro.com\/wp-content\/uploads\/2023\/02\/1085_600x500_ES.jpg","type":"image\/jpeg"}],"twitter_card":"summary_large_image","twitter_site":"@eToro","twitter_misc":{"Est. reading time":"2 minutes"},"schema":{"@context":"https:\/\/schema.org","@graph":[{"@type":"WebPage","@id":"https:\/\/www.etoro.com\/es\/academy\/videos\/how-to-close-your-position\/","url":"https:\/\/www.etoro.com\/es\/academy\/videos\/how-to-close-your-position\/","name":"C\u00f3mo cerrar tu posici\u00f3n | Video de la Academia de eToro","isPartOf":{"@id":"https:\/\/www.etoro.com\/es\/#website"},"primaryImageOfPage":{"@id":"https:\/\/www.etoro.com\/es\/academy\/videos\/how-to-close-your-position\/#primaryimage"},"image":{"@id":"https:\/\/www.etoro.com\/es\/academy\/videos\/how-to-close-your-position\/#primaryimage"},"thumbnailUrl":"https:\/\/www.etoro.com\/wp-content\/uploads\/2023\/02\/1085_600x500_ES.jpg","datePublished":"2025-01-10T15:50:59+00:00","dateModified":"2025-02-12T15:08:24+00:00","description":"\u00bfListo para cerrar tu posici\u00f3n de trading? Este video explica todo lo que necesitas saber sobre el proceso en eToro.","breadcrumb":{"@id":"https:\/\/www.etoro.com\/es\/academy\/videos\/how-to-close-your-position\/#breadcrumb"},"inLanguage":"es","potentialAction":[{"@type":"ReadAction","target":["https:\/\/www.etoro.com\/es\/academy\/videos\/how-to-close-your-position\/"]}]},{"@type":"ImageObject","inLanguage":"es","@id":"https:\/\/www.etoro.com\/es\/academy\/videos\/how-to-close-your-position\/#primaryimage","url":"https:\/\/www.etoro.com\/wp-content\/uploads\/2023\/02\/1085_600x500_ES.jpg","contentUrl":"https:\/\/www.etoro.com\/wp-content\/uploads\/2023\/02\/1085_600x500_ES.jpg","width":576,"height":385},{"@type":"BreadcrumbList","@id":"https:\/\/www.etoro.com\/es\/academy\/videos\/how-to-close-your-position\/#breadcrumb","itemListElement":[{"@type":"ListItem","position":1,"name":"Inicio","item":"https:\/\/www.etoro.com\/es\/"},{"@type":"ListItem","position":2,"name":"eToro Academy","item":"https:\/\/www.etoro.com\/es\/academy\/"},{"@type":"ListItem","position":3,"name":"V\u00eddeos","item":"https:\/\/www.etoro.com\/?page_id=221232"},{"@type":"ListItem","position":4,"name":"C\u00f3mo cerrar una posici\u00f3n en eToro"}]},{"@type":"WebSite","@id":"https:\/\/www.etoro.com\/es\/#website","url":"https:\/\/www.etoro.com\/es\/","name":"eToro","description":"","publisher":{"@id":"https:\/\/www.etoro.com\/es\/#organization"},"potentialAction":[{"@type":"SearchAction","target":{"@type":"EntryPoint","urlTemplate":"https:\/\/www.etoro.com\/es\/?s={search_term_string}"},"query-input":{"@type":"PropertyValueSpecification","valueRequired":true,"valueName":"search_term_string"}}],"inLanguage":"es"},[]]}},"_links":{"self":[{"href":"https:\/\/www.etoro.com\/es\/wp-json\/wp\/v2\/pages\/1008474"}],"collection":[{"href":"https:\/\/www.etoro.com\/es\/wp-json\/wp\/v2\/pages"}],"about":[{"href":"https:\/\/www.etoro.com\/es\/wp-json\/wp\/v2\/types\/page"}],"author":[{"embeddable":true,"href":"https:\/\/www.etoro.com\/es\/wp-json\/wp\/v2\/users\/96"}],"replies":[{"embeddable":true,"href":"https:\/\/www.etoro.com\/es\/wp-json\/wp\/v2\/comments?post=1008474"}],"version-history":[{"count":0,"href":"https:\/\/www.etoro.com\/es\/wp-json\/wp\/v2\/pages\/1008474\/revisions"}],"up":[{"embeddable":true,"href":"https:\/\/www.etoro.com\/es\/wp-json\/wp\/v2\/pages\/260123"}],"wp:featuredmedia":[{"embeddable":true,"href":"https:\/\/www.etoro.com\/es\/wp-json\/wp\/v2\/media\/561286"}],"wp:attachment":[{"href":"https:\/\/www.etoro.com\/es\/wp-json\/wp\/v2\/media?parent=1008474"}],"wp:term":[{"taxonomy":"asset_type","embeddable":true,"href":"https:\/\/www.etoro.com\/es\/wp-json\/wp\/v2\/asset_type?post=1008474"}],"curies":[{"name":"wp","href":"https:\/\/api.w.org\/{rel}","templated":true}]}}