{"id":1008498,"date":"2025-01-17T13:20:30","date_gmt":"2025-01-17T11:20:30","guid":{"rendered":"https:\/\/www.etoro.com\/academy\/videos\/opening-your-first-position\/"},"modified":"2025-02-12T17:06:37","modified_gmt":"2025-02-12T15:06:37","slug":"opening-your-first-position","status":"publish","type":"page","link":"https:\/\/www.etoro.com\/es\/academy\/videos\/opening-your-first-position\/","title":{"rendered":"C\u00f3mo abrir tu primera posici\u00f3n en eToro"},"content":{"rendered":"\n<div class=\"wp-block-etoro-video-transcript\"><div class=\"wp-block-etoro-video-description\"><h2 class=\"wp-block-etoro-video-description-title\">Descripci\u00f3n<\/h2><hr\/><div class=\"wp-block-etoro-video-description-content\">Hay una primera vez para todo. El primer amor, el primer desamor y tu primera posici\u00f3n en eToro. Aqu\u00ed te explicaremos c\u00f3mo hacerlo correctamente.<\/div><\/div><div class=\"wp-block-etoro-video-transcript-content\"><h2 class=\"wp-block-etoro-video-transcript-title\">Transcripci\u00f3n<\/h2><hr\/><div class=\"wp-block-etoro-video-transcript-text\"><div class=\"wp-block-etoro-video-transcript-text-wrapper\">\n<p>\u00a1Felicitaciones! Ya creaste tu cuenta en eToro y por fin lleg\u00f3 el momento de invertir \u00a1vamos a empezar!<\/p>\n\n\n\n<p>Ahora, deber\u00e1s abrir una oposici\u00f3n. Puedes elegir entre dos opciones: posici\u00f3n de compra o de venta, que quiz\u00e1s tambi\u00e9n conozca como posici\u00f3n en corto.&nbsp;<\/p>\n\n\n\n<p>\u00bfTe preguntar\u00e1s c\u00f3mo elegir verdad? Es muy sencillo, de compra cuando creas que el valor de un activo aumentar\u00e1 y de venta cuando creas que el valor bajar\u00e1. Tambi\u00e9n, puedes abrir una<\/p>\n\n\n\n<p>posici\u00f3n desde tu lista de seguimiento, en la pesta\u00f1a descubrir o si est\u00e1s interesado en un activo que ya posees, directamente puedes hacerlo desde tu portafolio.&nbsp;<\/p>\n\n\n\n<p>Cuando abres una posici\u00f3n, elige primero cu\u00e1nto comprar\u00e1s o vender\u00e1s, ya sea en unidades o en d\u00f3lares. Tu posici\u00f3n, por ejemplo, puede consistir en la compra del activo subyacente o en<\/p>\n\n\n\n<p>un CFD.&nbsp;<\/p>\n\n\n\n<p>Si se trata de este \u00faltimo, ten en cuenta que puedes establecer tus l\u00edmites de Stop Loss y Take Profit. Estos, no solo son esenciales, son obligatorios por normativa para protegerte como inversor. Dependiendo de los l\u00edmites para cada activo en particular, tambi\u00e9n puedes utilizar el apalancamiento.&nbsp;<\/p>\n\n\n\n<p>No olvides que \u201cun alto apalancamiento\u201d conlleva una gran responsabilidad y comisiones. As\u00ed que, aseg\u00farate de comprobar las tarifas nocturnas y de fin de semana en la secci\u00f3n \u201coperaciones abiertas\u201d.<\/p>\n\n\n\n<p>Si est\u00e1s abriendo una posici\u00f3n mientras el mercado est\u00e1 cerrado, no te preocupes. Se programar\u00e1 una orden y todo ser\u00e1 autom\u00e1ticamente al momento de su apertura o cuando este alcance la tasa seleccionada.&nbsp;<\/p>\n\n\n\n<p>Ya sea que est\u00e1s comprando o vendiendo, otra funci\u00f3n genial de eToro te permite editar tu stop loss o Take Profit incluso despu\u00e9s de abrir la posici\u00f3n.<\/p>\n\n\n\n<p>Haz clic en la posici\u00f3n correspondiente y ajustala seg\u00fan tus necesidades. \u00a1Eso es todo! unos pocos clics y tu posici\u00f3n estar\u00e1 abierta.<\/p>\n\n\n\n<p>Te deseamos una feliz inversi\u00f3n. Gracias por mirar este video.<\/p>\n\n\n\n<p>!Nos vemos en el feed de eToro!<\/p>\n<\/div><button class=\"wp-block-etoro-video-description-more-text\">Mostrar m\u00e1s<svg xmlns=\"http:\/\/www.w3.org\/2000\/svg\" width=\"9\" height=\"6\" viewBox=\"0 0 9 6\" fill=\"none\"><path d=\"M7.5625 1.48616L4.5 4.54866L1.4375 1.48616\" stroke=\"#13C636\" stroke-linecap=\"square\"><\/path><\/svg><\/button><\/div><\/div><\/div>\n","protected":false},"excerpt":{"rendered":"","protected":false},"author":96,"featured_media":560532,"parent":260123,"menu_order":0,"comment_status":"closed","ping_status":"closed","template":"","meta":{"_acf_changed":true,"inline_featured_image":false,"sticky_cta_settings":"","footnotes":""},"asset_type":[],"class_list":["post-1008498","page","type-page","status-publish","has-post-thumbnail","hentry"],"acf":[],"yoast_head":"<title>Abriendo tu primera posici\u00f3n | Video de la Academia de eToro<\/title>\n<meta name=\"description\" content=\"Aprende a abrir correctamente tu primera posici\u00f3n de trading en eToro con este video paso a paso.\" \/>\n<meta name=\"robots\" content=\"index, follow, max-snippet:-1, max-image-preview:large, max-video-preview:-1\" \/>\n<link rel=\"canonical\" href=\"https:\/\/www.etoro.com\/es\/wp-json\/wp\/v2\/pages\/1008498\" \/>\n<meta property=\"og:locale\" content=\"es_ES\" \/>\n<meta property=\"og:type\" content=\"article\" \/>\n<meta property=\"og:title\" content=\"Abriendo tu primera posici\u00f3n | Video de la Academia de eToro\" \/>\n<meta property=\"og:description\" content=\"Aprende a abrir correctamente tu primera posici\u00f3n de trading en eToro con este video paso a paso.\" \/>\n<meta property=\"og:url\" content=\"https:\/\/www.etoro.com\/es\/wp-json\/wp\/v2\/pages\/1008498\" \/>\n<meta property=\"og:site_name\" content=\"eToro\" \/>\n<meta property=\"article:publisher\" content=\"https:\/\/www.facebook.com\/eToro\/\" \/>\n<meta property=\"article:modified_time\" content=\"2025-02-12T15:06:37+00:00\" \/>\n<meta property=\"og:image\" content=\"https:\/\/www.etoro.com\/wp-content\/uploads\/2023\/02\/7490_600x500_ES.jpg\" \/>\n\t<meta property=\"og:image:width\" content=\"576\" \/>\n\t<meta property=\"og:image:height\" content=\"385\" \/>\n\t<meta property=\"og:image:type\" content=\"image\/jpeg\" \/>\n<meta name=\"twitter:card\" content=\"summary_large_image\" \/>\n<meta name=\"twitter:site\" content=\"@eToro\" \/>\n<meta name=\"twitter:label1\" content=\"Est. reading time\" \/>\n\t<meta name=\"twitter:data1\" content=\"2 minutes\" \/>\n<script type=\"application\/ld+json\" class=\"yoast-schema-graph\">{\"@context\":\"https:\/\/schema.org\",\"@graph\":[{\"@type\":\"WebPage\",\"@id\":\"https:\/\/www.etoro.com\/es\/academy\/videos\/opening-your-first-position\/\",\"url\":\"https:\/\/www.etoro.com\/es\/academy\/videos\/opening-your-first-position\/\",\"name\":\"Abriendo tu primera posici\u00f3n | Video de la Academia de eToro\",\"isPartOf\":{\"@id\":\"https:\/\/www.etoro.com\/es\/#website\"},\"primaryImageOfPage\":{\"@id\":\"https:\/\/www.etoro.com\/es\/academy\/videos\/opening-your-first-position\/#primaryimage\"},\"image\":{\"@id\":\"https:\/\/www.etoro.com\/es\/academy\/videos\/opening-your-first-position\/#primaryimage\"},\"thumbnailUrl\":\"https:\/\/www.etoro.com\/wp-content\/uploads\/2023\/02\/7490_600x500_ES.jpg\",\"datePublished\":\"2025-01-17T11:20:30+00:00\",\"dateModified\":\"2025-02-12T15:06:37+00:00\",\"description\":\"Aprende a abrir correctamente tu primera posici\u00f3n de trading en eToro con este video paso a paso.\",\"breadcrumb\":{\"@id\":\"https:\/\/www.etoro.com\/es\/academy\/videos\/opening-your-first-position\/#breadcrumb\"},\"inLanguage\":\"es\",\"potentialAction\":[{\"@type\":\"ReadAction\",\"target\":[\"https:\/\/www.etoro.com\/es\/academy\/videos\/opening-your-first-position\/\"]}]},{\"@type\":\"ImageObject\",\"inLanguage\":\"es\",\"@id\":\"https:\/\/www.etoro.com\/es\/academy\/videos\/opening-your-first-position\/#primaryimage\",\"url\":\"https:\/\/www.etoro.com\/wp-content\/uploads\/2023\/02\/7490_600x500_ES.jpg\",\"contentUrl\":\"https:\/\/www.etoro.com\/wp-content\/uploads\/2023\/02\/7490_600x500_ES.jpg\",\"width\":576,\"height\":385},{\"@type\":\"BreadcrumbList\",\"@id\":\"https:\/\/www.etoro.com\/es\/academy\/videos\/opening-your-first-position\/#breadcrumb\",\"itemListElement\":[{\"@type\":\"ListItem\",\"position\":1,\"name\":\"Inicio\",\"item\":\"https:\/\/www.etoro.com\/es\/\"},{\"@type\":\"ListItem\",\"position\":2,\"name\":\"eToro Academy\",\"item\":\"https:\/\/www.etoro.com\/es\/academy\/\"},{\"@type\":\"ListItem\",\"position\":3,\"name\":\"V\u00eddeos\",\"item\":\"https:\/\/www.etoro.com\/?page_id=221232\"},{\"@type\":\"ListItem\",\"position\":4,\"name\":\"C\u00f3mo abrir tu primera posici\u00f3n en eToro\"}]},{\"@type\":\"WebSite\",\"@id\":\"https:\/\/www.etoro.com\/es\/#website\",\"url\":\"https:\/\/www.etoro.com\/es\/\",\"name\":\"eToro\",\"description\":\"\",\"publisher\":{\"@id\":\"https:\/\/www.etoro.com\/es\/#organization\"},\"potentialAction\":[{\"@type\":\"SearchAction\",\"target\":{\"@type\":\"EntryPoint\",\"urlTemplate\":\"https:\/\/www.etoro.com\/es\/?s={search_term_string}\"},\"query-input\":{\"@type\":\"PropertyValueSpecification\",\"valueRequired\":true,\"valueName\":\"search_term_string\"}}],\"inLanguage\":\"es\"},[]]}<\/script>","yoast_head_json":{"title":"Abriendo tu primera posici\u00f3n | Video de la Academia de eToro","description":"Aprende a abrir correctamente tu primera posici\u00f3n de trading en eToro con este video paso a paso.","robots":{"index":"index","follow":"follow","max-snippet":"max-snippet:-1","max-image-preview":"max-image-preview:large","max-video-preview":"max-video-preview:-1"},"canonical":"https:\/\/www.etoro.com\/es\/wp-json\/wp\/v2\/pages\/1008498","og_locale":"es_ES","og_type":"article","og_title":"Abriendo tu primera posici\u00f3n | Video de la Academia de eToro","og_description":"Aprende a abrir correctamente tu primera posici\u00f3n de trading en eToro con este video paso a paso.","og_url":"https:\/\/www.etoro.com\/es\/wp-json\/wp\/v2\/pages\/1008498","og_site_name":"eToro","article_publisher":"https:\/\/www.facebook.com\/eToro\/","article_modified_time":"2025-02-12T15:06:37+00:00","og_image":[{"width":576,"height":385,"url":"https:\/\/www.etoro.com\/wp-content\/uploads\/2023\/02\/7490_600x500_ES.jpg","type":"image\/jpeg"}],"twitter_card":"summary_large_image","twitter_site":"@eToro","twitter_misc":{"Est. reading time":"2 minutes"},"schema":{"@context":"https:\/\/schema.org","@graph":[{"@type":"WebPage","@id":"https:\/\/www.etoro.com\/es\/academy\/videos\/opening-your-first-position\/","url":"https:\/\/www.etoro.com\/es\/academy\/videos\/opening-your-first-position\/","name":"Abriendo tu primera posici\u00f3n | Video de la Academia de eToro","isPartOf":{"@id":"https:\/\/www.etoro.com\/es\/#website"},"primaryImageOfPage":{"@id":"https:\/\/www.etoro.com\/es\/academy\/videos\/opening-your-first-position\/#primaryimage"},"image":{"@id":"https:\/\/www.etoro.com\/es\/academy\/videos\/opening-your-first-position\/#primaryimage"},"thumbnailUrl":"https:\/\/www.etoro.com\/wp-content\/uploads\/2023\/02\/7490_600x500_ES.jpg","datePublished":"2025-01-17T11:20:30+00:00","dateModified":"2025-02-12T15:06:37+00:00","description":"Aprende a abrir correctamente tu primera posici\u00f3n de trading en eToro con este video paso a paso.","breadcrumb":{"@id":"https:\/\/www.etoro.com\/es\/academy\/videos\/opening-your-first-position\/#breadcrumb"},"inLanguage":"es","potentialAction":[{"@type":"ReadAction","target":["https:\/\/www.etoro.com\/es\/academy\/videos\/opening-your-first-position\/"]}]},{"@type":"ImageObject","inLanguage":"es","@id":"https:\/\/www.etoro.com\/es\/academy\/videos\/opening-your-first-position\/#primaryimage","url":"https:\/\/www.etoro.com\/wp-content\/uploads\/2023\/02\/7490_600x500_ES.jpg","contentUrl":"https:\/\/www.etoro.com\/wp-content\/uploads\/2023\/02\/7490_600x500_ES.jpg","width":576,"height":385},{"@type":"BreadcrumbList","@id":"https:\/\/www.etoro.com\/es\/academy\/videos\/opening-your-first-position\/#breadcrumb","itemListElement":[{"@type":"ListItem","position":1,"name":"Inicio","item":"https:\/\/www.etoro.com\/es\/"},{"@type":"ListItem","position":2,"name":"eToro Academy","item":"https:\/\/www.etoro.com\/es\/academy\/"},{"@type":"ListItem","position":3,"name":"V\u00eddeos","item":"https:\/\/www.etoro.com\/?page_id=221232"},{"@type":"ListItem","position":4,"name":"C\u00f3mo abrir tu primera posici\u00f3n en eToro"}]},{"@type":"WebSite","@id":"https:\/\/www.etoro.com\/es\/#website","url":"https:\/\/www.etoro.com\/es\/","name":"eToro","description":"","publisher":{"@id":"https:\/\/www.etoro.com\/es\/#organization"},"potentialAction":[{"@type":"SearchAction","target":{"@type":"EntryPoint","urlTemplate":"https:\/\/www.etoro.com\/es\/?s={search_term_string}"},"query-input":{"@type":"PropertyValueSpecification","valueRequired":true,"valueName":"search_term_string"}}],"inLanguage":"es"},[]]}},"_links":{"self":[{"href":"https:\/\/www.etoro.com\/es\/wp-json\/wp\/v2\/pages\/1008498"}],"collection":[{"href":"https:\/\/www.etoro.com\/es\/wp-json\/wp\/v2\/pages"}],"about":[{"href":"https:\/\/www.etoro.com\/es\/wp-json\/wp\/v2\/types\/page"}],"author":[{"embeddable":true,"href":"https:\/\/www.etoro.com\/es\/wp-json\/wp\/v2\/users\/96"}],"replies":[{"embeddable":true,"href":"https:\/\/www.etoro.com\/es\/wp-json\/wp\/v2\/comments?post=1008498"}],"version-history":[{"count":0,"href":"https:\/\/www.etoro.com\/es\/wp-json\/wp\/v2\/pages\/1008498\/revisions"}],"up":[{"embeddable":true,"href":"https:\/\/www.etoro.com\/es\/wp-json\/wp\/v2\/pages\/260123"}],"wp:featuredmedia":[{"embeddable":true,"href":"https:\/\/www.etoro.com\/es\/wp-json\/wp\/v2\/media\/560532"}],"wp:attachment":[{"href":"https:\/\/www.etoro.com\/es\/wp-json\/wp\/v2\/media?parent=1008498"}],"wp:term":[{"taxonomy":"asset_type","embeddable":true,"href":"https:\/\/www.etoro.com\/es\/wp-json\/wp\/v2\/asset_type?post=1008498"}],"curies":[{"name":"wp","href":"https:\/\/api.w.org\/{rel}","templated":true}]}}