{"id":1009530,"date":"2025-01-10T17:19:24","date_gmt":"2025-01-10T15:19:24","guid":{"rendered":"https:\/\/www.etoro.com\/academy\/videos\/starting-your-investing-journey\/"},"modified":"2025-02-12T17:05:13","modified_gmt":"2025-02-12T15:05:13","slug":"starting-your-investing-journey","status":"publish","type":"page","link":"https:\/\/www.etoro.com\/es\/academy\/videos\/starting-your-investing-journey\/","title":{"rendered":"\u00bfCu\u00e1nto dinero necesito para invertir?"},"content":{"rendered":"\n<div class=\"wp-block-etoro-video-transcript\"><div class=\"wp-block-etoro-video-description\"><h2 class=\"wp-block-etoro-video-description-title\">Descripci\u00f3n<\/h2><hr\/><div class=\"wp-block-etoro-video-description-content\">Una pregunta razonable merece una respuesta razonable. Si quieres empezar a invertir en los mercados financieros, este v\u00eddeo es para ti.<\/div><\/div><div class=\"wp-block-etoro-video-transcript-content\"><h2 class=\"wp-block-etoro-video-transcript-title\">Transcripci\u00f3n<\/h2><hr\/><div class=\"wp-block-etoro-video-transcript-text\"><div class=\"wp-block-etoro-video-transcript-text-wrapper\">\n<p>Hola, soy Anthony y en este v\u00eddeo intentar\u00e9 ayudarte a responder una pregunta muy importante. \u00bfCu\u00e1nto dinero necesitas para comenzar a invertir?<\/p>\n\n\n\n<p>Si bien no existe una respuesta general, la m\u00e1s simple es, que depende de cu\u00e1nto dinero dispongas y cu\u00e1les son tus objetivos de inversi\u00f3n.&nbsp; Puedes invertir mucho o poco, pero al final del d\u00eda no se tratar\u00e1 de cu\u00e1nto puedes, sino de cu\u00e1nto debes.\u00a1Vamos por m\u00e1s!.&nbsp;<\/p>\n\n\n\n<p>Lo m\u00e1s importante es hacerlo con responsabilidad. Invierte solo el dinero que est\u00e9 dispuesto a perder.&nbsp;<\/p>\n\n\n\n<p>Una regla general ser\u00e1 cuidar tu endeudamiento y tener un fondo de emergencia antes de usar tu capital adicional. Administra bien tus expectativas: muchos prometen soluciones r\u00e1pidas para hacerse ricos, pero la verdadera riqueza, solo se construye gradualmente y con mucha paciencia.&nbsp;<\/p>\n\n\n\n<p>Preg\u00fantale a cualquier inversor \u00a1o a cualquier tortuga!&nbsp;<\/p>\n\n\n\n<p>Hablando de paciencia, el tiempo tambi\u00e9n es un factor en el que debes de pensar. Por ejemplo, \u00bfcuando planeas capitalizar tu inversi\u00f3n? \u00bfest\u00e1s ahorrando para tu jubilaci\u00f3n? \u00bfacaso para comprar una casa? o \u00bfplaneas un viaje para el pr\u00f3ximo a\u00f1o? aseg\u00farate de invertir en un buen par de botas de monta\u00f1a.&nbsp;<\/p>\n\n\n\n<p>Otro factor a tener en cuenta es el riesgo. La relaci\u00f3n entre riesgo y la recompensa en tu inversi\u00f3n, te ayudar\u00e1 a calcular con cu\u00e1nto dinero debes comenzar. Naturalmente hay otros factores a considerar, pero si sigues los pasos de este v\u00eddeo, tendr\u00e1s un punto de partida bastante s\u00f3lido.<\/p>\n\n\n\n<p>\u00a1Ya es hora! \u00a1Comienza a planificar tu futuro!<\/p>\n\n\n\n<p>\u00a1Gracias por mirar este video!<\/p>\n\n\n\n<p>Nos vemos en la plataforma de eToro<\/p>\n\n\n\n<p>\u00a1Chau!<\/p>\n<\/div><button class=\"wp-block-etoro-video-description-more-text\">Mostrar m\u00e1s<svg xmlns=\"http:\/\/www.w3.org\/2000\/svg\" width=\"9\" height=\"6\" viewBox=\"0 0 9 6\" fill=\"none\"><path d=\"M7.5625 1.48616L4.5 4.54866L1.4375 1.48616\" stroke=\"#13C636\" stroke-linecap=\"square\"><\/path><\/svg><\/button><\/div><\/div><\/div>\n","protected":false},"excerpt":{"rendered":"","protected":false},"author":96,"featured_media":560507,"parent":260123,"menu_order":0,"comment_status":"closed","ping_status":"closed","template":"","meta":{"_acf_changed":true,"inline_featured_image":false,"sticky_cta_settings":"","footnotes":""},"asset_type":[],"class_list":["post-1009530","page","type-page","status-publish","has-post-thumbnail","hentry"],"acf":[],"yoast_head":"<title>Comenzando tu camino en la inversi\u00f3n | Video de la Academia de eToro<\/title>\n<meta name=\"description\" content=\"\u00bfNuevo en las inversiones? Mira este video para aprender c\u00f3mo dar tus primeros pasos en los mercados financieros con eToro.\" \/>\n<meta name=\"robots\" content=\"index, follow, max-snippet:-1, max-image-preview:large, max-video-preview:-1\" \/>\n<link rel=\"canonical\" href=\"https:\/\/www.etoro.com\/es\/wp-json\/wp\/v2\/pages\/1009530\" \/>\n<meta property=\"og:locale\" content=\"es_ES\" \/>\n<meta property=\"og:type\" content=\"article\" \/>\n<meta property=\"og:title\" content=\"Comenzando tu camino en la inversi\u00f3n | Video de la Academia de eToro\" \/>\n<meta property=\"og:description\" content=\"\u00bfNuevo en las inversiones? Mira este video para aprender c\u00f3mo dar tus primeros pasos en los mercados financieros con eToro.\" \/>\n<meta property=\"og:url\" content=\"https:\/\/www.etoro.com\/es\/wp-json\/wp\/v2\/pages\/1009530\" \/>\n<meta property=\"og:site_name\" content=\"eToro\" \/>\n<meta property=\"article:publisher\" content=\"https:\/\/www.facebook.com\/eToro\/\" \/>\n<meta property=\"article:modified_time\" content=\"2025-02-12T15:05:13+00:00\" \/>\n<meta property=\"og:image\" content=\"https:\/\/www.etoro.com\/wp-content\/uploads\/2023\/02\/2321_600X500_ES.png\" \/>\n\t<meta property=\"og:image:width\" content=\"576\" \/>\n\t<meta property=\"og:image:height\" content=\"385\" \/>\n\t<meta property=\"og:image:type\" content=\"image\/png\" \/>\n<meta name=\"twitter:card\" content=\"summary_large_image\" \/>\n<meta name=\"twitter:site\" content=\"@eToro\" \/>\n<meta name=\"twitter:label1\" content=\"Est. reading time\" \/>\n\t<meta name=\"twitter:data1\" content=\"2 minutes\" \/>\n<script type=\"application\/ld+json\" class=\"yoast-schema-graph\">{\"@context\":\"https:\/\/schema.org\",\"@graph\":[{\"@type\":\"WebPage\",\"@id\":\"https:\/\/www.etoro.com\/es\/academy\/videos\/starting-your-investing-journey\/\",\"url\":\"https:\/\/www.etoro.com\/es\/academy\/videos\/starting-your-investing-journey\/\",\"name\":\"Comenzando tu camino en la inversi\u00f3n | Video de la Academia de eToro\",\"isPartOf\":{\"@id\":\"https:\/\/www.etoro.com\/es\/#website\"},\"primaryImageOfPage\":{\"@id\":\"https:\/\/www.etoro.com\/es\/academy\/videos\/starting-your-investing-journey\/#primaryimage\"},\"image\":{\"@id\":\"https:\/\/www.etoro.com\/es\/academy\/videos\/starting-your-investing-journey\/#primaryimage\"},\"thumbnailUrl\":\"https:\/\/www.etoro.com\/wp-content\/uploads\/2023\/02\/2321_600X500_ES.png\",\"datePublished\":\"2025-01-10T15:19:24+00:00\",\"dateModified\":\"2025-02-12T15:05:13+00:00\",\"description\":\"\u00bfNuevo en las inversiones? Mira este video para aprender c\u00f3mo dar tus primeros pasos en los mercados financieros con eToro.\",\"breadcrumb\":{\"@id\":\"https:\/\/www.etoro.com\/es\/academy\/videos\/starting-your-investing-journey\/#breadcrumb\"},\"inLanguage\":\"es\",\"potentialAction\":[{\"@type\":\"ReadAction\",\"target\":[\"https:\/\/www.etoro.com\/es\/academy\/videos\/starting-your-investing-journey\/\"]}]},{\"@type\":\"ImageObject\",\"inLanguage\":\"es\",\"@id\":\"https:\/\/www.etoro.com\/es\/academy\/videos\/starting-your-investing-journey\/#primaryimage\",\"url\":\"https:\/\/www.etoro.com\/wp-content\/uploads\/2023\/02\/2321_600X500_ES.png\",\"contentUrl\":\"https:\/\/www.etoro.com\/wp-content\/uploads\/2023\/02\/2321_600X500_ES.png\",\"width\":576,\"height\":385},{\"@type\":\"BreadcrumbList\",\"@id\":\"https:\/\/www.etoro.com\/es\/academy\/videos\/starting-your-investing-journey\/#breadcrumb\",\"itemListElement\":[{\"@type\":\"ListItem\",\"position\":1,\"name\":\"Inicio\",\"item\":\"https:\/\/www.etoro.com\/es\/\"},{\"@type\":\"ListItem\",\"position\":2,\"name\":\"eToro Academy\",\"item\":\"https:\/\/www.etoro.com\/es\/academy\/\"},{\"@type\":\"ListItem\",\"position\":3,\"name\":\"V\u00eddeos\",\"item\":\"https:\/\/www.etoro.com\/?page_id=221232\"},{\"@type\":\"ListItem\",\"position\":4,\"name\":\"\u00bfCu\u00e1nto dinero necesito para invertir?\"}]},{\"@type\":\"WebSite\",\"@id\":\"https:\/\/www.etoro.com\/es\/#website\",\"url\":\"https:\/\/www.etoro.com\/es\/\",\"name\":\"eToro\",\"description\":\"\",\"publisher\":{\"@id\":\"https:\/\/www.etoro.com\/es\/#organization\"},\"potentialAction\":[{\"@type\":\"SearchAction\",\"target\":{\"@type\":\"EntryPoint\",\"urlTemplate\":\"https:\/\/www.etoro.com\/es\/?s={search_term_string}\"},\"query-input\":{\"@type\":\"PropertyValueSpecification\",\"valueRequired\":true,\"valueName\":\"search_term_string\"}}],\"inLanguage\":\"es\"},[]]}<\/script>","yoast_head_json":{"title":"Comenzando tu camino en la inversi\u00f3n | Video de la Academia de eToro","description":"\u00bfNuevo en las inversiones? Mira este video para aprender c\u00f3mo dar tus primeros pasos en los mercados financieros con eToro.","robots":{"index":"index","follow":"follow","max-snippet":"max-snippet:-1","max-image-preview":"max-image-preview:large","max-video-preview":"max-video-preview:-1"},"canonical":"https:\/\/www.etoro.com\/es\/wp-json\/wp\/v2\/pages\/1009530","og_locale":"es_ES","og_type":"article","og_title":"Comenzando tu camino en la inversi\u00f3n | Video de la Academia de eToro","og_description":"\u00bfNuevo en las inversiones? Mira este video para aprender c\u00f3mo dar tus primeros pasos en los mercados financieros con eToro.","og_url":"https:\/\/www.etoro.com\/es\/wp-json\/wp\/v2\/pages\/1009530","og_site_name":"eToro","article_publisher":"https:\/\/www.facebook.com\/eToro\/","article_modified_time":"2025-02-12T15:05:13+00:00","og_image":[{"width":576,"height":385,"url":"https:\/\/www.etoro.com\/wp-content\/uploads\/2023\/02\/2321_600X500_ES.png","type":"image\/png"}],"twitter_card":"summary_large_image","twitter_site":"@eToro","twitter_misc":{"Est. reading time":"2 minutes"},"schema":{"@context":"https:\/\/schema.org","@graph":[{"@type":"WebPage","@id":"https:\/\/www.etoro.com\/es\/academy\/videos\/starting-your-investing-journey\/","url":"https:\/\/www.etoro.com\/es\/academy\/videos\/starting-your-investing-journey\/","name":"Comenzando tu camino en la inversi\u00f3n | Video de la Academia de eToro","isPartOf":{"@id":"https:\/\/www.etoro.com\/es\/#website"},"primaryImageOfPage":{"@id":"https:\/\/www.etoro.com\/es\/academy\/videos\/starting-your-investing-journey\/#primaryimage"},"image":{"@id":"https:\/\/www.etoro.com\/es\/academy\/videos\/starting-your-investing-journey\/#primaryimage"},"thumbnailUrl":"https:\/\/www.etoro.com\/wp-content\/uploads\/2023\/02\/2321_600X500_ES.png","datePublished":"2025-01-10T15:19:24+00:00","dateModified":"2025-02-12T15:05:13+00:00","description":"\u00bfNuevo en las inversiones? Mira este video para aprender c\u00f3mo dar tus primeros pasos en los mercados financieros con eToro.","breadcrumb":{"@id":"https:\/\/www.etoro.com\/es\/academy\/videos\/starting-your-investing-journey\/#breadcrumb"},"inLanguage":"es","potentialAction":[{"@type":"ReadAction","target":["https:\/\/www.etoro.com\/es\/academy\/videos\/starting-your-investing-journey\/"]}]},{"@type":"ImageObject","inLanguage":"es","@id":"https:\/\/www.etoro.com\/es\/academy\/videos\/starting-your-investing-journey\/#primaryimage","url":"https:\/\/www.etoro.com\/wp-content\/uploads\/2023\/02\/2321_600X500_ES.png","contentUrl":"https:\/\/www.etoro.com\/wp-content\/uploads\/2023\/02\/2321_600X500_ES.png","width":576,"height":385},{"@type":"BreadcrumbList","@id":"https:\/\/www.etoro.com\/es\/academy\/videos\/starting-your-investing-journey\/#breadcrumb","itemListElement":[{"@type":"ListItem","position":1,"name":"Inicio","item":"https:\/\/www.etoro.com\/es\/"},{"@type":"ListItem","position":2,"name":"eToro Academy","item":"https:\/\/www.etoro.com\/es\/academy\/"},{"@type":"ListItem","position":3,"name":"V\u00eddeos","item":"https:\/\/www.etoro.com\/?page_id=221232"},{"@type":"ListItem","position":4,"name":"\u00bfCu\u00e1nto dinero necesito para invertir?"}]},{"@type":"WebSite","@id":"https:\/\/www.etoro.com\/es\/#website","url":"https:\/\/www.etoro.com\/es\/","name":"eToro","description":"","publisher":{"@id":"https:\/\/www.etoro.com\/es\/#organization"},"potentialAction":[{"@type":"SearchAction","target":{"@type":"EntryPoint","urlTemplate":"https:\/\/www.etoro.com\/es\/?s={search_term_string}"},"query-input":{"@type":"PropertyValueSpecification","valueRequired":true,"valueName":"search_term_string"}}],"inLanguage":"es"},[]]}},"_links":{"self":[{"href":"https:\/\/www.etoro.com\/es\/wp-json\/wp\/v2\/pages\/1009530"}],"collection":[{"href":"https:\/\/www.etoro.com\/es\/wp-json\/wp\/v2\/pages"}],"about":[{"href":"https:\/\/www.etoro.com\/es\/wp-json\/wp\/v2\/types\/page"}],"author":[{"embeddable":true,"href":"https:\/\/www.etoro.com\/es\/wp-json\/wp\/v2\/users\/96"}],"replies":[{"embeddable":true,"href":"https:\/\/www.etoro.com\/es\/wp-json\/wp\/v2\/comments?post=1009530"}],"version-history":[{"count":0,"href":"https:\/\/www.etoro.com\/es\/wp-json\/wp\/v2\/pages\/1009530\/revisions"}],"up":[{"embeddable":true,"href":"https:\/\/www.etoro.com\/es\/wp-json\/wp\/v2\/pages\/260123"}],"wp:featuredmedia":[{"embeddable":true,"href":"https:\/\/www.etoro.com\/es\/wp-json\/wp\/v2\/media\/560507"}],"wp:attachment":[{"href":"https:\/\/www.etoro.com\/es\/wp-json\/wp\/v2\/media?parent=1009530"}],"wp:term":[{"taxonomy":"asset_type","embeddable":true,"href":"https:\/\/www.etoro.com\/es\/wp-json\/wp\/v2\/asset_type?post=1009530"}],"curies":[{"name":"wp","href":"https:\/\/api.w.org\/{rel}","templated":true}]}}