{"id":1009576,"date":"2025-01-10T17:59:49","date_gmt":"2025-01-10T15:59:49","guid":{"rendered":"https:\/\/www.etoro.com\/academy\/videos\/getting-started-on-etoro-part-2\/"},"modified":"2025-02-12T17:03:13","modified_gmt":"2025-02-12T15:03:13","slug":"getting-started-on-etoro-part-2","status":"publish","type":"page","link":"https:\/\/www.etoro.com\/es\/academy\/videos\/getting-started-on-etoro-part-2\/","title":{"rendered":"Comenzando en eToro (Parte 2)"},"content":{"rendered":"\n<div class=\"wp-block-etoro-video-transcript\"><div class=\"wp-block-etoro-video-description\"><h2 class=\"wp-block-etoro-video-description-title\">Descripci\u00f3n<\/h2><hr\/><div class=\"wp-block-etoro-video-description-content\">Si te ha gustado Tus Primeros pasos en eToro &#8211; Parte I, te encantar\u00e1 la segunda parte. Todo lo que debes saber para comenzar en eToro ya est\u00e1 aqu\u00ed.<\/div><\/div><div class=\"wp-block-etoro-video-transcript-content\"><h2 class=\"wp-block-etoro-video-transcript-title\">Transcripci\u00f3n<\/h2><hr\/><div class=\"wp-block-etoro-video-transcript-text\"><div class=\"wp-block-etoro-video-transcript-text-wrapper\">\n<p>\u00a1Hola! Bienvenido de nuevo a tus primeros pasos en eToro. Esta es la segunda parte. Te guiar\u00e9 a trav\u00e9s de alguna de las herramientas que debes tener en cuenta al comenzar.<\/p>\n\n\n\n<p>La p\u00e1gina de inicio de eToro est\u00e1 dise\u00f1ada exclusivamente para ti y es lo primero que ver\u00e1s cuando inicies sesi\u00f3n.<\/p>\n\n\n\n<p>Esta es b\u00e1sicamente tu puerta de entrada a todas las geniales herramientas y funciones que tenemos. Ahora comencemos a explorar los mercados. Ve directamente a la p\u00e1gina descubrir y consulta los activos de las distintas categor\u00edas.<\/p>\n\n\n\n<p>eToro no es una plataforma de inversi\u00f3n m\u00e1s, aqu\u00ed todo gira en torno a las personas. Ve a la secci\u00f3n de copyTrader y comienza a conocer las caras de quienes integran la comunidad de etoro.&nbsp;<\/p>\n\n\n\n<p>Tambi\u00e9n puedes ver sus estad\u00edsticas, el rendimiento de su portafolio, sus transacciones e informaci\u00f3n sobre su estrategia. Aqu\u00ed hay suficiente informaci\u00f3n como para otro video, as\u00ed que hablaremos de eso en otro momento. \u00a1Sigamos adelante!<\/p>\n\n\n\n<p>La lista de seguimiento sirve para realizar un control de todas las personas y activos que te interesan. Puedes crear todas las listas de seguimientos que desees. Los activos y las personas que sigues se utilizar\u00e1n para personalizar tu secci\u00f3n de noticias. \u00a1Eso s\u00ed que es personalizaci\u00f3n!<\/p>\n\n\n\n<p>Si\u00e9ntete libre de seguir explorando y descubriendo m\u00e1s cuando quieras.&nbsp;<\/p>\n\n\n\n<p>Una vez que hayas comenzado a invertir en tus primeros activos, sigue tus inversiones en la p\u00e1gina de tu portafolio. Haz clic en cualquier activo para obtener m\u00e1s informaci\u00f3n sobre esa inversi\u00f3n.&nbsp;<\/p>\n\n\n\n<p>Y el resto es historia, literalmente. Usa esta configuraci\u00f3n para ver el historial de tu portafolios. Si deseas modificar tu cuenta y tu experiencia, dir\u00edgete al men\u00fa de configuraci\u00f3n. Ahora puedes ir adelante y abrir nuevas posiciones. Aprende a operar y a invertir en eToro o aprende a invertir sin riesgo simplemente cambiando tu portafolio virtual.&nbsp;<\/p>\n\n\n\n<p>No practicar con tu cuenta virtual es pr\u00e1cticamente imperdonable. Ese fue el \u00faltimo juego de palabras, te lo prometo.<\/p>\n\n\n\n<p>Espero que ahora sepas un poco m\u00e1s sobre eToro.&nbsp;<\/p>\n\n\n\n<p>Gracias por mirar este video. Nos vemos en el feed de nuestra plataforma.<\/p>\n<\/div><button class=\"wp-block-etoro-video-description-more-text\">Mostrar m\u00e1s<svg xmlns=\"http:\/\/www.w3.org\/2000\/svg\" width=\"9\" height=\"6\" viewBox=\"0 0 9 6\" fill=\"none\"><path d=\"M7.5625 1.48616L4.5 4.54866L1.4375 1.48616\" stroke=\"#13C636\" stroke-linecap=\"square\"><\/path><\/svg><\/button><\/div><\/div><\/div>\n","protected":false},"excerpt":{"rendered":"","protected":false},"author":96,"featured_media":560458,"parent":260123,"menu_order":0,"comment_status":"closed","ping_status":"closed","template":"","meta":{"_acf_changed":true,"inline_featured_image":false,"sticky_cta_settings":"","footnotes":""},"asset_type":[],"class_list":["post-1009576","page","type-page","status-publish","has-post-thumbnail","hentry"],"acf":[],"yoast_head":"<title>Comenzando en eToro - Parte 2 | Video de la Academia de eToro<\/title>\n<meta name=\"description\" content=\"Contin\u00faa tu camino en los mercados financieros con la parte dos de esta serie de videos. Aprende m\u00e1s consejos para impulsar tu experiencia de inversi\u00f3n.\" \/>\n<meta name=\"robots\" content=\"index, follow, max-snippet:-1, max-image-preview:large, max-video-preview:-1\" \/>\n<link rel=\"canonical\" href=\"https:\/\/www.etoro.com\/es\/wp-json\/wp\/v2\/pages\/1009576\" \/>\n<meta property=\"og:locale\" content=\"es_ES\" \/>\n<meta property=\"og:type\" content=\"article\" \/>\n<meta property=\"og:title\" content=\"Comenzando en eToro - Parte 2 | Video de la Academia de eToro\" \/>\n<meta property=\"og:description\" content=\"Contin\u00faa tu camino en los mercados financieros con la parte dos de esta serie de videos. Aprende m\u00e1s consejos para impulsar tu experiencia de inversi\u00f3n.\" \/>\n<meta property=\"og:url\" content=\"https:\/\/www.etoro.com\/es\/wp-json\/wp\/v2\/pages\/1009576\" \/>\n<meta property=\"og:site_name\" content=\"eToro\" \/>\n<meta property=\"article:publisher\" content=\"https:\/\/www.facebook.com\/eToro\/\" \/>\n<meta property=\"article:modified_time\" content=\"2025-02-12T15:03:13+00:00\" \/>\n<meta property=\"og:image\" content=\"https:\/\/www.etoro.com\/wp-content\/uploads\/2023\/02\/4437_600X500_ES-1.png\" \/>\n\t<meta property=\"og:image:width\" content=\"576\" \/>\n\t<meta property=\"og:image:height\" content=\"385\" \/>\n\t<meta property=\"og:image:type\" content=\"image\/png\" \/>\n<meta name=\"twitter:card\" content=\"summary_large_image\" \/>\n<meta name=\"twitter:site\" content=\"@eToro\" \/>\n<meta name=\"twitter:label1\" content=\"Est. reading time\" \/>\n\t<meta name=\"twitter:data1\" content=\"2 minutes\" \/>\n<script type=\"application\/ld+json\" class=\"yoast-schema-graph\">{\"@context\":\"https:\/\/schema.org\",\"@graph\":[{\"@type\":\"WebPage\",\"@id\":\"https:\/\/www.etoro.com\/es\/academy\/videos\/getting-started-on-etoro-part-2\/\",\"url\":\"https:\/\/www.etoro.com\/es\/academy\/videos\/getting-started-on-etoro-part-2\/\",\"name\":\"Comenzando en eToro - Parte 2 | Video de la Academia de eToro\",\"isPartOf\":{\"@id\":\"https:\/\/www.etoro.com\/es\/#website\"},\"primaryImageOfPage\":{\"@id\":\"https:\/\/www.etoro.com\/es\/academy\/videos\/getting-started-on-etoro-part-2\/#primaryimage\"},\"image\":{\"@id\":\"https:\/\/www.etoro.com\/es\/academy\/videos\/getting-started-on-etoro-part-2\/#primaryimage\"},\"thumbnailUrl\":\"https:\/\/www.etoro.com\/wp-content\/uploads\/2023\/02\/4437_600X500_ES-1.png\",\"datePublished\":\"2025-01-10T15:59:49+00:00\",\"dateModified\":\"2025-02-12T15:03:13+00:00\",\"description\":\"Contin\u00faa tu camino en los mercados financieros con la parte dos de esta serie de videos. Aprende m\u00e1s consejos para impulsar tu experiencia de inversi\u00f3n.\",\"breadcrumb\":{\"@id\":\"https:\/\/www.etoro.com\/es\/academy\/videos\/getting-started-on-etoro-part-2\/#breadcrumb\"},\"inLanguage\":\"es\",\"potentialAction\":[{\"@type\":\"ReadAction\",\"target\":[\"https:\/\/www.etoro.com\/es\/academy\/videos\/getting-started-on-etoro-part-2\/\"]}]},{\"@type\":\"ImageObject\",\"inLanguage\":\"es\",\"@id\":\"https:\/\/www.etoro.com\/es\/academy\/videos\/getting-started-on-etoro-part-2\/#primaryimage\",\"url\":\"https:\/\/www.etoro.com\/wp-content\/uploads\/2023\/02\/4437_600X500_ES-1.png\",\"contentUrl\":\"https:\/\/www.etoro.com\/wp-content\/uploads\/2023\/02\/4437_600X500_ES-1.png\",\"width\":576,\"height\":385},{\"@type\":\"BreadcrumbList\",\"@id\":\"https:\/\/www.etoro.com\/es\/academy\/videos\/getting-started-on-etoro-part-2\/#breadcrumb\",\"itemListElement\":[{\"@type\":\"ListItem\",\"position\":1,\"name\":\"Inicio\",\"item\":\"https:\/\/www.etoro.com\/es\/\"},{\"@type\":\"ListItem\",\"position\":2,\"name\":\"eToro Academy\",\"item\":\"https:\/\/www.etoro.com\/es\/academy\/\"},{\"@type\":\"ListItem\",\"position\":3,\"name\":\"V\u00eddeos\",\"item\":\"https:\/\/www.etoro.com\/?page_id=221232\"},{\"@type\":\"ListItem\",\"position\":4,\"name\":\"Comenzando en eToro (Parte 2)\"}]},{\"@type\":\"WebSite\",\"@id\":\"https:\/\/www.etoro.com\/es\/#website\",\"url\":\"https:\/\/www.etoro.com\/es\/\",\"name\":\"eToro\",\"description\":\"\",\"publisher\":{\"@id\":\"https:\/\/www.etoro.com\/es\/#organization\"},\"potentialAction\":[{\"@type\":\"SearchAction\",\"target\":{\"@type\":\"EntryPoint\",\"urlTemplate\":\"https:\/\/www.etoro.com\/es\/?s={search_term_string}\"},\"query-input\":{\"@type\":\"PropertyValueSpecification\",\"valueRequired\":true,\"valueName\":\"search_term_string\"}}],\"inLanguage\":\"es\"},[]]}<\/script>","yoast_head_json":{"title":"Comenzando en eToro - Parte 2 | Video de la Academia de eToro","description":"Contin\u00faa tu camino en los mercados financieros con la parte dos de esta serie de videos. Aprende m\u00e1s consejos para impulsar tu experiencia de inversi\u00f3n.","robots":{"index":"index","follow":"follow","max-snippet":"max-snippet:-1","max-image-preview":"max-image-preview:large","max-video-preview":"max-video-preview:-1"},"canonical":"https:\/\/www.etoro.com\/es\/wp-json\/wp\/v2\/pages\/1009576","og_locale":"es_ES","og_type":"article","og_title":"Comenzando en eToro - Parte 2 | Video de la Academia de eToro","og_description":"Contin\u00faa tu camino en los mercados financieros con la parte dos de esta serie de videos. Aprende m\u00e1s consejos para impulsar tu experiencia de inversi\u00f3n.","og_url":"https:\/\/www.etoro.com\/es\/wp-json\/wp\/v2\/pages\/1009576","og_site_name":"eToro","article_publisher":"https:\/\/www.facebook.com\/eToro\/","article_modified_time":"2025-02-12T15:03:13+00:00","og_image":[{"width":576,"height":385,"url":"https:\/\/www.etoro.com\/wp-content\/uploads\/2023\/02\/4437_600X500_ES-1.png","type":"image\/png"}],"twitter_card":"summary_large_image","twitter_site":"@eToro","twitter_misc":{"Est. reading time":"2 minutes"},"schema":{"@context":"https:\/\/schema.org","@graph":[{"@type":"WebPage","@id":"https:\/\/www.etoro.com\/es\/academy\/videos\/getting-started-on-etoro-part-2\/","url":"https:\/\/www.etoro.com\/es\/academy\/videos\/getting-started-on-etoro-part-2\/","name":"Comenzando en eToro - Parte 2 | Video de la Academia de eToro","isPartOf":{"@id":"https:\/\/www.etoro.com\/es\/#website"},"primaryImageOfPage":{"@id":"https:\/\/www.etoro.com\/es\/academy\/videos\/getting-started-on-etoro-part-2\/#primaryimage"},"image":{"@id":"https:\/\/www.etoro.com\/es\/academy\/videos\/getting-started-on-etoro-part-2\/#primaryimage"},"thumbnailUrl":"https:\/\/www.etoro.com\/wp-content\/uploads\/2023\/02\/4437_600X500_ES-1.png","datePublished":"2025-01-10T15:59:49+00:00","dateModified":"2025-02-12T15:03:13+00:00","description":"Contin\u00faa tu camino en los mercados financieros con la parte dos de esta serie de videos. Aprende m\u00e1s consejos para impulsar tu experiencia de inversi\u00f3n.","breadcrumb":{"@id":"https:\/\/www.etoro.com\/es\/academy\/videos\/getting-started-on-etoro-part-2\/#breadcrumb"},"inLanguage":"es","potentialAction":[{"@type":"ReadAction","target":["https:\/\/www.etoro.com\/es\/academy\/videos\/getting-started-on-etoro-part-2\/"]}]},{"@type":"ImageObject","inLanguage":"es","@id":"https:\/\/www.etoro.com\/es\/academy\/videos\/getting-started-on-etoro-part-2\/#primaryimage","url":"https:\/\/www.etoro.com\/wp-content\/uploads\/2023\/02\/4437_600X500_ES-1.png","contentUrl":"https:\/\/www.etoro.com\/wp-content\/uploads\/2023\/02\/4437_600X500_ES-1.png","width":576,"height":385},{"@type":"BreadcrumbList","@id":"https:\/\/www.etoro.com\/es\/academy\/videos\/getting-started-on-etoro-part-2\/#breadcrumb","itemListElement":[{"@type":"ListItem","position":1,"name":"Inicio","item":"https:\/\/www.etoro.com\/es\/"},{"@type":"ListItem","position":2,"name":"eToro Academy","item":"https:\/\/www.etoro.com\/es\/academy\/"},{"@type":"ListItem","position":3,"name":"V\u00eddeos","item":"https:\/\/www.etoro.com\/?page_id=221232"},{"@type":"ListItem","position":4,"name":"Comenzando en eToro (Parte 2)"}]},{"@type":"WebSite","@id":"https:\/\/www.etoro.com\/es\/#website","url":"https:\/\/www.etoro.com\/es\/","name":"eToro","description":"","publisher":{"@id":"https:\/\/www.etoro.com\/es\/#organization"},"potentialAction":[{"@type":"SearchAction","target":{"@type":"EntryPoint","urlTemplate":"https:\/\/www.etoro.com\/es\/?s={search_term_string}"},"query-input":{"@type":"PropertyValueSpecification","valueRequired":true,"valueName":"search_term_string"}}],"inLanguage":"es"},[]]}},"_links":{"self":[{"href":"https:\/\/www.etoro.com\/es\/wp-json\/wp\/v2\/pages\/1009576"}],"collection":[{"href":"https:\/\/www.etoro.com\/es\/wp-json\/wp\/v2\/pages"}],"about":[{"href":"https:\/\/www.etoro.com\/es\/wp-json\/wp\/v2\/types\/page"}],"author":[{"embeddable":true,"href":"https:\/\/www.etoro.com\/es\/wp-json\/wp\/v2\/users\/96"}],"replies":[{"embeddable":true,"href":"https:\/\/www.etoro.com\/es\/wp-json\/wp\/v2\/comments?post=1009576"}],"version-history":[{"count":0,"href":"https:\/\/www.etoro.com\/es\/wp-json\/wp\/v2\/pages\/1009576\/revisions"}],"up":[{"embeddable":true,"href":"https:\/\/www.etoro.com\/es\/wp-json\/wp\/v2\/pages\/260123"}],"wp:featuredmedia":[{"embeddable":true,"href":"https:\/\/www.etoro.com\/es\/wp-json\/wp\/v2\/media\/560458"}],"wp:attachment":[{"href":"https:\/\/www.etoro.com\/es\/wp-json\/wp\/v2\/media?parent=1009576"}],"wp:term":[{"taxonomy":"asset_type","embeddable":true,"href":"https:\/\/www.etoro.com\/es\/wp-json\/wp\/v2\/asset_type?post=1009576"}],"curies":[{"name":"wp","href":"https:\/\/api.w.org\/{rel}","templated":true}]}}