{"id":1009776,"date":"2025-01-10T18:05:31","date_gmt":"2025-01-10T16:05:31","guid":{"rendered":"https:\/\/www.etoro.com\/academy\/videos\/getting-verified\/"},"modified":"2025-02-12T17:01:10","modified_gmt":"2025-02-12T15:01:10","slug":"getting-verified","status":"publish","type":"page","link":"https:\/\/www.etoro.com\/es\/academy\/videos\/getting-verified\/","title":{"rendered":"Todo sobre verificaci\u00f3n en eToro"},"content":{"rendered":"\n<div class=\"wp-block-etoro-video-transcript\"><div class=\"wp-block-etoro-video-description\"><h2 class=\"wp-block-etoro-video-description-title\">Descripci\u00f3n<\/h2><hr\/><div class=\"wp-block-etoro-video-description-content\">Todos nos esforzamos para ser reconocidos y formar parte de algo m\u00e1s grande. Lo que debes hacer para ingresar en nuestra comunidad de m\u00e1s de 30 millones de inversores es presentar algunos documentos para su verificaci\u00f3n y \u00a1listo!<\/div><\/div><div class=\"wp-block-etoro-video-transcript-content\"><h2 class=\"wp-block-etoro-video-transcript-title\">Transcripci\u00f3n<\/h2><hr\/><div class=\"wp-block-etoro-video-transcript-text\"><div class=\"wp-block-etoro-video-transcript-text-wrapper\">\n<p>\u00a1Wow! \u00a1Qu\u00e9 emocionante! ya completaste todos los formularios y abriste una cuenta en eToro. Ahora, est\u00e1s listo para comenzar a invertir. Pero primero, hay un \u00faltimo paso: verificar tu cuenta.&nbsp;<\/p>\n\n\n\n<p>En eToro, nuestra prioridad es asegurarnos que tus inversiones est\u00e9n seguras. La verificaci\u00f3n de las cuentas, nos permite confirmar que todos nuestros usuarios son reales. Pero no te preocupes, nuestros expertos han hecho todo lo posible para pon\u00e9rtelo f\u00e1cil.&nbsp;<\/p>\n\n\n\n<p>Primero, deber\u00e1s proporcionar como prueba un comprobante de identidad v\u00e1lido, preferiblemente tu pasaporte o documento de identidad. En mi caso, siempre lo llevo conmigo, nunca se sabe cu\u00e1ndo alguien puede sorprenderte con un viajero de avi\u00f3n.<\/p>\n\n\n\n<p>Tambi\u00e9n, necesitaremos un comprobante de domicilio, que no tenga una antig\u00fcedad mayor a tres meses. Puedes elegir entre miles de opciones, por ejemplo un extracto bancario o tu factura de servicio de internet. Visita nuestro sitio web y conoce qu\u00e9 otras opciones pueden ser v\u00e1lidas.&nbsp;<\/p>\n\n\n\n<p>Finalmente, necesitaremos tu n\u00famero de identificaci\u00f3n fiscal. Como lo sugiere el t\u00e9rmino, es el n\u00famero de identificaci\u00f3n que utilizas como contribuyente. Esto es un poco diferente en cada pa\u00eds, por eso, puedes encontrar un listado con los respectivos formatos de cada uno en nuestro sitio web.<\/p>\n\n\n\n<p>Eso es todo. El proceso de verificaci\u00f3n podr\u00eda demorar algunos d\u00edas, luego te informaremos una vez que la cuenta est\u00e9 verificada y lista para funcionar. En caso de que haya alg\u00fan problema con esto no te preocupes, nos pondremos en contacto contigo y te explicaremos c\u00f3mo debes continuar.&nbsp;<\/p>\n\n\n\n<p>Gracias por mirar este video. Nos vemos en la plataforma de eToro.&nbsp;<\/p>\n\n\n\n<p>Un viaje sorpresa a Nueva York \u00a1Let&#8217;s go!<\/p>\n<\/div><button class=\"wp-block-etoro-video-description-more-text\">Mostrar m\u00e1s<svg xmlns=\"http:\/\/www.w3.org\/2000\/svg\" width=\"9\" height=\"6\" viewBox=\"0 0 9 6\" fill=\"none\"><path d=\"M7.5625 1.48616L4.5 4.54866L1.4375 1.48616\" stroke=\"#13C636\" stroke-linecap=\"square\"><\/path><\/svg><\/button><\/div><\/div><\/div>\n","protected":false},"excerpt":{"rendered":"","protected":false},"author":96,"featured_media":537527,"parent":260123,"menu_order":0,"comment_status":"closed","ping_status":"closed","template":"","meta":{"_acf_changed":true,"inline_featured_image":false,"sticky_cta_settings":"","footnotes":""},"asset_type":[],"class_list":["post-1009776","page","type-page","status-publish","has-post-thumbnail","hentry"],"acf":[],"yoast_head":"<title>Verificaci\u00f3n de tu cuenta | Video de la Academia de eToro<\/title>\n<meta name=\"description\" content=\"Este video te muestra c\u00f3mo verificar tu cuenta en simples pasos y comenzar a invertir hoy mismo.\" \/>\n<meta name=\"robots\" content=\"index, follow, max-snippet:-1, max-image-preview:large, max-video-preview:-1\" \/>\n<link rel=\"canonical\" href=\"https:\/\/www.etoro.com\/es\/wp-json\/wp\/v2\/pages\/1009776\" \/>\n<meta property=\"og:locale\" content=\"es_ES\" \/>\n<meta property=\"og:type\" content=\"article\" \/>\n<meta property=\"og:title\" content=\"Verificaci\u00f3n de tu cuenta | Video de la Academia de eToro\" \/>\n<meta property=\"og:description\" content=\"Este video te muestra c\u00f3mo verificar tu cuenta en simples pasos y comenzar a invertir hoy mismo.\" \/>\n<meta property=\"og:url\" content=\"https:\/\/www.etoro.com\/es\/wp-json\/wp\/v2\/pages\/1009776\" \/>\n<meta property=\"og:site_name\" content=\"eToro\" \/>\n<meta property=\"article:publisher\" content=\"https:\/\/www.facebook.com\/eToro\/\" \/>\n<meta property=\"article:modified_time\" content=\"2025-02-12T15:01:10+00:00\" \/>\n<meta property=\"og:image\" content=\"https:\/\/www.etoro.com\/wp-content\/uploads\/2022\/12\/2468_600X500_ES.jpg\" \/>\n\t<meta property=\"og:image:width\" content=\"576\" \/>\n\t<meta property=\"og:image:height\" content=\"385\" \/>\n\t<meta property=\"og:image:type\" content=\"image\/jpeg\" \/>\n<meta name=\"twitter:card\" content=\"summary_large_image\" \/>\n<meta name=\"twitter:site\" content=\"@eToro\" \/>\n<meta name=\"twitter:label1\" content=\"Est. reading time\" \/>\n\t<meta name=\"twitter:data1\" content=\"2 minutes\" \/>\n<script type=\"application\/ld+json\" class=\"yoast-schema-graph\">{\"@context\":\"https:\/\/schema.org\",\"@graph\":[{\"@type\":\"WebPage\",\"@id\":\"https:\/\/www.etoro.com\/es\/academy\/videos\/getting-verified\/\",\"url\":\"https:\/\/www.etoro.com\/es\/academy\/videos\/getting-verified\/\",\"name\":\"Verificaci\u00f3n de tu cuenta | Video de la Academia de eToro\",\"isPartOf\":{\"@id\":\"https:\/\/www.etoro.com\/es\/#website\"},\"primaryImageOfPage\":{\"@id\":\"https:\/\/www.etoro.com\/es\/academy\/videos\/getting-verified\/#primaryimage\"},\"image\":{\"@id\":\"https:\/\/www.etoro.com\/es\/academy\/videos\/getting-verified\/#primaryimage\"},\"thumbnailUrl\":\"https:\/\/www.etoro.com\/wp-content\/uploads\/2022\/12\/2468_600X500_ES.jpg\",\"datePublished\":\"2025-01-10T16:05:31+00:00\",\"dateModified\":\"2025-02-12T15:01:10+00:00\",\"description\":\"Este video te muestra c\u00f3mo verificar tu cuenta en simples pasos y comenzar a invertir hoy mismo.\",\"breadcrumb\":{\"@id\":\"https:\/\/www.etoro.com\/es\/academy\/videos\/getting-verified\/#breadcrumb\"},\"inLanguage\":\"es\",\"potentialAction\":[{\"@type\":\"ReadAction\",\"target\":[\"https:\/\/www.etoro.com\/es\/academy\/videos\/getting-verified\/\"]}]},{\"@type\":\"ImageObject\",\"inLanguage\":\"es\",\"@id\":\"https:\/\/www.etoro.com\/es\/academy\/videos\/getting-verified\/#primaryimage\",\"url\":\"https:\/\/www.etoro.com\/wp-content\/uploads\/2022\/12\/2468_600X500_ES.jpg\",\"contentUrl\":\"https:\/\/www.etoro.com\/wp-content\/uploads\/2022\/12\/2468_600X500_ES.jpg\",\"width\":576,\"height\":385,\"caption\":\"Let's talk verification\"},{\"@type\":\"BreadcrumbList\",\"@id\":\"https:\/\/www.etoro.com\/es\/academy\/videos\/getting-verified\/#breadcrumb\",\"itemListElement\":[{\"@type\":\"ListItem\",\"position\":1,\"name\":\"Inicio\",\"item\":\"https:\/\/www.etoro.com\/es\/\"},{\"@type\":\"ListItem\",\"position\":2,\"name\":\"eToro Academy\",\"item\":\"https:\/\/www.etoro.com\/es\/academy\/\"},{\"@type\":\"ListItem\",\"position\":3,\"name\":\"V\u00eddeos\",\"item\":\"https:\/\/www.etoro.com\/?page_id=221232\"},{\"@type\":\"ListItem\",\"position\":4,\"name\":\"Todo sobre verificaci\u00f3n en eToro\"}]},{\"@type\":\"WebSite\",\"@id\":\"https:\/\/www.etoro.com\/es\/#website\",\"url\":\"https:\/\/www.etoro.com\/es\/\",\"name\":\"eToro\",\"description\":\"\",\"publisher\":{\"@id\":\"https:\/\/www.etoro.com\/es\/#organization\"},\"potentialAction\":[{\"@type\":\"SearchAction\",\"target\":{\"@type\":\"EntryPoint\",\"urlTemplate\":\"https:\/\/www.etoro.com\/es\/?s={search_term_string}\"},\"query-input\":{\"@type\":\"PropertyValueSpecification\",\"valueRequired\":true,\"valueName\":\"search_term_string\"}}],\"inLanguage\":\"es\"},[]]}<\/script>","yoast_head_json":{"title":"Verificaci\u00f3n de tu cuenta | Video de la Academia de eToro","description":"Este video te muestra c\u00f3mo verificar tu cuenta en simples pasos y comenzar a invertir hoy mismo.","robots":{"index":"index","follow":"follow","max-snippet":"max-snippet:-1","max-image-preview":"max-image-preview:large","max-video-preview":"max-video-preview:-1"},"canonical":"https:\/\/www.etoro.com\/es\/wp-json\/wp\/v2\/pages\/1009776","og_locale":"es_ES","og_type":"article","og_title":"Verificaci\u00f3n de tu cuenta | Video de la Academia de eToro","og_description":"Este video te muestra c\u00f3mo verificar tu cuenta en simples pasos y comenzar a invertir hoy mismo.","og_url":"https:\/\/www.etoro.com\/es\/wp-json\/wp\/v2\/pages\/1009776","og_site_name":"eToro","article_publisher":"https:\/\/www.facebook.com\/eToro\/","article_modified_time":"2025-02-12T15:01:10+00:00","og_image":[{"width":576,"height":385,"url":"https:\/\/www.etoro.com\/wp-content\/uploads\/2022\/12\/2468_600X500_ES.jpg","type":"image\/jpeg"}],"twitter_card":"summary_large_image","twitter_site":"@eToro","twitter_misc":{"Est. reading time":"2 minutes"},"schema":{"@context":"https:\/\/schema.org","@graph":[{"@type":"WebPage","@id":"https:\/\/www.etoro.com\/es\/academy\/videos\/getting-verified\/","url":"https:\/\/www.etoro.com\/es\/academy\/videos\/getting-verified\/","name":"Verificaci\u00f3n de tu cuenta | Video de la Academia de eToro","isPartOf":{"@id":"https:\/\/www.etoro.com\/es\/#website"},"primaryImageOfPage":{"@id":"https:\/\/www.etoro.com\/es\/academy\/videos\/getting-verified\/#primaryimage"},"image":{"@id":"https:\/\/www.etoro.com\/es\/academy\/videos\/getting-verified\/#primaryimage"},"thumbnailUrl":"https:\/\/www.etoro.com\/wp-content\/uploads\/2022\/12\/2468_600X500_ES.jpg","datePublished":"2025-01-10T16:05:31+00:00","dateModified":"2025-02-12T15:01:10+00:00","description":"Este video te muestra c\u00f3mo verificar tu cuenta en simples pasos y comenzar a invertir hoy mismo.","breadcrumb":{"@id":"https:\/\/www.etoro.com\/es\/academy\/videos\/getting-verified\/#breadcrumb"},"inLanguage":"es","potentialAction":[{"@type":"ReadAction","target":["https:\/\/www.etoro.com\/es\/academy\/videos\/getting-verified\/"]}]},{"@type":"ImageObject","inLanguage":"es","@id":"https:\/\/www.etoro.com\/es\/academy\/videos\/getting-verified\/#primaryimage","url":"https:\/\/www.etoro.com\/wp-content\/uploads\/2022\/12\/2468_600X500_ES.jpg","contentUrl":"https:\/\/www.etoro.com\/wp-content\/uploads\/2022\/12\/2468_600X500_ES.jpg","width":576,"height":385,"caption":"Let's talk verification"},{"@type":"BreadcrumbList","@id":"https:\/\/www.etoro.com\/es\/academy\/videos\/getting-verified\/#breadcrumb","itemListElement":[{"@type":"ListItem","position":1,"name":"Inicio","item":"https:\/\/www.etoro.com\/es\/"},{"@type":"ListItem","position":2,"name":"eToro Academy","item":"https:\/\/www.etoro.com\/es\/academy\/"},{"@type":"ListItem","position":3,"name":"V\u00eddeos","item":"https:\/\/www.etoro.com\/?page_id=221232"},{"@type":"ListItem","position":4,"name":"Todo sobre verificaci\u00f3n en eToro"}]},{"@type":"WebSite","@id":"https:\/\/www.etoro.com\/es\/#website","url":"https:\/\/www.etoro.com\/es\/","name":"eToro","description":"","publisher":{"@id":"https:\/\/www.etoro.com\/es\/#organization"},"potentialAction":[{"@type":"SearchAction","target":{"@type":"EntryPoint","urlTemplate":"https:\/\/www.etoro.com\/es\/?s={search_term_string}"},"query-input":{"@type":"PropertyValueSpecification","valueRequired":true,"valueName":"search_term_string"}}],"inLanguage":"es"},[]]}},"_links":{"self":[{"href":"https:\/\/www.etoro.com\/es\/wp-json\/wp\/v2\/pages\/1009776"}],"collection":[{"href":"https:\/\/www.etoro.com\/es\/wp-json\/wp\/v2\/pages"}],"about":[{"href":"https:\/\/www.etoro.com\/es\/wp-json\/wp\/v2\/types\/page"}],"author":[{"embeddable":true,"href":"https:\/\/www.etoro.com\/es\/wp-json\/wp\/v2\/users\/96"}],"replies":[{"embeddable":true,"href":"https:\/\/www.etoro.com\/es\/wp-json\/wp\/v2\/comments?post=1009776"}],"version-history":[{"count":0,"href":"https:\/\/www.etoro.com\/es\/wp-json\/wp\/v2\/pages\/1009776\/revisions"}],"up":[{"embeddable":true,"href":"https:\/\/www.etoro.com\/es\/wp-json\/wp\/v2\/pages\/260123"}],"wp:featuredmedia":[{"embeddable":true,"href":"https:\/\/www.etoro.com\/es\/wp-json\/wp\/v2\/media\/537527"}],"wp:attachment":[{"href":"https:\/\/www.etoro.com\/es\/wp-json\/wp\/v2\/media?parent=1009776"}],"wp:term":[{"taxonomy":"asset_type","embeddable":true,"href":"https:\/\/www.etoro.com\/es\/wp-json\/wp\/v2\/asset_type?post=1009776"}],"curies":[{"name":"wp","href":"https:\/\/api.w.org\/{rel}","templated":true}]}}