{"id":1009783,"date":"2025-01-10T18:06:11","date_gmt":"2025-01-10T16:06:11","guid":{"rendered":"https:\/\/www.etoro.com\/academy\/videos\/etoros-virtual-portfolio\/"},"modified":"2025-02-12T16:59:27","modified_gmt":"2025-02-12T14:59:27","slug":"etoros-virtual-portfolio","status":"publish","type":"page","link":"https:\/\/www.etoro.com\/es\/academy\/videos\/etoros-virtual-portfolio\/","title":{"rendered":"Descubre el portafolio virtual de eToro"},"content":{"rendered":"\n<div class=\"wp-block-etoro-video-transcript\"><div class=\"wp-block-etoro-video-description\"><h2 class=\"wp-block-etoro-video-description-title\">Descripci\u00f3n<\/h2><hr\/><div class=\"wp-block-etoro-video-description-content\">Utiliza el portafolio virtual de eToro para mejorar tus habilidades. Obt\u00e9n 100.000 d\u00f3lares virtuales y comienza a probar tus estrategias de inversi\u00f3n.<\/div><\/div><div class=\"wp-block-etoro-video-transcript-content\"><h2 class=\"wp-block-etoro-video-transcript-title\">Transcripci\u00f3n<\/h2><hr\/><div class=\"wp-block-etoro-video-transcript-text\"><div class=\"wp-block-etoro-video-transcript-text-wrapper\">\n<p>\u00bfTe gustar\u00eda invertir hasta $100,000, sin sufrir los altibajos de los mercados?<\/p>\n\n\n\n<p>\u00bfQuisieras hacerlo con la ayuda de las \u00faltimas herramientas disponibles?<\/p>\n\n\n\n<p>Y adem\u00e1s, \u00bfsin arriesgar ni un centavo?<\/p>\n\n\n\n<p>Cuando te unes a eToro y abres tu cuenta, creamos autom\u00e1ticamente una cartera virtual paralela, con la que puedes experimentar sin gastar tu dinero real.<\/p>\n\n\n\n<p>Accede a tu cuenta demo seleccionando \u201cPortafolio virtual\u201d en el men\u00fa debajo de tu nombre de usuario.&nbsp;<\/p>\n\n\n\n<p>Tambi\u00e9n puedes ponerte en contacto con nuestro servicio atenci\u00f3n al cliente, abrir un ticket y especificar cu\u00e1nto te gustar\u00eda agregar o restar de tu cuenta virtual.&nbsp;<\/p>\n\n\n\n<p>Solo recuerda: la cantidad m\u00ednima es de $2.000 y la m\u00e1xima de $100.000.<\/p>\n\n\n\n<p>Esta cuenta se basa en los mercados en tiempo real.&nbsp;<\/p>\n\n\n\n<p>Act\u00faa y se comporta como si fuera real, te permite abrir operaciones manuales, copiar a los principales inversores, invertir en SmartPortfolios, seguir a otras personas o activos y mucho, mucho m\u00e1s, sin ning\u00fan tipo de riesgo.&nbsp;&nbsp;<\/p>\n\n\n\n<p>Si reci\u00e9n est\u00e1s comenzando, esta es la manera perfecta de aprender sobre el mundo de las inversiones.&nbsp; Tambi\u00e9n, de ir ganando confianza en ti mismo. Y todo esto, antes de invertir con dinero real. Si ya eres un inversor experimentado, pero eres nuevo en eToro, esta cuenta de demostraci\u00f3n te ayudar\u00e1 a familiarizarte con nuestra plataforma.<\/p>\n\n\n\n<p>Tambi\u00e9n, puedes mantener tu cuenta virtual activa luego de comenzar a invertir con dinero real. Esto podr\u00eda abrirte la mente a otras formas de inversi\u00f3n, e incluso ense\u00f1arte a c\u00f3mo manejar las fluctuaciones del mercado.<\/p>\n\n\n\n<p>As\u00ed que adelante, \u00a1pru\u00e9bala!&nbsp;<\/p>\n\n\n\n<p>\u00a1Gracias por mirar este video!&nbsp;<\/p>\n\n\n\n<p>\u00a1Nos vemos en el feed de eToro!<\/p>\n<\/div><button class=\"wp-block-etoro-video-description-more-text\">Mostrar m\u00e1s<svg xmlns=\"http:\/\/www.w3.org\/2000\/svg\" width=\"9\" height=\"6\" viewBox=\"0 0 9 6\" fill=\"none\"><path d=\"M7.5625 1.48616L4.5 4.54866L1.4375 1.48616\" stroke=\"#13C636\" stroke-linecap=\"square\"><\/path><\/svg><\/button><\/div><\/div><\/div>\n","protected":false},"excerpt":{"rendered":"","protected":false},"author":96,"featured_media":537398,"parent":260123,"menu_order":0,"comment_status":"closed","ping_status":"closed","template":"","meta":{"_acf_changed":true,"inline_featured_image":false,"sticky_cta_settings":"","footnotes":""},"asset_type":[],"class_list":["post-1009783","page","type-page","status-publish","has-post-thumbnail","hentry"],"acf":[],"yoast_head":"<title>Portafolio Virtual de eToro | Video de la Academia de eToro<\/title>\n<meta name=\"description\" content=\"Practica tus estrategias con $100,000 virtuales en eToro. Este video te ense\u00f1a c\u00f3mo usar el Portafolio Virtual para mejorar tus habilidades.\" \/>\n<meta name=\"robots\" content=\"index, follow, max-snippet:-1, max-image-preview:large, max-video-preview:-1\" \/>\n<link rel=\"canonical\" href=\"https:\/\/www.etoro.com\/es\/wp-json\/wp\/v2\/pages\/1009783\" \/>\n<meta property=\"og:locale\" content=\"es_ES\" \/>\n<meta property=\"og:type\" content=\"article\" \/>\n<meta property=\"og:title\" content=\"Portafolio Virtual de eToro | Video de la Academia de eToro\" \/>\n<meta property=\"og:description\" content=\"Practica tus estrategias con $100,000 virtuales en eToro. Este video te ense\u00f1a c\u00f3mo usar el Portafolio Virtual para mejorar tus habilidades.\" \/>\n<meta property=\"og:url\" content=\"https:\/\/www.etoro.com\/es\/wp-json\/wp\/v2\/pages\/1009783\" \/>\n<meta property=\"og:site_name\" content=\"eToro\" \/>\n<meta property=\"article:publisher\" content=\"https:\/\/www.facebook.com\/eToro\/\" \/>\n<meta property=\"article:modified_time\" content=\"2025-02-12T14:59:27+00:00\" \/>\n<meta property=\"og:image\" content=\"https:\/\/www.etoro.com\/wp-content\/uploads\/2022\/12\/2609_600x500_ES.jpg\" \/>\n\t<meta property=\"og:image:width\" content=\"576\" \/>\n\t<meta property=\"og:image:height\" content=\"385\" \/>\n\t<meta property=\"og:image:type\" content=\"image\/jpeg\" \/>\n<meta name=\"twitter:card\" content=\"summary_large_image\" \/>\n<meta name=\"twitter:site\" content=\"@eToro\" \/>\n<meta name=\"twitter:label1\" content=\"Est. reading time\" \/>\n\t<meta name=\"twitter:data1\" content=\"2 minutes\" \/>\n<script type=\"application\/ld+json\" class=\"yoast-schema-graph\">{\"@context\":\"https:\/\/schema.org\",\"@graph\":[{\"@type\":\"WebPage\",\"@id\":\"https:\/\/www.etoro.com\/es\/academy\/videos\/etoros-virtual-portfolio\/\",\"url\":\"https:\/\/www.etoro.com\/es\/academy\/videos\/etoros-virtual-portfolio\/\",\"name\":\"Portafolio Virtual de eToro | Video de la Academia de eToro\",\"isPartOf\":{\"@id\":\"https:\/\/www.etoro.com\/es\/#website\"},\"primaryImageOfPage\":{\"@id\":\"https:\/\/www.etoro.com\/es\/academy\/videos\/etoros-virtual-portfolio\/#primaryimage\"},\"image\":{\"@id\":\"https:\/\/www.etoro.com\/es\/academy\/videos\/etoros-virtual-portfolio\/#primaryimage\"},\"thumbnailUrl\":\"https:\/\/www.etoro.com\/wp-content\/uploads\/2022\/12\/2609_600x500_ES.jpg\",\"datePublished\":\"2025-01-10T16:06:11+00:00\",\"dateModified\":\"2025-02-12T14:59:27+00:00\",\"description\":\"Practica tus estrategias con $100,000 virtuales en eToro. Este video te ense\u00f1a c\u00f3mo usar el Portafolio Virtual para mejorar tus habilidades.\",\"breadcrumb\":{\"@id\":\"https:\/\/www.etoro.com\/es\/academy\/videos\/etoros-virtual-portfolio\/#breadcrumb\"},\"inLanguage\":\"es\",\"potentialAction\":[{\"@type\":\"ReadAction\",\"target\":[\"https:\/\/www.etoro.com\/es\/academy\/videos\/etoros-virtual-portfolio\/\"]}]},{\"@type\":\"ImageObject\",\"inLanguage\":\"es\",\"@id\":\"https:\/\/www.etoro.com\/es\/academy\/videos\/etoros-virtual-portfolio\/#primaryimage\",\"url\":\"https:\/\/www.etoro.com\/wp-content\/uploads\/2022\/12\/2609_600x500_ES.jpg\",\"contentUrl\":\"https:\/\/www.etoro.com\/wp-content\/uploads\/2022\/12\/2609_600x500_ES.jpg\",\"width\":576,\"height\":385,\"caption\":\"eToro\u2019s Virtual Portfolio\"},{\"@type\":\"BreadcrumbList\",\"@id\":\"https:\/\/www.etoro.com\/es\/academy\/videos\/etoros-virtual-portfolio\/#breadcrumb\",\"itemListElement\":[{\"@type\":\"ListItem\",\"position\":1,\"name\":\"Inicio\",\"item\":\"https:\/\/www.etoro.com\/es\/\"},{\"@type\":\"ListItem\",\"position\":2,\"name\":\"eToro Academy\",\"item\":\"https:\/\/www.etoro.com\/es\/academy\/\"},{\"@type\":\"ListItem\",\"position\":3,\"name\":\"V\u00eddeos\",\"item\":\"https:\/\/www.etoro.com\/?page_id=221232\"},{\"@type\":\"ListItem\",\"position\":4,\"name\":\"Descubre el portafolio virtual de eToro\"}]},{\"@type\":\"WebSite\",\"@id\":\"https:\/\/www.etoro.com\/es\/#website\",\"url\":\"https:\/\/www.etoro.com\/es\/\",\"name\":\"eToro\",\"description\":\"\",\"publisher\":{\"@id\":\"https:\/\/www.etoro.com\/es\/#organization\"},\"potentialAction\":[{\"@type\":\"SearchAction\",\"target\":{\"@type\":\"EntryPoint\",\"urlTemplate\":\"https:\/\/www.etoro.com\/es\/?s={search_term_string}\"},\"query-input\":{\"@type\":\"PropertyValueSpecification\",\"valueRequired\":true,\"valueName\":\"search_term_string\"}}],\"inLanguage\":\"es\"},[]]}<\/script>","yoast_head_json":{"title":"Portafolio Virtual de eToro | Video de la Academia de eToro","description":"Practica tus estrategias con $100,000 virtuales en eToro. Este video te ense\u00f1a c\u00f3mo usar el Portafolio Virtual para mejorar tus habilidades.","robots":{"index":"index","follow":"follow","max-snippet":"max-snippet:-1","max-image-preview":"max-image-preview:large","max-video-preview":"max-video-preview:-1"},"canonical":"https:\/\/www.etoro.com\/es\/wp-json\/wp\/v2\/pages\/1009783","og_locale":"es_ES","og_type":"article","og_title":"Portafolio Virtual de eToro | Video de la Academia de eToro","og_description":"Practica tus estrategias con $100,000 virtuales en eToro. Este video te ense\u00f1a c\u00f3mo usar el Portafolio Virtual para mejorar tus habilidades.","og_url":"https:\/\/www.etoro.com\/es\/wp-json\/wp\/v2\/pages\/1009783","og_site_name":"eToro","article_publisher":"https:\/\/www.facebook.com\/eToro\/","article_modified_time":"2025-02-12T14:59:27+00:00","og_image":[{"width":576,"height":385,"url":"https:\/\/www.etoro.com\/wp-content\/uploads\/2022\/12\/2609_600x500_ES.jpg","type":"image\/jpeg"}],"twitter_card":"summary_large_image","twitter_site":"@eToro","twitter_misc":{"Est. reading time":"2 minutes"},"schema":{"@context":"https:\/\/schema.org","@graph":[{"@type":"WebPage","@id":"https:\/\/www.etoro.com\/es\/academy\/videos\/etoros-virtual-portfolio\/","url":"https:\/\/www.etoro.com\/es\/academy\/videos\/etoros-virtual-portfolio\/","name":"Portafolio Virtual de eToro | Video de la Academia de eToro","isPartOf":{"@id":"https:\/\/www.etoro.com\/es\/#website"},"primaryImageOfPage":{"@id":"https:\/\/www.etoro.com\/es\/academy\/videos\/etoros-virtual-portfolio\/#primaryimage"},"image":{"@id":"https:\/\/www.etoro.com\/es\/academy\/videos\/etoros-virtual-portfolio\/#primaryimage"},"thumbnailUrl":"https:\/\/www.etoro.com\/wp-content\/uploads\/2022\/12\/2609_600x500_ES.jpg","datePublished":"2025-01-10T16:06:11+00:00","dateModified":"2025-02-12T14:59:27+00:00","description":"Practica tus estrategias con $100,000 virtuales en eToro. Este video te ense\u00f1a c\u00f3mo usar el Portafolio Virtual para mejorar tus habilidades.","breadcrumb":{"@id":"https:\/\/www.etoro.com\/es\/academy\/videos\/etoros-virtual-portfolio\/#breadcrumb"},"inLanguage":"es","potentialAction":[{"@type":"ReadAction","target":["https:\/\/www.etoro.com\/es\/academy\/videos\/etoros-virtual-portfolio\/"]}]},{"@type":"ImageObject","inLanguage":"es","@id":"https:\/\/www.etoro.com\/es\/academy\/videos\/etoros-virtual-portfolio\/#primaryimage","url":"https:\/\/www.etoro.com\/wp-content\/uploads\/2022\/12\/2609_600x500_ES.jpg","contentUrl":"https:\/\/www.etoro.com\/wp-content\/uploads\/2022\/12\/2609_600x500_ES.jpg","width":576,"height":385,"caption":"eToro\u2019s Virtual Portfolio"},{"@type":"BreadcrumbList","@id":"https:\/\/www.etoro.com\/es\/academy\/videos\/etoros-virtual-portfolio\/#breadcrumb","itemListElement":[{"@type":"ListItem","position":1,"name":"Inicio","item":"https:\/\/www.etoro.com\/es\/"},{"@type":"ListItem","position":2,"name":"eToro Academy","item":"https:\/\/www.etoro.com\/es\/academy\/"},{"@type":"ListItem","position":3,"name":"V\u00eddeos","item":"https:\/\/www.etoro.com\/?page_id=221232"},{"@type":"ListItem","position":4,"name":"Descubre el portafolio virtual de eToro"}]},{"@type":"WebSite","@id":"https:\/\/www.etoro.com\/es\/#website","url":"https:\/\/www.etoro.com\/es\/","name":"eToro","description":"","publisher":{"@id":"https:\/\/www.etoro.com\/es\/#organization"},"potentialAction":[{"@type":"SearchAction","target":{"@type":"EntryPoint","urlTemplate":"https:\/\/www.etoro.com\/es\/?s={search_term_string}"},"query-input":{"@type":"PropertyValueSpecification","valueRequired":true,"valueName":"search_term_string"}}],"inLanguage":"es"},[]]}},"_links":{"self":[{"href":"https:\/\/www.etoro.com\/es\/wp-json\/wp\/v2\/pages\/1009783"}],"collection":[{"href":"https:\/\/www.etoro.com\/es\/wp-json\/wp\/v2\/pages"}],"about":[{"href":"https:\/\/www.etoro.com\/es\/wp-json\/wp\/v2\/types\/page"}],"author":[{"embeddable":true,"href":"https:\/\/www.etoro.com\/es\/wp-json\/wp\/v2\/users\/96"}],"replies":[{"embeddable":true,"href":"https:\/\/www.etoro.com\/es\/wp-json\/wp\/v2\/comments?post=1009783"}],"version-history":[{"count":0,"href":"https:\/\/www.etoro.com\/es\/wp-json\/wp\/v2\/pages\/1009783\/revisions"}],"up":[{"embeddable":true,"href":"https:\/\/www.etoro.com\/es\/wp-json\/wp\/v2\/pages\/260123"}],"wp:featuredmedia":[{"embeddable":true,"href":"https:\/\/www.etoro.com\/es\/wp-json\/wp\/v2\/media\/537398"}],"wp:attachment":[{"href":"https:\/\/www.etoro.com\/es\/wp-json\/wp\/v2\/media?parent=1009783"}],"wp:term":[{"taxonomy":"asset_type","embeddable":true,"href":"https:\/\/www.etoro.com\/es\/wp-json\/wp\/v2\/asset_type?post=1009783"}],"curies":[{"name":"wp","href":"https:\/\/api.w.org\/{rel}","templated":true}]}}