{"id":1010079,"date":"2025-01-10T18:02:08","date_gmt":"2025-01-10T16:02:08","guid":{"rendered":"https:\/\/www.etoro.com\/academy\/videos\/copytrading-101-part-1-introduction\/"},"modified":"2025-02-12T16:57:01","modified_gmt":"2025-02-12T14:57:01","slug":"copytrading-101-part-1-introduction","status":"publish","type":"page","link":"https:\/\/www.etoro.com\/es\/academy\/videos\/copytrading-101-part-1-introduction\/","title":{"rendered":"CopyTrading 101 | Parte 1: Introducci\u00f3n"},"content":{"rendered":"\n<div class=\"wp-block-etoro-video-transcript\"><div class=\"wp-block-etoro-video-description\"><h2 class=\"wp-block-etoro-video-description-title\">Descripci\u00f3n<\/h2><hr\/><div class=\"wp-block-etoro-video-description-content\">\u00bfQui\u00e9n te ha dicho que no puedes copiar a los inversores con mejor rendimiento? Conoce los fundamentos del CopyTrading.<\/div><\/div><div class=\"wp-block-etoro-video-transcript-content\"><h2 class=\"wp-block-etoro-video-transcript-title\">Transcripci\u00f3n<\/h2><hr\/><div class=\"wp-block-etoro-video-transcript-text\"><div class=\"wp-block-etoro-video-transcript-text-wrapper\">\n<p>\u00bfRecuerdas aquello que te dijeron en la escuela que no pod\u00edas hacer?<\/p>\n\n\n\n<p>S\u00ed. Copiar a otra persona.<\/p>\n\n\n\n<p>Bueno, aqu\u00ed en eToro te damos la posibilidad de demostrar que estaban equivocados: \u00a1con el CopyTrading!<\/p>\n\n\n\n<p>Se trata de una herramienta que te permite replicar autom\u00e1ticamente las inversiones de otros en tiempo real.<\/p>\n\n\n\n<p>La comunidad de eToro, cuenta con millones de inversores en todo el mundo, por lo que puedes seleccionar a quienes mejor se ali\u00f1en con tu estrategia.<\/p>\n\n\n\n<p>Cuando elijas copiar a otro inversor, su portafolio se replicar\u00e1 en el tuyo en forma proporcional.&nbsp;<\/p>\n\n\n\n<p>Pero eso no es todo. Con la funci\u00f3n de CopyTrading puedes detener o pausar la copia en cualquier momento.<\/p>\n\n\n\n<p>De esta forma,siempre tienes el control de todas tus inversiones. Si eres un inversor principiante, el CopyTrading te permite observar y aprender m\u00e1s sobre los mercados.&nbsp;<\/p>\n\n\n\n<p>Pero si ya tienes experiencia y est\u00e1s interesado en ampliar o diversificar tu portafolio, puedes copiar a otros inversores que est\u00e9n especializados en otros mercados, y que puedan generarte rendimientos a largo plazo.<\/p>\n\n\n\n<p>El CopyTrading tiene un mont\u00f3n de beneficios: por ejemplo, cero comisiones de gesti\u00f3n, lo que significa m\u00e1s dinero para invertir. Conseguir\u00e1s una visi\u00f3n m\u00e1s amplia: a diferencia de lo que ocurre en los lugares de inversi\u00f3n tradicionales, aqu\u00ed podr\u00e1s ver exactamente el destino de tu dinero y tendr\u00e1s el control total de tu portafolio.<\/p>\n\n\n\n<p>\u00a1Puedes preguntarle directamente a otros inversores! Esto ser\u00eda como conversar con un amigo que es muy bueno en las inversiones.&nbsp;<\/p>\n\n\n\n<p>Los inversores que copias, est\u00e1n en esto para ganar. \u00bfPor qu\u00e9? Porque al igual que t\u00fa, \u00a1invierten su propio dinero! \u00bfAcaso hay un incentivo mejor? Y por \u00faltimo, es un gran ahorro de tiempo. Y como dice el dicho, el tiempo es dinero.&nbsp;<\/p>\n\n\n\n<p>As\u00ed que eso es m\u00e1s dinero, que luego te ahorra m\u00e1s tiempo, o dinero\u2026Y entonces\u2026<\/p>\n\n\n\n<p>Esa es una pregunta larga con una respuesta corta. El Copy Stop Loss es una herramienta impresionante. Te permite establecer un l\u00edmite a la cantidad de dinero que est\u00e1s dispuesto a perder, si las cosas no funcionan como la esperabas.<\/p>\n\n\n\n<p>Cuando tus inversiones copiadas alcancen ese l\u00edmite, la plataforma cerrar\u00e1 autom\u00e1ticamente la copia y los fondos restantes regresar\u00e1n al saldo de tu cuenta.<\/p>\n\n\n\n<p>En el pr\u00f3ximo video hablaremos sobre c\u00f3mo elegir a qui\u00e9n copiar.\u00a0<\/p>\n\n\n\n<p>Gracias por mirar este video, \u00a1nos vemos en el feed de eToro!<\/p>\n<\/div><button class=\"wp-block-etoro-video-description-more-text\">Mostrar m\u00e1s<svg xmlns=\"http:\/\/www.w3.org\/2000\/svg\" width=\"9\" height=\"6\" viewBox=\"0 0 9 6\" fill=\"none\"><path d=\"M7.5625 1.48616L4.5 4.54866L1.4375 1.48616\" stroke=\"#13C636\" stroke-linecap=\"square\"><\/path><\/svg><\/button><\/div><\/div><\/div>\n","protected":false},"excerpt":{"rendered":"","protected":false},"author":96,"featured_media":549877,"parent":260123,"menu_order":0,"comment_status":"closed","ping_status":"closed","template":"","meta":{"_acf_changed":true,"inline_featured_image":false,"sticky_cta_settings":"","footnotes":""},"asset_type":[],"class_list":["post-1010079","page","type-page","status-publish","has-post-thumbnail","hentry"],"acf":[],"yoast_head":"<title>CopyTrading 101 - Parte 1 | Video de la Academia de eToro<\/title>\n<meta name=\"description\" content=\"Descubre los conceptos b\u00e1sicos de CopyTrading en eToro con este video. Aprende a replicar las estrategias de los mejores inversores y a construir tu portafolio.\" \/>\n<meta name=\"robots\" content=\"index, follow, max-snippet:-1, max-image-preview:large, max-video-preview:-1\" \/>\n<link rel=\"canonical\" href=\"https:\/\/www.etoro.com\/es\/wp-json\/wp\/v2\/pages\/1010079\" \/>\n<meta property=\"og:locale\" content=\"es_ES\" \/>\n<meta property=\"og:type\" content=\"article\" \/>\n<meta property=\"og:title\" content=\"CopyTrading 101 - Parte 1 | Video de la Academia de eToro\" \/>\n<meta property=\"og:description\" content=\"Descubre los conceptos b\u00e1sicos de CopyTrading en eToro con este video. Aprende a replicar las estrategias de los mejores inversores y a construir tu portafolio.\" \/>\n<meta property=\"og:url\" content=\"https:\/\/www.etoro.com\/es\/wp-json\/wp\/v2\/pages\/1010079\" \/>\n<meta property=\"og:site_name\" content=\"eToro\" \/>\n<meta property=\"article:publisher\" content=\"https:\/\/www.facebook.com\/eToro\/\" \/>\n<meta property=\"article:modified_time\" content=\"2025-02-12T14:57:01+00:00\" \/>\n<meta property=\"og:image\" content=\"https:\/\/www.etoro.com\/wp-content\/uploads\/2023\/01\/0007_600x500_ES.jpg\" \/>\n\t<meta property=\"og:image:width\" content=\"576\" \/>\n\t<meta property=\"og:image:height\" content=\"385\" \/>\n\t<meta property=\"og:image:type\" content=\"image\/jpeg\" \/>\n<meta name=\"twitter:card\" content=\"summary_large_image\" \/>\n<meta name=\"twitter:site\" content=\"@eToro\" \/>\n<meta name=\"twitter:label1\" content=\"Est. reading time\" \/>\n\t<meta name=\"twitter:data1\" content=\"2 minutes\" \/>\n<script type=\"application\/ld+json\" class=\"yoast-schema-graph\">{\"@context\":\"https:\/\/schema.org\",\"@graph\":[{\"@type\":\"WebPage\",\"@id\":\"https:\/\/www.etoro.com\/es\/academy\/videos\/copytrading-101-part-1-introduction\/\",\"url\":\"https:\/\/www.etoro.com\/es\/academy\/videos\/copytrading-101-part-1-introduction\/\",\"name\":\"CopyTrading 101 - Parte 1 | Video de la Academia de eToro\",\"isPartOf\":{\"@id\":\"https:\/\/www.etoro.com\/es\/#website\"},\"primaryImageOfPage\":{\"@id\":\"https:\/\/www.etoro.com\/es\/academy\/videos\/copytrading-101-part-1-introduction\/#primaryimage\"},\"image\":{\"@id\":\"https:\/\/www.etoro.com\/es\/academy\/videos\/copytrading-101-part-1-introduction\/#primaryimage\"},\"thumbnailUrl\":\"https:\/\/www.etoro.com\/wp-content\/uploads\/2023\/01\/0007_600x500_ES.jpg\",\"datePublished\":\"2025-01-10T16:02:08+00:00\",\"dateModified\":\"2025-02-12T14:57:01+00:00\",\"description\":\"Descubre los conceptos b\u00e1sicos de CopyTrading en eToro con este video. Aprende a replicar las estrategias de los mejores inversores y a construir tu portafolio.\",\"breadcrumb\":{\"@id\":\"https:\/\/www.etoro.com\/es\/academy\/videos\/copytrading-101-part-1-introduction\/#breadcrumb\"},\"inLanguage\":\"es\",\"potentialAction\":[{\"@type\":\"ReadAction\",\"target\":[\"https:\/\/www.etoro.com\/es\/academy\/videos\/copytrading-101-part-1-introduction\/\"]}]},{\"@type\":\"ImageObject\",\"inLanguage\":\"es\",\"@id\":\"https:\/\/www.etoro.com\/es\/academy\/videos\/copytrading-101-part-1-introduction\/#primaryimage\",\"url\":\"https:\/\/www.etoro.com\/wp-content\/uploads\/2023\/01\/0007_600x500_ES.jpg\",\"contentUrl\":\"https:\/\/www.etoro.com\/wp-content\/uploads\/2023\/01\/0007_600x500_ES.jpg\",\"width\":576,\"height\":385},{\"@type\":\"BreadcrumbList\",\"@id\":\"https:\/\/www.etoro.com\/es\/academy\/videos\/copytrading-101-part-1-introduction\/#breadcrumb\",\"itemListElement\":[{\"@type\":\"ListItem\",\"position\":1,\"name\":\"Inicio\",\"item\":\"https:\/\/www.etoro.com\/es\/\"},{\"@type\":\"ListItem\",\"position\":2,\"name\":\"eToro Academy\",\"item\":\"https:\/\/www.etoro.com\/es\/academy\/\"},{\"@type\":\"ListItem\",\"position\":3,\"name\":\"V\u00eddeos\",\"item\":\"https:\/\/www.etoro.com\/?page_id=221232\"},{\"@type\":\"ListItem\",\"position\":4,\"name\":\"CopyTrading 101 | Parte 1: Introducci\u00f3n\"}]},{\"@type\":\"WebSite\",\"@id\":\"https:\/\/www.etoro.com\/es\/#website\",\"url\":\"https:\/\/www.etoro.com\/es\/\",\"name\":\"eToro\",\"description\":\"\",\"publisher\":{\"@id\":\"https:\/\/www.etoro.com\/es\/#organization\"},\"potentialAction\":[{\"@type\":\"SearchAction\",\"target\":{\"@type\":\"EntryPoint\",\"urlTemplate\":\"https:\/\/www.etoro.com\/es\/?s={search_term_string}\"},\"query-input\":{\"@type\":\"PropertyValueSpecification\",\"valueRequired\":true,\"valueName\":\"search_term_string\"}}],\"inLanguage\":\"es\"},[]]}<\/script>","yoast_head_json":{"title":"CopyTrading 101 - Parte 1 | Video de la Academia de eToro","description":"Descubre los conceptos b\u00e1sicos de CopyTrading en eToro con este video. Aprende a replicar las estrategias de los mejores inversores y a construir tu portafolio.","robots":{"index":"index","follow":"follow","max-snippet":"max-snippet:-1","max-image-preview":"max-image-preview:large","max-video-preview":"max-video-preview:-1"},"canonical":"https:\/\/www.etoro.com\/es\/wp-json\/wp\/v2\/pages\/1010079","og_locale":"es_ES","og_type":"article","og_title":"CopyTrading 101 - Parte 1 | Video de la Academia de eToro","og_description":"Descubre los conceptos b\u00e1sicos de CopyTrading en eToro con este video. Aprende a replicar las estrategias de los mejores inversores y a construir tu portafolio.","og_url":"https:\/\/www.etoro.com\/es\/wp-json\/wp\/v2\/pages\/1010079","og_site_name":"eToro","article_publisher":"https:\/\/www.facebook.com\/eToro\/","article_modified_time":"2025-02-12T14:57:01+00:00","og_image":[{"width":576,"height":385,"url":"https:\/\/www.etoro.com\/wp-content\/uploads\/2023\/01\/0007_600x500_ES.jpg","type":"image\/jpeg"}],"twitter_card":"summary_large_image","twitter_site":"@eToro","twitter_misc":{"Est. reading time":"2 minutes"},"schema":{"@context":"https:\/\/schema.org","@graph":[{"@type":"WebPage","@id":"https:\/\/www.etoro.com\/es\/academy\/videos\/copytrading-101-part-1-introduction\/","url":"https:\/\/www.etoro.com\/es\/academy\/videos\/copytrading-101-part-1-introduction\/","name":"CopyTrading 101 - Parte 1 | Video de la Academia de eToro","isPartOf":{"@id":"https:\/\/www.etoro.com\/es\/#website"},"primaryImageOfPage":{"@id":"https:\/\/www.etoro.com\/es\/academy\/videos\/copytrading-101-part-1-introduction\/#primaryimage"},"image":{"@id":"https:\/\/www.etoro.com\/es\/academy\/videos\/copytrading-101-part-1-introduction\/#primaryimage"},"thumbnailUrl":"https:\/\/www.etoro.com\/wp-content\/uploads\/2023\/01\/0007_600x500_ES.jpg","datePublished":"2025-01-10T16:02:08+00:00","dateModified":"2025-02-12T14:57:01+00:00","description":"Descubre los conceptos b\u00e1sicos de CopyTrading en eToro con este video. Aprende a replicar las estrategias de los mejores inversores y a construir tu portafolio.","breadcrumb":{"@id":"https:\/\/www.etoro.com\/es\/academy\/videos\/copytrading-101-part-1-introduction\/#breadcrumb"},"inLanguage":"es","potentialAction":[{"@type":"ReadAction","target":["https:\/\/www.etoro.com\/es\/academy\/videos\/copytrading-101-part-1-introduction\/"]}]},{"@type":"ImageObject","inLanguage":"es","@id":"https:\/\/www.etoro.com\/es\/academy\/videos\/copytrading-101-part-1-introduction\/#primaryimage","url":"https:\/\/www.etoro.com\/wp-content\/uploads\/2023\/01\/0007_600x500_ES.jpg","contentUrl":"https:\/\/www.etoro.com\/wp-content\/uploads\/2023\/01\/0007_600x500_ES.jpg","width":576,"height":385},{"@type":"BreadcrumbList","@id":"https:\/\/www.etoro.com\/es\/academy\/videos\/copytrading-101-part-1-introduction\/#breadcrumb","itemListElement":[{"@type":"ListItem","position":1,"name":"Inicio","item":"https:\/\/www.etoro.com\/es\/"},{"@type":"ListItem","position":2,"name":"eToro Academy","item":"https:\/\/www.etoro.com\/es\/academy\/"},{"@type":"ListItem","position":3,"name":"V\u00eddeos","item":"https:\/\/www.etoro.com\/?page_id=221232"},{"@type":"ListItem","position":4,"name":"CopyTrading 101 | Parte 1: Introducci\u00f3n"}]},{"@type":"WebSite","@id":"https:\/\/www.etoro.com\/es\/#website","url":"https:\/\/www.etoro.com\/es\/","name":"eToro","description":"","publisher":{"@id":"https:\/\/www.etoro.com\/es\/#organization"},"potentialAction":[{"@type":"SearchAction","target":{"@type":"EntryPoint","urlTemplate":"https:\/\/www.etoro.com\/es\/?s={search_term_string}"},"query-input":{"@type":"PropertyValueSpecification","valueRequired":true,"valueName":"search_term_string"}}],"inLanguage":"es"},[]]}},"_links":{"self":[{"href":"https:\/\/www.etoro.com\/es\/wp-json\/wp\/v2\/pages\/1010079"}],"collection":[{"href":"https:\/\/www.etoro.com\/es\/wp-json\/wp\/v2\/pages"}],"about":[{"href":"https:\/\/www.etoro.com\/es\/wp-json\/wp\/v2\/types\/page"}],"author":[{"embeddable":true,"href":"https:\/\/www.etoro.com\/es\/wp-json\/wp\/v2\/users\/96"}],"replies":[{"embeddable":true,"href":"https:\/\/www.etoro.com\/es\/wp-json\/wp\/v2\/comments?post=1010079"}],"version-history":[{"count":0,"href":"https:\/\/www.etoro.com\/es\/wp-json\/wp\/v2\/pages\/1010079\/revisions"}],"up":[{"embeddable":true,"href":"https:\/\/www.etoro.com\/es\/wp-json\/wp\/v2\/pages\/260123"}],"wp:featuredmedia":[{"embeddable":true,"href":"https:\/\/www.etoro.com\/es\/wp-json\/wp\/v2\/media\/549877"}],"wp:attachment":[{"href":"https:\/\/www.etoro.com\/es\/wp-json\/wp\/v2\/media?parent=1010079"}],"wp:term":[{"taxonomy":"asset_type","embeddable":true,"href":"https:\/\/www.etoro.com\/es\/wp-json\/wp\/v2\/asset_type?post=1010079"}],"curies":[{"name":"wp","href":"https:\/\/api.w.org\/{rel}","templated":true}]}}