{"id":1010277,"date":"2025-01-10T17:57:49","date_gmt":"2025-01-10T15:57:49","guid":{"rendered":"https:\/\/www.etoro.com\/academy\/videos\/copytrading-101-part-2-the-basics\/"},"modified":"2025-02-12T16:54:57","modified_gmt":"2025-02-12T14:54:57","slug":"copytrading-101-part-2-the-basics","status":"publish","type":"page","link":"https:\/\/www.etoro.com\/es\/academy\/videos\/copytrading-101-part-2-the-basics\/","title":{"rendered":"CopyTrading 101 | Parte 2: B\u00e1sicos"},"content":{"rendered":"\n<div class=\"wp-block-etoro-video-transcript\"><div class=\"wp-block-etoro-video-description\"><h2 class=\"wp-block-etoro-video-description-title\">Descripci\u00f3n<\/h2><hr\/><div class=\"wp-block-etoro-video-description-content\">\u00bfQui\u00e9n te ha dicho que no puedes copiar a los inversores con mejor rendimiento? Conoce los fundamentos b\u00e1sicos del CopyTrading.<\/div><\/div><div class=\"wp-block-etoro-video-transcript-content\"><h2 class=\"wp-block-etoro-video-transcript-title\">Transcripci\u00f3n<\/h2><hr\/><div class=\"wp-block-etoro-video-transcript-text\"><div class=\"wp-block-etoro-video-transcript-text-wrapper\">\n<p>\u00a1Hola de nuevo!&nbsp;<\/p>\n\n\n\n<p>En videos anteriores, aprendimos lo valiosa y pr\u00e1ctica que es la funci\u00f3n CopyTrading.&nbsp;<\/p>\n\n\n\n<p>Ahora, es el momento de profundizar un poco m\u00e1s, y descubrir c\u00f3mo funciona.&nbsp;<\/p>\n\n\n\n<p>El valor m\u00ednimo requerido para copiar a otro inversor es de 200 d\u00f3lares. Todo lo que supere a esa cantidad, ya depende de ti y de tu estrategia.<\/p>\n\n\n\n<p>Perm\u00edteme responder a tu pregunta, con otra pregunta: \u00bftienes hambre? \u00a1Yo tambi\u00e9n! Es m\u00e1s, podr\u00eda ir por una pizza ahora mismo! En realidad, me refiero a: \u00bfcu\u00e1l es tu apetito al riesgo? Algunos de los mejores inversores son atrevidos, mientras que otros, pueden ser m\u00e1s prudentes con su dinero.&nbsp;<\/p>\n\n\n\n<p>He aqu\u00ed otra pregunta: \u00bfen qu\u00e9 tipo de activos quieres invertir? A ciertos inversores les gustan las acciones, a otros los ETF; otros se especializan en materias primas, divisas, o quiz\u00e1s criptomonedas\u2026<\/p>\n\n\n\n<p>Probablemente, ya has descubierto a donde queremos llegar. Para copiar, debes seleccionar a los inversores, seg\u00fan tus necesidades.<\/p>\n\n\n\n<p>Por eso, en eToro hemos hecho que los portafolios sean abiertos y est\u00e9n visibles para todos. Adelante, comprueba la estrategia de inversi\u00f3n en sus perfiles.&nbsp;<\/p>\n\n\n\n<p>Hecha un vistazo a sus estad\u00edsticas y a su asignaci\u00f3n de activos. Lee el desglose de sus inversiones. \u00a1Incluso de a\u00f1os anteriores! Navega por sus publicaciones\u2026y comprueba qui\u00e9n y qu\u00e9 es lo m\u00e1s adecuado para ti.<\/p>\n\n\n\n<p>T\u00e9cnicamente, puedes copiar hasta cien inversores al mismo tiempo. Pero mejor, no te disperses demasiado. Conc\u00e9ntrate en los que te sientas identificado, ya sea en t\u00e9rminos geogr\u00e1ficos, por sus antecedentes profesionales, industrias en las que invierte, intereses, apetito al riesgo, etc\u00e9tera.<\/p>\n\n\n\n<p>Lo importante es diversificar o,parafraseando a Dorothy Parker: \u201cNo pongas todos tus huevos en un solo *bleep*&#8230;\u201d&nbsp;<\/p>\n\n\n\n<p>Supongamos que te fascina Australia. Entonces, puedes copiar a un inversor local, quien seguramente conoce mejor ese mercado. Pero si tambi\u00e9n te interesa el gas natural o el ma\u00edz, \u00bfpor qu\u00e9 no copiar a un inversor especialista en materias primas?&nbsp;<\/p>\n\n\n\n<p>O si tal vez buscas una inversi\u00f3n a largo plazo, pero tambi\u00e9n quieres ser m\u00e1s creativo con algunas de tus inversiones, simplemente copia a un inversor que se adapte a tus necesidades a largo plazo, y a otros en inversiones a corto plazo. En resumen, todo es un mix and match. Como una ensalada. O un buffet.&nbsp;<\/p>\n\n\n\n<p>Uff, parece que tengo hambre.&nbsp;<\/p>\n\n\n\n<p>En el pr\u00f3ximo v\u00eddeo, veremos c\u00f3mo llevar adelante la estrategia de copia que has elegido.&nbsp;<\/p>\n\n\n\n<p>Hasta entonces, gracias por ver este video, nos vemos en el feed de eToro.&nbsp;<\/p>\n\n\n\n<p>Ciao<\/p>\n<\/div><button class=\"wp-block-etoro-video-description-more-text\">Mostrar m\u00e1s<svg xmlns=\"http:\/\/www.w3.org\/2000\/svg\" width=\"9\" height=\"6\" viewBox=\"0 0 9 6\" fill=\"none\"><path d=\"M7.5625 1.48616L4.5 4.54866L1.4375 1.48616\" stroke=\"#13C636\" stroke-linecap=\"square\"><\/path><\/svg><\/button><\/div><\/div><\/div>\n","protected":false},"excerpt":{"rendered":"","protected":false},"author":96,"featured_media":549999,"parent":260123,"menu_order":0,"comment_status":"closed","ping_status":"closed","template":"","meta":{"_acf_changed":true,"inline_featured_image":false,"sticky_cta_settings":"","footnotes":""},"asset_type":[],"class_list":["post-1010277","page","type-page","status-publish","has-post-thumbnail","hentry"],"acf":[],"yoast_head":"<title>CopyTrading 101 - Parte 2 | Video de la Academia de eToro<\/title>\n<meta name=\"description\" content=\"Este video explica los fundamentos de CopyTrading en eToro. Descubre c\u00f3mo replicar las estrategias de los principales inversores para mejorar tu experiencia de trading.\" \/>\n<meta name=\"robots\" content=\"index, follow, max-snippet:-1, max-image-preview:large, max-video-preview:-1\" \/>\n<link rel=\"canonical\" href=\"https:\/\/www.etoro.com\/es\/wp-json\/wp\/v2\/pages\/1010277\" \/>\n<meta property=\"og:locale\" content=\"es_ES\" \/>\n<meta property=\"og:type\" content=\"article\" \/>\n<meta property=\"og:title\" content=\"CopyTrading 101 - Parte 2 | Video de la Academia de eToro\" \/>\n<meta property=\"og:description\" content=\"Este video explica los fundamentos de CopyTrading en eToro. Descubre c\u00f3mo replicar las estrategias de los principales inversores para mejorar tu experiencia de trading.\" \/>\n<meta property=\"og:url\" content=\"https:\/\/www.etoro.com\/es\/wp-json\/wp\/v2\/pages\/1010277\" \/>\n<meta property=\"og:site_name\" content=\"eToro\" \/>\n<meta property=\"article:publisher\" content=\"https:\/\/www.facebook.com\/eToro\/\" \/>\n<meta property=\"article:modified_time\" content=\"2025-02-12T14:54:57+00:00\" \/>\n<meta property=\"og:image\" content=\"https:\/\/www.etoro.com\/wp-content\/uploads\/2023\/01\/6081_600x500_ES.jpg\" \/>\n\t<meta property=\"og:image:width\" content=\"576\" \/>\n\t<meta property=\"og:image:height\" content=\"385\" \/>\n\t<meta property=\"og:image:type\" content=\"image\/jpeg\" \/>\n<meta name=\"twitter:card\" content=\"summary_large_image\" \/>\n<meta name=\"twitter:site\" content=\"@eToro\" \/>\n<meta name=\"twitter:label1\" content=\"Est. reading time\" \/>\n\t<meta name=\"twitter:data1\" content=\"2 minutes\" \/>\n<script type=\"application\/ld+json\" class=\"yoast-schema-graph\">{\"@context\":\"https:\/\/schema.org\",\"@graph\":[{\"@type\":\"WebPage\",\"@id\":\"https:\/\/www.etoro.com\/es\/academy\/videos\/copytrading-101-part-2-the-basics\/\",\"url\":\"https:\/\/www.etoro.com\/es\/academy\/videos\/copytrading-101-part-2-the-basics\/\",\"name\":\"CopyTrading 101 - Parte 2 | Video de la Academia de eToro\",\"isPartOf\":{\"@id\":\"https:\/\/www.etoro.com\/es\/#website\"},\"primaryImageOfPage\":{\"@id\":\"https:\/\/www.etoro.com\/es\/academy\/videos\/copytrading-101-part-2-the-basics\/#primaryimage\"},\"image\":{\"@id\":\"https:\/\/www.etoro.com\/es\/academy\/videos\/copytrading-101-part-2-the-basics\/#primaryimage\"},\"thumbnailUrl\":\"https:\/\/www.etoro.com\/wp-content\/uploads\/2023\/01\/6081_600x500_ES.jpg\",\"datePublished\":\"2025-01-10T15:57:49+00:00\",\"dateModified\":\"2025-02-12T14:54:57+00:00\",\"description\":\"Este video explica los fundamentos de CopyTrading en eToro. Descubre c\u00f3mo replicar las estrategias de los principales inversores para mejorar tu experiencia de trading.\",\"breadcrumb\":{\"@id\":\"https:\/\/www.etoro.com\/es\/academy\/videos\/copytrading-101-part-2-the-basics\/#breadcrumb\"},\"inLanguage\":\"es\",\"potentialAction\":[{\"@type\":\"ReadAction\",\"target\":[\"https:\/\/www.etoro.com\/es\/academy\/videos\/copytrading-101-part-2-the-basics\/\"]}]},{\"@type\":\"ImageObject\",\"inLanguage\":\"es\",\"@id\":\"https:\/\/www.etoro.com\/es\/academy\/videos\/copytrading-101-part-2-the-basics\/#primaryimage\",\"url\":\"https:\/\/www.etoro.com\/wp-content\/uploads\/2023\/01\/6081_600x500_ES.jpg\",\"contentUrl\":\"https:\/\/www.etoro.com\/wp-content\/uploads\/2023\/01\/6081_600x500_ES.jpg\",\"width\":576,\"height\":385},{\"@type\":\"BreadcrumbList\",\"@id\":\"https:\/\/www.etoro.com\/es\/academy\/videos\/copytrading-101-part-2-the-basics\/#breadcrumb\",\"itemListElement\":[{\"@type\":\"ListItem\",\"position\":1,\"name\":\"Inicio\",\"item\":\"https:\/\/www.etoro.com\/es\/\"},{\"@type\":\"ListItem\",\"position\":2,\"name\":\"eToro Academy\",\"item\":\"https:\/\/www.etoro.com\/es\/academy\/\"},{\"@type\":\"ListItem\",\"position\":3,\"name\":\"V\u00eddeos\",\"item\":\"https:\/\/www.etoro.com\/?page_id=221232\"},{\"@type\":\"ListItem\",\"position\":4,\"name\":\"CopyTrading 101 | Parte 2: B\u00e1sicos\"}]},{\"@type\":\"WebSite\",\"@id\":\"https:\/\/www.etoro.com\/es\/#website\",\"url\":\"https:\/\/www.etoro.com\/es\/\",\"name\":\"eToro\",\"description\":\"\",\"publisher\":{\"@id\":\"https:\/\/www.etoro.com\/es\/#organization\"},\"potentialAction\":[{\"@type\":\"SearchAction\",\"target\":{\"@type\":\"EntryPoint\",\"urlTemplate\":\"https:\/\/www.etoro.com\/es\/?s={search_term_string}\"},\"query-input\":{\"@type\":\"PropertyValueSpecification\",\"valueRequired\":true,\"valueName\":\"search_term_string\"}}],\"inLanguage\":\"es\"},[]]}<\/script>","yoast_head_json":{"title":"CopyTrading 101 - Parte 2 | Video de la Academia de eToro","description":"Este video explica los fundamentos de CopyTrading en eToro. Descubre c\u00f3mo replicar las estrategias de los principales inversores para mejorar tu experiencia de trading.","robots":{"index":"index","follow":"follow","max-snippet":"max-snippet:-1","max-image-preview":"max-image-preview:large","max-video-preview":"max-video-preview:-1"},"canonical":"https:\/\/www.etoro.com\/es\/wp-json\/wp\/v2\/pages\/1010277","og_locale":"es_ES","og_type":"article","og_title":"CopyTrading 101 - Parte 2 | Video de la Academia de eToro","og_description":"Este video explica los fundamentos de CopyTrading en eToro. Descubre c\u00f3mo replicar las estrategias de los principales inversores para mejorar tu experiencia de trading.","og_url":"https:\/\/www.etoro.com\/es\/wp-json\/wp\/v2\/pages\/1010277","og_site_name":"eToro","article_publisher":"https:\/\/www.facebook.com\/eToro\/","article_modified_time":"2025-02-12T14:54:57+00:00","og_image":[{"width":576,"height":385,"url":"https:\/\/www.etoro.com\/wp-content\/uploads\/2023\/01\/6081_600x500_ES.jpg","type":"image\/jpeg"}],"twitter_card":"summary_large_image","twitter_site":"@eToro","twitter_misc":{"Est. reading time":"2 minutes"},"schema":{"@context":"https:\/\/schema.org","@graph":[{"@type":"WebPage","@id":"https:\/\/www.etoro.com\/es\/academy\/videos\/copytrading-101-part-2-the-basics\/","url":"https:\/\/www.etoro.com\/es\/academy\/videos\/copytrading-101-part-2-the-basics\/","name":"CopyTrading 101 - Parte 2 | Video de la Academia de eToro","isPartOf":{"@id":"https:\/\/www.etoro.com\/es\/#website"},"primaryImageOfPage":{"@id":"https:\/\/www.etoro.com\/es\/academy\/videos\/copytrading-101-part-2-the-basics\/#primaryimage"},"image":{"@id":"https:\/\/www.etoro.com\/es\/academy\/videos\/copytrading-101-part-2-the-basics\/#primaryimage"},"thumbnailUrl":"https:\/\/www.etoro.com\/wp-content\/uploads\/2023\/01\/6081_600x500_ES.jpg","datePublished":"2025-01-10T15:57:49+00:00","dateModified":"2025-02-12T14:54:57+00:00","description":"Este video explica los fundamentos de CopyTrading en eToro. Descubre c\u00f3mo replicar las estrategias de los principales inversores para mejorar tu experiencia de trading.","breadcrumb":{"@id":"https:\/\/www.etoro.com\/es\/academy\/videos\/copytrading-101-part-2-the-basics\/#breadcrumb"},"inLanguage":"es","potentialAction":[{"@type":"ReadAction","target":["https:\/\/www.etoro.com\/es\/academy\/videos\/copytrading-101-part-2-the-basics\/"]}]},{"@type":"ImageObject","inLanguage":"es","@id":"https:\/\/www.etoro.com\/es\/academy\/videos\/copytrading-101-part-2-the-basics\/#primaryimage","url":"https:\/\/www.etoro.com\/wp-content\/uploads\/2023\/01\/6081_600x500_ES.jpg","contentUrl":"https:\/\/www.etoro.com\/wp-content\/uploads\/2023\/01\/6081_600x500_ES.jpg","width":576,"height":385},{"@type":"BreadcrumbList","@id":"https:\/\/www.etoro.com\/es\/academy\/videos\/copytrading-101-part-2-the-basics\/#breadcrumb","itemListElement":[{"@type":"ListItem","position":1,"name":"Inicio","item":"https:\/\/www.etoro.com\/es\/"},{"@type":"ListItem","position":2,"name":"eToro Academy","item":"https:\/\/www.etoro.com\/es\/academy\/"},{"@type":"ListItem","position":3,"name":"V\u00eddeos","item":"https:\/\/www.etoro.com\/?page_id=221232"},{"@type":"ListItem","position":4,"name":"CopyTrading 101 | Parte 2: B\u00e1sicos"}]},{"@type":"WebSite","@id":"https:\/\/www.etoro.com\/es\/#website","url":"https:\/\/www.etoro.com\/es\/","name":"eToro","description":"","publisher":{"@id":"https:\/\/www.etoro.com\/es\/#organization"},"potentialAction":[{"@type":"SearchAction","target":{"@type":"EntryPoint","urlTemplate":"https:\/\/www.etoro.com\/es\/?s={search_term_string}"},"query-input":{"@type":"PropertyValueSpecification","valueRequired":true,"valueName":"search_term_string"}}],"inLanguage":"es"},[]]}},"_links":{"self":[{"href":"https:\/\/www.etoro.com\/es\/wp-json\/wp\/v2\/pages\/1010277"}],"collection":[{"href":"https:\/\/www.etoro.com\/es\/wp-json\/wp\/v2\/pages"}],"about":[{"href":"https:\/\/www.etoro.com\/es\/wp-json\/wp\/v2\/types\/page"}],"author":[{"embeddable":true,"href":"https:\/\/www.etoro.com\/es\/wp-json\/wp\/v2\/users\/96"}],"replies":[{"embeddable":true,"href":"https:\/\/www.etoro.com\/es\/wp-json\/wp\/v2\/comments?post=1010277"}],"version-history":[{"count":0,"href":"https:\/\/www.etoro.com\/es\/wp-json\/wp\/v2\/pages\/1010277\/revisions"}],"up":[{"embeddable":true,"href":"https:\/\/www.etoro.com\/es\/wp-json\/wp\/v2\/pages\/260123"}],"wp:featuredmedia":[{"embeddable":true,"href":"https:\/\/www.etoro.com\/es\/wp-json\/wp\/v2\/media\/549999"}],"wp:attachment":[{"href":"https:\/\/www.etoro.com\/es\/wp-json\/wp\/v2\/media?parent=1010277"}],"wp:term":[{"taxonomy":"asset_type","embeddable":true,"href":"https:\/\/www.etoro.com\/es\/wp-json\/wp\/v2\/asset_type?post=1010277"}],"curies":[{"name":"wp","href":"https:\/\/api.w.org\/{rel}","templated":true}]}}