{"id":1010303,"date":"2025-01-10T17:55:53","date_gmt":"2025-01-10T15:55:53","guid":{"rendered":"https:\/\/www.etoro.com\/academy\/videos\/copytrading-101-part-3-the-how\/"},"modified":"2025-02-12T16:53:03","modified_gmt":"2025-02-12T14:53:03","slug":"copytrading-101-part-3-the-how","status":"publish","type":"page","link":"https:\/\/www.etoro.com\/es\/academy\/videos\/copytrading-101-part-3-the-how\/","title":{"rendered":"CopyTrading 101 | Parte 3: El C\u00f3mo"},"content":{"rendered":"\n<div class=\"wp-block-etoro-video-transcript\"><div class=\"wp-block-etoro-video-description\"><h2 class=\"wp-block-etoro-video-description-title\">Descripci\u00f3n<\/h2><hr\/><div class=\"wp-block-etoro-video-description-content\">\u00bfQui\u00e9n te ha dicho que no puedes copiar a los inversores con mejor rendimiento? Conoce los fundamentos b\u00e1sicos del CopyTrading.<\/div><\/div><div class=\"wp-block-etoro-video-transcript-content\"><h2 class=\"wp-block-etoro-video-transcript-title\">Transcripci\u00f3n<\/h2><hr\/><div class=\"wp-block-etoro-video-transcript-text\"><div class=\"wp-block-etoro-video-transcript-text-wrapper\">\n<p>\u00a1Hola!&nbsp;<\/p>\n\n\n\n<p>En los v\u00eddeos anteriores, aprendimos todo sobre el CopyTrading: el por qu\u00e9, el qu\u00e9, el qui\u00e9n\u2026&nbsp;<\/p>\n\n\n\n<p>Pero hay una pregunta que a\u00fan no respondimos: el c\u00f3mo.<\/p>\n\n\n\n<p>Bueno no podr\u00eda ser m\u00e1s sencilla si no lo intent\u00e1ramos, Y lo intentamos\u2026<\/p>\n\n\n\n<p>En primer lugar, elige al inversor o a los inversores que deseas copiar.&nbsp;<\/p>\n\n\n\n<p>Recuerda que este inversor debe ser alguien que se ajuste a tus necesidades, intereses y objetivos. Para encontrar el inversor ideal, dir\u00edgete a nuestra herramienta \u201cDescubrir Personas\u201d.&nbsp;<\/p>\n\n\n\n<p>All\u00ed, puedes realizar una b\u00fasqueda basada en su rendimiento, sus activos, el riesgo y varias otras opciones m\u00e1s que te ayudar\u00e1n a que tu b\u00fasqueda sea lo m\u00e1s espec\u00edfica y efectiva posible.&nbsp;<\/p>\n\n\n\n<p>Cuando hayas encontrado a tu inversor, haz clic en \u201cCopiar\u201d, introduce la cantidad de dinero que deseas invertir y establece el l\u00edmite de Stop Loss.<\/p>\n\n\n\n<p>Cuando introduzcas el importe, podr\u00e1s ver cu\u00e1l ser\u00e1 el valor promedio de tu posici\u00f3n basado en la estrategia hist\u00f3rica de ese inversor. Ten en cuenta que el valor m\u00ednimo de la posici\u00f3n es de un d\u00f3lar. Cualquier posici\u00f3n, por debajo de esa cantidad, simplemente no se abrir\u00e1.<\/p>\n\n\n\n<p>Por cierto, tienes la opci\u00f3n de copiar todas las operaciones abiertas de ese inversor, en los distintos mercados disponibles, en ese momento, o no.&nbsp;<\/p>\n\n\n\n<p>Cuando copias a alguien, cada posici\u00f3n abierta representa una sola inversi\u00f3n, y toda tu copia con ese inversor, se divide en proporci\u00f3n a tu cartera.&nbsp;<\/p>\n\n\n\n<p>Por ejemplo, si tu inversor copiado tiene un 20% en una determinada acci\u00f3n tecnol\u00f3gica, un 50% en su ETF favorito y un 30% en una cierta criptomoneda, tu inversi\u00f3n copiada tendr\u00e1 exactamente las mismas proporciones en tu cartera. Si empiezas a copiar a un inversor cuando el mercado est\u00e1 cerrado, se crear\u00e1 una orden en espera y tus posiciones se abrir\u00e1n cuando el mercado se abra.<\/p>\n\n\n\n<p>\u00a1Eso es todo!&nbsp;<\/p>\n\n\n\n<p>En realidad, quer\u00edamos hacer un v\u00eddeo m\u00e1s largo, pero claramente no hay nada m\u00e1s para agregar\u2026<br>\u00a1Gracias por mirar este video, nos vemos en el feed de eToro!<\/p>\n<\/div><button class=\"wp-block-etoro-video-description-more-text\">Mostrar m\u00e1s<svg xmlns=\"http:\/\/www.w3.org\/2000\/svg\" width=\"9\" height=\"6\" viewBox=\"0 0 9 6\" fill=\"none\"><path d=\"M7.5625 1.48616L4.5 4.54866L1.4375 1.48616\" stroke=\"#13C636\" stroke-linecap=\"square\"><\/path><\/svg><\/button><\/div><\/div><\/div>\n","protected":false},"excerpt":{"rendered":"","protected":false},"author":96,"featured_media":560482,"parent":260123,"menu_order":0,"comment_status":"closed","ping_status":"closed","template":"","meta":{"_acf_changed":true,"inline_featured_image":false,"sticky_cta_settings":"","footnotes":""},"asset_type":[],"class_list":["post-1010303","page","type-page","status-publish","has-post-thumbnail","hentry"],"acf":[],"yoast_head":"<title>CopyTrading 101 - Parte 3 | Video de la Academia de eToro<\/title>\n<meta name=\"description\" content=\"Aprende la mec\u00e1nica de CopyTrading en eToro en este video. Entiende c\u00f3mo encontrar a los mejores inversores, asignar fondos y comenzar a construir tu portafolio.\" \/>\n<meta name=\"robots\" content=\"index, follow, max-snippet:-1, max-image-preview:large, max-video-preview:-1\" \/>\n<link rel=\"canonical\" href=\"https:\/\/www.etoro.com\/es\/wp-json\/wp\/v2\/pages\/1010303\" \/>\n<meta property=\"og:locale\" content=\"es_ES\" \/>\n<meta property=\"og:type\" content=\"article\" \/>\n<meta property=\"og:title\" content=\"CopyTrading 101 - Parte 3 | Video de la Academia de eToro\" \/>\n<meta property=\"og:description\" content=\"Aprende la mec\u00e1nica de CopyTrading en eToro en este video. Entiende c\u00f3mo encontrar a los mejores inversores, asignar fondos y comenzar a construir tu portafolio.\" \/>\n<meta property=\"og:url\" content=\"https:\/\/www.etoro.com\/es\/wp-json\/wp\/v2\/pages\/1010303\" \/>\n<meta property=\"og:site_name\" content=\"eToro\" \/>\n<meta property=\"article:publisher\" content=\"https:\/\/www.facebook.com\/eToro\/\" \/>\n<meta property=\"article:modified_time\" content=\"2025-02-12T14:53:03+00:00\" \/>\n<meta property=\"og:image\" content=\"https:\/\/www.etoro.com\/wp-content\/uploads\/2023\/02\/1747_600x500_ES.jpg\" \/>\n\t<meta property=\"og:image:width\" content=\"576\" \/>\n\t<meta property=\"og:image:height\" content=\"385\" \/>\n\t<meta property=\"og:image:type\" content=\"image\/jpeg\" \/>\n<meta name=\"twitter:card\" content=\"summary_large_image\" \/>\n<meta name=\"twitter:site\" content=\"@eToro\" \/>\n<meta name=\"twitter:label1\" content=\"Est. reading time\" \/>\n\t<meta name=\"twitter:data1\" content=\"2 minutes\" \/>\n<script type=\"application\/ld+json\" class=\"yoast-schema-graph\">{\"@context\":\"https:\/\/schema.org\",\"@graph\":[{\"@type\":\"WebPage\",\"@id\":\"https:\/\/www.etoro.com\/es\/academy\/videos\/copytrading-101-part-3-the-how\/\",\"url\":\"https:\/\/www.etoro.com\/es\/academy\/videos\/copytrading-101-part-3-the-how\/\",\"name\":\"CopyTrading 101 - Parte 3 | Video de la Academia de eToro\",\"isPartOf\":{\"@id\":\"https:\/\/www.etoro.com\/es\/#website\"},\"primaryImageOfPage\":{\"@id\":\"https:\/\/www.etoro.com\/es\/academy\/videos\/copytrading-101-part-3-the-how\/#primaryimage\"},\"image\":{\"@id\":\"https:\/\/www.etoro.com\/es\/academy\/videos\/copytrading-101-part-3-the-how\/#primaryimage\"},\"thumbnailUrl\":\"https:\/\/www.etoro.com\/wp-content\/uploads\/2023\/02\/1747_600x500_ES.jpg\",\"datePublished\":\"2025-01-10T15:55:53+00:00\",\"dateModified\":\"2025-02-12T14:53:03+00:00\",\"description\":\"Aprende la mec\u00e1nica de CopyTrading en eToro en este video. Entiende c\u00f3mo encontrar a los mejores inversores, asignar fondos y comenzar a construir tu portafolio.\",\"breadcrumb\":{\"@id\":\"https:\/\/www.etoro.com\/es\/academy\/videos\/copytrading-101-part-3-the-how\/#breadcrumb\"},\"inLanguage\":\"es\",\"potentialAction\":[{\"@type\":\"ReadAction\",\"target\":[\"https:\/\/www.etoro.com\/es\/academy\/videos\/copytrading-101-part-3-the-how\/\"]}]},{\"@type\":\"ImageObject\",\"inLanguage\":\"es\",\"@id\":\"https:\/\/www.etoro.com\/es\/academy\/videos\/copytrading-101-part-3-the-how\/#primaryimage\",\"url\":\"https:\/\/www.etoro.com\/wp-content\/uploads\/2023\/02\/1747_600x500_ES.jpg\",\"contentUrl\":\"https:\/\/www.etoro.com\/wp-content\/uploads\/2023\/02\/1747_600x500_ES.jpg\",\"width\":576,\"height\":385},{\"@type\":\"BreadcrumbList\",\"@id\":\"https:\/\/www.etoro.com\/es\/academy\/videos\/copytrading-101-part-3-the-how\/#breadcrumb\",\"itemListElement\":[{\"@type\":\"ListItem\",\"position\":1,\"name\":\"Inicio\",\"item\":\"https:\/\/www.etoro.com\/es\/\"},{\"@type\":\"ListItem\",\"position\":2,\"name\":\"eToro Academy\",\"item\":\"https:\/\/www.etoro.com\/es\/academy\/\"},{\"@type\":\"ListItem\",\"position\":3,\"name\":\"V\u00eddeos\",\"item\":\"https:\/\/www.etoro.com\/?page_id=221232\"},{\"@type\":\"ListItem\",\"position\":4,\"name\":\"CopyTrading 101 | Parte 3: El C\u00f3mo\"}]},{\"@type\":\"WebSite\",\"@id\":\"https:\/\/www.etoro.com\/es\/#website\",\"url\":\"https:\/\/www.etoro.com\/es\/\",\"name\":\"eToro\",\"description\":\"\",\"publisher\":{\"@id\":\"https:\/\/www.etoro.com\/es\/#organization\"},\"potentialAction\":[{\"@type\":\"SearchAction\",\"target\":{\"@type\":\"EntryPoint\",\"urlTemplate\":\"https:\/\/www.etoro.com\/es\/?s={search_term_string}\"},\"query-input\":{\"@type\":\"PropertyValueSpecification\",\"valueRequired\":true,\"valueName\":\"search_term_string\"}}],\"inLanguage\":\"es\"},[]]}<\/script>","yoast_head_json":{"title":"CopyTrading 101 - Parte 3 | Video de la Academia de eToro","description":"Aprende la mec\u00e1nica de CopyTrading en eToro en este video. Entiende c\u00f3mo encontrar a los mejores inversores, asignar fondos y comenzar a construir tu portafolio.","robots":{"index":"index","follow":"follow","max-snippet":"max-snippet:-1","max-image-preview":"max-image-preview:large","max-video-preview":"max-video-preview:-1"},"canonical":"https:\/\/www.etoro.com\/es\/wp-json\/wp\/v2\/pages\/1010303","og_locale":"es_ES","og_type":"article","og_title":"CopyTrading 101 - Parte 3 | Video de la Academia de eToro","og_description":"Aprende la mec\u00e1nica de CopyTrading en eToro en este video. Entiende c\u00f3mo encontrar a los mejores inversores, asignar fondos y comenzar a construir tu portafolio.","og_url":"https:\/\/www.etoro.com\/es\/wp-json\/wp\/v2\/pages\/1010303","og_site_name":"eToro","article_publisher":"https:\/\/www.facebook.com\/eToro\/","article_modified_time":"2025-02-12T14:53:03+00:00","og_image":[{"width":576,"height":385,"url":"https:\/\/www.etoro.com\/wp-content\/uploads\/2023\/02\/1747_600x500_ES.jpg","type":"image\/jpeg"}],"twitter_card":"summary_large_image","twitter_site":"@eToro","twitter_misc":{"Est. reading time":"2 minutes"},"schema":{"@context":"https:\/\/schema.org","@graph":[{"@type":"WebPage","@id":"https:\/\/www.etoro.com\/es\/academy\/videos\/copytrading-101-part-3-the-how\/","url":"https:\/\/www.etoro.com\/es\/academy\/videos\/copytrading-101-part-3-the-how\/","name":"CopyTrading 101 - Parte 3 | Video de la Academia de eToro","isPartOf":{"@id":"https:\/\/www.etoro.com\/es\/#website"},"primaryImageOfPage":{"@id":"https:\/\/www.etoro.com\/es\/academy\/videos\/copytrading-101-part-3-the-how\/#primaryimage"},"image":{"@id":"https:\/\/www.etoro.com\/es\/academy\/videos\/copytrading-101-part-3-the-how\/#primaryimage"},"thumbnailUrl":"https:\/\/www.etoro.com\/wp-content\/uploads\/2023\/02\/1747_600x500_ES.jpg","datePublished":"2025-01-10T15:55:53+00:00","dateModified":"2025-02-12T14:53:03+00:00","description":"Aprende la mec\u00e1nica de CopyTrading en eToro en este video. Entiende c\u00f3mo encontrar a los mejores inversores, asignar fondos y comenzar a construir tu portafolio.","breadcrumb":{"@id":"https:\/\/www.etoro.com\/es\/academy\/videos\/copytrading-101-part-3-the-how\/#breadcrumb"},"inLanguage":"es","potentialAction":[{"@type":"ReadAction","target":["https:\/\/www.etoro.com\/es\/academy\/videos\/copytrading-101-part-3-the-how\/"]}]},{"@type":"ImageObject","inLanguage":"es","@id":"https:\/\/www.etoro.com\/es\/academy\/videos\/copytrading-101-part-3-the-how\/#primaryimage","url":"https:\/\/www.etoro.com\/wp-content\/uploads\/2023\/02\/1747_600x500_ES.jpg","contentUrl":"https:\/\/www.etoro.com\/wp-content\/uploads\/2023\/02\/1747_600x500_ES.jpg","width":576,"height":385},{"@type":"BreadcrumbList","@id":"https:\/\/www.etoro.com\/es\/academy\/videos\/copytrading-101-part-3-the-how\/#breadcrumb","itemListElement":[{"@type":"ListItem","position":1,"name":"Inicio","item":"https:\/\/www.etoro.com\/es\/"},{"@type":"ListItem","position":2,"name":"eToro Academy","item":"https:\/\/www.etoro.com\/es\/academy\/"},{"@type":"ListItem","position":3,"name":"V\u00eddeos","item":"https:\/\/www.etoro.com\/?page_id=221232"},{"@type":"ListItem","position":4,"name":"CopyTrading 101 | Parte 3: El C\u00f3mo"}]},{"@type":"WebSite","@id":"https:\/\/www.etoro.com\/es\/#website","url":"https:\/\/www.etoro.com\/es\/","name":"eToro","description":"","publisher":{"@id":"https:\/\/www.etoro.com\/es\/#organization"},"potentialAction":[{"@type":"SearchAction","target":{"@type":"EntryPoint","urlTemplate":"https:\/\/www.etoro.com\/es\/?s={search_term_string}"},"query-input":{"@type":"PropertyValueSpecification","valueRequired":true,"valueName":"search_term_string"}}],"inLanguage":"es"},[]]}},"_links":{"self":[{"href":"https:\/\/www.etoro.com\/es\/wp-json\/wp\/v2\/pages\/1010303"}],"collection":[{"href":"https:\/\/www.etoro.com\/es\/wp-json\/wp\/v2\/pages"}],"about":[{"href":"https:\/\/www.etoro.com\/es\/wp-json\/wp\/v2\/types\/page"}],"author":[{"embeddable":true,"href":"https:\/\/www.etoro.com\/es\/wp-json\/wp\/v2\/users\/96"}],"replies":[{"embeddable":true,"href":"https:\/\/www.etoro.com\/es\/wp-json\/wp\/v2\/comments?post=1010303"}],"version-history":[{"count":0,"href":"https:\/\/www.etoro.com\/es\/wp-json\/wp\/v2\/pages\/1010303\/revisions"}],"up":[{"embeddable":true,"href":"https:\/\/www.etoro.com\/es\/wp-json\/wp\/v2\/pages\/260123"}],"wp:featuredmedia":[{"embeddable":true,"href":"https:\/\/www.etoro.com\/es\/wp-json\/wp\/v2\/media\/560482"}],"wp:attachment":[{"href":"https:\/\/www.etoro.com\/es\/wp-json\/wp\/v2\/media?parent=1010303"}],"wp:term":[{"taxonomy":"asset_type","embeddable":true,"href":"https:\/\/www.etoro.com\/es\/wp-json\/wp\/v2\/asset_type?post=1010303"}],"curies":[{"name":"wp","href":"https:\/\/api.w.org\/{rel}","templated":true}]}}