{"id":1010347,"date":"2025-01-10T17:54:15","date_gmt":"2025-01-10T15:54:15","guid":{"rendered":"https:\/\/www.etoro.com\/academy\/videos\/copytrading-101-part-4-next-steps\/"},"modified":"2025-02-12T16:50:54","modified_gmt":"2025-02-12T14:50:54","slug":"copytrading-101-part-4-next-steps","status":"publish","type":"page","link":"https:\/\/www.etoro.com\/es\/academy\/videos\/copytrading-101-part-4-next-steps\/","title":{"rendered":"CopyTrading 101 | Parte 4: El despu\u00e9s"},"content":{"rendered":"\n<div class=\"wp-block-etoro-video-transcript\"><div class=\"wp-block-etoro-video-description\"><h2 class=\"wp-block-etoro-video-description-title\">Descripci\u00f3n<\/h2><hr\/><div class=\"wp-block-etoro-video-description-content\">\u00bfQui\u00e9n te ha dicho que no puedes copiar a los inversores con mejor rendimiento? Conoce los fundamentos b\u00e1sicos del CopyTrading.<\/div><\/div><div class=\"wp-block-etoro-video-transcript-content\"><h2 class=\"wp-block-etoro-video-transcript-title\">Transcripci\u00f3n<\/h2><hr\/><div class=\"wp-block-etoro-video-transcript-text\"><div class=\"wp-block-etoro-video-transcript-text-wrapper\">\n<p>\u00a1Bienvenido de nuevo! Si has visto nuestros videos anteriores, ya sabes por qu\u00e9 el CopyTrading es incre\u00edble, y lo sencillo que puede copiar a otro inversor.&nbsp;<\/p>\n\n\n\n<p>Pero, \u00bfqu\u00e9 pasa despu\u00e9s de copiar a alguien?<\/p>\n\n\n\n<p>\u00bfDejas todo y te retiras a practicar el f\u00fatbol? \u00a1No, no hagas eso!&nbsp;<\/p>\n\n\n\n<p>Si quieres saber c\u00f3mo controlar tus inversiones e incluso realizar modificaciones en ellas, qu\u00e9date aqu\u00ed.<\/p>\n\n\n\n<p>Puedes encontrar todas tus estad\u00edsticas en tu portafolio, as\u00ed que aseg\u00farate de visitarlo regularmente. Tal vez establezcas una cita semanal o cocines una rica cena y luego lo revises. Es muy importante que controles lo que haces con tu dinero.&nbsp;<\/p>\n\n\n\n<p>Cuando abras tu cartera, haz clic en el men\u00fa de tres puntos a la derecha y ve todas las opciones disponibles: desde all\u00ed puedes invertir m\u00e1s dinero, retirar parte de tu dinero, detener una copia, ajustar tu Copy Stop Loss o incluso pausar una copia.<\/p>\n\n\n\n<p>La \u201ccopia en pausa\u201d es una funci\u00f3n que te permite dejar de copiar a un inversor sin cerrar las operaciones abiertas. Una vez que elijas pausar una copia, no se abrir\u00e1n nuevas operaciones, en esa relaci\u00f3n de copia.&nbsp; Sin embargo, y este es un gran sin embargo, todas tus operaciones abiertas seguir\u00e1n copiando las acciones de Stop Loss, Take Profit o de cierre de ese Trader.&nbsp;<\/p>\n\n\n\n<p>eToro es una comunidad, y nos gusta ayudarnos entre todos. Puedes iniciar una conversaci\u00f3n con cualquier otro inversor, simplemente comentando en su perfil de la plataforma.<\/p>\n\n\n\n<p>\u00a1Para eso est\u00e1n los amigos de eToro!<\/p>\n\n\n\n<p>Gracias por mirar este video. Nos vemos en el feed de eToro.<\/p>\n<\/div><button class=\"wp-block-etoro-video-description-more-text\">Mostrar m\u00e1s<svg xmlns=\"http:\/\/www.w3.org\/2000\/svg\" width=\"9\" height=\"6\" viewBox=\"0 0 9 6\" fill=\"none\"><path d=\"M7.5625 1.48616L4.5 4.54866L1.4375 1.48616\" stroke=\"#13C636\" stroke-linecap=\"square\"><\/path><\/svg><\/button><\/div><\/div><\/div>\n","protected":false},"excerpt":{"rendered":"","protected":false},"author":96,"featured_media":560557,"parent":260123,"menu_order":0,"comment_status":"closed","ping_status":"closed","template":"","meta":{"_acf_changed":true,"inline_featured_image":false,"sticky_cta_settings":"","footnotes":""},"asset_type":[],"class_list":["post-1010347","page","type-page","status-publish","has-post-thumbnail","hentry"],"acf":[],"yoast_head":"<title>CopyTrading 101 - Parte 4 | Video de la Academia de eToro<\/title>\n<meta name=\"description\" content=\"En este video, explora qu\u00e9 sucede despu\u00e9s de comenzar con CopyTrading en eToro. Aprende a gestionar tus operaciones copiadas y ajustar tu estrategia para el \u00e9xito a largo plazo.\" \/>\n<meta name=\"robots\" content=\"index, follow, max-snippet:-1, max-image-preview:large, max-video-preview:-1\" \/>\n<link rel=\"canonical\" href=\"https:\/\/www.etoro.com\/es\/wp-json\/wp\/v2\/pages\/1010347\" \/>\n<meta property=\"og:locale\" content=\"es_ES\" \/>\n<meta property=\"og:type\" content=\"article\" \/>\n<meta property=\"og:title\" content=\"CopyTrading 101 - Parte 4 | Video de la Academia de eToro\" \/>\n<meta property=\"og:description\" content=\"En este video, explora qu\u00e9 sucede despu\u00e9s de comenzar con CopyTrading en eToro. Aprende a gestionar tus operaciones copiadas y ajustar tu estrategia para el \u00e9xito a largo plazo.\" \/>\n<meta property=\"og:url\" content=\"https:\/\/www.etoro.com\/es\/wp-json\/wp\/v2\/pages\/1010347\" \/>\n<meta property=\"og:site_name\" content=\"eToro\" \/>\n<meta property=\"article:publisher\" content=\"https:\/\/www.facebook.com\/eToro\/\" \/>\n<meta property=\"article:modified_time\" content=\"2025-02-12T14:50:54+00:00\" \/>\n<meta property=\"og:image\" content=\"https:\/\/www.etoro.com\/wp-content\/uploads\/2023\/02\/1747_600x500_ES-1.jpg\" \/>\n\t<meta property=\"og:image:width\" content=\"576\" \/>\n\t<meta property=\"og:image:height\" content=\"385\" \/>\n\t<meta property=\"og:image:type\" content=\"image\/jpeg\" \/>\n<meta name=\"twitter:card\" content=\"summary_large_image\" \/>\n<meta name=\"twitter:site\" content=\"@eToro\" \/>\n<meta name=\"twitter:label1\" content=\"Est. reading time\" \/>\n\t<meta name=\"twitter:data1\" content=\"2 minutes\" \/>\n<script type=\"application\/ld+json\" class=\"yoast-schema-graph\">{\"@context\":\"https:\/\/schema.org\",\"@graph\":[{\"@type\":\"WebPage\",\"@id\":\"https:\/\/www.etoro.com\/es\/academy\/videos\/copytrading-101-part-4-next-steps\/\",\"url\":\"https:\/\/www.etoro.com\/es\/academy\/videos\/copytrading-101-part-4-next-steps\/\",\"name\":\"CopyTrading 101 - Parte 4 | Video de la Academia de eToro\",\"isPartOf\":{\"@id\":\"https:\/\/www.etoro.com\/es\/#website\"},\"primaryImageOfPage\":{\"@id\":\"https:\/\/www.etoro.com\/es\/academy\/videos\/copytrading-101-part-4-next-steps\/#primaryimage\"},\"image\":{\"@id\":\"https:\/\/www.etoro.com\/es\/academy\/videos\/copytrading-101-part-4-next-steps\/#primaryimage\"},\"thumbnailUrl\":\"https:\/\/www.etoro.com\/wp-content\/uploads\/2023\/02\/1747_600x500_ES-1.jpg\",\"datePublished\":\"2025-01-10T15:54:15+00:00\",\"dateModified\":\"2025-02-12T14:50:54+00:00\",\"description\":\"En este video, explora qu\u00e9 sucede despu\u00e9s de comenzar con CopyTrading en eToro. Aprende a gestionar tus operaciones copiadas y ajustar tu estrategia para el \u00e9xito a largo plazo.\",\"breadcrumb\":{\"@id\":\"https:\/\/www.etoro.com\/es\/academy\/videos\/copytrading-101-part-4-next-steps\/#breadcrumb\"},\"inLanguage\":\"es\",\"potentialAction\":[{\"@type\":\"ReadAction\",\"target\":[\"https:\/\/www.etoro.com\/es\/academy\/videos\/copytrading-101-part-4-next-steps\/\"]}]},{\"@type\":\"ImageObject\",\"inLanguage\":\"es\",\"@id\":\"https:\/\/www.etoro.com\/es\/academy\/videos\/copytrading-101-part-4-next-steps\/#primaryimage\",\"url\":\"https:\/\/www.etoro.com\/wp-content\/uploads\/2023\/02\/1747_600x500_ES-1.jpg\",\"contentUrl\":\"https:\/\/www.etoro.com\/wp-content\/uploads\/2023\/02\/1747_600x500_ES-1.jpg\",\"width\":576,\"height\":385},{\"@type\":\"BreadcrumbList\",\"@id\":\"https:\/\/www.etoro.com\/es\/academy\/videos\/copytrading-101-part-4-next-steps\/#breadcrumb\",\"itemListElement\":[{\"@type\":\"ListItem\",\"position\":1,\"name\":\"Inicio\",\"item\":\"https:\/\/www.etoro.com\/es\/\"},{\"@type\":\"ListItem\",\"position\":2,\"name\":\"eToro Academy\",\"item\":\"https:\/\/www.etoro.com\/es\/academy\/\"},{\"@type\":\"ListItem\",\"position\":3,\"name\":\"V\u00eddeos\",\"item\":\"https:\/\/www.etoro.com\/?page_id=221232\"},{\"@type\":\"ListItem\",\"position\":4,\"name\":\"CopyTrading 101 | Parte 4: El despu\u00e9s\"}]},{\"@type\":\"WebSite\",\"@id\":\"https:\/\/www.etoro.com\/es\/#website\",\"url\":\"https:\/\/www.etoro.com\/es\/\",\"name\":\"eToro\",\"description\":\"\",\"publisher\":{\"@id\":\"https:\/\/www.etoro.com\/es\/#organization\"},\"potentialAction\":[{\"@type\":\"SearchAction\",\"target\":{\"@type\":\"EntryPoint\",\"urlTemplate\":\"https:\/\/www.etoro.com\/es\/?s={search_term_string}\"},\"query-input\":{\"@type\":\"PropertyValueSpecification\",\"valueRequired\":true,\"valueName\":\"search_term_string\"}}],\"inLanguage\":\"es\"},[]]}<\/script>","yoast_head_json":{"title":"CopyTrading 101 - Parte 4 | Video de la Academia de eToro","description":"En este video, explora qu\u00e9 sucede despu\u00e9s de comenzar con CopyTrading en eToro. Aprende a gestionar tus operaciones copiadas y ajustar tu estrategia para el \u00e9xito a largo plazo.","robots":{"index":"index","follow":"follow","max-snippet":"max-snippet:-1","max-image-preview":"max-image-preview:large","max-video-preview":"max-video-preview:-1"},"canonical":"https:\/\/www.etoro.com\/es\/wp-json\/wp\/v2\/pages\/1010347","og_locale":"es_ES","og_type":"article","og_title":"CopyTrading 101 - Parte 4 | Video de la Academia de eToro","og_description":"En este video, explora qu\u00e9 sucede despu\u00e9s de comenzar con CopyTrading en eToro. Aprende a gestionar tus operaciones copiadas y ajustar tu estrategia para el \u00e9xito a largo plazo.","og_url":"https:\/\/www.etoro.com\/es\/wp-json\/wp\/v2\/pages\/1010347","og_site_name":"eToro","article_publisher":"https:\/\/www.facebook.com\/eToro\/","article_modified_time":"2025-02-12T14:50:54+00:00","og_image":[{"width":576,"height":385,"url":"https:\/\/www.etoro.com\/wp-content\/uploads\/2023\/02\/1747_600x500_ES-1.jpg","type":"image\/jpeg"}],"twitter_card":"summary_large_image","twitter_site":"@eToro","twitter_misc":{"Est. reading time":"2 minutes"},"schema":{"@context":"https:\/\/schema.org","@graph":[{"@type":"WebPage","@id":"https:\/\/www.etoro.com\/es\/academy\/videos\/copytrading-101-part-4-next-steps\/","url":"https:\/\/www.etoro.com\/es\/academy\/videos\/copytrading-101-part-4-next-steps\/","name":"CopyTrading 101 - Parte 4 | Video de la Academia de eToro","isPartOf":{"@id":"https:\/\/www.etoro.com\/es\/#website"},"primaryImageOfPage":{"@id":"https:\/\/www.etoro.com\/es\/academy\/videos\/copytrading-101-part-4-next-steps\/#primaryimage"},"image":{"@id":"https:\/\/www.etoro.com\/es\/academy\/videos\/copytrading-101-part-4-next-steps\/#primaryimage"},"thumbnailUrl":"https:\/\/www.etoro.com\/wp-content\/uploads\/2023\/02\/1747_600x500_ES-1.jpg","datePublished":"2025-01-10T15:54:15+00:00","dateModified":"2025-02-12T14:50:54+00:00","description":"En este video, explora qu\u00e9 sucede despu\u00e9s de comenzar con CopyTrading en eToro. Aprende a gestionar tus operaciones copiadas y ajustar tu estrategia para el \u00e9xito a largo plazo.","breadcrumb":{"@id":"https:\/\/www.etoro.com\/es\/academy\/videos\/copytrading-101-part-4-next-steps\/#breadcrumb"},"inLanguage":"es","potentialAction":[{"@type":"ReadAction","target":["https:\/\/www.etoro.com\/es\/academy\/videos\/copytrading-101-part-4-next-steps\/"]}]},{"@type":"ImageObject","inLanguage":"es","@id":"https:\/\/www.etoro.com\/es\/academy\/videos\/copytrading-101-part-4-next-steps\/#primaryimage","url":"https:\/\/www.etoro.com\/wp-content\/uploads\/2023\/02\/1747_600x500_ES-1.jpg","contentUrl":"https:\/\/www.etoro.com\/wp-content\/uploads\/2023\/02\/1747_600x500_ES-1.jpg","width":576,"height":385},{"@type":"BreadcrumbList","@id":"https:\/\/www.etoro.com\/es\/academy\/videos\/copytrading-101-part-4-next-steps\/#breadcrumb","itemListElement":[{"@type":"ListItem","position":1,"name":"Inicio","item":"https:\/\/www.etoro.com\/es\/"},{"@type":"ListItem","position":2,"name":"eToro Academy","item":"https:\/\/www.etoro.com\/es\/academy\/"},{"@type":"ListItem","position":3,"name":"V\u00eddeos","item":"https:\/\/www.etoro.com\/?page_id=221232"},{"@type":"ListItem","position":4,"name":"CopyTrading 101 | Parte 4: El despu\u00e9s"}]},{"@type":"WebSite","@id":"https:\/\/www.etoro.com\/es\/#website","url":"https:\/\/www.etoro.com\/es\/","name":"eToro","description":"","publisher":{"@id":"https:\/\/www.etoro.com\/es\/#organization"},"potentialAction":[{"@type":"SearchAction","target":{"@type":"EntryPoint","urlTemplate":"https:\/\/www.etoro.com\/es\/?s={search_term_string}"},"query-input":{"@type":"PropertyValueSpecification","valueRequired":true,"valueName":"search_term_string"}}],"inLanguage":"es"},[]]}},"_links":{"self":[{"href":"https:\/\/www.etoro.com\/es\/wp-json\/wp\/v2\/pages\/1010347"}],"collection":[{"href":"https:\/\/www.etoro.com\/es\/wp-json\/wp\/v2\/pages"}],"about":[{"href":"https:\/\/www.etoro.com\/es\/wp-json\/wp\/v2\/types\/page"}],"author":[{"embeddable":true,"href":"https:\/\/www.etoro.com\/es\/wp-json\/wp\/v2\/users\/96"}],"replies":[{"embeddable":true,"href":"https:\/\/www.etoro.com\/es\/wp-json\/wp\/v2\/comments?post=1010347"}],"version-history":[{"count":0,"href":"https:\/\/www.etoro.com\/es\/wp-json\/wp\/v2\/pages\/1010347\/revisions"}],"up":[{"embeddable":true,"href":"https:\/\/www.etoro.com\/es\/wp-json\/wp\/v2\/pages\/260123"}],"wp:featuredmedia":[{"embeddable":true,"href":"https:\/\/www.etoro.com\/es\/wp-json\/wp\/v2\/media\/560557"}],"wp:attachment":[{"href":"https:\/\/www.etoro.com\/es\/wp-json\/wp\/v2\/media?parent=1010347"}],"wp:term":[{"taxonomy":"asset_type","embeddable":true,"href":"https:\/\/www.etoro.com\/es\/wp-json\/wp\/v2\/asset_type?post=1010347"}],"curies":[{"name":"wp","href":"https:\/\/api.w.org\/{rel}","templated":true}]}}