{"id":1010374,"date":"2025-01-10T18:10:22","date_gmt":"2025-01-10T16:10:22","guid":{"rendered":"https:\/\/www.etoro.com\/academy\/videos\/what-to-know-when-starting-to-invest\/"},"modified":"2025-02-12T16:49:05","modified_gmt":"2025-02-12T14:49:05","slug":"what-to-know-when-starting-to-invest","status":"publish","type":"page","link":"https:\/\/www.etoro.com\/es\/academy\/videos\/what-to-know-when-starting-to-invest\/","title":{"rendered":"Qu\u00e9 saber antes de comenzar a invertir"},"content":{"rendered":"\n<div class=\"wp-block-etoro-video-transcript\"><div class=\"wp-block-etoro-video-description\"><h2 class=\"wp-block-etoro-video-description-title\">Descripci\u00f3n<\/h2><hr\/><div class=\"wp-block-etoro-video-description-content\">\u00bfEst\u00e1s pensando en comenzar a invertir en eToro? Hemos reunido algunas de las preguntas clave que deber\u00edas hacerte en tus primeros pasos \u00a1Mucha suerte!<\/div><\/div><div class=\"wp-block-etoro-video-transcript-content\"><h2 class=\"wp-block-etoro-video-transcript-title\">Transcripci\u00f3n<\/h2><hr\/><div class=\"wp-block-etoro-video-transcript-text\"><div class=\"wp-block-etoro-video-transcript-text-wrapper\">\n<p>Si est\u00e1s viendo este v\u00eddeo probablemente est\u00e9s pensando \u00bfinvertir es la decisi\u00f3n correcta para m\u00ed? entonces \u00bfpor qu\u00e9 la gente decide invertir? para la mayor\u00eda se trata de crear una fuente alternativa de ingresos. Invertir puede ayudarte con tu deseo de aumentar tus ahorros, de proteger tu dinero de la inflaci\u00f3n y adem\u00e1s podr\u00eda contribuir a aumentar sus ingresos pero cuidado tambi\u00e9n podr\u00eda disminuir.&nbsp;<\/p>\n\n\n\n<p>pero antes de entrar en este mundo quiz\u00e1s debas preguntarse \u00bfcu\u00e1les son mis objetivos al invertir? \u00bfCu\u00e1l es el riesgo que estoy dispuesto a tomar? \u00bfCu\u00e1nto ganar\u00e9 con mi inversi\u00f3n? \u00bfPuedo permitirme perder todo mi dinero? recuerda s\u00f3lo invierte lo que est\u00e1s dispuesto a perder. Estas son algunas de las preguntas que deber\u00edas hacerte antes de convertirte en inversor.&nbsp;<\/p>\n\n\n\n<p>Una vez que cuentes con las respuestas, es posible que debas investigar sobre qu\u00e9 tipo de inversor debes ser. \u00bfCrees que est\u00e1s listo para comenzar? Mira el siguiente v\u00eddeo y descubre todo lo que necesitas saber para empezar a operar en eToro.<\/p>\n\n\n\n<p>\u00a1Nos vemos ahi!<\/p>\n<\/div><button class=\"wp-block-etoro-video-description-more-text\">Mostrar m\u00e1s<svg xmlns=\"http:\/\/www.w3.org\/2000\/svg\" width=\"9\" height=\"6\" viewBox=\"0 0 9 6\" fill=\"none\"><path d=\"M7.5625 1.48616L4.5 4.54866L1.4375 1.48616\" stroke=\"#13C636\" stroke-linecap=\"square\"><\/path><\/svg><\/button><\/div><\/div><\/div>\n","protected":false},"excerpt":{"rendered":"","protected":false},"author":96,"featured_media":495252,"parent":260123,"menu_order":0,"comment_status":"closed","ping_status":"closed","template":"","meta":{"_acf_changed":true,"inline_featured_image":false,"sticky_cta_settings":"","footnotes":""},"asset_type":[],"class_list":["post-1010374","page","type-page","status-publish","has-post-thumbnail","hentry"],"acf":[],"yoast_head":"<title>What to know when starting to invest | eToro Academy Video<\/title>\n<meta name=\"description\" content=\"\u00bfEmpezando tu camino en las inversiones? Este video cubre preguntas esenciales que debes considerar antes de dar tus primeros pasos.\" \/>\n<meta name=\"robots\" content=\"index, follow, max-snippet:-1, max-image-preview:large, max-video-preview:-1\" \/>\n<link rel=\"canonical\" href=\"https:\/\/www.etoro.com\/es\/wp-json\/wp\/v2\/pages\/1010374\" \/>\n<meta property=\"og:locale\" content=\"es_ES\" \/>\n<meta property=\"og:type\" content=\"article\" \/>\n<meta property=\"og:title\" content=\"What to know when starting to invest | eToro Academy Video\" \/>\n<meta property=\"og:description\" content=\"\u00bfEmpezando tu camino en las inversiones? Este video cubre preguntas esenciales que debes considerar antes de dar tus primeros pasos.\" \/>\n<meta property=\"og:url\" content=\"https:\/\/www.etoro.com\/es\/wp-json\/wp\/v2\/pages\/1010374\" \/>\n<meta property=\"og:site_name\" content=\"eToro\" \/>\n<meta property=\"article:publisher\" content=\"https:\/\/www.facebook.com\/eToro\/\" \/>\n<meta property=\"article:modified_time\" content=\"2025-02-12T14:49:05+00:00\" \/>\n<meta property=\"og:image\" content=\"https:\/\/www.etoro.com\/wp-content\/uploads\/2022\/09\/3295_600X500_ES.png\" \/>\n\t<meta property=\"og:image:width\" content=\"576\" \/>\n\t<meta property=\"og:image:height\" content=\"385\" \/>\n\t<meta property=\"og:image:type\" content=\"image\/png\" \/>\n<meta name=\"twitter:card\" content=\"summary_large_image\" \/>\n<meta name=\"twitter:site\" content=\"@eToro\" \/>\n<meta name=\"twitter:label1\" content=\"Est. reading time\" \/>\n\t<meta name=\"twitter:data1\" content=\"1 minute\" \/>\n<script type=\"application\/ld+json\" class=\"yoast-schema-graph\">{\"@context\":\"https:\/\/schema.org\",\"@graph\":[{\"@type\":\"WebPage\",\"@id\":\"https:\/\/www.etoro.com\/es\/academy\/videos\/what-to-know-when-starting-to-invest\/\",\"url\":\"https:\/\/www.etoro.com\/es\/academy\/videos\/what-to-know-when-starting-to-invest\/\",\"name\":\"What to know when starting to invest | eToro Academy Video\",\"isPartOf\":{\"@id\":\"https:\/\/www.etoro.com\/es\/#website\"},\"primaryImageOfPage\":{\"@id\":\"https:\/\/www.etoro.com\/es\/academy\/videos\/what-to-know-when-starting-to-invest\/#primaryimage\"},\"image\":{\"@id\":\"https:\/\/www.etoro.com\/es\/academy\/videos\/what-to-know-when-starting-to-invest\/#primaryimage\"},\"thumbnailUrl\":\"https:\/\/www.etoro.com\/wp-content\/uploads\/2022\/09\/3295_600X500_ES.png\",\"datePublished\":\"2025-01-10T16:10:22+00:00\",\"dateModified\":\"2025-02-12T14:49:05+00:00\",\"description\":\"\u00bfEmpezando tu camino en las inversiones? Este video cubre preguntas esenciales que debes considerar antes de dar tus primeros pasos.\",\"breadcrumb\":{\"@id\":\"https:\/\/www.etoro.com\/es\/academy\/videos\/what-to-know-when-starting-to-invest\/#breadcrumb\"},\"inLanguage\":\"es\",\"potentialAction\":[{\"@type\":\"ReadAction\",\"target\":[\"https:\/\/www.etoro.com\/es\/academy\/videos\/what-to-know-when-starting-to-invest\/\"]}]},{\"@type\":\"ImageObject\",\"inLanguage\":\"es\",\"@id\":\"https:\/\/www.etoro.com\/es\/academy\/videos\/what-to-know-when-starting-to-invest\/#primaryimage\",\"url\":\"https:\/\/www.etoro.com\/wp-content\/uploads\/2022\/09\/3295_600X500_ES.png\",\"contentUrl\":\"https:\/\/www.etoro.com\/wp-content\/uploads\/2022\/09\/3295_600X500_ES.png\",\"width\":576,\"height\":385},{\"@type\":\"BreadcrumbList\",\"@id\":\"https:\/\/www.etoro.com\/es\/academy\/videos\/what-to-know-when-starting-to-invest\/#breadcrumb\",\"itemListElement\":[{\"@type\":\"ListItem\",\"position\":1,\"name\":\"Inicio\",\"item\":\"https:\/\/www.etoro.com\/es\/\"},{\"@type\":\"ListItem\",\"position\":2,\"name\":\"eToro Academy\",\"item\":\"https:\/\/www.etoro.com\/es\/academy\/\"},{\"@type\":\"ListItem\",\"position\":3,\"name\":\"V\u00eddeos\",\"item\":\"https:\/\/www.etoro.com\/?page_id=221232\"},{\"@type\":\"ListItem\",\"position\":4,\"name\":\"Qu\u00e9 saber antes de comenzar a invertir\"}]},{\"@type\":\"WebSite\",\"@id\":\"https:\/\/www.etoro.com\/es\/#website\",\"url\":\"https:\/\/www.etoro.com\/es\/\",\"name\":\"eToro\",\"description\":\"\",\"publisher\":{\"@id\":\"https:\/\/www.etoro.com\/es\/#organization\"},\"potentialAction\":[{\"@type\":\"SearchAction\",\"target\":{\"@type\":\"EntryPoint\",\"urlTemplate\":\"https:\/\/www.etoro.com\/es\/?s={search_term_string}\"},\"query-input\":{\"@type\":\"PropertyValueSpecification\",\"valueRequired\":true,\"valueName\":\"search_term_string\"}}],\"inLanguage\":\"es\"},[]]}<\/script>","yoast_head_json":{"title":"What to know when starting to invest | eToro Academy Video","description":"\u00bfEmpezando tu camino en las inversiones? Este video cubre preguntas esenciales que debes considerar antes de dar tus primeros pasos.","robots":{"index":"index","follow":"follow","max-snippet":"max-snippet:-1","max-image-preview":"max-image-preview:large","max-video-preview":"max-video-preview:-1"},"canonical":"https:\/\/www.etoro.com\/es\/wp-json\/wp\/v2\/pages\/1010374","og_locale":"es_ES","og_type":"article","og_title":"What to know when starting to invest | eToro Academy Video","og_description":"\u00bfEmpezando tu camino en las inversiones? Este video cubre preguntas esenciales que debes considerar antes de dar tus primeros pasos.","og_url":"https:\/\/www.etoro.com\/es\/wp-json\/wp\/v2\/pages\/1010374","og_site_name":"eToro","article_publisher":"https:\/\/www.facebook.com\/eToro\/","article_modified_time":"2025-02-12T14:49:05+00:00","og_image":[{"width":576,"height":385,"url":"https:\/\/www.etoro.com\/wp-content\/uploads\/2022\/09\/3295_600X500_ES.png","type":"image\/png"}],"twitter_card":"summary_large_image","twitter_site":"@eToro","twitter_misc":{"Est. reading time":"1 minute"},"schema":{"@context":"https:\/\/schema.org","@graph":[{"@type":"WebPage","@id":"https:\/\/www.etoro.com\/es\/academy\/videos\/what-to-know-when-starting-to-invest\/","url":"https:\/\/www.etoro.com\/es\/academy\/videos\/what-to-know-when-starting-to-invest\/","name":"What to know when starting to invest | eToro Academy Video","isPartOf":{"@id":"https:\/\/www.etoro.com\/es\/#website"},"primaryImageOfPage":{"@id":"https:\/\/www.etoro.com\/es\/academy\/videos\/what-to-know-when-starting-to-invest\/#primaryimage"},"image":{"@id":"https:\/\/www.etoro.com\/es\/academy\/videos\/what-to-know-when-starting-to-invest\/#primaryimage"},"thumbnailUrl":"https:\/\/www.etoro.com\/wp-content\/uploads\/2022\/09\/3295_600X500_ES.png","datePublished":"2025-01-10T16:10:22+00:00","dateModified":"2025-02-12T14:49:05+00:00","description":"\u00bfEmpezando tu camino en las inversiones? Este video cubre preguntas esenciales que debes considerar antes de dar tus primeros pasos.","breadcrumb":{"@id":"https:\/\/www.etoro.com\/es\/academy\/videos\/what-to-know-when-starting-to-invest\/#breadcrumb"},"inLanguage":"es","potentialAction":[{"@type":"ReadAction","target":["https:\/\/www.etoro.com\/es\/academy\/videos\/what-to-know-when-starting-to-invest\/"]}]},{"@type":"ImageObject","inLanguage":"es","@id":"https:\/\/www.etoro.com\/es\/academy\/videos\/what-to-know-when-starting-to-invest\/#primaryimage","url":"https:\/\/www.etoro.com\/wp-content\/uploads\/2022\/09\/3295_600X500_ES.png","contentUrl":"https:\/\/www.etoro.com\/wp-content\/uploads\/2022\/09\/3295_600X500_ES.png","width":576,"height":385},{"@type":"BreadcrumbList","@id":"https:\/\/www.etoro.com\/es\/academy\/videos\/what-to-know-when-starting-to-invest\/#breadcrumb","itemListElement":[{"@type":"ListItem","position":1,"name":"Inicio","item":"https:\/\/www.etoro.com\/es\/"},{"@type":"ListItem","position":2,"name":"eToro Academy","item":"https:\/\/www.etoro.com\/es\/academy\/"},{"@type":"ListItem","position":3,"name":"V\u00eddeos","item":"https:\/\/www.etoro.com\/?page_id=221232"},{"@type":"ListItem","position":4,"name":"Qu\u00e9 saber antes de comenzar a invertir"}]},{"@type":"WebSite","@id":"https:\/\/www.etoro.com\/es\/#website","url":"https:\/\/www.etoro.com\/es\/","name":"eToro","description":"","publisher":{"@id":"https:\/\/www.etoro.com\/es\/#organization"},"potentialAction":[{"@type":"SearchAction","target":{"@type":"EntryPoint","urlTemplate":"https:\/\/www.etoro.com\/es\/?s={search_term_string}"},"query-input":{"@type":"PropertyValueSpecification","valueRequired":true,"valueName":"search_term_string"}}],"inLanguage":"es"},[]]}},"_links":{"self":[{"href":"https:\/\/www.etoro.com\/es\/wp-json\/wp\/v2\/pages\/1010374"}],"collection":[{"href":"https:\/\/www.etoro.com\/es\/wp-json\/wp\/v2\/pages"}],"about":[{"href":"https:\/\/www.etoro.com\/es\/wp-json\/wp\/v2\/types\/page"}],"author":[{"embeddable":true,"href":"https:\/\/www.etoro.com\/es\/wp-json\/wp\/v2\/users\/96"}],"replies":[{"embeddable":true,"href":"https:\/\/www.etoro.com\/es\/wp-json\/wp\/v2\/comments?post=1010374"}],"version-history":[{"count":0,"href":"https:\/\/www.etoro.com\/es\/wp-json\/wp\/v2\/pages\/1010374\/revisions"}],"up":[{"embeddable":true,"href":"https:\/\/www.etoro.com\/es\/wp-json\/wp\/v2\/pages\/260123"}],"wp:featuredmedia":[{"embeddable":true,"href":"https:\/\/www.etoro.com\/es\/wp-json\/wp\/v2\/media\/495252"}],"wp:attachment":[{"href":"https:\/\/www.etoro.com\/es\/wp-json\/wp\/v2\/media?parent=1010374"}],"wp:term":[{"taxonomy":"asset_type","embeddable":true,"href":"https:\/\/www.etoro.com\/es\/wp-json\/wp\/v2\/asset_type?post=1010374"}],"curies":[{"name":"wp","href":"https:\/\/api.w.org\/{rel}","templated":true}]}}