{"id":1010501,"date":"2025-01-10T18:12:34","date_gmt":"2025-01-10T16:12:34","guid":{"rendered":"https:\/\/www.etoro.com\/academy\/videos\/getting-started-on-etoro-part-1\/"},"modified":"2025-02-12T16:44:00","modified_gmt":"2025-02-12T14:44:00","slug":"getting-started-on-etoro-part-1","status":"publish","type":"page","link":"https:\/\/www.etoro.com\/es\/academy\/videos\/getting-started-on-etoro-part-1\/","title":{"rendered":"Comenzando en eToro (Parte 1)"},"content":{"rendered":"\n<div class=\"wp-block-etoro-video-transcript\"><div class=\"wp-block-etoro-video-description\"><h2 class=\"wp-block-etoro-video-description-title\">Descripci\u00f3n<\/h2><hr\/><div class=\"wp-block-etoro-video-description-content\">\u00bfEst\u00e1s comenzando tu camino como inversor en eToro? \u00a1Excelente! Aqu\u00ed te presentamos 4 herramientas que debes conocer en tus primeros pasos.<\/div><\/div><div class=\"wp-block-etoro-video-transcript-content\"><h2 class=\"wp-block-etoro-video-transcript-title\">Transcripci\u00f3n<\/h2><hr\/><div class=\"wp-block-etoro-video-transcript-text\"><div class=\"wp-block-etoro-video-transcript-text-wrapper\">\n<p>Entonces \u00bfhas decidido comenzar a invertir? \u00a1Felicidades! Soy Angela y aqu\u00ed te mostraremos c\u00f3mo comenzar a operar en eToro.<\/p>\n\n\n\n<p>Primero lo primero: debes tener 18 a\u00f1os o m\u00e1s y debes vivir en uno de los pa\u00edses en donde ofrecemos nuestros servicios. Sabemos que cada inversor es \u00fanico, por eso deber\u00e1s responder un breve cuestionario para que podamos crear una experiencia a tu medida.<\/p>\n\n\n\n<p>A continuaci\u00f3n, te pediremos que realices una simple verificaci\u00f3n de identidad para que podamos mantenerte a ti y a nuestra plataforma a salvo. Una vez que hayamos verificado que no eres un robot, sin ofender a los robots, podr\u00e1s utilizar tu cartera virtual. Esta herramienta te permitir\u00e1 orientarte en la plataforma y poder explorar todos los mercados sin riesgo.<\/p>\n\n\n\n<p>\u00a1Eso es todo! ahora est\u00e1s listo para comenzar. Asegurate de ver nuestro pr\u00f3ximo video donde echaremos un vistazo a la p\u00e1gina de inicio de eToro: tu puerta de entrada a todas las funciones de la plataforma&nbsp;<\/p>\n\n\n\n<p>\u00a1Nos vemos ah\u00ed!<\/p>\n<\/div><button class=\"wp-block-etoro-video-description-more-text\">Mostrar m\u00e1s<svg xmlns=\"http:\/\/www.w3.org\/2000\/svg\" width=\"9\" height=\"6\" viewBox=\"0 0 9 6\" fill=\"none\"><path d=\"M7.5625 1.48616L4.5 4.54866L1.4375 1.48616\" stroke=\"#13C636\" stroke-linecap=\"square\"><\/path><\/svg><\/button><\/div><\/div><\/div>\n","protected":false},"excerpt":{"rendered":"","protected":false},"author":96,"featured_media":495219,"parent":260123,"menu_order":0,"comment_status":"closed","ping_status":"closed","template":"","meta":{"_acf_changed":true,"inline_featured_image":false,"sticky_cta_settings":"","footnotes":""},"asset_type":[],"class_list":["post-1010501","page","type-page","status-publish","has-post-thumbnail","hentry"],"acf":[],"yoast_head":"<title>Comenzando en eToro - Parte 1 | Video de la Academia de eToro<\/title>\n<meta name=\"description\" content=\"Comienza tu camino en la inversi\u00f3n con estos cuatro puntos clave cubiertos en este video para ayudarte a invertir con confianza en eToro.\" \/>\n<meta name=\"robots\" content=\"index, follow, max-snippet:-1, max-image-preview:large, max-video-preview:-1\" \/>\n<link rel=\"canonical\" href=\"https:\/\/www.etoro.com\/es\/wp-json\/wp\/v2\/pages\/1010501\" \/>\n<meta property=\"og:locale\" content=\"es_ES\" \/>\n<meta property=\"og:type\" content=\"article\" \/>\n<meta property=\"og:title\" content=\"Comenzando en eToro - Parte 1 | Video de la Academia de eToro\" \/>\n<meta property=\"og:description\" content=\"Comienza tu camino en la inversi\u00f3n con estos cuatro puntos clave cubiertos en este video para ayudarte a invertir con confianza en eToro.\" \/>\n<meta property=\"og:url\" content=\"https:\/\/www.etoro.com\/es\/wp-json\/wp\/v2\/pages\/1010501\" \/>\n<meta property=\"og:site_name\" content=\"eToro\" \/>\n<meta property=\"article:publisher\" content=\"https:\/\/www.facebook.com\/eToro\/\" \/>\n<meta property=\"article:modified_time\" content=\"2025-02-12T14:44:00+00:00\" \/>\n<meta property=\"og:image\" content=\"https:\/\/www.etoro.com\/wp-content\/uploads\/2022\/09\/2522_600X500_ES.png\" \/>\n\t<meta property=\"og:image:width\" content=\"576\" \/>\n\t<meta property=\"og:image:height\" content=\"385\" \/>\n\t<meta property=\"og:image:type\" content=\"image\/png\" \/>\n<meta name=\"twitter:card\" content=\"summary_large_image\" \/>\n<meta name=\"twitter:site\" content=\"@eToro\" \/>\n<meta name=\"twitter:label1\" content=\"Est. reading time\" \/>\n\t<meta name=\"twitter:data1\" content=\"1 minute\" \/>\n<script type=\"application\/ld+json\" class=\"yoast-schema-graph\">{\"@context\":\"https:\/\/schema.org\",\"@graph\":[{\"@type\":\"WebPage\",\"@id\":\"https:\/\/www.etoro.com\/es\/academy\/videos\/getting-started-on-etoro-part-1\/\",\"url\":\"https:\/\/www.etoro.com\/es\/academy\/videos\/getting-started-on-etoro-part-1\/\",\"name\":\"Comenzando en eToro - Parte 1 | Video de la Academia de eToro\",\"isPartOf\":{\"@id\":\"https:\/\/www.etoro.com\/es\/#website\"},\"primaryImageOfPage\":{\"@id\":\"https:\/\/www.etoro.com\/es\/academy\/videos\/getting-started-on-etoro-part-1\/#primaryimage\"},\"image\":{\"@id\":\"https:\/\/www.etoro.com\/es\/academy\/videos\/getting-started-on-etoro-part-1\/#primaryimage\"},\"thumbnailUrl\":\"https:\/\/www.etoro.com\/wp-content\/uploads\/2022\/09\/2522_600X500_ES.png\",\"datePublished\":\"2025-01-10T16:12:34+00:00\",\"dateModified\":\"2025-02-12T14:44:00+00:00\",\"description\":\"Comienza tu camino en la inversi\u00f3n con estos cuatro puntos clave cubiertos en este video para ayudarte a invertir con confianza en eToro.\",\"breadcrumb\":{\"@id\":\"https:\/\/www.etoro.com\/es\/academy\/videos\/getting-started-on-etoro-part-1\/#breadcrumb\"},\"inLanguage\":\"es\",\"potentialAction\":[{\"@type\":\"ReadAction\",\"target\":[\"https:\/\/www.etoro.com\/es\/academy\/videos\/getting-started-on-etoro-part-1\/\"]}]},{\"@type\":\"ImageObject\",\"inLanguage\":\"es\",\"@id\":\"https:\/\/www.etoro.com\/es\/academy\/videos\/getting-started-on-etoro-part-1\/#primaryimage\",\"url\":\"https:\/\/www.etoro.com\/wp-content\/uploads\/2022\/09\/2522_600X500_ES.png\",\"contentUrl\":\"https:\/\/www.etoro.com\/wp-content\/uploads\/2022\/09\/2522_600X500_ES.png\",\"width\":576,\"height\":385},{\"@type\":\"BreadcrumbList\",\"@id\":\"https:\/\/www.etoro.com\/es\/academy\/videos\/getting-started-on-etoro-part-1\/#breadcrumb\",\"itemListElement\":[{\"@type\":\"ListItem\",\"position\":1,\"name\":\"Inicio\",\"item\":\"https:\/\/www.etoro.com\/es\/\"},{\"@type\":\"ListItem\",\"position\":2,\"name\":\"eToro Academy\",\"item\":\"https:\/\/www.etoro.com\/es\/academy\/\"},{\"@type\":\"ListItem\",\"position\":3,\"name\":\"V\u00eddeos\",\"item\":\"https:\/\/www.etoro.com\/?page_id=221232\"},{\"@type\":\"ListItem\",\"position\":4,\"name\":\"Comenzando en eToro (Parte 1)\"}]},{\"@type\":\"WebSite\",\"@id\":\"https:\/\/www.etoro.com\/es\/#website\",\"url\":\"https:\/\/www.etoro.com\/es\/\",\"name\":\"eToro\",\"description\":\"\",\"publisher\":{\"@id\":\"https:\/\/www.etoro.com\/es\/#organization\"},\"potentialAction\":[{\"@type\":\"SearchAction\",\"target\":{\"@type\":\"EntryPoint\",\"urlTemplate\":\"https:\/\/www.etoro.com\/es\/?s={search_term_string}\"},\"query-input\":{\"@type\":\"PropertyValueSpecification\",\"valueRequired\":true,\"valueName\":\"search_term_string\"}}],\"inLanguage\":\"es\"},[]]}<\/script>","yoast_head_json":{"title":"Comenzando en eToro - Parte 1 | Video de la Academia de eToro","description":"Comienza tu camino en la inversi\u00f3n con estos cuatro puntos clave cubiertos en este video para ayudarte a invertir con confianza en eToro.","robots":{"index":"index","follow":"follow","max-snippet":"max-snippet:-1","max-image-preview":"max-image-preview:large","max-video-preview":"max-video-preview:-1"},"canonical":"https:\/\/www.etoro.com\/es\/wp-json\/wp\/v2\/pages\/1010501","og_locale":"es_ES","og_type":"article","og_title":"Comenzando en eToro - Parte 1 | Video de la Academia de eToro","og_description":"Comienza tu camino en la inversi\u00f3n con estos cuatro puntos clave cubiertos en este video para ayudarte a invertir con confianza en eToro.","og_url":"https:\/\/www.etoro.com\/es\/wp-json\/wp\/v2\/pages\/1010501","og_site_name":"eToro","article_publisher":"https:\/\/www.facebook.com\/eToro\/","article_modified_time":"2025-02-12T14:44:00+00:00","og_image":[{"width":576,"height":385,"url":"https:\/\/www.etoro.com\/wp-content\/uploads\/2022\/09\/2522_600X500_ES.png","type":"image\/png"}],"twitter_card":"summary_large_image","twitter_site":"@eToro","twitter_misc":{"Est. reading time":"1 minute"},"schema":{"@context":"https:\/\/schema.org","@graph":[{"@type":"WebPage","@id":"https:\/\/www.etoro.com\/es\/academy\/videos\/getting-started-on-etoro-part-1\/","url":"https:\/\/www.etoro.com\/es\/academy\/videos\/getting-started-on-etoro-part-1\/","name":"Comenzando en eToro - Parte 1 | Video de la Academia de eToro","isPartOf":{"@id":"https:\/\/www.etoro.com\/es\/#website"},"primaryImageOfPage":{"@id":"https:\/\/www.etoro.com\/es\/academy\/videos\/getting-started-on-etoro-part-1\/#primaryimage"},"image":{"@id":"https:\/\/www.etoro.com\/es\/academy\/videos\/getting-started-on-etoro-part-1\/#primaryimage"},"thumbnailUrl":"https:\/\/www.etoro.com\/wp-content\/uploads\/2022\/09\/2522_600X500_ES.png","datePublished":"2025-01-10T16:12:34+00:00","dateModified":"2025-02-12T14:44:00+00:00","description":"Comienza tu camino en la inversi\u00f3n con estos cuatro puntos clave cubiertos en este video para ayudarte a invertir con confianza en eToro.","breadcrumb":{"@id":"https:\/\/www.etoro.com\/es\/academy\/videos\/getting-started-on-etoro-part-1\/#breadcrumb"},"inLanguage":"es","potentialAction":[{"@type":"ReadAction","target":["https:\/\/www.etoro.com\/es\/academy\/videos\/getting-started-on-etoro-part-1\/"]}]},{"@type":"ImageObject","inLanguage":"es","@id":"https:\/\/www.etoro.com\/es\/academy\/videos\/getting-started-on-etoro-part-1\/#primaryimage","url":"https:\/\/www.etoro.com\/wp-content\/uploads\/2022\/09\/2522_600X500_ES.png","contentUrl":"https:\/\/www.etoro.com\/wp-content\/uploads\/2022\/09\/2522_600X500_ES.png","width":576,"height":385},{"@type":"BreadcrumbList","@id":"https:\/\/www.etoro.com\/es\/academy\/videos\/getting-started-on-etoro-part-1\/#breadcrumb","itemListElement":[{"@type":"ListItem","position":1,"name":"Inicio","item":"https:\/\/www.etoro.com\/es\/"},{"@type":"ListItem","position":2,"name":"eToro Academy","item":"https:\/\/www.etoro.com\/es\/academy\/"},{"@type":"ListItem","position":3,"name":"V\u00eddeos","item":"https:\/\/www.etoro.com\/?page_id=221232"},{"@type":"ListItem","position":4,"name":"Comenzando en eToro (Parte 1)"}]},{"@type":"WebSite","@id":"https:\/\/www.etoro.com\/es\/#website","url":"https:\/\/www.etoro.com\/es\/","name":"eToro","description":"","publisher":{"@id":"https:\/\/www.etoro.com\/es\/#organization"},"potentialAction":[{"@type":"SearchAction","target":{"@type":"EntryPoint","urlTemplate":"https:\/\/www.etoro.com\/es\/?s={search_term_string}"},"query-input":{"@type":"PropertyValueSpecification","valueRequired":true,"valueName":"search_term_string"}}],"inLanguage":"es"},[]]}},"_links":{"self":[{"href":"https:\/\/www.etoro.com\/es\/wp-json\/wp\/v2\/pages\/1010501"}],"collection":[{"href":"https:\/\/www.etoro.com\/es\/wp-json\/wp\/v2\/pages"}],"about":[{"href":"https:\/\/www.etoro.com\/es\/wp-json\/wp\/v2\/types\/page"}],"author":[{"embeddable":true,"href":"https:\/\/www.etoro.com\/es\/wp-json\/wp\/v2\/users\/96"}],"replies":[{"embeddable":true,"href":"https:\/\/www.etoro.com\/es\/wp-json\/wp\/v2\/comments?post=1010501"}],"version-history":[{"count":0,"href":"https:\/\/www.etoro.com\/es\/wp-json\/wp\/v2\/pages\/1010501\/revisions"}],"up":[{"embeddable":true,"href":"https:\/\/www.etoro.com\/es\/wp-json\/wp\/v2\/pages\/260123"}],"wp:featuredmedia":[{"embeddable":true,"href":"https:\/\/www.etoro.com\/es\/wp-json\/wp\/v2\/media\/495219"}],"wp:attachment":[{"href":"https:\/\/www.etoro.com\/es\/wp-json\/wp\/v2\/media?parent=1010501"}],"wp:term":[{"taxonomy":"asset_type","embeddable":true,"href":"https:\/\/www.etoro.com\/es\/wp-json\/wp\/v2\/asset_type?post=1010501"}],"curies":[{"name":"wp","href":"https:\/\/api.w.org\/{rel}","templated":true}]}}