{"id":1010799,"date":"2025-01-10T18:20:43","date_gmt":"2025-01-10T16:20:43","guid":{"rendered":"https:\/\/www.etoro.com\/academy\/videos\/opening-an-etoro-account\/"},"modified":"2025-02-12T16:40:32","modified_gmt":"2025-02-12T14:40:32","slug":"opening-an-etoro-account","status":"publish","type":"page","link":"https:\/\/www.etoro.com\/es\/academy\/videos\/opening-an-etoro-account\/","title":{"rendered":"Abriendo una cuenta en eToro"},"content":{"rendered":"\n<div class=\"wp-block-etoro-video-transcript\"><div class=\"wp-block-etoro-video-description\"><h2 class=\"wp-block-etoro-video-description-title\">Descripci\u00f3n<\/h2><hr\/><div class=\"wp-block-etoro-video-description-content\">La confianza es el coraz\u00f3n de toda comunidad. Y esto es a\u00fan m\u00e1s evidente, en el caso de una comunidad de 30 millones de inversores como la de eToro. Por eso, al unirte, deber\u00e1s completar b\u00e1sicamente 3 sencillos pasos.<\/div><\/div><div class=\"wp-block-etoro-video-transcript-content\"><h2 class=\"wp-block-etoro-video-transcript-title\">Transcripci\u00f3n<\/h2><hr\/><div class=\"wp-block-etoro-video-transcript-text\"><div class=\"wp-block-etoro-video-transcript-text-wrapper\">\n<p>eToro es la red social de inversi\u00f3n l\u00edder en el mundo, y en el coraz\u00f3n de cada comunidad est\u00e1 la confianza.<\/p>\n\n\n\n<p>As\u00ed que estamos aqu\u00ed para informarte todo lo que necesitas saber, sobre todo lo que necesitamos saber, \u00a1sobre ti!&nbsp;<\/p>\n\n\n\n<p>\u00bfLo dije bien\u2026?<\/p>\n\n\n\n<p>Abrir una cuenta en eToro requerir\u00e1 de que primero completes la informaci\u00f3n b\u00e1sica. Nombre, fecha de nacimiento, direcci\u00f3n\u2026<\/p>\n\n\n\n<p>\u00a1Ya conoces el tema! A continuaci\u00f3n, te haremos una serie de preguntas para ayudarnos a saber m\u00e1s, sobre tu experiencia en el mundo de las finanzas.<\/p>\n\n\n\n<p>Estas preguntas, pueden referirse a tu situaci\u00f3n profesional, tu conocimiento sobre las inversiones y tus objetivos, \u00bfcu\u00e1nto est\u00e1s dispuesto a arriesgar? Y algunas otras preguntas m\u00e1s.&nbsp;<\/p>\n\n\n\n<p>Tus respuestas, nos ayudar\u00e1n a personalizar tu experiencia en la plataforma.&nbsp;<\/p>\n\n\n\n<p>As\u00ed, crearemos un perfil a tu medida para satisfacer tus necesidades espec\u00edficas, seg\u00fan tus conocimientos previos y objetivos financieros.&nbsp;<\/p>\n\n\n\n<p>Por eso, es importante que respondas con la mayor precisi\u00f3n posible. Cuanto m\u00e1s te conozcamos, m\u00e1s f\u00e1cil ser\u00e1 para nosotros mejorar tu experiencia en la plataforma.<\/p>\n\n\n\n<p>En eToro, puedes estar seguro de que tus datos permanecer\u00e1n en forma confidencial. Y en caso de que tu situaci\u00f3n financiera se modifique, podr\u00e1s cambiar tus respuestas de una manera muy sencilla y r\u00e1pida.&nbsp;<\/p>\n\n\n\n<p>\u00a1Ya casi est\u00e1s listo! Todo lo que tienes que hacer ahora es verificar tu cuenta en eToro, pero eso lo veremos m\u00e1s adelante.&nbsp;<\/p>\n\n\n\n<p>!Gracias por mirar este v\u00eddeo!<\/p>\n<\/div><button class=\"wp-block-etoro-video-description-more-text\">Mostrar m\u00e1s<svg xmlns=\"http:\/\/www.w3.org\/2000\/svg\" width=\"9\" height=\"6\" viewBox=\"0 0 9 6\" fill=\"none\"><path d=\"M7.5625 1.48616L4.5 4.54866L1.4375 1.48616\" stroke=\"#13C636\" stroke-linecap=\"square\"><\/path><\/svg><\/button><\/div><\/div><\/div>\n","protected":false},"excerpt":{"rendered":"","protected":false},"author":96,"featured_media":495649,"parent":260123,"menu_order":0,"comment_status":"closed","ping_status":"closed","template":"","meta":{"_acf_changed":true,"inline_featured_image":false,"sticky_cta_settings":"","footnotes":""},"asset_type":[],"class_list":["post-1010799","page","type-page","status-publish","has-post-thumbnail","hentry"],"acf":[],"yoast_head":"<title>Abriendo una cuenta en eToro | Video de la Academia de eToro<\/title>\n<meta name=\"description\" content=\"Aprende los tres sencillos pasos para unirte a la comunidad de m\u00e1s de 30 millones de inversores en eToro en este video. Comienza a invertir con la mayor plataforma de inversi\u00f3n social.\" \/>\n<meta name=\"robots\" content=\"index, follow, max-snippet:-1, max-image-preview:large, max-video-preview:-1\" \/>\n<link rel=\"canonical\" href=\"https:\/\/www.etoro.com\/es\/wp-json\/wp\/v2\/pages\/1010799\" \/>\n<meta property=\"og:locale\" content=\"es_ES\" \/>\n<meta property=\"og:type\" content=\"article\" \/>\n<meta property=\"og:title\" content=\"Abriendo una cuenta en eToro | Video de la Academia de eToro\" \/>\n<meta property=\"og:description\" content=\"Aprende los tres sencillos pasos para unirte a la comunidad de m\u00e1s de 30 millones de inversores en eToro en este video. Comienza a invertir con la mayor plataforma de inversi\u00f3n social.\" \/>\n<meta property=\"og:url\" content=\"https:\/\/www.etoro.com\/es\/wp-json\/wp\/v2\/pages\/1010799\" \/>\n<meta property=\"og:site_name\" content=\"eToro\" \/>\n<meta property=\"article:publisher\" content=\"https:\/\/www.facebook.com\/eToro\/\" \/>\n<meta property=\"article:modified_time\" content=\"2025-02-12T14:40:32+00:00\" \/>\n<meta property=\"og:image\" content=\"https:\/\/www.etoro.com\/wp-content\/uploads\/2022\/09\/8876_600X500_ES.png\" \/>\n\t<meta property=\"og:image:width\" content=\"576\" \/>\n\t<meta property=\"og:image:height\" content=\"385\" \/>\n\t<meta property=\"og:image:type\" content=\"image\/png\" \/>\n<meta name=\"twitter:card\" content=\"summary_large_image\" \/>\n<meta name=\"twitter:site\" content=\"@eToro\" \/>\n<meta name=\"twitter:label1\" content=\"Est. reading time\" \/>\n\t<meta name=\"twitter:data1\" content=\"2 minutes\" \/>\n<script type=\"application\/ld+json\" class=\"yoast-schema-graph\">{\"@context\":\"https:\/\/schema.org\",\"@graph\":[{\"@type\":\"WebPage\",\"@id\":\"https:\/\/www.etoro.com\/es\/academy\/videos\/opening-an-etoro-account\/\",\"url\":\"https:\/\/www.etoro.com\/es\/academy\/videos\/opening-an-etoro-account\/\",\"name\":\"Abriendo una cuenta en eToro | Video de la Academia de eToro\",\"isPartOf\":{\"@id\":\"https:\/\/www.etoro.com\/es\/#website\"},\"primaryImageOfPage\":{\"@id\":\"https:\/\/www.etoro.com\/es\/academy\/videos\/opening-an-etoro-account\/#primaryimage\"},\"image\":{\"@id\":\"https:\/\/www.etoro.com\/es\/academy\/videos\/opening-an-etoro-account\/#primaryimage\"},\"thumbnailUrl\":\"https:\/\/www.etoro.com\/wp-content\/uploads\/2022\/09\/8876_600X500_ES.png\",\"datePublished\":\"2025-01-10T16:20:43+00:00\",\"dateModified\":\"2025-02-12T14:40:32+00:00\",\"description\":\"Aprende los tres sencillos pasos para unirte a la comunidad de m\u00e1s de 30 millones de inversores en eToro en este video. Comienza a invertir con la mayor plataforma de inversi\u00f3n social.\",\"breadcrumb\":{\"@id\":\"https:\/\/www.etoro.com\/es\/academy\/videos\/opening-an-etoro-account\/#breadcrumb\"},\"inLanguage\":\"es\",\"potentialAction\":[{\"@type\":\"ReadAction\",\"target\":[\"https:\/\/www.etoro.com\/es\/academy\/videos\/opening-an-etoro-account\/\"]}]},{\"@type\":\"ImageObject\",\"inLanguage\":\"es\",\"@id\":\"https:\/\/www.etoro.com\/es\/academy\/videos\/opening-an-etoro-account\/#primaryimage\",\"url\":\"https:\/\/www.etoro.com\/wp-content\/uploads\/2022\/09\/8876_600X500_ES.png\",\"contentUrl\":\"https:\/\/www.etoro.com\/wp-content\/uploads\/2022\/09\/8876_600X500_ES.png\",\"width\":576,\"height\":385},{\"@type\":\"BreadcrumbList\",\"@id\":\"https:\/\/www.etoro.com\/es\/academy\/videos\/opening-an-etoro-account\/#breadcrumb\",\"itemListElement\":[{\"@type\":\"ListItem\",\"position\":1,\"name\":\"Inicio\",\"item\":\"https:\/\/www.etoro.com\/es\/\"},{\"@type\":\"ListItem\",\"position\":2,\"name\":\"eToro Academy\",\"item\":\"https:\/\/www.etoro.com\/es\/academy\/\"},{\"@type\":\"ListItem\",\"position\":3,\"name\":\"V\u00eddeos\",\"item\":\"https:\/\/www.etoro.com\/?page_id=221232\"},{\"@type\":\"ListItem\",\"position\":4,\"name\":\"Abriendo una cuenta en eToro\"}]},{\"@type\":\"WebSite\",\"@id\":\"https:\/\/www.etoro.com\/es\/#website\",\"url\":\"https:\/\/www.etoro.com\/es\/\",\"name\":\"eToro\",\"description\":\"\",\"publisher\":{\"@id\":\"https:\/\/www.etoro.com\/es\/#organization\"},\"potentialAction\":[{\"@type\":\"SearchAction\",\"target\":{\"@type\":\"EntryPoint\",\"urlTemplate\":\"https:\/\/www.etoro.com\/es\/?s={search_term_string}\"},\"query-input\":{\"@type\":\"PropertyValueSpecification\",\"valueRequired\":true,\"valueName\":\"search_term_string\"}}],\"inLanguage\":\"es\"},[]]}<\/script>","yoast_head_json":{"title":"Abriendo una cuenta en eToro | Video de la Academia de eToro","description":"Aprende los tres sencillos pasos para unirte a la comunidad de m\u00e1s de 30 millones de inversores en eToro en este video. Comienza a invertir con la mayor plataforma de inversi\u00f3n social.","robots":{"index":"index","follow":"follow","max-snippet":"max-snippet:-1","max-image-preview":"max-image-preview:large","max-video-preview":"max-video-preview:-1"},"canonical":"https:\/\/www.etoro.com\/es\/wp-json\/wp\/v2\/pages\/1010799","og_locale":"es_ES","og_type":"article","og_title":"Abriendo una cuenta en eToro | Video de la Academia de eToro","og_description":"Aprende los tres sencillos pasos para unirte a la comunidad de m\u00e1s de 30 millones de inversores en eToro en este video. Comienza a invertir con la mayor plataforma de inversi\u00f3n social.","og_url":"https:\/\/www.etoro.com\/es\/wp-json\/wp\/v2\/pages\/1010799","og_site_name":"eToro","article_publisher":"https:\/\/www.facebook.com\/eToro\/","article_modified_time":"2025-02-12T14:40:32+00:00","og_image":[{"width":576,"height":385,"url":"https:\/\/www.etoro.com\/wp-content\/uploads\/2022\/09\/8876_600X500_ES.png","type":"image\/png"}],"twitter_card":"summary_large_image","twitter_site":"@eToro","twitter_misc":{"Est. reading time":"2 minutes"},"schema":{"@context":"https:\/\/schema.org","@graph":[{"@type":"WebPage","@id":"https:\/\/www.etoro.com\/es\/academy\/videos\/opening-an-etoro-account\/","url":"https:\/\/www.etoro.com\/es\/academy\/videos\/opening-an-etoro-account\/","name":"Abriendo una cuenta en eToro | Video de la Academia de eToro","isPartOf":{"@id":"https:\/\/www.etoro.com\/es\/#website"},"primaryImageOfPage":{"@id":"https:\/\/www.etoro.com\/es\/academy\/videos\/opening-an-etoro-account\/#primaryimage"},"image":{"@id":"https:\/\/www.etoro.com\/es\/academy\/videos\/opening-an-etoro-account\/#primaryimage"},"thumbnailUrl":"https:\/\/www.etoro.com\/wp-content\/uploads\/2022\/09\/8876_600X500_ES.png","datePublished":"2025-01-10T16:20:43+00:00","dateModified":"2025-02-12T14:40:32+00:00","description":"Aprende los tres sencillos pasos para unirte a la comunidad de m\u00e1s de 30 millones de inversores en eToro en este video. Comienza a invertir con la mayor plataforma de inversi\u00f3n social.","breadcrumb":{"@id":"https:\/\/www.etoro.com\/es\/academy\/videos\/opening-an-etoro-account\/#breadcrumb"},"inLanguage":"es","potentialAction":[{"@type":"ReadAction","target":["https:\/\/www.etoro.com\/es\/academy\/videos\/opening-an-etoro-account\/"]}]},{"@type":"ImageObject","inLanguage":"es","@id":"https:\/\/www.etoro.com\/es\/academy\/videos\/opening-an-etoro-account\/#primaryimage","url":"https:\/\/www.etoro.com\/wp-content\/uploads\/2022\/09\/8876_600X500_ES.png","contentUrl":"https:\/\/www.etoro.com\/wp-content\/uploads\/2022\/09\/8876_600X500_ES.png","width":576,"height":385},{"@type":"BreadcrumbList","@id":"https:\/\/www.etoro.com\/es\/academy\/videos\/opening-an-etoro-account\/#breadcrumb","itemListElement":[{"@type":"ListItem","position":1,"name":"Inicio","item":"https:\/\/www.etoro.com\/es\/"},{"@type":"ListItem","position":2,"name":"eToro Academy","item":"https:\/\/www.etoro.com\/es\/academy\/"},{"@type":"ListItem","position":3,"name":"V\u00eddeos","item":"https:\/\/www.etoro.com\/?page_id=221232"},{"@type":"ListItem","position":4,"name":"Abriendo una cuenta en eToro"}]},{"@type":"WebSite","@id":"https:\/\/www.etoro.com\/es\/#website","url":"https:\/\/www.etoro.com\/es\/","name":"eToro","description":"","publisher":{"@id":"https:\/\/www.etoro.com\/es\/#organization"},"potentialAction":[{"@type":"SearchAction","target":{"@type":"EntryPoint","urlTemplate":"https:\/\/www.etoro.com\/es\/?s={search_term_string}"},"query-input":{"@type":"PropertyValueSpecification","valueRequired":true,"valueName":"search_term_string"}}],"inLanguage":"es"},[]]}},"_links":{"self":[{"href":"https:\/\/www.etoro.com\/es\/wp-json\/wp\/v2\/pages\/1010799"}],"collection":[{"href":"https:\/\/www.etoro.com\/es\/wp-json\/wp\/v2\/pages"}],"about":[{"href":"https:\/\/www.etoro.com\/es\/wp-json\/wp\/v2\/types\/page"}],"author":[{"embeddable":true,"href":"https:\/\/www.etoro.com\/es\/wp-json\/wp\/v2\/users\/96"}],"replies":[{"embeddable":true,"href":"https:\/\/www.etoro.com\/es\/wp-json\/wp\/v2\/comments?post=1010799"}],"version-history":[{"count":0,"href":"https:\/\/www.etoro.com\/es\/wp-json\/wp\/v2\/pages\/1010799\/revisions"}],"up":[{"embeddable":true,"href":"https:\/\/www.etoro.com\/es\/wp-json\/wp\/v2\/pages\/260123"}],"wp:featuredmedia":[{"embeddable":true,"href":"https:\/\/www.etoro.com\/es\/wp-json\/wp\/v2\/media\/495649"}],"wp:attachment":[{"href":"https:\/\/www.etoro.com\/es\/wp-json\/wp\/v2\/media?parent=1010799"}],"wp:term":[{"taxonomy":"asset_type","embeddable":true,"href":"https:\/\/www.etoro.com\/es\/wp-json\/wp\/v2\/asset_type?post=1010799"}],"curies":[{"name":"wp","href":"https:\/\/api.w.org\/{rel}","templated":true}]}}