{"id":1010971,"date":"2025-01-10T18:22:12","date_gmt":"2025-01-10T16:22:12","guid":{"rendered":"https:\/\/www.etoro.com\/academy\/videos\/which-kind-of-etoro-account-suits-you\/"},"modified":"2025-02-12T16:37:21","modified_gmt":"2025-02-12T14:37:21","slug":"which-kind-of-etoro-account-suits-you","status":"publish","type":"page","link":"https:\/\/www.etoro.com\/es\/academy\/videos\/which-kind-of-etoro-account-suits-you\/","title":{"rendered":"\u00bfQu\u00e9 cuenta en eToro es ideal para ti?"},"content":{"rendered":"\n<div class=\"wp-block-etoro-video-transcript\"><div class=\"wp-block-etoro-video-description\"><h2 class=\"wp-block-etoro-video-description-title\">Descripci\u00f3n<\/h2><hr\/><div class=\"wp-block-etoro-video-description-content\">\u00bfEst\u00e1s pensando en abrir una cuenta en eToro? \u00a1Muy bien! Te ofrecemos 4 tipos de cuentas: cuenta minorista, cuenta profesional, cuenta corporativa y cuenta isl\u00e1mica. Todo lo que debes hacer es elegir la opci\u00f3n m\u00e1s conveniente para ti y comenzar a invertir. Nos vemos en el feed social de eToro.<\/div><\/div><div class=\"wp-block-etoro-video-transcript-content\"><h2 class=\"wp-block-etoro-video-transcript-title\">Transcripci\u00f3n<\/h2><hr\/><div class=\"wp-block-etoro-video-transcript-text\"><div class=\"wp-block-etoro-video-transcript-text-wrapper\">\n<p>As\u00ed que est\u00e1s pensando en abrir una cuenta en eToro \u00a1Es una excelente idea!<\/p>\n\n\n\n<p>Pero, \u00bfc\u00f3mo sabes qu\u00e9 tipo de cuenta necesitas? Hablemos de las cuatro opciones que ofrece eToro.<\/p>\n\n\n\n<p>Cuenta para inversores minoristas, cuenta profesional, cuenta corporativa y cuentas isl\u00e1micas, de acuerdo con la Ley Shar\u00eda.<\/p>\n\n\n\n<p>La Cuenta Minorista es el tipo de cuenta predeterminada en eToro. Con este tipo de cuenta, puedes acceder a casi todos los activos disponibles y a diversas funciones de la plataforma.<\/p>\n\n\n\n<p>Cuando utilices la cuenta minorista, recuerda que existen diferentes niveles de apalancamiento para diferentes clases de activos.&nbsp;<\/p>\n\n\n\n<p>El segundo tipo es la Cuenta Profesional. Solo usuarios que cumplen con ciertos criterios pueden aplicar para cambiar su tipo de cuenta de una Minorista a una Profesional. Por el momento, este tipo de cuenta s\u00f3lo se encuentra disponible para usuarios registrados en eToro Reino Unido y eToro Europa.&nbsp;<\/p>\n\n\n\n<p>Y para los ejecutivos expertos en finanzas, tenemos la Cuenta Corporativa. Una perfecta opci\u00f3n para el empresario inversor. Con este tipo de cuenta, eToro hace posible que las compa\u00f1\u00edas negocien e inviertan en m\u00faltiples clases de activos. La configuraci\u00f3n de una cuenta corporativa requiere la presentaci\u00f3n de cierta documentaci\u00f3n previa, as\u00ed como un dep\u00f3sito inicial m\u00ednimo de \u00a310.000 d\u00f3lares&nbsp; Despu\u00e9s de eso, estar\u00e1s listo para comenzar a operar.&nbsp;<\/p>\n\n\n\n<p>Tambi\u00e9n tenemos un tipo de cuenta creada especialmente para nuestros clientes que profesan la fe isl\u00e1mica. Este tipo de cuenta te permite comprar y vender activos sin que se te cobren cargos o comisiones, de acuerdo con la Ley Sharia. Una \u00faltima cosa antes de terminar: Todas estas cuentas tienen disponibles la cartera virtual de eToro. Tambi\u00e9n conocida como cuenta de demostraci\u00f3n, la misma posee \u00a3100.000 d\u00f3lares virtuales para practicar tus inversiones sin riesgos.<\/p>\n\n\n\n<p>Ahora s\u00ed, \u00bfya has descubierto qu\u00e9 tipo de cuenta es m\u00e1s adecuada para ti?&nbsp;<\/p>\n\n\n\n<p>Visita eToro.com\/es hoy mismo si deseas registrarte para obtener una cuenta minorista.&nbsp;<\/p>\n\n\n\n<p>O comun\u00edcate con nuestro equipo de servicio al cliente, para actualizar tu cuenta existente a una cuenta corporativa o isl\u00e1mica.&nbsp;<\/p>\n\n\n\n<p>Recuerda que eToro s\u00f3lo admite un tipo de cuenta por usuario.<br>\u00a1Gracias por mirar este v\u00eddeo! \u00a1Nos vemos en el feed social de eToro!<\/p>\n<\/div><button class=\"wp-block-etoro-video-description-more-text\">Mostrar m\u00e1s<svg xmlns=\"http:\/\/www.w3.org\/2000\/svg\" width=\"9\" height=\"6\" viewBox=\"0 0 9 6\" fill=\"none\"><path d=\"M7.5625 1.48616L4.5 4.54866L1.4375 1.48616\" stroke=\"#13C636\" stroke-linecap=\"square\"><\/path><\/svg><\/button><\/div><\/div><\/div>\n","protected":false},"excerpt":{"rendered":"","protected":false},"author":96,"featured_media":495090,"parent":260123,"menu_order":0,"comment_status":"closed","ping_status":"closed","template":"","meta":{"_acf_changed":true,"inline_featured_image":false,"sticky_cta_settings":"","footnotes":""},"asset_type":[],"class_list":["post-1010971","page","type-page","status-publish","has-post-thumbnail","hentry"],"acf":[],"yoast_head":"<title>\u00bfQu\u00e9 tipo de cuenta de eToro es ideal para ti? | Video de la Academia de eToro<\/title>\n<meta name=\"description\" content=\"Conoce las opciones de cuenta de eToro en este video, incluyendo cuentas minoristas, profesionales, corporativas e isl\u00e1micas. Comienza a operar hoy mismo.\" \/>\n<meta name=\"robots\" content=\"index, follow, max-snippet:-1, max-image-preview:large, max-video-preview:-1\" \/>\n<link rel=\"canonical\" href=\"https:\/\/www.etoro.com\/es\/wp-json\/wp\/v2\/pages\/1010971\" \/>\n<meta property=\"og:locale\" content=\"es_ES\" \/>\n<meta property=\"og:type\" content=\"article\" \/>\n<meta property=\"og:title\" content=\"\u00bfQu\u00e9 tipo de cuenta de eToro es ideal para ti? | Video de la Academia de eToro\" \/>\n<meta property=\"og:description\" content=\"Conoce las opciones de cuenta de eToro en este video, incluyendo cuentas minoristas, profesionales, corporativas e isl\u00e1micas. Comienza a operar hoy mismo.\" \/>\n<meta property=\"og:url\" content=\"https:\/\/www.etoro.com\/es\/wp-json\/wp\/v2\/pages\/1010971\" \/>\n<meta property=\"og:site_name\" content=\"eToro\" \/>\n<meta property=\"article:publisher\" content=\"https:\/\/www.facebook.com\/eToro\/\" \/>\n<meta property=\"article:modified_time\" content=\"2025-02-12T14:37:21+00:00\" \/>\n<meta property=\"og:image\" content=\"https:\/\/www.etoro.com\/wp-content\/uploads\/2022\/09\/5730_600X500_ES.png\" \/>\n\t<meta property=\"og:image:width\" content=\"600\" \/>\n\t<meta property=\"og:image:height\" content=\"500\" \/>\n\t<meta property=\"og:image:type\" content=\"image\/png\" \/>\n<meta name=\"twitter:card\" content=\"summary_large_image\" \/>\n<meta name=\"twitter:site\" content=\"@eToro\" \/>\n<meta name=\"twitter:label1\" content=\"Est. reading time\" \/>\n\t<meta name=\"twitter:data1\" content=\"2 minutes\" \/>\n<script type=\"application\/ld+json\" class=\"yoast-schema-graph\">{\"@context\":\"https:\/\/schema.org\",\"@graph\":[{\"@type\":\"WebPage\",\"@id\":\"https:\/\/www.etoro.com\/es\/academy\/videos\/which-kind-of-etoro-account-suits-you\/\",\"url\":\"https:\/\/www.etoro.com\/es\/academy\/videos\/which-kind-of-etoro-account-suits-you\/\",\"name\":\"\u00bfQu\u00e9 tipo de cuenta de eToro es ideal para ti? | Video de la Academia de eToro\",\"isPartOf\":{\"@id\":\"https:\/\/www.etoro.com\/es\/#website\"},\"primaryImageOfPage\":{\"@id\":\"https:\/\/www.etoro.com\/es\/academy\/videos\/which-kind-of-etoro-account-suits-you\/#primaryimage\"},\"image\":{\"@id\":\"https:\/\/www.etoro.com\/es\/academy\/videos\/which-kind-of-etoro-account-suits-you\/#primaryimage\"},\"thumbnailUrl\":\"https:\/\/www.etoro.com\/wp-content\/uploads\/2022\/09\/5730_600X500_ES.png\",\"datePublished\":\"2025-01-10T16:22:12+00:00\",\"dateModified\":\"2025-02-12T14:37:21+00:00\",\"description\":\"Conoce las opciones de cuenta de eToro en este video, incluyendo cuentas minoristas, profesionales, corporativas e isl\u00e1micas. Comienza a operar hoy mismo.\",\"breadcrumb\":{\"@id\":\"https:\/\/www.etoro.com\/es\/academy\/videos\/which-kind-of-etoro-account-suits-you\/#breadcrumb\"},\"inLanguage\":\"es\",\"potentialAction\":[{\"@type\":\"ReadAction\",\"target\":[\"https:\/\/www.etoro.com\/es\/academy\/videos\/which-kind-of-etoro-account-suits-you\/\"]}]},{\"@type\":\"ImageObject\",\"inLanguage\":\"es\",\"@id\":\"https:\/\/www.etoro.com\/es\/academy\/videos\/which-kind-of-etoro-account-suits-you\/#primaryimage\",\"url\":\"https:\/\/www.etoro.com\/wp-content\/uploads\/2022\/09\/5730_600X500_ES.png\",\"contentUrl\":\"https:\/\/www.etoro.com\/wp-content\/uploads\/2022\/09\/5730_600X500_ES.png\",\"width\":600,\"height\":500},{\"@type\":\"BreadcrumbList\",\"@id\":\"https:\/\/www.etoro.com\/es\/academy\/videos\/which-kind-of-etoro-account-suits-you\/#breadcrumb\",\"itemListElement\":[{\"@type\":\"ListItem\",\"position\":1,\"name\":\"Inicio\",\"item\":\"https:\/\/www.etoro.com\/es\/\"},{\"@type\":\"ListItem\",\"position\":2,\"name\":\"eToro Academy\",\"item\":\"https:\/\/www.etoro.com\/es\/academy\/\"},{\"@type\":\"ListItem\",\"position\":3,\"name\":\"V\u00eddeos\",\"item\":\"https:\/\/www.etoro.com\/?page_id=221232\"},{\"@type\":\"ListItem\",\"position\":4,\"name\":\"\u00bfQu\u00e9 cuenta en eToro es ideal para ti?\"}]},{\"@type\":\"WebSite\",\"@id\":\"https:\/\/www.etoro.com\/es\/#website\",\"url\":\"https:\/\/www.etoro.com\/es\/\",\"name\":\"eToro\",\"description\":\"\",\"publisher\":{\"@id\":\"https:\/\/www.etoro.com\/es\/#organization\"},\"potentialAction\":[{\"@type\":\"SearchAction\",\"target\":{\"@type\":\"EntryPoint\",\"urlTemplate\":\"https:\/\/www.etoro.com\/es\/?s={search_term_string}\"},\"query-input\":{\"@type\":\"PropertyValueSpecification\",\"valueRequired\":true,\"valueName\":\"search_term_string\"}}],\"inLanguage\":\"es\"},[]]}<\/script>","yoast_head_json":{"title":"\u00bfQu\u00e9 tipo de cuenta de eToro es ideal para ti? | Video de la Academia de eToro","description":"Conoce las opciones de cuenta de eToro en este video, incluyendo cuentas minoristas, profesionales, corporativas e isl\u00e1micas. Comienza a operar hoy mismo.","robots":{"index":"index","follow":"follow","max-snippet":"max-snippet:-1","max-image-preview":"max-image-preview:large","max-video-preview":"max-video-preview:-1"},"canonical":"https:\/\/www.etoro.com\/es\/wp-json\/wp\/v2\/pages\/1010971","og_locale":"es_ES","og_type":"article","og_title":"\u00bfQu\u00e9 tipo de cuenta de eToro es ideal para ti? | Video de la Academia de eToro","og_description":"Conoce las opciones de cuenta de eToro en este video, incluyendo cuentas minoristas, profesionales, corporativas e isl\u00e1micas. Comienza a operar hoy mismo.","og_url":"https:\/\/www.etoro.com\/es\/wp-json\/wp\/v2\/pages\/1010971","og_site_name":"eToro","article_publisher":"https:\/\/www.facebook.com\/eToro\/","article_modified_time":"2025-02-12T14:37:21+00:00","og_image":[{"width":600,"height":500,"url":"https:\/\/www.etoro.com\/wp-content\/uploads\/2022\/09\/5730_600X500_ES.png","type":"image\/png"}],"twitter_card":"summary_large_image","twitter_site":"@eToro","twitter_misc":{"Est. reading time":"2 minutes"},"schema":{"@context":"https:\/\/schema.org","@graph":[{"@type":"WebPage","@id":"https:\/\/www.etoro.com\/es\/academy\/videos\/which-kind-of-etoro-account-suits-you\/","url":"https:\/\/www.etoro.com\/es\/academy\/videos\/which-kind-of-etoro-account-suits-you\/","name":"\u00bfQu\u00e9 tipo de cuenta de eToro es ideal para ti? | Video de la Academia de eToro","isPartOf":{"@id":"https:\/\/www.etoro.com\/es\/#website"},"primaryImageOfPage":{"@id":"https:\/\/www.etoro.com\/es\/academy\/videos\/which-kind-of-etoro-account-suits-you\/#primaryimage"},"image":{"@id":"https:\/\/www.etoro.com\/es\/academy\/videos\/which-kind-of-etoro-account-suits-you\/#primaryimage"},"thumbnailUrl":"https:\/\/www.etoro.com\/wp-content\/uploads\/2022\/09\/5730_600X500_ES.png","datePublished":"2025-01-10T16:22:12+00:00","dateModified":"2025-02-12T14:37:21+00:00","description":"Conoce las opciones de cuenta de eToro en este video, incluyendo cuentas minoristas, profesionales, corporativas e isl\u00e1micas. Comienza a operar hoy mismo.","breadcrumb":{"@id":"https:\/\/www.etoro.com\/es\/academy\/videos\/which-kind-of-etoro-account-suits-you\/#breadcrumb"},"inLanguage":"es","potentialAction":[{"@type":"ReadAction","target":["https:\/\/www.etoro.com\/es\/academy\/videos\/which-kind-of-etoro-account-suits-you\/"]}]},{"@type":"ImageObject","inLanguage":"es","@id":"https:\/\/www.etoro.com\/es\/academy\/videos\/which-kind-of-etoro-account-suits-you\/#primaryimage","url":"https:\/\/www.etoro.com\/wp-content\/uploads\/2022\/09\/5730_600X500_ES.png","contentUrl":"https:\/\/www.etoro.com\/wp-content\/uploads\/2022\/09\/5730_600X500_ES.png","width":600,"height":500},{"@type":"BreadcrumbList","@id":"https:\/\/www.etoro.com\/es\/academy\/videos\/which-kind-of-etoro-account-suits-you\/#breadcrumb","itemListElement":[{"@type":"ListItem","position":1,"name":"Inicio","item":"https:\/\/www.etoro.com\/es\/"},{"@type":"ListItem","position":2,"name":"eToro Academy","item":"https:\/\/www.etoro.com\/es\/academy\/"},{"@type":"ListItem","position":3,"name":"V\u00eddeos","item":"https:\/\/www.etoro.com\/?page_id=221232"},{"@type":"ListItem","position":4,"name":"\u00bfQu\u00e9 cuenta en eToro es ideal para ti?"}]},{"@type":"WebSite","@id":"https:\/\/www.etoro.com\/es\/#website","url":"https:\/\/www.etoro.com\/es\/","name":"eToro","description":"","publisher":{"@id":"https:\/\/www.etoro.com\/es\/#organization"},"potentialAction":[{"@type":"SearchAction","target":{"@type":"EntryPoint","urlTemplate":"https:\/\/www.etoro.com\/es\/?s={search_term_string}"},"query-input":{"@type":"PropertyValueSpecification","valueRequired":true,"valueName":"search_term_string"}}],"inLanguage":"es"},[]]}},"_links":{"self":[{"href":"https:\/\/www.etoro.com\/es\/wp-json\/wp\/v2\/pages\/1010971"}],"collection":[{"href":"https:\/\/www.etoro.com\/es\/wp-json\/wp\/v2\/pages"}],"about":[{"href":"https:\/\/www.etoro.com\/es\/wp-json\/wp\/v2\/types\/page"}],"author":[{"embeddable":true,"href":"https:\/\/www.etoro.com\/es\/wp-json\/wp\/v2\/users\/96"}],"replies":[{"embeddable":true,"href":"https:\/\/www.etoro.com\/es\/wp-json\/wp\/v2\/comments?post=1010971"}],"version-history":[{"count":0,"href":"https:\/\/www.etoro.com\/es\/wp-json\/wp\/v2\/pages\/1010971\/revisions"}],"up":[{"embeddable":true,"href":"https:\/\/www.etoro.com\/es\/wp-json\/wp\/v2\/pages\/260123"}],"wp:featuredmedia":[{"embeddable":true,"href":"https:\/\/www.etoro.com\/es\/wp-json\/wp\/v2\/media\/495090"}],"wp:attachment":[{"href":"https:\/\/www.etoro.com\/es\/wp-json\/wp\/v2\/media?parent=1010971"}],"wp:term":[{"taxonomy":"asset_type","embeddable":true,"href":"https:\/\/www.etoro.com\/es\/wp-json\/wp\/v2\/asset_type?post=1010971"}],"curies":[{"name":"wp","href":"https:\/\/api.w.org\/{rel}","templated":true}]}}