{"id":1011187,"date":"2025-01-10T18:22:43","date_gmt":"2025-01-10T16:22:43","guid":{"rendered":"https:\/\/www.etoro.com\/academy\/videos\/tools-for-experienced-investors\/"},"modified":"2025-02-12T16:35:02","modified_gmt":"2025-02-12T14:35:02","slug":"tools-for-experienced-investors","status":"publish","type":"page","link":"https:\/\/www.etoro.com\/es\/academy\/videos\/tools-for-experienced-investors\/","title":{"rendered":"Tips para inversores avanzados eToro"},"content":{"rendered":"\n<div class=\"wp-block-etoro-video-transcript\"><div class=\"wp-block-etoro-video-description\"><h2 class=\"wp-block-etoro-video-description-title\">Descripci\u00f3n<\/h2><hr\/><div class=\"wp-block-etoro-video-description-content\">En eToro hay opciones para todos. Disfruta de una gran variedad de herramientas, incluso para inversores profesionales, como el stop-loss, las alertas de volatilidad, los pro charts y mucho m\u00e1s. Recibe todas tus noticias en un solo lugar.<\/div><\/div><div class=\"wp-block-etoro-video-transcript-content\"><h2 class=\"wp-block-etoro-video-transcript-title\">Transcripci\u00f3n<\/h2><hr\/><div class=\"wp-block-etoro-video-transcript-text\"><div class=\"wp-block-etoro-video-transcript-text-wrapper\">\n<p>Hola, mi nombre es Uriel. Seguramente ya te has familiarizado con la interfaz simple e intuitiva que tiene nuestra plataforma.<\/p>\n\n\n\n<p>Pero, \u00bfsab\u00edas que tambi\u00e9n cuenta con numerosas y muy \u00fatiles herramientas?&nbsp;<\/p>\n\n\n\n<p>Aqu\u00ed te presentamos 5 funciones que algunos inversores experimentados, probablemente no conocen de eToro.<\/p>\n\n\n\n<p>Nos encanta el an\u00e1lisis t\u00e9cnico y por eso, contamos con la herramienta ProCharts, para ayudarte a analizar todo como un verdadero profesional.&nbsp;<\/p>\n\n\n\n<p>Si tu estilo es el an\u00e1lisis fundamental, puedes seguir la temporada de ganancias, IPOs y dividendos en nuestros calendarios especializados.<\/p>\n\n\n\n<p>Adem\u00e1s, mantente informado de lo \u00faltimo gracias al Canal de Noticias. Algunos dicen que los inversores son tan buenos como los recursos que utilizan, pero para nosotros no. Creemos que se puede invertir, incluso sin usar herramientas muy sofisticadas.<\/p>\n\n\n\n<p>Sin embargo, si las prefieres, hemos equipado a la plataforma con incre\u00edbles herramientas de inversi\u00f3n por ejemplo, la funci\u00f3n One-click trading y el Stop loss din\u00e1mico. Adem\u00e1s, las alertas de volatilidad te permiten invertir f\u00e1cilmente y ahorrando tiempo.<\/p>\n\n\n\n<p>\u00bfNo es genial tener todas las noticias en un solo lugar? \u00a1Recibe el newsletter diario de eToro, con todo lo que necesitas saber sobre los mercados!&nbsp;<\/p>\n\n\n\n<p>Adem\u00e1s, agrega nuestra p\u00e1gina de Noticias y An\u00e1lisis en el feed de eToro. Se trata de un espacio de noticias que re\u00fane a millones de inversores que esperan intercambiar consejos e ideas contigo.<\/p>\n\n\n\n<p>Como inversor experimentado, probablemente sepas mucho sobre un sector espec\u00edfico del mercado, pero nadie lo sabe todo. Por eso hemos creado la funci\u00f3n CopyTrader.&nbsp;&nbsp;<\/p>\n\n\n\n<p>Con esta poderosa herramienta puedes copiar a otros inversores y diversificar r\u00e1pidamente tu cartera.<\/p>\n\n\n\n<p>Por otro lado, a trav\u00e9s del tiempo, tambi\u00e9n puede ser copiado por otros y convertirte en Popular Investor. En eToro, tenemos algo para cada persona.<\/p>\n\n\n\n<p>\u00a1Gracias por mirar este v\u00eddeo! \u00a1Nos vemos en el feed social de eToro!<\/p>\n<\/div><button class=\"wp-block-etoro-video-description-more-text\">Mostrar m\u00e1s<svg xmlns=\"http:\/\/www.w3.org\/2000\/svg\" width=\"9\" height=\"6\" viewBox=\"0 0 9 6\" fill=\"none\"><path d=\"M7.5625 1.48616L4.5 4.54866L1.4375 1.48616\" stroke=\"#13C636\" stroke-linecap=\"square\"><\/path><\/svg><\/button><\/div><\/div><\/div>\n","protected":false},"excerpt":{"rendered":"","protected":false},"author":96,"featured_media":494934,"parent":260123,"menu_order":0,"comment_status":"closed","ping_status":"closed","template":"","meta":{"_acf_changed":true,"inline_featured_image":false,"sticky_cta_settings":"","footnotes":""},"asset_type":[],"class_list":["post-1011187","page","type-page","status-publish","has-post-thumbnail","hentry"],"acf":[],"yoast_head":"<title>Herramientas para inversores experimentados | Video de la Academia de eToro<\/title>\n<meta name=\"description\" content=\"Descubre herramientas avanzadas en eToro en este video, como trailing stop-loss, alertas de volatilidad y gr\u00e1ficos profesionales. Mantente a la vanguardia con todo lo que necesitas en una sola plataforma.\" \/>\n<meta name=\"robots\" content=\"index, follow, max-snippet:-1, max-image-preview:large, max-video-preview:-1\" \/>\n<link rel=\"canonical\" href=\"https:\/\/www.etoro.com\/es\/wp-json\/wp\/v2\/pages\/1011187\" \/>\n<meta property=\"og:locale\" content=\"es_ES\" \/>\n<meta property=\"og:type\" content=\"article\" \/>\n<meta property=\"og:title\" content=\"Herramientas para inversores experimentados | Video de la Academia de eToro\" \/>\n<meta property=\"og:description\" content=\"Descubre herramientas avanzadas en eToro en este video, como trailing stop-loss, alertas de volatilidad y gr\u00e1ficos profesionales. Mantente a la vanguardia con todo lo que necesitas en una sola plataforma.\" \/>\n<meta property=\"og:url\" content=\"https:\/\/www.etoro.com\/es\/wp-json\/wp\/v2\/pages\/1011187\" \/>\n<meta property=\"og:site_name\" content=\"eToro\" \/>\n<meta property=\"article:publisher\" content=\"https:\/\/www.facebook.com\/eToro\/\" \/>\n<meta property=\"article:modified_time\" content=\"2025-02-12T14:35:02+00:00\" \/>\n<meta property=\"og:image\" content=\"https:\/\/www.etoro.com\/wp-content\/uploads\/2022\/09\/0785_600X500_ES.png\" \/>\n\t<meta property=\"og:image:width\" content=\"576\" \/>\n\t<meta property=\"og:image:height\" content=\"385\" \/>\n\t<meta property=\"og:image:type\" content=\"image\/png\" \/>\n<meta name=\"twitter:card\" content=\"summary_large_image\" \/>\n<meta name=\"twitter:site\" content=\"@eToro\" \/>\n<meta name=\"twitter:label1\" content=\"Est. reading time\" \/>\n\t<meta name=\"twitter:data1\" content=\"2 minutes\" \/>\n<script type=\"application\/ld+json\" class=\"yoast-schema-graph\">{\"@context\":\"https:\/\/schema.org\",\"@graph\":[{\"@type\":\"WebPage\",\"@id\":\"https:\/\/www.etoro.com\/es\/academy\/videos\/tools-for-experienced-investors\/\",\"url\":\"https:\/\/www.etoro.com\/es\/academy\/videos\/tools-for-experienced-investors\/\",\"name\":\"Herramientas para inversores experimentados | Video de la Academia de eToro\",\"isPartOf\":{\"@id\":\"https:\/\/www.etoro.com\/es\/#website\"},\"primaryImageOfPage\":{\"@id\":\"https:\/\/www.etoro.com\/es\/academy\/videos\/tools-for-experienced-investors\/#primaryimage\"},\"image\":{\"@id\":\"https:\/\/www.etoro.com\/es\/academy\/videos\/tools-for-experienced-investors\/#primaryimage\"},\"thumbnailUrl\":\"https:\/\/www.etoro.com\/wp-content\/uploads\/2022\/09\/0785_600X500_ES.png\",\"datePublished\":\"2025-01-10T16:22:43+00:00\",\"dateModified\":\"2025-02-12T14:35:02+00:00\",\"description\":\"Descubre herramientas avanzadas en eToro en este video, como trailing stop-loss, alertas de volatilidad y gr\u00e1ficos profesionales. Mantente a la vanguardia con todo lo que necesitas en una sola plataforma.\",\"breadcrumb\":{\"@id\":\"https:\/\/www.etoro.com\/es\/academy\/videos\/tools-for-experienced-investors\/#breadcrumb\"},\"inLanguage\":\"es\",\"potentialAction\":[{\"@type\":\"ReadAction\",\"target\":[\"https:\/\/www.etoro.com\/es\/academy\/videos\/tools-for-experienced-investors\/\"]}]},{\"@type\":\"ImageObject\",\"inLanguage\":\"es\",\"@id\":\"https:\/\/www.etoro.com\/es\/academy\/videos\/tools-for-experienced-investors\/#primaryimage\",\"url\":\"https:\/\/www.etoro.com\/wp-content\/uploads\/2022\/09\/0785_600X500_ES.png\",\"contentUrl\":\"https:\/\/www.etoro.com\/wp-content\/uploads\/2022\/09\/0785_600X500_ES.png\",\"width\":576,\"height\":385},{\"@type\":\"BreadcrumbList\",\"@id\":\"https:\/\/www.etoro.com\/es\/academy\/videos\/tools-for-experienced-investors\/#breadcrumb\",\"itemListElement\":[{\"@type\":\"ListItem\",\"position\":1,\"name\":\"Inicio\",\"item\":\"https:\/\/www.etoro.com\/es\/\"},{\"@type\":\"ListItem\",\"position\":2,\"name\":\"eToro Academy\",\"item\":\"https:\/\/www.etoro.com\/es\/academy\/\"},{\"@type\":\"ListItem\",\"position\":3,\"name\":\"V\u00eddeos\",\"item\":\"https:\/\/www.etoro.com\/?page_id=221232\"},{\"@type\":\"ListItem\",\"position\":4,\"name\":\"Tips para inversores avanzados eToro\"}]},{\"@type\":\"WebSite\",\"@id\":\"https:\/\/www.etoro.com\/es\/#website\",\"url\":\"https:\/\/www.etoro.com\/es\/\",\"name\":\"eToro\",\"description\":\"\",\"publisher\":{\"@id\":\"https:\/\/www.etoro.com\/es\/#organization\"},\"potentialAction\":[{\"@type\":\"SearchAction\",\"target\":{\"@type\":\"EntryPoint\",\"urlTemplate\":\"https:\/\/www.etoro.com\/es\/?s={search_term_string}\"},\"query-input\":{\"@type\":\"PropertyValueSpecification\",\"valueRequired\":true,\"valueName\":\"search_term_string\"}}],\"inLanguage\":\"es\"},[]]}<\/script>","yoast_head_json":{"title":"Herramientas para inversores experimentados | Video de la Academia de eToro","description":"Descubre herramientas avanzadas en eToro en este video, como trailing stop-loss, alertas de volatilidad y gr\u00e1ficos profesionales. Mantente a la vanguardia con todo lo que necesitas en una sola plataforma.","robots":{"index":"index","follow":"follow","max-snippet":"max-snippet:-1","max-image-preview":"max-image-preview:large","max-video-preview":"max-video-preview:-1"},"canonical":"https:\/\/www.etoro.com\/es\/wp-json\/wp\/v2\/pages\/1011187","og_locale":"es_ES","og_type":"article","og_title":"Herramientas para inversores experimentados | Video de la Academia de eToro","og_description":"Descubre herramientas avanzadas en eToro en este video, como trailing stop-loss, alertas de volatilidad y gr\u00e1ficos profesionales. Mantente a la vanguardia con todo lo que necesitas en una sola plataforma.","og_url":"https:\/\/www.etoro.com\/es\/wp-json\/wp\/v2\/pages\/1011187","og_site_name":"eToro","article_publisher":"https:\/\/www.facebook.com\/eToro\/","article_modified_time":"2025-02-12T14:35:02+00:00","og_image":[{"width":576,"height":385,"url":"https:\/\/www.etoro.com\/wp-content\/uploads\/2022\/09\/0785_600X500_ES.png","type":"image\/png"}],"twitter_card":"summary_large_image","twitter_site":"@eToro","twitter_misc":{"Est. reading time":"2 minutes"},"schema":{"@context":"https:\/\/schema.org","@graph":[{"@type":"WebPage","@id":"https:\/\/www.etoro.com\/es\/academy\/videos\/tools-for-experienced-investors\/","url":"https:\/\/www.etoro.com\/es\/academy\/videos\/tools-for-experienced-investors\/","name":"Herramientas para inversores experimentados | Video de la Academia de eToro","isPartOf":{"@id":"https:\/\/www.etoro.com\/es\/#website"},"primaryImageOfPage":{"@id":"https:\/\/www.etoro.com\/es\/academy\/videos\/tools-for-experienced-investors\/#primaryimage"},"image":{"@id":"https:\/\/www.etoro.com\/es\/academy\/videos\/tools-for-experienced-investors\/#primaryimage"},"thumbnailUrl":"https:\/\/www.etoro.com\/wp-content\/uploads\/2022\/09\/0785_600X500_ES.png","datePublished":"2025-01-10T16:22:43+00:00","dateModified":"2025-02-12T14:35:02+00:00","description":"Descubre herramientas avanzadas en eToro en este video, como trailing stop-loss, alertas de volatilidad y gr\u00e1ficos profesionales. Mantente a la vanguardia con todo lo que necesitas en una sola plataforma.","breadcrumb":{"@id":"https:\/\/www.etoro.com\/es\/academy\/videos\/tools-for-experienced-investors\/#breadcrumb"},"inLanguage":"es","potentialAction":[{"@type":"ReadAction","target":["https:\/\/www.etoro.com\/es\/academy\/videos\/tools-for-experienced-investors\/"]}]},{"@type":"ImageObject","inLanguage":"es","@id":"https:\/\/www.etoro.com\/es\/academy\/videos\/tools-for-experienced-investors\/#primaryimage","url":"https:\/\/www.etoro.com\/wp-content\/uploads\/2022\/09\/0785_600X500_ES.png","contentUrl":"https:\/\/www.etoro.com\/wp-content\/uploads\/2022\/09\/0785_600X500_ES.png","width":576,"height":385},{"@type":"BreadcrumbList","@id":"https:\/\/www.etoro.com\/es\/academy\/videos\/tools-for-experienced-investors\/#breadcrumb","itemListElement":[{"@type":"ListItem","position":1,"name":"Inicio","item":"https:\/\/www.etoro.com\/es\/"},{"@type":"ListItem","position":2,"name":"eToro Academy","item":"https:\/\/www.etoro.com\/es\/academy\/"},{"@type":"ListItem","position":3,"name":"V\u00eddeos","item":"https:\/\/www.etoro.com\/?page_id=221232"},{"@type":"ListItem","position":4,"name":"Tips para inversores avanzados eToro"}]},{"@type":"WebSite","@id":"https:\/\/www.etoro.com\/es\/#website","url":"https:\/\/www.etoro.com\/es\/","name":"eToro","description":"","publisher":{"@id":"https:\/\/www.etoro.com\/es\/#organization"},"potentialAction":[{"@type":"SearchAction","target":{"@type":"EntryPoint","urlTemplate":"https:\/\/www.etoro.com\/es\/?s={search_term_string}"},"query-input":{"@type":"PropertyValueSpecification","valueRequired":true,"valueName":"search_term_string"}}],"inLanguage":"es"},[]]}},"_links":{"self":[{"href":"https:\/\/www.etoro.com\/es\/wp-json\/wp\/v2\/pages\/1011187"}],"collection":[{"href":"https:\/\/www.etoro.com\/es\/wp-json\/wp\/v2\/pages"}],"about":[{"href":"https:\/\/www.etoro.com\/es\/wp-json\/wp\/v2\/types\/page"}],"author":[{"embeddable":true,"href":"https:\/\/www.etoro.com\/es\/wp-json\/wp\/v2\/users\/96"}],"replies":[{"embeddable":true,"href":"https:\/\/www.etoro.com\/es\/wp-json\/wp\/v2\/comments?post=1011187"}],"version-history":[{"count":0,"href":"https:\/\/www.etoro.com\/es\/wp-json\/wp\/v2\/pages\/1011187\/revisions"}],"up":[{"embeddable":true,"href":"https:\/\/www.etoro.com\/es\/wp-json\/wp\/v2\/pages\/260123"}],"wp:featuredmedia":[{"embeddable":true,"href":"https:\/\/www.etoro.com\/es\/wp-json\/wp\/v2\/media\/494934"}],"wp:attachment":[{"href":"https:\/\/www.etoro.com\/es\/wp-json\/wp\/v2\/media?parent=1011187"}],"wp:term":[{"taxonomy":"asset_type","embeddable":true,"href":"https:\/\/www.etoro.com\/es\/wp-json\/wp\/v2\/asset_type?post=1011187"}],"curies":[{"name":"wp","href":"https:\/\/api.w.org\/{rel}","templated":true}]}}