{"id":1011329,"date":"2025-01-10T18:24:41","date_gmt":"2025-01-10T16:24:41","guid":{"rendered":"https:\/\/www.etoro.com\/academy\/videos\/why-choose-etoro\/"},"modified":"2025-02-12T16:32:31","modified_gmt":"2025-02-12T14:32:31","slug":"why-choose-etoro","status":"publish","type":"page","link":"https:\/\/www.etoro.com\/es\/academy\/videos\/why-choose-etoro\/","title":{"rendered":"\u00bfPor qu\u00e9 elegir eToro?"},"content":{"rendered":"\n<div class=\"wp-block-etoro-video-transcript\"><div class=\"wp-block-etoro-video-description\"><h2 class=\"wp-block-etoro-video-description-title\">Descripci\u00f3n<\/h2><hr\/><div class=\"wp-block-etoro-video-description-content\">\u00bfPor qu\u00e9 m\u00e1s de 25 millones de personas eligen invertir en eToro? Piensa en una \u00fanica plataforma para todas tus necesidades de inversi\u00f3n. eToro lo tiene todo: m\u00e1s de 2.700 acciones, Smart Portfolios, fondos cotizados (ETF), materias primas, \u00edndices y divisas.<\/div><\/div><div class=\"wp-block-etoro-video-transcript-content\"><h2 class=\"wp-block-etoro-video-transcript-title\">Transcripci\u00f3n<\/h2><hr\/><div class=\"wp-block-etoro-video-transcript-text\"><div class=\"wp-block-etoro-video-transcript-text-wrapper\">\n<p>Tengo mucho para decir, \u00bfcu\u00e1nto tiempo tenemos?<\/p>\n\n\n\n<p>Piensa en eToro como un lugar \u00fanico en donde puedes encontrar toda clase de activos para invertir en los mercados \u00bfQuieres acciones? \u00a1Hay miles para elegir!<\/p>\n\n\n\n<p>\u00bfCriptos? \u00bfETFs? \u00bfMaterias primas? Mmm \u00bfAlgo m\u00e1s?<\/p>\n\n\n\n<p>\u00cdndices, divisas, lo que sea, lo tenemos.<\/p>\n\n\n\n<p>La Academia de eToro en l\u00ednea es un gran recurso para la educaci\u00f3n financiera.<\/p>\n\n\n\n<p>Tiene todo lo que necesitas para convertirte en el inversor que deseas ser.<\/p>\n\n\n\n<p>Como red social de inversi\u00f3n, nuestra comunidad es la mayor fuente de informaci\u00f3n. Usuarios de todo el mundo comparten informaci\u00f3n sobre los mercados financieros y las inversiones que realizan.&nbsp;<\/p>\n\n\n\n<p>Eso es lo que hace de eToro el lugar m\u00e1s amigable para invertir.<\/p>\n\n\n\n<p>\u00bfAlguna vez deseaste jugar tan bien como tu futbolista preferido? Bueno, eso requerir\u00eda a\u00f1os de pr\u00e1ctica, pero con la funci\u00f3n CopyTrader, puedes replicar la cartera de tu inversor favorito en tan solo unos pocos clics.<\/p>\n\n\n\n<p>Si est\u00e1s interesado en un tema espec\u00edfico, nuestra gran variedad de Smart Portfolios te permite invertir en lo que realmente te apasiona.&nbsp;<br>\u00bf10 segundos? Ese es el tiempo que necesitas para descargar la aplicaci\u00f3n de eToro y comenzar a invertir.<\/p>\n<\/div><button class=\"wp-block-etoro-video-description-more-text\">Mostrar m\u00e1s<svg xmlns=\"http:\/\/www.w3.org\/2000\/svg\" width=\"9\" height=\"6\" viewBox=\"0 0 9 6\" fill=\"none\"><path d=\"M7.5625 1.48616L4.5 4.54866L1.4375 1.48616\" stroke=\"#13C636\" stroke-linecap=\"square\"><\/path><\/svg><\/button><\/div><\/div><\/div>\n","protected":false},"excerpt":{"rendered":"","protected":false},"author":96,"featured_media":494611,"parent":260123,"menu_order":0,"comment_status":"closed","ping_status":"closed","template":"","meta":{"_acf_changed":true,"inline_featured_image":false,"sticky_cta_settings":"","footnotes":""},"asset_type":[],"class_list":["post-1011329","page","type-page","status-publish","has-post-thumbnail","hentry"],"acf":[],"yoast_head":"<title>\u00bfPor qu\u00e9 elegir eToro? | Video de la Academia de eToro<\/title>\n<meta name=\"description\" content=\"En este video, explora por qu\u00e9 tantas personas eligen eToro para sus necesidades de inversi\u00f3n. Accede a acciones, ETFs, materias primas, \u00edndices y m\u00e1s en una sola plataforma.\" \/>\n<meta name=\"robots\" content=\"index, follow, max-snippet:-1, max-image-preview:large, max-video-preview:-1\" \/>\n<link rel=\"canonical\" href=\"https:\/\/www.etoro.com\/es\/wp-json\/wp\/v2\/pages\/1011329\" \/>\n<meta property=\"og:locale\" content=\"es_ES\" \/>\n<meta property=\"og:type\" content=\"article\" \/>\n<meta property=\"og:title\" content=\"\u00bfPor qu\u00e9 elegir eToro? | Video de la Academia de eToro\" \/>\n<meta property=\"og:description\" content=\"En este video, explora por qu\u00e9 tantas personas eligen eToro para sus necesidades de inversi\u00f3n. Accede a acciones, ETFs, materias primas, \u00edndices y m\u00e1s en una sola plataforma.\" \/>\n<meta property=\"og:url\" content=\"https:\/\/www.etoro.com\/es\/wp-json\/wp\/v2\/pages\/1011329\" \/>\n<meta property=\"og:site_name\" content=\"eToro\" \/>\n<meta property=\"article:publisher\" content=\"https:\/\/www.facebook.com\/eToro\/\" \/>\n<meta property=\"article:modified_time\" content=\"2025-02-12T14:32:31+00:00\" \/>\n<meta property=\"og:image\" content=\"https:\/\/www.etoro.com\/wp-content\/uploads\/2022\/09\/4390_600X500_ES.png\" \/>\n\t<meta property=\"og:image:width\" content=\"576\" \/>\n\t<meta property=\"og:image:height\" content=\"385\" \/>\n\t<meta property=\"og:image:type\" content=\"image\/png\" \/>\n<meta name=\"twitter:card\" content=\"summary_large_image\" \/>\n<meta name=\"twitter:site\" content=\"@eToro\" \/>\n<meta name=\"twitter:label1\" content=\"Est. reading time\" \/>\n\t<meta name=\"twitter:data1\" content=\"1 minute\" \/>\n<script type=\"application\/ld+json\" class=\"yoast-schema-graph\">{\"@context\":\"https:\/\/schema.org\",\"@graph\":[{\"@type\":\"WebPage\",\"@id\":\"https:\/\/www.etoro.com\/es\/academy\/videos\/why-choose-etoro\/\",\"url\":\"https:\/\/www.etoro.com\/es\/academy\/videos\/why-choose-etoro\/\",\"name\":\"\u00bfPor qu\u00e9 elegir eToro? | Video de la Academia de eToro\",\"isPartOf\":{\"@id\":\"https:\/\/www.etoro.com\/es\/#website\"},\"primaryImageOfPage\":{\"@id\":\"https:\/\/www.etoro.com\/es\/academy\/videos\/why-choose-etoro\/#primaryimage\"},\"image\":{\"@id\":\"https:\/\/www.etoro.com\/es\/academy\/videos\/why-choose-etoro\/#primaryimage\"},\"thumbnailUrl\":\"https:\/\/www.etoro.com\/wp-content\/uploads\/2022\/09\/4390_600X500_ES.png\",\"datePublished\":\"2025-01-10T16:24:41+00:00\",\"dateModified\":\"2025-02-12T14:32:31+00:00\",\"description\":\"En este video, explora por qu\u00e9 tantas personas eligen eToro para sus necesidades de inversi\u00f3n. Accede a acciones, ETFs, materias primas, \u00edndices y m\u00e1s en una sola plataforma.\",\"breadcrumb\":{\"@id\":\"https:\/\/www.etoro.com\/es\/academy\/videos\/why-choose-etoro\/#breadcrumb\"},\"inLanguage\":\"es\",\"potentialAction\":[{\"@type\":\"ReadAction\",\"target\":[\"https:\/\/www.etoro.com\/es\/academy\/videos\/why-choose-etoro\/\"]}]},{\"@type\":\"ImageObject\",\"inLanguage\":\"es\",\"@id\":\"https:\/\/www.etoro.com\/es\/academy\/videos\/why-choose-etoro\/#primaryimage\",\"url\":\"https:\/\/www.etoro.com\/wp-content\/uploads\/2022\/09\/4390_600X500_ES.png\",\"contentUrl\":\"https:\/\/www.etoro.com\/wp-content\/uploads\/2022\/09\/4390_600X500_ES.png\",\"width\":576,\"height\":385},{\"@type\":\"BreadcrumbList\",\"@id\":\"https:\/\/www.etoro.com\/es\/academy\/videos\/why-choose-etoro\/#breadcrumb\",\"itemListElement\":[{\"@type\":\"ListItem\",\"position\":1,\"name\":\"Inicio\",\"item\":\"https:\/\/www.etoro.com\/es\/\"},{\"@type\":\"ListItem\",\"position\":2,\"name\":\"eToro Academy\",\"item\":\"https:\/\/www.etoro.com\/es\/academy\/\"},{\"@type\":\"ListItem\",\"position\":3,\"name\":\"V\u00eddeos\",\"item\":\"https:\/\/www.etoro.com\/?page_id=221232\"},{\"@type\":\"ListItem\",\"position\":4,\"name\":\"\u00bfPor qu\u00e9 elegir eToro?\"}]},{\"@type\":\"WebSite\",\"@id\":\"https:\/\/www.etoro.com\/es\/#website\",\"url\":\"https:\/\/www.etoro.com\/es\/\",\"name\":\"eToro\",\"description\":\"\",\"publisher\":{\"@id\":\"https:\/\/www.etoro.com\/es\/#organization\"},\"potentialAction\":[{\"@type\":\"SearchAction\",\"target\":{\"@type\":\"EntryPoint\",\"urlTemplate\":\"https:\/\/www.etoro.com\/es\/?s={search_term_string}\"},\"query-input\":{\"@type\":\"PropertyValueSpecification\",\"valueRequired\":true,\"valueName\":\"search_term_string\"}}],\"inLanguage\":\"es\"},[]]}<\/script>","yoast_head_json":{"title":"\u00bfPor qu\u00e9 elegir eToro? | Video de la Academia de eToro","description":"En este video, explora por qu\u00e9 tantas personas eligen eToro para sus necesidades de inversi\u00f3n. Accede a acciones, ETFs, materias primas, \u00edndices y m\u00e1s en una sola plataforma.","robots":{"index":"index","follow":"follow","max-snippet":"max-snippet:-1","max-image-preview":"max-image-preview:large","max-video-preview":"max-video-preview:-1"},"canonical":"https:\/\/www.etoro.com\/es\/wp-json\/wp\/v2\/pages\/1011329","og_locale":"es_ES","og_type":"article","og_title":"\u00bfPor qu\u00e9 elegir eToro? | Video de la Academia de eToro","og_description":"En este video, explora por qu\u00e9 tantas personas eligen eToro para sus necesidades de inversi\u00f3n. Accede a acciones, ETFs, materias primas, \u00edndices y m\u00e1s en una sola plataforma.","og_url":"https:\/\/www.etoro.com\/es\/wp-json\/wp\/v2\/pages\/1011329","og_site_name":"eToro","article_publisher":"https:\/\/www.facebook.com\/eToro\/","article_modified_time":"2025-02-12T14:32:31+00:00","og_image":[{"width":576,"height":385,"url":"https:\/\/www.etoro.com\/wp-content\/uploads\/2022\/09\/4390_600X500_ES.png","type":"image\/png"}],"twitter_card":"summary_large_image","twitter_site":"@eToro","twitter_misc":{"Est. reading time":"1 minute"},"schema":{"@context":"https:\/\/schema.org","@graph":[{"@type":"WebPage","@id":"https:\/\/www.etoro.com\/es\/academy\/videos\/why-choose-etoro\/","url":"https:\/\/www.etoro.com\/es\/academy\/videos\/why-choose-etoro\/","name":"\u00bfPor qu\u00e9 elegir eToro? | Video de la Academia de eToro","isPartOf":{"@id":"https:\/\/www.etoro.com\/es\/#website"},"primaryImageOfPage":{"@id":"https:\/\/www.etoro.com\/es\/academy\/videos\/why-choose-etoro\/#primaryimage"},"image":{"@id":"https:\/\/www.etoro.com\/es\/academy\/videos\/why-choose-etoro\/#primaryimage"},"thumbnailUrl":"https:\/\/www.etoro.com\/wp-content\/uploads\/2022\/09\/4390_600X500_ES.png","datePublished":"2025-01-10T16:24:41+00:00","dateModified":"2025-02-12T14:32:31+00:00","description":"En este video, explora por qu\u00e9 tantas personas eligen eToro para sus necesidades de inversi\u00f3n. Accede a acciones, ETFs, materias primas, \u00edndices y m\u00e1s en una sola plataforma.","breadcrumb":{"@id":"https:\/\/www.etoro.com\/es\/academy\/videos\/why-choose-etoro\/#breadcrumb"},"inLanguage":"es","potentialAction":[{"@type":"ReadAction","target":["https:\/\/www.etoro.com\/es\/academy\/videos\/why-choose-etoro\/"]}]},{"@type":"ImageObject","inLanguage":"es","@id":"https:\/\/www.etoro.com\/es\/academy\/videos\/why-choose-etoro\/#primaryimage","url":"https:\/\/www.etoro.com\/wp-content\/uploads\/2022\/09\/4390_600X500_ES.png","contentUrl":"https:\/\/www.etoro.com\/wp-content\/uploads\/2022\/09\/4390_600X500_ES.png","width":576,"height":385},{"@type":"BreadcrumbList","@id":"https:\/\/www.etoro.com\/es\/academy\/videos\/why-choose-etoro\/#breadcrumb","itemListElement":[{"@type":"ListItem","position":1,"name":"Inicio","item":"https:\/\/www.etoro.com\/es\/"},{"@type":"ListItem","position":2,"name":"eToro Academy","item":"https:\/\/www.etoro.com\/es\/academy\/"},{"@type":"ListItem","position":3,"name":"V\u00eddeos","item":"https:\/\/www.etoro.com\/?page_id=221232"},{"@type":"ListItem","position":4,"name":"\u00bfPor qu\u00e9 elegir eToro?"}]},{"@type":"WebSite","@id":"https:\/\/www.etoro.com\/es\/#website","url":"https:\/\/www.etoro.com\/es\/","name":"eToro","description":"","publisher":{"@id":"https:\/\/www.etoro.com\/es\/#organization"},"potentialAction":[{"@type":"SearchAction","target":{"@type":"EntryPoint","urlTemplate":"https:\/\/www.etoro.com\/es\/?s={search_term_string}"},"query-input":{"@type":"PropertyValueSpecification","valueRequired":true,"valueName":"search_term_string"}}],"inLanguage":"es"},[]]}},"_links":{"self":[{"href":"https:\/\/www.etoro.com\/es\/wp-json\/wp\/v2\/pages\/1011329"}],"collection":[{"href":"https:\/\/www.etoro.com\/es\/wp-json\/wp\/v2\/pages"}],"about":[{"href":"https:\/\/www.etoro.com\/es\/wp-json\/wp\/v2\/types\/page"}],"author":[{"embeddable":true,"href":"https:\/\/www.etoro.com\/es\/wp-json\/wp\/v2\/users\/96"}],"replies":[{"embeddable":true,"href":"https:\/\/www.etoro.com\/es\/wp-json\/wp\/v2\/comments?post=1011329"}],"version-history":[{"count":0,"href":"https:\/\/www.etoro.com\/es\/wp-json\/wp\/v2\/pages\/1011329\/revisions"}],"up":[{"embeddable":true,"href":"https:\/\/www.etoro.com\/es\/wp-json\/wp\/v2\/pages\/260123"}],"wp:featuredmedia":[{"embeddable":true,"href":"https:\/\/www.etoro.com\/es\/wp-json\/wp\/v2\/media\/494611"}],"wp:attachment":[{"href":"https:\/\/www.etoro.com\/es\/wp-json\/wp\/v2\/media?parent=1011329"}],"wp:term":[{"taxonomy":"asset_type","embeddable":true,"href":"https:\/\/www.etoro.com\/es\/wp-json\/wp\/v2\/asset_type?post=1011329"}],"curies":[{"name":"wp","href":"https:\/\/api.w.org\/{rel}","templated":true}]}}