{"id":10342,"date":"2017-10-26T08:21:46","date_gmt":"2017-10-26T05:21:46","guid":{"rendered":"\/etoro\/customer-service\/withdraw-faq\/"},"modified":"2026-01-08T12:14:40","modified_gmt":"2026-01-08T10:14:40","slug":"withdraw-faq","status":"publish","type":"page","link":"https:\/\/www.etoro.com\/es\/customer-service\/withdraw-faq\/","title":{"rendered":"C\u00f3mo retirar fondos de su cuenta de eToro &#8211; Preguntas frecuentes"},"content":{"rendered":"\n<section class=\"wp-block-group wp-block-group-boxed has-white-background-color has-background\"><div class=\"wp-block-group-inner is-layout-flow wp-block-group-is-layout-flow\">\n<div class=\"wp-block-columns are-vertically-aligned-top wp-block-columns-1 is-layout-flex wp-container-core-columns-is-layout-1 wp-block-columns-is-layout-flex\">\n<div class=\"wp-block-column is-layout-flow wp-block-column-is-layout-flow\">\n<h2 class=\"wp-block-heading\">C\u00f3mo retirar fondos de su cuenta de eToro \u2013 Preguntas frecuentes<\/h2>\n\n\n\n<dl class=\"wp-block-etoro-faq\">\n<div class=\"wp-block-etoro-faq-item\"><dt class=\"wp-block-etoro-faq-item-question\">\u00bfC\u00f3mo retiro fondos?<\/dt><dd class=\"wp-block-etoro-faq-item-answer\">\n<p>Hay dos lugares en eToro desde los que puede retirar fondos.<\/p>\n\n\n\n<ul class=\"wp-block-list wp-block-list wp-block-list-circle\">\n<li>Su cuenta de inversi\u00f3n en USD de eToro<\/li>\n\n\n\n<li><a href=\"https:\/\/help.etoro.com\/s\/article\/how-do-i-withdraw-funds-from-my-account?language=es#b\">Su cuenta en divisa local<br><\/a><\/li>\n<\/ul>\n\n\n\n<p>*<a href=\"https:\/\/www.etoro.com\/es\/money\/availability\/\">Haz clic aqu\u00ed<\/a> para ver si cumples los requisitos para tu cuenta en divisa local.<\/p>\n\n\n\n<p>A continuaci\u00f3n puede ver c\u00f3mo hacerlo en ambos casos.<\/p>\n\n\n\n<p><strong>Retirar fondos de su cuenta de inversi\u00f3n en USD de eToro<\/strong><\/p>\n\n\n\n<p>Cuando <a href=\"https:\/\/help.etoro.com\/s\/article\/what-is-the-minimum-withdrawal-amount?language=es\">compruebe que tiene el importe<\/a> que desea retirar en su saldo disponible, puede realizar una solicitud de retirada siguiendo estos pasos:<\/p>\n\n\n\n<ol class=\"wp-block-list wp-block-list\">\n<li>Haga clic en el bot\u00f3n <strong>Retirar fondos<\/strong> en el men\u00fa de la izquierda.<\/li>\n<\/ol>\n\n\n\n<figure class=\"wp-block-image size-full\"><img loading=\"lazy\" decoding=\"async\" width=\"377\" height=\"131\" src=\"https:\/\/www.etoro.com\/wp-content\/uploads\/2026\/01\/Q-1-withdrawl-1.jpg\" alt=\"\" class=\"wp-image-1208823 wp-image-desktop\" srcset=\"https:\/\/www.etoro.com\/wp-content\/uploads\/2026\/01\/Q-1-withdrawl-1.jpg 377w, https:\/\/www.etoro.com\/wp-content\/uploads\/2026\/01\/Q-1-withdrawl-1-300x104.jpg 300w\" sizes=\"(max-width: 377px) 100vw, 377px\" \/><\/figure>\n\n\n\n<p>2. En la pantalla Retirada, introduzca el importe que desea retirar y seleccione <strong>Siguiente<\/strong>.<\/p>\n\n\n\n<figure class=\"wp-block-image size-full\"><img loading=\"lazy\" decoding=\"async\" width=\"512\" height=\"424\" src=\"https:\/\/www.etoro.com\/wp-content\/uploads\/2025\/07\/Withdrawl-q-2-1.png\" alt=\"\" class=\"wp-image-1085728 wp-image-desktop\" srcset=\"https:\/\/www.etoro.com\/wp-content\/uploads\/2025\/07\/Withdrawl-q-2-1.png 512w, https:\/\/www.etoro.com\/wp-content\/uploads\/2025\/07\/Withdrawl-q-2-1-300x248.png 300w\" sizes=\"(max-width: 512px) 100vw, 512px\" \/><\/figure>\n\n\n\n<p>3. Se le mostrar\u00e1n los datos de su retirada con su m\u00e9todo de pago predeterminado seleccionado. Seleccione <strong>Otras opciones de pago<\/strong> si desea elegir de una lista de m\u00e9todos de pago con los que ha realizado dep\u00f3sitos anteriormente o a\u00f1adir un nuevo m\u00e9todo de pago.<\/p>\n\n\n\n<figure class=\"wp-block-image size-full\"><img loading=\"lazy\" decoding=\"async\" width=\"512\" height=\"437\" src=\"https:\/\/www.etoro.com\/wp-content\/uploads\/2025\/07\/3-image-1.png\" alt=\"\" class=\"wp-image-1085752 wp-image-desktop\" srcset=\"https:\/\/www.etoro.com\/wp-content\/uploads\/2025\/07\/3-image-1.png 512w, https:\/\/www.etoro.com\/wp-content\/uploads\/2025\/07\/3-image-1-300x256.png 300w\" sizes=\"(max-width: 512px) 100vw, 512px\" \/><\/figure>\n\n\n\n<p>4. Haga clic en <strong>enviar<\/strong><\/p>\n\n\n\n<p><strong>Retire fondos de su cuenta en divisa local a su cuenta bancaria<\/strong>.<\/p>\n\n\n\n<p>Retirar fondos de su cuenta en divisa local a una cuenta bancaria externa es r\u00e1pido y f\u00e1cil. Si la cuenta a la que desea transferir el dinero a\u00fan no est\u00e1 configurada, deber\u00e1 a\u00f1adir un nuevo beneficiario.<\/p>\n\n\n\n<ol class=\"wp-block-list wp-block-list\">\n<li>Vaya a la <a href=\"https:\/\/www.etoro.com\/es\/wallet\">pesta\u00f1a Wallet<\/a>\n<ul class=\"wp-block-list wp-block-list wp-block-list-circle\">\n<li>En la versi\u00f3n web de eToro, haga clic en <strong>Wallet<\/strong> en el men\u00fa de la barra lateral.<\/li>\n\n\n\n<li>En la aplicaci\u00f3n m\u00f3vil de eToro, pulse <strong>Wallet<\/strong> en la parte inferior de la pantalla.<\/li>\n<\/ul>\n<\/li>\n\n\n\n<li>Seleccione su cuenta en divisa local.<\/li>\n\n\n\n<li>Haga clic en <strong>Enviar pago<\/strong>.<\/li>\n\n\n\n<li>Elija su cuenta o a\u00f1\u00e1dala como beneficiario<\/li>\n\n\n\n<li>Introduzca el importe y la referencia (para qu\u00e9 es).<\/li>\n\n\n\n<li>Revise y confirme el pago.<\/li>\n<\/ol>\n\n\n\n<p>Nota: aunque la mayor\u00eda de los pagos se realizan de inmediato, a veces pueden tardar hasta tres d\u00edas h\u00e1biles.<\/p>\n\n\n\n<p>\u00bfNo puede retirar? <a href=\"https:\/\/help.etoro.com\/s\/article\/why-can-t-i-withdraw-funds-from-my-etoro-investment-account?language=es\">Haga clic aqu\u00ed<\/a> para obtener m\u00e1s informaci\u00f3n.\u00f3n.<\/p>\n\n\n\n<p class=\"is-style-disclaimer\"><\/p>\n<\/dd><\/div>\n\n\n\n<div class=\"wp-block-etoro-faq-item\"><dt class=\"wp-block-etoro-faq-item-question\">\u00bfCu\u00e1nto se tarda en procesar mi solicitud de retiro y cu\u00e1ndo recibir\u00e9 los fondos?<\/dt><dd class=\"wp-block-etoro-faq-item-answer\">\n<p>Le enviaremos un correo electr\u00f3nico confirmando el estado de su retiro en un plazo de 2 d\u00edas h\u00e1biles desde su solicitud.<\/p>\n\n\n\n<p>Normalmente, recibir\u00e1 sus fondos en unos d\u00edas. Sin embargo, desde el momento en que solicite el retiro de fondos pueden transcurrir hasta 10 d\u00edas h\u00e1biles, en funci\u00f3n del m\u00e9todo de pago utilizado:<\/p>\n\n\n\n<figure class=\"wp-block-table\"><div class=\"wp-block-table-content\"><div class=\"wp-block-table-content-nav wp-block-table-content-nav-left\"><div class=\"wp-block-table-content-nav-arrow wp-block-table-content-nav-arrow-left\"><\/div><\/div><div class=\"wp-block-table-content-nav wp-block-table-content-nav-right\"><div class=\"wp-block-table-content-nav-arrow wp-block-table-content-nav-arrow-right\"><\/div><\/div><div class=\"wp-block-table-content-table\"><table><thead><tr><th class=\"has-text-align-left\" data-align=\"left\">M\u00e9todo de pago<\/th><th class=\"has-text-align-left\" data-align=\"left\">Tiempo para recibir fondos despu\u00e9s de la solicitud de retiro<\/th><\/tr><\/thead><tbody><tr><td class=\"has-text-align-left\" data-align=\"left\">Tarjeta de d\u00e9bito o cr\u00e9dito<\/td><td class=\"has-text-align-left\" data-align=\"left\">Hasta 5 d\u00edas h\u00e1biles<\/td><\/tr><tr><td class=\"has-text-align-left\" data-align=\"left\">Transferencia bancaria<\/td><td class=\"has-text-align-left\" data-align=\"left\">Hasta 5 d\u00edas h\u00e1biles<\/td><\/tr><tr><td class=\"has-text-align-left\" data-align=\"left\">PayPal<\/td><td class=\"has-text-align-left\" data-align=\"left\">Hasta 2 d\u00edas h\u00e1biles<\/td><\/tr><tr><td class=\"has-text-align-left\" data-align=\"left\">Neteller<\/td><td class=\"has-text-align-left\" data-align=\"left\">Hasta 2 d\u00edas h\u00e1biles<\/td><\/tr><tr><td class=\"has-text-align-left\" data-align=\"left\">Skrill<\/td><td class=\"has-text-align-left\" data-align=\"left\">Hasta 2 d\u00edas h\u00e1biles<\/td><\/tr><tr><td class=\"has-text-align-left\" data-align=\"left\">Trustly<\/td><td class=\"has-text-align-left\" data-align=\"left\">Hasta 2 d\u00edas h\u00e1biles<\/td><\/tr><tr><td class=\"has-text-align-left\" data-align=\"left\">iDEAL<\/td><td class=\"has-text-align-left\" data-align=\"left\">Hasta 2 d\u00edas h\u00e1biles<\/td><\/tr><\/tbody><\/table><\/div><\/div><\/figure>\n<\/dd><\/div>\n\n\n\n<div class=\"wp-block-etoro-faq-item\"><dt class=\"wp-block-etoro-faq-item-question\">\u00bfC\u00f3mo puedo cancelar mi solicitud de retiro?<\/dt><dd class=\"wp-block-etoro-faq-item-answer\">\n<p>Para cancelar su solicitud de retiro, siga los pasos que se indican a continuaci\u00f3n:<\/p>\n\n\n\n<ol class=\"wp-block-list wp-block-list\">\n<li>Acceda a su solicitud de retiro aqu\u00ed, o vaya a su cuenta de inversi\u00f3n y haga clic en la pesta\u00f1a \u201cRetirar fondos\u201d.<\/li>\n\n\n\n<li>Aparecer\u00e1 un mensaje emergente. Utilice el enlace \u201c<a href=\"https:\/\/www.etoro.com\/es\/portfolio\/history\/cashflows\">Haga clic aqu\u00ed<\/a>\u201d para ver su historial de retiros.<\/li>\n\n\n\n<li>Haga clic en el bot\u00f3n \u201cAnular\u201d situado junto a la solicitud de retirada. Tenga en cuenta que, si el estado de su transacci\u00f3n es \u201cEn curso\u201d, ya no podr\u00e1 cancelar la solicitud.<\/li>\n\n\n\n<li>Confirme que desea cancelar la solicitud.<\/li>\n\n\n\n<li>Todos los fondos, incluyendo las comisiones por retiro, se devolver\u00e1n inmediatamente al saldo de su cuenta.<\/li>\n<\/ol>\n<\/dd><\/div>\n\n\n\n<div class=\"wp-block-etoro-faq-item\"><dt class=\"wp-block-etoro-faq-item-question\">\u00bfCu\u00e1les son las condiciones necesarias para abrir una solicitud de retirada?<\/dt><dd class=\"wp-block-etoro-faq-item-answer\">\n<ol class=\"wp-block-list wp-block-list\">\n<li>El importe m\u00ednimo de retirada es de 30 USD<\/li>\n\n\n\n<li>Debe tener fondos que puedan retirarse disponibles<\/li>\n\n\n\n<li>Su cuenta debe estar verificada, lo que significa que tiene una marca de verificaci\u00f3n verde en su perfil (si todav\u00eda no ha verificado su cuenta, p\u00f3ngase en contacto con nosotros y cargue los documentos requeridos)<\/li>\n<\/ol>\n\n\n\n<p>Su informaci\u00f3n personal, datos de pago y documentaci\u00f3n adjunta est\u00e1n protegidos por la estricta pol\u00edtica de seguridad de la informaci\u00f3n de eToro. Nuestras rigurosas directrices permiten salvaguardar su informaci\u00f3n<\/p>\n\n\n\n<p>Puede encontrar m\u00e1s informaci\u00f3n aqu\u00ed:&nbsp;<a href=\"https:\/\/www.etoro.com\/es\/customer-service\/privacy\/\">Pol\u00edtica de privacidad de eToro<\/a>.<\/p>\n<\/dd><\/div>\n\n\n\n<div class=\"wp-block-etoro-faq-item\"><dt class=\"wp-block-etoro-faq-item-question\">\u00bfHay alguna comisi\u00f3n por el retiro de fondos?<\/dt><dd class=\"wp-block-etoro-faq-item-answer\">\n<p>S\u00ed, las solicitudes de retiro est\u00e1n sujetas a una comisi\u00f3n por procesamiento del retiro. Podr\u00e1 ver la comisi\u00f3n por retiro que se le cobrar\u00e1 en el Cajero una vez introducido el importe del retiro; llegado a este punto, todav\u00eda puede cancelar la solicitud.<\/p>\n\n\n\n<figure class=\"wp-block-table\"><div class=\"wp-block-table-content\"><div class=\"wp-block-table-content-nav wp-block-table-content-nav-left\"><div class=\"wp-block-table-content-nav-arrow wp-block-table-content-nav-arrow-left\"><\/div><\/div><div class=\"wp-block-table-content-nav wp-block-table-content-nav-right\"><div class=\"wp-block-table-content-nav-arrow wp-block-table-content-nav-arrow-right\"><\/div><\/div><div class=\"wp-block-table-content-table\"><table><thead><tr><th class=\"has-text-align-left\" data-align=\"left\"><strong>Importe de retirada (USD)<\/strong><\/th><th class=\"has-text-align-left\" data-align=\"left\"><strong>Comisi\u00f3n (USD)<\/strong><\/th><\/tr><\/thead><tbody><tr><td class=\"has-text-align-left\" data-align=\"left\">30,00 +<\/td><td class=\"has-text-align-left\" data-align=\"left\">5<\/td><\/tr><\/tbody><\/table><\/div><\/div><\/figure>\n\n\n\n<p>Los retiros que se soliciten en divisas distintas del USD est\u00e1n sujetas a comisiones por conversi\u00f3n. Puede consultar los detalles de nuestras comisiones aqu\u00ed:&nbsp;<a href=\"https:\/\/www.etoro.com\/es\/trading\/market-hours-fees\/\">Comisiones<\/a>. Tenga en cuenta que el proveedor de pagos implicado en la transferencia (banco intermediario, banco destinatario o el proveedor de su tarjeta de cr\u00e9dito) le podr\u00eda realizar alg\u00fan cargo<\/p>\n<\/dd><\/div>\n\n\n\n<div class=\"wp-block-etoro-faq-item\"><dt class=\"wp-block-etoro-faq-item-question\">\u00bfC\u00f3mo sabr\u00e9 si se ha tramitado mi solicitud de retiro?<\/dt><dd class=\"wp-block-etoro-faq-item-answer\">\n<p>Cuando retira fondos de su cuenta de eToro a su cuenta de eToro Money, se transfieren instant\u00e1neamente* y puede verlos en su aplicaci\u00f3n de eToro Money.<\/p>\n\n\n\n<p>Con otros m\u00e9todos de pago, una vez que el procesamiento de su solicitud de retirada se haya completado, recibir\u00e1 una confirmaci\u00f3n por correo electr\u00f3nico con los detalles del m\u00e9todo de pago utilizado para enviar sus fondos. Adem\u00e1s, puede hacer clic&nbsp;<a href=\"https:\/\/www.etoro.com\/es\/portfolio\/history\/cashflows\">aqu\u00ed<\/a>&nbsp;para ver el estado actual de su solicitud de retirada en el panel de control de su cuenta de eToro.<\/p>\n\n\n\n<p>* Por varias razones, incluyendo los requisitos del procedimiento de seguridad, algunas retiradas solo pueden ser procesadas el siguiente d\u00eda h\u00e1bil.<\/p>\n<\/dd><\/div>\n\n\n\n<div class=\"wp-block-etoro-faq-item\"><dt class=\"wp-block-etoro-faq-item-question\">\u00bfQu\u00e9 deber\u00eda hacer si los fondos no aparecen en mi cuenta?<\/dt><dd class=\"wp-block-etoro-faq-item-answer\">\n<p>1. Haga clic aqu\u00ed para ver el estado actual de su solicitud de retiro en el panel de su cuenta de eToro. De forma alternativa, puede consultar el correo electr\u00f3nico que ha recibido sobre la tramitaci\u00f3n de su retiro, donde se le indicar\u00e1 la forma de pago utilizada para enviarle los fondos y la fecha.<\/p>\n\n\n\n<p>2. Aseg\u00farese de haber dejado suficiente tiempo para que la retirada sea procesada y transferida a su cuenta. Es posible que algunas retiradas solo se procesen el d\u00eda h\u00e1bil siguiente a su solicitud, y el proceso en s\u00ed puede durar hasta 10 d\u00edas h\u00e1biles adicionales, seg\u00fan el m\u00e9todo de pago utilizado:<\/p>\n\n\n\n<figure class=\"wp-block-table\"><div class=\"wp-block-table-content\"><div class=\"wp-block-table-content-nav wp-block-table-content-nav-left\"><div class=\"wp-block-table-content-nav-arrow wp-block-table-content-nav-arrow-left\"><\/div><\/div><div class=\"wp-block-table-content-nav wp-block-table-content-nav-right\"><div class=\"wp-block-table-content-nav-arrow wp-block-table-content-nav-arrow-right\"><\/div><\/div><div class=\"wp-block-table-content-table\"><table><thead><tr><th class=\"has-text-align-left\" data-align=\"left\">M\u00e9todo de Pago<\/th><th class=\"has-text-align-left\" data-align=\"left\">Tiempo para recibir los fondos despu\u00e9s de la solicitud de retirada<\/th><\/tr><\/thead><tbody><tr><td class=\"has-text-align-left\" data-align=\"left\">eToro Money*<\/td><td class=\"has-text-align-left\" data-align=\"left\">Retirada instant\u00e1nea<\/td><\/tr><tr><td class=\"has-text-align-left\" data-align=\"left\">Tarjeta de Cr\u00e9dito \/ D\u00e9bito<\/td><td class=\"has-text-align-left\" data-align=\"left\">Hasta 10 d\u00edas h\u00e1biles<\/td><\/tr><tr><td class=\"has-text-align-left\" data-align=\"left\">Transferencia bancaria<\/td><td class=\"has-text-align-left\" data-align=\"left\">Hasta 10 d\u00edas h\u00e1biles<\/td><\/tr><tr><td class=\"has-text-align-left\" data-align=\"left\">PayPal<\/td><td class=\"has-text-align-left\" data-align=\"left\">Hasta 2 d\u00edas h\u00e1biles<\/td><\/tr><tr><td class=\"has-text-align-left\" data-align=\"left\">Neteller<\/td><td class=\"has-text-align-left\" data-align=\"left\">Hasta 2 d\u00edas h\u00e1biles<\/td><\/tr><tr><td class=\"has-text-align-left\" data-align=\"left\">Skrill<\/td><td class=\"has-text-align-left\" data-align=\"left\">Hasta 2 d\u00edas h\u00e1biles<\/td><\/tr><tr><td class=\"has-text-align-left\" data-align=\"left\">Trustly<\/td><td class=\"has-text-align-left\" data-align=\"left\">Hasta 2 d\u00edas h\u00e1biles<\/td><\/tr><tr><td class=\"has-text-align-left\" data-align=\"left\">iDEAL<\/td><td class=\"has-text-align-left\" data-align=\"left\">Hasta 2 d\u00edas h\u00e1biles<\/td><\/tr><\/tbody><\/table><\/div><\/div><\/figure>\n\n\n\n<p>3. Si ha realizado todo lo anterior y los fondos siguen sin llegar a su cuenta, p\u00f3ngase en contacto con nosotros. Le solicitaremos que nos facilite un extracto de la forma de pago que muestre las transacciones entrantes y salientes desde la fecha en que se tramit\u00f3 el retiro hasta la fecha en que se puso en contacto con nosotros. Aseg\u00farese de que en \u00e9l podamos ver su nombre, las fechas de las transacciones y los detalles de la forma de pago.<\/p>\n<\/dd><\/div>\n\n\n\n<div class=\"wp-block-etoro-faq-item\"><dt class=\"wp-block-etoro-faq-item-question\">\u00bfPuedo transferir dinero de eToro a PayPal?<\/dt><dd class=\"wp-block-etoro-faq-item-answer\">\n<p>S\u00ed. Sin embargo, tenga en cuenta que esta opci\u00f3n de retiro de fondos solo estar\u00e1 disponible para aquellos clientes que hayan utilizado PayPal para financiar sus cuentas.<a href=\"javascript:void(0)\"><\/a><\/p>\n<\/dd><\/div>\n<\/dl>\n<\/div>\n<\/div>\n<\/div><\/section>\n","protected":false},"excerpt":{"rendered":"<p>C\u00f3mo retirar fondos de su cuenta de eToro \u2013 Preguntas frecuentes<\/p>\n","protected":false},"author":1,"featured_media":1052224,"parent":6961,"menu_order":1434,"comment_status":"closed","ping_status":"closed","template":"","meta":{"_acf_changed":false,"inline_featured_image":false,"sticky_cta_settings":"","footnotes":""},"asset_type":[],"class_list":["post-10342","page","type-page","status-publish","has-post-thumbnail","hentry"],"acf":[],"yoast_head":"<title>C\u00f3mo retirar fondos en eToro<\/title>\n<meta name=\"description\" content=\"Todo lo que necesita saber para realizar retiradas de fondos de la red de trading social de eToro y las respuestas a las preguntas frecuentes.\" \/>\n<meta name=\"robots\" content=\"index, follow, max-snippet:-1, max-image-preview:large, max-video-preview:-1\" \/>\n<link rel=\"canonical\" href=\"https:\/\/www.etoro.com\/es\/wp-json\/wp\/v2\/pages\/10342\" \/>\n<meta property=\"og:locale\" content=\"es_ES\" \/>\n<meta property=\"og:type\" content=\"article\" \/>\n<meta property=\"og:title\" content=\"C\u00f3mo retirar fondos en eToro\" \/>\n<meta property=\"og:description\" content=\"Todo lo que necesita saber para realizar retiradas de fondos de la red de trading social de eToro y las respuestas a las preguntas frecuentes.\" \/>\n<meta property=\"og:url\" content=\"https:\/\/www.etoro.com\/es\/wp-json\/wp\/v2\/pages\/10342\" \/>\n<meta property=\"og:site_name\" content=\"eToro\" \/>\n<meta property=\"article:publisher\" content=\"https:\/\/www.facebook.com\/eToro\/\" \/>\n<meta property=\"article:modified_time\" content=\"2026-01-08T10:14:40+00:00\" \/>\n<meta property=\"og:image\" content=\"https:\/\/www.etoro.com\/wp-content\/uploads\/2025\/04\/Featured-image-ES-1200x630-1.png\" \/>\n\t<meta property=\"og:image:width\" content=\"1200\" \/>\n\t<meta property=\"og:image:height\" content=\"630\" \/>\n\t<meta property=\"og:image:type\" content=\"image\/png\" \/>\n<meta name=\"twitter:card\" content=\"summary_large_image\" \/>\n<meta name=\"twitter:site\" content=\"@eToro\" \/>\n<meta name=\"twitter:label1\" content=\"Est. reading time\" \/>\n\t<meta name=\"twitter:data1\" content=\"6 minutes\" \/>\n<script type=\"application\/ld+json\" class=\"yoast-schema-graph\">{\"@context\":\"https:\/\/schema.org\",\"@graph\":[{\"@type\":\"WebPage\",\"@id\":\"https:\/\/www.etoro.com\/es\/customer-service\/withdraw-faq\/\",\"url\":\"https:\/\/www.etoro.com\/es\/customer-service\/withdraw-faq\/\",\"name\":\"C\u00f3mo retirar fondos en eToro\",\"isPartOf\":{\"@id\":\"https:\/\/www.etoro.com\/es\/#website\"},\"primaryImageOfPage\":{\"@id\":\"https:\/\/www.etoro.com\/es\/customer-service\/withdraw-faq\/#primaryimage\"},\"image\":{\"@id\":\"https:\/\/www.etoro.com\/es\/customer-service\/withdraw-faq\/#primaryimage\"},\"thumbnailUrl\":\"https:\/\/www.etoro.com\/wp-content\/uploads\/2025\/04\/Featured-image-ES-1200x630-1.png\",\"datePublished\":\"2017-10-26T05:21:46+00:00\",\"dateModified\":\"2026-01-08T10:14:40+00:00\",\"description\":\"Todo lo que necesita saber para realizar retiradas de fondos de la red de trading social de eToro y las respuestas a las preguntas frecuentes.\",\"breadcrumb\":{\"@id\":\"https:\/\/www.etoro.com\/es\/customer-service\/withdraw-faq\/#breadcrumb\"},\"inLanguage\":\"es\",\"potentialAction\":[{\"@type\":\"ReadAction\",\"target\":[\"https:\/\/www.etoro.com\/es\/customer-service\/withdraw-faq\/\"]}]},{\"@type\":\"ImageObject\",\"inLanguage\":\"es\",\"@id\":\"https:\/\/www.etoro.com\/es\/customer-service\/withdraw-faq\/#primaryimage\",\"url\":\"https:\/\/www.etoro.com\/wp-content\/uploads\/2025\/04\/Featured-image-ES-1200x630-1.png\",\"contentUrl\":\"https:\/\/www.etoro.com\/wp-content\/uploads\/2025\/04\/Featured-image-ES-1200x630-1.png\",\"width\":1200,\"height\":630},{\"@type\":\"BreadcrumbList\",\"@id\":\"https:\/\/www.etoro.com\/es\/customer-service\/withdraw-faq\/#breadcrumb\",\"itemListElement\":[{\"@type\":\"ListItem\",\"position\":1,\"name\":\"Inicio\",\"item\":\"https:\/\/www.etoro.com\/es\/\"},{\"@type\":\"ListItem\",\"position\":2,\"name\":\"ATENCI\u00d3N AL CLIENTE\",\"item\":\"https:\/\/www.etoro.com\/es\/customer-service\/\"},{\"@type\":\"ListItem\",\"position\":3,\"name\":\"PREGUNTAS FRECUENTES SOBRE RETIRADA DE FONDOS\"}]},{\"@type\":\"WebSite\",\"@id\":\"https:\/\/www.etoro.com\/es\/#website\",\"url\":\"https:\/\/www.etoro.com\/es\/\",\"name\":\"eToro\",\"description\":\"\",\"publisher\":{\"@id\":\"https:\/\/www.etoro.com\/es\/#organization\"},\"potentialAction\":[{\"@type\":\"SearchAction\",\"target\":{\"@type\":\"EntryPoint\",\"urlTemplate\":\"https:\/\/www.etoro.com\/es\/?s={search_term_string}\"},\"query-input\":{\"@type\":\"PropertyValueSpecification\",\"valueRequired\":true,\"valueName\":\"search_term_string\"}}],\"inLanguage\":\"es\"},[]]}<\/script>","yoast_head_json":{"title":"C\u00f3mo retirar fondos en eToro","description":"Todo lo que necesita saber para realizar retiradas de fondos de la red de trading social de eToro y las respuestas a las preguntas frecuentes.","robots":{"index":"index","follow":"follow","max-snippet":"max-snippet:-1","max-image-preview":"max-image-preview:large","max-video-preview":"max-video-preview:-1"},"canonical":"https:\/\/www.etoro.com\/es\/wp-json\/wp\/v2\/pages\/10342","og_locale":"es_ES","og_type":"article","og_title":"C\u00f3mo retirar fondos en eToro","og_description":"Todo lo que necesita saber para realizar retiradas de fondos de la red de trading social de eToro y las respuestas a las preguntas frecuentes.","og_url":"https:\/\/www.etoro.com\/es\/wp-json\/wp\/v2\/pages\/10342","og_site_name":"eToro","article_publisher":"https:\/\/www.facebook.com\/eToro\/","article_modified_time":"2026-01-08T10:14:40+00:00","og_image":[{"width":1200,"height":630,"url":"https:\/\/www.etoro.com\/wp-content\/uploads\/2025\/04\/Featured-image-ES-1200x630-1.png","type":"image\/png"}],"twitter_card":"summary_large_image","twitter_site":"@eToro","twitter_misc":{"Est. reading time":"6 minutes"},"schema":{"@context":"https:\/\/schema.org","@graph":[{"@type":"WebPage","@id":"https:\/\/www.etoro.com\/es\/customer-service\/withdraw-faq\/","url":"https:\/\/www.etoro.com\/es\/customer-service\/withdraw-faq\/","name":"C\u00f3mo retirar fondos en eToro","isPartOf":{"@id":"https:\/\/www.etoro.com\/es\/#website"},"primaryImageOfPage":{"@id":"https:\/\/www.etoro.com\/es\/customer-service\/withdraw-faq\/#primaryimage"},"image":{"@id":"https:\/\/www.etoro.com\/es\/customer-service\/withdraw-faq\/#primaryimage"},"thumbnailUrl":"https:\/\/www.etoro.com\/wp-content\/uploads\/2025\/04\/Featured-image-ES-1200x630-1.png","datePublished":"2017-10-26T05:21:46+00:00","dateModified":"2026-01-08T10:14:40+00:00","description":"Todo lo que necesita saber para realizar retiradas de fondos de la red de trading social de eToro y las respuestas a las preguntas frecuentes.","breadcrumb":{"@id":"https:\/\/www.etoro.com\/es\/customer-service\/withdraw-faq\/#breadcrumb"},"inLanguage":"es","potentialAction":[{"@type":"ReadAction","target":["https:\/\/www.etoro.com\/es\/customer-service\/withdraw-faq\/"]}]},{"@type":"ImageObject","inLanguage":"es","@id":"https:\/\/www.etoro.com\/es\/customer-service\/withdraw-faq\/#primaryimage","url":"https:\/\/www.etoro.com\/wp-content\/uploads\/2025\/04\/Featured-image-ES-1200x630-1.png","contentUrl":"https:\/\/www.etoro.com\/wp-content\/uploads\/2025\/04\/Featured-image-ES-1200x630-1.png","width":1200,"height":630},{"@type":"BreadcrumbList","@id":"https:\/\/www.etoro.com\/es\/customer-service\/withdraw-faq\/#breadcrumb","itemListElement":[{"@type":"ListItem","position":1,"name":"Inicio","item":"https:\/\/www.etoro.com\/es\/"},{"@type":"ListItem","position":2,"name":"ATENCI\u00d3N AL CLIENTE","item":"https:\/\/www.etoro.com\/es\/customer-service\/"},{"@type":"ListItem","position":3,"name":"PREGUNTAS FRECUENTES SOBRE RETIRADA DE FONDOS"}]},{"@type":"WebSite","@id":"https:\/\/www.etoro.com\/es\/#website","url":"https:\/\/www.etoro.com\/es\/","name":"eToro","description":"","publisher":{"@id":"https:\/\/www.etoro.com\/es\/#organization"},"potentialAction":[{"@type":"SearchAction","target":{"@type":"EntryPoint","urlTemplate":"https:\/\/www.etoro.com\/es\/?s={search_term_string}"},"query-input":{"@type":"PropertyValueSpecification","valueRequired":true,"valueName":"search_term_string"}}],"inLanguage":"es"},[]]}},"_links":{"self":[{"href":"https:\/\/www.etoro.com\/es\/wp-json\/wp\/v2\/pages\/10342"}],"collection":[{"href":"https:\/\/www.etoro.com\/es\/wp-json\/wp\/v2\/pages"}],"about":[{"href":"https:\/\/www.etoro.com\/es\/wp-json\/wp\/v2\/types\/page"}],"author":[{"embeddable":true,"href":"https:\/\/www.etoro.com\/es\/wp-json\/wp\/v2\/users\/1"}],"replies":[{"embeddable":true,"href":"https:\/\/www.etoro.com\/es\/wp-json\/wp\/v2\/comments?post=10342"}],"version-history":[{"count":0,"href":"https:\/\/www.etoro.com\/es\/wp-json\/wp\/v2\/pages\/10342\/revisions"}],"up":[{"embeddable":true,"href":"https:\/\/www.etoro.com\/es\/wp-json\/wp\/v2\/pages\/6961"}],"wp:featuredmedia":[{"embeddable":true,"href":"https:\/\/www.etoro.com\/es\/wp-json\/wp\/v2\/media\/1052224"}],"wp:attachment":[{"href":"https:\/\/www.etoro.com\/es\/wp-json\/wp\/v2\/media?parent=10342"}],"wp:term":[{"taxonomy":"asset_type","embeddable":true,"href":"https:\/\/www.etoro.com\/es\/wp-json\/wp\/v2\/asset_type?post=10342"}],"curies":[{"name":"wp","href":"https:\/\/api.w.org\/{rel}","templated":true}]}}