{"id":1075530,"date":"2025-05-01T17:37:08","date_gmt":"2025-05-01T14:37:08","guid":{"rendered":"https:\/\/www.etoro.com\/investing\/saving-to-invest\/"},"modified":"2025-10-09T08:33:12","modified_gmt":"2025-10-09T05:33:12","slug":"saving-to-invest","status":"publish","type":"page","link":"https:\/\/www.etoro.com\/es\/investing\/saving-to-invest\/","title":{"rendered":"Ahorrar para invertir: Gu\u00eda pr\u00e1ctica"},"content":{"rendered":"\n<p class=\"is-style-summary\">Si entendemos que invertir es usar dinero para adquirir activos que generen un retorno, el paso previo ser\u00eda contar con el capital que lo permita. En esto cobran sentido los ahorros. <\/p>\n\n\n\n<hr class=\"wp-block-separator wp-block-separator-color-dark-grey wp-block-separator-spaces-medium wp-block-separator-weight-1\"\/>\n\n\n\n<p>Ahorrar e invertir suelen usarse indistintamente porque van de la mano cuando se desea hacer crecer el capital. Sin embargo, <strong>los ahorros tienden a preceder a la inversi\u00f3n en t\u00e9rminos de ejecuci\u00f3n real<\/strong>. Por lo mismo, primero necesitas ahorrar para construir el capital de inversi\u00f3n que necesitas.<\/p>\n\n\n\n<h2 class=\"wp-block-heading\" id=\"h.8pikq82spl2o\">\u00bfPor qu\u00e9 es importante comprender tus ingresos y tus gastos?<\/h2>\n\n\n\n<p><strong>Comprender tus ingresos y gastos es clave para ejecutar un plan o<\/strong>\u00a0<strong><e-tip data-tooltip=\"Metodolog\u00eda sistem\u00e1tica utilizada para invertir, basada en normas y criterios predefinidos.\">estrategia de inversi\u00f3n<\/e-tip><\/strong>\u00a0Esto te permite definir tu capacidad de ahorro, <strong>tolerancia al riesgo<\/strong>\u00a0y horizonte de inversi\u00f3n, por ejemplo. Sin esto, cualquier decisi\u00f3n financiera es poco s\u00f3lida y aumenta la posibilidad de p\u00e9rdidas.<\/p>\n\n\n\n<figure class=\"wp-block-image\"><img decoding=\"async\" src=\"https:\/\/www.etoro.com\/wp-content\/uploads\/2025\/04\/Body-Image-1-Setting-Financial-Goals-for-Investment-Success.png\" alt=\"Image related to \u00bfPor qu\u00e9 es importante comprender tus ingresos y tus gastos?\" class=\"wp-image-desktop\"\/><\/figure>\n\n\n\n<p>A menos que tengas una suma considerable de una herencia o te hayan regalado dinero, <strong>lo primero que necesitar\u00e1s es ahorrar antes de invertir<\/strong>, o sea, contar con capital para hacerlo. Los h\u00e1bitos de ahorro no son inmediatos y generalmente se forman poco a poco, con diferentes estrategias para aumentar tu dinero y poder <a href=\"https:\/\/www.etoro.com\/es\/academy\/investing\/\">invertir<\/a>.<\/p>\n\n\n\n<p>Pero, antes de ahorrar, el primer paso es crear una base financiera s\u00f3lida. Esto implica que <strong>identifiques tus fuentes de ingresos y analices tus gastos<\/strong>. Entender c\u00f3mo fluye tu dinero te dar\u00e1 claridad y ayudar\u00e1 a crear un presupuesto y un plan de ahorros realistas.<\/p>\n\n\n\n<p>Adem\u00e1s, analizar tus gastos es \u00fatil para tapar agujeros y prevenir gastos altos en art\u00edculos innecesarios que amenazan con consumir tu dinero e impactar en tus ahorros. Adem\u00e1s, <strong>podr\u00e1s dar prioridad a los ahorros antes que a los gastos no esenciales<\/strong>. Por ejemplo, en lugar de gastar en una joya o en una comida cara de un restaurante, puedes crear un sistema donde la reducci\u00f3n de costes de este tipo sea clave.<\/p>\n\n\n\n<h2 class=\"wp-block-heading\" id=\"h.hmk66xai7j96\">\u00bfC\u00f3mo establecer metas financieras para el \u00e9xito de una inversi\u00f3n?<\/h2>\n\n\n\n<p>Con\u00a0las bases claras, <strong>establece tus objetivos de ahorro e inversi\u00f3n, es decir, tus metas financieras<\/strong>. Para ello determina tus objetivos de inversi\u00f3n a corto y largo plazo, calcula cu\u00e1nto necesitas, eval\u00faa tu <a href=\"https:\/\/www.rankia.com\/diccionario\/bolsa\/tolerancia-riesgo\" target=\"_blank\" rel=\"noreferrer noopener\"><e-tip data-tooltip=\"El grado de volatilidad de rendimientos que un inversor est\u00e1 dispuesto a soportar.\">tolerancia al riesgo<\/e-tip><\/a>, ajusta tu inversi\u00f3n y tambi\u00e9n crea un plan para alcanzar todo esto.<\/p>\n\n\n\n<figure class=\"wp-block-image\"><img decoding=\"async\" src=\"https:\/\/www.etoro.com\/wp-content\/uploads\/2025\/04\/Body-Image-2-The-Power-of-Long-Term-Consistent-Investing.png\" alt=\"Image related to \u00bfC\u00f3mo establecer metas financieras para el \u00e9xito de una inversi\u00f3n?\" class=\"wp-image-desktop\"\/><\/figure>\n\n\n\n<p><mark>Estos planes<strong> deben encajar en tus estrategias de ahorro y objetivos generales de inversi\u00f3n<\/strong>. El plazo tambi\u00e9n debe ser realista, generalmente desglosado en hitos de inversi\u00f3n m\u00e1s peque\u00f1os que debes poder rastrear f\u00e1cilmente.<\/mark><\/p>\n\n\n\n<p>Por ejemplo, imagina que est\u00e1s ahorrando para objetivos a corto plazo, como un fondo de emergencia o tomar un nuevo curso. Debes determinar cu\u00e1nto necesitas ahorrar y el per\u00edodo para lograrlo. <strong>La informaci\u00f3n te ayudar\u00e1 a crear un presupuesto, y podr\u00e1s analizar continuamente tus gastos<\/strong>&nbsp;para asegurarte de que la cantidad que fijaste realmente vaya a tus ahorros.<\/p>\n\n\n\n<h2 class=\"wp-block-heading\" id=\"h.1s3pnfnjhm6x\">C\u00f3mo automatizar tus ahorros y tus inversiones&nbsp;<\/h2>\n\n\n\n<p>Un \u00fatil enfoque es <strong>automatizar algunos procesos, como las transferencias a tus cuentas de ahorro o inversi\u00f3n por mes <\/strong>(o cualquier per\u00edodo que funcione para ti), como tambi\u00e9n el uso de herramientas financieras que aporten cada mes a tu plan, por ejemplo.<\/p>\n\n\n\n<div class=\"wp-block-etoro-tip wp-block-etoro-tip-border-yellow\"><span class=\"wp-block-etoro-tip-icon\"><\/span><div class=\"wp-block-etoro-tip-text\">\n<p><strong>Consejo:&nbsp;<\/strong>Aseg\u00farate de que cualquier cuenta de ahorros que configures ofrezca un <a href=\"https:\/\/www.etoro.com\/trading\/market-hours\/\">tipo de inter\u00e9s superior a la media.<\/a><\/p>\n<\/div><\/div>\n\n\n\n<p>Por ejemplo, puedes crear una orden permanente en tu cuenta en la que se transfiere tu salario para deducciones automatizadas en el d\u00eda de pago en cuentas de ahorro exentas de impuestos, como a una cuenta de Planes de Ahorro a Largo Plazo (PALP). <strong>Tambi\u00e9n puedes usar aplicaciones de ahorro con planes automatizados<\/strong>, que te ayudan a guardar peque\u00f1as cantidades y as\u00ed mantener la disciplina y reducir el gasto emocional.<\/p>\n\n\n\n<h2 class=\"wp-block-heading\" id=\"h.9ypr76i36y7l\">&nbsp;El poder de la inversi\u00f3n constante a largo plazo<\/h2>\n\n\n\n<p>Invertir de forma constante a largo plazo conlleva varios beneficios: te permite <strong>aprovechar el inter\u00e9s compuesto, reducir riesgos por volatilidad y que tus ganancias <\/strong>puedan<strong>&nbsp;<\/strong>aumentar con el tiempo. Al invertir con regularidad, incluso en cantidades peque\u00f1as, desarrollas tu disciplina financiera.<\/p>\n\n\n\n<figure class=\"wp-block-image\"><img decoding=\"async\" src=\"https:\/\/www.etoro.com\/wp-content\/uploads\/2025\/04\/Body-Image-3-Final-thoughts-1.png\" alt=\"Image related to El poder de la inversi\u00f3n constante a largo plazo\" class=\"wp-image-desktop\"\/><\/figure>\n\n\n\n<p>Siempre considera que&nbsp;el mercado de inversi\u00f3n posee diversas oportunidades y opciones de inversi\u00f3n. Sin embargo, a diferencia de los ahorros que ofrecen un <a href=\"https:\/\/www.bbva.com\/es\/salud-financiera\/roi-que-es-el-retorno-de-la-inversion-y-cual-es-su-formula\/\" target=\"_blank\" rel=\"noreferrer noopener\">retorno de la inversi\u00f3n (ROI)<\/a>&nbsp;constante,<strong>&nbsp;la inversi\u00f3n no viene con garant\u00edas y siempre puedes perder dinero<\/strong>. Por lo mismo, debes ser paciente, cauteloso y seguir un plan inteligente.<\/p>\n\n\n\n<p>Por ejemplo, si compras acciones de una empresa que, posteriormente, se declara en quiebra, tu <e-tip data-tooltip=\"Total de dinero disponible que tiene una empresa o una persona para poder comprar y vender activos.\">capital<\/e-tip>\u00a0puede reducirse a cero. Por eso, <strong>muchos inversores experimentados <\/strong>recomiendan<strong>\u00a0<\/strong>construir un <a href=\"https:\/\/www.etoro.com\/es\/investing\/how-to-build-a-diversified-portfolio\/\">portafolio diversificado<\/a>\u00a0con acciones, bonos y otros instrumentos financieros. Consiste en cumplir la m\u00e1xima de \u00abno poner todos los huevos en la misma cesta\u00bb.<\/p>\n\n\n\n<div class=\"wp-block-etoro-tip wp-block-etoro-tip-border-yellow\"><span class=\"wp-block-etoro-tip-icon\"><\/span><div class=\"wp-block-etoro-tip-text\">\n<p><strong>Consejo:<\/strong>&nbsp;Los esquemas basados en los principios de la <a href=\"https:\/\/www.etoro.com\/es\/investing\/what-are-recurring-investment\/\">inversi\u00f3n recurrente<\/a>&nbsp;pueden ayudarte a rastrear el rendimiento general del mercado.<\/p>\n<\/div><\/div>\n\n\n\n<p>Por lo general, se recomienda <strong>que los principiantes realicen inversiones de bajo <\/strong><e-tip data-tooltip=\"En finanzas, se entiende por riesgo a la probabilidad de incidir en una p\u00e9rdida de capital.\">riesgo<\/e-tip>\u00a0para tantear el terreno antes de comprometer m\u00e1s dinero a la inversi\u00f3n. Un enfoque implica invertir en <a href=\"https:\/\/www.etoro.com\/es\/investing\/what-is-etf\/\">fondos cotizados en bolsa<\/a>\u00a0(ETF), que combinan acciones y otros activos de varias entidades que se mantienen en una cesta de inversi\u00f3n.<\/p>\n\n\n\n<p>Tampoco necesitas invertir todos tus ahorros de una vez. Si intentas comprar en una ca\u00edda en el mercado, tambi\u00e9n te arriesgas a comprar en la cima. El enfoque alternativo de <a href=\"https:\/\/www.etoro.com\/es\/investing\/dollar-cost-averaging\/\">promedio de coste en d\u00f3lares<\/a>&nbsp;alimenta gradualmente el capital en los mercados financieros y se puede utilizar independientemente de los instrumentos en los que est\u00e9s invirtiendo. <strong>Es una forma de ayudarte a rastrear, en lugar de intentar vencer al mercado.<\/strong><\/p>\n\n\n\n<h2 class=\"wp-block-heading\" id=\"h.ldjhngvhmf39\">Reflexiones finales<\/h2>\n\n\n\n<p>Ahorrar para invertir potencialmente te permitir\u00eda alcanzar <a href=\"https:\/\/www.etoro.com\/es\/investing\/financial-independence\/\">la libertad financiera<\/a>. Esto requiere de un crecimiento financiero constante y disciplina. Por eso, <strong>establece objetivos financieros, forma h\u00e1bitos de ahorro, ap\u00e9gate al plan y elige una plataforma de inversi\u00f3n de confianza<\/strong>.<\/p>\n\n\n\n<p>Siempre recuerda que la<strong>&nbsp;inversi\u00f3n conlleva riesgo en cada nivel.<\/strong>&nbsp;La recomendaci\u00f3n es que hagas tu propia investigaci\u00f3n y encuentres las oportunidades de inversi\u00f3n que funcionen para ti.<\/p>\n\n\n\n<p>Para obtener m\u00e1s informaci\u00f3n sobre los mercados financieros para principiantes, visita la <a href=\"https:\/\/www.etoro.com\/es\/digest-and-invest\/\">Academia de eToro<\/a>.<\/p>\n\n\n\n<h2 class=\"wp-block-heading\" id=\"h.5tatqhctc0j3\">Preguntas frecuentes<\/h2>\n\n\n\n<dl class=\"wp-block-etoro-faq\">\n<div class=\"wp-block-etoro-faq-item\"><dt class=\"wp-block-etoro-faq-item-question\">\u00bfEn qu\u00e9 se diferencia el ahorro de la inversi\u00f3n?<\/dt><dd class=\"wp-block-etoro-faq-item-answer\">\n<p>Ahorrar generalmente implica reservar dinero para gastos a corto plazo, como facturas y vacaciones, mientras que <a href=\"https:\/\/www.etoro.com\/es\/investing\/why-should-i-start-investing\/\">invertir<\/a>&nbsp;es para objetivos a largo plazo, como la jubilaci\u00f3n y los reembolsos de la hipoteca de suma global.<\/p>\n<\/dd><\/div>\n\n\n\n<div class=\"wp-block-etoro-faq-item\"><dt class=\"wp-block-etoro-faq-item-question\">\u00bfC\u00f3mo empiezo a ahorrar e invertir?<\/dt><dd class=\"wp-block-etoro-faq-item-answer\">\n<p>Esto depende de tus objetivos financieros&nbsp;y ganancias; no obstante, retirar el 20&nbsp;% de tus ingresos durante un par de meses puede ser un buen lugar para comenzar. Construye un h\u00e1bito de ahorro s\u00f3lido y pon tu dinero en una cuenta de ahorros de alto rendimiento, acumula suficientes fondos de emergencia e invierte en cualquier <a href=\"https:\/\/www.etoro.com\/es\/investing\/how-to-choose-what-asset-class-to-invest-in\/\">veh\u00edculo financiero&nbsp;<\/a>de tu elecci\u00f3n.<\/p>\n<\/dd><\/div>\n\n\n\n<div class=\"wp-block-etoro-faq-item\"><dt class=\"wp-block-etoro-faq-item-question\">\u00bfQu\u00e9 es el \u00abefecto compuesto\u00bb?<\/dt><dd class=\"wp-block-etoro-faq-item-answer\">\n<p>El <a href=\"https:\/\/www.etoro.com\/es\/investing\/the-compounding-effect\/\">efecto compuesto<\/a>, o inter\u00e9s compuesto, se entiende como el proceso de reinvertir los intereses generados, sum\u00e1ndolos al capital inicial y creando a\u00fan m\u00e1s intereses sobre esa suma mayor; el resultado de esto es un crecimiento exponencial. Con esto se genera un c\u00edrculo virtuoso en el que, cuanto m\u00e1s reinviertes, mayor es el tama\u00f1o de los retornos interinos, como los <a href=\"https:\/\/www.etoro.com\/es\/investing\/what-are-dividends\/\">dividendos<\/a>. Esto aumenta el tama\u00f1o de tu fondo de inversi\u00f3n, y as\u00ed sucesivamente.<\/p>\n<\/dd><\/div>\n<\/dl>\n\n\n\n\t\t<style>\n\t\t\t.rtl .etoro-block-shortcode-disclaimer {\n\t\t\t\ttext-align:right;\n\t\t\t}\n\t\t\t.etoro-block-shortcode-disclaimer {\n\t\t\t\tmargin-bottom:18px;\n\t\t\t\ttext-align:left;\n\t\t\t}\n\t\t\t.etoro-block-shortcode-disclaimer p{\n\t\t\t\tfont-size: 12px;\n\t\t\t\tline-height: 18px;\n\t\t\t}\n\t\t\t@media (min-width: 768px) {\n\t\t\t\t.etoro-block-shortcode-disclaimer {\n\t\t\t\t\tmax-width:1176px;\n\t\t\t\t\ttext-align:center;\n\t\t\t\t}\n\t\t\t\t.etoro-block-shortcode-disclaimer p {\n\t\t\t\t\tfont-size: 14px;\n\t\t\t\t\tline-height: 20px;\n\t\t\t\t}\n\t\t\t}\n\t\t<\/style>\n\t\t<div class='etoro-block-shortcode-disclaimer'><p>Esta informaci\u00f3n es \u00fanicamente para fines educativos y no debe interpretarse como un consejo de inversi\u00f3n, una recomendaci\u00f3n personalizada, una oferta o una solicitud para comprar o vender instrumentos financieros.<\/p>\n<p>Este material se ha preparado sin considerar objetivos de inversi\u00f3n o situaciones financieras particulares. Adem\u00e1s, no cumple con los requisitos legales y regulatorios que promueven la investigaci\u00f3n independiente.<\/p>\n<p><strong>No todos los servicios e instrumentos financieros mencionados est\u00e1n disponibles en eToro.<\/strong> Cualquier referencia al rendimiento pasado de un instrumento financiero, \u00edndice o producto de inversi\u00f3n consolidado no es, ni debe considerarse, un indicador fiable de resultados futuros. <strong>La disponibilidad de todos los productos y servicios mencionados puede variar seg\u00fan la jurisdicci\u00f3n y el pa\u00eds.<\/strong><\/p>\n<p>eToro no se responsabiliza ni asume ninguna obligaci\u00f3n por la precisi\u00f3n o integridad del contenido de esta gu\u00eda. Aseg\u00farate de comprender los riesgos asociados con la inversi\u00f3n antes de comprometer tu capital. Nunca arriesgues m\u00e1s de lo que puedas permitirte perder.<\/p>\n<\/div>\n","protected":false},"excerpt":{"rendered":"<p>Si entendemos que invertir es usar dinero para adquirir activos que generen un retorno, el paso previo ser\u00eda contar con el capital que lo permita. En esto cobran sentido los ahorros. Ahorrar e invertir suelen usarse indistintamente porque van de la mano cuando se desea hacer crecer el capital. Sin embargo, los ahorros tienden a&hellip;<\/p>\n","protected":false},"author":96,"featured_media":1075552,"parent":19770,"menu_order":0,"comment_status":"closed","ping_status":"closed","template":"","meta":{"_acf_changed":false,"inline_featured_image":false,"sticky_cta_settings":"","footnotes":""},"asset_type":[],"class_list":["post-1075530","page","type-page","status-publish","has-post-thumbnail","hentry"],"acf":[],"yoast_head":"<title>C\u00f3mo ahorrar dinero para poder invertir: Gu\u00eda paso a paso<\/title>\n<meta name=\"description\" content=\"Aprende a ahorrar dinero para invertir. Descubre estrategias para efectuar presupuestos, automatizaciones y generar crecimiento a largo plazo.\" \/>\n<meta name=\"robots\" content=\"index, follow, max-snippet:-1, max-image-preview:large, max-video-preview:-1\" \/>\n<link rel=\"canonical\" href=\"https:\/\/www.etoro.com\/es\/wp-json\/wp\/v2\/pages\/1075530\" \/>\n<meta property=\"og:locale\" content=\"es_ES\" \/>\n<meta property=\"og:type\" content=\"article\" \/>\n<meta property=\"og:title\" content=\"C\u00f3mo ahorrar dinero para poder invertir: Gu\u00eda paso a paso\" \/>\n<meta property=\"og:description\" content=\"Aprende a ahorrar dinero para invertir. Descubre estrategias para efectuar presupuestos, automatizaciones y generar crecimiento a largo plazo.\" \/>\n<meta property=\"og:url\" content=\"https:\/\/www.etoro.com\/es\/wp-json\/wp\/v2\/pages\/1075530\" \/>\n<meta property=\"og:site_name\" content=\"eToro\" \/>\n<meta property=\"article:publisher\" content=\"https:\/\/www.facebook.com\/eToro\/\" \/>\n<meta property=\"article:modified_time\" content=\"2025-10-09T05:33:12+00:00\" \/>\n<meta property=\"og:image\" content=\"https:\/\/www.etoro.com\/wp-content\/uploads\/2025\/06\/ES-Saving-to-Invest_1200x630-1.png\" \/>\n\t<meta property=\"og:image:width\" content=\"1200\" \/>\n\t<meta property=\"og:image:height\" content=\"630\" \/>\n\t<meta property=\"og:image:type\" content=\"image\/png\" \/>\n<meta name=\"twitter:card\" content=\"summary_large_image\" \/>\n<meta name=\"twitter:site\" content=\"@eToro\" \/>\n<meta name=\"twitter:label1\" content=\"Est. reading time\" \/>\n\t<meta name=\"twitter:data1\" content=\"6 minutes\" \/>\n<script type=\"application\/ld+json\" class=\"yoast-schema-graph\">{\"@context\":\"https:\/\/schema.org\",\"@graph\":[{\"@type\":\"WebPage\",\"@id\":\"https:\/\/www.etoro.com\/es\/investing\/saving-to-invest\/\",\"url\":\"https:\/\/www.etoro.com\/es\/investing\/saving-to-invest\/\",\"name\":\"C\u00f3mo ahorrar dinero para poder invertir: Gu\u00eda paso a paso\",\"isPartOf\":{\"@id\":\"https:\/\/www.etoro.com\/es\/#website\"},\"primaryImageOfPage\":{\"@id\":\"https:\/\/www.etoro.com\/es\/investing\/saving-to-invest\/#primaryimage\"},\"image\":{\"@id\":\"https:\/\/www.etoro.com\/es\/investing\/saving-to-invest\/#primaryimage\"},\"thumbnailUrl\":\"https:\/\/www.etoro.com\/wp-content\/uploads\/2025\/06\/ES-Saving-to-Invest_1200x630-1.png\",\"datePublished\":\"2025-05-01T14:37:08+00:00\",\"dateModified\":\"2025-10-09T05:33:12+00:00\",\"description\":\"Aprende a ahorrar dinero para invertir. Descubre estrategias para efectuar presupuestos, automatizaciones y generar crecimiento a largo plazo.\",\"breadcrumb\":{\"@id\":\"https:\/\/www.etoro.com\/es\/investing\/saving-to-invest\/#breadcrumb\"},\"inLanguage\":\"es\",\"potentialAction\":[{\"@type\":\"ReadAction\",\"target\":[\"https:\/\/www.etoro.com\/es\/investing\/saving-to-invest\/\"]}]},{\"@type\":\"ImageObject\",\"inLanguage\":\"es\",\"@id\":\"https:\/\/www.etoro.com\/es\/investing\/saving-to-invest\/#primaryimage\",\"url\":\"https:\/\/www.etoro.com\/wp-content\/uploads\/2025\/06\/ES-Saving-to-Invest_1200x630-1.png\",\"contentUrl\":\"https:\/\/www.etoro.com\/wp-content\/uploads\/2025\/06\/ES-Saving-to-Invest_1200x630-1.png\",\"width\":1200,\"height\":630},{\"@type\":\"BreadcrumbList\",\"@id\":\"https:\/\/www.etoro.com\/es\/investing\/saving-to-invest\/#breadcrumb\",\"itemListElement\":[{\"@type\":\"ListItem\",\"position\":1,\"name\":\"Inicio\",\"item\":\"https:\/\/www.etoro.com\/es\/\"},{\"@type\":\"ListItem\",\"position\":2,\"name\":\"Invirtiendo\",\"item\":\"https:\/\/www.etoro.com\/es\/investing\/\"},{\"@type\":\"ListItem\",\"position\":3,\"name\":\"Ahorrar para invertir: Gu\u00eda pr\u00e1ctica\"}]},{\"@type\":\"WebSite\",\"@id\":\"https:\/\/www.etoro.com\/es\/#website\",\"url\":\"https:\/\/www.etoro.com\/es\/\",\"name\":\"eToro\",\"description\":\"\",\"publisher\":{\"@id\":\"https:\/\/www.etoro.com\/es\/#organization\"},\"potentialAction\":[{\"@type\":\"SearchAction\",\"target\":{\"@type\":\"EntryPoint\",\"urlTemplate\":\"https:\/\/www.etoro.com\/es\/?s={search_term_string}\"},\"query-input\":{\"@type\":\"PropertyValueSpecification\",\"valueRequired\":true,\"valueName\":\"search_term_string\"}}],\"inLanguage\":\"es\"},[]]}<\/script>","yoast_head_json":{"title":"C\u00f3mo ahorrar dinero para poder invertir: Gu\u00eda paso a paso","description":"Aprende a ahorrar dinero para invertir. Descubre estrategias para efectuar presupuestos, automatizaciones y generar crecimiento a largo plazo.","robots":{"index":"index","follow":"follow","max-snippet":"max-snippet:-1","max-image-preview":"max-image-preview:large","max-video-preview":"max-video-preview:-1"},"canonical":"https:\/\/www.etoro.com\/es\/wp-json\/wp\/v2\/pages\/1075530","og_locale":"es_ES","og_type":"article","og_title":"C\u00f3mo ahorrar dinero para poder invertir: Gu\u00eda paso a paso","og_description":"Aprende a ahorrar dinero para invertir. Descubre estrategias para efectuar presupuestos, automatizaciones y generar crecimiento a largo plazo.","og_url":"https:\/\/www.etoro.com\/es\/wp-json\/wp\/v2\/pages\/1075530","og_site_name":"eToro","article_publisher":"https:\/\/www.facebook.com\/eToro\/","article_modified_time":"2025-10-09T05:33:12+00:00","og_image":[{"width":1200,"height":630,"url":"https:\/\/www.etoro.com\/wp-content\/uploads\/2025\/06\/ES-Saving-to-Invest_1200x630-1.png","type":"image\/png"}],"twitter_card":"summary_large_image","twitter_site":"@eToro","twitter_misc":{"Est. reading time":"6 minutes"},"schema":{"@context":"https:\/\/schema.org","@graph":[{"@type":"WebPage","@id":"https:\/\/www.etoro.com\/es\/investing\/saving-to-invest\/","url":"https:\/\/www.etoro.com\/es\/investing\/saving-to-invest\/","name":"C\u00f3mo ahorrar dinero para poder invertir: Gu\u00eda paso a paso","isPartOf":{"@id":"https:\/\/www.etoro.com\/es\/#website"},"primaryImageOfPage":{"@id":"https:\/\/www.etoro.com\/es\/investing\/saving-to-invest\/#primaryimage"},"image":{"@id":"https:\/\/www.etoro.com\/es\/investing\/saving-to-invest\/#primaryimage"},"thumbnailUrl":"https:\/\/www.etoro.com\/wp-content\/uploads\/2025\/06\/ES-Saving-to-Invest_1200x630-1.png","datePublished":"2025-05-01T14:37:08+00:00","dateModified":"2025-10-09T05:33:12+00:00","description":"Aprende a ahorrar dinero para invertir. Descubre estrategias para efectuar presupuestos, automatizaciones y generar crecimiento a largo plazo.","breadcrumb":{"@id":"https:\/\/www.etoro.com\/es\/investing\/saving-to-invest\/#breadcrumb"},"inLanguage":"es","potentialAction":[{"@type":"ReadAction","target":["https:\/\/www.etoro.com\/es\/investing\/saving-to-invest\/"]}]},{"@type":"ImageObject","inLanguage":"es","@id":"https:\/\/www.etoro.com\/es\/investing\/saving-to-invest\/#primaryimage","url":"https:\/\/www.etoro.com\/wp-content\/uploads\/2025\/06\/ES-Saving-to-Invest_1200x630-1.png","contentUrl":"https:\/\/www.etoro.com\/wp-content\/uploads\/2025\/06\/ES-Saving-to-Invest_1200x630-1.png","width":1200,"height":630},{"@type":"BreadcrumbList","@id":"https:\/\/www.etoro.com\/es\/investing\/saving-to-invest\/#breadcrumb","itemListElement":[{"@type":"ListItem","position":1,"name":"Inicio","item":"https:\/\/www.etoro.com\/es\/"},{"@type":"ListItem","position":2,"name":"Invirtiendo","item":"https:\/\/www.etoro.com\/es\/investing\/"},{"@type":"ListItem","position":3,"name":"Ahorrar para invertir: Gu\u00eda pr\u00e1ctica"}]},{"@type":"WebSite","@id":"https:\/\/www.etoro.com\/es\/#website","url":"https:\/\/www.etoro.com\/es\/","name":"eToro","description":"","publisher":{"@id":"https:\/\/www.etoro.com\/es\/#organization"},"potentialAction":[{"@type":"SearchAction","target":{"@type":"EntryPoint","urlTemplate":"https:\/\/www.etoro.com\/es\/?s={search_term_string}"},"query-input":{"@type":"PropertyValueSpecification","valueRequired":true,"valueName":"search_term_string"}}],"inLanguage":"es"},[]]}},"_links":{"self":[{"href":"https:\/\/www.etoro.com\/es\/wp-json\/wp\/v2\/pages\/1075530"}],"collection":[{"href":"https:\/\/www.etoro.com\/es\/wp-json\/wp\/v2\/pages"}],"about":[{"href":"https:\/\/www.etoro.com\/es\/wp-json\/wp\/v2\/types\/page"}],"author":[{"embeddable":true,"href":"https:\/\/www.etoro.com\/es\/wp-json\/wp\/v2\/users\/96"}],"replies":[{"embeddable":true,"href":"https:\/\/www.etoro.com\/es\/wp-json\/wp\/v2\/comments?post=1075530"}],"version-history":[{"count":0,"href":"https:\/\/www.etoro.com\/es\/wp-json\/wp\/v2\/pages\/1075530\/revisions"}],"up":[{"embeddable":true,"href":"https:\/\/www.etoro.com\/es\/wp-json\/wp\/v2\/pages\/19770"}],"wp:featuredmedia":[{"embeddable":true,"href":"https:\/\/www.etoro.com\/es\/wp-json\/wp\/v2\/media\/1075552"}],"wp:attachment":[{"href":"https:\/\/www.etoro.com\/es\/wp-json\/wp\/v2\/media?parent=1075530"}],"wp:term":[{"taxonomy":"asset_type","embeddable":true,"href":"https:\/\/www.etoro.com\/es\/wp-json\/wp\/v2\/asset_type?post=1075530"}],"curies":[{"name":"wp","href":"https:\/\/api.w.org\/{rel}","templated":true}]}}