{"id":1075654,"date":"2025-05-06T17:52:15","date_gmt":"2025-05-06T14:52:15","guid":{"rendered":"https:\/\/www.etoro.com\/investing\/how-to-invest-in-quantum-computing\/"},"modified":"2025-10-09T08:39:59","modified_gmt":"2025-10-09T05:39:59","slug":"how-to-invest-in-quantum-computing","status":"publish","type":"page","link":"https:\/\/www.etoro.com\/es\/investing\/how-to-invest-in-quantum-computing\/","title":{"rendered":"C\u00f3mo invertir en computaci\u00f3n cu\u00e1ntica"},"content":{"rendered":"\n<p class=\"is-style-summary\">La tecnolog\u00eda cu\u00e1ntica, basada en principios cu\u00e1nticos, pronto generar\u00e1 transformaciones significativas. Los inversores buscan invertir en este sector emergente, identificando posibles riesgos, como desaf\u00edos t\u00e9cnicos complejos y volatilidad.<\/p>\n\n\n\n<hr class=\"wp-block-separator wp-block-separator-color-dark-grey wp-block-separator-spaces-medium wp-block-separator-weight-1\"\/>\n\n\n\n<p>La computaci\u00f3n cu\u00e1ntica <strong>despierta el inter\u00e9s entre los inversores debido a su potencial para revolucionar industrias como las finanzas, la atenci\u00f3n m\u00e9dica y la ciberseguridad.&nbsp;<\/strong>A medida que siguen surgiendo avances, los inversores est\u00e1n explorando c\u00f3mo pueden obtener exposici\u00f3n a esta tecnolog\u00eda de vanguardia.<\/p>\n\n\n\n<figure class=\"wp-block-image\"><img decoding=\"async\" src=\"https:\/\/www.etoro.com\/wp-content\/uploads\/2025\/05\/Body-Image-1_-Why-are-Investors-Excited-About-Quantum-Computing.png\" alt=\"Image related to \u00bfQu\u00e9 es la computaci\u00f3n cu\u00e1ntica?\" class=\"wp-image-desktop\"\/><\/figure>\n\n\n\n<h2 class=\"wp-block-heading\">\u00bfQu\u00e9 es la computaci\u00f3n cu\u00e1ntica? <\/h2>\n\n\n\n<p>Es una <strong>tecnolog\u00eda que utiliza principios de la mec\u00e1nica cu\u00e1ntica para procesar informaci\u00f3n de formas que los ordenadores cl\u00e1sicos no pueden<\/strong>. A diferencia de estos, que se basan en binarios, los ordenadores cu\u00e1nticos usan qubits, que pueden existir en m\u00faltiples estados simult\u00e1neamente.<\/p>\n\n\n\n<p>Los ordenadores cu\u00e1nticos <strong>pueden resolver problemas muy complejos a velocidades sin precedentes<\/strong>, lo que los hace valiosos para las industrias que requieren c\u00e1lculos avanzados.<\/p>\n\n\n\n<h2 class=\"wp-block-heading\">\u00bfPor qu\u00e9 los inversores est\u00e1n entusiasmados con la computaci\u00f3n cu\u00e1ntica?<\/h2>\n\n\n\n<p><mark>La computaci\u00f3n cu\u00e1ntica tiene un<strong> inmenso potencial para revolucionar m\u00faltiples sectores<\/strong>, desde la optimizaci\u00f3n de modelos financieros hasta la aceleraci\u00f3n del descubrimiento de f\u00e1rmacos, lo que entusiasma a los inversores.<\/mark><\/p>\n\n\n\n<p>Algunas de las<strong> razones clave<\/strong>&nbsp;por las que los inversores desean participar en este espacio incluyen:<\/p>\n\n\n\n<ul class=\"wp-block-list wp-block-list wp-block-list-circle\">\n<li><strong>Crecimiento del mercado: <\/strong>Se prev\u00e9 que para 2030 la industria de la computaci\u00f3n cu\u00e1ntica supere los 125.000 millones de d\u00f3lares.<\/li>\n\n\n\n<li><strong>Adopci\u00f3n corporativa: <\/strong>Empresas como IBM, Google y Microsoft est\u00e1n invirtiendo fuertemente en la <a href=\"https:\/\/digital-strategy.ec.europa.eu\/es\/factpages\/quantum-and-supercomputing\" target=\"_blank\" rel=\"noreferrer noopener\">investigaci\u00f3n cu\u00e1ntica<\/a>.<\/li>\n\n\n\n<li><strong>Avances tecnol\u00f3gicos: <\/strong>Los continuos avances en la escalabilidad de los qubits y la correcci\u00f3n de errores mejoran las perspectivas de comercializaci\u00f3n.<\/li>\n<\/ul>\n\n\n\n<figure class=\"wp-block-image\"><img decoding=\"async\" src=\"https:\/\/www.etoro.com\/wp-content\/uploads\/2025\/05\/Body-Image-2_-How-can-Investors-Gain-Exposure-to-Quantum-Computing.png\" alt=\"Image related to \u00bfPor qu\u00e9 los inversores est\u00e1n entusiasmados con la computaci\u00f3n cu\u00e1ntica?\" class=\"wp-image-desktop\"\/><\/figure>\n\n\n\n<h2 class=\"wp-block-heading\">\u00bfC\u00f3mo pueden los inversores obtener exposici\u00f3n a la computaci\u00f3n cu\u00e1ntica?<\/h2>\n\n\n\n<p>Hay&nbsp;<strong>m\u00faltiples formas de invertir&nbsp;<\/strong>en el crecimiento de la computaci\u00f3n cu\u00e1ntica, que van desde inversiones directas en <a href=\"https:\/\/www.etoro.com\/es\/investing\/invest-in-quantum-computing-stocks\">acciones de computaci\u00f3n cu\u00e1ntica<\/a>&nbsp;hasta la exposici\u00f3n indirecta mediante <a href=\"https:\/\/www.etoro.com\/es\/investing\/etf\/\">ETF<\/a>&nbsp;e industrias relacionadas. A continuaci\u00f3n, las detallamos.<\/p>\n\n\n\n<h3 class=\"wp-block-heading\">Invirtiendo en el desarrollo de la computaci\u00f3n cu\u00e1ntica<\/h3>\n\n\n\n<p>Algunas de las <strong>empresas de tecnolog\u00eda m\u00e1s grandes del mundo est\u00e1n liderando<\/strong>&nbsp;la investigaci\u00f3n y la comercializaci\u00f3n de la computaci\u00f3n cu\u00e1ntica. Los inversores pueden obtener exposici\u00f3n considerando lo siguiente:<\/p>\n\n\n\n<ul class=\"wp-block-list wp-block-list wp-block-list-circle\">\n<li><a href=\"https:\/\/www.etoro.com\/es\/markets\/goog\">Alphabet<\/a>&nbsp;: Un l\u00edder en I+D cu\u00e1ntico, con innovaciones como el chip Willow.<\/li>\n\n\n\n<li><a href=\"https:\/\/www.etoro.com\/es\/markets\/ibm\">IBM<\/a>: Ofrece servicios cu\u00e1nticos en la nube y colabora con empresas en aplicaciones cu\u00e1nticas.<\/li>\n\n\n\n<li><a href=\"https:\/\/www.etoro.com\/es\/markets\/msft\">Microsoft<\/a>: Est\u00e1 desarrollando&nbsp;un ecosistema de computaci\u00f3n cu\u00e1ntica escalable.<\/li>\n\n\n\n<li><a href=\"https:\/\/www.etoro.com\/es\/markets\/qbts\">D-Wave Quantum<\/a>: Mejora de las cifras de ventas y tecnolog\u00eda innovadora.<\/li>\n\n\n\n<li><a href=\"https:\/\/www.etoro.com\/es\/markets\/pltr\">Palantir<\/a>: Incorporaci\u00f3n de tecnolog\u00eda de computaci\u00f3n cu\u00e1ntica en sus plataformas de an\u00e1lisis de datos.<\/li>\n\n\n\n<li><a href=\"https:\/\/www.etoro.com\/es\/markets\/ionq\">Ionq<\/a>&nbsp;: Fundada por acad\u00e9micos que mantienen un enfoque pionero.<\/li>\n<\/ul>\n\n\n\n<p><strong>Para una exposici\u00f3n diversificada<\/strong>, los ETF que incluyen acciones de computaci\u00f3n cu\u00e1ntica pueden ser una opci\u00f3n menos vol\u00e1til:<\/p>\n\n\n\n<ul class=\"wp-block-list wp-block-list wp-block-list-circle\">\n<li><strong>Defiance Quantum ETF <\/strong>: Se centra en empresas dedicadas a la computaci\u00f3n cu\u00e1ntica y la IA.<\/li>\n\n\n\n<li><a href=\"https:\/\/www.etoro.com\/es\/markets\/wcld\">WisdomTree Cloud Computing ETF<\/a>: Incluye acciones de tecnolog\u00eda en la nube con potencial de computaci\u00f3n cu\u00e1ntica.<\/li>\n<\/ul>\n\n\n\n<h3 class=\"wp-block-heading\">\u00bfCu\u00e1les son los sectores adyacentes a la computaci\u00f3n cu\u00e1ntica?<\/h3>\n\n\n\n<p>La computaci\u00f3n cu\u00e1ntica tambi\u00e9n se basa en los avances de la<strong> tecnolog\u00eda de semiconductores, materiales especializados y soluciones de software impulsadas por la IA<\/strong>, por ejemplo.<\/p>\n\n\n\n<p>Por eso los inversores que buscan una exposici\u00f3n indirecta pueden considerar empresas que desarrollan:<\/p>\n\n\n\n<ul class=\"wp-block-list wp-block-list wp-block-list-circle\">\n<li><strong>Semiconductores para procesadores cu\u00e1nticos: <\/strong>Productos fabricados y distribuidos por <a href=\"https:\/\/www.etoro.com\/es\/markets\/nvda\">NVIDIA<\/a>&nbsp;(NVDA) y <a href=\"https:\/\/www.etoro.com\/es\/markets\/tsm\">Taiwan Semiconductor Manufacturing<\/a>&nbsp;(TSM)<\/li>\n\n\n\n<li><strong>Sistemas de refrigeraci\u00f3n criog\u00e9nica: <\/strong>Como los producidos por Thales.<\/li>\n\n\n\n<li><strong>Soluciones de ciberseguridad cu\u00e1ntica segura: <\/strong>Con las nuevas tecnolog\u00edas surgen nuevas amenazas, y empresas como <a href=\"https:\/\/www.etoro.com\/es\/markets\/cybr\">CyberArk<\/a>&nbsp;(CYBR) ofrecen servicios para proteger la infraestructura tecnol\u00f3gica de peligros potenciales asociados con el poder de la computaci\u00f3n cu\u00e1ntica.<\/li>\n<\/ul>\n\n\n\n<figure class=\"wp-block-image\"><img decoding=\"async\" src=\"https:\/\/www.etoro.com\/wp-content\/uploads\/2025\/05\/Body-Image-3_-Risks-and-Opportunities-of-Investing-in-Quantum-Computing.png\" alt=\"Image related to \u00bfCu\u00e1les son los sectores adyacentes a la computaci\u00f3n cu\u00e1ntica?\" class=\"wp-image-desktop\"\/><\/figure>\n\n\n\n<h2 class=\"wp-block-heading\">Los riesgos y oportunidades de invertir en la computaci\u00f3n cu\u00e1ntica<\/h2>\n\n\n\n<p>Si bien su <strong>potencial es significativo<\/strong>\u00a0y va de la mano de su potencial de crecimiento, innovaci\u00f3n y apoyos, igualmente<strong> invertir en la computaci\u00f3n cu\u00e1ntica presenta <e-tip data-tooltip=\"En finanzas, se entiende por riesgo a la probabilidad de incidir en una p\u00e9rdida de capital.\">riesgo<\/e-tip><\/strong>, como que est\u00e1 en etapa inicial, la volatilidad impl\u00edcita y poca claridad en sus regulaci\u00f3n.<\/p>\n\n\n\n<p>Por ello considera:<\/p>\n\n\n\n<ul class=\"wp-block-list wp-block-list wp-block-list-circle\">\n<li><strong>Tecnolog\u00eda en etapa temprana: <\/strong>Muchas empresas a\u00fan se encuentran en fases de investigaci\u00f3n, lo que retrasa las aplicaciones comerciales.<\/li>\n\n\n\n<li><strong><e-tip data-tooltip=\"Oscilaciones severas en los movimientos de precios de un activo, el cual puede verse como de mayor riesgo.\">Alta volatilidad<\/e-tip>:<\/strong>\u00a0Las acciones cu\u00e1nticas pueden ser especulativas y estar sujetas a oscilaciones de precios.<\/li>\n\n\n\n<li><strong>Incertidumbre regulatoria: <\/strong>El impacto en el cifrado y la ciberseguridad podr\u00eda conducir a una mayor supervisi\u00f3n gubernamental.<\/li>\n<\/ul>\n\n\n\n<figure class=\"wp-block-table\"><div class=\"wp-block-table-content\"><div class=\"wp-block-table-content-nav wp-block-table-content-nav-left\"><div class=\"wp-block-table-content-nav-arrow wp-block-table-content-nav-arrow-left\"><\/div><\/div><div class=\"wp-block-table-content-nav wp-block-table-content-nav-right\"><div class=\"wp-block-table-content-nav-arrow wp-block-table-content-nav-arrow-right\"><\/div><\/div><div class=\"wp-block-table-content-table\"><table><thead><tr><th>Oportunidades<\/th><th>Riesgos<\/th><\/tr><\/thead><tbody><tr><td>Alto potencial de crecimiento<\/td><td>Tecnolog\u00eda temprana<\/td><\/tr><tr><td>Innovaci\u00f3n respaldada por la industria<\/td><td>Alta volatilidad<\/td><\/tr><tr><td>Apoyo gubernamental y empresarial emergente<\/td><td>Incertidumbres regulatorias<\/td><\/tr><\/tbody><\/table><\/div><\/div><\/figure>\n\n\n\n<h2 class=\"wp-block-heading\">Reflexiones finales<\/h2>\n\n\n\n<p>La computaci\u00f3n cu\u00e1ntica est\u00e1 <strong>a punto de transformar industrias y posee el potencial de ofrecer interesantes oportunidades de <e-tip data-tooltip=\"Adquirir un activo con el objetivo de que aumente su valor.\">inversi\u00f3n<\/e-tip><\/strong>. Y si bien el potencial es grande, los inversores deben sortear cuidadosamente los riesgos que esto involucra.<\/p>\n\n\n\n<p>Para profundizar en las inversiones cu\u00e1nticas y mantenerse a la vanguardia de las tendencias del mercado, <strong>contin\u00faa explorando sobre esta tecnolog\u00eda.<\/strong><\/p>\n\n\n\n<p>Obt\u00e9n m\u00e1s informaci\u00f3n sobre las inversiones en computaci\u00f3n cu\u00e1ntica uni\u00e9ndose a la <a href=\"https:\/\/www.etoro.com\/es\/academy\/\">Academia de eToro<\/a>.<\/p>\n\n\n\n<h2 class=\"wp-block-heading\">Preguntas frecuentes<\/h2>\n\n\n\n<dl class=\"wp-block-etoro-faq\">\n<div class=\"wp-block-etoro-faq-item\"><dt class=\"wp-block-etoro-faq-item-question\">\u00bfPor qu\u00e9 los inversores se sienten atra\u00eddos por la tecnolog\u00eda disruptiva? <\/dt><dd class=\"wp-block-etoro-faq-item-answer\">\n<p>Cualquier innovaci\u00f3n que altere significativamente las industrias y los mercados establecidos puede crear nuevos sectores y modelos de negocio con un importante potencial de crecimiento.<\/p>\n\n\n\n<p>Los inversores se sienten atra\u00eddos por las tecnolog\u00edas disruptivas y las <a href=\"https:\/\/www.etoro.com\/es\/stocks\/top-growth-stocks-to-buy\/\">acciones de crecimiento<\/a>&nbsp;porque algunos de los anteriores \u00abganadores\u00bb han experimentado un crecimiento exponencial en el precio de sus acciones. Cabe mencionar que los libros de registro (o <em>record books<\/em>) tambi\u00e9n contienen los nombres de muchas otras acciones de crecimiento que no alcanzaron su potencial y su valor se desplom\u00f3.<\/p>\n<\/dd><\/div>\n\n\n\n<div class=\"wp-block-etoro-faq-item\"><dt class=\"wp-block-etoro-faq-item-question\">\u00bfQu\u00e9 son los qubits?<\/dt><dd class=\"wp-block-etoro-faq-item-answer\">\n<p>Los qubits, o bits cu\u00e1nticos, son las unidades fundamentales de informaci\u00f3n en la computaci\u00f3n cu\u00e1ntica en la que podr\u00edas <a href=\"https:\/\/www.etoro.com\/es\/investing\/analyst-investing-predictions-2025\/\">invertir<\/a>. Son los elementos centrales detr\u00e1s del potencial de la llamada computaci\u00f3n superpoderosa y, aunque son similares a los bits utilizados en la computaci\u00f3n cl\u00e1sica, los qubits pueden existir en una superposici\u00f3n de estados, lo que significa que pueden representar 0, 1 o una combinaci\u00f3n de ambos de forma simult\u00e1nea.<\/p>\n<\/dd><\/div>\n\n\n\n<div class=\"wp-block-etoro-faq-item\"><dt class=\"wp-block-etoro-faq-item-question\">\u00bfA qu\u00e9 desaf\u00edos se enfrenta el desarrollo de los ordenadores cu\u00e1nticos?<\/dt><dd class=\"wp-block-etoro-faq-item-answer\">\n<p>El principal desaf\u00edo al que se enfrenta la expansi\u00f3n del hardware cu\u00e1ntico es que los <a href=\"https:\/\/www.etoro.com\/es\/news-and-analysis\/investing\/quantum-revolution-investing-computing-power\/\">ordenadores cu\u00e1nticos<\/a>&nbsp;requieren un entorno optimizado. Por ejemplo, muchos procesadores cu\u00e1nticos s\u00f3lo son funcionales alrededor del cero absoluto (-273 \u00b0C), requieren que no haya presi\u00f3n atmosf\u00e9rica y deben estar completamente aislados del campo magn\u00e9tico de la tierra.<\/p>\n<\/dd><\/div>\n<\/dl>\n\n\n\n\t\t<style>\n\t\t\t.rtl .etoro-block-shortcode-disclaimer {\n\t\t\t\ttext-align:right;\n\t\t\t}\n\t\t\t.etoro-block-shortcode-disclaimer {\n\t\t\t\tmargin-bottom:18px;\n\t\t\t\ttext-align:left;\n\t\t\t}\n\t\t\t.etoro-block-shortcode-disclaimer p{\n\t\t\t\tfont-size: 12px;\n\t\t\t\tline-height: 18px;\n\t\t\t}\n\t\t\t@media (min-width: 768px) {\n\t\t\t\t.etoro-block-shortcode-disclaimer {\n\t\t\t\t\tmax-width:1176px;\n\t\t\t\t\ttext-align:center;\n\t\t\t\t}\n\t\t\t\t.etoro-block-shortcode-disclaimer p {\n\t\t\t\t\tfont-size: 14px;\n\t\t\t\t\tline-height: 20px;\n\t\t\t\t}\n\t\t\t}\n\t\t<\/style>\n\t\t<div class='etoro-block-shortcode-disclaimer'><p>Esta informaci\u00f3n es \u00fanicamente para fines educativos y no debe interpretarse como un consejo de inversi\u00f3n, una recomendaci\u00f3n personalizada, una oferta o una solicitud para comprar o vender instrumentos financieros.<\/p>\n<p>Este material se ha preparado sin considerar objetivos de inversi\u00f3n o situaciones financieras particulares. Adem\u00e1s, no cumple con los requisitos legales y regulatorios que promueven la investigaci\u00f3n independiente.<\/p>\n<p><strong>No todos los servicios e instrumentos financieros mencionados est\u00e1n disponibles en eToro.<\/strong> Cualquier referencia al rendimiento pasado de un instrumento financiero, \u00edndice o producto de inversi\u00f3n consolidado no es, ni debe considerarse, un indicador fiable de resultados futuros. <strong>La disponibilidad de todos los productos y servicios mencionados puede variar seg\u00fan la jurisdicci\u00f3n y el pa\u00eds.<\/strong><\/p>\n<p>eToro no se responsabiliza ni asume ninguna obligaci\u00f3n por la precisi\u00f3n o integridad del contenido de esta gu\u00eda. Aseg\u00farate de comprender los riesgos asociados con la inversi\u00f3n antes de comprometer tu capital. Nunca arriesgues m\u00e1s de lo que puedas permitirte perder.<\/p>\n<\/div>\n","protected":false},"excerpt":{"rendered":"<p>La tecnolog\u00eda cu\u00e1ntica, basada en principios cu\u00e1nticos, pronto generar\u00e1 transformaciones significativas. Los inversores buscan invertir en este sector emergente, identificando posibles riesgos, como desaf\u00edos t\u00e9cnicos complejos y volatilidad. La computaci\u00f3n cu\u00e1ntica despierta el inter\u00e9s entre los inversores debido a su potencial para revolucionar industrias como las finanzas, la atenci\u00f3n m\u00e9dica y la ciberseguridad.&nbsp;A medida que&hellip;<\/p>\n","protected":false},"author":96,"featured_media":1075655,"parent":19770,"menu_order":0,"comment_status":"closed","ping_status":"closed","template":"","meta":{"_acf_changed":false,"inline_featured_image":false,"sticky_cta_settings":"","footnotes":""},"asset_type":[],"class_list":["post-1075654","page","type-page","status-publish","has-post-thumbnail","hentry"],"acf":[],"yoast_head":"<title>Invierte en computaci\u00f3n cu\u00e1ntica | eToro<\/title>\n<meta name=\"description\" content=\"Aprende a invertir en la computaci\u00f3n cu\u00e1ntica y descubre por qu\u00e9 le interesa a los inversores, los diferentes m\u00e9todos de inversi\u00f3n y los riesgos involucrados.\" \/>\n<meta name=\"robots\" content=\"index, follow, max-snippet:-1, max-image-preview:large, max-video-preview:-1\" \/>\n<link rel=\"canonical\" href=\"https:\/\/www.etoro.com\/es\/wp-json\/wp\/v2\/pages\/1075654\" \/>\n<meta property=\"og:locale\" content=\"es_ES\" \/>\n<meta property=\"og:type\" content=\"article\" \/>\n<meta property=\"og:title\" content=\"Invierte en computaci\u00f3n cu\u00e1ntica | eToro\" \/>\n<meta property=\"og:description\" content=\"Aprende a invertir en la computaci\u00f3n cu\u00e1ntica y descubre por qu\u00e9 le interesa a los inversores, los diferentes m\u00e9todos de inversi\u00f3n y los riesgos involucrados.\" \/>\n<meta property=\"og:url\" content=\"https:\/\/www.etoro.com\/es\/wp-json\/wp\/v2\/pages\/1075654\" \/>\n<meta property=\"og:site_name\" content=\"eToro\" \/>\n<meta property=\"article:publisher\" content=\"https:\/\/www.facebook.com\/eToro\/\" \/>\n<meta property=\"article:modified_time\" content=\"2025-10-09T05:39:59+00:00\" \/>\n<meta property=\"og:image\" content=\"https:\/\/www.etoro.com\/wp-content\/uploads\/2025\/06\/ES-How-to-Invest-in-Quantum-Computing_Social-Image.png\" \/>\n\t<meta property=\"og:image:width\" content=\"1200\" \/>\n\t<meta property=\"og:image:height\" content=\"630\" \/>\n\t<meta property=\"og:image:type\" content=\"image\/png\" \/>\n<meta name=\"twitter:card\" content=\"summary_large_image\" \/>\n<meta name=\"twitter:site\" content=\"@eToro\" \/>\n<meta name=\"twitter:label1\" content=\"Est. reading time\" \/>\n\t<meta name=\"twitter:data1\" content=\"6 minutes\" \/>\n<script type=\"application\/ld+json\" class=\"yoast-schema-graph\">{\"@context\":\"https:\/\/schema.org\",\"@graph\":[{\"@type\":\"WebPage\",\"@id\":\"https:\/\/www.etoro.com\/es\/investing\/how-to-invest-in-quantum-computing\/\",\"url\":\"https:\/\/www.etoro.com\/es\/investing\/how-to-invest-in-quantum-computing\/\",\"name\":\"Invierte en computaci\u00f3n cu\u00e1ntica | eToro\",\"isPartOf\":{\"@id\":\"https:\/\/www.etoro.com\/es\/#website\"},\"primaryImageOfPage\":{\"@id\":\"https:\/\/www.etoro.com\/es\/investing\/how-to-invest-in-quantum-computing\/#primaryimage\"},\"image\":{\"@id\":\"https:\/\/www.etoro.com\/es\/investing\/how-to-invest-in-quantum-computing\/#primaryimage\"},\"thumbnailUrl\":\"https:\/\/www.etoro.com\/wp-content\/uploads\/2025\/06\/ES-How-to-Invest-in-Quantum-Computing_Social-Image.png\",\"datePublished\":\"2025-05-06T14:52:15+00:00\",\"dateModified\":\"2025-10-09T05:39:59+00:00\",\"description\":\"Aprende a invertir en la computaci\u00f3n cu\u00e1ntica y descubre por qu\u00e9 le interesa a los inversores, los diferentes m\u00e9todos de inversi\u00f3n y los riesgos involucrados.\",\"breadcrumb\":{\"@id\":\"https:\/\/www.etoro.com\/es\/investing\/how-to-invest-in-quantum-computing\/#breadcrumb\"},\"inLanguage\":\"es\",\"potentialAction\":[{\"@type\":\"ReadAction\",\"target\":[\"https:\/\/www.etoro.com\/es\/investing\/how-to-invest-in-quantum-computing\/\"]}]},{\"@type\":\"ImageObject\",\"inLanguage\":\"es\",\"@id\":\"https:\/\/www.etoro.com\/es\/investing\/how-to-invest-in-quantum-computing\/#primaryimage\",\"url\":\"https:\/\/www.etoro.com\/wp-content\/uploads\/2025\/06\/ES-How-to-Invest-in-Quantum-Computing_Social-Image.png\",\"contentUrl\":\"https:\/\/www.etoro.com\/wp-content\/uploads\/2025\/06\/ES-How-to-Invest-in-Quantum-Computing_Social-Image.png\",\"width\":1200,\"height\":630},{\"@type\":\"BreadcrumbList\",\"@id\":\"https:\/\/www.etoro.com\/es\/investing\/how-to-invest-in-quantum-computing\/#breadcrumb\",\"itemListElement\":[{\"@type\":\"ListItem\",\"position\":1,\"name\":\"Inicio\",\"item\":\"https:\/\/www.etoro.com\/es\/\"},{\"@type\":\"ListItem\",\"position\":2,\"name\":\"Invirtiendo\",\"item\":\"https:\/\/www.etoro.com\/es\/investing\/\"},{\"@type\":\"ListItem\",\"position\":3,\"name\":\"C\u00f3mo invertir en computaci\u00f3n cu\u00e1ntica\"}]},{\"@type\":\"WebSite\",\"@id\":\"https:\/\/www.etoro.com\/es\/#website\",\"url\":\"https:\/\/www.etoro.com\/es\/\",\"name\":\"eToro\",\"description\":\"\",\"publisher\":{\"@id\":\"https:\/\/www.etoro.com\/es\/#organization\"},\"potentialAction\":[{\"@type\":\"SearchAction\",\"target\":{\"@type\":\"EntryPoint\",\"urlTemplate\":\"https:\/\/www.etoro.com\/es\/?s={search_term_string}\"},\"query-input\":{\"@type\":\"PropertyValueSpecification\",\"valueRequired\":true,\"valueName\":\"search_term_string\"}}],\"inLanguage\":\"es\"},[]]}<\/script>","yoast_head_json":{"title":"Invierte en computaci\u00f3n cu\u00e1ntica | eToro","description":"Aprende a invertir en la computaci\u00f3n cu\u00e1ntica y descubre por qu\u00e9 le interesa a los inversores, los diferentes m\u00e9todos de inversi\u00f3n y los riesgos involucrados.","robots":{"index":"index","follow":"follow","max-snippet":"max-snippet:-1","max-image-preview":"max-image-preview:large","max-video-preview":"max-video-preview:-1"},"canonical":"https:\/\/www.etoro.com\/es\/wp-json\/wp\/v2\/pages\/1075654","og_locale":"es_ES","og_type":"article","og_title":"Invierte en computaci\u00f3n cu\u00e1ntica | eToro","og_description":"Aprende a invertir en la computaci\u00f3n cu\u00e1ntica y descubre por qu\u00e9 le interesa a los inversores, los diferentes m\u00e9todos de inversi\u00f3n y los riesgos involucrados.","og_url":"https:\/\/www.etoro.com\/es\/wp-json\/wp\/v2\/pages\/1075654","og_site_name":"eToro","article_publisher":"https:\/\/www.facebook.com\/eToro\/","article_modified_time":"2025-10-09T05:39:59+00:00","og_image":[{"width":1200,"height":630,"url":"https:\/\/www.etoro.com\/wp-content\/uploads\/2025\/06\/ES-How-to-Invest-in-Quantum-Computing_Social-Image.png","type":"image\/png"}],"twitter_card":"summary_large_image","twitter_site":"@eToro","twitter_misc":{"Est. reading time":"6 minutes"},"schema":{"@context":"https:\/\/schema.org","@graph":[{"@type":"WebPage","@id":"https:\/\/www.etoro.com\/es\/investing\/how-to-invest-in-quantum-computing\/","url":"https:\/\/www.etoro.com\/es\/investing\/how-to-invest-in-quantum-computing\/","name":"Invierte en computaci\u00f3n cu\u00e1ntica | eToro","isPartOf":{"@id":"https:\/\/www.etoro.com\/es\/#website"},"primaryImageOfPage":{"@id":"https:\/\/www.etoro.com\/es\/investing\/how-to-invest-in-quantum-computing\/#primaryimage"},"image":{"@id":"https:\/\/www.etoro.com\/es\/investing\/how-to-invest-in-quantum-computing\/#primaryimage"},"thumbnailUrl":"https:\/\/www.etoro.com\/wp-content\/uploads\/2025\/06\/ES-How-to-Invest-in-Quantum-Computing_Social-Image.png","datePublished":"2025-05-06T14:52:15+00:00","dateModified":"2025-10-09T05:39:59+00:00","description":"Aprende a invertir en la computaci\u00f3n cu\u00e1ntica y descubre por qu\u00e9 le interesa a los inversores, los diferentes m\u00e9todos de inversi\u00f3n y los riesgos involucrados.","breadcrumb":{"@id":"https:\/\/www.etoro.com\/es\/investing\/how-to-invest-in-quantum-computing\/#breadcrumb"},"inLanguage":"es","potentialAction":[{"@type":"ReadAction","target":["https:\/\/www.etoro.com\/es\/investing\/how-to-invest-in-quantum-computing\/"]}]},{"@type":"ImageObject","inLanguage":"es","@id":"https:\/\/www.etoro.com\/es\/investing\/how-to-invest-in-quantum-computing\/#primaryimage","url":"https:\/\/www.etoro.com\/wp-content\/uploads\/2025\/06\/ES-How-to-Invest-in-Quantum-Computing_Social-Image.png","contentUrl":"https:\/\/www.etoro.com\/wp-content\/uploads\/2025\/06\/ES-How-to-Invest-in-Quantum-Computing_Social-Image.png","width":1200,"height":630},{"@type":"BreadcrumbList","@id":"https:\/\/www.etoro.com\/es\/investing\/how-to-invest-in-quantum-computing\/#breadcrumb","itemListElement":[{"@type":"ListItem","position":1,"name":"Inicio","item":"https:\/\/www.etoro.com\/es\/"},{"@type":"ListItem","position":2,"name":"Invirtiendo","item":"https:\/\/www.etoro.com\/es\/investing\/"},{"@type":"ListItem","position":3,"name":"C\u00f3mo invertir en computaci\u00f3n cu\u00e1ntica"}]},{"@type":"WebSite","@id":"https:\/\/www.etoro.com\/es\/#website","url":"https:\/\/www.etoro.com\/es\/","name":"eToro","description":"","publisher":{"@id":"https:\/\/www.etoro.com\/es\/#organization"},"potentialAction":[{"@type":"SearchAction","target":{"@type":"EntryPoint","urlTemplate":"https:\/\/www.etoro.com\/es\/?s={search_term_string}"},"query-input":{"@type":"PropertyValueSpecification","valueRequired":true,"valueName":"search_term_string"}}],"inLanguage":"es"},[]]}},"_links":{"self":[{"href":"https:\/\/www.etoro.com\/es\/wp-json\/wp\/v2\/pages\/1075654"}],"collection":[{"href":"https:\/\/www.etoro.com\/es\/wp-json\/wp\/v2\/pages"}],"about":[{"href":"https:\/\/www.etoro.com\/es\/wp-json\/wp\/v2\/types\/page"}],"author":[{"embeddable":true,"href":"https:\/\/www.etoro.com\/es\/wp-json\/wp\/v2\/users\/96"}],"replies":[{"embeddable":true,"href":"https:\/\/www.etoro.com\/es\/wp-json\/wp\/v2\/comments?post=1075654"}],"version-history":[{"count":0,"href":"https:\/\/www.etoro.com\/es\/wp-json\/wp\/v2\/pages\/1075654\/revisions"}],"up":[{"embeddable":true,"href":"https:\/\/www.etoro.com\/es\/wp-json\/wp\/v2\/pages\/19770"}],"wp:featuredmedia":[{"embeddable":true,"href":"https:\/\/www.etoro.com\/es\/wp-json\/wp\/v2\/media\/1075655"}],"wp:attachment":[{"href":"https:\/\/www.etoro.com\/es\/wp-json\/wp\/v2\/media?parent=1075654"}],"wp:term":[{"taxonomy":"asset_type","embeddable":true,"href":"https:\/\/www.etoro.com\/es\/wp-json\/wp\/v2\/asset_type?post=1075654"}],"curies":[{"name":"wp","href":"https:\/\/api.w.org\/{rel}","templated":true}]}}