{"id":1116038,"date":"2025-08-06T18:02:13","date_gmt":"2025-08-06T15:02:13","guid":{"rendered":"https:\/\/www.etoro.com\/?page_id=1116038"},"modified":"2025-08-07T15:03:29","modified_gmt":"2025-08-07T12:03:29","slug":"tori","status":"publish","type":"page","link":"https:\/\/www.etoro.com\/es\/trading\/platforms\/tori\/","title":{"rendered":"Tori"},"content":{"rendered":"\n<div class=\"wp-block-etoro-half-cover has-white-background-color\">\n<div class=\"wp-block-etoro-half-cover-left\"><p id=\"breadcrumbs\" class=\"gray-dark\"><span><span><a href=\"https:\/\/www.etoro.com\/es\/\">Inicio<\/a><\/span><\/span><\/p>\n<h1 class=\"wp-block-heading is-style-banner-title\"><strong>TORI<\/strong>Tu compa\u00f1ero de inversi\u00f3n con IA<\/h1>\n\n\n\n<p>Decisiones m\u00e1s inteligentes. Respuestas m\u00e1s r\u00e1pidas. Perspectivas personalizadas.<br><\/p>\n\n\n\n<div class=\"wp-block-buttons is-layout-flex wp-block-buttons-is-layout-flex\">\n<a class=\"e-cta e-cta-primary\" href=\"http:\/\/etoro.com\/home?bscarousel=tori_intro_carousel\">Prueba Tori<\/a>\n<\/div>\n<\/div>\n\n\n\n<div class=\"wp-block-etoro-half-cover-right\">\n<img decoding=\"async\" src=\"https:\/\/www.etoro.com\/wp-content\/uploads\/2025\/08\/Tori_main_desktop.png\" alt=\"\" class=\"wp-block-etoro-half-cover-media\"\/><img decoding=\"async\" src=\"https:\/\/www.etoro.com\/wp-content\/uploads\/2025\/08\/Tori_Desktop-1.png\" alt=\"\" class=\"wp-block-etoro-half-cover-media-desktop\"\/><img decoding=\"async\" src=\"https:\/\/www.etoro.com\/wp-content\/uploads\/2025\/08\/Tori_tablet.png\" alt=\"\" class=\"wp-block-etoro-half-cover-media-tablet\"\/><img decoding=\"async\" src=\"https:\/\/www.etoro.com\/wp-content\/uploads\/2025\/08\/Tori_mobile.png\" alt=\"\" class=\"wp-block-etoro-half-cover-media-mobile\"\/>\n<\/div>\n<\/div>\n\n\n\n<section class=\"wp-block-group wp-block-group-boxed\"><div class=\"wp-block-group-inner is-layout-flow wp-block-group-is-layout-flow\">\n<h2 class=\"wp-block-heading has-text-align-center\"><b class=\"wp-etoro-format-colored-green\">Descubre,<\/b> <strong>aprende,<\/strong> <b class=\"wp-etoro-format-colored-green\">analiza<\/b><\/h2>\n\n\n\n<p class=\"has-text-align-center\">Tori ofrece datos, perspectivas y an\u00e1lisis en un chat sencillo e interactivo.<br><\/p>\n<\/div><\/section>\n\n\n\n<section class=\"wp-block-group wp-block-group-boxed has-white-background-color has-background\"><div class=\"wp-block-group-inner is-layout-flow wp-block-group-is-layout-flow\">\n<div class=\"wp-block-columns are-vertically-aligned-center wp-block-columns-2 is-layout-flex wp-container-core-columns-is-layout-1 wp-block-columns-is-layout-flex\">\n<div class=\"wp-block-column is-layout-flow wp-block-column-is-layout-flow\">\n<figure class=\"wp-block-image size-full wp-block-image-has-mobile\"><img loading=\"lazy\" decoding=\"async\" width=\"1152\" height=\"800\" src=\"https:\/\/www.etoro.com\/wp-content\/uploads\/2025\/08\/Cube-desktop-X2-3-3.gif\" alt=\"\" class=\"wp-image-1116245 wp-image-desktop\"\/><img loading=\"lazy\" decoding=\"async\" width=\"1152\" height=\"800\" src=\"https:\/\/www.etoro.com\/wp-content\/uploads\/2025\/08\/Cube-mobile-X23-2.gif\" alt=\"\" class=\"wp-image-1116270 wp-image-mobile\"\/><\/figure>\n\n\n\n<p class=\"is-style-disclaimer\">Solo con fines ilustrativos<\/p>\n<\/div>\n\n\n\n<div class=\"wp-block-column is-text-column is-layout-flow wp-block-column-is-layout-flow\">\n<p class=\"is-style-heading-2\"><strong>Descubre <b class=\"wp-etoro-format-colored-green\">nuevas oportunidades de inversi\u00f3n<\/b><\/strong><\/p>\n\n\n\n<p>Con cada pregunta que haces, Tori proporciona datos claros y en tiempo real para descubrir oportunidades de inversi\u00f3n.<\/p>\n\n\n\n<div class=\"wp-block-buttons is-layout-flex wp-block-buttons-is-layout-flex\">\n<a class=\"e-cta e-cta-primary\" href=\"http:\/\/etoro.com\/home?bscarousel=tori_intro_carousel\">Pregunte a Tori<\/a>\n<\/div>\n<\/div>\n<\/div>\n<\/div><\/section>\n\n\n\n<section class=\"wp-block-group wp-block-group-boxed has-dark-blue-background-color has-background\"><div class=\"wp-block-group-inner is-layout-flow wp-block-group-is-layout-flow\">\n<div class=\"wp-block-columns are-vertically-aligned-center wp-block-columns-2 is-layout-flex wp-container-core-columns-is-layout-2 wp-block-columns-is-layout-flex\">\n<div class=\"wp-block-column is-text-column is-layout-flow wp-block-column-is-layout-flow\">\n<h2 class=\"wp-block-heading\"><strong><b class=\"wp-etoro-format-colored-green\">Obt\u00e9n informaci\u00f3n del mercado<\/b> adaptada a tus intereses<\/strong><\/h2>\n\n\n\n<p>Tori convierte tus preguntas en informaci\u00f3n procesable. Obt\u00e9n an\u00e1lisis a demanda para mantenerte informado, equilibrado y con el control.<\/p>\n\n\n\n<div class=\"wp-block-buttons is-layout-flex wp-block-buttons-is-layout-flex\">\n<a class=\"e-cta e-cta-primary\" href=\"http:\/\/etoro.com\/home?bscarousel=tori_intro_carousel\">Analiza con Tori<\/a>\n<\/div>\n<\/div>\n\n\n\n<div class=\"wp-block-column is-layout-flow wp-block-column-is-layout-flow\">\n<p class=\"is-style-disclaimer\"><\/p>\n\n\n\n<figure class=\"wp-block-video\"><video controls src=\"https:\/\/www.etoro.com\/wp-content\/uploads\/2025\/08\/Question-desktop-option-3-X2-1-1.mp4\"><\/video><\/figure>\n\n\n\n<p class=\"is-style-disclaimer\">Solo con fines ilustrativos<\/p>\n<\/div>\n<\/div>\n<\/div><\/section>\n\n\n\n<section class=\"wp-block-group wp-block-group-boxed has-white-background-color has-background\"><div class=\"wp-block-group-inner is-layout-flow wp-block-group-is-layout-flow\">\n<div class=\"wp-block-columns are-vertically-aligned-center wp-block-columns-2 is-layout-flex wp-container-core-columns-is-layout-3 wp-block-columns-is-layout-flex\">\n<div class=\"wp-block-column is-layout-flow wp-block-column-is-layout-flow\">\n<figure class=\"wp-block-image size-full\"><img loading=\"lazy\" decoding=\"async\" width=\"576\" height=\"400\" src=\"https:\/\/www.etoro.com\/wp-content\/uploads\/2025\/08\/Level-up-your-investing-knowledge.png\" alt=\"\" class=\"wp-image-1112883 wp-image-desktop\" srcset=\"https:\/\/www.etoro.com\/wp-content\/uploads\/2025\/08\/Level-up-your-investing-knowledge.png 576w, https:\/\/www.etoro.com\/wp-content\/uploads\/2025\/08\/Level-up-your-investing-knowledge-300x208.png 300w\" sizes=\"(max-width: 576px) 100vw, 576px\" \/><\/figure>\n<\/div>\n\n\n\n<div class=\"wp-block-column is-text-column is-layout-flow wp-block-column-is-layout-flow\">\n<h2 class=\"wp-block-heading\"><strong>Mejora <b class=\"wp-etoro-format-colored-green\">tus conocimientos sobre inversiones<\/b><\/strong><\/h2>\n\n\n\n<p>Solo tienes que preguntar y Tori te ofrecer\u00e1 lecciones, consejos y gu\u00edas personalizados de la <a href=\"https:\/\/www.etoro.com\/es\/academy\/\">eToro Academy<\/a> para ayudarte a desarrollar tus conocimientos de inversi\u00f3n sobre la marcha.<\/p>\n\n\n\n<div class=\"wp-block-buttons is-layout-flex wp-block-buttons-is-layout-flex\">\n<a class=\"e-cta e-cta-primary\" href=\"http:\/\/etoro.com\/home?bscarousel=tori_intro_carousel\"><strong>&nbsp;<\/strong>Aprende con Tori<\/a>\n<\/div>\n<\/div>\n<\/div>\n<\/div><\/section>\n\n\n\n<section class=\"wp-block-group wp-block-group-boxed has-dark-blue-background-color has-background\"><div class=\"wp-block-group-inner is-layout-flow wp-block-group-is-layout-flow\">\n<h2 class=\"wp-block-heading has-text-align-center\"><strong>M\u00e1s inteligente cada d\u00eda, <b class=\"wp-etoro-format-colored-green\">pero con coraz\u00f3n humano<\/b><\/strong><span style=\"font-weight:normal;\" id=\"docs-internal-guid-f79ffb78-7fff-554b-0524-b81e337626c2\"><span style=\"font-size: 16pt; font-family: Arial, sans-serif; color: rgb(0, 0, 0); background-color: transparent; font-weight: 700; font-variant-numeric: normal; font-variant-east-asian: normal; font-variant-alternates: normal; font-variant-position: normal; font-variant-emoji: normal; vertical-align: baseline;\"><\/span><\/span><\/h2>\n\n\n\n<p class=\"has-text-align-center\">Tori est\u00e1 aqu\u00ed para mejorar tu experiencia de inversi\u00f3n, no para sustituir el toque humano. Siempre tendr\u00e1s la opci\u00f3n de ponerte en contacto con nuestro equipo de atenci\u00f3n al cliente cuando necesites asistencia personal o ayuda experta.<\/p>\n\n\n\n<p class=\"has-text-align-center\">Como ocurre con cualquier producto impulsado por IA, Tori aprende y mejora continuamente. Con cada interacci\u00f3n y actualizaci\u00f3n, trabajamos para que Tori sea m\u00e1s inteligente, preciso y \u00fatil, de modo que tu experiencia siga mejorando con el tiempo.<\/p>\n\n\n\n<div class=\"wp-block-buttons is-content-justification-center is-layout-flex wp-container-core-buttons-is-layout-5 wp-block-buttons-is-layout-flex\">\n<a class=\"e-cta e-cta-primary\" href=\"http:\/\/etoro.com\/home?bscarousel=tori_intro_carousel\">Preg\u00fantale a Tori<\/a>\n<\/div>\n\n\n\n<p class=\"has-text-align-center is-style-disclaimer\">*Implementaci\u00f3n gradual. Ahora disponible para usuarios seleccionados en regiones seleccionadas.<\/p>\n<\/div><\/section>\n\n\n\n<section class=\"wp-block-group wp-block-group-boxed has-white-background-color has-background\"><div class=\"wp-block-group-inner is-layout-flow wp-block-group-is-layout-flow\">\n<h2 class=\"wp-block-heading has-text-align-center\">FAQ<\/h2>\n\n\n\n<dl class=\"wp-block-etoro-faq\">\n<div class=\"wp-block-etoro-faq-item\"><dt class=\"wp-block-etoro-faq-item-question\">\u00bfQu\u00e9 es Tori?<\/dt><dd class=\"wp-block-etoro-faq-item-answer\">\n<p>Tori es el asistente de inversi\u00f3n impulsado por IA de eToro. Te ayuda a explorar los mercados, analizar tu portafolio, aprender sobre inversiones y navegar por la plataforma, todo a trav\u00e9s de un chat sencillo y natural.<\/p>\n<\/dd><\/div>\n\n\n\n<div class=\"wp-block-etoro-faq-item\"><dt class=\"wp-block-etoro-faq-item-question\">\u00bfC\u00f3mo accedo a Tori?<\/dt><dd class=\"wp-block-etoro-faq-item-answer\">\n<p>Encontrar\u00e1s el icono de Tori en la esquina superior derecha de las pantallas clave de la plataforma de eToro, como las p\u00e1ginas Descubrir, Portafolio y Activos. Solo t\u00f3calo para abrir un chat. Las preguntas sugeridas por Tori se ajustar\u00e1n en funci\u00f3n de d\u00f3nde te encuentres, pero puedes preguntar cualquier cosa y en cualquier momento.<\/p>\n<\/dd><\/div>\n\n\n\n<div class=\"wp-block-etoro-faq-item\"><dt class=\"wp-block-etoro-faq-item-question\">&nbsp;\u00bfQu\u00e9 puedo preguntar a Tori?<\/dt><dd class=\"wp-block-etoro-faq-item-answer\">\n<p>\u00a1Casi cualquier cosa relacionada con inversiones! Por ejemplo:<\/p>\n\n\n\n<p>&#8220;Compara Tesla y Nvidia&#8221;<\/p>\n\n\n\n<p>&#8220;\u00bfQu\u00e9 es el an\u00e1lisis t\u00e9cnico?&#8221;<\/p>\n\n\n\n<p>&#8220;\u00bfCu\u00e1les son las acciones m\u00e1s populares?&#8221;<\/p>\n\n\n\n<p>&#8220;\u00bfD\u00f3nde encuentro mi calendario de ganancias?&#8221;<\/p>\n\n\n\n<p>Tori te dar\u00e1 respuestas claras y en tiempo real adaptadas a tu solicitud<\/p>\n<\/dd><\/div>\n\n\n\n<div class=\"wp-block-etoro-faq-item\"><dt class=\"wp-block-etoro-faq-item-question\">\u00bfPuede Tori analizar mi portafolio?<\/dt><dd class=\"wp-block-etoro-faq-item-answer\">\n<p>S\u00ed, si tu portafolio es p\u00fablico. Tori puede ofrecer observaciones generales sobre la composici\u00f3n de tu portafolio, como la concentraci\u00f3n de activos y la exposici\u00f3n a sectores. Si tu portafolio es privado, Tori no podr\u00e1 acceder a \u00e9l.<\/p>\n<\/dd><\/div>\n\n\n\n<div class=\"wp-block-etoro-faq-item\"><dt class=\"wp-block-etoro-faq-item-question\">&nbsp;\u00bfEs Tori realmente una IA?<\/dt><dd class=\"wp-block-etoro-faq-item-answer\">\n<p>S\u00ed. Tori est\u00e1 impulsada por tecnolog\u00eda avanzada de IA desarrollada internamente por eToro. En algunos casos, tambi\u00e9n se usan flujos predefinidos o l\u00f3gica de chatbot para mejorar la fiabilidad.<\/p>\n<\/dd><\/div>\n\n\n\n<div class=\"wp-block-etoro-faq-item\"><dt class=\"wp-block-etoro-faq-item-question\">\u00bfPuede Tori dar consejos de inversi\u00f3n?<\/dt><dd class=\"wp-block-etoro-faq-item-answer\">\n<p>No. Tori no ofrece asesoramiento financiero ni de inversi\u00f3n. Ofrece perspectivas, educaci\u00f3n y orientaci\u00f3n para ayudarte a tomar decisiones m\u00e1s informadas, pero la decisi\u00f3n final es siempre tuya.<\/p>\n<\/dd><\/div>\n\n\n\n<div class=\"wp-block-etoro-faq-item\"><dt class=\"wp-block-etoro-faq-item-question\">\u00bfTori sustituir\u00e1 la asistencia al cliente?<\/dt><dd class=\"wp-block-etoro-faq-item-answer\">\n<p>No. Tori es un complemento de nuestro equipo de asistencia. Si tu consulta requiere asistencia personal, Tori te conectar\u00e1 directamente con un agente del servicio de atenci\u00f3n al cliente.<\/p>\n<\/dd><\/div>\n\n\n\n<div class=\"wp-block-etoro-faq-item\"><dt class=\"wp-block-etoro-faq-item-question\">\u00bfPuede Tori ver mis listas de seguimiento?<\/dt><dd class=\"wp-block-etoro-faq-item-answer\">\n<p>Todav\u00eda no, pero eso est\u00e1 en nuestra hoja de ruta para el futuro<\/p>\n<\/dd><\/div>\n\n\n\n<div class=\"wp-block-etoro-faq-item\"><dt class=\"wp-block-etoro-faq-item-question\">\u00bfAccede Tori a mis datos personales?<br><\/dt><dd class=\"wp-block-etoro-faq-item-answer\">\n<p>No, a menos que est\u00e9s usando la versi\u00f3n de agente de asistencia. De lo contrario, Tori solo utiliza datos p\u00fablicos de la plataforma (p. ej., datos de mercado, perfiles de activos y portafolios p\u00fablicos)<\/p>\n<\/dd><\/div>\n\n\n\n<div class=\"wp-block-etoro-faq-item\"><dt class=\"wp-block-etoro-faq-item-question\">\u00bfPuedo ver los chats anteriores con Tori?<\/dt><dd class=\"wp-block-etoro-faq-item-answer\">\n<p>S\u00ed. Puedes acceder a tus chats anteriores con Tori desde el men\u00fa \u2630 en la ventana de chat. El historial de chat se guarda durante 30 d\u00edas y se reinicia si respondes a un mensaje m\u00e1s antiguo.<\/p>\n<\/dd><\/div>\n<\/dl>\n<\/div><\/section>\n\n\n\n<section class=\"wp-block-group wp-block-group-boxed\"><div class=\"wp-block-group-inner is-layout-flow wp-block-group-is-layout-flow\">\n<p class=\"is-style-disclaimer\">Esta comunicaci\u00f3n tiene \u00fanicamente fines informativos y educativos y no debe interpretarse como un consejo de inversi\u00f3n, una recomendaci\u00f3n personal o una oferta o solicitud de compra o venta de ning\u00fan instrumento financiero. Este material se ha elaborado sin tener en cuenta los objetivos de inversi\u00f3n o la situaci\u00f3n financiera de ning\u00fan destinatario en particular, y no se ha elaborado de acuerdo con los requisitos legales y reglamentarios para promover la investigaci\u00f3n independiente. Cualquier referencia al rendimiento pasado o futuro de un instrumento financiero, \u00edndice o producto de inversi\u00f3n empaquetado no es, ni debe considerarse, un indicador fiable de resultados futuros. eToro no representa ni asume responsabilidad alguna en cuanto a la exactitud o integridad del contenido de esta publicaci\u00f3n.<\/p>\n\n\n\n<p class=\"is-style-disclaimer\"><br>Este anuncio no ha sido revisado por la Autoridad Monetaria de Singapur.<\/p>\n\n\n\n<p class=\"is-style-disclaimer\"><br>Tori no ofrece asesoramiento de inversi\u00f3n.<br>Tori es una herramienta impulsada por IA dise\u00f1ada para ofrecer contenido educativo, datos y perspectivas generales del mercado. No tiene en cuenta tus circunstancias personales y no debe confiarse en \u00e9l para tomar decisiones de inversi\u00f3n. Tu capital est\u00e1 en riesgo. El rendimiento pasado no es un indicador de los resultados futuros.<br>eToro no representa ni asume responsabilidad alguna en cuanto a la exactitud o integridad de las respuestas generadas.<\/p>\n\n\n\n<p class=\"is-style-disclaimer\"><\/p>\n<\/div><\/section>\n","protected":false},"excerpt":{"rendered":"<p>Descubre, aprende, analiza Tori ofrece datos, perspectivas y an\u00e1lisis en un chat sencillo e interactivo. Solo con fines ilustrativos Descubre nuevas oportunidades de inversi\u00f3n Con cada pregunta que haces, Tori proporciona datos claros y en tiempo real para descubrir oportunidades de inversi\u00f3n. Obt\u00e9n informaci\u00f3n del mercado adaptada a tus intereses Tori convierte tus preguntas en&hellip;<\/p>\n","protected":false},"author":75,"featured_media":1112853,"parent":9388,"menu_order":0,"comment_status":"closed","ping_status":"closed","template":"","meta":{"_acf_changed":false,"inline_featured_image":false,"sticky_cta_settings":"","footnotes":""},"asset_type":[],"class_list":["post-1116038","page","type-page","status-publish","has-post-thumbnail","hentry"],"acf":[],"yoast_head":"<title>Tori \u2013 tu compa\u00f1ero de inversi\u00f3n con IA de eToro<\/title>\n<meta name=\"description\" content=\"Descubre c\u00f3mo Tori utiliza la IA para potenciar tus inversiones: obt\u00e9n perspectivas, an\u00e1lisis de portafolio y consejos inteligentes, todo dentro de eToro.\" \/>\n<meta name=\"robots\" content=\"index, follow, max-snippet:-1, max-image-preview:large, max-video-preview:-1\" \/>\n<link rel=\"canonical\" href=\"https:\/\/www.etoro.com\/es\/wp-json\/wp\/v2\/pages\/1116038\" \/>\n<meta property=\"og:locale\" content=\"es_ES\" \/>\n<meta property=\"og:type\" content=\"article\" \/>\n<meta property=\"og:title\" content=\"Tori \u2013 tu compa\u00f1ero de inversi\u00f3n con IA de eToro\" \/>\n<meta property=\"og:description\" content=\"Descubre c\u00f3mo Tori utiliza la IA para potenciar tus inversiones: obt\u00e9n perspectivas, an\u00e1lisis de portafolio y consejos inteligentes, todo dentro de eToro.\" \/>\n<meta property=\"og:url\" content=\"https:\/\/www.etoro.com\/es\/wp-json\/wp\/v2\/pages\/1116038\" \/>\n<meta property=\"og:site_name\" content=\"eToro\" \/>\n<meta property=\"article:publisher\" content=\"https:\/\/www.facebook.com\/eToro\/\" \/>\n<meta property=\"article:modified_time\" content=\"2025-08-07T12:03:29+00:00\" \/>\n<meta property=\"og:image\" content=\"https:\/\/www.etoro.com\/wp-content\/uploads\/2025\/08\/Tori_Featured-image-1200x630-1.png\" \/>\n\t<meta property=\"og:image:width\" content=\"1200\" \/>\n\t<meta property=\"og:image:height\" content=\"630\" \/>\n\t<meta property=\"og:image:type\" content=\"image\/png\" \/>\n<meta name=\"twitter:card\" content=\"summary_large_image\" \/>\n<meta name=\"twitter:site\" content=\"@eToro\" \/>\n<meta name=\"twitter:label1\" content=\"Est. reading time\" \/>\n\t<meta name=\"twitter:data1\" content=\"5 minutes\" \/>\n<script type=\"application\/ld+json\" class=\"yoast-schema-graph\">{\"@context\":\"https:\/\/schema.org\",\"@graph\":[{\"@type\":\"WebPage\",\"@id\":\"https:\/\/www.etoro.com\/es\/trading\/platforms\/tori\/\",\"url\":\"https:\/\/www.etoro.com\/es\/trading\/platforms\/tori\/\",\"name\":\"Tori \u2013 tu compa\u00f1ero de inversi\u00f3n con IA de eToro\",\"isPartOf\":{\"@id\":\"https:\/\/www.etoro.com\/es\/#website\"},\"primaryImageOfPage\":{\"@id\":\"https:\/\/www.etoro.com\/es\/trading\/platforms\/tori\/#primaryimage\"},\"image\":{\"@id\":\"https:\/\/www.etoro.com\/es\/trading\/platforms\/tori\/#primaryimage\"},\"thumbnailUrl\":\"https:\/\/www.etoro.com\/wp-content\/uploads\/2025\/08\/Tori_Featured-image-1200x630-1.png\",\"datePublished\":\"2025-08-06T15:02:13+00:00\",\"dateModified\":\"2025-08-07T12:03:29+00:00\",\"description\":\"Descubre c\u00f3mo Tori utiliza la IA para potenciar tus inversiones: obt\u00e9n perspectivas, an\u00e1lisis de portafolio y consejos inteligentes, todo dentro de eToro.\",\"breadcrumb\":{\"@id\":\"https:\/\/www.etoro.com\/es\/trading\/platforms\/tori\/#breadcrumb\"},\"inLanguage\":\"es\",\"potentialAction\":[{\"@type\":\"ReadAction\",\"target\":[\"https:\/\/www.etoro.com\/es\/trading\/platforms\/tori\/\"]}]},{\"@type\":\"ImageObject\",\"inLanguage\":\"es\",\"@id\":\"https:\/\/www.etoro.com\/es\/trading\/platforms\/tori\/#primaryimage\",\"url\":\"https:\/\/www.etoro.com\/wp-content\/uploads\/2025\/08\/Tori_Featured-image-1200x630-1.png\",\"contentUrl\":\"https:\/\/www.etoro.com\/wp-content\/uploads\/2025\/08\/Tori_Featured-image-1200x630-1.png\",\"width\":1200,\"height\":630},{\"@type\":\"BreadcrumbList\",\"@id\":\"https:\/\/www.etoro.com\/es\/trading\/platforms\/tori\/#breadcrumb\",\"itemListElement\":[{\"@type\":\"ListItem\",\"position\":1,\"name\":\"Inicio\",\"item\":\"https:\/\/www.etoro.com\/es\/\"},{\"@type\":\"ListItem\",\"position\":2,\"name\":\"Trading\",\"item\":\"https:\/\/www.etoro.com\/es\/trading\/\"},{\"@type\":\"ListItem\",\"position\":3,\"name\":\"PLATAFORMAS - Historial\",\"item\":\"https:\/\/www.etoro.com\/es\/trading\/platforms\/\"},{\"@type\":\"ListItem\",\"position\":4,\"name\":\"Tori\"}]},{\"@type\":\"WebSite\",\"@id\":\"https:\/\/www.etoro.com\/es\/#website\",\"url\":\"https:\/\/www.etoro.com\/es\/\",\"name\":\"eToro\",\"description\":\"\",\"publisher\":{\"@id\":\"https:\/\/www.etoro.com\/es\/#organization\"},\"potentialAction\":[{\"@type\":\"SearchAction\",\"target\":{\"@type\":\"EntryPoint\",\"urlTemplate\":\"https:\/\/www.etoro.com\/es\/?s={search_term_string}\"},\"query-input\":{\"@type\":\"PropertyValueSpecification\",\"valueRequired\":true,\"valueName\":\"search_term_string\"}}],\"inLanguage\":\"es\"},[]]}<\/script>","yoast_head_json":{"title":"Tori \u2013 tu compa\u00f1ero de inversi\u00f3n con IA de eToro","description":"Descubre c\u00f3mo Tori utiliza la IA para potenciar tus inversiones: obt\u00e9n perspectivas, an\u00e1lisis de portafolio y consejos inteligentes, todo dentro de eToro.","robots":{"index":"index","follow":"follow","max-snippet":"max-snippet:-1","max-image-preview":"max-image-preview:large","max-video-preview":"max-video-preview:-1"},"canonical":"https:\/\/www.etoro.com\/es\/wp-json\/wp\/v2\/pages\/1116038","og_locale":"es_ES","og_type":"article","og_title":"Tori \u2013 tu compa\u00f1ero de inversi\u00f3n con IA de eToro","og_description":"Descubre c\u00f3mo Tori utiliza la IA para potenciar tus inversiones: obt\u00e9n perspectivas, an\u00e1lisis de portafolio y consejos inteligentes, todo dentro de eToro.","og_url":"https:\/\/www.etoro.com\/es\/wp-json\/wp\/v2\/pages\/1116038","og_site_name":"eToro","article_publisher":"https:\/\/www.facebook.com\/eToro\/","article_modified_time":"2025-08-07T12:03:29+00:00","og_image":[{"width":1200,"height":630,"url":"https:\/\/www.etoro.com\/wp-content\/uploads\/2025\/08\/Tori_Featured-image-1200x630-1.png","type":"image\/png"}],"twitter_card":"summary_large_image","twitter_site":"@eToro","twitter_misc":{"Est. reading time":"5 minutes"},"schema":{"@context":"https:\/\/schema.org","@graph":[{"@type":"WebPage","@id":"https:\/\/www.etoro.com\/es\/trading\/platforms\/tori\/","url":"https:\/\/www.etoro.com\/es\/trading\/platforms\/tori\/","name":"Tori \u2013 tu compa\u00f1ero de inversi\u00f3n con IA de eToro","isPartOf":{"@id":"https:\/\/www.etoro.com\/es\/#website"},"primaryImageOfPage":{"@id":"https:\/\/www.etoro.com\/es\/trading\/platforms\/tori\/#primaryimage"},"image":{"@id":"https:\/\/www.etoro.com\/es\/trading\/platforms\/tori\/#primaryimage"},"thumbnailUrl":"https:\/\/www.etoro.com\/wp-content\/uploads\/2025\/08\/Tori_Featured-image-1200x630-1.png","datePublished":"2025-08-06T15:02:13+00:00","dateModified":"2025-08-07T12:03:29+00:00","description":"Descubre c\u00f3mo Tori utiliza la IA para potenciar tus inversiones: obt\u00e9n perspectivas, an\u00e1lisis de portafolio y consejos inteligentes, todo dentro de eToro.","breadcrumb":{"@id":"https:\/\/www.etoro.com\/es\/trading\/platforms\/tori\/#breadcrumb"},"inLanguage":"es","potentialAction":[{"@type":"ReadAction","target":["https:\/\/www.etoro.com\/es\/trading\/platforms\/tori\/"]}]},{"@type":"ImageObject","inLanguage":"es","@id":"https:\/\/www.etoro.com\/es\/trading\/platforms\/tori\/#primaryimage","url":"https:\/\/www.etoro.com\/wp-content\/uploads\/2025\/08\/Tori_Featured-image-1200x630-1.png","contentUrl":"https:\/\/www.etoro.com\/wp-content\/uploads\/2025\/08\/Tori_Featured-image-1200x630-1.png","width":1200,"height":630},{"@type":"BreadcrumbList","@id":"https:\/\/www.etoro.com\/es\/trading\/platforms\/tori\/#breadcrumb","itemListElement":[{"@type":"ListItem","position":1,"name":"Inicio","item":"https:\/\/www.etoro.com\/es\/"},{"@type":"ListItem","position":2,"name":"Trading","item":"https:\/\/www.etoro.com\/es\/trading\/"},{"@type":"ListItem","position":3,"name":"PLATAFORMAS - Historial","item":"https:\/\/www.etoro.com\/es\/trading\/platforms\/"},{"@type":"ListItem","position":4,"name":"Tori"}]},{"@type":"WebSite","@id":"https:\/\/www.etoro.com\/es\/#website","url":"https:\/\/www.etoro.com\/es\/","name":"eToro","description":"","publisher":{"@id":"https:\/\/www.etoro.com\/es\/#organization"},"potentialAction":[{"@type":"SearchAction","target":{"@type":"EntryPoint","urlTemplate":"https:\/\/www.etoro.com\/es\/?s={search_term_string}"},"query-input":{"@type":"PropertyValueSpecification","valueRequired":true,"valueName":"search_term_string"}}],"inLanguage":"es"},[]]}},"_links":{"self":[{"href":"https:\/\/www.etoro.com\/es\/wp-json\/wp\/v2\/pages\/1116038"}],"collection":[{"href":"https:\/\/www.etoro.com\/es\/wp-json\/wp\/v2\/pages"}],"about":[{"href":"https:\/\/www.etoro.com\/es\/wp-json\/wp\/v2\/types\/page"}],"author":[{"embeddable":true,"href":"https:\/\/www.etoro.com\/es\/wp-json\/wp\/v2\/users\/75"}],"replies":[{"embeddable":true,"href":"https:\/\/www.etoro.com\/es\/wp-json\/wp\/v2\/comments?post=1116038"}],"version-history":[{"count":0,"href":"https:\/\/www.etoro.com\/es\/wp-json\/wp\/v2\/pages\/1116038\/revisions"}],"up":[{"embeddable":true,"href":"https:\/\/www.etoro.com\/es\/wp-json\/wp\/v2\/pages\/9388"}],"wp:featuredmedia":[{"embeddable":true,"href":"https:\/\/www.etoro.com\/es\/wp-json\/wp\/v2\/media\/1112853"}],"wp:attachment":[{"href":"https:\/\/www.etoro.com\/es\/wp-json\/wp\/v2\/media?parent=1116038"}],"wp:term":[{"taxonomy":"asset_type","embeddable":true,"href":"https:\/\/www.etoro.com\/es\/wp-json\/wp\/v2\/asset_type?post=1116038"}],"curies":[{"name":"wp","href":"https:\/\/api.w.org\/{rel}","templated":true}]}}