{"id":1153746,"date":"2025-09-17T11:37:51","date_gmt":"2025-09-17T08:37:51","guid":{"rendered":"https:\/\/www.etoro.com\/trading\/managing-crypto-risk-with-sqfs\/"},"modified":"2025-12-15T16:43:35","modified_gmt":"2025-12-15T14:43:35","slug":"managing-crypto-risk-with-sqfs","status":"publish","type":"page","link":"https:\/\/www.etoro.com\/es\/trading\/managing-crypto-risk-with-sqfs\/","title":{"rendered":"Riesgos de los SQF de criptomonedas"},"content":{"rendered":"\n<p class=\"is-style-summary\">Los futuros cotizados al contado (SQF) reci\u00e9n lanzados ofrecen una nueva forma de obtener exposici\u00f3n a los mercados cripto. Este art\u00edculo explicar\u00e1 qu\u00e9 papel podr\u00edan desempe\u00f1ar estos instrumentos derivados en una estrategia de <em>trading<\/em> de criptomonedas.<\/p>\n\n\n\n<hr class=\"wp-block-separator wp-block-separator-color-dark-grey wp-block-separator-spaces-medium wp-block-separator-weight-1 has-alpha-channel-opacity\"\/>\n\n\n\n<p>Los futuros cripto cotizados al contado del CME Group ofrecen una nueva forma de obtener exposici\u00f3n a los mercados de criptomonedas. Vienen con una gama de caracter\u00edsticas funcionales innovadoras que los diferencian de los futuros tradicionales, y desarrollar una comprensi\u00f3n completa de c\u00f3mo funcionan es crucial antes de utilizarlos para navegar el sector cripto.<\/p>\n\n\n\n<figure class=\"wp-block-image size-full\"><img loading=\"lazy\" decoding=\"async\" width=\"756\" height=\"400\" src=\"https:\/\/www.etoro.com\/wp-content\/uploads\/2025\/09\/Body-Image-1_-What-Are-Spot-Quoted-Crypto-Futures-SQFs.png\" alt=\"\" class=\"wp-image-1135556 wp-image-desktop\" srcset=\"https:\/\/www.etoro.com\/wp-content\/uploads\/2025\/09\/Body-Image-1_-What-Are-Spot-Quoted-Crypto-Futures-SQFs.png 756w, https:\/\/www.etoro.com\/wp-content\/uploads\/2025\/09\/Body-Image-1_-What-Are-Spot-Quoted-Crypto-Futures-SQFs-300x159.png 300w\" sizes=\"(max-width: 756px) 100vw, 756px\" \/><\/figure>\n\n\n\n<h2 class=\"wp-block-heading\">\u00bfQu\u00e9 son los futuros cripto cotizados al contado (SQF)?<\/h2>\n\n\n\n<p>Los futuros de criptomonedas con cotizaci\u00f3n al contado (Spot-Quoted) <strong>son un nuevo tipo de contrato de futuros que, en muchos aspectos, son similares a los futuros tradicionales, pero tambi\u00e9n presentan una serie de caracter\u00edsticas distintivas.<\/strong><\/p>\n\n\n\n<p>Como los futuros tradicionales, los <strong>SQF son instrumentos <e-tip data-tooltip=\"Instrumento financiero cuyo precio o valor se calcula en relaci\u00f3n con otros activos cotizados en el mercado.\">derivados<\/e-tip><\/strong>. Si tomas una posici\u00f3n larga en el SQF de Bitcoin (BTC.SPOT), no poseer\u00edas ninguna cripto directamente, pero el valor de tu posici\u00f3n estar\u00eda determinado por el valor del activo subyacente.<\/p>\n\n\n\n<p><strong>A diferencia de los futuros cripto tradicionales, los SQF siguen el precio al contado de los mercados cripto subyacentes como Bitcoin (BTC) y Ethereum (ETH)<\/strong>. Eso hace que el monitoreo de movimientos de precios y cambios de P&amp;L sea m\u00e1s intuitivo que con los futuros tradicionales.<\/p>\n\n\n\n<p>Hay otras caracter\u00edsticas de los SQF que vale la pena considerar:<\/p>\n\n\n\n<ul class=\"wp-block-list wp-block-list wp-block-list-circle\">\n<li><strong>Precios m\u00e1s intuitivos:<\/strong> Los SQF de cripto difieren de los futuros tradicionales en que siguen el precio al contado en el mercado del activo subyacente<\/li>\n\n\n\n<li><strong>Tama\u00f1o de contrato m\u00e1s peque\u00f1o:<\/strong> El tama\u00f1o de contrato m\u00e1s peque\u00f1o permite operar con menos exposici\u00f3n<\/li>\n\n\n\n<li><strong>Contratos estandarizados:<\/strong> Los SQF son un acuerdo estandarizado para comprar o vender un activo a un precio establecido en una fecha futura espec\u00edfica<\/li>\n\n\n\n<li><strong>Compensaci\u00f3n centralizada:<\/strong> Los futuros con cotizaci\u00f3n al contado (SQFs) se negocian en la bolsa CME y son procesados por CME Clearing.<\/li>\n<\/ul>\n\n\n\n<figure class=\"wp-block-image size-full\"><img loading=\"lazy\" decoding=\"async\" width=\"756\" height=\"400\" src=\"https:\/\/www.etoro.com\/wp-content\/uploads\/2025\/09\/Body-Image-2_-Additional-Risks-of-TradingCrypto-SQFs.png\" alt=\"\" class=\"wp-image-1135582 wp-image-desktop\" srcset=\"https:\/\/www.etoro.com\/wp-content\/uploads\/2025\/09\/Body-Image-2_-Additional-Risks-of-TradingCrypto-SQFs.png 756w, https:\/\/www.etoro.com\/wp-content\/uploads\/2025\/09\/Body-Image-2_-Additional-Risks-of-TradingCrypto-SQFs-300x159.png 300w\" sizes=\"(max-width: 756px) 100vw, 756px\" \/><\/figure>\n\n\n\n<h2 class=\"wp-block-heading\">C\u00f3mo utilizar los SQF de cripto<\/h2>\n\n\n\n<p>Los SQF de cripto ofrecen una forma de obtener exposici\u00f3n a los mercados cripto. Podr\u00edas, por ejemplo, comprar el <strong>SQF BTC.SPOT que representar\u00eda una posici\u00f3n larga en Bitcoin<\/strong>.<\/p>\n\n\n\n<p>La naturaleza derivada de los SQF tambi\u00e9n permite a los inversores vender en corto y usar <strong><e-tip data-tooltip=\"Capital prestado por un br\u00f3ker a un operador para permitirle abrir una posici\u00f3n m\u00e1s grande.\">apalancamiento<\/e-tip><\/strong>. Estas caracter\u00edsticas funcionales pueden parecer beneficiosas, pero conllevan riesgos significativos.<\/p>\n\n\n\n<p><strong>Ventas en Corto:<\/strong> <strong>Las p\u00e9rdidas en posiciones cortas son te\u00f3ricamente infinitas<\/strong>, ya que <strong>no hay barreras para que el precio del mercado suba<\/strong>, mientras que las p\u00e9rdidas en posiciones largas est\u00e1n limitadas al precio de un activo llegando a cero.<\/p>\n\n\n\n<p><strong>Apalancamiento:<\/strong> El apalancamiento implica tomar exposici\u00f3n que es varias veces tu inversi\u00f3n inicial y magnifica las p\u00e9rdidas.<\/p>\n\n\n\n<div class=\"wp-block-etoro-tip wp-block-etoro-tip-border-yellow\"><span class=\"wp-block-etoro-tip-icon\"><\/span><div class=\"wp-block-etoro-tip-text\">\n<p><strong>Consejo:<\/strong> Durante la correcci\u00f3n del mercado cripto de 2021, Bitcoin cay\u00f3 aproximadamente un 50% en valor en el transcurso de unos pocos meses.<\/p>\n<\/div><\/div>\n\n\n\n<h2 class=\"wp-block-heading\">Riesgos adicionales del uso de SQF de cripto<\/h2>\n\n\n\n<p><strong>Hay factores de riesgo adicionales asociados con el mercado de futuros<\/strong> que deben considerarse. Algunos de estos se amplifican por la volatilidad de precios y la liquidez encontrada en los mercados cripto.<\/p>\n\n\n\n<figure class=\"wp-block-image size-full\"><img loading=\"lazy\" decoding=\"async\" width=\"756\" height=\"400\" src=\"https:\/\/www.etoro.com\/wp-content\/uploads\/2025\/09\/Body-Image-3_-Integrating-Spot-Quoted-Crypto-Futures-into-a-Portfolio.png\" alt=\"\" class=\"wp-image-1135608 wp-image-desktop\" srcset=\"https:\/\/www.etoro.com\/wp-content\/uploads\/2025\/09\/Body-Image-3_-Integrating-Spot-Quoted-Crypto-Futures-into-a-Portfolio.png 756w, https:\/\/www.etoro.com\/wp-content\/uploads\/2025\/09\/Body-Image-3_-Integrating-Spot-Quoted-Crypto-Futures-into-a-Portfolio-300x159.png 300w\" sizes=\"(max-width: 756px) 100vw, 756px\" \/><\/figure>\n\n\n\n<h3 class=\"wp-block-heading\">Volatilidad extrema<\/h3>\n\n\n\n<p>Los mercados de criptomonedas son conocidos por <strong>sus niveles de volatilidad de precios superiores a la media<\/strong>. Cuando se combina con el hecho de que los SQF pueden negociarse con <e-tip data-tooltip=\"El margen describe la cantidad de capital que el trader debe invertir para abrir una operaci\u00f3n apalancada.\">margen<\/e-tip>, esta volatilidad se magnifica considerablemente. Eso puede dificultar la gesti\u00f3n de posiciones y los <em>traders<\/em> pueden sufrir de sesgos psicol\u00f3gicos en su toma de decisiones.<\/p>\n\n\n\n<h3 class=\"wp-block-heading\">Riesgo de liquidaci\u00f3n<\/h3>\n\n\n\n<p><strong>Quiz\u00e1s el riesgo m\u00e1s significativo en el <em>trading<\/em> de SQF de cripto es la liquidaci\u00f3n forzada.<\/strong> Cuando operas con margen, debes mantener una cantidad m\u00ednima de garant\u00eda para mantener tu posici\u00f3n abierta.<\/p>\n\n\n\n<p><strong>Si los movimientos del mercado empujan tu nivel de margen por debajo de este umbral, los exchanges cierran autom\u00e1ticamente tu posici\u00f3n<\/strong> para prevenir p\u00e9rdidas adicionales y asegurar que puedan recuperar fondos. Esta liquidaci\u00f3n t\u00edpicamente ocurre al peor precio posible e incluye comisiones adicionales.<\/p>\n\n\n\n<h2 class=\"wp-block-heading\">Integraci\u00f3n de futuros cripto cotizados al contado en una cartera<\/h2>\n\n\n\n<p>Los futuros cripto cotizados al contado pueden servir diferentes funciones dentro de una cartera e integrarlos en tu planificicaci\u00f3n estrat\u00e9gica trae <strong>tanto ventajas como el uso de apalancamiento, como desventajas,<\/strong> entre las que destaca la volatilidad.<\/p>\n\n\n\n<p>La capacidad de usar apalancamiento permite la eficiencia de capital; y la funcionalidad de venta en corto te permite tomar una posici\u00f3n direccional si piensas que los mercados cripto est\u00e1n sobrecalentados. Al mismo tiempo, <strong>operar usando margen magnifica las p\u00e9rdidas as\u00ed como las ganancias e implica costes de financiaci\u00f3n adicionales y riesgo de liquidaci\u00f3n.<\/strong><\/p>\n\n\n\n<div class=\"wp-block-etoro-tip wp-block-etoro-tip-border-yellow\"><span class=\"wp-block-etoro-tip-icon\"><\/span><div class=\"wp-block-etoro-tip-text\">\n<p><strong>Consejo:<\/strong> Practica el <em>trading<\/em> de cualquier nuevo instrumento o mercado usando una Cuenta Demo antes de usar fondos reales.<\/p>\n<\/div><\/div>\n\n\n\n<h2 class=\"wp-block-heading\">Reflexiones finales<\/h2>\n\n\n\n<p>Los futuros cotizados al contado de cripto son un producto nuevo que ser\u00e1 atractivo para muchos. <strong>Su funcionalidad ordenada los convierte en una herramienta potencialmente \u00fatil para aquellos que buscan obtener exposici\u00f3n a los mercados cripto.<\/strong> Pero usar derivados para operar cripto es un enfoque que requerir\u00eda una gesti\u00f3n de riesgos extensiva.<\/p>\n\n\n\n<p>Visita la <strong><a href=\"https:\/\/www.etoro.com\/es\/academy\/\">Academia de eToro<\/a><\/strong> para aprender m\u00e1s sobre las diferentes formas de gestionar el riesgo.<\/p>\n\n\n\n<h2 class=\"wp-block-heading\">Preguntas frecuentes<\/h2>\n\n\n\n<dl class=\"wp-block-etoro-faq\">\n<div class=\"wp-block-etoro-faq-item\"><dt class=\"wp-block-etoro-faq-item-question\">\u00bfC\u00f3mo elijo qu\u00e9 SQF de cripto comprar?<\/dt><dd class=\"wp-block-etoro-faq-item-answer\">\n<p>Los SQF de cripto siguen el precio de un instrumento subyacente, por lo que tu an\u00e1lisis debe basarse en las oportunidades potenciales de las monedas mismas. Al considerar las perspectivas de las principales monedas, podr\u00edas factorizar posibles impulsores de precios como el <a href=\"https:\/\/www.etoro.com\/es\/crypto\/bitcoin-four-year-cycle\/\">ciclo de cuatro a\u00f1os de Bitcoin<\/a> y la Hoja de Ruta de Ethereum.<\/p>\n<\/dd><\/div>\n\n\n\n<div class=\"wp-block-etoro-faq-item\"><dt class=\"wp-block-etoro-faq-item-question\">\u00bfMi broker me dir\u00e1 si mi posici\u00f3n se cierra debido a una llamada de margen?<\/dt><dd class=\"wp-block-etoro-faq-item-answer\">\n<p>Si est\u00e1s usando un broker reputado, no solo te dir\u00e1n si una posici\u00f3n es liquidada, sino que tambi\u00e9n te contactar\u00e1n de antemano para avisarte de la necesidad de depositar m\u00e1s fondos para cumplir con la llamada de margen. La responsabilidad sigue siendo de los <em>traders<\/em> de monitorear posiciones y m\u00e9tricas de <em>trading<\/em> como el <a href=\"https:\/\/www.etoro.com\/es\/crypto\/crypto-leverage-and-margin\/\">margen<\/a>, pero deber\u00edas poder configurar tu cuenta para recibir alertas en una variedad de formatos.<\/p>\n<\/dd><\/div>\n\n\n\n<div class=\"wp-block-etoro-faq-item\"><dt class=\"wp-block-etoro-faq-item-question\">\u00bfLa cobertura de mi posici\u00f3n cripto usando SQF elimina el riesgo asociado con posiciones largas individuales en otras criptos?<\/dt><dd class=\"wp-block-etoro-faq-item-answer\">\n<p>Es extremadamente improbable que una posici\u00f3n corta SQF seleccionada que act\u00fae como \u00ab<a href=\"https:\/\/www.etoro.com\/es\/investing\/hedging-guide\/\">cobertura<\/a>\u00bb elimine todo el riesgo de mercado asociado con tus otras posiciones cripto. Puedes estar largo y corto en cripto, pero los instrumentos que uses podr\u00edan no ser una coincidencia ideal y puede haber un retraso entre los movimientos de precios de las respectivas posiciones. La cobertura se piensa mejor como una forma de mitigar el riesgo y algo que te permite mantener un grado de compostura y en posici\u00f3n de tomar decisiones consideradas en lugar de entrar en p\u00e1nico.<\/p>\n<\/dd><\/div>\n\n\n\n<div class=\"wp-block-etoro-faq-item\"><dt class=\"wp-block-etoro-faq-item-question\">\u00bfEn qu\u00e9 situaciones deber\u00eda usar SQF de criptomonedas en lugar de comprar los criptoactivos al contado (spot)?<\/dt><dd class=\"wp-block-etoro-faq-item-answer\">\n<p>Los SQF son ideales para estrategias de <em>trading<\/em> a corto y medio plazo, mientras que la compra al contado es m\u00e1s adecuada para la inversi\u00f3n a largo plazo. Utiliza los SQF cuando tu objetivo es especular sobre los movimientos de precios sin poseer el activo, especialmente si quieres <a href=\"https:\/\/www.etoro.com\/es\/trading\/short-selling\/\">vender en corto<\/a> (apostar por una bajada) o usar apalancamiento para optimizar la eficiencia de tu capital. Por otro lado, la compra de criptoactivos al contado es preferible si tu estrategia es mantenerlos a largo plazo (<em>HODLing<\/em>).<\/p>\n<\/dd><\/div>\n\n\n\n<div class=\"wp-block-etoro-faq-item\"><dt class=\"wp-block-etoro-faq-item-question\">\u00bfEn qu\u00e9 se diferencian los SQF de criptomonedas de los futuros perpetuos (perps)?<\/dt><dd class=\"wp-block-etoro-faq-item-answer\">\n<p>La principal diferencia radica en su estructura y regulaci\u00f3n. Los SQF son contratos estandarizados que se negocian en una bolsa regulada (CME) y tienen una fecha de vencimiento definida, ofreciendo un marco de inversi\u00f3n m\u00e1s tradicional. Los <a href=\"https:\/\/www.etoro.com\/es\/crypto\/demystifying-decentralised-finance\/\">futuros perpetuos<\/a>, muy comunes en exchanges de criptomonedas, no tienen fecha de vencimiento y utilizan un mecanismo de tasas de financiaci\u00f3n (<em>funding rates<\/em>) para anclar su precio al del \u00edndice al contado.<\/p>\n<\/dd><\/div>\n<\/dl>\n\n\n\n\t\t<style>\n\t\t\t.rtl .etoro-block-shortcode-disclaimer {\n\t\t\t\ttext-align:right;\n\t\t\t}\n\t\t\t.etoro-block-shortcode-disclaimer {\n\t\t\t\tmargin-bottom:18px;\n\t\t\t\ttext-align:left;\n\t\t\t}\n\t\t\t.etoro-block-shortcode-disclaimer p{\n\t\t\t\tfont-size: 12px;\n\t\t\t\tline-height: 18px;\n\t\t\t}\n\t\t\t@media (min-width: 768px) {\n\t\t\t\t.etoro-block-shortcode-disclaimer {\n\t\t\t\t\tmax-width:1176px;\n\t\t\t\t\ttext-align:center;\n\t\t\t\t}\n\t\t\t\t.etoro-block-shortcode-disclaimer p {\n\t\t\t\t\tfont-size: 14px;\n\t\t\t\t\tline-height: 20px;\n\t\t\t\t}\n\t\t\t}\n\t\t<\/style>\n\t\t<div class='etoro-block-shortcode-disclaimer'><p>Esta informaci\u00f3n es \u00fanicamente para fines educativos y no debe interpretarse como un consejo de inversi\u00f3n, una recomendaci\u00f3n personalizada, una oferta o una solicitud para comprar o vender instrumentos financieros.<\/p>\n<p>Este material se ha preparado sin considerar objetivos de inversi\u00f3n o situaciones financieras particulares. Adem\u00e1s, no cumple con los requisitos legales y regulatorios que promueven la investigaci\u00f3n independiente.<\/p>\n<p><strong>No todos los servicios e instrumentos financieros mencionados est\u00e1n disponibles en eToro.<\/strong> Cualquier referencia al rendimiento pasado de un instrumento financiero, \u00edndice o producto de inversi\u00f3n consolidado no es, ni debe considerarse, un indicador fiable de resultados futuros. <strong>La disponibilidad de todos los productos y servicios mencionados puede variar seg\u00fan la jurisdicci\u00f3n y el pa\u00eds.<\/strong><\/p>\n<p>eToro no se responsabiliza ni asume ninguna obligaci\u00f3n por la precisi\u00f3n o integridad del contenido de esta gu\u00eda. Aseg\u00farate de comprender los riesgos asociados con la inversi\u00f3n antes de comprometer tu capital. Nunca arriesgues m\u00e1s de lo que puedas permitirte perder.<\/p>\n<\/div>\n","protected":false},"excerpt":{"rendered":"<p>Los futuros cotizados al contado (SQF) reci\u00e9n lanzados ofrecen una nueva forma de obtener exposici\u00f3n a los mercados cripto. Este art\u00edculo explicar\u00e1 qu\u00e9 papel podr\u00edan desempe\u00f1ar estos instrumentos derivados en una estrategia de trading de criptomonedas. Los futuros cripto cotizados al contado del CME Group ofrecen una nueva forma de obtener exposici\u00f3n a los mercados&hellip;<\/p>\n","protected":false},"author":150,"featured_media":1153750,"parent":18392,"menu_order":0,"comment_status":"closed","ping_status":"closed","template":"","meta":{"_acf_changed":false,"inline_featured_image":false,"sticky_cta_settings":"","footnotes":""},"asset_type":[6601,6602],"class_list":["post-1153746","page","type-page","status-publish","has-post-thumbnail","hentry","asset_type-is-cfd","asset_type-is-crypto"],"acf":[],"yoast_head":"<title>Gesti\u00f3n de riesgos en SQF de criptomonedas | Gu\u00eda eToro<\/title>\n<meta name=\"description\" content=\"Aprende a gestionar los riesgos del apalancamiento y la volatilidad al operar con SQF de criptomonedas. Descubre estrategias avanzadas para proteger tu cartera.\" \/>\n<meta name=\"robots\" content=\"index, follow, max-snippet:-1, max-image-preview:large, max-video-preview:-1\" \/>\n<link rel=\"canonical\" href=\"https:\/\/www.etoro.com\/es\/wp-json\/wp\/v2\/pages\/1153746\" \/>\n<meta property=\"og:locale\" content=\"es_ES\" \/>\n<meta property=\"og:type\" content=\"article\" \/>\n<meta property=\"og:title\" content=\"Gesti\u00f3n de riesgos en SQF de criptomonedas | Gu\u00eda eToro\" \/>\n<meta property=\"og:description\" content=\"Aprende a gestionar los riesgos del apalancamiento y la volatilidad al operar con SQF de criptomonedas. Descubre estrategias avanzadas para proteger tu cartera.\" \/>\n<meta property=\"og:url\" content=\"https:\/\/www.etoro.com\/es\/wp-json\/wp\/v2\/pages\/1153746\" \/>\n<meta property=\"og:site_name\" content=\"eToro\" \/>\n<meta property=\"article:publisher\" content=\"https:\/\/www.facebook.com\/eToro\/\" \/>\n<meta property=\"article:modified_time\" content=\"2025-12-15T14:43:35+00:00\" \/>\n<meta property=\"og:image\" content=\"https:\/\/www.etoro.com\/wp-content\/uploads\/2025\/10\/ES-RISK-SQF-Risk-Management-in-Crypto-SQFs-1200x630-1.png\" \/>\n\t<meta property=\"og:image:width\" content=\"1200\" \/>\n\t<meta property=\"og:image:height\" content=\"630\" \/>\n\t<meta property=\"og:image:type\" content=\"image\/png\" \/>\n<meta name=\"twitter:card\" content=\"summary_large_image\" \/>\n<meta name=\"twitter:site\" content=\"@eToro\" \/>\n<meta name=\"twitter:label1\" content=\"Est. reading time\" \/>\n\t<meta name=\"twitter:data1\" content=\"7 minutes\" \/>\n<script type=\"application\/ld+json\" class=\"yoast-schema-graph\">{\"@context\":\"https:\/\/schema.org\",\"@graph\":[{\"@type\":\"WebPage\",\"@id\":\"https:\/\/www.etoro.com\/es\/trading\/managing-crypto-risk-with-sqfs\/\",\"url\":\"https:\/\/www.etoro.com\/es\/trading\/managing-crypto-risk-with-sqfs\/\",\"name\":\"Gesti\u00f3n de riesgos en SQF de criptomonedas | Gu\u00eda eToro\",\"isPartOf\":{\"@id\":\"https:\/\/www.etoro.com\/es\/#website\"},\"primaryImageOfPage\":{\"@id\":\"https:\/\/www.etoro.com\/es\/trading\/managing-crypto-risk-with-sqfs\/#primaryimage\"},\"image\":{\"@id\":\"https:\/\/www.etoro.com\/es\/trading\/managing-crypto-risk-with-sqfs\/#primaryimage\"},\"thumbnailUrl\":\"https:\/\/www.etoro.com\/wp-content\/uploads\/2025\/10\/ES-RISK-SQF-Risk-Management-in-Crypto-SQFs-1200x630-1.png\",\"datePublished\":\"2025-09-17T08:37:51+00:00\",\"dateModified\":\"2025-12-15T14:43:35+00:00\",\"description\":\"Aprende a gestionar los riesgos del apalancamiento y la volatilidad al operar con SQF de criptomonedas. Descubre estrategias avanzadas para proteger tu cartera.\",\"breadcrumb\":{\"@id\":\"https:\/\/www.etoro.com\/es\/trading\/managing-crypto-risk-with-sqfs\/#breadcrumb\"},\"inLanguage\":\"es\",\"potentialAction\":[{\"@type\":\"ReadAction\",\"target\":[\"https:\/\/www.etoro.com\/es\/trading\/managing-crypto-risk-with-sqfs\/\"]}]},{\"@type\":\"ImageObject\",\"inLanguage\":\"es\",\"@id\":\"https:\/\/www.etoro.com\/es\/trading\/managing-crypto-risk-with-sqfs\/#primaryimage\",\"url\":\"https:\/\/www.etoro.com\/wp-content\/uploads\/2025\/10\/ES-RISK-SQF-Risk-Management-in-Crypto-SQFs-1200x630-1.png\",\"contentUrl\":\"https:\/\/www.etoro.com\/wp-content\/uploads\/2025\/10\/ES-RISK-SQF-Risk-Management-in-Crypto-SQFs-1200x630-1.png\",\"width\":1200,\"height\":630},{\"@type\":\"BreadcrumbList\",\"@id\":\"https:\/\/www.etoro.com\/es\/trading\/managing-crypto-risk-with-sqfs\/#breadcrumb\",\"itemListElement\":[{\"@type\":\"ListItem\",\"position\":1,\"name\":\"Inicio\",\"item\":\"https:\/\/www.etoro.com\/es\/\"},{\"@type\":\"ListItem\",\"position\":2,\"name\":\"Trading\",\"item\":\"https:\/\/www.etoro.com\/es\/trading\/\"},{\"@type\":\"ListItem\",\"position\":3,\"name\":\"Riesgos de los SQF de criptomonedas\"}]},{\"@type\":\"WebSite\",\"@id\":\"https:\/\/www.etoro.com\/es\/#website\",\"url\":\"https:\/\/www.etoro.com\/es\/\",\"name\":\"eToro\",\"description\":\"\",\"publisher\":{\"@id\":\"https:\/\/www.etoro.com\/es\/#organization\"},\"potentialAction\":[{\"@type\":\"SearchAction\",\"target\":{\"@type\":\"EntryPoint\",\"urlTemplate\":\"https:\/\/www.etoro.com\/es\/?s={search_term_string}\"},\"query-input\":{\"@type\":\"PropertyValueSpecification\",\"valueRequired\":true,\"valueName\":\"search_term_string\"}}],\"inLanguage\":\"es\"},[]]}<\/script>","yoast_head_json":{"title":"Gesti\u00f3n de riesgos en SQF de criptomonedas | Gu\u00eda eToro","description":"Aprende a gestionar los riesgos del apalancamiento y la volatilidad al operar con SQF de criptomonedas. Descubre estrategias avanzadas para proteger tu cartera.","robots":{"index":"index","follow":"follow","max-snippet":"max-snippet:-1","max-image-preview":"max-image-preview:large","max-video-preview":"max-video-preview:-1"},"canonical":"https:\/\/www.etoro.com\/es\/wp-json\/wp\/v2\/pages\/1153746","og_locale":"es_ES","og_type":"article","og_title":"Gesti\u00f3n de riesgos en SQF de criptomonedas | Gu\u00eda eToro","og_description":"Aprende a gestionar los riesgos del apalancamiento y la volatilidad al operar con SQF de criptomonedas. Descubre estrategias avanzadas para proteger tu cartera.","og_url":"https:\/\/www.etoro.com\/es\/wp-json\/wp\/v2\/pages\/1153746","og_site_name":"eToro","article_publisher":"https:\/\/www.facebook.com\/eToro\/","article_modified_time":"2025-12-15T14:43:35+00:00","og_image":[{"width":1200,"height":630,"url":"https:\/\/www.etoro.com\/wp-content\/uploads\/2025\/10\/ES-RISK-SQF-Risk-Management-in-Crypto-SQFs-1200x630-1.png","type":"image\/png"}],"twitter_card":"summary_large_image","twitter_site":"@eToro","twitter_misc":{"Est. reading time":"7 minutes"},"schema":{"@context":"https:\/\/schema.org","@graph":[{"@type":"WebPage","@id":"https:\/\/www.etoro.com\/es\/trading\/managing-crypto-risk-with-sqfs\/","url":"https:\/\/www.etoro.com\/es\/trading\/managing-crypto-risk-with-sqfs\/","name":"Gesti\u00f3n de riesgos en SQF de criptomonedas | Gu\u00eda eToro","isPartOf":{"@id":"https:\/\/www.etoro.com\/es\/#website"},"primaryImageOfPage":{"@id":"https:\/\/www.etoro.com\/es\/trading\/managing-crypto-risk-with-sqfs\/#primaryimage"},"image":{"@id":"https:\/\/www.etoro.com\/es\/trading\/managing-crypto-risk-with-sqfs\/#primaryimage"},"thumbnailUrl":"https:\/\/www.etoro.com\/wp-content\/uploads\/2025\/10\/ES-RISK-SQF-Risk-Management-in-Crypto-SQFs-1200x630-1.png","datePublished":"2025-09-17T08:37:51+00:00","dateModified":"2025-12-15T14:43:35+00:00","description":"Aprende a gestionar los riesgos del apalancamiento y la volatilidad al operar con SQF de criptomonedas. Descubre estrategias avanzadas para proteger tu cartera.","breadcrumb":{"@id":"https:\/\/www.etoro.com\/es\/trading\/managing-crypto-risk-with-sqfs\/#breadcrumb"},"inLanguage":"es","potentialAction":[{"@type":"ReadAction","target":["https:\/\/www.etoro.com\/es\/trading\/managing-crypto-risk-with-sqfs\/"]}]},{"@type":"ImageObject","inLanguage":"es","@id":"https:\/\/www.etoro.com\/es\/trading\/managing-crypto-risk-with-sqfs\/#primaryimage","url":"https:\/\/www.etoro.com\/wp-content\/uploads\/2025\/10\/ES-RISK-SQF-Risk-Management-in-Crypto-SQFs-1200x630-1.png","contentUrl":"https:\/\/www.etoro.com\/wp-content\/uploads\/2025\/10\/ES-RISK-SQF-Risk-Management-in-Crypto-SQFs-1200x630-1.png","width":1200,"height":630},{"@type":"BreadcrumbList","@id":"https:\/\/www.etoro.com\/es\/trading\/managing-crypto-risk-with-sqfs\/#breadcrumb","itemListElement":[{"@type":"ListItem","position":1,"name":"Inicio","item":"https:\/\/www.etoro.com\/es\/"},{"@type":"ListItem","position":2,"name":"Trading","item":"https:\/\/www.etoro.com\/es\/trading\/"},{"@type":"ListItem","position":3,"name":"Riesgos de los SQF de criptomonedas"}]},{"@type":"WebSite","@id":"https:\/\/www.etoro.com\/es\/#website","url":"https:\/\/www.etoro.com\/es\/","name":"eToro","description":"","publisher":{"@id":"https:\/\/www.etoro.com\/es\/#organization"},"potentialAction":[{"@type":"SearchAction","target":{"@type":"EntryPoint","urlTemplate":"https:\/\/www.etoro.com\/es\/?s={search_term_string}"},"query-input":{"@type":"PropertyValueSpecification","valueRequired":true,"valueName":"search_term_string"}}],"inLanguage":"es"},[]]}},"_links":{"self":[{"href":"https:\/\/www.etoro.com\/es\/wp-json\/wp\/v2\/pages\/1153746"}],"collection":[{"href":"https:\/\/www.etoro.com\/es\/wp-json\/wp\/v2\/pages"}],"about":[{"href":"https:\/\/www.etoro.com\/es\/wp-json\/wp\/v2\/types\/page"}],"author":[{"embeddable":true,"href":"https:\/\/www.etoro.com\/es\/wp-json\/wp\/v2\/users\/150"}],"replies":[{"embeddable":true,"href":"https:\/\/www.etoro.com\/es\/wp-json\/wp\/v2\/comments?post=1153746"}],"version-history":[{"count":0,"href":"https:\/\/www.etoro.com\/es\/wp-json\/wp\/v2\/pages\/1153746\/revisions"}],"up":[{"embeddable":true,"href":"https:\/\/www.etoro.com\/es\/wp-json\/wp\/v2\/pages\/18392"}],"wp:featuredmedia":[{"embeddable":true,"href":"https:\/\/www.etoro.com\/es\/wp-json\/wp\/v2\/media\/1153750"}],"wp:attachment":[{"href":"https:\/\/www.etoro.com\/es\/wp-json\/wp\/v2\/media?parent=1153746"}],"wp:term":[{"taxonomy":"asset_type","embeddable":true,"href":"https:\/\/www.etoro.com\/es\/wp-json\/wp\/v2\/asset_type?post=1153746"}],"curies":[{"name":"wp","href":"https:\/\/api.w.org\/{rel}","templated":true}]}}