{"id":1225735,"date":"2026-02-09T20:22:02","date_gmt":"2026-02-09T18:22:02","guid":{"rendered":"https:\/\/www.etoro.com\/?page_id=1225735"},"modified":"2026-02-10T16:23:23","modified_gmt":"2026-02-10T14:23:23","slug":"margin-trade","status":"publish","type":"page","link":"https:\/\/www.etoro.com\/es\/trading\/fees\/margin-trade\/","title":{"rendered":"Comisiones por operaciones con margen"},"content":{"rendered":"\n<section class=\"wp-block-group wp-block-group-boxed has-white-background-color has-background\"><div class=\"wp-block-group-inner is-layout-flow wp-block-group-is-layout-flow\">\n<div class=\"wp-block-columns are-vertically-aligned-top wp-block-columns-1 is-layout-flex wp-container-core-columns-is-layout-1 wp-block-columns-is-layout-flex\">\n<div class=\"wp-block-column is-layout-flow wp-block-column-is-layout-flow\">\n<p>El margen de acciones permite a los clientes comprar acciones utilizando fondos prestados por eToro, lo que aumenta su exposici\u00f3n al mercado al tiempo que mantienen la propiedad del activo subyacente. Esta funci\u00f3n ofrece una mayor flexibilidad gracias al apalancamiento, aunque conlleva el pago de comisiones espec\u00edficas relacionadas con el importe prestado.<\/p>\n\n\n\n<p class=\"is-style-default\">Las comisiones por operaciones con margen se detallan a continuaci\u00f3n.<\/p>\n<\/div>\n<\/div>\n<\/div><\/section>\n\n\n\n<section class=\"wp-block-group wp-block-group-boxed wp-block-group-medium-top-padding wp-block-group-medium-bottom-padding\"><div class=\"wp-block-group-inner is-layout-flow wp-block-group-is-layout-flow\">\n<div class=\"wp-block-columns are-vertically-aligned-top wp-block-columns-1 is-layout-flex wp-container-core-columns-is-layout-2 wp-block-columns-is-layout-flex\">\n<div class=\"wp-block-column is-layout-flow wp-block-column-is-layout-flow\">\n<div class=\"wp-block-etoro-collapsable-items\"><div class=\"wp-block-etoro-collapsable-items-top-part wp-block-etoro-collapsable-items-top-part-no-description\"><div class=\"wp-block-etoro-collapsable-items-description\"><\/div><button class=\"wp-block-etoro-collapsable-items-button e-cta e-cta-alternative-bordered\" data-collapsed=\"Abrir todas las tablas\" data-expanded=\"Cerrar todas las tablas\">Abrir todas las tablas<\/button><\/div>\n<div id=\"\" class=\"wp-block-etoro-collapsable-item wp-block-etoro-collapsable-item-collapsable wp-block-etoro-collapsable-item-active\"><div class=\"wp-block-etoro-collapsable-item-top-part\"><h2 class=\"wp-block-etoro-collapsable-item-title\"><small>Operaciones con margen<\/small><\/h2><\/div><div class=\"wp-block-etoro-collapsable-item-content-wrapper\"><div class=\"wp-block-etoro-collapsable-item-content\">\n<div class=\"wp-block-etoro-rounded-tile-items-group\">\n<div class=\"wp-block-etoro-rounded-tile-items-container wp-block-etoro-rounded-tile-items-one-row\">\n<div class=\"wp-block-etoro-rounded-tile-item wp-block-etoro-rounded-tile-item-dark-blue wp-block-etoro-rounded-tile-item-with-content\"><div class=\"wp-block-etoro-rounded-tile-item-title-row\"><div class=\"wp-block-etoro-rounded-tile-item-title\">COMISI\u00d3N ANUAL de eToro<\/div><\/div><div class=\"wp-block-etoro-rounded-tile-item-content\">\n<p>COMPRAR (largo):<\/p>\n\n\n\n<p>&nbsp;6,4% + <a href=\"https:\/\/help.etoro.com\/s\/article\/What-are-benchmark-interest-rates-and-where-do-they-come-from?language=es\">\u00edndice de referencia<\/a><\/p>\n<\/div><\/div>\n\n\n\n<div class=\"wp-block-etoro-rounded-tile-item wp-block-etoro-rounded-tile-item-dark-blue wp-block-etoro-rounded-tile-item-with-content\"><div class=\"wp-block-etoro-rounded-tile-item-title-row\"><div class=\"wp-block-etoro-rounded-tile-item-title\">COMISI\u00d3N ANUAL de eToro<\/div><\/div><div class=\"wp-block-etoro-rounded-tile-item-content\">\n<p>VENDER (corto):<\/p>\n\n\n\n<p>Cajero autom\u00e1tico no disponible<\/p>\n<\/div><\/div>\n<\/div>\n<\/div>\n<\/div><\/div><\/div>\n\n\n\n<p class=\"is-style-disclaimer\"><\/p>\n<\/div>\n\n\n\n<div class=\"wp-block-buttons is-content-justification-center is-layout-flex wp-container-core-buttons-is-layout-1 wp-block-buttons-is-layout-flex\">\n<a class=\"e-cta e-cta-primary\" href=\"https:\/\/www.etoro.com\/es\/accounts\/sign-up?funnelfromid=56\">Comenzar a operar<\/a>\n<\/div>\n<\/div>\n<\/div>\n<\/div><\/section>\n\n\n\n<div class=\"wp-block-etoro-related-pages has-green-background-color wp-etoro-block-related-pages\"><div class=\"wp-etoro-block-related-pages-to-center\"><div class=\"wp-etoro-block-related-pages-menu-name\">P\u00e1ginas relacionadas:<\/div><div class=\"wp-etoro-block-related-pages-list-container\"><div class=\"wp-etoro-block-related-pages-arrow-left\"><button><\/button><\/div><div class=\"wp-etoro-block-related-pages-list\">\n<div class=\"wp-etoro-block-related-pages-link\"><a class=\"wp-etoro-block-related-page-link\" href=\"https:\/\/www.etoro.com\/es\/trading\/fees\/\">Tarifas de eToro<\/a><\/div>\n\n\n\n<div class=\"wp-etoro-block-related-pages-link\"><a class=\"wp-etoro-block-related-page-link\" href=\"https:\/\/www.etoro.com\/es\/trading\/market-hours-and-events\/\">Horario del mercado<\/a><\/div>\n\n\n\n<div class=\"wp-etoro-block-related-pages-link\"><a class=\"wp-etoro-block-related-page-link\" href=\"https:\/\/www.etoro.com\/es\/trading\/fees\/conversion\">Tarifas de conversi\u00f3n<\/a><\/div>\n\n\n\n<div class=\"wp-etoro-block-related-pages-link\"><a class=\"wp-etoro-block-related-page-link\" href=\"http:\/\/www.etoro.com\/es\/trading\/fees\/cfd-spreads\/\">Spreads de CFDs <\/a><\/div>\n\n\n\n<div class=\"wp-etoro-block-related-pages-link\"><a class=\"wp-etoro-block-related-page-link\" href=\"https:\/\/www.etoro.com\/es\/crypto\/coin-transfer\/\">Transferencia de criptomonedas <\/a><\/div>\n\n\n\n<div class=\"wp-etoro-block-related-pages-link\"><a class=\"wp-etoro-block-related-page-link\" href=\"https:\/\/www.etoro.com\/es\/crypto\/pricing-explained\/\">Precios de las criptomonedas<\/a><\/div>\n<\/div><div class=\"wp-etoro-block-related-pages-arrow-right\"><button><\/button><\/div><\/div><\/div><\/div>\n","protected":false},"excerpt":{"rendered":"<p>El margen de acciones permite a los clientes comprar acciones utilizando fondos prestados por eToro, lo que aumenta su exposici\u00f3n al mercado al tiempo que mantienen la propiedad del activo subyacente. Esta funci\u00f3n ofrece una mayor flexibilidad gracias al apalancamiento, aunque conlleva el pago de comisiones espec\u00edficas relacionadas con el importe prestado. Las comisiones por&hellip;<\/p>\n","protected":false},"author":106,"featured_media":0,"parent":138462,"menu_order":0,"comment_status":"closed","ping_status":"closed","template":"","meta":{"_acf_changed":true,"inline_featured_image":false,"sticky_cta_settings":"","footnotes":""},"asset_type":[],"class_list":["post-1225735","page","type-page","status-publish","hentry"],"acf":[],"yoast_head":"<title>Comisiones por operaciones con margen - eToro<\/title>\n<meta name=\"robots\" content=\"index, follow, max-snippet:-1, max-image-preview:large, max-video-preview:-1\" \/>\n<link rel=\"canonical\" href=\"https:\/\/www.etoro.com\/es\/wp-json\/wp\/v2\/pages\/1225735\" \/>\n<meta property=\"og:locale\" content=\"es_ES\" \/>\n<meta property=\"og:type\" content=\"article\" \/>\n<meta property=\"og:title\" content=\"Comisiones por operaciones con margen - eToro\" \/>\n<meta property=\"og:description\" content=\"El margen de acciones permite a los clientes comprar acciones utilizando fondos prestados por eToro, lo que aumenta su exposici\u00f3n al mercado al tiempo que mantienen la propiedad del activo subyacente. Esta funci\u00f3n ofrece una mayor flexibilidad gracias al apalancamiento, aunque conlleva el pago de comisiones espec\u00edficas relacionadas con el importe prestado. Las comisiones por&hellip;\" \/>\n<meta property=\"og:url\" content=\"https:\/\/www.etoro.com\/es\/wp-json\/wp\/v2\/pages\/1225735\" \/>\n<meta property=\"og:site_name\" content=\"eToro\" \/>\n<meta property=\"article:publisher\" content=\"https:\/\/www.facebook.com\/eToro\/\" \/>\n<meta property=\"article:modified_time\" content=\"2026-02-10T14:23:23+00:00\" \/>\n<meta property=\"og:image\" content=\"https:\/\/www.etoro.com\/wp-content\/uploads\/2019\/12\/etoro_logo_social_share1.png\" \/>\n\t<meta property=\"og:image:width\" content=\"240\" \/>\n\t<meta property=\"og:image:height\" content=\"240\" \/>\n\t<meta property=\"og:image:type\" content=\"image\/png\" \/>\n<meta name=\"twitter:card\" content=\"summary_large_image\" \/>\n<meta name=\"twitter:site\" content=\"@eToro\" \/>\n<meta name=\"twitter:label1\" content=\"Est. reading time\" \/>\n\t<meta name=\"twitter:data1\" content=\"1 minute\" \/>\n<script type=\"application\/ld+json\" class=\"yoast-schema-graph\">{\"@context\":\"https:\/\/schema.org\",\"@graph\":[{\"@type\":\"WebPage\",\"@id\":\"https:\/\/www.etoro.com\/es\/trading\/fees\/margin-trade\/\",\"url\":\"https:\/\/www.etoro.com\/es\/trading\/fees\/margin-trade\/\",\"name\":\"Comisiones por operaciones con margen - eToro\",\"isPartOf\":{\"@id\":\"https:\/\/www.etoro.com\/es\/#website\"},\"datePublished\":\"2026-02-09T18:22:02+00:00\",\"dateModified\":\"2026-02-10T14:23:23+00:00\",\"breadcrumb\":{\"@id\":\"https:\/\/www.etoro.com\/es\/trading\/fees\/margin-trade\/#breadcrumb\"},\"inLanguage\":\"es\",\"potentialAction\":[{\"@type\":\"ReadAction\",\"target\":[\"https:\/\/www.etoro.com\/es\/trading\/fees\/margin-trade\/\"]}]},{\"@type\":\"BreadcrumbList\",\"@id\":\"https:\/\/www.etoro.com\/es\/trading\/fees\/margin-trade\/#breadcrumb\",\"itemListElement\":[{\"@type\":\"ListItem\",\"position\":1,\"name\":\"Inicio\",\"item\":\"https:\/\/www.etoro.com\/es\/\"},{\"@type\":\"ListItem\",\"position\":2,\"name\":\"Trading\",\"item\":\"https:\/\/www.etoro.com\/es\/trading\/\"},{\"@type\":\"ListItem\",\"position\":3,\"name\":\"Tarifas\",\"item\":\"https:\/\/www.etoro.com\/es\/trading\/fees\/\"},{\"@type\":\"ListItem\",\"position\":4,\"name\":\"Comisiones por operaciones con margen\"}]},{\"@type\":\"WebSite\",\"@id\":\"https:\/\/www.etoro.com\/es\/#website\",\"url\":\"https:\/\/www.etoro.com\/es\/\",\"name\":\"eToro\",\"description\":\"\",\"publisher\":{\"@id\":\"https:\/\/www.etoro.com\/es\/#organization\"},\"potentialAction\":[{\"@type\":\"SearchAction\",\"target\":{\"@type\":\"EntryPoint\",\"urlTemplate\":\"https:\/\/www.etoro.com\/es\/?s={search_term_string}\"},\"query-input\":{\"@type\":\"PropertyValueSpecification\",\"valueRequired\":true,\"valueName\":\"search_term_string\"}}],\"inLanguage\":\"es\"},[]]}<\/script>","yoast_head_json":{"title":"Comisiones por operaciones con margen - eToro","robots":{"index":"index","follow":"follow","max-snippet":"max-snippet:-1","max-image-preview":"max-image-preview:large","max-video-preview":"max-video-preview:-1"},"canonical":"https:\/\/www.etoro.com\/es\/wp-json\/wp\/v2\/pages\/1225735","og_locale":"es_ES","og_type":"article","og_title":"Comisiones por operaciones con margen - eToro","og_description":"El margen de acciones permite a los clientes comprar acciones utilizando fondos prestados por eToro, lo que aumenta su exposici\u00f3n al mercado al tiempo que mantienen la propiedad del activo subyacente. Esta funci\u00f3n ofrece una mayor flexibilidad gracias al apalancamiento, aunque conlleva el pago de comisiones espec\u00edficas relacionadas con el importe prestado. Las comisiones por&hellip;","og_url":"https:\/\/www.etoro.com\/es\/wp-json\/wp\/v2\/pages\/1225735","og_site_name":"eToro","article_publisher":"https:\/\/www.facebook.com\/eToro\/","article_modified_time":"2026-02-10T14:23:23+00:00","og_image":[{"width":240,"height":240,"url":"https:\/\/www.etoro.com\/wp-content\/uploads\/2019\/12\/etoro_logo_social_share1.png","type":"image\/png"}],"twitter_card":"summary_large_image","twitter_site":"@eToro","twitter_misc":{"Est. reading time":"1 minute"},"schema":{"@context":"https:\/\/schema.org","@graph":[{"@type":"WebPage","@id":"https:\/\/www.etoro.com\/es\/trading\/fees\/margin-trade\/","url":"https:\/\/www.etoro.com\/es\/trading\/fees\/margin-trade\/","name":"Comisiones por operaciones con margen - eToro","isPartOf":{"@id":"https:\/\/www.etoro.com\/es\/#website"},"datePublished":"2026-02-09T18:22:02+00:00","dateModified":"2026-02-10T14:23:23+00:00","breadcrumb":{"@id":"https:\/\/www.etoro.com\/es\/trading\/fees\/margin-trade\/#breadcrumb"},"inLanguage":"es","potentialAction":[{"@type":"ReadAction","target":["https:\/\/www.etoro.com\/es\/trading\/fees\/margin-trade\/"]}]},{"@type":"BreadcrumbList","@id":"https:\/\/www.etoro.com\/es\/trading\/fees\/margin-trade\/#breadcrumb","itemListElement":[{"@type":"ListItem","position":1,"name":"Inicio","item":"https:\/\/www.etoro.com\/es\/"},{"@type":"ListItem","position":2,"name":"Trading","item":"https:\/\/www.etoro.com\/es\/trading\/"},{"@type":"ListItem","position":3,"name":"Tarifas","item":"https:\/\/www.etoro.com\/es\/trading\/fees\/"},{"@type":"ListItem","position":4,"name":"Comisiones por operaciones con margen"}]},{"@type":"WebSite","@id":"https:\/\/www.etoro.com\/es\/#website","url":"https:\/\/www.etoro.com\/es\/","name":"eToro","description":"","publisher":{"@id":"https:\/\/www.etoro.com\/es\/#organization"},"potentialAction":[{"@type":"SearchAction","target":{"@type":"EntryPoint","urlTemplate":"https:\/\/www.etoro.com\/es\/?s={search_term_string}"},"query-input":{"@type":"PropertyValueSpecification","valueRequired":true,"valueName":"search_term_string"}}],"inLanguage":"es"},[]]}},"_links":{"self":[{"href":"https:\/\/www.etoro.com\/es\/wp-json\/wp\/v2\/pages\/1225735"}],"collection":[{"href":"https:\/\/www.etoro.com\/es\/wp-json\/wp\/v2\/pages"}],"about":[{"href":"https:\/\/www.etoro.com\/es\/wp-json\/wp\/v2\/types\/page"}],"author":[{"embeddable":true,"href":"https:\/\/www.etoro.com\/es\/wp-json\/wp\/v2\/users\/106"}],"replies":[{"embeddable":true,"href":"https:\/\/www.etoro.com\/es\/wp-json\/wp\/v2\/comments?post=1225735"}],"version-history":[{"count":0,"href":"https:\/\/www.etoro.com\/es\/wp-json\/wp\/v2\/pages\/1225735\/revisions"}],"up":[{"embeddable":true,"href":"https:\/\/www.etoro.com\/es\/wp-json\/wp\/v2\/pages\/138462"}],"wp:attachment":[{"href":"https:\/\/www.etoro.com\/es\/wp-json\/wp\/v2\/media?parent=1225735"}],"wp:term":[{"taxonomy":"asset_type","embeddable":true,"href":"https:\/\/www.etoro.com\/es\/wp-json\/wp\/v2\/asset_type?post=1225735"}],"curies":[{"name":"wp","href":"https:\/\/api.w.org\/{rel}","templated":true}]}}