{"id":1259327,"date":"2026-04-20T10:10:55","date_gmt":"2026-04-20T07:10:55","guid":{"rendered":"https:\/\/www.etoro.com\/copytrader\/risk-warnings\/"},"modified":"2026-04-30T08:58:22","modified_gmt":"2026-04-30T05:58:22","slug":"risk-warnings","status":"publish","type":"page","link":"https:\/\/www.etoro.com\/es\/copytrader\/risk-warnings\/","title":{"rendered":"Risks Associated with Social Trading (Copy Trading)"},"content":{"rendered":"\n<section class=\"wp-block-group wp-block-group-boxed wp-block-group-small-bottom-padding\"><div class=\"wp-block-group-inner is-layout-flow wp-block-group-is-layout-flow\">\n<div class=\"wp-block-columns are-vertically-aligned-top wp-block-columns-1 is-layout-flex wp-container-core-columns-is-layout-1 wp-block-columns-is-layout-flex\">\n<div class=\"wp-block-column is-layout-flow wp-block-column-is-layout-flow\">\n<p>eToro Group Ltd. y sus filiales ofrecen funciones de trading social que le permiten interactuar con otros operadores, seguirlos y copiarlos (\u00abFunciones de trading social\u00bb), entre las que se incluyen Copy Trader\u2122, Smart Portfolios, clasificaciones y herramientas comunitarias.<\/p>\n\n\n\n<p>Aunque estas funciones pueden ayudarle a descubrir estrategias de inversi\u00f3n, pueden implicar riesgos. Antes de utilizarlas, debe tener en cuenta lo siguiente:<\/p>\n<\/div>\n<\/div>\n\n\n\n<div class=\"wp-block-columns are-vertically-aligned-top wp-block-columns-1 is-layout-flex wp-container-core-columns-is-layout-2 wp-block-columns-is-layout-flex\">\n<div class=\"wp-block-column is-layout-flow wp-block-column-is-layout-flow\">\n<div class=\"wp-block-etoro-simple-collapsable-item-list\">\n<div class=\"wp-block-etoro-simple-collapsable-item\"><div class=\"wp-block-etoro-simple-collapsable-item-heading\">1. Usted es totalmente responsable de sus decisiones<\/div><div class=\"wp-block-etoro-simple-collapsable-item-content-wrapper\"><div class=\"wp-block-etoro-simple-collapsable-item-content\">\n<p>El Copy Trading se basa en su elecci\u00f3n de seguir o copiar a otros inversores.<\/p>\n\n\n\n<ul class=\"wp-block-list wp-block-list wp-block-list-circle\">\n<li>Debe tener en cuenta su situaci\u00f3n financiera, sus objetivos de inversi\u00f3n y su tolerancia al riesgo.<\/li>\n\n\n\n<li>Tori no ofrece asesoramiento de inversi\u00f3n.<\/li>\n\n\n\n<li>Cualquier decisi\u00f3n que tome en funci\u00f3n de la informaci\u00f3n de la plataforma es bajo su propio riesgo.<\/li>\n<\/ul>\n\n\n\n<p>Siempre debe realizar su propia investigaci\u00f3n antes de invertir.<\/p>\n<\/div><\/div><\/div>\n\n\n\n<div class=\"wp-block-etoro-simple-collapsable-item\"><div class=\"wp-block-etoro-simple-collapsable-item-heading\">2. Riesgo de la inversi\u00f3n automatizada<\/div><div class=\"wp-block-etoro-simple-collapsable-item-content-wrapper\"><div class=\"wp-block-etoro-simple-collapsable-item-content\">\n<p>Cuando copia a un inversor o a un Smart Portfolio:<\/p>\n\n\n\n<ul class=\"wp-block-list wp-block-list wp-block-list-circle\">\n<li>Las operaciones se ejecutan autom\u00e1ticamente en su cuenta sin su intervenci\u00f3n.<\/li>\n\n\n\n<li>Las posiciones se abren, modifican y cierran en tiempo real en funci\u00f3n de las acciones del inversor copiado.<\/li>\n<\/ul>\n\n\n\n<p>Esto implica lo siguiente:<\/p>\n\n\n\n<ul class=\"wp-block-list wp-block-list wp-block-list-circle\">\n<li>Es posible que no tenga control sobre los plazos o los precios.<\/li>\n\n\n\n<li>Las condiciones del mercado (p. ej., volatilidad, desfase, liquidez) pueden dar lugar a resultados distintos a los del inversor o el Smart Portfolio copiado.<\/li>\n\n\n\n<li>Puede perder los fondos asignados a la copia.<\/li>\n<\/ul>\n<\/div><\/div><\/div>\n\n\n\n<div class=\"wp-block-etoro-simple-collapsable-item\"><div class=\"wp-block-etoro-simple-collapsable-item-heading\">3. Exposici\u00f3n a CFD y criptoactivos<\/div><div class=\"wp-block-etoro-simple-collapsable-item-content-wrapper\"><div class=\"wp-block-etoro-simple-collapsable-item-content\">\n<p>Al copiar a un inversor o a un Smart Portfolio, puede estar expuesto a instrumentos complejos y de alto riesgo como:<\/p>\n\n\n\n<ul class=\"wp-block-list wp-block-list wp-block-list-circle\">\n<li><strong>CFD (contratos por diferencia)<\/strong>\n<ul class=\"wp-block-list wp-block-list wp-block-list-circle\">\n<li>A menudo implican apalancamiento, que puede amplificar tanto las ganancias como las p\u00e9rdidas.<\/li>\n\n\n\n<li>Los precios pueden variar r\u00e1pidamente, lo que aumenta el riesgo de sufrir p\u00e9rdidas importantes.<\/li>\n\n\n\n<li>No es propietario del activo subyacente.<\/li>\n<\/ul>\n<\/li>\n\n\n\n<li><strong>Criptoactivos:<\/strong>\n<ul class=\"wp-block-list wp-block-list wp-block-list-circle\">\n<li>Son altamente vol\u00e1tiles y puede haber oscilaciones extremas de precios.<\/li>\n\n\n\n<li>Pueden estar sujetos a baja liquidez, manipulaci\u00f3n del mercado o incertidumbre regulatoria.<\/li>\n<\/ul>\n<\/li>\n<\/ul>\n\n\n\n<p>Aunque no seleccione activamente estos activos, al copiar a un operador o un Smart Portfolio, quedar\u00e1 expuesto autom\u00e1ticamente a los instrumentos con los que operan.<\/p>\n<\/div><\/div><\/div>\n\n\n\n<div class=\"wp-block-etoro-simple-collapsable-item\"><div class=\"wp-block-etoro-simple-collapsable-item-heading\">4. Diferencias de desempe\u00f1o<\/div><div class=\"wp-block-etoro-simple-collapsable-item-content-wrapper\"><div class=\"wp-block-etoro-simple-collapsable-item-content\">\n<p>Sus resultados pueden diferir de los del inversor o Smart Portfolio al que copia debido a factores como:<\/p>\n\n\n\n<ul class=\"wp-block-list wp-block-list wp-block-list-circle\">\n<li>Dep\u00f3sitos o retiradas de la posici\u00f3n copiada.<\/li>\n\n\n\n<li>Condiciones de mercado y diferencias de ejecuci\u00f3n.<\/li>\n<\/ul>\n<\/div><\/div><\/div>\n\n\n\n<div class=\"wp-block-etoro-simple-collapsable-item\"><div class=\"wp-block-etoro-simple-collapsable-item-heading\">5. El desempe\u00f1o pasado no es un indicador fiable<\/div><div class=\"wp-block-etoro-simple-collapsable-item-content-wrapper\"><div class=\"wp-block-etoro-simple-collapsable-item-content\">\n<p>Estad\u00edsticas como:<\/p>\n\n\n\n<ul class=\"wp-block-list wp-block-list wp-block-list-circle\">\n<li>Puntuaciones de riesgo.<\/li>\n\n\n\n<li>Desempe\u00f1o hist\u00f3rico.<\/li>\n\n\n\n<li>Los datos del portafolio no son garant\u00eda de resultados futuros.<\/li>\n<\/ul>\n\n\n\n<p>Los resultados reales pueden variar ampliamente debido a las condiciones cambiantes del mercado y al comportamiento de los inversores.<\/p>\n<\/div><\/div><\/div>\n\n\n\n<div class=\"wp-block-etoro-simple-collapsable-item\"><div class=\"wp-block-etoro-simple-collapsable-item-heading\">6. No se ofrecen garant\u00edas en cuanto a la ejecuci\u00f3n ni a los controles de riesgos<\/div><div class=\"wp-block-etoro-simple-collapsable-item-content-wrapper\"><div class=\"wp-block-etoro-simple-collapsable-item-content\">\n<ul class=\"wp-block-list wp-block-list wp-block-list-circle\">\n<li>Los mecanismos de Stop Loss (incluido el Copy Stop Loss) no est\u00e1n garantizados.<\/li>\n\n\n\n<li>Es posible que las operaciones no se ejecuten al precio esperado.<\/li>\n\n\n\n<li>Las p\u00e9rdidas pueden superar las expectativas debido a las brechas del mercado o a la volatilidad.<\/li>\n<\/ul>\n<\/div><\/div><\/div>\n\n\n\n<div class=\"wp-block-etoro-simple-collapsable-item\"><div class=\"wp-block-etoro-simple-collapsable-item-heading\">7. Los inversores a los que copia no son asesores<\/div><div class=\"wp-block-etoro-simple-collapsable-item-content-wrapper\"><div class=\"wp-block-etoro-simple-collapsable-item-content\">\n<ul class=\"wp-block-list wp-block-list wp-block-list-circle\">\n<li>Es posible que otros usuarios compartan opiniones o estrategias, pero no por ello son necesariamente expertos ni imparciales.<\/li>\n\n\n\n<li>La informaci\u00f3n compartida en la plataforma no debe considerarse asesoramiento financiero profesional.<\/li>\n<\/ul>\n\n\n\n<p>Trate siempre el contenido de trading social como un punto de partida, no como una recomendaci\u00f3n.<\/p>\n<\/div><\/div><\/div>\n\n\n\n<div class=\"wp-block-etoro-simple-collapsable-item\"><div class=\"wp-block-etoro-simple-collapsable-item-heading\">8. Riesgo de estrategia y comportamiento<\/div><div class=\"wp-block-etoro-simple-collapsable-item-content-wrapper\"><div class=\"wp-block-etoro-simple-collapsable-item-content\">\n<p>El Copy Trading depende totalmente del inversor o Smart Portfolio al que siga:<\/p>\n\n\n\n<ul class=\"wp-block-list wp-block-list wp-block-list-circle\">\n<li>Su estrategia puede cambiar sin previo aviso.<\/li>\n\n\n\n<li>Es posible que asuman un riesgo mayor del que usted espera.<\/li>\n\n\n\n<li>Las decisiones impulsivas o incoherentes pueden afectar al desempe\u00f1o.<\/li>\n<\/ul>\n\n\n\n<p>Adem\u00e1s:<\/p>\n\n\n\n<ul class=\"wp-block-list wp-block-list wp-block-list-circle\">\n<li>Concentrar los fondos en un solo inversor aumenta el riesgo.<\/li>\n\n\n\n<li>La diversificaci\u00f3n no elimina las p\u00e9rdidas.<\/li>\n<\/ul>\n<\/div><\/div><\/div>\n\n\n\n<div class=\"wp-block-etoro-simple-collapsable-item\"><div class=\"wp-block-etoro-simple-collapsable-item-heading\">9. El Copy Trading no es una inversi\u00f3n m\u00e1s segura<\/div><div class=\"wp-block-etoro-simple-collapsable-item-content-wrapper\"><div class=\"wp-block-etoro-simple-collapsable-item-content\">\n<p>El copy trading puede ayudar con la diversificaci\u00f3n y reducir la necesidad de tomar decisiones de inversi\u00f3n activas, pero:<\/p>\n\n\n\n<ul class=\"wp-block-list wp-block-list wp-block-list-circle\">\n<li>Su desempe\u00f1o depende de los inversores o del Smart Portfolio que copie.<\/li>\n\n\n\n<li>Usted sigue siendo totalmente responsable de cualquier p\u00e9rdida.<\/li>\n<\/ul>\n<\/div><\/div><\/div>\n\n\n\n<div class=\"wp-block-etoro-simple-collapsable-item\"><div class=\"wp-block-etoro-simple-collapsable-item-heading\">10. Haga su propia diligencia debida<\/div><div class=\"wp-block-etoro-simple-collapsable-item-content-wrapper\"><div class=\"wp-block-etoro-simple-collapsable-item-content\">\n<p>Antes de copiar a un inversor o a un Smart Portfolio, revise:<\/p>\n\n\n\n<ul class=\"wp-block-list wp-block-list wp-block-list-circle\">\n<li>Su puntuaci\u00f3n de riesgo.<\/li>\n\n\n\n<li>Historial de inversi\u00f3n y estrategia.<\/li>\n\n\n\n<li>Composici\u00f3n del portafolio.<\/li>\n\n\n\n<li>Actividad y comunicaci\u00f3n (p. ej., publicaciones, actualizaciones).<\/li>\n<\/ul>\n\n\n\n<p>Incluso con esta informaci\u00f3n, no hay garant\u00edas de \u00e9xito.<\/p>\n<\/div><\/div><\/div>\n<\/div>\n\n\n\n<hr class=\"wp-block-separator wp-block-separator-color-dark-grey wp-block-separator-spaces-medium wp-block-separator-weight-1\"\/>\n<\/div>\n<\/div>\n<\/div><\/section>\n","protected":false},"excerpt":{"rendered":"<p>eToro Group Ltd. y sus filiales ofrecen funciones de trading social que le permiten interactuar con otros operadores, seguirlos y copiarlos (\u00abFunciones de trading social\u00bb), entre las que se incluyen Copy Trader\u2122, Smart Portfolios, clasificaciones y herramientas comunitarias. Aunque estas funciones pueden ayudarle a descubrir estrategias de inversi\u00f3n, pueden implicar riesgos. Antes de utilizarlas, debe&hellip;<\/p>\n","protected":false},"author":158,"featured_media":0,"parent":34679,"menu_order":0,"comment_status":"closed","ping_status":"closed","template":"","meta":{"_acf_changed":true,"inline_featured_image":false,"sticky_cta_settings":"","footnotes":""},"asset_type":[],"class_list":["post-1259327","page","type-page","status-publish","hentry"],"acf":[],"yoast_head":"<title>Riesgos asociados al Trading Social (Copy Trading)<\/title>\n<meta name=\"description\" content=\"Conozca los riesgos asociados al trading social y al copy trading, incluidos los CFD, los criptoactivos, las diferencias de desempe\u00f1o y la diligencia debida.\" \/>\n<meta name=\"robots\" content=\"index, follow, max-snippet:-1, max-image-preview:large, max-video-preview:-1\" \/>\n<link rel=\"canonical\" href=\"https:\/\/www.etoro.com\/es\/wp-json\/wp\/v2\/pages\/1259327\" \/>\n<meta property=\"og:locale\" content=\"es_ES\" \/>\n<meta property=\"og:type\" content=\"article\" \/>\n<meta property=\"og:title\" content=\"Riesgos asociados al Trading Social (Copy Trading)\" \/>\n<meta property=\"og:description\" content=\"Conozca los riesgos asociados al trading social y al copy trading, incluidos los CFD, los criptoactivos, las diferencias de desempe\u00f1o y la diligencia debida.\" \/>\n<meta property=\"og:url\" content=\"https:\/\/www.etoro.com\/es\/wp-json\/wp\/v2\/pages\/1259327\" \/>\n<meta property=\"og:site_name\" content=\"eToro\" \/>\n<meta property=\"article:publisher\" content=\"https:\/\/www.facebook.com\/eToro\/\" \/>\n<meta property=\"article:modified_time\" content=\"2026-04-30T05:58:22+00:00\" \/>\n<meta property=\"og:image\" content=\"https:\/\/www.etoro.com\/wp-content\/uploads\/2019\/12\/etoro_logo_social_share1.png\" \/>\n\t<meta property=\"og:image:width\" content=\"240\" \/>\n\t<meta property=\"og:image:height\" content=\"240\" \/>\n\t<meta property=\"og:image:type\" content=\"image\/png\" \/>\n<meta name=\"twitter:card\" content=\"summary_large_image\" \/>\n<meta name=\"twitter:site\" content=\"@eToro\" \/>\n<meta name=\"twitter:label1\" content=\"Est. reading time\" \/>\n\t<meta name=\"twitter:data1\" content=\"4 minutes\" \/>\n<script type=\"application\/ld+json\" class=\"yoast-schema-graph\">{\"@context\":\"https:\/\/schema.org\",\"@graph\":[{\"@type\":\"WebPage\",\"@id\":\"https:\/\/www.etoro.com\/es\/copytrader\/risk-warnings\/\",\"url\":\"https:\/\/www.etoro.com\/es\/copytrader\/risk-warnings\/\",\"name\":\"Riesgos asociados al Trading Social (Copy Trading)\",\"isPartOf\":{\"@id\":\"https:\/\/www.etoro.com\/es\/#website\"},\"datePublished\":\"2026-04-20T07:10:55+00:00\",\"dateModified\":\"2026-04-30T05:58:22+00:00\",\"description\":\"Conozca los riesgos asociados al trading social y al copy trading, incluidos los CFD, los criptoactivos, las diferencias de desempe\u00f1o y la diligencia debida.\",\"breadcrumb\":{\"@id\":\"https:\/\/www.etoro.com\/es\/copytrader\/risk-warnings\/#breadcrumb\"},\"inLanguage\":\"es\",\"potentialAction\":[{\"@type\":\"ReadAction\",\"target\":[\"https:\/\/www.etoro.com\/es\/copytrader\/risk-warnings\/\"]}]},{\"@type\":\"BreadcrumbList\",\"@id\":\"https:\/\/www.etoro.com\/es\/copytrader\/risk-warnings\/#breadcrumb\",\"itemListElement\":[{\"@type\":\"ListItem\",\"position\":1,\"name\":\"Inicio\",\"item\":\"https:\/\/www.etoro.com\/es\/\"},{\"@type\":\"ListItem\",\"position\":2,\"name\":\"CopyTrader\",\"item\":\"https:\/\/www.etoro.com\/es\/copytrader\/\"},{\"@type\":\"ListItem\",\"position\":3,\"name\":\"Risks Associated with Social Trading (Copy Trading)\"}]},{\"@type\":\"WebSite\",\"@id\":\"https:\/\/www.etoro.com\/es\/#website\",\"url\":\"https:\/\/www.etoro.com\/es\/\",\"name\":\"eToro\",\"description\":\"\",\"publisher\":{\"@id\":\"https:\/\/www.etoro.com\/es\/#organization\"},\"potentialAction\":[{\"@type\":\"SearchAction\",\"target\":{\"@type\":\"EntryPoint\",\"urlTemplate\":\"https:\/\/www.etoro.com\/es\/?s={search_term_string}\"},\"query-input\":{\"@type\":\"PropertyValueSpecification\",\"valueRequired\":true,\"valueName\":\"search_term_string\"}}],\"inLanguage\":\"es\"},[]]}<\/script>","yoast_head_json":{"title":"Riesgos asociados al Trading Social (Copy Trading)","description":"Conozca los riesgos asociados al trading social y al copy trading, incluidos los CFD, los criptoactivos, las diferencias de desempe\u00f1o y la diligencia debida.","robots":{"index":"index","follow":"follow","max-snippet":"max-snippet:-1","max-image-preview":"max-image-preview:large","max-video-preview":"max-video-preview:-1"},"canonical":"https:\/\/www.etoro.com\/es\/wp-json\/wp\/v2\/pages\/1259327","og_locale":"es_ES","og_type":"article","og_title":"Riesgos asociados al Trading Social (Copy Trading)","og_description":"Conozca los riesgos asociados al trading social y al copy trading, incluidos los CFD, los criptoactivos, las diferencias de desempe\u00f1o y la diligencia debida.","og_url":"https:\/\/www.etoro.com\/es\/wp-json\/wp\/v2\/pages\/1259327","og_site_name":"eToro","article_publisher":"https:\/\/www.facebook.com\/eToro\/","article_modified_time":"2026-04-30T05:58:22+00:00","og_image":[{"width":240,"height":240,"url":"https:\/\/www.etoro.com\/wp-content\/uploads\/2019\/12\/etoro_logo_social_share1.png","type":"image\/png"}],"twitter_card":"summary_large_image","twitter_site":"@eToro","twitter_misc":{"Est. reading time":"4 minutes"},"schema":{"@context":"https:\/\/schema.org","@graph":[{"@type":"WebPage","@id":"https:\/\/www.etoro.com\/es\/copytrader\/risk-warnings\/","url":"https:\/\/www.etoro.com\/es\/copytrader\/risk-warnings\/","name":"Riesgos asociados al Trading Social (Copy Trading)","isPartOf":{"@id":"https:\/\/www.etoro.com\/es\/#website"},"datePublished":"2026-04-20T07:10:55+00:00","dateModified":"2026-04-30T05:58:22+00:00","description":"Conozca los riesgos asociados al trading social y al copy trading, incluidos los CFD, los criptoactivos, las diferencias de desempe\u00f1o y la diligencia debida.","breadcrumb":{"@id":"https:\/\/www.etoro.com\/es\/copytrader\/risk-warnings\/#breadcrumb"},"inLanguage":"es","potentialAction":[{"@type":"ReadAction","target":["https:\/\/www.etoro.com\/es\/copytrader\/risk-warnings\/"]}]},{"@type":"BreadcrumbList","@id":"https:\/\/www.etoro.com\/es\/copytrader\/risk-warnings\/#breadcrumb","itemListElement":[{"@type":"ListItem","position":1,"name":"Inicio","item":"https:\/\/www.etoro.com\/es\/"},{"@type":"ListItem","position":2,"name":"CopyTrader","item":"https:\/\/www.etoro.com\/es\/copytrader\/"},{"@type":"ListItem","position":3,"name":"Risks Associated with Social Trading (Copy Trading)"}]},{"@type":"WebSite","@id":"https:\/\/www.etoro.com\/es\/#website","url":"https:\/\/www.etoro.com\/es\/","name":"eToro","description":"","publisher":{"@id":"https:\/\/www.etoro.com\/es\/#organization"},"potentialAction":[{"@type":"SearchAction","target":{"@type":"EntryPoint","urlTemplate":"https:\/\/www.etoro.com\/es\/?s={search_term_string}"},"query-input":{"@type":"PropertyValueSpecification","valueRequired":true,"valueName":"search_term_string"}}],"inLanguage":"es"},[]]}},"_links":{"self":[{"href":"https:\/\/www.etoro.com\/es\/wp-json\/wp\/v2\/pages\/1259327"}],"collection":[{"href":"https:\/\/www.etoro.com\/es\/wp-json\/wp\/v2\/pages"}],"about":[{"href":"https:\/\/www.etoro.com\/es\/wp-json\/wp\/v2\/types\/page"}],"author":[{"embeddable":true,"href":"https:\/\/www.etoro.com\/es\/wp-json\/wp\/v2\/users\/158"}],"replies":[{"embeddable":true,"href":"https:\/\/www.etoro.com\/es\/wp-json\/wp\/v2\/comments?post=1259327"}],"version-history":[{"count":0,"href":"https:\/\/www.etoro.com\/es\/wp-json\/wp\/v2\/pages\/1259327\/revisions"}],"up":[{"embeddable":true,"href":"https:\/\/www.etoro.com\/es\/wp-json\/wp\/v2\/pages\/34679"}],"wp:attachment":[{"href":"https:\/\/www.etoro.com\/es\/wp-json\/wp\/v2\/media?parent=1259327"}],"wp:term":[{"taxonomy":"asset_type","embeddable":true,"href":"https:\/\/www.etoro.com\/es\/wp-json\/wp\/v2\/asset_type?post=1259327"}],"curies":[{"name":"wp","href":"https:\/\/api.w.org\/{rel}","templated":true}]}}