{"id":159620,"date":"2020-10-02T14:38:55","date_gmt":"2020-10-02T11:38:55","guid":{"rendered":"http:\/\/www.etoro.com\/?page_id=159620"},"modified":"2024-08-12T17:36:47","modified_gmt":"2024-08-12T14:36:47","slug":"investment-time-machine","status":"publish","type":"page","link":"https:\/\/www.etoro.com\/es\/stocks\/investment-time-machine\/","title":{"rendered":"La M\u00e1quina del Tiempo de la Inversi\u00f3n de eToro"},"content":{"rendered":"<p>En 1976, Ronald Wayne vendi\u00f3 una participaci\u00f3n del 10% en Apple por 800 d\u00f3lares. Actualmente, el gigante tecnol\u00f3gico tiene una capitalizaci\u00f3n burs\u00e1til de 2 billones de d\u00f3lares. Si Ronald hubiera mantenido sus acciones de la compa\u00f1\u00eda, actualmente \u00e9stas valdr\u00edan unos m\u00e1s que jugosos 200.000 millones de d\u00f3lares.<\/p>\n<p>Para los otros dos cofundadores que compraron su participaci\u00f3n, esos 800 d\u00f3lares se convirtieron en 177,8 millones de d\u00f3lares cuando la empresa sali\u00f3 a bolsa tan solo cuatro a\u00f1os despu\u00e9s, lo que supone una rentabilidad del 22.224.900%.<\/p>\n<h2>\u00bfQu\u00e9 har\u00edas con una M\u00e1quina del Tiempo?<\/h2>\n<p>\u00bfTe has preguntado alguna vez c\u00f3mo habr\u00edan resultado tus decisiones de inversi\u00f3n si hubieras invertido en otro momento, durante m\u00e1s tiempo o eligiendo de otra manera? \u00a1Es hora de averiguarlo!<\/p>\n<h2>C\u00f3mo usar la m\u00e1quina del tiempo<\/h2>\n<p>Vuelve al pasado con la M\u00e1quina del Tiempo de la Inversi\u00f3n de eToro y descubre cu\u00e1nto una inversi\u00f3n de 1.000 d\u00f3lares en acciones realizada en ese momento, valdr\u00eda ahora.<\/p>\n<ol>\n<li>Selecciona el primer valor de tu cartera. Programa la m\u00e1quina del tiempo con la fecha de inversi\u00f3n a la que quieras regresar.<\/li>\n<li>Utiliza el control deslizante para definir qu\u00e9 cantidad de tu inversi\u00f3n de 1.000 d\u00f3lares asignar. Si te queda capital, escoge otras acciones hasta consumirlo.<\/li>\n<li>\u00a1Retrocede en el tiempo!<\/li>\n<li>Pulsa en cada valor para ver c\u00f3mo evolucion\u00f3. Comparte los resultados en tus redes sociales y descubre a qu\u00e9 fecha del pasado viajar\u00edan tus amigos y familiares.<\/li>\n<\/ol>\n<div id=\"etoro_itm\" class=\"etoro_itm\"><iframe src=\"https:\/\/itm.drench-development.com\/#\/es\"><\/iframe><\/div>\n<p style=\"text-align: center;\">Las rentabilidades pasadas no son un indicador confiable de los resultados futuros.<\/p>\n<h2>Invierte en las marcas que te gustan<\/h2>\n<p>Casos como el de <a href=\"https:\/\/www.etoro.com\/es\/markets\/aapl\" target=\"_blank\" rel=\"noopener noreferrer\">Apple<\/a> son la excepci\u00f3n, no tanto la regla. En sus primeros d\u00edas, la mayor\u00eda de nosotros habr\u00eda necesitado una bola de cristal para invertir con convicci\u00f3n en la que entonces se consideraba la empresa perdedora de un sector muy joven. En aquel momento, un smartphone era algo propio de Start Trek, no de <a href=\"https:\/\/www.etoro.com\/es\/markets\/sbux\" target=\"_blank\" rel=\"noopener noreferrer\">Starbucks<\/a>.<\/p>\n<p>Pero no necesitas una bola de cristal (o una m\u00e1quina del tiempo) para alcanzar tus objetivos de inversi\u00f3n. La mejor estrategia para el inversor medio siempre ser\u00e1 centrarse en las empresas que conoce y piensa que tendr\u00e1n \u00e9xito a largo plazo. Ahora disponemos de un acceso a los mercados financieros m\u00e1s amplio que nunca. Puede que no seamos capaces de detectar a la pr\u00f3xima Apple, pero sabemos qu\u00e9 marcas apreciamos y con las que estamos en contacto todos los d\u00edas y nunca antes hab\u00eda sido tan f\u00e1cil invertir en ellas.<\/p>\n<p><img loading=\"lazy\" decoding=\"async\" class=\"alignnone wp-image-99143 size-full\" src=\"\/wp-content\/uploads\/2020\/09\/mid-img-grey-1.jpg\" alt=\"Invest in the brands you love\" width=\"1920\" height=\"609\" data-wp-editing=\"1\" \/><\/p>\n<h2>Compra acciones sin comisiones en eToro<\/h2>\n<p>La mayor parte de los intermediarios tradicionales te cobrar\u00e1n una comisi\u00f3n cuando <a href=\"https:\/\/www.etoro.com\/es\/discover\/markets\/stocks\" target=\"_blank\" rel=\"noopener noreferrer\">compres acciones<\/a>, lo que puede mermar las ganancias potenciales y costarte parte de tus beneficios incluso antes de empezar. Gracias a las <a href=\"https:\/\/www.etoro.com\/es\/stocks\/\" target=\"_blank\" rel=\"noopener noreferrer\">comisiones del 0%<\/a> de eToro, no pagar\u00e1s un recargo cuando inviertas en bolsa.<\/p>\n<p style=\"text-align: center;\"><a class=\"e-cta\" href=\"https:\/\/www.etoro.com\/es\/stocks\/\" target=\"_blank\" rel=\"noopener noreferrer\">\u00bfListo para empezar a invertir?<\/a><\/p>\n<h2>Preguntas frecuentes sobre la m\u00e1quina del tiempo<\/h2>\n<div role=\"tablist\" class=\"faqs_list\"><a  href='javascript:void(0)' class='faq_button ' role='tab' id='faq_button_0' aria-expanded='false' aria-controls='faq_ans_0'><span><\/span><h3 class='faq_tittle'>\u00bfPor qu\u00e9 la m\u00e1quina del tiempo est\u00e1 expresada en d\u00f3lares estadounidenses y no en la moneda de mi pa\u00eds?<\/h3><\/a>\n        <div class='faq_div' aria-hidden='true' id='faq_ans_0' aria-describedby='faq_button_0' role='tabpanel'><div class='faq_ans '><p>Dado que operamos en todo el mundo, la plataforma de eToro utiliza el d\u00f3lar estadounidense.<\/p>\n<\/div><\/div><a  href='javascript:void(0)' class='faq_button ' role='tab' id='faq_button_1' aria-expanded='false' aria-controls='faq_ans_1'><span><\/span><h3 class='faq_tittle'>He seleccionado una fecha en el pasado, pero solo veo un mensaje de error que dice \u201c\u00a1Demasiado atr\u00e1s! No existen datos en esta fecha. Por favor, int\u00e9ntelo con una fecha posterior\u201d.<\/h3><\/a>\n        <div class='faq_div' aria-hidden='true' id='faq_ans_1' aria-describedby='faq_button_1' role='tabpanel'><div class='faq_ans '><p>\u00a1Has retrocedido demasiado! El valor que has seleccionado todav\u00eda no cotiza en bolsa. Selecciona una fecha posterior e int\u00e9ntalo de nuevo.<\/p>\n<\/div><\/div><a  href='javascript:void(0)' class='faq_button ' role='tab' id='faq_button_2' aria-expanded='false' aria-controls='faq_ans_2'><span><\/span><h3 class='faq_tittle'>No puedo encontrar el valor que quiero. \u00bfPor qu\u00e9 no est\u00e1 incluido en la m\u00e1quina del tiempo?<\/h3><\/a>\n        <div class='faq_div' aria-hidden='true' id='faq_ans_2' aria-describedby='faq_button_2' role='tabpanel'><div class='faq_ans '><p>La m\u00e1quina del tiempo comprende una selecci\u00f3n de 35 conocidos valores.<\/p>\n<\/div><\/div><a  href='javascript:void(0)' class='faq_button ' role='tab' id='faq_button_3' aria-expanded='false' aria-controls='faq_ans_3'><span><\/span><h3 class='faq_tittle'>\u00bfPuedo seleccionar menos de cuatro valores?<\/h3><\/a>\n        <div class='faq_div' aria-hidden='true' id='faq_ans_3' aria-describedby='faq_button_3' role='tabpanel'><div class='faq_ans '><p>S\u00ed. Dispones de un importe te\u00f3rico para invertir de 1.000 d\u00f3lares. Puede elegir cu\u00e1ntos valores escoges y el porcentaje de esos 1.000 d\u00f3lares que asignas a cada uno.<\/p>\n<\/div><\/div><\/div><script type=\"application\/ld+json\">\n      {\n      \"@context\": \"https:\/\/schema.org\",\n      \"@type\": \"FAQPage\",\n      \"mainEntity\": [{\"@type\":\"Question\",\"name\":\"\\u00bfPor qu\\u00e9 la m\\u00e1quina del tiempo est\\u00e1 expresada en d\\u00f3lares estadounidenses y no en la moneda de mi pa\\u00eds?\",\"acceptedAnswer\":{\"@type\":\"Answer\",\"text\":\"<p>Dado que operamos en todo el mundo, la plataforma de eToro utiliza el d\\u00f3lar estadounidense.<\\\/p>\\n\"}},{\"@type\":\"Question\",\"name\":\"He seleccionado una fecha en el pasado, pero solo veo un mensaje de error que dice \\u201c\\u00a1Demasiado atr\\u00e1s! No existen datos en esta fecha. Por favor, int\\u00e9ntelo con una fecha posterior\\u201d.\",\"acceptedAnswer\":{\"@type\":\"Answer\",\"text\":\"<p>\\u00a1Has retrocedido demasiado! El valor que has seleccionado todav\\u00eda no cotiza en bolsa. Selecciona una fecha posterior e int\\u00e9ntalo de nuevo.<\\\/p>\\n\"}},{\"@type\":\"Question\",\"name\":\"No puedo encontrar el valor que quiero. \\u00bfPor qu\\u00e9 no est\\u00e1 incluido en la m\\u00e1quina del tiempo?\",\"acceptedAnswer\":{\"@type\":\"Answer\",\"text\":\"<p>La m\\u00e1quina del tiempo comprende una selecci\\u00f3n de 35 conocidos valores.<\\\/p>\\n\"}},{\"@type\":\"Question\",\"name\":\"\\u00bfPuedo seleccionar menos de cuatro valores?\",\"acceptedAnswer\":{\"@type\":\"Answer\",\"text\":\"<p>S\\u00ed. Dispones de un importe te\\u00f3rico para invertir de 1.000 d\\u00f3lares. Puede elegir cu\\u00e1ntos valores escoges y el porcentaje de esos 1.000 d\\u00f3lares que asignas a cada uno.<\\\/p>\\n\"}}]\n      }\n      <\/script>\n<p>&nbsp;<\/p>\n<p><span style=\"font-size: 12px;\">Cero comisiones significa que no se cobran comisiones de intermediaci\u00f3n cuando se abre o cierra la posici\u00f3n. Podr\u00edan aplicarse otras comisiones. Para ampliar la informaci\u00f3n sobre las comisiones, visite: <a href=\"https:\/\/www.etoro.com\/es\/trading\/fees\/\" target=\"_blank\" rel=\"noopener noreferrer\">https:\/\/www.etoro.com\/es\/trading\/fees\/<\/a>. Su capital no est\u00e1 garantizado.<\/span><\/p>\n","protected":false},"excerpt":{"rendered":"<p>En 1976, Ronald Wayne vendi\u00f3 una participaci\u00f3n del 10% en Apple por 800 d\u00f3lares. Actualmente, el gigante tecnol\u00f3gico tiene una capitalizaci\u00f3n burs\u00e1til de 2 billones de d\u00f3lares. Si Ronald hubiera mantenido sus acciones de la compa\u00f1\u00eda, actualmente \u00e9stas valdr\u00edan unos m\u00e1s que jugosos 200.000 millones de d\u00f3lares. Para los otros dos cofundadores que compraron su&hellip;<\/p>\n","protected":false},"author":32,"featured_media":0,"parent":58745,"menu_order":961,"comment_status":"closed","ping_status":"closed","template":"","meta":{"_acf_changed":false,"inline_featured_image":false,"sticky_cta_settings":"","footnotes":""},"asset_type":[],"class_list":["post-159620","page","type-page","status-publish","hentry"],"acf":[],"yoast_head":"<title>La M\u00e1quina del Tiempo de la Inversi\u00f3n | eToro<\/title>\n<meta name=\"description\" content=\"Retrocede en el tiempo con eToro y su m\u00e1quina del tiempo de acciones y descubre cu\u00e1nto valdr\u00eda ahora una inversi\u00f3n de 1.000 d\u00f3lares realizada en el pasado. \u00bfEn qu\u00e9 valores invertir\u00e1s?\" \/>\n<meta name=\"robots\" content=\"index, follow, max-snippet:-1, max-image-preview:large, max-video-preview:-1\" \/>\n<link rel=\"canonical\" href=\"https:\/\/www.etoro.com\/es\/wp-json\/wp\/v2\/pages\/159620\" \/>\n<meta property=\"og:locale\" content=\"es_ES\" \/>\n<meta property=\"og:type\" content=\"article\" \/>\n<meta property=\"og:title\" content=\"La M\u00e1quina del Tiempo de la Inversi\u00f3n | eToro\" \/>\n<meta property=\"og:description\" content=\"Retrocede en el tiempo con eToro y su m\u00e1quina del tiempo de acciones y descubre cu\u00e1nto valdr\u00eda ahora una inversi\u00f3n de 1.000 d\u00f3lares realizada en el pasado. \u00bfEn qu\u00e9 valores invertir\u00e1s?\" \/>\n<meta property=\"og:url\" content=\"https:\/\/www.etoro.com\/es\/wp-json\/wp\/v2\/pages\/159620\" \/>\n<meta property=\"og:site_name\" content=\"eToro\" \/>\n<meta property=\"article:publisher\" content=\"https:\/\/www.facebook.com\/eToro\/\" \/>\n<meta property=\"article:modified_time\" content=\"2024-08-12T14:36:47+00:00\" \/>\n<meta property=\"og:image\" content=\"https:\/\/www.etoro.com\/wp-content\/uploads\/2019\/12\/etoro_logo_social_share1.png\" \/>\n\t<meta property=\"og:image:width\" content=\"240\" \/>\n\t<meta property=\"og:image:height\" content=\"240\" \/>\n\t<meta property=\"og:image:type\" content=\"image\/png\" \/>\n<meta name=\"twitter:card\" content=\"summary_large_image\" \/>\n<meta name=\"twitter:site\" content=\"@eToro\" \/>\n<meta name=\"twitter:label1\" content=\"Est. reading time\" \/>\n\t<meta name=\"twitter:data1\" content=\"3 minutes\" \/>\n<script type=\"application\/ld+json\" class=\"yoast-schema-graph\">{\"@context\":\"https:\/\/schema.org\",\"@graph\":[{\"@type\":\"WebPage\",\"@id\":\"https:\/\/www.etoro.com\/es\/stocks\/investment-time-machine\/\",\"url\":\"https:\/\/www.etoro.com\/es\/stocks\/investment-time-machine\/\",\"name\":\"La M\u00e1quina del Tiempo de la Inversi\u00f3n | eToro\",\"isPartOf\":{\"@id\":\"https:\/\/www.etoro.com\/es\/#website\"},\"datePublished\":\"2020-10-02T11:38:55+00:00\",\"dateModified\":\"2024-08-12T14:36:47+00:00\",\"description\":\"Retrocede en el tiempo con eToro y su m\u00e1quina del tiempo de acciones y descubre cu\u00e1nto valdr\u00eda ahora una inversi\u00f3n de 1.000 d\u00f3lares realizada en el pasado. \u00bfEn qu\u00e9 valores invertir\u00e1s?\",\"breadcrumb\":{\"@id\":\"https:\/\/www.etoro.com\/es\/stocks\/investment-time-machine\/#breadcrumb\"},\"inLanguage\":\"es\",\"potentialAction\":[{\"@type\":\"ReadAction\",\"target\":[\"https:\/\/www.etoro.com\/es\/stocks\/investment-time-machine\/\"]}]},{\"@type\":\"BreadcrumbList\",\"@id\":\"https:\/\/www.etoro.com\/es\/stocks\/investment-time-machine\/#breadcrumb\",\"itemListElement\":[{\"@type\":\"ListItem\",\"position\":1,\"name\":\"Inicio\",\"item\":\"https:\/\/www.etoro.com\/es\/\"},{\"@type\":\"ListItem\",\"position\":2,\"name\":\"Acciones\",\"item\":\"https:\/\/www.etoro.com\/es\/stocks\/\"},{\"@type\":\"ListItem\",\"position\":3,\"name\":\"La M\u00e1quina del Tiempo de la Inversi\u00f3n de eToro\"}]},{\"@type\":\"WebSite\",\"@id\":\"https:\/\/www.etoro.com\/es\/#website\",\"url\":\"https:\/\/www.etoro.com\/es\/\",\"name\":\"eToro\",\"description\":\"\",\"publisher\":{\"@id\":\"https:\/\/www.etoro.com\/es\/#organization\"},\"potentialAction\":[{\"@type\":\"SearchAction\",\"target\":{\"@type\":\"EntryPoint\",\"urlTemplate\":\"https:\/\/www.etoro.com\/es\/?s={search_term_string}\"},\"query-input\":{\"@type\":\"PropertyValueSpecification\",\"valueRequired\":true,\"valueName\":\"search_term_string\"}}],\"inLanguage\":\"es\"},[]]}<\/script>","yoast_head_json":{"title":"La M\u00e1quina del Tiempo de la Inversi\u00f3n | eToro","description":"Retrocede en el tiempo con eToro y su m\u00e1quina del tiempo de acciones y descubre cu\u00e1nto valdr\u00eda ahora una inversi\u00f3n de 1.000 d\u00f3lares realizada en el pasado. \u00bfEn qu\u00e9 valores invertir\u00e1s?","robots":{"index":"index","follow":"follow","max-snippet":"max-snippet:-1","max-image-preview":"max-image-preview:large","max-video-preview":"max-video-preview:-1"},"canonical":"https:\/\/www.etoro.com\/es\/wp-json\/wp\/v2\/pages\/159620","og_locale":"es_ES","og_type":"article","og_title":"La M\u00e1quina del Tiempo de la Inversi\u00f3n | eToro","og_description":"Retrocede en el tiempo con eToro y su m\u00e1quina del tiempo de acciones y descubre cu\u00e1nto valdr\u00eda ahora una inversi\u00f3n de 1.000 d\u00f3lares realizada en el pasado. \u00bfEn qu\u00e9 valores invertir\u00e1s?","og_url":"https:\/\/www.etoro.com\/es\/wp-json\/wp\/v2\/pages\/159620","og_site_name":"eToro","article_publisher":"https:\/\/www.facebook.com\/eToro\/","article_modified_time":"2024-08-12T14:36:47+00:00","og_image":[{"width":240,"height":240,"url":"https:\/\/www.etoro.com\/wp-content\/uploads\/2019\/12\/etoro_logo_social_share1.png","type":"image\/png"}],"twitter_card":"summary_large_image","twitter_site":"@eToro","twitter_misc":{"Est. reading time":"3 minutes"},"schema":{"@context":"https:\/\/schema.org","@graph":[{"@type":"WebPage","@id":"https:\/\/www.etoro.com\/es\/stocks\/investment-time-machine\/","url":"https:\/\/www.etoro.com\/es\/stocks\/investment-time-machine\/","name":"La M\u00e1quina del Tiempo de la Inversi\u00f3n | eToro","isPartOf":{"@id":"https:\/\/www.etoro.com\/es\/#website"},"datePublished":"2020-10-02T11:38:55+00:00","dateModified":"2024-08-12T14:36:47+00:00","description":"Retrocede en el tiempo con eToro y su m\u00e1quina del tiempo de acciones y descubre cu\u00e1nto valdr\u00eda ahora una inversi\u00f3n de 1.000 d\u00f3lares realizada en el pasado. \u00bfEn qu\u00e9 valores invertir\u00e1s?","breadcrumb":{"@id":"https:\/\/www.etoro.com\/es\/stocks\/investment-time-machine\/#breadcrumb"},"inLanguage":"es","potentialAction":[{"@type":"ReadAction","target":["https:\/\/www.etoro.com\/es\/stocks\/investment-time-machine\/"]}]},{"@type":"BreadcrumbList","@id":"https:\/\/www.etoro.com\/es\/stocks\/investment-time-machine\/#breadcrumb","itemListElement":[{"@type":"ListItem","position":1,"name":"Inicio","item":"https:\/\/www.etoro.com\/es\/"},{"@type":"ListItem","position":2,"name":"Acciones","item":"https:\/\/www.etoro.com\/es\/stocks\/"},{"@type":"ListItem","position":3,"name":"La M\u00e1quina del Tiempo de la Inversi\u00f3n de eToro"}]},{"@type":"WebSite","@id":"https:\/\/www.etoro.com\/es\/#website","url":"https:\/\/www.etoro.com\/es\/","name":"eToro","description":"","publisher":{"@id":"https:\/\/www.etoro.com\/es\/#organization"},"potentialAction":[{"@type":"SearchAction","target":{"@type":"EntryPoint","urlTemplate":"https:\/\/www.etoro.com\/es\/?s={search_term_string}"},"query-input":{"@type":"PropertyValueSpecification","valueRequired":true,"valueName":"search_term_string"}}],"inLanguage":"es"},[]]}},"_links":{"self":[{"href":"https:\/\/www.etoro.com\/es\/wp-json\/wp\/v2\/pages\/159620"}],"collection":[{"href":"https:\/\/www.etoro.com\/es\/wp-json\/wp\/v2\/pages"}],"about":[{"href":"https:\/\/www.etoro.com\/es\/wp-json\/wp\/v2\/types\/page"}],"author":[{"embeddable":true,"href":"https:\/\/www.etoro.com\/es\/wp-json\/wp\/v2\/users\/32"}],"replies":[{"embeddable":true,"href":"https:\/\/www.etoro.com\/es\/wp-json\/wp\/v2\/comments?post=159620"}],"version-history":[{"count":0,"href":"https:\/\/www.etoro.com\/es\/wp-json\/wp\/v2\/pages\/159620\/revisions"}],"up":[{"embeddable":true,"href":"https:\/\/www.etoro.com\/es\/wp-json\/wp\/v2\/pages\/58745"}],"wp:attachment":[{"href":"https:\/\/www.etoro.com\/es\/wp-json\/wp\/v2\/media?parent=159620"}],"wp:term":[{"taxonomy":"asset_type","embeddable":true,"href":"https:\/\/www.etoro.com\/es\/wp-json\/wp\/v2\/asset_type?post=159620"}],"curies":[{"name":"wp","href":"https:\/\/api.w.org\/{rel}","templated":true}]}}