{"id":166333,"date":"2020-10-15T10:30:40","date_gmt":"2020-10-15T07:30:40","guid":{"rendered":"http:\/\/www.etoro.com\/investing\/insurance\/"},"modified":"2025-04-23T02:55:04","modified_gmt":"2025-04-22T23:55:04","slug":"insurance","status":"publish","type":"page","link":"https:\/\/www.etoro.com\/es\/investing\/insurance\/","title":{"rendered":"Seguros"},"content":{"rendered":"\n<section class=\"wp-block-group wp-block-group-boxed has-white-background-color has-background\"><div class=\"wp-block-group-inner is-layout-flow wp-block-group-is-layout-flow\">\n<div class=\"wp-block-columns are-vertically-aligned-top wp-block-columns-1 is-layout-flex wp-container-core-columns-is-layout-1 wp-block-columns-is-layout-flex\">\n<div class=\"wp-block-column is-layout-flow wp-block-column-is-layout-flow\">\n<h2 class=\"wp-block-heading\">Seguros<\/h2>\n\n\n\n<p>Algunas entidades de eToro ofrecen a los clientes que cumplen los requisitos un seguro gratuito contratado con Lloyd&#8217;s of London, uno de los principales proveedores mundiales de seguros especializados, que ofrece una cobertura de hasta 1 mill\u00f3n de euros, d\u00f3lares australianos o d\u00f3lares estadounidenses (seg\u00fan la regi\u00f3n).<\/p>\n\n\n\n<p><strong>El seguro gratuito solo est\u00e1 disponible para miembros Platinum, Platinum + y Diamond del Club, <a href=\"https:\/\/www.etoro.com\/es\/about\/clubs\/\">clientes<\/a> de eToro (Europe) Ltd., eToro AUS Capital Ltd., eToro (ME) Ltd. y eToro (Seychelles) Ltd.<\/strong><\/p>\n\n\n\n<ul class=\"wp-block-list wp-block-list wp-block-list-circle\">\n<li>El seguro cubre las reclamaciones de los clientes elegibles que sufran p\u00e9rdidas debido al improbable caso de insolvencia de eToro, as\u00ed como en caso de un Evento de Mala Conducta (tal como se define en la&nbsp;<a href=\"https:\/\/www.etoro.com\/wp-content\/uploads\/2022\/11\/Insurance-Disclosure-to-Clients-2022-.docx.pdf\">p\u00f3liza aplicable<\/a>).<\/li>\n\n\n\n<li>El seguro cubre: (i) hasta 1 mill\u00f3n de EUR, AUD o USD (dependiendo de la entidad regulada); (ii) hasta el l\u00edmite agregado adquirido por eToro; y (iii) sujeto a un importe en exceso (seg\u00fan se define en la <a href=\"https:\/\/etoro.com\/wp-content\/uploads\/2023\/01\/Insurance-Disclosure-to-Clients-2022-.docx.pdf\" rel=\"nofollow noopener noreferrer\" >pol\u00edtica<\/a> aplicable).<\/li>\n\n\n\n<li>Debe superar un importe inicial de 20.000 EUR, AUD o USD.<\/li>\n\n\n\n<li>El seguro cubre el dinero en efectivo, todas las posiciones de CFD y los valores. Tenga en cuenta que las posiciones REALES de criptomonedas no est\u00e1n cubiertas por el seguro, seg\u00fan lo establecido en la&nbsp;<a href=\"https:\/\/www.etoro.com\/wp-content\/uploads\/2022\/11\/Insurance-Disclosure-to-Clients-2022-.docx.pdf\">p\u00f3liza<\/a>&nbsp;aplicable.<\/li>\n<\/ul>\n<\/div>\n<\/div>\n<\/div><\/section>\n\n\n\n<section class=\"wp-block-group wp-block-group-boxed has-dark-blue-background-color has-background\"><div class=\"wp-block-group-inner is-layout-flow wp-block-group-is-layout-flow\">\n<div class=\"wp-block-columns are-vertically-aligned-center wp-block-columns-2 is-layout-flex wp-container-core-columns-is-layout-2 wp-block-columns-is-layout-flex\">\n<div class=\"wp-block-column is-layout-flow wp-block-column-is-layout-flow\">\n<figure class=\"wp-block-image size-full\"><img loading=\"lazy\" decoding=\"async\" width=\"577\" height=\"375\" src=\"https:\/\/www.etoro.com\/wp-content\/uploads\/2025\/04\/Three-layer-protection.png\" alt=\"\" class=\"wp-image-1048942 wp-image-desktop\" srcset=\"https:\/\/www.etoro.com\/wp-content\/uploads\/2025\/04\/Three-layer-protection.png 577w, https:\/\/www.etoro.com\/wp-content\/uploads\/2025\/04\/Three-layer-protection-300x195.png 300w\" sizes=\"(max-width: 577px) 100vw, 577px\" \/><\/figure>\n<\/div>\n\n\n\n<div class=\"wp-block-column is-text-column is-layout-flow wp-block-column-is-layout-flow\">\n<h2 class=\"wp-block-heading\"><strong>Tres niveles de protecci\u00f3n<\/strong><\/h2>\n\n\n\n<p>En el improbable caso de insolvencia de eToro, los clientes aptos* de eToro (Europe) Ltd., eToro AUS Capital Ltd., eToro (ME) Ltd. y eToro (Seychelles) Ltd. cuentan con tres niveles de protecci\u00f3n.<\/p>\n\n\n\n<ul class=\"wp-block-list wp-block-list wp-block-list-circle\">\n<li>En caso de insolvencia, el liquidador designado gestionar\u00e1 los activos de eToro y la distribuci\u00f3n de capital entre sus clientes, si corresponde.<\/li>\n\n\n\n<li>Protecci\u00f3n regulatoria: para los clientes de eToro (Europe) Ltd. (regulado por la CySEC), se aplican ciertos esquemas regulatorios (ICF) que compensan a los clientes en caso de insolvencia y falta de fondos de los clientes de hasta 20 000 $.<\/li>\n\n\n\n<li>Seguro privado: este seguro, proporcionado por Lloyd&#8217;s of London, cubre las p\u00e9rdidas sufridas por insolvencia, sujetas a un importe en exceso, y hasta 1 mill\u00f3n EUR\/AUD\/USD por cliente*, tal y como se ha descrito anteriormente.<\/li>\n<\/ul>\n\n\n\n<p class=\"is-style-disclaimer\">*El seguro gratuito solo est\u00e1 disponible para miembros Platinum, Platinum + y Diamond del Club, <a href=\"https:\/\/www.etoro.com\/es\/about\/clubs\/\">clientes<\/a> de eToro (Europe) Ltd., eToro AUS Capital Ltd., eToro (ME) Ltd. y eToro (Seychelles) Ltd.<\/p>\n<\/div>\n<\/div>\n<\/div><\/section>\n\n\n\n<section class=\"wp-block-group wp-block-group-boxed\"><div class=\"wp-block-group-inner is-layout-flow wp-block-group-is-layout-flow\">\n<div class=\"wp-block-columns are-vertically-aligned-top wp-block-columns-1 is-layout-flex wp-container-core-columns-is-layout-3 wp-block-columns-is-layout-flex\">\n<div class=\"wp-block-column is-layout-flow wp-block-column-is-layout-flow\">\n<h2 class=\"wp-block-heading has-text-align-center\"><strong>eToro ofrece servicios adicionales, como:<\/strong><\/h2>\n<\/div>\n<\/div>\n<\/div><\/section>\n\n\n\n<section class=\"wp-block-group wp-block-group-boxed has-white-background-color has-background\"><div class=\"wp-block-group-inner is-layout-flow wp-block-group-is-layout-flow\">\n<div class=\"wp-block-columns are-vertically-aligned-center wp-block-columns-2 is-swapped-on-mobile is-layout-flex wp-container-core-columns-is-layout-4 wp-block-columns-is-layout-flex\">\n<div class=\"wp-block-column is-layout-flow wp-block-column-is-layout-flow\">\n<h2 class=\"wp-block-heading\">Sus fondos se guardan en una cuenta separada<\/h2>\n\n\n\n<p>La principal prioridad de eToro es mantener a sus clientes, y sus fondos, seguros y protegidos. Por este motivo, cada c\u00e9ntimo depositado por un cliente se guarda en una cuenta separada. Esto significa que incluso en el muy improbable caso de insolvencia de eToro, sus fondos estar\u00e1n seguros.<\/p>\n<\/div>\n\n\n\n<div class=\"wp-block-column is-layout-flow wp-block-column-is-layout-flow\">\n<figure class=\"wp-block-image size-full\"><img loading=\"lazy\" decoding=\"async\" width=\"578\" height=\"375\" src=\"https:\/\/www.etoro.com\/wp-content\/uploads\/2025\/04\/Segregated-Account.png\" alt=\"\" class=\"wp-image-1048971 wp-image-desktop\" srcset=\"https:\/\/www.etoro.com\/wp-content\/uploads\/2025\/04\/Segregated-Account.png 578w, https:\/\/www.etoro.com\/wp-content\/uploads\/2025\/04\/Segregated-Account-300x195.png 300w\" sizes=\"(max-width: 578px) 100vw, 578px\" \/><\/figure>\n<\/div>\n<\/div>\n<\/div><\/section>\n\n\n\n<section class=\"wp-block-group wp-block-group-boxed has-white-background-color has-background\"><div class=\"wp-block-group-inner is-layout-flow wp-block-group-is-layout-flow\">\n<div class=\"wp-block-columns are-vertically-aligned-center wp-block-columns-2 is-layout-flex wp-container-core-columns-is-layout-5 wp-block-columns-is-layout-flex\">\n<div class=\"wp-block-column is-layout-flow wp-block-column-is-layout-flow\">\n<figure class=\"wp-block-image size-full\"><img loading=\"lazy\" decoding=\"async\" width=\"576\" height=\"394\" src=\"https:\/\/www.etoro.com\/wp-content\/uploads\/2025\/04\/100-K-Demo-account.png\" alt=\"\" class=\"wp-image-1049040 wp-image-desktop\" srcset=\"https:\/\/www.etoro.com\/wp-content\/uploads\/2025\/04\/100-K-Demo-account.png 576w, https:\/\/www.etoro.com\/wp-content\/uploads\/2025\/04\/100-K-Demo-account-300x205.png 300w\" sizes=\"(max-width: 576px) 100vw, 576px\" \/><\/figure>\n<\/div>\n\n\n\n<div class=\"wp-block-column is-layout-flow wp-block-column-is-layout-flow\">\n<h2 class=\"wp-block-heading\">Cuenta de demostraci\u00f3n con $100,000 GRATUITA<\/h2>\n\n\n\n<p>Explore la simplicidad y facilidad de uso de la plataforma eToro con una cuenta de demostraci\u00f3n GRATUITA con $100,000. Abra y cierre operaciones, cree su portafolio virtual con&nbsp;<a href=\"https:\/\/etoro.com\/es\/stocks\/\" rel=\"nofollow noopener noreferrer\" >acciones<\/a>,&nbsp;<a href=\"https:\/\/www.etoro.com\/es\/crypto\/\">criptomonedas<\/a>&nbsp;y otras clases de activos, y perfeccione sus habilidades inversoras a corto y a largo plazo.<\/p>\n<\/div>\n<\/div>\n<\/div><\/section>\n\n\n\n<section class=\"wp-block-group wp-block-group-boxed has-white-background-color has-background\"><div class=\"wp-block-group-inner is-layout-flow wp-block-group-is-layout-flow\">\n<div class=\"wp-block-columns are-vertically-aligned-top wp-block-columns-1 is-layout-flex wp-container-core-columns-is-layout-6 wp-block-columns-is-layout-flex\">\n<div class=\"wp-block-column is-layout-flow wp-block-column-is-layout-flow\">\n<p class=\"has-text-align-center\">Existen t\u00e9rminos y condiciones que son de aplicaci\u00f3n. Si desea obtener m\u00e1s informaci\u00f3n, consulte los <a href=\"https:\/\/www.etoro.com\/wp-content\/uploads\/2025\/02\/Insurance-Disclosure-to-Clients-2025.pdf\" target=\"_blank\" rel=\"noreferrer noopener\">T\u00e9rminos y condiciones<\/a> del seguro de eToro.<\/p>\n\n\n\n<div class=\"wp-block-buttons is-content-justification-center is-layout-flex wp-container-core-buttons-is-layout-1 wp-block-buttons-is-layout-flex\">\n<a class=\"e-cta e-cta-primary\" href=\"https:\/\/www.etoro.com\/es\/accounts\/sign-up\">Comenzar<\/a>\n<\/div>\n<\/div>\n<\/div>\n<\/div><\/section>\n\n\n\n<section class=\"wp-block-group wp-block-group-boxed has-white-background-color has-background\"><div class=\"wp-block-group-inner is-layout-flow wp-block-group-is-layout-flow\">\n<div class=\"wp-block-columns are-vertically-aligned-top wp-block-columns-1 is-layout-flex wp-container-core-columns-is-layout-7 wp-block-columns-is-layout-flex\">\n<div class=\"wp-block-column is-layout-flow wp-block-column-is-layout-flow\">\n<h2 class=\"wp-block-heading has-text-align-center\">Seguro de eToro: preguntas frecuentes<\/h2>\n\n\n\n<dl class=\"wp-block-etoro-faq\">\n<div class=\"wp-block-etoro-faq-item\"><dt class=\"wp-block-etoro-faq-item-question\">\u00bfQu\u00e9 productos cubre la p\u00f3liza de seguro?<\/dt><dd class=\"wp-block-etoro-faq-item-answer\">\n<p>El seguro cubre el dinero en efectivo, todas las posiciones de CFD y los valores. Tenga en cuenta que las posiciones REALES de criptomonedas (no CFD) no est\u00e1n cubiertas por el seguro de inversi\u00f3n.<\/p>\n<\/dd><\/div>\n\n\n\n<div class=\"wp-block-etoro-faq-item\"><dt class=\"wp-block-etoro-faq-item-question\">\u00bfA qui\u00e9n cubre el seguro?<\/dt><dd class=\"wp-block-etoro-faq-item-answer\">\n<p>El seguro solo est\u00e1 disponible para miembros Platinum, Platinum + y Diamond del Club, <a href=\"https:\/\/etoro.com\/es\/about\/club\/\" rel=\"nofollow noopener noreferrer\" >clientes<\/a>de eToro (Europe) Ltd., eToro AUS Capital Ltd., eToro (ME) Ltd. y eToro (Seychelles) Ltd.<\/p>\n<\/dd><\/div>\n\n\n\n<div class=\"wp-block-etoro-faq-item\"><dt class=\"wp-block-etoro-faq-item-question\">\u00bfTiene fecha de caducidad?<\/dt><dd class=\"wp-block-etoro-faq-item-answer\">\n<p>No. Sin embargo, el seguro puede cancelarse a discreci\u00f3n de eToro en cualquier momento en el futuro. No se requiere notificaci\u00f3n previa.<\/p>\n<\/dd><\/div>\n\n\n\n<div class=\"wp-block-etoro-faq-item\"><dt class=\"wp-block-etoro-faq-item-question\">\u00bfCu\u00e1ndo se activar\u00e1 el seguro?<\/dt><dd class=\"wp-block-etoro-faq-item-answer\">\n<p>El seguro puede activarse en el improbable caso de insolvencia de eToro.<\/p>\n<\/dd><\/div>\n\n\n\n<div class=\"wp-block-etoro-faq-item\"><dt class=\"wp-block-etoro-faq-item-question\">\u00bfC\u00f3mo retiene eToro mi dinero?<\/dt><dd class=\"wp-block-etoro-faq-item-answer\">\n<p>Para salvaguardar tus fondos, eToro los mantiene en una cuenta completamente segregada en un banco de primer nivel o en un fondo de mercado monetario calificado.<\/p>\n<\/dd><\/div>\n<\/dl>\n<\/div>\n<\/div>\n<\/div><\/section>\n","protected":false},"excerpt":{"rendered":"<p>Seguros Algunas entidades de eToro ofrecen a los clientes que cumplen los requisitos un seguro gratuito contratado con Lloyd&#8217;s of London, uno de los principales proveedores mundiales de seguros especializados, que ofrece una cobertura de hasta 1 mill\u00f3n de euros, d\u00f3lares australianos o d\u00f3lares estadounidenses (seg\u00fan la regi\u00f3n). El seguro gratuito solo est\u00e1 disponible para&hellip;<\/p>\n","protected":false},"author":39,"featured_media":0,"parent":19770,"menu_order":490,"comment_status":"closed","ping_status":"closed","template":"","meta":{"_acf_changed":true,"inline_featured_image":false,"sticky_cta_settings":"","footnotes":""},"asset_type":[],"class_list":["post-166333","page","type-page","status-publish","hentry"],"acf":[],"yoast_head":"<title>Seguro de inversi\u00f3n GRATUITO para los clientes de eToro<\/title>\n<meta name=\"description\" content=\"Benef\u00edciese de un nivel adicional de protecci\u00f3n: eToro ofrece un seguro GRATUITO de hasta un mill\u00f3n de EUR\/GBP\/AUD, dependiendo del reglamento.\" \/>\n<meta name=\"robots\" content=\"noindex, follow\" \/>\n<meta property=\"og:locale\" content=\"es_ES\" \/>\n<meta property=\"og:type\" content=\"article\" \/>\n<meta property=\"og:title\" content=\"Seguro de inversi\u00f3n GRATUITO para los clientes de eToro\" \/>\n<meta property=\"og:description\" content=\"Benef\u00edciese de un nivel adicional de protecci\u00f3n: eToro ofrece un seguro GRATUITO de hasta un mill\u00f3n de EUR\/GBP\/AUD, dependiendo del reglamento.\" \/>\n<meta property=\"og:url\" content=\"https:\/\/www.etoro.com\/es\/wp-json\/wp\/v2\/pages\/166333\" \/>\n<meta property=\"og:site_name\" content=\"eToro\" \/>\n<meta property=\"article:publisher\" content=\"https:\/\/www.facebook.com\/eToro\/\" \/>\n<meta property=\"article:modified_time\" content=\"2025-04-22T23:55:04+00:00\" \/>\n<meta property=\"og:image\" content=\"https:\/\/www.etoro.com\/wp-content\/uploads\/2025\/04\/Three-layer-protection.png\" \/>\n\t<meta property=\"og:image:width\" content=\"577\" \/>\n\t<meta property=\"og:image:height\" content=\"375\" \/>\n\t<meta property=\"og:image:type\" content=\"image\/png\" \/>\n<meta name=\"twitter:card\" content=\"summary_large_image\" \/>\n<meta name=\"twitter:site\" content=\"@eToro\" \/>\n<meta name=\"twitter:label1\" content=\"Est. reading time\" \/>\n\t<meta name=\"twitter:data1\" content=\"3 minutes\" \/>\n<script type=\"application\/ld+json\" class=\"yoast-schema-graph\">{\"@context\":\"https:\/\/schema.org\",\"@graph\":[{\"@type\":\"WebPage\",\"@id\":\"https:\/\/www.etoro.com\/es\/investing\/insurance\/\",\"url\":\"https:\/\/www.etoro.com\/es\/investing\/insurance\/\",\"name\":\"Seguro de inversi\u00f3n GRATUITO para los clientes de eToro\",\"isPartOf\":{\"@id\":\"https:\/\/www.etoro.com\/es\/#website\"},\"primaryImageOfPage\":{\"@id\":\"https:\/\/www.etoro.com\/es\/investing\/insurance\/#primaryimage\"},\"image\":{\"@id\":\"https:\/\/www.etoro.com\/es\/investing\/insurance\/#primaryimage\"},\"thumbnailUrl\":\"https:\/\/www.etoro.com\/wp-content\/uploads\/2025\/04\/Three-layer-protection.png\",\"datePublished\":\"2020-10-15T07:30:40+00:00\",\"dateModified\":\"2025-04-22T23:55:04+00:00\",\"description\":\"Benef\u00edciese de un nivel adicional de protecci\u00f3n: eToro ofrece un seguro GRATUITO de hasta un mill\u00f3n de EUR\/GBP\/AUD, dependiendo del reglamento.\",\"breadcrumb\":{\"@id\":\"https:\/\/www.etoro.com\/es\/investing\/insurance\/#breadcrumb\"},\"inLanguage\":\"es\",\"potentialAction\":[{\"@type\":\"ReadAction\",\"target\":[\"https:\/\/www.etoro.com\/es\/investing\/insurance\/\"]}]},{\"@type\":\"ImageObject\",\"inLanguage\":\"es\",\"@id\":\"https:\/\/www.etoro.com\/es\/investing\/insurance\/#primaryimage\",\"url\":\"https:\/\/www.etoro.com\/wp-content\/uploads\/2025\/04\/Three-layer-protection.png\",\"contentUrl\":\"https:\/\/www.etoro.com\/wp-content\/uploads\/2025\/04\/Three-layer-protection.png\"},{\"@type\":\"BreadcrumbList\",\"@id\":\"https:\/\/www.etoro.com\/es\/investing\/insurance\/#breadcrumb\",\"itemListElement\":[{\"@type\":\"ListItem\",\"position\":1,\"name\":\"Inicio\",\"item\":\"https:\/\/www.etoro.com\/es\/\"},{\"@type\":\"ListItem\",\"position\":2,\"name\":\"Invirtiendo\",\"item\":\"https:\/\/www.etoro.com\/es\/investing\/\"},{\"@type\":\"ListItem\",\"position\":3,\"name\":\"Seguros\"}]},{\"@type\":\"WebSite\",\"@id\":\"https:\/\/www.etoro.com\/es\/#website\",\"url\":\"https:\/\/www.etoro.com\/es\/\",\"name\":\"eToro\",\"description\":\"\",\"publisher\":{\"@id\":\"https:\/\/www.etoro.com\/es\/#organization\"},\"potentialAction\":[{\"@type\":\"SearchAction\",\"target\":{\"@type\":\"EntryPoint\",\"urlTemplate\":\"https:\/\/www.etoro.com\/es\/?s={search_term_string}\"},\"query-input\":{\"@type\":\"PropertyValueSpecification\",\"valueRequired\":true,\"valueName\":\"search_term_string\"}}],\"inLanguage\":\"es\"},[]]}<\/script>","yoast_head_json":{"title":"Seguro de inversi\u00f3n GRATUITO para los clientes de eToro","description":"Benef\u00edciese de un nivel adicional de protecci\u00f3n: eToro ofrece un seguro GRATUITO de hasta un mill\u00f3n de EUR\/GBP\/AUD, dependiendo del reglamento.","robots":{"index":"noindex","follow":"follow"},"og_locale":"es_ES","og_type":"article","og_title":"Seguro de inversi\u00f3n GRATUITO para los clientes de eToro","og_description":"Benef\u00edciese de un nivel adicional de protecci\u00f3n: eToro ofrece un seguro GRATUITO de hasta un mill\u00f3n de EUR\/GBP\/AUD, dependiendo del reglamento.","og_url":"https:\/\/www.etoro.com\/es\/wp-json\/wp\/v2\/pages\/166333","og_site_name":"eToro","article_publisher":"https:\/\/www.facebook.com\/eToro\/","article_modified_time":"2025-04-22T23:55:04+00:00","og_image":[{"width":577,"height":375,"url":"https:\/\/www.etoro.com\/wp-content\/uploads\/2025\/04\/Three-layer-protection.png","type":"image\/png"}],"twitter_card":"summary_large_image","twitter_site":"@eToro","twitter_misc":{"Est. reading time":"3 minutes"},"schema":{"@context":"https:\/\/schema.org","@graph":[{"@type":"WebPage","@id":"https:\/\/www.etoro.com\/es\/investing\/insurance\/","url":"https:\/\/www.etoro.com\/es\/investing\/insurance\/","name":"Seguro de inversi\u00f3n GRATUITO para los clientes de eToro","isPartOf":{"@id":"https:\/\/www.etoro.com\/es\/#website"},"primaryImageOfPage":{"@id":"https:\/\/www.etoro.com\/es\/investing\/insurance\/#primaryimage"},"image":{"@id":"https:\/\/www.etoro.com\/es\/investing\/insurance\/#primaryimage"},"thumbnailUrl":"https:\/\/www.etoro.com\/wp-content\/uploads\/2025\/04\/Three-layer-protection.png","datePublished":"2020-10-15T07:30:40+00:00","dateModified":"2025-04-22T23:55:04+00:00","description":"Benef\u00edciese de un nivel adicional de protecci\u00f3n: eToro ofrece un seguro GRATUITO de hasta un mill\u00f3n de EUR\/GBP\/AUD, dependiendo del reglamento.","breadcrumb":{"@id":"https:\/\/www.etoro.com\/es\/investing\/insurance\/#breadcrumb"},"inLanguage":"es","potentialAction":[{"@type":"ReadAction","target":["https:\/\/www.etoro.com\/es\/investing\/insurance\/"]}]},{"@type":"ImageObject","inLanguage":"es","@id":"https:\/\/www.etoro.com\/es\/investing\/insurance\/#primaryimage","url":"https:\/\/www.etoro.com\/wp-content\/uploads\/2025\/04\/Three-layer-protection.png","contentUrl":"https:\/\/www.etoro.com\/wp-content\/uploads\/2025\/04\/Three-layer-protection.png"},{"@type":"BreadcrumbList","@id":"https:\/\/www.etoro.com\/es\/investing\/insurance\/#breadcrumb","itemListElement":[{"@type":"ListItem","position":1,"name":"Inicio","item":"https:\/\/www.etoro.com\/es\/"},{"@type":"ListItem","position":2,"name":"Invirtiendo","item":"https:\/\/www.etoro.com\/es\/investing\/"},{"@type":"ListItem","position":3,"name":"Seguros"}]},{"@type":"WebSite","@id":"https:\/\/www.etoro.com\/es\/#website","url":"https:\/\/www.etoro.com\/es\/","name":"eToro","description":"","publisher":{"@id":"https:\/\/www.etoro.com\/es\/#organization"},"potentialAction":[{"@type":"SearchAction","target":{"@type":"EntryPoint","urlTemplate":"https:\/\/www.etoro.com\/es\/?s={search_term_string}"},"query-input":{"@type":"PropertyValueSpecification","valueRequired":true,"valueName":"search_term_string"}}],"inLanguage":"es"},[]]}},"_links":{"self":[{"href":"https:\/\/www.etoro.com\/es\/wp-json\/wp\/v2\/pages\/166333"}],"collection":[{"href":"https:\/\/www.etoro.com\/es\/wp-json\/wp\/v2\/pages"}],"about":[{"href":"https:\/\/www.etoro.com\/es\/wp-json\/wp\/v2\/types\/page"}],"author":[{"embeddable":true,"href":"https:\/\/www.etoro.com\/es\/wp-json\/wp\/v2\/users\/39"}],"replies":[{"embeddable":true,"href":"https:\/\/www.etoro.com\/es\/wp-json\/wp\/v2\/comments?post=166333"}],"version-history":[{"count":0,"href":"https:\/\/www.etoro.com\/es\/wp-json\/wp\/v2\/pages\/166333\/revisions"}],"up":[{"embeddable":true,"href":"https:\/\/www.etoro.com\/es\/wp-json\/wp\/v2\/pages\/19770"}],"wp:attachment":[{"href":"https:\/\/www.etoro.com\/es\/wp-json\/wp\/v2\/media?parent=166333"}],"wp:term":[{"taxonomy":"asset_type","embeddable":true,"href":"https:\/\/www.etoro.com\/es\/wp-json\/wp\/v2\/asset_type?post=166333"}],"curies":[{"name":"wp","href":"https:\/\/api.w.org\/{rel}","templated":true}]}}