{"id":252007,"date":"2021-06-06T15:06:14","date_gmt":"2021-06-06T12:06:14","guid":{"rendered":"https:\/\/www.etoro.com\/customer-service\/accessibility\/"},"modified":"2024-12-19T16:20:02","modified_gmt":"2024-12-19T14:20:02","slug":"accessibility","status":"publish","type":"page","link":"https:\/\/www.etoro.com\/es\/customer-service\/accessibility\/","title":{"rendered":"Nos tomamos en serio la accesibilidad"},"content":{"rendered":"\n<section class=\"wp-block-group wp-block-group-boxed has-white-background-color has-background\"><div class=\"wp-block-group-inner is-layout-flow wp-block-group-is-layout-flow\">\n<div class=\"wp-block-columns are-vertically-aligned-top wp-block-columns-1 is-layout-flex wp-container-core-columns-is-layout-1 wp-block-columns-is-layout-flex\">\n<div class=\"wp-block-column is-layout-flow wp-block-column-is-layout-flow\">\n<p class=\"has-text-align-center\">En eToro nos esforzamos por hacer m\u00e1s accesibles nuestra p\u00e1gina web y nuestras aplicaciones.<\/p>\n\n\n\n<p class=\"has-text-align-center\">A continuaci\u00f3n le ofrecemos algunos consejos sobre c\u00f3mo usar con mayor facilidad nuestros servicios en caso de que tenga alguna necesidad de accesibilidad especial.<\/p>\n<\/div>\n<\/div>\n<\/div><\/section>\n\n\n\n<section class=\"wp-block-group wp-block-group-boxed\"><div class=\"wp-block-group-inner is-layout-flow wp-block-group-is-layout-flow\">\n<div class=\"wp-block-columns are-vertically-aligned-center wp-block-columns-2 is-layout-flex wp-container-core-columns-is-layout-2 wp-block-columns-is-layout-flex\">\n<div class=\"wp-block-column is-layout-flow wp-block-column-is-layout-flow\">\n<h2 class=\"wp-block-heading\"><span>La p\u00e1gina web de eToro<\/span><\/h2>\n\n\n\n<p>Puede configurar el contenido de nuestra p\u00e1gina web para hacerlo m\u00e1s legible pulsando el widget de accesibilidad situado en la esquina inferior derecha de la p\u00e1gina. Hay muchas funciones disponibles para adaptar el texto y las im\u00e1genes a sus necesidades particulares.<\/p>\n\n\n\n<p>El widget le permitir\u00e1 establecer los siguientes perfiles para ayudarle a personalizar nuestra p\u00e1gina:<\/p>\n\n\n\n<ul class=\"wp-block-list wp-block-list wp-block-list-circle\">\n<li>Perfil para evitar las convulsiones: elimina los destellos y reduce el color.<\/li>\n\n\n\n<li>Perfil para personas con problemas de visi\u00f3n: mejora los aspectos visuales de nuestras p\u00e1ginas web.<\/li>\n\n\n\n<li>Perfil de discapacidad cognitiva: ayuda a la lectura y a la concentraci\u00f3n.<\/li>\n\n\n\n<li>Perfil adaptado al TDAH: proporciona m\u00e1s concentraci\u00f3n y menos distracciones.<\/li>\n\n\n\n<li>Usuarios invidentes (lector de pantalla): le permitir\u00e1 leer nuestra p\u00e1gina web con su lector de pantalla.<\/li>\n\n\n\n<li>Navegaci\u00f3n con el teclado (motor): proporciona acceso a nuestra p\u00e1gina web con el teclado.<\/li>\n<\/ul>\n<\/div>\n\n\n\n<div class=\"wp-block-column is-layout-flow wp-block-column-is-layout-flow\">\n<figure class=\"wp-block-image size-full\"><img loading=\"lazy\" decoding=\"async\" width=\"374\" height=\"419\" src=\"https:\/\/www.etoro.com\/wp-content\/uploads\/2024\/12\/The-eToro-website.png\" alt=\"\" class=\"wp-image-973444 wp-image-desktop\" srcset=\"https:\/\/www.etoro.com\/wp-content\/uploads\/2024\/12\/The-eToro-website.png 374w, https:\/\/www.etoro.com\/wp-content\/uploads\/2024\/12\/The-eToro-website-268x300.png 268w\" sizes=\"(max-width: 374px) 100vw, 374px\" \/><\/figure>\n<\/div>\n<\/div>\n<\/div><\/section>\n\n\n\n<section class=\"wp-block-group wp-block-group-boxed has-white-background-color has-background\"><div class=\"wp-block-group-inner is-layout-flow wp-block-group-is-layout-flow\">\n<div class=\"wp-block-columns are-vertically-aligned-top wp-block-columns-1 is-layout-flex wp-container-core-columns-is-layout-3 wp-block-columns-is-layout-flex\">\n<div class=\"wp-block-column is-layout-flow wp-block-column-is-layout-flow\">\n<h2 class=\"wp-block-heading\"><span>Plataforma de inversiones de eToro<\/span><\/h2>\n<\/div>\n<\/div>\n\n\n\n<hr class=\"wp-block-separator wp-block-separator-color-dark-grey wp-block-separator-spaces-small wp-block-separator-weight-1\"\/>\n\n\n\n<p>Una vez que inicie la sesi\u00f3n, podr\u00e1 utilizar la configuraci\u00f3n de su dispositivo para que la experiencia sea m\u00e1s accesible. Esto variar\u00e1 dependiendo de si utiliza nuestra aplicaci\u00f3n m\u00f3vil o un navegador web, as\u00ed como del dispositivo que utilice.<\/p>\n<\/div><\/section>\n\n\n\n<section class=\"wp-block-group wp-block-group-boxed has-dark-blue-background-color has-background\"><div class=\"wp-block-group-inner is-layout-flow wp-block-group-is-layout-flow\">\n<div class=\"wp-block-columns are-vertically-aligned-top wp-block-columns-1 is-layout-flex wp-container-core-columns-is-layout-4 wp-block-columns-is-layout-flex\">\n<div class=\"wp-block-column is-layout-flow wp-block-column-is-layout-flow\">\n<h2 class=\"wp-block-heading\"><span>Ajustes de la aplicaci\u00f3n m\u00f3vil<\/span><\/h2>\n<\/div>\n<\/div>\n\n\n\n<hr class=\"wp-block-separator wp-block-separator-color-dark-grey wp-block-separator-spaces-small wp-block-separator-weight-1\"\/>\n\n\n\n<p>eToro ofrece algunas funciones que podr\u00edan mejorar su experiencia al utilizar la aplicaci\u00f3n:<\/p>\n\n\n\n<ul class=\"wp-block-list wp-block-list wp-block-list-circle\">\n<li>Face ID para iniciar sesi\u00f3n de forma segura y sencilla.<\/li>\n\n\n\n<li>Inversiones con un clic para una ejecuci\u00f3n de \u00f3rdenes m\u00e1s sencilla.<\/li>\n\n\n\n<li>Selecci\u00f3n de la ventana por defecto tras el inicio de sesi\u00f3n para facilitar el acceso.<\/li>\n<\/ul>\n\n\n\n<p>Todo esto est\u00e1 disponible en la pantalla de&nbsp;<a href=\"https:\/\/www.etoro.com\/settings\/\">configuraci\u00f3n<\/a>, dentro de la aplicaci\u00f3n de eToro..<\/p>\n<\/div><\/section>\n\n\n\n<section class=\"wp-block-group wp-block-group-boxed\"><div class=\"wp-block-group-inner is-layout-flow wp-block-group-is-layout-flow\">\n<div class=\"wp-block-columns are-vertically-aligned-top wp-block-columns-1 is-layout-flex wp-container-core-columns-is-layout-5 wp-block-columns-is-layout-flex\">\n<div class=\"wp-block-column is-layout-flow wp-block-column-is-layout-flow\">\n<h2 class=\"wp-block-heading\"><span>iOS<\/span><\/h2>\n<\/div>\n<\/div>\n\n\n\n<hr class=\"wp-block-separator wp-block-separator-color-dark-grey wp-block-separator-spaces-small wp-block-separator-weight-1\"\/>\n\n\n\n<p>Apple ofrece muchas funciones de accesibilidad para los usuarios de su sistema operativo m\u00f3vil iOS, incluyendo:<\/p>\n\n\n\n<ul class=\"wp-block-list wp-block-list wp-block-list-circle\">\n<li>Texto a voz (control de voz): aprenda c\u00f3mo funciona\u00a0<a href=\"https:\/\/support.apple.com\/en-us\/HT210417\" target=\"_blank\" rel=\"noreferrer noopener\">aqu\u00ed<\/a>\u00a0y tambi\u00e9n\u00a0<a href=\"https:\/\/support.apple.com\/guide\/iphone\/turn-on-and-practice-voiceover-iph3e2e415f\/ios\" target=\"_blank\" rel=\"noreferrer noopener\">aqu\u00ed<\/a>.<\/li>\n\n\n\n<li>Teclados de accesibilidad: obtenga m\u00e1s informaci\u00f3n\u00a0<a href=\"https:\/\/www.apple.com\/accessibility\/mobility\/\" target=\"_blank\" rel=\"noreferrer noopener\">aqu\u00ed<\/a>.<\/li>\n\n\n\n<li>Ajustes de la pantalla: obtenga m\u00e1s informaci\u00f3n\u00a0<a href=\"https:\/\/www.apple.com\/accessibility\/vision\/\" target=\"_blank\" rel=\"noreferrer noopener\">aqu\u00ed<\/a>\u00a0y tambi\u00e9n\u00a0<a href=\"https:\/\/support.apple.com\/guide\/iphone\/display-text-size-iph3e2e1fb0\/ios\" target=\"_blank\" rel=\"noreferrer noopener\">aqu\u00ed<\/a>.<\/li>\n<\/ul>\n\n\n\n<p>Por lo general, estas funciones pueden configurarse desde la secci\u00f3n de accesibilidad de la aplicaci\u00f3n de&nbsp;<strong>ajustes<\/strong>&nbsp;de su tel\u00e9fono. Obtenga informaci\u00f3n m\u00e1s detallada&nbsp;<a href=\"https:\/\/www.apple.com\/accessibility\/mobility\/\" target=\"_blank\" rel=\"noreferrer noopener\">aqu\u00ed<\/a>.<\/p>\n<\/div><\/section>\n\n\n\n<section class=\"wp-block-group wp-block-group-boxed has-white-background-color has-background\"><div class=\"wp-block-group-inner is-layout-flow wp-block-group-is-layout-flow\">\n<div class=\"wp-block-columns are-vertically-aligned-top wp-block-columns-1 is-layout-flex wp-container-core-columns-is-layout-6 wp-block-columns-is-layout-flex\">\n<div class=\"wp-block-column is-layout-flow wp-block-column-is-layout-flow\">\n<h2 class=\"wp-block-heading\"><span>Android<\/span><\/h2>\n<\/div>\n<\/div>\n\n\n\n<hr class=\"wp-block-separator wp-block-separator-color-dark-grey wp-block-separator-spaces-small wp-block-separator-weight-1\"\/>\n\n\n\n<p>Google ofrece muchas funciones de accesibilidad para los usuarios de su sistema operativo Android. Estas incluyen:<\/p>\n\n\n\n<ul class=\"wp-block-list wp-block-list wp-block-list-circle\">\n<li>Texto a voz.<\/li>\n\n\n\n<li>Ajustes de la pantalla.<\/li>\n\n\n\n<li>Controles de interacci\u00f3n (p. ej., comandos de voz).<\/li>\n\n\n\n<li>Conexi\u00f3n de aud\u00edfono.<\/li>\n<\/ul>\n\n\n\n<p>Por lo general, estas funciones pueden configurarse desde la secci\u00f3n de accesibilidad de la aplicaci\u00f3n de&nbsp;<strong>ajustes<\/strong>&nbsp;de su tel\u00e9fono. Obtenga m\u00e1s informaci\u00f3n&nbsp;<a href=\"https:\/\/support.google.com\/accessibility\/android#topic=6007234\" target=\"_blank\" rel=\"noreferrer noopener\">aqu\u00ed<\/a>.<\/p>\n<\/div><\/section>\n\n\n\n<section class=\"wp-block-group wp-block-group-boxed\"><div class=\"wp-block-group-inner is-layout-flow wp-block-group-is-layout-flow\">\n<div class=\"wp-block-columns are-vertically-aligned-top wp-block-columns-1 is-layout-flex wp-container-core-columns-is-layout-7 wp-block-columns-is-layout-flex\">\n<div class=\"wp-block-column is-layout-flow wp-block-column-is-layout-flow\">\n<h2 class=\"wp-block-heading\"><span>Safari \u2013 MacOS<\/span><\/h2>\n<\/div>\n<\/div>\n\n\n\n<hr class=\"wp-block-separator wp-block-separator-color-dark-grey wp-block-separator-spaces-small wp-block-separator-weight-1\"\/>\n\n\n\n<p>Si utiliza un ordenador Apple, tiene a su disposici\u00f3n varios ajustes de accesibilidad. Obtenga m\u00e1s informaci\u00f3n\u00a0<a href=\"https:\/\/support.apple.com\/accessibility\/mac'\" target=\"_blank\" rel=\"noreferrer noopener\">aqu\u00ed<\/a>.<\/p>\n<\/div><\/section>\n\n\n\n<section class=\"wp-block-group wp-block-group-boxed has-white-background-color has-background\"><div class=\"wp-block-group-inner is-layout-flow wp-block-group-is-layout-flow\">\n<div class=\"wp-block-columns are-vertically-aligned-top wp-block-columns-1 is-layout-flex wp-container-core-columns-is-layout-8 wp-block-columns-is-layout-flex\">\n<div class=\"wp-block-column is-layout-flow wp-block-column-is-layout-flow\">\n<h2 class=\"wp-block-heading\"><span>Extensiones del navegador web Chrome<\/span><\/h2>\n<\/div>\n<\/div>\n\n\n\n<hr class=\"wp-block-separator wp-block-separator-color-dark-grey wp-block-separator-spaces-small wp-block-separator-weight-1\"\/>\n\n\n\n<p>Podr\u00e1 a\u00f1adir extensiones a su navegador Chrome que le proporcionar\u00e1n muchas funciones de accesibilidad \u00fatiles. Desc\u00fabralas\u00a0<a href=\"https:\/\/chrome.google.com\/webstore\/category\/ext\/22-accessibility\" target=\"_blank\" rel=\"noreferrer noopener\">aqu\u00ed<\/a>.<\/p>\n<\/div><\/section>\n\n\n\n<section class=\"wp-block-group wp-block-group-boxed\"><div class=\"wp-block-group-inner is-layout-flow wp-block-group-is-layout-flow\">\n<div class=\"wp-block-columns are-vertically-aligned-top wp-block-columns-1 is-layout-flex wp-container-core-columns-is-layout-9 wp-block-columns-is-layout-flex\">\n<div class=\"wp-block-column is-layout-flow wp-block-column-is-layout-flow\">\n<h2 class=\"wp-block-heading\"><span>Ayuda adicional<\/span><\/h2>\n<\/div>\n<\/div>\n\n\n\n<hr class=\"wp-block-separator wp-block-separator-color-dark-grey wp-block-separator-spaces-small wp-block-separator-weight-1\"\/>\n\n\n\n<p>Si tiene alguna pregunta adicional, no dude en ponerse en contacto con nuestro\u00a0<a href=\"https:\/\/www.etoro.com\/customer-service\/\">equipo de soporte<\/a>.<\/p>\n<\/div><\/section>\n\n\n\n<p><\/p>\n","protected":false},"excerpt":{"rendered":"<p>En eToro nos esforzamos por hacer m\u00e1s accesibles nuestra p\u00e1gina web y nuestras aplicaciones. A continuaci\u00f3n le ofrecemos algunos consejos sobre c\u00f3mo usar con mayor facilidad nuestros servicios en caso de que tenga alguna necesidad de accesibilidad especial. La p\u00e1gina web de eToro Puede configurar el contenido de nuestra p\u00e1gina web para hacerlo m\u00e1s legible&hellip;<\/p>\n","protected":false},"author":75,"featured_media":793756,"parent":6961,"menu_order":152,"comment_status":"closed","ping_status":"closed","template":"","meta":{"_acf_changed":true,"inline_featured_image":false,"sticky_cta_settings":"","footnotes":""},"asset_type":[],"class_list":["post-252007","page","type-page","status-publish","has-post-thumbnail","hentry"],"acf":[],"yoast_head":"<title>Caracter\u00edsticas de accesibilidad de la p\u00e1gina web de eToro y de la aplicaci\u00f3n de inversiones<\/title>\n<meta name=\"description\" content=\"Todo el mundo deber\u00eda ser capaz de invertir en los mercados mundiales. Aqu\u00ed encontrar\u00e1 consejos para hacer que eToro sea m\u00e1s accesible.\" \/>\n<meta name=\"robots\" content=\"index, follow, max-snippet:-1, max-image-preview:large, max-video-preview:-1\" \/>\n<link rel=\"canonical\" href=\"https:\/\/www.etoro.com\/es\/wp-json\/wp\/v2\/pages\/252007\" \/>\n<meta property=\"og:locale\" content=\"es_ES\" \/>\n<meta property=\"og:type\" content=\"article\" \/>\n<meta property=\"og:title\" content=\"Caracter\u00edsticas de accesibilidad de la p\u00e1gina web de eToro y de la aplicaci\u00f3n de inversiones\" \/>\n<meta property=\"og:description\" content=\"Todo el mundo deber\u00eda ser capaz de invertir en los mercados mundiales. Aqu\u00ed encontrar\u00e1 consejos para hacer que eToro sea m\u00e1s accesible.\" \/>\n<meta property=\"og:url\" content=\"https:\/\/www.etoro.com\/es\/wp-json\/wp\/v2\/pages\/252007\" \/>\n<meta property=\"og:site_name\" content=\"eToro\" \/>\n<meta property=\"article:publisher\" content=\"https:\/\/www.facebook.com\/eToro\/\" \/>\n<meta property=\"article:modified_time\" content=\"2024-12-19T14:20:02+00:00\" \/>\n<meta property=\"og:image\" content=\"https:\/\/www.etoro.com\/wp-content\/uploads\/2023\/12\/ES_Accessibility_Featured-image-1200x630-1.png\" \/>\n\t<meta property=\"og:image:width\" content=\"1200\" \/>\n\t<meta property=\"og:image:height\" content=\"630\" \/>\n\t<meta property=\"og:image:type\" content=\"image\/png\" \/>\n<meta name=\"twitter:card\" content=\"summary_large_image\" \/>\n<meta name=\"twitter:site\" content=\"@eToro\" \/>\n<meta name=\"twitter:label1\" content=\"Est. reading time\" \/>\n\t<meta name=\"twitter:data1\" content=\"3 minutes\" \/>\n<script type=\"application\/ld+json\" class=\"yoast-schema-graph\">{\"@context\":\"https:\/\/schema.org\",\"@graph\":[{\"@type\":\"WebPage\",\"@id\":\"https:\/\/www.etoro.com\/es\/customer-service\/accessibility\/\",\"url\":\"https:\/\/www.etoro.com\/es\/customer-service\/accessibility\/\",\"name\":\"Caracter\u00edsticas de accesibilidad de la p\u00e1gina web de eToro y de la aplicaci\u00f3n de inversiones\",\"isPartOf\":{\"@id\":\"https:\/\/www.etoro.com\/es\/#website\"},\"primaryImageOfPage\":{\"@id\":\"https:\/\/www.etoro.com\/es\/customer-service\/accessibility\/#primaryimage\"},\"image\":{\"@id\":\"https:\/\/www.etoro.com\/es\/customer-service\/accessibility\/#primaryimage\"},\"thumbnailUrl\":\"https:\/\/www.etoro.com\/wp-content\/uploads\/2023\/12\/ES_Accessibility_Featured-image-1200x630-1.png\",\"datePublished\":\"2021-06-06T12:06:14+00:00\",\"dateModified\":\"2024-12-19T14:20:02+00:00\",\"description\":\"Todo el mundo deber\u00eda ser capaz de invertir en los mercados mundiales. Aqu\u00ed encontrar\u00e1 consejos para hacer que eToro sea m\u00e1s accesible.\",\"breadcrumb\":{\"@id\":\"https:\/\/www.etoro.com\/es\/customer-service\/accessibility\/#breadcrumb\"},\"inLanguage\":\"es\",\"potentialAction\":[{\"@type\":\"ReadAction\",\"target\":[\"https:\/\/www.etoro.com\/es\/customer-service\/accessibility\/\"]}]},{\"@type\":\"ImageObject\",\"inLanguage\":\"es\",\"@id\":\"https:\/\/www.etoro.com\/es\/customer-service\/accessibility\/#primaryimage\",\"url\":\"https:\/\/www.etoro.com\/wp-content\/uploads\/2023\/12\/ES_Accessibility_Featured-image-1200x630-1.png\",\"contentUrl\":\"https:\/\/www.etoro.com\/wp-content\/uploads\/2023\/12\/ES_Accessibility_Featured-image-1200x630-1.png\",\"width\":1200,\"height\":630,\"caption\":\"Accessibility\"},{\"@type\":\"BreadcrumbList\",\"@id\":\"https:\/\/www.etoro.com\/es\/customer-service\/accessibility\/#breadcrumb\",\"itemListElement\":[{\"@type\":\"ListItem\",\"position\":1,\"name\":\"Inicio\",\"item\":\"https:\/\/www.etoro.com\/es\/\"},{\"@type\":\"ListItem\",\"position\":2,\"name\":\"ATENCI\u00d3N AL CLIENTE\",\"item\":\"https:\/\/www.etoro.com\/es\/customer-service\/\"},{\"@type\":\"ListItem\",\"position\":3,\"name\":\"accessibility\"}]},{\"@type\":\"WebSite\",\"@id\":\"https:\/\/www.etoro.com\/es\/#website\",\"url\":\"https:\/\/www.etoro.com\/es\/\",\"name\":\"eToro\",\"description\":\"\",\"publisher\":{\"@id\":\"https:\/\/www.etoro.com\/es\/#organization\"},\"potentialAction\":[{\"@type\":\"SearchAction\",\"target\":{\"@type\":\"EntryPoint\",\"urlTemplate\":\"https:\/\/www.etoro.com\/es\/?s={search_term_string}\"},\"query-input\":{\"@type\":\"PropertyValueSpecification\",\"valueRequired\":true,\"valueName\":\"search_term_string\"}}],\"inLanguage\":\"es\"},[]]}<\/script>","yoast_head_json":{"title":"Caracter\u00edsticas de accesibilidad de la p\u00e1gina web de eToro y de la aplicaci\u00f3n de inversiones","description":"Todo el mundo deber\u00eda ser capaz de invertir en los mercados mundiales. Aqu\u00ed encontrar\u00e1 consejos para hacer que eToro sea m\u00e1s accesible.","robots":{"index":"index","follow":"follow","max-snippet":"max-snippet:-1","max-image-preview":"max-image-preview:large","max-video-preview":"max-video-preview:-1"},"canonical":"https:\/\/www.etoro.com\/es\/wp-json\/wp\/v2\/pages\/252007","og_locale":"es_ES","og_type":"article","og_title":"Caracter\u00edsticas de accesibilidad de la p\u00e1gina web de eToro y de la aplicaci\u00f3n de inversiones","og_description":"Todo el mundo deber\u00eda ser capaz de invertir en los mercados mundiales. Aqu\u00ed encontrar\u00e1 consejos para hacer que eToro sea m\u00e1s accesible.","og_url":"https:\/\/www.etoro.com\/es\/wp-json\/wp\/v2\/pages\/252007","og_site_name":"eToro","article_publisher":"https:\/\/www.facebook.com\/eToro\/","article_modified_time":"2024-12-19T14:20:02+00:00","og_image":[{"width":1200,"height":630,"url":"https:\/\/www.etoro.com\/wp-content\/uploads\/2023\/12\/ES_Accessibility_Featured-image-1200x630-1.png","type":"image\/png"}],"twitter_card":"summary_large_image","twitter_site":"@eToro","twitter_misc":{"Est. reading time":"3 minutes"},"schema":{"@context":"https:\/\/schema.org","@graph":[{"@type":"WebPage","@id":"https:\/\/www.etoro.com\/es\/customer-service\/accessibility\/","url":"https:\/\/www.etoro.com\/es\/customer-service\/accessibility\/","name":"Caracter\u00edsticas de accesibilidad de la p\u00e1gina web de eToro y de la aplicaci\u00f3n de inversiones","isPartOf":{"@id":"https:\/\/www.etoro.com\/es\/#website"},"primaryImageOfPage":{"@id":"https:\/\/www.etoro.com\/es\/customer-service\/accessibility\/#primaryimage"},"image":{"@id":"https:\/\/www.etoro.com\/es\/customer-service\/accessibility\/#primaryimage"},"thumbnailUrl":"https:\/\/www.etoro.com\/wp-content\/uploads\/2023\/12\/ES_Accessibility_Featured-image-1200x630-1.png","datePublished":"2021-06-06T12:06:14+00:00","dateModified":"2024-12-19T14:20:02+00:00","description":"Todo el mundo deber\u00eda ser capaz de invertir en los mercados mundiales. Aqu\u00ed encontrar\u00e1 consejos para hacer que eToro sea m\u00e1s accesible.","breadcrumb":{"@id":"https:\/\/www.etoro.com\/es\/customer-service\/accessibility\/#breadcrumb"},"inLanguage":"es","potentialAction":[{"@type":"ReadAction","target":["https:\/\/www.etoro.com\/es\/customer-service\/accessibility\/"]}]},{"@type":"ImageObject","inLanguage":"es","@id":"https:\/\/www.etoro.com\/es\/customer-service\/accessibility\/#primaryimage","url":"https:\/\/www.etoro.com\/wp-content\/uploads\/2023\/12\/ES_Accessibility_Featured-image-1200x630-1.png","contentUrl":"https:\/\/www.etoro.com\/wp-content\/uploads\/2023\/12\/ES_Accessibility_Featured-image-1200x630-1.png","width":1200,"height":630,"caption":"Accessibility"},{"@type":"BreadcrumbList","@id":"https:\/\/www.etoro.com\/es\/customer-service\/accessibility\/#breadcrumb","itemListElement":[{"@type":"ListItem","position":1,"name":"Inicio","item":"https:\/\/www.etoro.com\/es\/"},{"@type":"ListItem","position":2,"name":"ATENCI\u00d3N AL CLIENTE","item":"https:\/\/www.etoro.com\/es\/customer-service\/"},{"@type":"ListItem","position":3,"name":"accessibility"}]},{"@type":"WebSite","@id":"https:\/\/www.etoro.com\/es\/#website","url":"https:\/\/www.etoro.com\/es\/","name":"eToro","description":"","publisher":{"@id":"https:\/\/www.etoro.com\/es\/#organization"},"potentialAction":[{"@type":"SearchAction","target":{"@type":"EntryPoint","urlTemplate":"https:\/\/www.etoro.com\/es\/?s={search_term_string}"},"query-input":{"@type":"PropertyValueSpecification","valueRequired":true,"valueName":"search_term_string"}}],"inLanguage":"es"},[]]}},"_links":{"self":[{"href":"https:\/\/www.etoro.com\/es\/wp-json\/wp\/v2\/pages\/252007"}],"collection":[{"href":"https:\/\/www.etoro.com\/es\/wp-json\/wp\/v2\/pages"}],"about":[{"href":"https:\/\/www.etoro.com\/es\/wp-json\/wp\/v2\/types\/page"}],"author":[{"embeddable":true,"href":"https:\/\/www.etoro.com\/es\/wp-json\/wp\/v2\/users\/75"}],"replies":[{"embeddable":true,"href":"https:\/\/www.etoro.com\/es\/wp-json\/wp\/v2\/comments?post=252007"}],"version-history":[{"count":0,"href":"https:\/\/www.etoro.com\/es\/wp-json\/wp\/v2\/pages\/252007\/revisions"}],"up":[{"embeddable":true,"href":"https:\/\/www.etoro.com\/es\/wp-json\/wp\/v2\/pages\/6961"}],"wp:featuredmedia":[{"embeddable":true,"href":"https:\/\/www.etoro.com\/es\/wp-json\/wp\/v2\/media\/793756"}],"wp:attachment":[{"href":"https:\/\/www.etoro.com\/es\/wp-json\/wp\/v2\/media?parent=252007"}],"wp:term":[{"taxonomy":"asset_type","embeddable":true,"href":"https:\/\/www.etoro.com\/es\/wp-json\/wp\/v2\/asset_type?post=252007"}],"curies":[{"name":"wp","href":"https:\/\/api.w.org\/{rel}","templated":true}]}}