{"id":259968,"date":"2021-07-27T15:21:46","date_gmt":"2021-07-27T12:21:46","guid":{"rendered":"https:\/\/www.etoro.com\/academy\/etoro-basics\/"},"modified":"2024-03-18T15:53:45","modified_gmt":"2024-03-18T13:53:45","slug":"etoro-basics","status":"publish","type":"page","link":"https:\/\/www.etoro.com\/es\/academy\/etoro-basics\/","title":{"rendered":"B\u00e1sicos de eToro"},"content":{"rendered":"\n<section class=\"wp-block-group wp-block-group-boxed\"><div class=\"wp-block-group-inner is-layout-flow wp-block-group-is-layout-flow\">    <div class=\"e-slider-container\" data-location=\"Carousel Most Popular\">\n        <div class=\"e-slider-header\">\n                    <h3 class=\"e-slider-title\">M\u00c1S POPULARES<\/h3>\n                    <\/div>\n        <div class=\"e-slider-wrapper\">\n            <div class=\"e-slider swiper\">\n                <div class=\"e-slides-wrapper swiper-wrapper most-popular\">\n                        <div class=\"e-slide-item swiper-slide videos\" data-type=\"videos\" data-level=\"advanced,beginners\" data-category=\"the-world-of-copytrading,trading\" data-custom=\"etoro-basics\"  data-lang=\"es\">\n        <div class=\"e-slide-item-img lazy\" data-src=\"https:\/\/www.etoro.com\/wp-content\/uploads\/2023\/01\/0007_600x500_ES.jpg\">\n                                    <a href=\"https:\/\/www.etoro.com\/es\/academy\/videos\/copytrading-101-part-1-introduction\/\"  class=\"\"  data-mixp=\"item-image\" data-item-type=\"videos\" data-title=\"CopyTrading 101 | Parte 1: Introducci\u00f3n\" data-url=\"https:\/\/www.etoro.com\/es\/academy\/videos\/copytrading-101-part-1-introduction\/\"  data-level=\"5\" data-aid=\"549852\">&#32;<\/a>            <div class=\"e-slide-item-popularity-container\">\n                                <span class=\"e-slide-item-popularity-number\">1<\/span>\n                             <\/div>        <\/div>\n        <div class=\"e-slide-item-info\">\n            <h3 class=\"e-slide-item-title\">\n                                <a href=\"https:\/\/www.etoro.com\/es\/academy\/videos\/copytrading-101-part-1-introduction\/\"  class=\"\"  data-mixp=\"from-title\" data-item-type=\"videos\" data-title=\"CopyTrading 101 | Parte 1: Introducci\u00f3n\" data-url=\"https:\/\/www.etoro.com\/es\/academy\/videos\/copytrading-101-part-1-introduction\/\"  data-level=\"5\" data-aid=\"549852\">CopyTrading 101 | Parte 1: Introducci\u00f3n<\/a>                <\/h3>\n            <div class=\"e-slide-item-meta\">\n                <span class=\"e-slide-item-level\">Todos los niveles<\/span>&bull;<span class=\"e-slide-item-duration\">3 min<\/span>            <\/div>\n            <div class=\"e-item-description-container\">\n                <div class=\"e-item-description\">Descubre los conceptos b\u00e1sicos de CopyTrading en eToro con este video. Aprende a replicar las estrategias de los mejores inversores y a construir tu portafolio.<\/div>\n            <\/div>\n            <div class=\"e-item-buttons-wrapper\">\n                <div class=\"e-item-button-wrapper\">\n                    <a href=\"https:\/\/www.etoro.com\/es\/academy\/videos\/copytrading-101-part-1-introduction\/\"  class=\"read-more\"  data-mixp=\"read-more-phrase\" data-item-type=\"videos\" data-title=\"CopyTrading 101 | Parte 1: Introducci\u00f3n\" data-url=\"https:\/\/www.etoro.com\/es\/academy\/videos\/copytrading-101-part-1-introduction\/\"  data-level=\"5\" data-aid=\"549852\">Ver ahora<\/a>                <\/div>\n                            <\/div>\n\n        <\/div>\n            <\/div>\n        <div class=\"e-slide-item swiper-slide videos\" data-type=\"videos\" data-level=\"advanced,beginners\" data-category=\"getting-started-on-etoro,investing\" data-custom=\"etoro-basics\"  data-lang=\"es\">\n        <div class=\"e-slide-item-img lazy\" data-src=\"https:\/\/www.etoro.com\/wp-content\/uploads\/2022\/09\/0785_600X500_ES.png\">\n                                    <a href=\"https:\/\/www.etoro.com\/es\/academy\/videos\/tools-for-experienced-investors\/\"  class=\"\"  data-mixp=\"item-image\" data-item-type=\"videos\" data-title=\"Tips para inversores avanzados eToro\" data-url=\"https:\/\/www.etoro.com\/es\/academy\/videos\/tools-for-experienced-investors\/\"  data-level=\"5\" data-aid=\"494946\">&#32;<\/a>            <div class=\"e-slide-item-popularity-container\">\n                                <span class=\"e-slide-item-popularity-number\">2<\/span>\n                             <\/div>        <\/div>\n        <div class=\"e-slide-item-info\">\n            <h3 class=\"e-slide-item-title\">\n                                <a href=\"https:\/\/www.etoro.com\/es\/academy\/videos\/tools-for-experienced-investors\/\"  class=\"\"  data-mixp=\"from-title\" data-item-type=\"videos\" data-title=\"Tips para inversores avanzados eToro\" data-url=\"https:\/\/www.etoro.com\/es\/academy\/videos\/tools-for-experienced-investors\/\"  data-level=\"5\" data-aid=\"494946\">Tips para inversores avanzados eToro<\/a>                <\/h3>\n            <div class=\"e-slide-item-meta\">\n                <span class=\"e-slide-item-level\">Todos los niveles<\/span>&bull;<span class=\"e-slide-item-duration\">2 min<\/span>            <\/div>\n            <div class=\"e-item-description-container\">\n                <div class=\"e-item-description\">Descubre herramientas avanzadas en eToro en este video, como trailing stop-loss, alertas de volatilidad y gr\u00e1ficos profesionales. Mantente a la vanguardia con todo lo que necesitas en una sola plataforma.<\/div>\n            <\/div>\n            <div class=\"e-item-buttons-wrapper\">\n                <div class=\"e-item-button-wrapper\">\n                    <a href=\"https:\/\/www.etoro.com\/es\/academy\/videos\/tools-for-experienced-investors\/\"  class=\"read-more\"  data-mixp=\"read-more-phrase\" data-item-type=\"videos\" data-title=\"Tips para inversores avanzados eToro\" data-url=\"https:\/\/www.etoro.com\/es\/academy\/videos\/tools-for-experienced-investors\/\"  data-level=\"5\" data-aid=\"494946\">Ver ahora<\/a>                <\/div>\n                            <\/div>\n\n        <\/div>\n            <\/div>\n        <div class=\"e-slide-item swiper-slide videos\" data-type=\"videos\" data-level=\"advanced,beginners\" data-category=\"getting-started-on-etoro,investing\" data-custom=\"etoro-basics\"  data-lang=\"es\">\n        <div class=\"e-slide-item-img lazy\" data-src=\"https:\/\/www.etoro.com\/wp-content\/uploads\/2022\/09\/2522_600X500_ES.png\">\n                                    <a href=\"https:\/\/www.etoro.com\/es\/academy\/videos\/getting-started-on-etoro-part-1\/\"  class=\"\"  data-mixp=\"item-image\" data-item-type=\"videos\" data-title=\"Comenzando en eToro (Parte 1)\" data-url=\"https:\/\/www.etoro.com\/es\/academy\/videos\/getting-started-on-etoro-part-1\/\"  data-level=\"5\" data-aid=\"495230\">&#32;<\/a>            <div class=\"e-slide-item-popularity-container\">\n                                <span class=\"e-slide-item-popularity-number\">3<\/span>\n                             <\/div>        <\/div>\n        <div class=\"e-slide-item-info\">\n            <h3 class=\"e-slide-item-title\">\n                                <a href=\"https:\/\/www.etoro.com\/es\/academy\/videos\/getting-started-on-etoro-part-1\/\"  class=\"\"  data-mixp=\"from-title\" data-item-type=\"videos\" data-title=\"Comenzando en eToro (Parte 1)\" data-url=\"https:\/\/www.etoro.com\/es\/academy\/videos\/getting-started-on-etoro-part-1\/\"  data-level=\"5\" data-aid=\"495230\">Comenzando en eToro (Parte 1)<\/a>                <\/h3>\n            <div class=\"e-slide-item-meta\">\n                <span class=\"e-slide-item-level\">Todos los niveles<\/span>&bull;<span class=\"e-slide-item-duration\">1 min<\/span>            <\/div>\n            <div class=\"e-item-description-container\">\n                <div class=\"e-item-description\">Comienza tu camino en la inversi\u00f3n con estos cuatro puntos clave cubiertos en este video para ayudarte a invertir con confianza en eToro.<\/div>\n            <\/div>\n            <div class=\"e-item-buttons-wrapper\">\n                <div class=\"e-item-button-wrapper\">\n                    <a href=\"https:\/\/www.etoro.com\/es\/academy\/videos\/getting-started-on-etoro-part-1\/\"  class=\"read-more\"  data-mixp=\"read-more-phrase\" data-item-type=\"videos\" data-title=\"Comenzando en eToro (Parte 1)\" data-url=\"https:\/\/www.etoro.com\/es\/academy\/videos\/getting-started-on-etoro-part-1\/\"  data-level=\"5\" data-aid=\"495230\">Ver ahora<\/a>                <\/div>\n                            <\/div>\n\n        <\/div>\n            <\/div>\n        <div class=\"e-slide-item swiper-slide videos\" data-type=\"videos\" data-level=\"advanced,beginners\" data-category=\"getting-started-on-etoro,trading\" data-custom=\"etoro-basics\"  data-lang=\"es\">\n        <div class=\"e-slide-item-img lazy\" data-src=\"https:\/\/www.etoro.com\/wp-content\/uploads\/2023\/02\/4437_600X500_ES-1.png\">\n                                    <a href=\"https:\/\/www.etoro.com\/es\/academy\/videos\/getting-started-on-etoro-part-2\/\"  class=\"\"  data-mixp=\"item-image\" data-item-type=\"videos\" data-title=\"Comenzando en eToro (Parte 2)\" data-url=\"https:\/\/www.etoro.com\/es\/academy\/videos\/getting-started-on-etoro-part-2\/\"  data-level=\"5\" data-aid=\"560457\">&#32;<\/a>            <div class=\"e-slide-item-popularity-container\">\n                                <span class=\"e-slide-item-popularity-number\">4<\/span>\n                             <\/div>        <\/div>\n        <div class=\"e-slide-item-info\">\n            <h3 class=\"e-slide-item-title\">\n                                <a href=\"https:\/\/www.etoro.com\/es\/academy\/videos\/getting-started-on-etoro-part-2\/\"  class=\"\"  data-mixp=\"from-title\" data-item-type=\"videos\" data-title=\"Comenzando en eToro (Parte 2)\" data-url=\"https:\/\/www.etoro.com\/es\/academy\/videos\/getting-started-on-etoro-part-2\/\"  data-level=\"5\" data-aid=\"560457\">Comenzando en eToro (Parte 2)<\/a>                <\/h3>\n            <div class=\"e-slide-item-meta\">\n                <span class=\"e-slide-item-level\">Todos los niveles<\/span>&bull;<span class=\"e-slide-item-duration\">2 min<\/span>            <\/div>\n            <div class=\"e-item-description-container\">\n                <div class=\"e-item-description\">Contin\u00faa tu camino en los mercados financieros con la parte dos de esta serie de videos. Aprende m\u00e1s consejos para impulsar tu experiencia de inversi\u00f3n.<\/div>\n            <\/div>\n            <div class=\"e-item-buttons-wrapper\">\n                <div class=\"e-item-button-wrapper\">\n                    <a href=\"https:\/\/www.etoro.com\/es\/academy\/videos\/getting-started-on-etoro-part-2\/\"  class=\"read-more\"  data-mixp=\"read-more-phrase\" data-item-type=\"videos\" data-title=\"Comenzando en eToro (Parte 2)\" data-url=\"https:\/\/www.etoro.com\/es\/academy\/videos\/getting-started-on-etoro-part-2\/\"  data-level=\"5\" data-aid=\"560457\">Ver ahora<\/a>                <\/div>\n                            <\/div>\n\n        <\/div>\n            <\/div>\n        <div class=\"e-slide-item swiper-slide videos\" data-type=\"videos\" data-level=\"advanced,beginners\" data-category=\"etoros-how-tos,trading\" data-custom=\"etoro-basics\"  data-lang=\"es\">\n        <div class=\"e-slide-item-img lazy\" data-src=\"https:\/\/www.etoro.com\/wp-content\/uploads\/2023\/02\/7490_600x500_ES.jpg\">\n                                    <a href=\"https:\/\/www.etoro.com\/es\/academy\/videos\/opening-your-first-position\/\"  class=\"\"  data-mixp=\"item-image\" data-item-type=\"videos\" data-title=\"C\u00f3mo abrir tu primera posici\u00f3n en eToro\" data-url=\"https:\/\/www.etoro.com\/es\/academy\/videos\/opening-your-first-position\/\"  data-level=\"5\" data-aid=\"560531\">&#32;<\/a>            <div class=\"e-slide-item-popularity-container\">\n                                <span class=\"e-slide-item-popularity-number\">5<\/span>\n                             <\/div>        <\/div>\n        <div class=\"e-slide-item-info\">\n            <h3 class=\"e-slide-item-title\">\n                                <a href=\"https:\/\/www.etoro.com\/es\/academy\/videos\/opening-your-first-position\/\"  class=\"\"  data-mixp=\"from-title\" data-item-type=\"videos\" data-title=\"C\u00f3mo abrir tu primera posici\u00f3n en eToro\" data-url=\"https:\/\/www.etoro.com\/es\/academy\/videos\/opening-your-first-position\/\"  data-level=\"5\" data-aid=\"560531\">C\u00f3mo abrir tu primera posici\u00f3n en eToro<\/a>                <\/h3>\n            <div class=\"e-slide-item-meta\">\n                <span class=\"e-slide-item-level\">Todos los niveles<\/span>&bull;<span class=\"e-slide-item-duration\">2 min<\/span>            <\/div>\n            <div class=\"e-item-description-container\">\n                <div class=\"e-item-description\">Aprende a abrir correctamente tu primera posici\u00f3n de trading en eToro con este video paso a paso.<\/div>\n            <\/div>\n            <div class=\"e-item-buttons-wrapper\">\n                <div class=\"e-item-button-wrapper\">\n                    <a href=\"https:\/\/www.etoro.com\/es\/academy\/videos\/opening-your-first-position\/\"  class=\"read-more\"  data-mixp=\"read-more-phrase\" data-item-type=\"videos\" data-title=\"C\u00f3mo abrir tu primera posici\u00f3n en eToro\" data-url=\"https:\/\/www.etoro.com\/es\/academy\/videos\/opening-your-first-position\/\"  data-level=\"5\" data-aid=\"560531\">Ver ahora<\/a>                <\/div>\n                            <\/div>\n\n        <\/div>\n            <\/div>\n                    <\/div>\n            <\/div>\n            <div class=\"swiper-button-next\" data-slider-mixp=\"Next Carousel Button\" data-location=\"Carousel Most Popular\"><\/div>\n            <div class=\"swiper-button-prev\" data-slider-mixp=\"Prev Carousel Button\" data-location=\"Carousel Most Popular\"><\/div>\n        <\/div>\n    <\/div>\n\n    \n<\/div><\/section>\n\n\n\n<section class=\"wp-block-group wp-block-group-boxed has-white-background-color has-background\"><div class=\"wp-block-group-inner is-layout-flow wp-block-group-is-layout-flow\">\n<div class=\"wp-block-columns are-vertically-aligned-center wp-block-columns-2 wp-block-columns-1 is-layout-flex wp-container-core-columns-is-layout-1 wp-block-columns-is-layout-flex\">\n<div class=\"wp-block-column is-layout-flow wp-block-column-is-layout-flow\">\n<h2 class=\"wp-block-heading\">\u00bfListo para unirse a eToro?<\/h2>\n\n\n\n<p>Si todav\u00eda no ha abierto su cuenta de eToro, vea lo f\u00e1cil que es registrarse con nuestro <a href=\"https:\/\/www.etoro.com\/es\/academy\/etoro-basics\/\">tutorial<\/a> paso a paso.<\/p>\n\n\n\n<div class=\"wp-block-buttons is-layout-flex wp-block-buttons-is-layout-flex\">\n<a class=\"e-cta e-cta-primary\" href=\"\/es\/accounts\/sign-up\">Reg\u00edstrese ahora<\/a>\n<\/div>\n<\/div>\n\n\n\n<div class=\"wp-block-column is-layout-flow wp-block-column-is-layout-flow\">\n<figure class=\"wp-block-image size-full\"><img loading=\"lazy\" decoding=\"async\" width=\"576\" height=\"555\" src=\"https:\/\/www.etoro.com\/wp-content\/uploads\/2023\/05\/Image-18.png\" alt=\"\" class=\"wp-image-602067 wp-image-desktop\" srcset=\"https:\/\/www.etoro.com\/wp-content\/uploads\/2023\/05\/Image-18.png 576w, https:\/\/www.etoro.com\/wp-content\/uploads\/2023\/05\/Image-18-300x289.png 300w\" sizes=\"(max-width: 576px) 100vw, 576px\" \/><\/figure>\n<\/div>\n<\/div>\n<\/div><\/section>\n","protected":false},"excerpt":{"rendered":"<p>\u00bfListo para unirse a eToro? Si todav\u00eda no ha abierto su cuenta de eToro, vea lo f\u00e1cil que es registrarse con nuestro tutorial paso a paso.<\/p>\n","protected":false},"author":75,"featured_media":606413,"parent":259862,"menu_order":39,"comment_status":"closed","ping_status":"closed","template":"templates\/academy-taxonomy-page.php","meta":{"_acf_changed":false,"inline_featured_image":false,"sticky_cta_settings":"","footnotes":""},"asset_type":[],"class_list":["post-259968","page","type-page","status-publish","has-post-thumbnail","hentry"],"acf":[],"yoast_head":"<title>Tutoriales de inversi\u00f3n | Aprenda a invertir en eToro<\/title>\n<meta name=\"description\" content=\"Descubra todas las herramientas y funciones innovadoras de eToro, una plataforma de inversi\u00f3n social l\u00edder para millones de usuarios, con tutoriales paso a paso\" \/>\n<meta name=\"robots\" content=\"index, follow, max-snippet:-1, max-image-preview:large, max-video-preview:-1\" \/>\n<link rel=\"canonical\" href=\"https:\/\/www.etoro.com\/es\/wp-json\/wp\/v2\/pages\/259968\" \/>\n<meta property=\"og:locale\" content=\"es_ES\" \/>\n<meta property=\"og:type\" content=\"article\" \/>\n<meta property=\"og:title\" content=\"Tutoriales de inversi\u00f3n | Aprenda a invertir en eToro\" \/>\n<meta property=\"og:description\" content=\"Descubra todas las herramientas y funciones innovadoras de eToro, una plataforma de inversi\u00f3n social l\u00edder para millones de usuarios, con tutoriales paso a paso\" \/>\n<meta property=\"og:url\" content=\"https:\/\/www.etoro.com\/es\/wp-json\/wp\/v2\/pages\/259968\" \/>\n<meta property=\"og:site_name\" content=\"eToro\" \/>\n<meta property=\"article:publisher\" content=\"https:\/\/www.facebook.com\/eToro\/\" \/>\n<meta property=\"article:modified_time\" content=\"2024-03-18T13:53:45+00:00\" \/>\n<meta property=\"og:image\" content=\"https:\/\/www.etoro.com\/wp-content\/uploads\/2023\/05\/ES_Tutorials_Featured-image-1200x630-1.jpg\" \/>\n\t<meta property=\"og:image:width\" content=\"1200\" \/>\n\t<meta property=\"og:image:height\" content=\"630\" \/>\n\t<meta property=\"og:image:type\" content=\"image\/jpeg\" \/>\n<meta name=\"twitter:card\" content=\"summary_large_image\" \/>\n<meta name=\"twitter:site\" content=\"@eToro\" \/>\n<script type=\"application\/ld+json\" class=\"yoast-schema-graph\">{\"@context\":\"https:\/\/schema.org\",\"@graph\":[{\"@type\":\"WebPage\",\"@id\":\"https:\/\/www.etoro.com\/es\/academy\/etoro-basics\/\",\"url\":\"https:\/\/www.etoro.com\/es\/academy\/etoro-basics\/\",\"name\":\"Tutoriales de inversi\u00f3n | Aprenda a invertir en eToro\",\"isPartOf\":{\"@id\":\"https:\/\/www.etoro.com\/es\/#website\"},\"primaryImageOfPage\":{\"@id\":\"https:\/\/www.etoro.com\/es\/academy\/etoro-basics\/#primaryimage\"},\"image\":{\"@id\":\"https:\/\/www.etoro.com\/es\/academy\/etoro-basics\/#primaryimage\"},\"thumbnailUrl\":\"https:\/\/www.etoro.com\/wp-content\/uploads\/2023\/05\/ES_Tutorials_Featured-image-1200x630-1.jpg\",\"datePublished\":\"2021-07-27T12:21:46+00:00\",\"dateModified\":\"2024-03-18T13:53:45+00:00\",\"description\":\"Descubra todas las herramientas y funciones innovadoras de eToro, una plataforma de inversi\u00f3n social l\u00edder para millones de usuarios, con tutoriales paso a paso\",\"breadcrumb\":{\"@id\":\"https:\/\/www.etoro.com\/es\/academy\/etoro-basics\/#breadcrumb\"},\"inLanguage\":\"es\",\"potentialAction\":[{\"@type\":\"ReadAction\",\"target\":[\"https:\/\/www.etoro.com\/es\/academy\/etoro-basics\/\"]}]},{\"@type\":\"ImageObject\",\"inLanguage\":\"es\",\"@id\":\"https:\/\/www.etoro.com\/es\/academy\/etoro-basics\/#primaryimage\",\"url\":\"https:\/\/www.etoro.com\/wp-content\/uploads\/2023\/05\/ES_Tutorials_Featured-image-1200x630-1.jpg\",\"contentUrl\":\"https:\/\/www.etoro.com\/wp-content\/uploads\/2023\/05\/ES_Tutorials_Featured-image-1200x630-1.jpg\",\"width\":1200,\"height\":630},{\"@type\":\"BreadcrumbList\",\"@id\":\"https:\/\/www.etoro.com\/es\/academy\/etoro-basics\/#breadcrumb\",\"itemListElement\":[{\"@type\":\"ListItem\",\"position\":1,\"name\":\"Inicio\",\"item\":\"https:\/\/www.etoro.com\/es\/\"},{\"@type\":\"ListItem\",\"position\":2,\"name\":\"eToro Academy\",\"item\":\"https:\/\/www.etoro.com\/es\/academy\/\"},{\"@type\":\"ListItem\",\"position\":3,\"name\":\"B\u00e1sicos de eToro\"}]},{\"@type\":\"WebSite\",\"@id\":\"https:\/\/www.etoro.com\/es\/#website\",\"url\":\"https:\/\/www.etoro.com\/es\/\",\"name\":\"eToro\",\"description\":\"\",\"publisher\":{\"@id\":\"https:\/\/www.etoro.com\/es\/#organization\"},\"potentialAction\":[{\"@type\":\"SearchAction\",\"target\":{\"@type\":\"EntryPoint\",\"urlTemplate\":\"https:\/\/www.etoro.com\/es\/?s={search_term_string}\"},\"query-input\":{\"@type\":\"PropertyValueSpecification\",\"valueRequired\":true,\"valueName\":\"search_term_string\"}}],\"inLanguage\":\"es\"},[]]}<\/script>","yoast_head_json":{"title":"Tutoriales de inversi\u00f3n | Aprenda a invertir en eToro","description":"Descubra todas las herramientas y funciones innovadoras de eToro, una plataforma de inversi\u00f3n social l\u00edder para millones de usuarios, con tutoriales paso a paso","robots":{"index":"index","follow":"follow","max-snippet":"max-snippet:-1","max-image-preview":"max-image-preview:large","max-video-preview":"max-video-preview:-1"},"canonical":"https:\/\/www.etoro.com\/es\/wp-json\/wp\/v2\/pages\/259968","og_locale":"es_ES","og_type":"article","og_title":"Tutoriales de inversi\u00f3n | Aprenda a invertir en eToro","og_description":"Descubra todas las herramientas y funciones innovadoras de eToro, una plataforma de inversi\u00f3n social l\u00edder para millones de usuarios, con tutoriales paso a paso","og_url":"https:\/\/www.etoro.com\/es\/wp-json\/wp\/v2\/pages\/259968","og_site_name":"eToro","article_publisher":"https:\/\/www.facebook.com\/eToro\/","article_modified_time":"2024-03-18T13:53:45+00:00","og_image":[{"width":1200,"height":630,"url":"https:\/\/www.etoro.com\/wp-content\/uploads\/2023\/05\/ES_Tutorials_Featured-image-1200x630-1.jpg","type":"image\/jpeg"}],"twitter_card":"summary_large_image","twitter_site":"@eToro","schema":{"@context":"https:\/\/schema.org","@graph":[{"@type":"WebPage","@id":"https:\/\/www.etoro.com\/es\/academy\/etoro-basics\/","url":"https:\/\/www.etoro.com\/es\/academy\/etoro-basics\/","name":"Tutoriales de inversi\u00f3n | Aprenda a invertir en eToro","isPartOf":{"@id":"https:\/\/www.etoro.com\/es\/#website"},"primaryImageOfPage":{"@id":"https:\/\/www.etoro.com\/es\/academy\/etoro-basics\/#primaryimage"},"image":{"@id":"https:\/\/www.etoro.com\/es\/academy\/etoro-basics\/#primaryimage"},"thumbnailUrl":"https:\/\/www.etoro.com\/wp-content\/uploads\/2023\/05\/ES_Tutorials_Featured-image-1200x630-1.jpg","datePublished":"2021-07-27T12:21:46+00:00","dateModified":"2024-03-18T13:53:45+00:00","description":"Descubra todas las herramientas y funciones innovadoras de eToro, una plataforma de inversi\u00f3n social l\u00edder para millones de usuarios, con tutoriales paso a paso","breadcrumb":{"@id":"https:\/\/www.etoro.com\/es\/academy\/etoro-basics\/#breadcrumb"},"inLanguage":"es","potentialAction":[{"@type":"ReadAction","target":["https:\/\/www.etoro.com\/es\/academy\/etoro-basics\/"]}]},{"@type":"ImageObject","inLanguage":"es","@id":"https:\/\/www.etoro.com\/es\/academy\/etoro-basics\/#primaryimage","url":"https:\/\/www.etoro.com\/wp-content\/uploads\/2023\/05\/ES_Tutorials_Featured-image-1200x630-1.jpg","contentUrl":"https:\/\/www.etoro.com\/wp-content\/uploads\/2023\/05\/ES_Tutorials_Featured-image-1200x630-1.jpg","width":1200,"height":630},{"@type":"BreadcrumbList","@id":"https:\/\/www.etoro.com\/es\/academy\/etoro-basics\/#breadcrumb","itemListElement":[{"@type":"ListItem","position":1,"name":"Inicio","item":"https:\/\/www.etoro.com\/es\/"},{"@type":"ListItem","position":2,"name":"eToro Academy","item":"https:\/\/www.etoro.com\/es\/academy\/"},{"@type":"ListItem","position":3,"name":"B\u00e1sicos de eToro"}]},{"@type":"WebSite","@id":"https:\/\/www.etoro.com\/es\/#website","url":"https:\/\/www.etoro.com\/es\/","name":"eToro","description":"","publisher":{"@id":"https:\/\/www.etoro.com\/es\/#organization"},"potentialAction":[{"@type":"SearchAction","target":{"@type":"EntryPoint","urlTemplate":"https:\/\/www.etoro.com\/es\/?s={search_term_string}"},"query-input":{"@type":"PropertyValueSpecification","valueRequired":true,"valueName":"search_term_string"}}],"inLanguage":"es"},[]]}},"_links":{"self":[{"href":"https:\/\/www.etoro.com\/es\/wp-json\/wp\/v2\/pages\/259968"}],"collection":[{"href":"https:\/\/www.etoro.com\/es\/wp-json\/wp\/v2\/pages"}],"about":[{"href":"https:\/\/www.etoro.com\/es\/wp-json\/wp\/v2\/types\/page"}],"author":[{"embeddable":true,"href":"https:\/\/www.etoro.com\/es\/wp-json\/wp\/v2\/users\/75"}],"replies":[{"embeddable":true,"href":"https:\/\/www.etoro.com\/es\/wp-json\/wp\/v2\/comments?post=259968"}],"version-history":[{"count":0,"href":"https:\/\/www.etoro.com\/es\/wp-json\/wp\/v2\/pages\/259968\/revisions"}],"up":[{"embeddable":true,"href":"https:\/\/www.etoro.com\/es\/wp-json\/wp\/v2\/pages\/259862"}],"wp:featuredmedia":[{"embeddable":true,"href":"https:\/\/www.etoro.com\/es\/wp-json\/wp\/v2\/media\/606413"}],"wp:attachment":[{"href":"https:\/\/www.etoro.com\/es\/wp-json\/wp\/v2\/media?parent=259968"}],"wp:term":[{"taxonomy":"asset_type","embeddable":true,"href":"https:\/\/www.etoro.com\/es\/wp-json\/wp\/v2\/asset_type?post=259968"}],"curies":[{"name":"wp","href":"https:\/\/api.w.org\/{rel}","templated":true}]}}