{"id":326155,"date":"2021-12-28T10:29:19","date_gmt":"2021-12-28T08:29:19","guid":{"rendered":"https:\/\/www.etoro.com\/stocks\/handling-financial-loss-and-recovery-in-the-share-market\/"},"modified":"2025-10-09T12:13:38","modified_gmt":"2025-10-09T09:13:38","slug":"handling-financial-loss-and-recovery-in-the-share-market","status":"publish","type":"page","link":"https:\/\/www.etoro.com\/es\/stocks\/handling-financial-loss-and-recovery-in-the-share-market\/","title":{"rendered":"C\u00f3mo manejar p\u00e9rdidas en eToro"},"content":{"rendered":"\n<p>Para manejar las p\u00e9rdidas financieras, primero tienes que evaluar la situaci\u00f3n y, en consecuencia, ajustar tu estrategia. Para mitigar los riesgos, puedes usar las \u00f3rdenes <em>stop loss<\/em> y llevar un diario de tus operaciones de inversi\u00f3n.<\/p>\n\n\n\n<hr class=\"wp-block-separator wp-block-separator-color-dark-grey wp-block-separator-spaces-medium wp-block-separator-weight-1\"\/>\n\n\n\n<p><strong>Las p\u00e9rdidas econ\u00f3micas son una realidad a la que todos los inversores se deben enfrentar<\/strong>, sin importar su nivel de experiencia. Por lo tanto, es importante que desarrolles estrategias efectivas para gestionar estas p\u00e9rdidas y evitar que alteren tu plan de inversi\u00f3n.<\/p>\n\n\n\n<figure class=\"wp-block-image size-full\"><img loading=\"lazy\" decoding=\"async\" width=\"756\" height=\"400\" src=\"https:\/\/www.etoro.com\/wp-content\/uploads\/2024\/12\/Body-Image-1_-Practical-Steps-to-Manage-Financial-Losses.png\" alt=\"\" class=\"wp-image-967618 wp-image-desktop\" srcset=\"https:\/\/www.etoro.com\/wp-content\/uploads\/2024\/12\/Body-Image-1_-Practical-Steps-to-Manage-Financial-Losses.png 756w, https:\/\/www.etoro.com\/wp-content\/uploads\/2024\/12\/Body-Image-1_-Practical-Steps-to-Manage-Financial-Losses-300x159.png 300w\" sizes=\"(max-width: 756px) 100vw, 756px\" \/><\/figure>\n\n\n\n<h2 class=\"wp-block-heading\">\u00bfQu\u00e9 son las p\u00e9rdidas financieras?<\/h2>\n\n\n\n<p>Las p\u00e9rdidas financieras se dan cuando el valor de los <strong><e-tip data-tooltip=\"Un instrumento financiero con derechos de propiedad, cuyo valor se espera que fluct\u00fae con el tiempo.\">activos<\/e-tip><\/strong> disminuye <strong>por debajo del monto invertido inicialmente<\/strong>.<\/p>\n\n\n\n<p>Estas p\u00e9rdidas pueden surgir tanto por motivos controlables como incontrolables, y afectar a inversores principiantes y experimentados por igual. Asimismo, si inviertes en los mercados financieros, <strong>tarde o temprano tendr\u00e1s que enfrentar p\u00e9rdidas<\/strong>.<\/p>\n\n\n\n<h3 class=\"wp-block-heading\">\u00bfPor qu\u00e9 las p\u00e9rdidas forman parte inevitable de las inversiones?<\/h3>\n\n\n\n<p>Las p\u00e9rdidas forman parte inevitable de las inversiones debido a la <strong>naturaleza impredecible de los mercados<\/strong>.<\/p>\n\n\n\n<p>En un mercado, los precios de los activos est\u00e1n influenciados por una <a href=\"https:\/\/www.etoro.com\/es\/investing\/fundamental-analysis\/\"><strong>multitud de factores fundamentales<\/strong><\/a>, como eventos econ\u00f3micos, decisiones pol\u00edticas, cambios en la demanda de los consumidores y avances tecnol\u00f3gicos, entre otros.<\/p>\n\n\n\n<p>Cualquiera de estas variables puede alterarse de forma inesperada, lo que provoca <strong>fluctuaciones en los precios que tu estrategia inicial no anticip\u00f3<\/strong>.<\/p>\n\n\n\n<h2 class=\"wp-block-heading\">\u00bfCu\u00e1les son las causas comunes de las p\u00e9rdidas financieras?<\/h2>\n\n\n\n<p>Las causas comunes de las p\u00e9rdidas financieras son <strong>los errores propios, la propia volatilidad del mercado y eventos imprevistos e incontrolables<\/strong>.<\/p>\n\n\n\n<ul class=\"wp-block-list wp-block-list wp-block-list-circle\">\n<li><strong>Mala toma de decisiones:<\/strong> estas incluyen errores estrat\u00e9gicos, decisiones con base en emociones y sesgos cognitivos que te hacen desviarte de tu plan de inversi\u00f3n.<\/li>\n\n\n\n<li><strong><e-tip data-tooltip=\"M\u00e9trica que mide las fluctuaciones inesperadas en los precios de los mercados o acciones durante un per\u00edodo espec\u00edfico.\">Volatilidad<\/e-tip><\/strong> <strong>del mercado:<\/strong> la rapidez con la que aumenta o disminuye el precio de un activo puede causar fluctuaciones en el valor de tu cartera. La volatilidad es un fen\u00f3meno natural e incontrolable de los mercados.<\/li>\n\n\n\n<li><a href=\"https:\/\/www.bbc.com\/mundo\/noticias-58482832\" target=\"_blank\" rel=\"noreferrer noopener\"><strong>Eventos imprevistos<\/strong><\/a><strong>:<\/strong> estos abarcan crisis a nivel global, cambios pol\u00edticos o noticias inesperadas de una empresa que pueden impactar dr\u00e1sticamente el desempe\u00f1o de tu cartera. No hay mucho que puedas hacer para prever estos eventos.<\/li>\n<\/ul>\n\n\n\n<blockquote class=\"wp-block-quote wp-block-quote-scheme-green is-layout-flow wp-block-quote-is-layout-flow\">\n<p>\u00abComo las p\u00e9rdidas son una eventualidad y no una cuesti\u00f3n de si suceder\u00e1n, es importante que desarrolles una mentalidad resiliente para afrontarlas\u00bb.<\/p>\n<\/blockquote>\n\n\n\n<h3 class=\"wp-block-heading\">\u00bfCu\u00e1les son los pasos para manejar las p\u00e9rdidas financieras en eToro?<\/h3>\n\n\n\n<p>Los pasos pr\u00e1cticos para manejar las p\u00e9rdidas financieras incluyen: <strong>evaluar la situaci\u00f3n, ajustar tu estrategia, usar \u00f3rdenes <\/strong><strong><em>stop loss<\/em><\/strong><strong>&nbsp;y llevar un diario de inversi\u00f3n. <\/strong>Analicemos en detalle cada paso.<\/p>\n\n\n\n<figure class=\"wp-block-image size-full\"><img loading=\"lazy\" decoding=\"async\" width=\"756\" height=\"400\" src=\"https:\/\/www.etoro.com\/wp-content\/uploads\/2024\/12\/Body-Image-2_-Emotional-Resilience-and-Loss-Management.png\" alt=\"\" class=\"wp-image-967594 wp-image-desktop\" srcset=\"https:\/\/www.etoro.com\/wp-content\/uploads\/2024\/12\/Body-Image-2_-Emotional-Resilience-and-Loss-Management.png 756w, https:\/\/www.etoro.com\/wp-content\/uploads\/2024\/12\/Body-Image-2_-Emotional-Resilience-and-Loss-Management-300x159.png 300w\" sizes=\"(max-width: 756px) 100vw, 756px\" \/><\/figure>\n\n\n\n<h3 class=\"wp-block-heading\">Eval\u00faa la situaci\u00f3n<\/h3>\n\n\n\n<p>Al afrontar una p\u00e9rdida en tus inversiones, lo primero que debes hacer es analizar detenidamente <strong>los motivos que la causaron.<\/strong><\/p>\n\n\n\n<p>\u00bfHubo un cambio inesperado en las condiciones del mercado? \u00bfTu estrategia present\u00f3 debilidades? \u00bfO tal vez un suceso externo, como una noticia econ\u00f3mica o pol\u00edtica, influy\u00f3 negativamente? <strong>Trata de entender la ra\u00edz del problema para ajustar tus t\u00e1cticas.<\/strong><\/p>\n\n\n\n<div class=\"wp-block-etoro-tip wp-block-etoro-tip-border-yellow\"><span class=\"wp-block-etoro-tip-icon\"><\/span><div class=\"wp-block-etoro-tip-text\">\n<p><strong>Consejo: <\/strong>al corregir tus errores, enf\u00f3cate en los factores que puedes controlar, en lugar de pensar en lo incontrolable.<\/p>\n<\/div><\/div>\n\n\n\n<h3 class=\"wp-block-heading\">Ajusta tu estrategia<\/h3>\n\n\n\n<p>Despu\u00e9s de determinar la causa de tu p\u00e9rdida, aseg\u00farate de revisar y, si es necesario, <strong>ajustar tu estrategia de inversi\u00f3n<\/strong>. Podr\u00edas considerar <a href=\"https:\/\/www.etoro.com\/es\/investing\/exploring-alternative-investments\/\">diversificar tus inversiones<\/a>, mejorar tus m\u00e9todos de gesti\u00f3n de riesgos o explorar alternativas de inversi\u00f3n que se alineen mejor con tus objetivos financieros.<\/p>\n\n\n\n<h3 class=\"wp-block-heading\">Usa \u00f3rdenes stop loss<\/h3>\n\n\n\n<p>Las <a href=\"https:\/\/help.etoro.com\/s\/article\/what-is-stop-loss?language=es\"><strong>\u00f3rdenes <em>stop loss<\/em><\/strong><\/a> son una manera efectiva de minimizar las posibles p\u00e9rdidas en tus inversiones. Esta herramienta te permite establecer un precio espec\u00edfico al cual el <strong><em><e-tip data-tooltip=\"Empresa que brinda acceso a una diversidad de clases de activos a quienes desean hacer trading o invertir.\">br\u00f3ker<\/e-tip><\/em><\/strong> cerrar\u00e1 autom\u00e1ticamente tu posici\u00f3n en un activo. De esa forma, evitas que las p\u00e9rdidas se incrementen si el mercado se mueve en tu contra.<\/p>\n\n\n\n<p>Por ejemplo, si compras una acci\u00f3n a 100 \u20ac y configuras un <em>stop loss<\/em> a 90 \u20ac, la orden se ejecutar\u00e1 autom\u00e1ticamente si el precio baja a ese nivel, <strong>lo cual limita tu p\u00e9rdida a 10 \u20ac.<\/strong><\/p>\n\n\n\n<h3 class=\"wp-block-heading\">Lleva un diario de inversi\u00f3n<\/h3>\n\n\n\n<p>Mantener un registro detallado de tus operaciones de inversi\u00f3n puede ayudarte a mejorar significativamente tu proceso de aprendizaje. Si anotas cada transacci\u00f3n, incluidos el motivo de tu decisi\u00f3n, las condiciones del mercado en ese momento y los resultados obtenidos, <strong>podr\u00e1s identificar patrones en tus comportamientos.<\/strong><\/p>\n\n\n\n<h2 class=\"wp-block-heading\">Resiliencia emocional y manejo de p\u00e9rdidas<\/h2>\n\n\n\n<p>Como las p\u00e9rdidas son una eventualidad y no se sabe cuando ocurrir\u00e1n, es importante que desarrolles una <strong>mentalidad resiliente<\/strong> para afrontarlas. Ahora, veremos algunos consejos para fortalecerte emocionalmente ante las p\u00e9rdidas.<\/p>\n\n\n\n<figure class=\"wp-block-image size-full\"><img loading=\"lazy\" decoding=\"async\" width=\"756\" height=\"400\" src=\"https:\/\/www.etoro.com\/wp-content\/uploads\/2024\/12\/Body-Image-3_-Learning-from-Losses.png\" alt=\"\" class=\"wp-image-967572 wp-image-desktop\" srcset=\"https:\/\/www.etoro.com\/wp-content\/uploads\/2024\/12\/Body-Image-3_-Learning-from-Losses.png 756w, https:\/\/www.etoro.com\/wp-content\/uploads\/2024\/12\/Body-Image-3_-Learning-from-Losses-300x159.png 300w\" sizes=\"(max-width: 756px) 100vw, 756px\" \/><\/figure>\n\n\n\n<h3 class=\"wp-block-heading\">Mant\u00e9n la calma y la compostura<\/h3>\n\n\n\n<p>Gestionar tus emociones es esencial cuando experimentas p\u00e9rdidas financieras. Sentir ansiedad o entrar en p\u00e1nico puede llevarte a tomar <strong>decisiones impulsivas<\/strong> que da\u00f1en a\u00fan m\u00e1s tu cartera.<\/p>\n\n\n\n<p>Para mantener la calma, puedes practicar <a href=\"https:\/\/medlineplus.gov\/spanish\/ency\/patientinstructions\/000874.htm\" target=\"_blank\" rel=\"noreferrer noopener\"><strong>t\u00e9cnicas de respiraci\u00f3n profunda o meditaci\u00f3n<\/strong><\/a>, que ayudan a reducir el estr\u00e9s y mejorar tu concentraci\u00f3n.<\/p>\n\n\n\n<h3 class=\"wp-block-heading\">Importancia de la perspectiva<\/h3>\n\n\n\n<p>Es importante que mantengas una <strong>visi\u00f3n clara de tus <\/strong><a href=\"https:\/\/www.etoro.com\/es\/investing\/why-should-i-start-investing\/\"><strong>objetivos de inversi\u00f3n<\/strong><\/a><strong> <\/strong>cuando enfrentas p\u00e9rdidas financieras.<\/p>\n\n\n\n<p>La inversi\u00f3n es un proceso que se construye a lo largo del tiempo, por lo que es importante <strong>no dejar que contratiempos temporales nublen tus metas a largo plazo<\/strong>. Adopta una actitud de paciencia y equilibrio para superar esos momentos dif\u00edciles y mantener el enfoque en tu estrategia.<\/p>\n\n\n\n<h3 class=\"wp-block-heading\">Aprender de las p\u00e9rdidas<\/h3>\n\n\n\n<p><mark>Cada contratiempo en tus inversiones se presenta como una lecci\u00f3n valiosa para tu desarrollo como inversor. Preg\u00fantate qu\u00e9 condiciones del mercado cambiaron inesperadamente y c\u00f3mo podr\u00edas anticiparte mejor a estos cambios en el futuro.<\/mark><\/p>\n\n\n\n<h2 class=\"wp-block-heading\">Reflexiones finales<\/h2>\n\n\n\n<p>Las p\u00e9rdidas financieras no son el final, sino oportunidades valiosas para mejorar tu estrategia y desarrollar una mayor resiliencia, <strong>lo que te convertir\u00e1 en un inversor con m\u00e1s sabidur\u00eda.<\/strong><\/p>\n\n\n\n<p>Analizar en profundidad las causas de cada p\u00e9rdida para identificar aspectos de tu m\u00e9todo de inversi\u00f3n que necesitan ajuste y <strong>evitar los mismos errores en el futuro.<\/strong><\/p>\n\n\n\n<p>Visita la <a href=\"https:\/\/www.etoro.com\/es\/academy\/\">Academia de eToro<\/a> para <strong>desarrollar tus habilidades de inversi\u00f3n<\/strong>.<\/p>\n\n\n\n<h2 class=\"wp-block-heading\">Preguntas frecuentes<\/h2>\n\n\n\n<dl class=\"wp-block-etoro-faq\">\n<div class=\"wp-block-etoro-faq-item\"><dt class=\"wp-block-etoro-faq-item-question\">\u00bfDeber\u00eda duplicar mi posici\u00f3n para tratar de recuperar mis p\u00e9rdidas?<\/dt><dd class=\"wp-block-etoro-faq-item-answer\">\n<p>No. Aunque esta estrategia puede parecer una soluci\u00f3n r\u00e1pida para equilibrar las p\u00e9rdidas, conlleva un alto nivel de riesgo. Si el mercado contin\u00faa movi\u00e9ndose en tu contra, las p\u00e9rdidas pueden incrementarse significativamente. En estos casos, es recomendable que <a href=\"https:\/\/www.etoro.com\/es\/investing\/investment-strategies\/\">reeval\u00faes tu estrategia de inversi\u00f3n<\/a>.<\/p>\n<\/dd><\/div>\n\n\n\n<div class=\"wp-block-etoro-faq-item\"><dt class=\"wp-block-etoro-faq-item-question\">\u00bfC\u00f3mo puedo prevenir p\u00e9rdidas en eToro?<\/dt><dd class=\"wp-block-etoro-faq-item-answer\">\n<p>Para prevenir p\u00e9rdidas en eToro, tienes que adoptar una <a href=\"https:\/\/www.etoro.com\/es\/investing\/risk-management\/\">gesti\u00f3n de riesgos efectiva<\/a>. Esto implica definir claramente cu\u00e1nto quieres arriesgar en cada operaci\u00f3n y no exceder ese l\u00edmite. Adem\u00e1s, diversificar tu cartera con diferentes tipos de activos puede reducir el impacto de una mala inversi\u00f3n espec\u00edfica.<\/p>\n<\/dd><\/div>\n\n\n\n<div class=\"wp-block-etoro-faq-item\"><dt class=\"wp-block-etoro-faq-item-question\">\u00bfEs posible recuperarse de un gran rev\u00e9s financiero?<\/dt><dd class=\"wp-block-etoro-faq-item-answer\">\n<p>S\u00ed. Recuperarse de una p\u00e9rdida financiera notable es completamente factible. Lo primero es mantener una visi\u00f3n objetiva de tu situaci\u00f3n econ\u00f3mica y ajustar tu cartera con <a href=\"https:\/\/www.etoro.com\/es\/investing\/how-to-pick-stocks\/\">inversiones bien fundamentadas<\/a>. Es importante que tengas una mentalidad resiliente para lograr este objetivo.<\/p>\n<\/dd><\/div>\n<\/dl>\n\n\n\n\t\t<style>\n\t\t\t.rtl .etoro-block-shortcode-disclaimer {\n\t\t\t\ttext-align:right;\n\t\t\t}\n\t\t\t.etoro-block-shortcode-disclaimer {\n\t\t\t\tmargin-bottom:18px;\n\t\t\t\ttext-align:left;\n\t\t\t}\n\t\t\t.etoro-block-shortcode-disclaimer p{\n\t\t\t\tfont-size: 12px;\n\t\t\t\tline-height: 18px;\n\t\t\t}\n\t\t\t@media (min-width: 768px) {\n\t\t\t\t.etoro-block-shortcode-disclaimer {\n\t\t\t\t\tmax-width:1176px;\n\t\t\t\t\ttext-align:center;\n\t\t\t\t}\n\t\t\t\t.etoro-block-shortcode-disclaimer p {\n\t\t\t\t\tfont-size: 14px;\n\t\t\t\t\tline-height: 20px;\n\t\t\t\t}\n\t\t\t}\n\t\t<\/style>\n\t\t<div class='etoro-block-shortcode-disclaimer'><p>Esta informaci\u00f3n es \u00fanicamente para fines educativos y no debe interpretarse como un consejo de inversi\u00f3n, una recomendaci\u00f3n personalizada, una oferta o una solicitud para comprar o vender instrumentos financieros.<\/p>\n<p>Este material se ha preparado sin considerar objetivos de inversi\u00f3n o situaciones financieras particulares. Adem\u00e1s, no cumple con los requisitos legales y regulatorios que promueven la investigaci\u00f3n independiente.<\/p>\n<p><strong>No todos los servicios e instrumentos financieros mencionados est\u00e1n disponibles en eToro.<\/strong> Cualquier referencia al rendimiento pasado de un instrumento financiero, \u00edndice o producto de inversi\u00f3n consolidado no es, ni debe considerarse, un indicador fiable de resultados futuros. <strong>La disponibilidad de todos los productos y servicios mencionados puede variar seg\u00fan la jurisdicci\u00f3n y el pa\u00eds.<\/strong><\/p>\n<p>eToro no se responsabiliza ni asume ninguna obligaci\u00f3n por la precisi\u00f3n o integridad del contenido de esta gu\u00eda. Aseg\u00farate de comprender los riesgos asociados con la inversi\u00f3n antes de comprometer tu capital. Nunca arriesgues m\u00e1s de lo que puedas permitirte perder.<\/p>\n<\/div>\n","protected":false},"excerpt":{"rendered":"<p>Para manejar las p\u00e9rdidas financieras, primero tienes que evaluar la situaci\u00f3n y, en consecuencia, ajustar tu estrategia. Para mitigar los riesgos, puedes usar las \u00f3rdenes stop loss y llevar un diario de tus operaciones de inversi\u00f3n. Las p\u00e9rdidas econ\u00f3micas son una realidad a la que todos los inversores se deben enfrentar, sin importar su nivel&hellip;<\/p>\n","protected":false},"author":39,"featured_media":980715,"parent":58745,"menu_order":0,"comment_status":"closed","ping_status":"closed","template":"","meta":{"_acf_changed":false,"inline_featured_image":false,"sticky_cta_settings":"","footnotes":""},"asset_type":[],"class_list":["post-326155","page","type-page","status-publish","has-post-thumbnail","hentry"],"acf":[],"yoast_head":"<title>C\u00f3mo manejar p\u00e9rdidas financieras en eToro<\/title>\n<meta name=\"description\" content=\"Descubre estrategias para manejar p\u00e9rdidas financieras en eToro. Aprende a mantener la calma, reevaluar tu estrategia y convertir contratiempos en aprendizaje.\" \/>\n<meta name=\"robots\" content=\"index, follow, max-snippet:-1, max-image-preview:large, max-video-preview:-1\" \/>\n<link rel=\"canonical\" href=\"https:\/\/www.etoro.com\/es\/wp-json\/wp\/v2\/pages\/326155\" \/>\n<meta property=\"og:locale\" content=\"es_ES\" \/>\n<meta property=\"og:type\" content=\"article\" \/>\n<meta property=\"og:title\" content=\"C\u00f3mo manejar p\u00e9rdidas financieras en eToro\" \/>\n<meta property=\"og:description\" content=\"Descubre estrategias para manejar p\u00e9rdidas financieras en eToro. Aprende a mantener la calma, reevaluar tu estrategia y convertir contratiempos en aprendizaje.\" \/>\n<meta property=\"og:url\" content=\"https:\/\/www.etoro.com\/es\/wp-json\/wp\/v2\/pages\/326155\" \/>\n<meta property=\"og:site_name\" content=\"eToro\" \/>\n<meta property=\"article:publisher\" content=\"https:\/\/www.facebook.com\/eToro\/\" \/>\n<meta property=\"article:modified_time\" content=\"2025-10-09T09:13:38+00:00\" \/>\n<meta property=\"og:image\" content=\"https:\/\/www.etoro.com\/wp-content\/uploads\/2025\/01\/ES-Managing-Financial-Losses-on-eToro__1200x630.png\" \/>\n\t<meta property=\"og:image:width\" content=\"1200\" \/>\n\t<meta property=\"og:image:height\" content=\"630\" \/>\n\t<meta property=\"og:image:type\" content=\"image\/png\" \/>\n<meta name=\"twitter:card\" content=\"summary_large_image\" \/>\n<meta name=\"twitter:site\" content=\"@eToro\" \/>\n<meta name=\"twitter:label1\" content=\"Est. reading time\" \/>\n\t<meta name=\"twitter:data1\" content=\"6 minutes\" \/>\n<script type=\"application\/ld+json\" class=\"yoast-schema-graph\">{\"@context\":\"https:\/\/schema.org\",\"@graph\":[{\"@type\":\"WebPage\",\"@id\":\"https:\/\/www.etoro.com\/es\/stocks\/handling-financial-loss-and-recovery-in-the-share-market\/\",\"url\":\"https:\/\/www.etoro.com\/es\/stocks\/handling-financial-loss-and-recovery-in-the-share-market\/\",\"name\":\"C\u00f3mo manejar p\u00e9rdidas financieras en eToro\",\"isPartOf\":{\"@id\":\"https:\/\/www.etoro.com\/es\/#website\"},\"primaryImageOfPage\":{\"@id\":\"https:\/\/www.etoro.com\/es\/stocks\/handling-financial-loss-and-recovery-in-the-share-market\/#primaryimage\"},\"image\":{\"@id\":\"https:\/\/www.etoro.com\/es\/stocks\/handling-financial-loss-and-recovery-in-the-share-market\/#primaryimage\"},\"thumbnailUrl\":\"https:\/\/www.etoro.com\/wp-content\/uploads\/2025\/01\/ES-Managing-Financial-Losses-on-eToro__1200x630.png\",\"datePublished\":\"2021-12-28T08:29:19+00:00\",\"dateModified\":\"2025-10-09T09:13:38+00:00\",\"description\":\"Descubre estrategias para manejar p\u00e9rdidas financieras en eToro. Aprende a mantener la calma, reevaluar tu estrategia y convertir contratiempos en aprendizaje.\",\"breadcrumb\":{\"@id\":\"https:\/\/www.etoro.com\/es\/stocks\/handling-financial-loss-and-recovery-in-the-share-market\/#breadcrumb\"},\"inLanguage\":\"es\",\"potentialAction\":[{\"@type\":\"ReadAction\",\"target\":[\"https:\/\/www.etoro.com\/es\/stocks\/handling-financial-loss-and-recovery-in-the-share-market\/\"]}]},{\"@type\":\"ImageObject\",\"inLanguage\":\"es\",\"@id\":\"https:\/\/www.etoro.com\/es\/stocks\/handling-financial-loss-and-recovery-in-the-share-market\/#primaryimage\",\"url\":\"https:\/\/www.etoro.com\/wp-content\/uploads\/2025\/01\/ES-Managing-Financial-Losses-on-eToro__1200x630.png\",\"contentUrl\":\"https:\/\/www.etoro.com\/wp-content\/uploads\/2025\/01\/ES-Managing-Financial-Losses-on-eToro__1200x630.png\",\"width\":1200,\"height\":630},{\"@type\":\"BreadcrumbList\",\"@id\":\"https:\/\/www.etoro.com\/es\/stocks\/handling-financial-loss-and-recovery-in-the-share-market\/#breadcrumb\",\"itemListElement\":[{\"@type\":\"ListItem\",\"position\":1,\"name\":\"Inicio\",\"item\":\"https:\/\/www.etoro.com\/es\/\"},{\"@type\":\"ListItem\",\"position\":2,\"name\":\"Acciones\",\"item\":\"https:\/\/www.etoro.com\/es\/stocks\/\"},{\"@type\":\"ListItem\",\"position\":3,\"name\":\"C\u00f3mo manejar p\u00e9rdidas en eToro\"}]},{\"@type\":\"WebSite\",\"@id\":\"https:\/\/www.etoro.com\/es\/#website\",\"url\":\"https:\/\/www.etoro.com\/es\/\",\"name\":\"eToro\",\"description\":\"\",\"publisher\":{\"@id\":\"https:\/\/www.etoro.com\/es\/#organization\"},\"potentialAction\":[{\"@type\":\"SearchAction\",\"target\":{\"@type\":\"EntryPoint\",\"urlTemplate\":\"https:\/\/www.etoro.com\/es\/?s={search_term_string}\"},\"query-input\":{\"@type\":\"PropertyValueSpecification\",\"valueRequired\":true,\"valueName\":\"search_term_string\"}}],\"inLanguage\":\"es\"},[]]}<\/script>","yoast_head_json":{"title":"C\u00f3mo manejar p\u00e9rdidas financieras en eToro","description":"Descubre estrategias para manejar p\u00e9rdidas financieras en eToro. Aprende a mantener la calma, reevaluar tu estrategia y convertir contratiempos en aprendizaje.","robots":{"index":"index","follow":"follow","max-snippet":"max-snippet:-1","max-image-preview":"max-image-preview:large","max-video-preview":"max-video-preview:-1"},"canonical":"https:\/\/www.etoro.com\/es\/wp-json\/wp\/v2\/pages\/326155","og_locale":"es_ES","og_type":"article","og_title":"C\u00f3mo manejar p\u00e9rdidas financieras en eToro","og_description":"Descubre estrategias para manejar p\u00e9rdidas financieras en eToro. Aprende a mantener la calma, reevaluar tu estrategia y convertir contratiempos en aprendizaje.","og_url":"https:\/\/www.etoro.com\/es\/wp-json\/wp\/v2\/pages\/326155","og_site_name":"eToro","article_publisher":"https:\/\/www.facebook.com\/eToro\/","article_modified_time":"2025-10-09T09:13:38+00:00","og_image":[{"width":1200,"height":630,"url":"https:\/\/www.etoro.com\/wp-content\/uploads\/2025\/01\/ES-Managing-Financial-Losses-on-eToro__1200x630.png","type":"image\/png"}],"twitter_card":"summary_large_image","twitter_site":"@eToro","twitter_misc":{"Est. reading time":"6 minutes"},"schema":{"@context":"https:\/\/schema.org","@graph":[{"@type":"WebPage","@id":"https:\/\/www.etoro.com\/es\/stocks\/handling-financial-loss-and-recovery-in-the-share-market\/","url":"https:\/\/www.etoro.com\/es\/stocks\/handling-financial-loss-and-recovery-in-the-share-market\/","name":"C\u00f3mo manejar p\u00e9rdidas financieras en eToro","isPartOf":{"@id":"https:\/\/www.etoro.com\/es\/#website"},"primaryImageOfPage":{"@id":"https:\/\/www.etoro.com\/es\/stocks\/handling-financial-loss-and-recovery-in-the-share-market\/#primaryimage"},"image":{"@id":"https:\/\/www.etoro.com\/es\/stocks\/handling-financial-loss-and-recovery-in-the-share-market\/#primaryimage"},"thumbnailUrl":"https:\/\/www.etoro.com\/wp-content\/uploads\/2025\/01\/ES-Managing-Financial-Losses-on-eToro__1200x630.png","datePublished":"2021-12-28T08:29:19+00:00","dateModified":"2025-10-09T09:13:38+00:00","description":"Descubre estrategias para manejar p\u00e9rdidas financieras en eToro. Aprende a mantener la calma, reevaluar tu estrategia y convertir contratiempos en aprendizaje.","breadcrumb":{"@id":"https:\/\/www.etoro.com\/es\/stocks\/handling-financial-loss-and-recovery-in-the-share-market\/#breadcrumb"},"inLanguage":"es","potentialAction":[{"@type":"ReadAction","target":["https:\/\/www.etoro.com\/es\/stocks\/handling-financial-loss-and-recovery-in-the-share-market\/"]}]},{"@type":"ImageObject","inLanguage":"es","@id":"https:\/\/www.etoro.com\/es\/stocks\/handling-financial-loss-and-recovery-in-the-share-market\/#primaryimage","url":"https:\/\/www.etoro.com\/wp-content\/uploads\/2025\/01\/ES-Managing-Financial-Losses-on-eToro__1200x630.png","contentUrl":"https:\/\/www.etoro.com\/wp-content\/uploads\/2025\/01\/ES-Managing-Financial-Losses-on-eToro__1200x630.png","width":1200,"height":630},{"@type":"BreadcrumbList","@id":"https:\/\/www.etoro.com\/es\/stocks\/handling-financial-loss-and-recovery-in-the-share-market\/#breadcrumb","itemListElement":[{"@type":"ListItem","position":1,"name":"Inicio","item":"https:\/\/www.etoro.com\/es\/"},{"@type":"ListItem","position":2,"name":"Acciones","item":"https:\/\/www.etoro.com\/es\/stocks\/"},{"@type":"ListItem","position":3,"name":"C\u00f3mo manejar p\u00e9rdidas en eToro"}]},{"@type":"WebSite","@id":"https:\/\/www.etoro.com\/es\/#website","url":"https:\/\/www.etoro.com\/es\/","name":"eToro","description":"","publisher":{"@id":"https:\/\/www.etoro.com\/es\/#organization"},"potentialAction":[{"@type":"SearchAction","target":{"@type":"EntryPoint","urlTemplate":"https:\/\/www.etoro.com\/es\/?s={search_term_string}"},"query-input":{"@type":"PropertyValueSpecification","valueRequired":true,"valueName":"search_term_string"}}],"inLanguage":"es"},[]]}},"_links":{"self":[{"href":"https:\/\/www.etoro.com\/es\/wp-json\/wp\/v2\/pages\/326155"}],"collection":[{"href":"https:\/\/www.etoro.com\/es\/wp-json\/wp\/v2\/pages"}],"about":[{"href":"https:\/\/www.etoro.com\/es\/wp-json\/wp\/v2\/types\/page"}],"author":[{"embeddable":true,"href":"https:\/\/www.etoro.com\/es\/wp-json\/wp\/v2\/users\/39"}],"replies":[{"embeddable":true,"href":"https:\/\/www.etoro.com\/es\/wp-json\/wp\/v2\/comments?post=326155"}],"version-history":[{"count":0,"href":"https:\/\/www.etoro.com\/es\/wp-json\/wp\/v2\/pages\/326155\/revisions"}],"up":[{"embeddable":true,"href":"https:\/\/www.etoro.com\/es\/wp-json\/wp\/v2\/pages\/58745"}],"wp:featuredmedia":[{"embeddable":true,"href":"https:\/\/www.etoro.com\/es\/wp-json\/wp\/v2\/media\/980715"}],"wp:attachment":[{"href":"https:\/\/www.etoro.com\/es\/wp-json\/wp\/v2\/media?parent=326155"}],"wp:term":[{"taxonomy":"asset_type","embeddable":true,"href":"https:\/\/www.etoro.com\/es\/wp-json\/wp\/v2\/asset_type?post=326155"}],"curies":[{"name":"wp","href":"https:\/\/api.w.org\/{rel}","templated":true}]}}