{"id":330396,"date":"2022-02-16T16:59:45","date_gmt":"2022-02-16T14:59:45","guid":{"rendered":"https:\/\/www.etoro.com\/customer-service\/regulation-license\/es-risk-warning\/"},"modified":"2025-01-05T12:51:31","modified_gmt":"2025-01-05T10:51:31","slug":"es-risk-warning","status":"publish","type":"page","link":"https:\/\/www.etoro.com\/es\/customer-service\/regulation-license\/es-risk-warning\/","title":{"rendered":"Declaraci\u00f3n de riesgos de los activos para Espa\u00f1a"},"content":{"rendered":"<h2><strong>Advertencia de riesgos de criptoactivos<\/strong><\/h2>\n<h3><strong>Producto de inversi\u00f3n de alto riesgo<\/strong><\/h3>\n<p>El valor de las inversiones y el rendimiento obtenido de las mismas puede experimentar significativas variaciones al alza y a la baja, pudiendo perderse la totalidad del importe invertido.<\/p>\n<p>Las inversiones en proyectos en etapas tempranas suponen un alto nivel de riesgo, por lo que resulta necesario entender adecuadamente su modelo de negocio.<\/p>\n<p>Los criptoactivos no est\u00e1n cubiertos por mecanismos de protecci\u00f3n al cliente como el Fondo de Garant\u00eda de Dep\u00f3sitos o el Fondo de Garant\u00eda de Inversores.<\/p>\n<p>Los precios de los criptoactivos se constituyen en ausencia de mecanismos que aseguren su correcta formaci\u00f3n, como los presentes en los mercados regulados de valores.<\/p>\n<p>Muchos criptoactivos pueden verse carentes de la liquidez necesaria para poder deshacer una inversi\u00f3n sin sufrir p\u00e9rdidas significativas, dado que su circulaci\u00f3n entre inversores, tanto minoristas como profesionales, puede ser muy limitada.<\/p>\n<h3><strong>Riesgos propios de la tecnolog\u00eda<\/strong><\/h3>\n<p>Las tecnolog\u00edas de registros distribuidos se encuentran todav\u00eda en un estadio temprano de maduraci\u00f3n, habiendo sido muchas de estas redes creadas recientemente, por lo que pueden no estar suficientemente probadas y existir fallos significativos en su funcionamiento y seguridad.<\/p>\n<p>El registro de las transacciones en las redes basadas en tecnolog\u00edas de registros distribuidos funciona a trav\u00e9s de protocolos de consenso que pueden ser susceptibles a ataques que intenten modificar dicho registro y, en caso de tener \u00e9xito estos ataques, no existir\u00eda un registro alternativo que respalde dichas transacciones ni por tanto a los saldos correspondientes a las claves p\u00fablicas, pudi\u00e9ndose perder la totalidad de los criptoactivos.<\/p>\n<p>Las facilidades de anonimato que pueden aportar los criptoactivos los convierten en un objetivo para los ciberdelincuentes, ya que en el caso de robar credenciales o claves privadas pueden transferir los criptoactivos a direcciones que dificulten o impidan su recuperaci\u00f3n.<\/p>\n<p>La custodia de los criptoactivos es uno de los principales factores de riesgo que deben tenerse en cuenta, ya que los criptoactivos pueden perderse en su totalidad en el caso de robo o p\u00e9rdida de las claves privadas. Como se explica a continuaci\u00f3n en el apartado de Riesgos legales, los criptoactivos son custodiados en monederos digitales (\u00abwallets\u00bb) globales y colectivos (monederos \u00f3mnibus) a nombre eToro (Europe) Ltd actuando por cuenta de sus clientes, y las claves privadas de estos monederos globales no son facilitadas a los clientes, por lo que se reduce el riesgo de robo o p\u00e9rdida de las claves privadas por parte de los clientes. eToro (Europe) Ltd es la entidad que custodia los criptoactivos de los clientes, realizando la custodia en Chipre y bajo la legislaci\u00f3n de Chipre.<\/p>\n<h3><strong>Riesgos legales<\/strong><\/h3>\n<p>La aceptaci\u00f3n de los criptoactivos como medio de cambio es a\u00fan muy limitada y no existe obligaci\u00f3n legal de aceptarlos.<\/p>\n<p>Cuando el proveedor de servicios no se encuentra localizado en un pa\u00eds de la Uni\u00f3n Europea la resoluci\u00f3n de cualquier conflicto podr\u00eda resultar costosa y quedar fuera del \u00e1mbito de competencia de las autoridades espa\u00f1olas.<\/p>\n<p>Los criptoactivos adquiridos a trav\u00e9s de la plataforma de eToro son custodiados en monederos digitales (\u00abwallets\u00bb) globales y colectivos (monederos \u00f3mnibus) a nombre eToro (Europe) Ltd actuando por cuenta de sus clientes y las claves privadas de estos monederos globales no son facilitadas a los clientes. Los monederos digitales empleados para la custodia de los criptoactivos de los clientes est\u00e1n separados y segregados de los monederos digitales empleados para la custodia de los criptoactivos adquiridos por eToro (Europe) Ltd para su cartera propia.<\/p>\n<p>Los clientes ostentan todos los derechos y beneficios derivados de la propiedad de los criptoactivos que son custodiados por eToro (Europe) Ltd por cuenta de los clientes. Los clientes tienen acceso online a los criptoactivos de su propiedad a trav\u00e9s de la plataforma de eToro, como se indica en los t\u00e9rminos y condiciones de este servicio.<\/p>\n","protected":false},"excerpt":{"rendered":"<p>Advertencia de riesgos de criptoactivos Producto de inversi\u00f3n de alto riesgo El valor de las inversiones y el rendimiento obtenido de las mismas puede experimentar significativas variaciones al alza y a la baja, pudiendo perderse la totalidad del importe invertido. Las inversiones en proyectos en etapas tempranas suponen un alto nivel de riesgo, por lo&hellip;<\/p>\n","protected":false},"author":75,"featured_media":0,"parent":10724,"menu_order":0,"comment_status":"closed","ping_status":"closed","template":"","meta":{"_acf_changed":false,"inline_featured_image":false,"sticky_cta_settings":"","footnotes":""},"asset_type":[],"class_list":["post-330396","page","type-page","status-publish","hentry"],"acf":[],"yoast_head":"<title>Declaraci\u00f3n de riesgos de los activos para Espa\u00f1a | eToro<\/title>\n<meta name=\"description\" content=\"eToro ofrece diversos servicios financieros en Espa\u00f1a. Lea las advertencias sobre riesgos y las exenciones de responsabilidad para operar e invertir en criptoactivos.\" \/>\n<meta name=\"robots\" content=\"index, follow, max-snippet:-1, max-image-preview:large, max-video-preview:-1\" \/>\n<link rel=\"canonical\" href=\"https:\/\/www.etoro.com\/es\/wp-json\/wp\/v2\/pages\/330396\" \/>\n<meta property=\"og:locale\" content=\"es_ES\" \/>\n<meta property=\"og:type\" content=\"article\" \/>\n<meta property=\"og:title\" content=\"Declaraci\u00f3n de riesgos de los activos para Espa\u00f1a | eToro\" \/>\n<meta property=\"og:description\" content=\"eToro ofrece diversos servicios financieros en Espa\u00f1a. Lea las advertencias sobre riesgos y las exenciones de responsabilidad para operar e invertir en criptoactivos.\" \/>\n<meta property=\"og:url\" content=\"https:\/\/www.etoro.com\/es\/wp-json\/wp\/v2\/pages\/330396\" \/>\n<meta property=\"og:site_name\" content=\"eToro\" \/>\n<meta property=\"article:publisher\" content=\"https:\/\/www.facebook.com\/eToro\/\" \/>\n<meta property=\"article:modified_time\" content=\"2025-01-05T10:51:31+00:00\" \/>\n<meta property=\"og:image\" content=\"https:\/\/www.etoro.com\/wp-content\/uploads\/2019\/12\/etoro_logo_social_share1.png\" \/>\n\t<meta property=\"og:image:width\" content=\"240\" \/>\n\t<meta property=\"og:image:height\" content=\"240\" \/>\n\t<meta property=\"og:image:type\" content=\"image\/png\" \/>\n<meta name=\"twitter:card\" content=\"summary_large_image\" \/>\n<meta name=\"twitter:site\" content=\"@eToro\" \/>\n<meta name=\"twitter:label1\" content=\"Est. reading time\" \/>\n\t<meta name=\"twitter:data1\" content=\"3 minutes\" \/>\n<script type=\"application\/ld+json\" class=\"yoast-schema-graph\">{\"@context\":\"https:\/\/schema.org\",\"@graph\":[{\"@type\":\"WebPage\",\"@id\":\"https:\/\/www.etoro.com\/es\/customer-service\/regulation-license\/es-risk-warning\/\",\"url\":\"https:\/\/www.etoro.com\/es\/customer-service\/regulation-license\/es-risk-warning\/\",\"name\":\"Declaraci\u00f3n de riesgos de los activos para Espa\u00f1a | eToro\",\"isPartOf\":{\"@id\":\"https:\/\/www.etoro.com\/es\/#website\"},\"datePublished\":\"2022-02-16T14:59:45+00:00\",\"dateModified\":\"2025-01-05T10:51:31+00:00\",\"description\":\"eToro ofrece diversos servicios financieros en Espa\u00f1a. Lea las advertencias sobre riesgos y las exenciones de responsabilidad para operar e invertir en criptoactivos.\",\"breadcrumb\":{\"@id\":\"https:\/\/www.etoro.com\/es\/customer-service\/regulation-license\/es-risk-warning\/#breadcrumb\"},\"inLanguage\":\"es\",\"potentialAction\":[{\"@type\":\"ReadAction\",\"target\":[\"https:\/\/www.etoro.com\/es\/customer-service\/regulation-license\/es-risk-warning\/\"]}]},{\"@type\":\"BreadcrumbList\",\"@id\":\"https:\/\/www.etoro.com\/es\/customer-service\/regulation-license\/es-risk-warning\/#breadcrumb\",\"itemListElement\":[{\"@type\":\"ListItem\",\"position\":1,\"name\":\"Inicio\",\"item\":\"https:\/\/www.etoro.com\/es\/\"},{\"@type\":\"ListItem\",\"position\":2,\"name\":\"ATENCI\u00d3N AL CLIENTE\",\"item\":\"https:\/\/www.etoro.com\/es\/customer-service\/\"},{\"@type\":\"ListItem\",\"position\":3,\"name\":\"REGLAMENTACI\u00d3N Y LICENCIA\",\"item\":\"https:\/\/www.etoro.com\/es\/customer-service\/regulation-license\/\"},{\"@type\":\"ListItem\",\"position\":4,\"name\":\"Declaraci\u00f3n de riesgos de los activos para Espa\u00f1a\"}]},{\"@type\":\"WebSite\",\"@id\":\"https:\/\/www.etoro.com\/es\/#website\",\"url\":\"https:\/\/www.etoro.com\/es\/\",\"name\":\"eToro\",\"description\":\"\",\"publisher\":{\"@id\":\"https:\/\/www.etoro.com\/es\/#organization\"},\"potentialAction\":[{\"@type\":\"SearchAction\",\"target\":{\"@type\":\"EntryPoint\",\"urlTemplate\":\"https:\/\/www.etoro.com\/es\/?s={search_term_string}\"},\"query-input\":{\"@type\":\"PropertyValueSpecification\",\"valueRequired\":true,\"valueName\":\"search_term_string\"}}],\"inLanguage\":\"es\"},[]]}<\/script>","yoast_head_json":{"title":"Declaraci\u00f3n de riesgos de los activos para Espa\u00f1a | eToro","description":"eToro ofrece diversos servicios financieros en Espa\u00f1a. Lea las advertencias sobre riesgos y las exenciones de responsabilidad para operar e invertir en criptoactivos.","robots":{"index":"index","follow":"follow","max-snippet":"max-snippet:-1","max-image-preview":"max-image-preview:large","max-video-preview":"max-video-preview:-1"},"canonical":"https:\/\/www.etoro.com\/es\/wp-json\/wp\/v2\/pages\/330396","og_locale":"es_ES","og_type":"article","og_title":"Declaraci\u00f3n de riesgos de los activos para Espa\u00f1a | eToro","og_description":"eToro ofrece diversos servicios financieros en Espa\u00f1a. Lea las advertencias sobre riesgos y las exenciones de responsabilidad para operar e invertir en criptoactivos.","og_url":"https:\/\/www.etoro.com\/es\/wp-json\/wp\/v2\/pages\/330396","og_site_name":"eToro","article_publisher":"https:\/\/www.facebook.com\/eToro\/","article_modified_time":"2025-01-05T10:51:31+00:00","og_image":[{"width":240,"height":240,"url":"https:\/\/www.etoro.com\/wp-content\/uploads\/2019\/12\/etoro_logo_social_share1.png","type":"image\/png"}],"twitter_card":"summary_large_image","twitter_site":"@eToro","twitter_misc":{"Est. reading time":"3 minutes"},"schema":{"@context":"https:\/\/schema.org","@graph":[{"@type":"WebPage","@id":"https:\/\/www.etoro.com\/es\/customer-service\/regulation-license\/es-risk-warning\/","url":"https:\/\/www.etoro.com\/es\/customer-service\/regulation-license\/es-risk-warning\/","name":"Declaraci\u00f3n de riesgos de los activos para Espa\u00f1a | eToro","isPartOf":{"@id":"https:\/\/www.etoro.com\/es\/#website"},"datePublished":"2022-02-16T14:59:45+00:00","dateModified":"2025-01-05T10:51:31+00:00","description":"eToro ofrece diversos servicios financieros en Espa\u00f1a. Lea las advertencias sobre riesgos y las exenciones de responsabilidad para operar e invertir en criptoactivos.","breadcrumb":{"@id":"https:\/\/www.etoro.com\/es\/customer-service\/regulation-license\/es-risk-warning\/#breadcrumb"},"inLanguage":"es","potentialAction":[{"@type":"ReadAction","target":["https:\/\/www.etoro.com\/es\/customer-service\/regulation-license\/es-risk-warning\/"]}]},{"@type":"BreadcrumbList","@id":"https:\/\/www.etoro.com\/es\/customer-service\/regulation-license\/es-risk-warning\/#breadcrumb","itemListElement":[{"@type":"ListItem","position":1,"name":"Inicio","item":"https:\/\/www.etoro.com\/es\/"},{"@type":"ListItem","position":2,"name":"ATENCI\u00d3N AL CLIENTE","item":"https:\/\/www.etoro.com\/es\/customer-service\/"},{"@type":"ListItem","position":3,"name":"REGLAMENTACI\u00d3N Y LICENCIA","item":"https:\/\/www.etoro.com\/es\/customer-service\/regulation-license\/"},{"@type":"ListItem","position":4,"name":"Declaraci\u00f3n de riesgos de los activos para Espa\u00f1a"}]},{"@type":"WebSite","@id":"https:\/\/www.etoro.com\/es\/#website","url":"https:\/\/www.etoro.com\/es\/","name":"eToro","description":"","publisher":{"@id":"https:\/\/www.etoro.com\/es\/#organization"},"potentialAction":[{"@type":"SearchAction","target":{"@type":"EntryPoint","urlTemplate":"https:\/\/www.etoro.com\/es\/?s={search_term_string}"},"query-input":{"@type":"PropertyValueSpecification","valueRequired":true,"valueName":"search_term_string"}}],"inLanguage":"es"},[]]}},"_links":{"self":[{"href":"https:\/\/www.etoro.com\/es\/wp-json\/wp\/v2\/pages\/330396"}],"collection":[{"href":"https:\/\/www.etoro.com\/es\/wp-json\/wp\/v2\/pages"}],"about":[{"href":"https:\/\/www.etoro.com\/es\/wp-json\/wp\/v2\/types\/page"}],"author":[{"embeddable":true,"href":"https:\/\/www.etoro.com\/es\/wp-json\/wp\/v2\/users\/75"}],"replies":[{"embeddable":true,"href":"https:\/\/www.etoro.com\/es\/wp-json\/wp\/v2\/comments?post=330396"}],"version-history":[{"count":0,"href":"https:\/\/www.etoro.com\/es\/wp-json\/wp\/v2\/pages\/330396\/revisions"}],"up":[{"embeddable":true,"href":"https:\/\/www.etoro.com\/es\/wp-json\/wp\/v2\/pages\/10724"}],"wp:attachment":[{"href":"https:\/\/www.etoro.com\/es\/wp-json\/wp\/v2\/media?parent=330396"}],"wp:term":[{"taxonomy":"asset_type","embeddable":true,"href":"https:\/\/www.etoro.com\/es\/wp-json\/wp\/v2\/asset_type?post=330396"}],"curies":[{"name":"wp","href":"https:\/\/api.w.org\/{rel}","templated":true}]}}