{"id":336056,"date":"2021-08-18T09:54:03","date_gmt":"2021-08-18T06:54:03","guid":{"rendered":"https:\/\/www.etoro.com\/customer-service\/regulation-license\/aus-risk-warning\/"},"modified":"2022-02-28T11:05:29","modified_gmt":"2022-02-28T09:05:29","slug":"aus-risk-warning","status":"publish","type":"page","link":"https:\/\/www.etoro.com\/es\/customer-service\/regulation-license\/aus-risk-warning\/","title":{"rendered":"Regulaci\u00f3n de AUS: exenciones de responsabilidad y advertencias de riesgo"},"content":{"rendered":"<h2><b>Exenci\u00f3n de responsabilidad completa sobre CFD<\/b><\/h2>\n<p>eToro AUS Capital Ltd ACN 612 791 803 AFSL 491139. Los derivados OTC son productos financieros apalancados. La negociaci\u00f3n de derivados OTC no da lugar a la propiedad de los activos subyacentes. Operar con derivados OTC conlleva un alto nivel de riesgo y puede provocar la p\u00e9rdida de toda su inversi\u00f3n. Por ello, los derivados OTC pueden no ser adecuados para todos los inversores. No debe invertir dinero que no pueda permitirse perder. Debe buscar el asesoramiento de un asesor financiero independiente y debidamente autorizado y asegurarse de que tiene predisposici\u00f3n al riesgo, experiencia y conocimientos pertinentes antes de decidirse a operar. Esta informaci\u00f3n es de car\u00e1cter general y se ha elaborado sin tener en cuenta sus objetivos, situaci\u00f3n financiera o necesidades. Debe obtener asesoramiento independiente y tener en cuenta nuestra Declaraci\u00f3n de Divulgaci\u00f3n de Productos (<a href=\"https:\/\/www.etoro.com\/es\/customer-service\/terms-conditions\/\">PDS<\/a>, por sus siglas en ingl\u00e9s) y la Determinaci\u00f3n del Mercado Objetivo (<a href=\"https:\/\/www.etoro.com\/es\/customer-service\/regulation-license\/aus-risk-warning\/\">TMD<\/a>, por sus siglas en ingl\u00e9s) antes de decidir si quiere operar con nosotros.<\/p>\n<h2><b>Exenci\u00f3n de responsabilidad completa sobre acciones\u00a0<\/b><\/h2>\n<p>eToro Service ARSN 637 489 466 es operado por eToro Asset Management Limited ABN 51 122 005 396 AFSL 319 738 y promovido por eToro AUS Capital Limited ACN 612 791 803 AFSL 491139.\u00a0 La inversi\u00f3n en acciones a trav\u00e9s de un plan de inversiones gestionado no da lugar a la propiedad directa de los activos subyacentes. El plan de inversiones tiene la propiedad legal y el inversor tiene la propiedad efectiva (esto quiere decir que las acciones se mantienen en su nombre).\u00a0 Como el plan de inversiones es de propiedad legal, usted no tiene ning\u00fan derecho sobre los valores, incluidos los derechos de voto. Las acciones son intransferibles. Su capital est\u00e1 en riesgo. Consulte la Declaraci\u00f3n de Divulgaci\u00f3n de Productos (<a href=\"https:\/\/www.etoro.com\/es\/customer-service\/terms-conditions\/\">PDS<\/a>) y la Determinaci\u00f3n del Mercado Objetivo (<a href=\"https:\/\/www.etoro.com\/es\/customer-service\/regulation-license\/aus-risk-warning\/\">TMD<\/a>) antes de realizar cualquier transacci\u00f3n.<\/p>\n<h2><b>Exenci\u00f3n de responsabilidad completa sobre criptomonedas\u00a0<\/b><\/h2>\n<p>eToro AUS Capital Limited ACN 612 791 803 AFSL 491139. El comercio de criptomonedas no est\u00e1 regulado y es altamente especulativo. No existe protecci\u00f3n para el consumidor.\u00a0 Asume el riesgo de perder todo tu capital. Consulte nuestros <a href=\"https:\/\/www.etoro.com\/es\/customer-service\/terms-conditions\/\">t\u00e9rminos y condiciones<\/a>.<\/p>\n<h2><b>Exenci\u00f3n de responsabilidad completa sobre CopyTrade\u00a0<\/b><\/h2>\n<p>eToro AUS Capital Ltd. ACN 612 791 803 AFSL 491139. Inversi\u00f3n social. Operar con eToro siguiendo, copiando o replicando las operaciones de otros usuarios implica un alto nivel de riesgo, incluso cuando se sigue, copia o replica a los usuarios con mejores resultados. Dichos riesgos incluyen la posibilidad de seguir o copiar a usuarios posiblemente inexpertos o no profesionales, o a usuarios cuyo prop\u00f3sito, intenci\u00f3n final o estado financiero puede diferir del suyo. eToro no aprueba ni respalda ninguna de las cuentas que los clientes puedan elegir copiar. Todas las instrucciones y acciones relacionadas con las operaciones copiadas se replicar\u00e1n autom\u00e1ticamente en su cuenta, incluyendo las \u00f3rdenes para detener las p\u00e9rdidas, recoger las ganancias y el cierre de las operaciones. Cuando usted elige copiar una cuenta de inversiones en particular, copiar\u00e1 todas sus operaciones futuras y, si lo desea, tambi\u00e9n las operaciones abiertas en ese momento. eToro no es responsable de las decisiones o acciones tomadas por cualquier usuario al que decida copiar. eToro podr\u00eda compensar a los usuarios populares que usted u otros decidan copiar. El rendimiento pasado de un miembro de la comunidad de eToro no es un indicador fiable de su rendimiento futuro.\u00a0 Consulte la Declaraci\u00f3n de Divulgaci\u00f3n de Productos (<a href=\"https:\/\/www.etoro.com\/es\/customer-service\/terms-conditions\/\">PDS<\/a>) y la Determinaci\u00f3n del Mercado Objetivo (<a href=\"https:\/\/www.etoro.com\/es\/customer-service\/regulation-license\/aus-risk-warning\/\">TMD<\/a>) antes de realizar cualquier transacci\u00f3n.<\/p>\n<h2><b>Exenci\u00f3n de responsabilidad completa sobre los Smart Portfolios<\/b><\/h2>\n<p>eToro AUS Capital Limited ACN 612 791 803 AFSL 491139. Los Smart Portfolios de eToro agrupan a activos o a usuarios en funci\u00f3n de un tema o estrategia predeterminados, mediante herramientas automatizadas basadas en algoritmos o en modelos de aprendizaje autom\u00e1tico con una interacci\u00f3n humana limitada o nula. eToro act\u00faa como usuario principal invirtiendo fondos reales para crear un portafolio que los clientes de eToro puedan copiar. Los Smart Portfolios no son fondos cotizados ni fondos de cobertura y no est\u00e1n dise\u00f1ados para sus objetivos espec\u00edficos, situaci\u00f3n financiera o necesidades.<\/p>\n<p>Los Smart Portfolios pueden incluir derivados OTC. Los derivados OTC son productos financieros apalancados y se consideran especulativos. Los derivados OTC pueden no ser adecuados para todos los inversores.<\/p>\n<p>Se recomienda obtener asesoramiento independiente y tener en cuenta la Declaraci\u00f3n de Divulgaci\u00f3n del Producto y la Determinaci\u00f3n del Mercado Objetivo (<a href=\"https:\/\/www.etoro.com\/es\/customer-service\/terms-conditions\/\">PDS<\/a> y <a href=\"https:\/\/www.etoro.com\/es\/customer-service\/regulation-license\/aus-risk-warning\/\">TMD<\/a>) antes de realizar cualquier transacci\u00f3n.<\/p>\n<div id=\"gtx-trans\" style=\"position: absolute; left: 144px; top: 394px;\">\n<div class=\"gtx-trans-icon\"><\/div>\n<\/div>\n","protected":false},"excerpt":{"rendered":"<p>Exenci\u00f3n de responsabilidad completa sobre CFD eToro AUS Capital Ltd ACN 612 791 803 AFSL 491139. Los derivados OTC son productos financieros apalancados. La negociaci\u00f3n de derivados OTC no da lugar a la propiedad de los activos subyacentes. Operar con derivados OTC conlleva un alto nivel de riesgo y puede provocar la p\u00e9rdida de toda&hellip;<\/p>\n","protected":false},"author":75,"featured_media":0,"parent":10724,"menu_order":0,"comment_status":"closed","ping_status":"closed","template":"","meta":{"_acf_changed":false,"inline_featured_image":false,"sticky_cta_settings":"","footnotes":""},"asset_type":[],"class_list":["post-336056","page","type-page","status-publish","hentry"],"acf":[],"yoast_head":"<title>Normativa de AUS: advertencias de riesgo y exenciones de responsabilidad | eToro<\/title>\n<meta name=\"description\" content=\"eToro ofrece varios servicios financieros bajo la regulaci\u00f3n de AUS. Lea las advertencias de riesgo y las exenciones de responsabilidad de cada servicio ofrecido.\" \/>\n<meta name=\"robots\" content=\"index, follow, max-snippet:-1, max-image-preview:large, max-video-preview:-1\" \/>\n<link rel=\"canonical\" href=\"https:\/\/www.etoro.com\/es\/wp-json\/wp\/v2\/pages\/336056\" \/>\n<meta property=\"og:locale\" content=\"es_ES\" \/>\n<meta property=\"og:type\" content=\"article\" \/>\n<meta property=\"og:title\" content=\"Normativa de AUS: advertencias de riesgo y exenciones de responsabilidad | eToro\" \/>\n<meta property=\"og:description\" content=\"eToro ofrece varios servicios financieros bajo la regulaci\u00f3n de AUS. Lea las advertencias de riesgo y las exenciones de responsabilidad de cada servicio ofrecido.\" \/>\n<meta property=\"og:url\" content=\"https:\/\/www.etoro.com\/es\/wp-json\/wp\/v2\/pages\/336056\" \/>\n<meta property=\"og:site_name\" content=\"eToro\" \/>\n<meta property=\"article:publisher\" content=\"https:\/\/www.facebook.com\/eToro\/\" \/>\n<meta property=\"article:modified_time\" content=\"2022-02-28T09:05:29+00:00\" \/>\n<meta property=\"og:image\" content=\"https:\/\/www.etoro.com\/wp-content\/uploads\/2019\/12\/etoro_logo_social_share1.png\" \/>\n\t<meta property=\"og:image:width\" content=\"240\" \/>\n\t<meta property=\"og:image:height\" content=\"240\" \/>\n\t<meta property=\"og:image:type\" content=\"image\/png\" \/>\n<meta name=\"twitter:card\" content=\"summary_large_image\" \/>\n<meta name=\"twitter:site\" content=\"@eToro\" \/>\n<meta name=\"twitter:label1\" content=\"Est. reading time\" \/>\n\t<meta name=\"twitter:data1\" content=\"4 minutes\" \/>\n<script type=\"application\/ld+json\" class=\"yoast-schema-graph\">{\"@context\":\"https:\/\/schema.org\",\"@graph\":[{\"@type\":\"WebPage\",\"@id\":\"https:\/\/www.etoro.com\/es\/customer-service\/regulation-license\/aus-risk-warning\/\",\"url\":\"https:\/\/www.etoro.com\/es\/customer-service\/regulation-license\/aus-risk-warning\/\",\"name\":\"Normativa de AUS: advertencias de riesgo y exenciones de responsabilidad | eToro\",\"isPartOf\":{\"@id\":\"https:\/\/www.etoro.com\/es\/#website\"},\"datePublished\":\"2021-08-18T06:54:03+00:00\",\"dateModified\":\"2022-02-28T09:05:29+00:00\",\"description\":\"eToro ofrece varios servicios financieros bajo la regulaci\u00f3n de AUS. Lea las advertencias de riesgo y las exenciones de responsabilidad de cada servicio ofrecido.\",\"breadcrumb\":{\"@id\":\"https:\/\/www.etoro.com\/es\/customer-service\/regulation-license\/aus-risk-warning\/#breadcrumb\"},\"inLanguage\":\"es\",\"potentialAction\":[{\"@type\":\"ReadAction\",\"target\":[\"https:\/\/www.etoro.com\/es\/customer-service\/regulation-license\/aus-risk-warning\/\"]}]},{\"@type\":\"BreadcrumbList\",\"@id\":\"https:\/\/www.etoro.com\/es\/customer-service\/regulation-license\/aus-risk-warning\/#breadcrumb\",\"itemListElement\":[{\"@type\":\"ListItem\",\"position\":1,\"name\":\"Inicio\",\"item\":\"https:\/\/www.etoro.com\/es\/\"},{\"@type\":\"ListItem\",\"position\":2,\"name\":\"ATENCI\u00d3N AL CLIENTE\",\"item\":\"https:\/\/www.etoro.com\/es\/customer-service\/\"},{\"@type\":\"ListItem\",\"position\":3,\"name\":\"REGLAMENTACI\u00d3N Y LICENCIA\",\"item\":\"https:\/\/www.etoro.com\/es\/customer-service\/regulation-license\/\"},{\"@type\":\"ListItem\",\"position\":4,\"name\":\"Regulaci\u00f3n de AUS: exenciones de responsabilidad y advertencias de riesgo\"}]},{\"@type\":\"WebSite\",\"@id\":\"https:\/\/www.etoro.com\/es\/#website\",\"url\":\"https:\/\/www.etoro.com\/es\/\",\"name\":\"eToro\",\"description\":\"\",\"publisher\":{\"@id\":\"https:\/\/www.etoro.com\/es\/#organization\"},\"potentialAction\":[{\"@type\":\"SearchAction\",\"target\":{\"@type\":\"EntryPoint\",\"urlTemplate\":\"https:\/\/www.etoro.com\/es\/?s={search_term_string}\"},\"query-input\":{\"@type\":\"PropertyValueSpecification\",\"valueRequired\":true,\"valueName\":\"search_term_string\"}}],\"inLanguage\":\"es\"},[]]}<\/script>","yoast_head_json":{"title":"Normativa de AUS: advertencias de riesgo y exenciones de responsabilidad | eToro","description":"eToro ofrece varios servicios financieros bajo la regulaci\u00f3n de AUS. Lea las advertencias de riesgo y las exenciones de responsabilidad de cada servicio ofrecido.","robots":{"index":"index","follow":"follow","max-snippet":"max-snippet:-1","max-image-preview":"max-image-preview:large","max-video-preview":"max-video-preview:-1"},"canonical":"https:\/\/www.etoro.com\/es\/wp-json\/wp\/v2\/pages\/336056","og_locale":"es_ES","og_type":"article","og_title":"Normativa de AUS: advertencias de riesgo y exenciones de responsabilidad | eToro","og_description":"eToro ofrece varios servicios financieros bajo la regulaci\u00f3n de AUS. Lea las advertencias de riesgo y las exenciones de responsabilidad de cada servicio ofrecido.","og_url":"https:\/\/www.etoro.com\/es\/wp-json\/wp\/v2\/pages\/336056","og_site_name":"eToro","article_publisher":"https:\/\/www.facebook.com\/eToro\/","article_modified_time":"2022-02-28T09:05:29+00:00","og_image":[{"width":240,"height":240,"url":"https:\/\/www.etoro.com\/wp-content\/uploads\/2019\/12\/etoro_logo_social_share1.png","type":"image\/png"}],"twitter_card":"summary_large_image","twitter_site":"@eToro","twitter_misc":{"Est. reading time":"4 minutes"},"schema":{"@context":"https:\/\/schema.org","@graph":[{"@type":"WebPage","@id":"https:\/\/www.etoro.com\/es\/customer-service\/regulation-license\/aus-risk-warning\/","url":"https:\/\/www.etoro.com\/es\/customer-service\/regulation-license\/aus-risk-warning\/","name":"Normativa de AUS: advertencias de riesgo y exenciones de responsabilidad | eToro","isPartOf":{"@id":"https:\/\/www.etoro.com\/es\/#website"},"datePublished":"2021-08-18T06:54:03+00:00","dateModified":"2022-02-28T09:05:29+00:00","description":"eToro ofrece varios servicios financieros bajo la regulaci\u00f3n de AUS. Lea las advertencias de riesgo y las exenciones de responsabilidad de cada servicio ofrecido.","breadcrumb":{"@id":"https:\/\/www.etoro.com\/es\/customer-service\/regulation-license\/aus-risk-warning\/#breadcrumb"},"inLanguage":"es","potentialAction":[{"@type":"ReadAction","target":["https:\/\/www.etoro.com\/es\/customer-service\/regulation-license\/aus-risk-warning\/"]}]},{"@type":"BreadcrumbList","@id":"https:\/\/www.etoro.com\/es\/customer-service\/regulation-license\/aus-risk-warning\/#breadcrumb","itemListElement":[{"@type":"ListItem","position":1,"name":"Inicio","item":"https:\/\/www.etoro.com\/es\/"},{"@type":"ListItem","position":2,"name":"ATENCI\u00d3N AL CLIENTE","item":"https:\/\/www.etoro.com\/es\/customer-service\/"},{"@type":"ListItem","position":3,"name":"REGLAMENTACI\u00d3N Y LICENCIA","item":"https:\/\/www.etoro.com\/es\/customer-service\/regulation-license\/"},{"@type":"ListItem","position":4,"name":"Regulaci\u00f3n de AUS: exenciones de responsabilidad y advertencias de riesgo"}]},{"@type":"WebSite","@id":"https:\/\/www.etoro.com\/es\/#website","url":"https:\/\/www.etoro.com\/es\/","name":"eToro","description":"","publisher":{"@id":"https:\/\/www.etoro.com\/es\/#organization"},"potentialAction":[{"@type":"SearchAction","target":{"@type":"EntryPoint","urlTemplate":"https:\/\/www.etoro.com\/es\/?s={search_term_string}"},"query-input":{"@type":"PropertyValueSpecification","valueRequired":true,"valueName":"search_term_string"}}],"inLanguage":"es"},[]]}},"_links":{"self":[{"href":"https:\/\/www.etoro.com\/es\/wp-json\/wp\/v2\/pages\/336056"}],"collection":[{"href":"https:\/\/www.etoro.com\/es\/wp-json\/wp\/v2\/pages"}],"about":[{"href":"https:\/\/www.etoro.com\/es\/wp-json\/wp\/v2\/types\/page"}],"author":[{"embeddable":true,"href":"https:\/\/www.etoro.com\/es\/wp-json\/wp\/v2\/users\/75"}],"replies":[{"embeddable":true,"href":"https:\/\/www.etoro.com\/es\/wp-json\/wp\/v2\/comments?post=336056"}],"version-history":[{"count":0,"href":"https:\/\/www.etoro.com\/es\/wp-json\/wp\/v2\/pages\/336056\/revisions"}],"up":[{"embeddable":true,"href":"https:\/\/www.etoro.com\/es\/wp-json\/wp\/v2\/pages\/10724"}],"wp:attachment":[{"href":"https:\/\/www.etoro.com\/es\/wp-json\/wp\/v2\/media?parent=336056"}],"wp:term":[{"taxonomy":"asset_type","embeddable":true,"href":"https:\/\/www.etoro.com\/es\/wp-json\/wp\/v2\/asset_type?post=336056"}],"curies":[{"name":"wp","href":"https:\/\/api.w.org\/{rel}","templated":true}]}}