{"id":351352,"date":"2022-03-27T13:52:22","date_gmt":"2022-03-27T10:52:22","guid":{"rendered":"https:\/\/www.etoro.com\/trading\/disruptions\/"},"modified":"2024-08-12T16:35:17","modified_gmt":"2024-08-12T13:35:17","slug":"disruptions","status":"publish","type":"page","link":"https:\/\/www.etoro.com\/es\/trading\/disruptions\/","title":{"rendered":"Perturbaciones de inversi\u00f3n"},"content":{"rendered":"<p>&nbsp;<\/p>\n<h1>Interrupci\u00f3n de la operativa: qu\u00e9 es, qu\u00e9 la provoca y c\u00f3mo afecta su experiencia en eToro<\/h1>\n<p>Durante m\u00e1s de una d\u00e9cada, eToro ha estado en el centro de la revoluci\u00f3n fintech. Con m\u00e1s de 35 millones de usuarios registrados, eToro es la plataforma l\u00edder de inversi\u00f3n multiactivos. En eToro, ofrecemos a nuestros usuarios una amplia variedad de activos para invertir.<\/p>\n<p>Aunque ahora comenzar a invertir puede ser m\u00e1s sencillo, a veces las cosas no salen exactamente como lo planeamos. En eToro, tomamos las medidas suficientes para asegurar el entorno m\u00e1s seguro posible para nuestros usuarios. Puesto que las interrupciones de la operativa ocurren ocasionalmente, estamos aqu\u00ed para explicar qu\u00e9 son y qu\u00e9 puede y no puede hacer cuando suceden.<\/p>\n<h2>\u00bfQu\u00e9 son las interrupciones de la operativa?<\/h2>\n<p>Se trata de situaciones en las que los mercados dejan de funcionar regularmente, normalmente definidas por movimientos r\u00e1pidos y amplios en el mercado. No hay un motivo espec\u00edfico para las interrupciones de la operativa. Pueden derivarse de operaciones inusuales (como un desplome o un repunte abrupto) o de amenazas f\u00edsicas al mercado de valores, como una guerra por ejemplo.Sea cual sea el caso, las interrupciones de la operativa son el resultado de las condiciones inusuales del mercado, lo que pueden provocar p\u00e1nico y la interrupci\u00f3n de las operaciones.<\/p>\n<p>Tras la ca\u00edda del mercado de 1987, se instalaron cortafuegos, l\u00edmites de precios y otros sistemas para minimizar los riesgos asociados a las interrupciones de la operativa. Estos sistemas tienen como objetivo paralizar las inversiones en casos de ca\u00eddas r\u00e1pidas en los mercados.<\/p>\n<h2>Ejemplos de interrupciones de la operativa<\/h2>\n<p>Pueden ocurrir cuando hay un movimiento dr\u00e1stico en los mercados impulsado por preocupaciones de los inversores de que distintos factores podr\u00edan provocar problemas amplios que ralentizar\u00edan los mercados. Las interrupciones del mercado suceden por muchos motivos, tal y como hemos observado en la historia reciente.<\/p>\n<p><img loading=\"lazy\" decoding=\"async\" class=\"size-full wp-image-349135 aligncenter\" src=\"https:\/\/www.etoro.com\/wp-content\/uploads\/2022\/03\/22.09.2021_Trading_Disruptions_inability_to_close_positions_during_volatile_market_conditions_1024X342.jpg\" alt=\"\" width=\"1024\" height=\"342\" srcset=\"https:\/\/www.etoro.com\/wp-content\/uploads\/2022\/03\/22.09.2021_Trading_Disruptions_inability_to_close_positions_during_volatile_market_conditions_1024X342.jpg 1024w, https:\/\/www.etoro.com\/wp-content\/uploads\/2022\/03\/22.09.2021_Trading_Disruptions_inability_to_close_positions_during_volatile_market_conditions_1024X342-300x100.jpg 300w, https:\/\/www.etoro.com\/wp-content\/uploads\/2022\/03\/22.09.2021_Trading_Disruptions_inability_to_close_positions_during_volatile_market_conditions_1024X342-768x257.jpg 768w\" sizes=\"(max-width: 1024px) 100vw, 1024px\" \/><\/p>\n<p>2020 fue un a\u00f1o de locura para el mercado de valores debido a la COVID-19 y al efecto masivo que tuvo a nivel global. En marzo de dicho a\u00f1o, por primera vez desde 2008, Wall Street sufri\u00f3 lo que se podr\u00eda denominar como una ca\u00edda, con los tres \u00edndices principales registrando grandes p\u00e9rdidas en cuanto a porcentajes. El 16 de marzo de ese a\u00f1o, poco despu\u00e9s de la apertura del mercado, el SPX500 cay\u00f3 un 7 %. Los cortafuegos empezaron a funcionar y se detuvo la inversi\u00f3n durante 15 minutos. Era el tercer par\u00f3n esa semana, despu\u00e9s de los que tuvieron lugar el 9 y el 12 de marzo.<\/p>\n<p>Problemas t\u00e9cnicos tambi\u00e9n pueden provocar parones del mercado, como la que ocurri\u00f3 el 8 de julio de 2015, cuando un fallo t\u00e9cnico detuvo la Bolsa de Nueva York durante varias horas. Los tr\u00e1gicos acontecimientos del 11 de septiembre de 2001 tambi\u00e9n provocaron un par\u00f3n y los mercados permanecieron cerrados hasta el 17 de septiembre.<\/p>\n<h2>\u00bfPor qu\u00e9 no podr\u00eda abrir o cerrar una posici\u00f3n?<\/h2>\n<h3>Falta de liquidez o incapacidad para recibir una fijaci\u00f3n de precios de nuestros proveedores de liquidez<\/h3>\n<p>Cuando un usuario quiera abrir o cerrar una posici\u00f3n, tiene que haber una contraparte. Esto quiere decir que otra persona debe estar dispuesta a comprar lo que est\u00e1 vendiendo o viceversa. Si no se puede hallar una contraparte o si no hay compradores o vendedores suficientes en el mercado, esto tendr\u00e1 como resultado la incapacidad para abrir o cerrar una inversi\u00f3n. Esto se conoce como &#8216;falta de liquidez&#8217;.<\/p>\n<h3>La bolsa podr\u00eda paralizar el valor<\/h3>\n<p>Las bolsas tienen un amplio mandato en cuanto a la paralizaci\u00f3n y pueden impedir que se inviertan determinados valores, normalmente debido a uno o varios de los siguientes casos:<\/p>\n<ul>\n<li aria-level=\"1\">Volatilidad extrema: los valores se pueden paralizar debido a una inversi\u00f3n irregular que la bolsa quiere investigar.<\/li>\n<li aria-level=\"1\">Baja volatilidad: los valores se pueden paralizar debido a una falta o baja liquidez.<\/li>\n<li aria-level=\"1\">Sucesos de actualidad: los valores se pueden paralizar por noticias en curso. Por ejemplo, si llega una noticia relativa a cierto valor, la bolsa podr\u00eda paralizarlo unos minutos para dar tiempo a los inversores a ponerse al tanto.<\/li>\n<\/ul>\n<h3>Incapacidad para abrir posiciones de VENTA debido a un valor no prestable.<\/h3>\n<p>La <a href=\"https:\/\/www.etoro.com\/es\/trading\/buy-sell-and-close-position\/\">venta en corto<\/a> consiste en un inversor que toma prestado un valor y lo vende, planeando volver a comprarlo m\u00e1s tarde a un precio inferior. Un valor no prestable no se puede prestar a vendedores en corto, lo que podr\u00eda ocurrir cuando no haya nadie dispuesto a prestar el valor. En eToro, la parte de venta de un activo no est\u00e1 disponible cuando el valor no es prestable.<\/p>\n<h3>Volatilidad extrema en distintas clases de activo<\/h3>\n<p>Los valores y los \u00edndices no son las \u00fanicas clases de activo disponibles en eToro: tambi\u00e9n ofrece criptomonedas, pares de divisas, materias primas y ETF. eToro tiene sus propios cortafuegos internos que est\u00e1n activos en todas las clases de activo. Cuando identificamos una volatilidad extrema en un activo, los cortafuegos pueden aplicarse y desactivar temporalmente la capacidad para abrir\/cerrar posiciones.<\/p>\n<h3>Cortafuegos de eToro<\/h3>\n<p>eToro tambi\u00e9n tiene mecanismos de seguridad implementados. Se conocen como cortafuegos, puesto que son medidas de emergencia utilizadas para paralizar inversiones en casos inusuales. En eToro, se activan en estos casos:<\/p>\n<ul>\n<li aria-level=\"1\">Cuando un margen se ensancha en exceso, se activa un cortafuegos. Esto quiere decir que, cuando una diferencia entre los precios de compra y de venta de un activo es demasiado grande, o el margen es demasiado elevado, hay un motivo para paralizar la inversi\u00f3n.<\/li>\n<li aria-level=\"1\">Los problemas t\u00e9cnicos tambi\u00e9n pueden activar cortafuegos<\/li>\n<\/ul>\n<h2>\u00bfNecesita saber m\u00e1s?<\/h2>\n<p>Si todav\u00eda no tiene claro qu\u00e9 puede hacer en estos casos, o si tiene alguna pregunta relativa a una parada espec\u00edfica de una inversi\u00f3n en tiempo real, no dude en <a href=\"https:\/\/www.etoro.com\/es\/customer-service\/\">contactar con nosotros<\/a>.<\/p>\n\n\t\t<style>\n\t\t\t.rtl .etoro-block-shortcode-disclaimer {\n\t\t\t\ttext-align:right;\n\t\t\t}\n\t\t\t.etoro-block-shortcode-disclaimer {\n\t\t\t\tmargin-bottom:18px;\n\t\t\t\ttext-align:left;\n\t\t\t}\n\t\t\t.etoro-block-shortcode-disclaimer p{\n\t\t\t\tfont-size: 12px;\n\t\t\t\tline-height: 18px;\n\t\t\t}\n\t\t\t@media (min-width: 768px) {\n\t\t\t\t.etoro-block-shortcode-disclaimer {\n\t\t\t\t\tmax-width:1176px;\n\t\t\t\t\ttext-align:center;\n\t\t\t\t}\n\t\t\t\t.etoro-block-shortcode-disclaimer p {\n\t\t\t\t\tfont-size: 14px;\n\t\t\t\t\tline-height: 20px;\n\t\t\t\t}\n\t\t\t}\n\t\t<\/style>\n\t\t<div class='etoro-block-shortcode-disclaimer'><p>Esta informaci\u00f3n es \u00fanicamente para fines educativos y no debe interpretarse como un consejo de inversi\u00f3n, una recomendaci\u00f3n personalizada, una oferta o una solicitud para comprar o vender instrumentos financieros.<\/p>\n<p>Este material se ha preparado sin considerar objetivos de inversi\u00f3n o situaciones financieras particulares. Adem\u00e1s, no cumple con los requisitos legales y regulatorios que promueven la investigaci\u00f3n independiente.<\/p>\n<p><strong>No todos los servicios e instrumentos financieros mencionados est\u00e1n disponibles en eToro.<\/strong> Cualquier referencia al rendimiento pasado de un instrumento financiero, \u00edndice o producto de inversi\u00f3n consolidado no es, ni debe considerarse, un indicador fiable de resultados futuros. <strong>La disponibilidad de todos los productos y servicios mencionados puede variar seg\u00fan la jurisdicci\u00f3n y el pa\u00eds.<\/strong><\/p>\n<p>eToro no se responsabiliza ni asume ninguna obligaci\u00f3n por la precisi\u00f3n o integridad del contenido de esta gu\u00eda. Aseg\u00farate de comprender los riesgos asociados con la inversi\u00f3n antes de comprometer tu capital. Nunca arriesgues m\u00e1s de lo que puedas permitirte perder.<\/p>\n<\/div>\n","protected":false},"excerpt":{"rendered":"<p>&nbsp; Interrupci\u00f3n de la operativa: qu\u00e9 es, qu\u00e9 la provoca y c\u00f3mo afecta su experiencia en eToro Durante m\u00e1s de una d\u00e9cada, eToro ha estado en el centro de la revoluci\u00f3n fintech. Con m\u00e1s de 35 millones de usuarios registrados, eToro es la plataforma l\u00edder de inversi\u00f3n multiactivos. En eToro, ofrecemos a nuestros usuarios una&hellip;<\/p>\n","protected":false},"author":39,"featured_media":348685,"parent":18392,"menu_order":0,"comment_status":"closed","ping_status":"closed","template":"","meta":{"_acf_changed":false,"inline_featured_image":false,"sticky_cta_settings":"","footnotes":""},"asset_type":[],"class_list":["post-351352","page","type-page","status-publish","has-post-thumbnail","hentry"],"acf":[],"yoast_head":"<title>\u00bfQu\u00e9 son las perturbaciones de inversi\u00f3n? | eToro<\/title>\n<meta name=\"description\" content=\"Las perturbaciones de inversi\u00f3n pueden suceder por varios motivos. Lea aqu\u00ed sobre estas perturbaciones, qu\u00e9 las provoca, c\u00f3mo nos afectan y c\u00f3mo tratamos con ellas.\" \/>\n<meta name=\"robots\" content=\"index, follow, max-snippet:-1, max-image-preview:large, max-video-preview:-1\" \/>\n<link rel=\"canonical\" href=\"https:\/\/www.etoro.com\/es\/wp-json\/wp\/v2\/pages\/351352\" \/>\n<meta property=\"og:locale\" content=\"es_ES\" \/>\n<meta property=\"og:type\" content=\"article\" \/>\n<meta property=\"og:title\" content=\"\u00bfQu\u00e9 son las perturbaciones de inversi\u00f3n? | eToro\" \/>\n<meta property=\"og:description\" content=\"Las perturbaciones de inversi\u00f3n pueden suceder por varios motivos. Lea aqu\u00ed sobre estas perturbaciones, qu\u00e9 las provoca, c\u00f3mo nos afectan y c\u00f3mo tratamos con ellas.\" \/>\n<meta property=\"og:url\" content=\"https:\/\/www.etoro.com\/es\/wp-json\/wp\/v2\/pages\/351352\" \/>\n<meta property=\"og:site_name\" content=\"eToro\" \/>\n<meta property=\"article:publisher\" content=\"https:\/\/www.facebook.com\/eToro\/\" \/>\n<meta property=\"article:modified_time\" content=\"2024-08-12T13:35:17+00:00\" \/>\n<meta property=\"og:image\" content=\"https:\/\/www.etoro.com\/wp-content\/uploads\/2022\/03\/22.09.2021_Trading_Disruptions_inability_to_close_positions_during_volatile_market_conditions_1200x630_v1.jpg\" \/>\n\t<meta property=\"og:image:width\" content=\"1200\" \/>\n\t<meta property=\"og:image:height\" content=\"630\" \/>\n\t<meta property=\"og:image:type\" content=\"image\/jpeg\" \/>\n<meta name=\"twitter:card\" content=\"summary_large_image\" \/>\n<meta name=\"twitter:site\" content=\"@eToro\" \/>\n<meta name=\"twitter:label1\" content=\"Est. reading time\" \/>\n\t<meta name=\"twitter:data1\" content=\"5 minutes\" \/>\n<script type=\"application\/ld+json\" class=\"yoast-schema-graph\">{\"@context\":\"https:\/\/schema.org\",\"@graph\":[{\"@type\":\"WebPage\",\"@id\":\"https:\/\/www.etoro.com\/es\/trading\/disruptions\/\",\"url\":\"https:\/\/www.etoro.com\/es\/trading\/disruptions\/\",\"name\":\"\u00bfQu\u00e9 son las perturbaciones de inversi\u00f3n? | eToro\",\"isPartOf\":{\"@id\":\"https:\/\/www.etoro.com\/es\/#website\"},\"primaryImageOfPage\":{\"@id\":\"https:\/\/www.etoro.com\/es\/trading\/disruptions\/#primaryimage\"},\"image\":{\"@id\":\"https:\/\/www.etoro.com\/es\/trading\/disruptions\/#primaryimage\"},\"thumbnailUrl\":\"https:\/\/www.etoro.com\/wp-content\/uploads\/2022\/03\/22.09.2021_Trading_Disruptions_inability_to_close_positions_during_volatile_market_conditions_1200x630_v1.jpg\",\"datePublished\":\"2022-03-27T10:52:22+00:00\",\"dateModified\":\"2024-08-12T13:35:17+00:00\",\"description\":\"Las perturbaciones de inversi\u00f3n pueden suceder por varios motivos. Lea aqu\u00ed sobre estas perturbaciones, qu\u00e9 las provoca, c\u00f3mo nos afectan y c\u00f3mo tratamos con ellas.\",\"breadcrumb\":{\"@id\":\"https:\/\/www.etoro.com\/es\/trading\/disruptions\/#breadcrumb\"},\"inLanguage\":\"es\",\"potentialAction\":[{\"@type\":\"ReadAction\",\"target\":[\"https:\/\/www.etoro.com\/es\/trading\/disruptions\/\"]}]},{\"@type\":\"ImageObject\",\"inLanguage\":\"es\",\"@id\":\"https:\/\/www.etoro.com\/es\/trading\/disruptions\/#primaryimage\",\"url\":\"https:\/\/www.etoro.com\/wp-content\/uploads\/2022\/03\/22.09.2021_Trading_Disruptions_inability_to_close_positions_during_volatile_market_conditions_1200x630_v1.jpg\",\"contentUrl\":\"https:\/\/www.etoro.com\/wp-content\/uploads\/2022\/03\/22.09.2021_Trading_Disruptions_inability_to_close_positions_during_volatile_market_conditions_1200x630_v1.jpg\",\"width\":1200,\"height\":630},{\"@type\":\"BreadcrumbList\",\"@id\":\"https:\/\/www.etoro.com\/es\/trading\/disruptions\/#breadcrumb\",\"itemListElement\":[{\"@type\":\"ListItem\",\"position\":1,\"name\":\"Inicio\",\"item\":\"https:\/\/www.etoro.com\/es\/\"},{\"@type\":\"ListItem\",\"position\":2,\"name\":\"Trading\",\"item\":\"https:\/\/www.etoro.com\/es\/trading\/\"},{\"@type\":\"ListItem\",\"position\":3,\"name\":\"Perturbaciones de inversi\u00f3n\"}]},{\"@type\":\"WebSite\",\"@id\":\"https:\/\/www.etoro.com\/es\/#website\",\"url\":\"https:\/\/www.etoro.com\/es\/\",\"name\":\"eToro\",\"description\":\"\",\"publisher\":{\"@id\":\"https:\/\/www.etoro.com\/es\/#organization\"},\"potentialAction\":[{\"@type\":\"SearchAction\",\"target\":{\"@type\":\"EntryPoint\",\"urlTemplate\":\"https:\/\/www.etoro.com\/es\/?s={search_term_string}\"},\"query-input\":{\"@type\":\"PropertyValueSpecification\",\"valueRequired\":true,\"valueName\":\"search_term_string\"}}],\"inLanguage\":\"es\"},[]]}<\/script>","yoast_head_json":{"title":"\u00bfQu\u00e9 son las perturbaciones de inversi\u00f3n? | eToro","description":"Las perturbaciones de inversi\u00f3n pueden suceder por varios motivos. Lea aqu\u00ed sobre estas perturbaciones, qu\u00e9 las provoca, c\u00f3mo nos afectan y c\u00f3mo tratamos con ellas.","robots":{"index":"index","follow":"follow","max-snippet":"max-snippet:-1","max-image-preview":"max-image-preview:large","max-video-preview":"max-video-preview:-1"},"canonical":"https:\/\/www.etoro.com\/es\/wp-json\/wp\/v2\/pages\/351352","og_locale":"es_ES","og_type":"article","og_title":"\u00bfQu\u00e9 son las perturbaciones de inversi\u00f3n? | eToro","og_description":"Las perturbaciones de inversi\u00f3n pueden suceder por varios motivos. Lea aqu\u00ed sobre estas perturbaciones, qu\u00e9 las provoca, c\u00f3mo nos afectan y c\u00f3mo tratamos con ellas.","og_url":"https:\/\/www.etoro.com\/es\/wp-json\/wp\/v2\/pages\/351352","og_site_name":"eToro","article_publisher":"https:\/\/www.facebook.com\/eToro\/","article_modified_time":"2024-08-12T13:35:17+00:00","og_image":[{"width":1200,"height":630,"url":"https:\/\/www.etoro.com\/wp-content\/uploads\/2022\/03\/22.09.2021_Trading_Disruptions_inability_to_close_positions_during_volatile_market_conditions_1200x630_v1.jpg","type":"image\/jpeg"}],"twitter_card":"summary_large_image","twitter_site":"@eToro","twitter_misc":{"Est. reading time":"5 minutes"},"schema":{"@context":"https:\/\/schema.org","@graph":[{"@type":"WebPage","@id":"https:\/\/www.etoro.com\/es\/trading\/disruptions\/","url":"https:\/\/www.etoro.com\/es\/trading\/disruptions\/","name":"\u00bfQu\u00e9 son las perturbaciones de inversi\u00f3n? | eToro","isPartOf":{"@id":"https:\/\/www.etoro.com\/es\/#website"},"primaryImageOfPage":{"@id":"https:\/\/www.etoro.com\/es\/trading\/disruptions\/#primaryimage"},"image":{"@id":"https:\/\/www.etoro.com\/es\/trading\/disruptions\/#primaryimage"},"thumbnailUrl":"https:\/\/www.etoro.com\/wp-content\/uploads\/2022\/03\/22.09.2021_Trading_Disruptions_inability_to_close_positions_during_volatile_market_conditions_1200x630_v1.jpg","datePublished":"2022-03-27T10:52:22+00:00","dateModified":"2024-08-12T13:35:17+00:00","description":"Las perturbaciones de inversi\u00f3n pueden suceder por varios motivos. Lea aqu\u00ed sobre estas perturbaciones, qu\u00e9 las provoca, c\u00f3mo nos afectan y c\u00f3mo tratamos con ellas.","breadcrumb":{"@id":"https:\/\/www.etoro.com\/es\/trading\/disruptions\/#breadcrumb"},"inLanguage":"es","potentialAction":[{"@type":"ReadAction","target":["https:\/\/www.etoro.com\/es\/trading\/disruptions\/"]}]},{"@type":"ImageObject","inLanguage":"es","@id":"https:\/\/www.etoro.com\/es\/trading\/disruptions\/#primaryimage","url":"https:\/\/www.etoro.com\/wp-content\/uploads\/2022\/03\/22.09.2021_Trading_Disruptions_inability_to_close_positions_during_volatile_market_conditions_1200x630_v1.jpg","contentUrl":"https:\/\/www.etoro.com\/wp-content\/uploads\/2022\/03\/22.09.2021_Trading_Disruptions_inability_to_close_positions_during_volatile_market_conditions_1200x630_v1.jpg","width":1200,"height":630},{"@type":"BreadcrumbList","@id":"https:\/\/www.etoro.com\/es\/trading\/disruptions\/#breadcrumb","itemListElement":[{"@type":"ListItem","position":1,"name":"Inicio","item":"https:\/\/www.etoro.com\/es\/"},{"@type":"ListItem","position":2,"name":"Trading","item":"https:\/\/www.etoro.com\/es\/trading\/"},{"@type":"ListItem","position":3,"name":"Perturbaciones de inversi\u00f3n"}]},{"@type":"WebSite","@id":"https:\/\/www.etoro.com\/es\/#website","url":"https:\/\/www.etoro.com\/es\/","name":"eToro","description":"","publisher":{"@id":"https:\/\/www.etoro.com\/es\/#organization"},"potentialAction":[{"@type":"SearchAction","target":{"@type":"EntryPoint","urlTemplate":"https:\/\/www.etoro.com\/es\/?s={search_term_string}"},"query-input":{"@type":"PropertyValueSpecification","valueRequired":true,"valueName":"search_term_string"}}],"inLanguage":"es"},[]]}},"_links":{"self":[{"href":"https:\/\/www.etoro.com\/es\/wp-json\/wp\/v2\/pages\/351352"}],"collection":[{"href":"https:\/\/www.etoro.com\/es\/wp-json\/wp\/v2\/pages"}],"about":[{"href":"https:\/\/www.etoro.com\/es\/wp-json\/wp\/v2\/types\/page"}],"author":[{"embeddable":true,"href":"https:\/\/www.etoro.com\/es\/wp-json\/wp\/v2\/users\/39"}],"replies":[{"embeddable":true,"href":"https:\/\/www.etoro.com\/es\/wp-json\/wp\/v2\/comments?post=351352"}],"version-history":[{"count":0,"href":"https:\/\/www.etoro.com\/es\/wp-json\/wp\/v2\/pages\/351352\/revisions"}],"up":[{"embeddable":true,"href":"https:\/\/www.etoro.com\/es\/wp-json\/wp\/v2\/pages\/18392"}],"wp:featuredmedia":[{"embeddable":true,"href":"https:\/\/www.etoro.com\/es\/wp-json\/wp\/v2\/media\/348685"}],"wp:attachment":[{"href":"https:\/\/www.etoro.com\/es\/wp-json\/wp\/v2\/media?parent=351352"}],"wp:term":[{"taxonomy":"asset_type","embeddable":true,"href":"https:\/\/www.etoro.com\/es\/wp-json\/wp\/v2\/asset_type?post=351352"}],"curies":[{"name":"wp","href":"https:\/\/api.w.org\/{rel}","templated":true}]}}