{"id":427110,"date":"2022-04-21T14:25:38","date_gmt":"2022-04-21T11:25:38","guid":{"rendered":"https:\/\/www.etoro.com\/?page_id=427110"},"modified":"2025-08-21T19:27:27","modified_gmt":"2025-08-21T16:27:27","slug":"reviews","status":"publish","type":"page","link":"https:\/\/www.etoro.com\/es\/about\/reviews\/","title":{"rendered":"eToro Reviews"},"content":{"rendered":"\n<div class=\"wp-block-etoro-half-cover has-white-background-color\">\n<div class=\"wp-block-etoro-half-cover-left\"><p id=\"breadcrumbs\" class=\"gray-dark\"><span><span><a href=\"https:\/\/www.etoro.com\/es\/\">Inicio<\/a><\/span><\/span><\/p>\n<h1 class=\"wp-block-heading is-style-banner-title\">eToro <strong style=\"display: inline !important;\">RESE\u00d1AS<\/strong><\/h1>\n\n\n\n<p>Lea m\u00e1s de mil rese\u00f1as&nbsp;sobre eToro escritas por usuarios reales<\/p>\n<\/div>\n\n\n\n<div class=\"wp-block-etoro-half-cover-right\">\n<img decoding=\"async\" src=\"https:\/\/www.etoro.com\/wp-content\/uploads\/2025\/08\/eToro-Reviews_main.png\" alt=\"\" class=\"wp-block-etoro-half-cover-media\"\/><img decoding=\"async\" src=\"https:\/\/www.etoro.com\/wp-content\/uploads\/2025\/08\/eToro-Reviews_desktop.png\" alt=\"\" class=\"wp-block-etoro-half-cover-media-desktop\"\/><img decoding=\"async\" src=\"https:\/\/www.etoro.com\/wp-content\/uploads\/2025\/08\/eToro-Reviews_tablet.png\" alt=\"\" class=\"wp-block-etoro-half-cover-media-tablet\"\/><img decoding=\"async\" src=\"https:\/\/www.etoro.com\/wp-content\/uploads\/2025\/08\/eToro-Reviews_mobile.png\" alt=\"\" class=\"wp-block-etoro-half-cover-media-mobile\"\/>\n<\/div>\n<\/div>\n\n\n\n<section class=\"wp-block-group wp-block-group-boxed\"><div class=\"wp-block-group-inner is-layout-flow wp-block-group-is-layout-flow\">\n<div class=\"wp-block-columns are-vertically-aligned-top wp-block-columns-1 wp-block-columns-size-14 is-layout-flex wp-container-core-columns-is-layout-1 wp-block-columns-is-layout-flex\">\n<div class=\"wp-block-column is-layout-flow wp-block-column-is-layout-flow\">\n<p class=\"has-text-align-center\">eToro es la plataforma social de inversi\u00f3n m\u00e1s grande del mundo y es la soluci\u00f3n para invertir de forma segura para millones de personas en todo el mundo.<\/p>\n\n\n\n<p class=\"has-text-align-center\">El fortalecimiento de la comunidad es uno de los objetivos fundamentales de eToro. Nuestros usuarios nos brindan excelentes rese\u00f1as, gracias a las&nbsp;<a href=\"https:\/\/www.etoro.com\/es\/trading\/social\/\">herramientas sociales de inversi\u00f3n<\/a>, a la interfaz intuitiva y confiable, a las numerosas opciones de inversi\u00f3n y a las conversaciones que constantemente se generan en nuestro feed.<\/p>\n<\/div>\n<\/div>\n<\/div><\/section>\n\n\n\n<section class=\"wp-block-group wp-block-group-boxed has-white-background-color has-background\"><div class=\"wp-block-group-inner is-layout-flow wp-block-group-is-layout-flow\">\n<div class=\"wp-block-columns are-vertically-aligned-top wp-block-columns-2 is-layout-flex wp-container-core-columns-is-layout-2 wp-block-columns-is-layout-flex\">\n<div class=\"wp-block-column is-layout-flow wp-block-column-is-layout-flow\">\n<figure class=\"wp-block-image size-full\"><img loading=\"lazy\" decoding=\"async\" width=\"619\" height=\"464\" src=\"https:\/\/www.etoro.com\/wp-content\/uploads\/2025\/08\/How-do-we-maintain-our-reputation.png\" alt=\"How do we maintain our reputation\" class=\"wp-image-1122092 wp-image-desktop\" srcset=\"https:\/\/www.etoro.com\/wp-content\/uploads\/2025\/08\/How-do-we-maintain-our-reputation.png 619w, https:\/\/www.etoro.com\/wp-content\/uploads\/2025\/08\/How-do-we-maintain-our-reputation-300x225.png 300w\" sizes=\"(max-width: 619px) 100vw, 619px\" \/><\/figure>\n<\/div>\n\n\n\n<div class=\"wp-block-column is-layout-flow wp-block-column-is-layout-flow\">\n<h2 class=\"wp-block-heading\"><strong><b class=\"wp-etoro-format-colored-green\">\u00bfC\u00f3mo mantenemos&nbsp;<\/b>nuestra reputaci\u00f3n?<\/strong><\/h2>\n\n\n\n<p>eToro ha conservado una excelente reputaci\u00f3n haciendo hincapi\u00e9 en la transparencia, la seguridad, la regulaci\u00f3n y la comunicaci\u00f3n permanente con sus clientes. Puede obtener m\u00e1s informaci\u00f3n sobre las razones para invertir con nosotros en la secci\u00f3n&nbsp;<a href=\"https:\/\/www.etoro.com\/es\/about\/why-choose-us\/\">\u00bfPor qu\u00e9 elegirnos?<\/a>&nbsp;y tambi\u00e9n puede conocer un poco m\u00e1s sobre nuestra historia y nuestro presente en&nbsp;<a href=\"https:\/\/www.etoro.com\/es\/about\/\">Acerca de eToro<\/a>.<\/p>\n\n\n\n<div class=\"wp-block-buttons is-layout-flex wp-block-buttons-is-layout-flex\">\n<a class=\"e-cta e-cta-primary\" href=\"https:\/\/www.etoro.com\/es\/accounts\/sign-up\">\u00danase a eToro<\/a>\n<\/div>\n<\/div>\n<\/div>\n<\/div><\/section>\n\n\n\n<section class=\"wp-block-group wp-block-group-boxed\"><div class=\"wp-block-group-inner is-layout-flow wp-block-group-is-layout-flow\">\n<h2 class=\"wp-block-heading has-text-align-center\"><strong><b class=\"wp-etoro-format-colored-green\">Opiniones de usuarios<\/b> sobre eToro<\/strong><div><span style=\"font-weight: 700;\"><\/span><\/div><\/h2>\n\n\n\n\t<!-- TrustBox widget - Grid -->\n\t<div class=\"trustpilot-widget\"\n\t     data-locale=\"es\"\n\t     data-template-id=\"539adbd6dec7e10e686debee\"\n\t     data-businessunit-id=\"4aa6d5d3000064000504b834\"\n\t     data-style-width=\"100%\"\n\t     data-style-height=\"500px\"\n\t     data-theme=\"light\"\n\t     data-stars=\"3,4,5\"\n\t     data-review-languages=\"es\">\n\t\t<a href=\"https:\/\/uk.trustpilot.com\/review\/www.etoro.com\" target=\"_blank\" rel=\"noopener\">Trustpilot<\/a>\n\t<\/div>\n\t<!-- End TrustBox widget -->\n\n\t\n<\/div><\/section>\n\n\n\n<section class=\"wp-block-group wp-block-group-boxed has-white-background-color has-background\"><div class=\"wp-block-group-inner is-layout-flow wp-block-group-is-layout-flow\">\n<p class=\"has-text-align-center\">La experiencia eToro se encuentra disponible en m\u00faltiples dispositivos.<br>Descubra lo que opinan nuestros usuarios de Android y iOS acerca de nuestra app.<\/p>\n\n\n\n<div class=\"wp-block-columns are-vertically-aligned-top wp-block-columns-1 is-layout-flex wp-container-core-columns-is-layout-3 wp-block-columns-is-layout-flex\">\n<div class=\"wp-block-column is-layout-flow wp-block-column-is-layout-flow\"><p><script src=\"https:\/\/apps.elfsight.com\/p\/platform.js\" defer><\/script><\/p>\n<div class=\"elfsight-app-4f377533-ded5-4386-8568-246a3b72ec96\"><\/div>\n<\/div>\n<\/div>\n<\/div><\/section>\n\n\n\n<section class=\"wp-block-group wp-block-group-boxed\"><div class=\"wp-block-group-inner is-layout-flow wp-block-group-is-layout-flow\">\n<h2 class=\"wp-block-heading has-text-align-center\"><strong>Gestiona tus inversiones f\u00e1cilmente con<b class=\"wp-etoro-format-colored-green\"> la aplicaci\u00f3n de eToro<\/b><\/strong><br><\/h2>\n\n\n\n<p class=\"has-text-align-center hide-on-mobile hide-on-tablet\">Escanea el c\u00f3digo<\/p>\n\n\n\n<figure class=\"wp-block-image aligncenter size-full hide-on-mobile hide-on-tablet\"><img loading=\"lazy\" decoding=\"async\" width=\"634\" height=\"457\" src=\"https:\/\/www.etoro.com\/wp-content\/uploads\/2025\/08\/using-the-eToro-app.png\" alt=\"\" class=\"wp-image-1122149 wp-image-desktop\" srcset=\"https:\/\/www.etoro.com\/wp-content\/uploads\/2025\/08\/using-the-eToro-app.png 634w, https:\/\/www.etoro.com\/wp-content\/uploads\/2025\/08\/using-the-eToro-app-300x216.png 300w\" sizes=\"(max-width: 634px) 100vw, 634px\" \/><\/figure>\n\n\n\n<p class=\"has-text-align-center hide-on-desktop\">Descarga la aplicaci\u00f3n ahora:<\/p>\n\n\n\n<div class=\"wp-block-columns are-vertically-aligned-top wp-block-columns-2 is-layout-flex wp-container-core-columns-is-layout-4 wp-block-columns-is-layout-flex\">\n<div class=\"wp-block-column is-layout-flow wp-block-column-is-layout-flow\">\n<figure class=\"wp-block-image aligncenter size-full hide-on-desktop\"><a href=\"https:\/\/etoro.onelink.me\/2615279504?af_js_web=true&amp;af_ss_ver=2_9_3&amp;pid=utm_medium&amp;af_ss_ui=true&amp;af_click_lookback=60d\" rel=\"nofollow noopener noreferrer\" ><img loading=\"lazy\" decoding=\"async\" width=\"153\" height=\"45\" src=\"https:\/\/www.etoro.com\/wp-content\/uploads\/2025\/08\/App-Store-eng.png\" alt=\"\" class=\"wp-image-1122177 wp-image-desktop\" srcset=\"https:\/\/www.etoro.com\/wp-content\/uploads\/2025\/08\/App-Store-eng.png 153w, https:\/\/www.etoro.com\/wp-content\/uploads\/2025\/08\/App-Store-eng-150x45.png 150w\" sizes=\"(max-width: 153px) 100vw, 153px\" \/><\/a><\/figure>\n<\/div>\n\n\n\n<div class=\"wp-block-column is-layout-flow wp-block-column-is-layout-flow\">\n<figure class=\"wp-block-image aligncenter size-full hide-on-desktop\"><img loading=\"lazy\" decoding=\"async\" width=\"153\" height=\"45\" src=\"https:\/\/www.etoro.com\/wp-content\/uploads\/2025\/08\/Google-Play-eng.png\" alt=\"\" class=\"wp-image-1122203 wp-image-desktop\" srcset=\"https:\/\/www.etoro.com\/wp-content\/uploads\/2025\/08\/Google-Play-eng.png 153w, https:\/\/www.etoro.com\/wp-content\/uploads\/2025\/08\/Google-Play-eng-150x45.png 150w\" sizes=\"(max-width: 153px) 100vw, 153px\" \/><\/figure>\n<\/div>\n<\/div>\n<\/div><\/section>\n","protected":false},"excerpt":{"rendered":"<p>eToro es la plataforma social de inversi\u00f3n m\u00e1s grande del mundo y es la soluci\u00f3n para invertir de forma segura para millones de personas en todo el mundo. El fortalecimiento de la comunidad es uno de los objetivos fundamentales de eToro. Nuestros usuarios nos brindan excelentes rese\u00f1as, gracias a las&nbsp;herramientas sociales de inversi\u00f3n, a la&hellip;<\/p>\n","protected":false},"author":95,"featured_media":1122142,"parent":6898,"menu_order":0,"comment_status":"closed","ping_status":"closed","template":"","meta":{"_acf_changed":false,"inline_featured_image":false,"sticky_cta_settings":"","footnotes":""},"asset_type":[],"class_list":["post-427110","page","type-page","status-publish","has-post-thumbnail","hentry"],"acf":[],"yoast_head":"<title>Rese\u00f1as de inversi\u00f3n de eToro y opiniones de usuarios reales<\/title>\n<meta name=\"description\" content=\"La plataforma de inversi\u00f3n social de eToro alberga a millones de inversores. Lea sus rese\u00f1as, por qu\u00e9 nos eligieron y qu\u00e9 tienen que decir sobre nosotros.\" \/>\n<meta name=\"robots\" content=\"index, follow, max-snippet:-1, max-image-preview:large, max-video-preview:-1\" \/>\n<link rel=\"canonical\" href=\"https:\/\/www.etoro.com\/es\/wp-json\/wp\/v2\/pages\/427110\" \/>\n<meta property=\"og:locale\" content=\"es_ES\" \/>\n<meta property=\"og:type\" content=\"article\" \/>\n<meta property=\"og:title\" content=\"Rese\u00f1as de inversi\u00f3n de eToro y opiniones de usuarios reales\" \/>\n<meta property=\"og:description\" content=\"La plataforma de inversi\u00f3n social de eToro alberga a millones de inversores. Lea sus rese\u00f1as, por qu\u00e9 nos eligieron y qu\u00e9 tienen que decir sobre nosotros.\" \/>\n<meta property=\"og:url\" content=\"https:\/\/www.etoro.com\/es\/wp-json\/wp\/v2\/pages\/427110\" \/>\n<meta property=\"og:site_name\" content=\"eToro\" \/>\n<meta property=\"article:publisher\" content=\"https:\/\/www.facebook.com\/eToro\/\" \/>\n<meta property=\"article:modified_time\" content=\"2025-08-21T16:27:27+00:00\" \/>\n<meta property=\"og:image\" content=\"https:\/\/www.etoro.com\/wp-content\/uploads\/2022\/03\/eToro-Reviews-mobile-Hero.jpg\" \/>\n\t<meta property=\"og:image:width\" content=\"374\" \/>\n\t<meta property=\"og:image:height\" content=\"490\" \/>\n\t<meta property=\"og:image:type\" content=\"image\/jpeg\" \/>\n<meta name=\"twitter:card\" content=\"summary_large_image\" \/>\n<meta name=\"twitter:image\" content=\"https:\/\/www.etoro.com\/wp-content\/uploads\/2022\/03\/eToro-Reviews-mobile-Hero.jpg\" \/>\n<meta name=\"twitter:site\" content=\"@eToro\" \/>\n<script type=\"application\/ld+json\" class=\"yoast-schema-graph\">{\"@context\":\"https:\/\/schema.org\",\"@graph\":[{\"@type\":\"WebPage\",\"@id\":\"https:\/\/www.etoro.com\/es\/about\/reviews\/\",\"url\":\"https:\/\/www.etoro.com\/es\/about\/reviews\/\",\"name\":\"Rese\u00f1as de inversi\u00f3n de eToro y opiniones de usuarios reales\",\"isPartOf\":{\"@id\":\"https:\/\/www.etoro.com\/es\/#website\"},\"primaryImageOfPage\":{\"@id\":\"https:\/\/www.etoro.com\/es\/about\/reviews\/#primaryimage\"},\"image\":{\"@id\":\"https:\/\/www.etoro.com\/es\/about\/reviews\/#primaryimage\"},\"thumbnailUrl\":\"https:\/\/www.etoro.com\/wp-content\/uploads\/2025\/08\/Featured-image-1200x630_eToro-Reviews.png\",\"datePublished\":\"2022-04-21T11:25:38+00:00\",\"dateModified\":\"2025-08-21T16:27:27+00:00\",\"description\":\"La plataforma de inversi\u00f3n social de eToro alberga a millones de inversores. Lea sus rese\u00f1as, por qu\u00e9 nos eligieron y qu\u00e9 tienen que decir sobre nosotros.\",\"breadcrumb\":{\"@id\":\"https:\/\/www.etoro.com\/es\/about\/reviews\/#breadcrumb\"},\"inLanguage\":\"es\",\"potentialAction\":[{\"@type\":\"ReadAction\",\"target\":[\"https:\/\/www.etoro.com\/es\/about\/reviews\/\"]}]},{\"@type\":\"ImageObject\",\"inLanguage\":\"es\",\"@id\":\"https:\/\/www.etoro.com\/es\/about\/reviews\/#primaryimage\",\"url\":\"https:\/\/www.etoro.com\/wp-content\/uploads\/2025\/08\/Featured-image-1200x630_eToro-Reviews.png\",\"contentUrl\":\"https:\/\/www.etoro.com\/wp-content\/uploads\/2025\/08\/Featured-image-1200x630_eToro-Reviews.png\",\"width\":1200,\"height\":630,\"caption\":\"eToro Reviews\"},{\"@type\":\"BreadcrumbList\",\"@id\":\"https:\/\/www.etoro.com\/es\/about\/reviews\/#breadcrumb\",\"itemListElement\":[{\"@type\":\"ListItem\",\"position\":1,\"name\":\"Inicio\",\"item\":\"https:\/\/www.etoro.com\/es\/\"},{\"@type\":\"ListItem\",\"position\":2,\"name\":\"Acerca\",\"item\":\"https:\/\/www.etoro.com\/es\/about\/\"},{\"@type\":\"ListItem\",\"position\":3,\"name\":\"reviews\"}]},{\"@type\":\"WebSite\",\"@id\":\"https:\/\/www.etoro.com\/es\/#website\",\"url\":\"https:\/\/www.etoro.com\/es\/\",\"name\":\"eToro\",\"description\":\"\",\"publisher\":{\"@id\":\"https:\/\/www.etoro.com\/es\/#organization\"},\"potentialAction\":[{\"@type\":\"SearchAction\",\"target\":{\"@type\":\"EntryPoint\",\"urlTemplate\":\"https:\/\/www.etoro.com\/es\/?s={search_term_string}\"},\"query-input\":{\"@type\":\"PropertyValueSpecification\",\"valueRequired\":true,\"valueName\":\"search_term_string\"}}],\"inLanguage\":\"es\"},[]]}<\/script>","yoast_head_json":{"title":"Rese\u00f1as de inversi\u00f3n de eToro y opiniones de usuarios reales","description":"La plataforma de inversi\u00f3n social de eToro alberga a millones de inversores. Lea sus rese\u00f1as, por qu\u00e9 nos eligieron y qu\u00e9 tienen que decir sobre nosotros.","robots":{"index":"index","follow":"follow","max-snippet":"max-snippet:-1","max-image-preview":"max-image-preview:large","max-video-preview":"max-video-preview:-1"},"canonical":"https:\/\/www.etoro.com\/es\/wp-json\/wp\/v2\/pages\/427110","og_locale":"es_ES","og_type":"article","og_title":"Rese\u00f1as de inversi\u00f3n de eToro y opiniones de usuarios reales","og_description":"La plataforma de inversi\u00f3n social de eToro alberga a millones de inversores. Lea sus rese\u00f1as, por qu\u00e9 nos eligieron y qu\u00e9 tienen que decir sobre nosotros.","og_url":"https:\/\/www.etoro.com\/es\/wp-json\/wp\/v2\/pages\/427110","og_site_name":"eToro","article_publisher":"https:\/\/www.facebook.com\/eToro\/","article_modified_time":"2025-08-21T16:27:27+00:00","og_image":[{"width":374,"height":490,"url":"https:\/\/www.etoro.com\/wp-content\/uploads\/2022\/03\/eToro-Reviews-mobile-Hero.jpg","type":"image\/jpeg"}],"twitter_card":"summary_large_image","twitter_image":"https:\/\/www.etoro.com\/wp-content\/uploads\/2022\/03\/eToro-Reviews-mobile-Hero.jpg","twitter_site":"@eToro","schema":{"@context":"https:\/\/schema.org","@graph":[{"@type":"WebPage","@id":"https:\/\/www.etoro.com\/es\/about\/reviews\/","url":"https:\/\/www.etoro.com\/es\/about\/reviews\/","name":"Rese\u00f1as de inversi\u00f3n de eToro y opiniones de usuarios reales","isPartOf":{"@id":"https:\/\/www.etoro.com\/es\/#website"},"primaryImageOfPage":{"@id":"https:\/\/www.etoro.com\/es\/about\/reviews\/#primaryimage"},"image":{"@id":"https:\/\/www.etoro.com\/es\/about\/reviews\/#primaryimage"},"thumbnailUrl":"https:\/\/www.etoro.com\/wp-content\/uploads\/2025\/08\/Featured-image-1200x630_eToro-Reviews.png","datePublished":"2022-04-21T11:25:38+00:00","dateModified":"2025-08-21T16:27:27+00:00","description":"La plataforma de inversi\u00f3n social de eToro alberga a millones de inversores. Lea sus rese\u00f1as, por qu\u00e9 nos eligieron y qu\u00e9 tienen que decir sobre nosotros.","breadcrumb":{"@id":"https:\/\/www.etoro.com\/es\/about\/reviews\/#breadcrumb"},"inLanguage":"es","potentialAction":[{"@type":"ReadAction","target":["https:\/\/www.etoro.com\/es\/about\/reviews\/"]}]},{"@type":"ImageObject","inLanguage":"es","@id":"https:\/\/www.etoro.com\/es\/about\/reviews\/#primaryimage","url":"https:\/\/www.etoro.com\/wp-content\/uploads\/2025\/08\/Featured-image-1200x630_eToro-Reviews.png","contentUrl":"https:\/\/www.etoro.com\/wp-content\/uploads\/2025\/08\/Featured-image-1200x630_eToro-Reviews.png","width":1200,"height":630,"caption":"eToro Reviews"},{"@type":"BreadcrumbList","@id":"https:\/\/www.etoro.com\/es\/about\/reviews\/#breadcrumb","itemListElement":[{"@type":"ListItem","position":1,"name":"Inicio","item":"https:\/\/www.etoro.com\/es\/"},{"@type":"ListItem","position":2,"name":"Acerca","item":"https:\/\/www.etoro.com\/es\/about\/"},{"@type":"ListItem","position":3,"name":"reviews"}]},{"@type":"WebSite","@id":"https:\/\/www.etoro.com\/es\/#website","url":"https:\/\/www.etoro.com\/es\/","name":"eToro","description":"","publisher":{"@id":"https:\/\/www.etoro.com\/es\/#organization"},"potentialAction":[{"@type":"SearchAction","target":{"@type":"EntryPoint","urlTemplate":"https:\/\/www.etoro.com\/es\/?s={search_term_string}"},"query-input":{"@type":"PropertyValueSpecification","valueRequired":true,"valueName":"search_term_string"}}],"inLanguage":"es"},[]]}},"_links":{"self":[{"href":"https:\/\/www.etoro.com\/es\/wp-json\/wp\/v2\/pages\/427110"}],"collection":[{"href":"https:\/\/www.etoro.com\/es\/wp-json\/wp\/v2\/pages"}],"about":[{"href":"https:\/\/www.etoro.com\/es\/wp-json\/wp\/v2\/types\/page"}],"author":[{"embeddable":true,"href":"https:\/\/www.etoro.com\/es\/wp-json\/wp\/v2\/users\/95"}],"replies":[{"embeddable":true,"href":"https:\/\/www.etoro.com\/es\/wp-json\/wp\/v2\/comments?post=427110"}],"version-history":[{"count":0,"href":"https:\/\/www.etoro.com\/es\/wp-json\/wp\/v2\/pages\/427110\/revisions"}],"up":[{"embeddable":true,"href":"https:\/\/www.etoro.com\/es\/wp-json\/wp\/v2\/pages\/6898"}],"wp:featuredmedia":[{"embeddable":true,"href":"https:\/\/www.etoro.com\/es\/wp-json\/wp\/v2\/media\/1122142"}],"wp:attachment":[{"href":"https:\/\/www.etoro.com\/es\/wp-json\/wp\/v2\/media?parent=427110"}],"wp:term":[{"taxonomy":"asset_type","embeddable":true,"href":"https:\/\/www.etoro.com\/es\/wp-json\/wp\/v2\/asset_type?post=427110"}],"curies":[{"name":"wp","href":"https:\/\/api.w.org\/{rel}","templated":true}]}}