{"id":527667,"date":"2022-10-26T12:40:22","date_gmt":"2022-10-26T09:40:22","guid":{"rendered":"https:\/\/www.etoro.com\/?page_id=527667"},"modified":"2026-02-11T20:05:10","modified_gmt":"2026-02-11T18:05:10","slug":"tax-report","status":"publish","type":"page","link":"https:\/\/www.etoro.com\/es\/customer-service\/tax-report\/","title":{"rendered":"Informe fiscal de eToro"},"content":{"rendered":"\n<section class=\"wp-block-group wp-block-group-boxed has-white-background-color has-background\"><div class=\"wp-block-group-inner is-layout-flow wp-block-group-is-layout-flow\">\n<div class=\"wp-block-columns are-vertically-aligned-top wp-block-columns-1 is-layout-flex wp-container-core-columns-is-layout-1 wp-block-columns-is-layout-flex\">\n<div class=\"wp-block-column is-layout-flow wp-block-column-is-layout-flow\">\n<h2 class=\"wp-block-heading has-text-align-center\"><strong><strong>Informe fiscal de eToro<\/strong><\/strong><\/h2>\n\n\n\n<p class=\"has-text-align-center\">Un informe anual detallado con la informaci\u00f3n financiera relevante sobre todas sus transacciones en eToro.<\/p>\n<\/div>\n<\/div>\n<\/div><\/section>\n\n\n\n<section class=\"wp-block-group wp-block-group-boxed\"><div class=\"wp-block-group-inner is-layout-flow wp-block-group-is-layout-flow\">\n<div class=\"wp-block-columns are-vertically-aligned-center wp-block-columns-2 is-layout-flex wp-container-core-columns-is-layout-2 wp-block-columns-is-layout-flex\">\n<div class=\"wp-block-column is-text-column is-layout-flow wp-block-column-is-layout-flow\">\n<h2 class=\"wp-block-heading\"><span>\u00bfQu\u00e9 es<strong>&nbsp;el informe fiscal de eToro?<\/strong><\/span><\/h2>\n\n\n\n<p>El informe fiscal de eToro es un nuevo servicio que ofrecemos a los miembros de nuestro club. Se trata de un informe detallado producido anualmente con la informaci\u00f3n financiera relevante sobre todas sus transacciones en eToro, incluyendo los ingresos y las ganancias y p\u00e9rdidas a lo largo del a\u00f1o fiscal. El informe que recibe se presenta con c\u00e1lculos basados en las leyes y los reglamentos fiscales de su pa\u00eds de residencia fiscal.<\/p>\n<\/div>\n\n\n\n<div class=\"wp-block-column is-layout-flow wp-block-column-is-layout-flow\">\n<figure class=\"wp-block-image size-full\"><img loading=\"lazy\" decoding=\"async\" width=\"576\" height=\"394\" src=\"https:\/\/www.etoro.com\/wp-content\/uploads\/2022\/10\/Image-20.png\" alt=\"What is the eToro tax report?\" class=\"wp-image-509163 wp-image-desktop\" srcset=\"https:\/\/www.etoro.com\/wp-content\/uploads\/2022\/10\/Image-20.png 576w, https:\/\/www.etoro.com\/wp-content\/uploads\/2022\/10\/Image-20-300x205.png 300w\" sizes=\"(max-width: 576px) 100vw, 576px\" \/><\/figure>\n<\/div>\n<\/div>\n<\/div><\/section>\n\n\n\n<section class=\"wp-block-group wp-block-group-boxed has-dark-blue-background-color has-background\"><div class=\"wp-block-group-inner is-layout-flow wp-block-group-is-layout-flow\">\n<div class=\"wp-block-columns are-vertically-aligned-center wp-block-columns-2 is-swapped-on-mobile is-layout-flex wp-container-core-columns-is-layout-3 wp-block-columns-is-layout-flex\">\n<div class=\"wp-block-column is-layout-flow wp-block-column-is-layout-flow\">\n<figure class=\"wp-block-image size-full\"><img loading=\"lazy\" decoding=\"async\" width=\"576\" height=\"394\" src=\"https:\/\/www.etoro.com\/wp-content\/uploads\/2022\/10\/Image-21.png\" alt=\"What are the benefits?\" class=\"wp-image-509187 wp-image-desktop\" srcset=\"https:\/\/www.etoro.com\/wp-content\/uploads\/2022\/10\/Image-21.png 576w, https:\/\/www.etoro.com\/wp-content\/uploads\/2022\/10\/Image-21-300x205.png 300w\" sizes=\"(max-width: 576px) 100vw, 576px\" \/><\/figure>\n<\/div>\n\n\n\n<div class=\"wp-block-column is-text-column is-layout-flow wp-block-column-is-layout-flow\">\n<h2 class=\"wp-block-heading\"><span>\u00bfCu\u00e1les son<strong>&nbsp;los beneficios?<\/strong><\/span><\/h2>\n\n\n\n<p>El principal beneficio es que lo ayuda a declarar sus impuestos, junto con todos sus otros ingresos imponibles.<\/p>\n\n\n\n<ul class=\"wp-block-list wp-block-list wp-block-list-circle\">\n<li>\u00a1El informe te hace la vida m\u00e1s f\u00e1cil!<\/li>\n\n\n\n<li>Gratuito<\/li>\n\n\n\n<li>Se puede utilizar para presentar sus impuestos sobre la renta personal en la autoridad fiscal competente.<\/li>\n<\/ul>\n\n\n\n<p>Creemos que este nuevo servicio le ser\u00e1 de gran utilidad. No obstante, a veces los impuestos pueden ser complicados, por lo que le sugerimos que consulte con un asesor fiscal sobre c\u00f3mo presentar los informes.<\/p>\n<\/div>\n<\/div>\n<\/div><\/section>\n\n\n\n<section class=\"wp-block-group wp-block-group-boxed\"><div class=\"wp-block-group-inner is-layout-flow wp-block-group-is-layout-flow\">\n<div class=\"wp-block-columns are-vertically-aligned-center wp-block-columns-2 is-layout-flex wp-container-core-columns-is-layout-4 wp-block-columns-is-layout-flex\">\n<div class=\"wp-block-column is-text-column is-layout-flow wp-block-column-is-layout-flow\">\n<h2 class=\"wp-block-heading\"><strong>\u00bfEn qu\u00e9 se diferencia el informe fiscal de eToro<\/strong>&nbsp;del estado de cuenta de eToro?<\/h2>\n\n\n\n<p>Ambos son \u00fatiles, pero el informe fiscal lleva el estado de cuenta al siguiente nivel. As\u00ed es c\u00f3mo:<\/p>\n\n\n\n<p>El estado de cuenta de eToro le brinda una instant\u00e1nea de toda su actividad, ingresos, ganancias y p\u00e9rdidas en la plataforma de eToro.<\/p>\n\n\n\n<p>El informe fiscal de eToro es un informe anual que proporciona toda la informaci\u00f3n del estado de cuenta y calcula la parte de eToro de los impuestos declarables del titular de la cuenta, de acuerdo con las leyes y los reglamentos fiscales del pa\u00eds de residencia fiscal del titular de la cuenta.<\/p>\n<\/div>\n\n\n\n<div class=\"wp-block-column is-layout-flow wp-block-column-is-layout-flow\">\n<figure class=\"wp-block-image size-full\"><img loading=\"lazy\" decoding=\"async\" width=\"576\" height=\"394\" src=\"https:\/\/www.etoro.com\/wp-content\/uploads\/2022\/10\/Image-22.png\" alt=\"How is the eToro tax report different from the eToro account statement?\" class=\"wp-image-509212 wp-image-desktop\" srcset=\"https:\/\/www.etoro.com\/wp-content\/uploads\/2022\/10\/Image-22.png 576w, https:\/\/www.etoro.com\/wp-content\/uploads\/2022\/10\/Image-22-300x205.png 300w\" sizes=\"(max-width: 576px) 100vw, 576px\" \/><\/figure>\n<\/div>\n<\/div>\n<\/div><\/section>\n\n\n\n<section class=\"wp-block-group wp-block-group-boxed has-white-background-color has-background\"><div class=\"wp-block-group-inner is-layout-flow wp-block-group-is-layout-flow\">\n<div class=\"wp-block-columns are-vertically-aligned-top wp-block-columns-1 is-layout-flex wp-container-core-columns-is-layout-5 wp-block-columns-is-layout-flex\">\n<div class=\"wp-block-column is-layout-flow wp-block-column-is-layout-flow\">\n<h2 class=\"wp-block-heading has-text-align-center\">Puede encontrar m\u00e1s informaci\u00f3n sobre el informe fiscal para los siguientes pa\u00edses en los enlaces a continuaci\u00f3n<\/h2>\n<\/div>\n<\/div>\n\n\n\n<p><\/p>\n\n\n\n<div class=\"wp-block-columns are-vertically-aligned-center wp-block-columns-4 is-layout-flex wp-container-core-columns-is-layout-6 wp-block-columns-is-layout-flex\">\n<div class=\"wp-block-column is-layout-flow wp-block-column-is-layout-flow\">\n<div class=\"wp-block-etoro-card wp-block-etoro-card-size-small wp-block-etoro-card-thumbnail-position-side wp-block-etoro-card-default\"><img decoding=\"async\" src=\"https:\/\/www.etoro.com\/wp-content\/uploads\/2022\/12\/australia.png\" alt=\"\" class=\"wp-block-etoro-card-thumbnail\"\/><div class=\"wp-block-etoro-card-body\"><div class=\"wp-block-etoro-card-content\">\n<p><a href=\"https:\/\/help.etoro.com\/s\/article\/Tax-Report-for-Australian-Residents?language=es\">Australia<\/a><\/p>\n<\/div><\/div><\/div>\n<\/div>\n\n\n\n<div class=\"wp-block-column is-layout-flow wp-block-column-is-layout-flow\">\n<div class=\"wp-block-etoro-card wp-block-etoro-card-size-small wp-block-etoro-card-thumbnail-position-side wp-block-etoro-card-default\"><img decoding=\"async\" src=\"https:\/\/www.etoro.com\/wp-content\/uploads\/2023\/03\/Crypto.png\" alt=\"\" class=\"wp-block-etoro-card-thumbnail\"\/><div class=\"wp-block-etoro-card-body\"><div class=\"wp-block-etoro-card-content\">\n<p><a href=\"https:\/\/help.etoro.com\/s\/article\/Tax-Report-for-Austrian-Residents?language=es\">Austria<\/a><\/p>\n<\/div><\/div><\/div>\n<\/div>\n\n\n\n<div class=\"wp-block-column is-layout-flow wp-block-column-is-layout-flow\">\n<div class=\"wp-block-etoro-card wp-block-etoro-card-size-small wp-block-etoro-card-thumbnail-position-side wp-block-etoro-card-default\"><img decoding=\"async\" src=\"https:\/\/www.etoro.com\/wp-content\/uploads\/2022\/12\/denmark.png\" alt=\"\" class=\"wp-block-etoro-card-thumbnail\"\/><div class=\"wp-block-etoro-card-body\"><div class=\"wp-block-etoro-card-content\">\n<p><a href=\"https:\/\/help.etoro.com\/s\/article\/Tax-report-for-Danish-residents?language=es\">Dinamarca<\/a><\/p>\n<\/div><\/div><\/div>\n<\/div>\n\n\n\n<div class=\"wp-block-column is-layout-flow wp-block-column-is-layout-flow\">\n<div class=\"wp-block-etoro-card wp-block-etoro-card-size-small wp-block-etoro-card-thumbnail-position-side wp-block-etoro-card-default\"><img decoding=\"async\" src=\"https:\/\/www.etoro.com\/wp-content\/uploads\/2022\/12\/france.png\" alt=\"\" class=\"wp-block-etoro-card-thumbnail\"\/><div class=\"wp-block-etoro-card-body\"><div class=\"wp-block-etoro-card-content\">\n<p><a href=\"https:\/\/help.etoro.com\/s\/article\/Tax-Report-for-French-Residents?language=es\">Francia<\/a><\/p>\n<\/div><\/div><\/div>\n<\/div>\n<\/div>\n\n\n\n<div class=\"wp-block-columns are-vertically-aligned-center wp-block-columns-4 is-layout-flex wp-container-core-columns-is-layout-7 wp-block-columns-is-layout-flex\">\n<div class=\"wp-block-column is-layout-flow wp-block-column-is-layout-flow\">\n<div class=\"wp-block-etoro-card wp-block-etoro-card-size-small wp-block-etoro-card-thumbnail-position-side wp-block-etoro-card-default\"><img decoding=\"async\" src=\"https:\/\/www.etoro.com\/wp-content\/uploads\/2022\/12\/germany.png\" alt=\"\" class=\"wp-block-etoro-card-thumbnail\"\/><div class=\"wp-block-etoro-card-body\"><div class=\"wp-block-etoro-card-content\">\n<p><a href=\"https:\/\/help.etoro.com\/s\/article\/Tax-Report-for-German-Residents?language=es\">Alemania<\/a><\/p>\n<\/div><\/div><\/div>\n<\/div>\n\n\n\n<div class=\"wp-block-column is-layout-flow wp-block-column-is-layout-flow\">\n<div class=\"wp-block-etoro-card wp-block-etoro-card-size-small wp-block-etoro-card-thumbnail-position-side wp-block-etoro-card-default\"><img decoding=\"async\" src=\"https:\/\/www.etoro.com\/wp-content\/uploads\/2022\/12\/italy.png\" alt=\"\" class=\"wp-block-etoro-card-thumbnail\"\/><div class=\"wp-block-etoro-card-body\"><div class=\"wp-block-etoro-card-content\">\n<p><a href=\"https:\/\/help.etoro.com\/s\/article\/Tax-Report-for-Italian-Residents?language=es\">Italia<\/a><\/p>\n<\/div><\/div><\/div>\n<\/div>\n\n\n\n<div class=\"wp-block-column is-layout-flow wp-block-column-is-layout-flow\">\n<div class=\"wp-block-etoro-card wp-block-etoro-card-size-small wp-block-etoro-card-thumbnail-position-side wp-block-etoro-card-default\"><img decoding=\"async\" src=\"https:\/\/www.etoro.com\/wp-content\/uploads\/2022\/12\/netherlands.png\" alt=\"\" class=\"wp-block-etoro-card-thumbnail\"\/><div class=\"wp-block-etoro-card-body\"><div class=\"wp-block-etoro-card-content\">\n<p><a href=\"https:\/\/help.etoro.com\/s\/article\/Tax-Report-for-Dutch-Residents?language=es\">Pa\u00edses Bajos<\/a><\/p>\n<\/div><\/div><\/div>\n<\/div>\n\n\n\n<div class=\"wp-block-column is-layout-flow wp-block-column-is-layout-flow\">\n<div class=\"wp-block-etoro-card wp-block-etoro-card-size-small wp-block-etoro-card-thumbnail-position-side wp-block-etoro-card-default\"><img decoding=\"async\" src=\"https:\/\/www.etoro.com\/wp-content\/uploads\/2024\/06\/Norway.png\" alt=\"\" class=\"wp-block-etoro-card-thumbnail\"\/><div class=\"wp-block-etoro-card-body\"><div class=\"wp-block-etoro-card-content\">\n<p><a href=\"https:\/\/help.etoro.com\/s\/article\/Tax-Report-for-Norwegian-Residents?language=es\">Norway<\/a><\/p>\n<\/div><\/div><\/div>\n<\/div>\n<\/div>\n\n\n\n<div class=\"wp-block-columns are-vertically-aligned-center wp-block-columns-4 is-layout-flex wp-container-core-columns-is-layout-8 wp-block-columns-is-layout-flex\">\n<div class=\"wp-block-column is-layout-flow wp-block-column-is-layout-flow\">\n<div class=\"wp-block-etoro-card wp-block-etoro-card-size-small wp-block-etoro-card-thumbnail-position-side wp-block-etoro-card-default\"><img decoding=\"async\" src=\"https:\/\/www.etoro.com\/wp-content\/uploads\/2022\/12\/portugal.png\" alt=\"\" class=\"wp-block-etoro-card-thumbnail\"\/><div class=\"wp-block-etoro-card-body\"><div class=\"wp-block-etoro-card-content\">\n<p><a href=\"https:\/\/help.etoro.com\/s\/article\/Tax-Report-for-Portuguese-Residents?language=es\">Portugal<\/a><\/p>\n<\/div><\/div><\/div>\n<\/div>\n\n\n\n<div class=\"wp-block-column is-layout-flow wp-block-column-is-layout-flow\">\n<div class=\"wp-block-etoro-card wp-block-etoro-card-size-small wp-block-etoro-card-thumbnail-position-side wp-block-etoro-card-default\"><img decoding=\"async\" src=\"https:\/\/www.etoro.com\/wp-content\/uploads\/2022\/12\/spain.png\" alt=\"\" class=\"wp-block-etoro-card-thumbnail\"\/><div class=\"wp-block-etoro-card-body\"><div class=\"wp-block-etoro-card-content\">\n<p><a href=\"https:\/\/help.etoro.com\/s\/article\/Tax-Report-for-Spanish-Residents?language=es\">Espa\u00f1a<\/a><\/p>\n<\/div><\/div><\/div>\n<\/div>\n\n\n\n<div class=\"wp-block-column is-layout-flow wp-block-column-is-layout-flow\">\n<div class=\"wp-block-etoro-card wp-block-etoro-card-size-small wp-block-etoro-card-thumbnail-position-side wp-block-etoro-card-default\"><img decoding=\"async\" src=\"https:\/\/www.etoro.com\/wp-content\/uploads\/2024\/01\/Sweden.png\" alt=\"\" class=\"wp-block-etoro-card-thumbnail\"\/><div class=\"wp-block-etoro-card-body\"><div class=\"wp-block-etoro-card-content\">\n<p><a href=\"https:\/\/help.etoro.com\/s\/article\/Tax-Report-for-Swedish-Residents?language=es\">Sweden<\/a><\/p>\n<\/div><\/div><\/div>\n<\/div>\n\n\n\n<div class=\"wp-block-column is-layout-flow wp-block-column-is-layout-flow\">\n<div class=\"wp-block-etoro-card wp-block-etoro-card-size-small wp-block-etoro-card-thumbnail-position-side wp-block-etoro-card-default\"><img decoding=\"async\" src=\"https:\/\/www.etoro.com\/wp-content\/uploads\/2023\/05\/CH.png\" alt=\"\" class=\"wp-block-etoro-card-thumbnail\"\/><div class=\"wp-block-etoro-card-body\"><div class=\"wp-block-etoro-card-content\">\n<p><a href=\"https:\/\/help.etoro.com\/s\/article\/Tax-Report-for-Swiss-Residents?language=es\">Switzerland<\/a><\/p>\n<\/div><\/div><\/div>\n<\/div>\n<\/div>\n\n\n\n<div class=\"wp-block-columns are-vertically-aligned-center wp-block-columns-4 is-layout-flex wp-container-core-columns-is-layout-9 wp-block-columns-is-layout-flex\">\n<div class=\"wp-block-column is-layout-flow wp-block-column-is-layout-flow\">\n<div class=\"wp-block-etoro-card wp-block-etoro-card-size-small wp-block-etoro-card-thumbnail-position-side wp-block-etoro-card-default\"><img decoding=\"async\" src=\"https:\/\/www.etoro.com\/wp-content\/uploads\/2022\/12\/uk.png\" alt=\"\" class=\"wp-block-etoro-card-thumbnail\"\/><div class=\"wp-block-etoro-card-body\"><div class=\"wp-block-etoro-card-content\">\n<p><a href=\"https:\/\/help.etoro.com\/s\/article\/Tax-Report-for-UK-Residents?language=es\">Reino Unido<\/a><\/p>\n<\/div><\/div><\/div>\n<\/div>\n\n\n\n<div class=\"wp-block-column is-layout-flow wp-block-column-is-layout-flow\"><\/div>\n\n\n\n<div class=\"wp-block-column is-layout-flow wp-block-column-is-layout-flow\"><\/div>\n\n\n\n<div class=\"wp-block-column is-layout-flow wp-block-column-is-layout-flow\"><\/div>\n<\/div>\n\n\n\n<div class=\"wp-block-columns are-vertically-aligned-top wp-block-columns-1 is-layout-flex wp-container-core-columns-is-layout-10 wp-block-columns-is-layout-flex\">\n<div class=\"wp-block-column is-layout-flow wp-block-column-is-layout-flow\">\n<p><em>Cualquier dato informado en el informe de impuestos es estrictamente solo para fines informativos.<\/em><\/p>\n\n\n\n<p><em>No pretende ser una declaraci\u00f3n de impuestos ni un sustituto de asesoramiento legal.<\/em><\/p>\n\n\n\n<p><em>Le recomendamos encarecidamente que verifique el informe de impuestos con su asesor fiscal.<\/em><\/p>\n\n\n\n<p><em>eToro no proporciona asesoramiento fiscal y esta p\u00e1gina es solo para fines informativos.<\/em><\/p>\n<\/div>\n<\/div>\n<\/div><\/section>\n","protected":false},"excerpt":{"rendered":"<p>Informe fiscal de eToro Un informe anual detallado con la informaci\u00f3n financiera relevante sobre todas sus transacciones en eToro. \u00bfQu\u00e9 es&nbsp;el informe fiscal de eToro? El informe fiscal de eToro es un nuevo servicio que ofrecemos a los miembros de nuestro club. Se trata de un informe detallado producido anualmente con la informaci\u00f3n financiera relevante&hellip;<\/p>\n","protected":false},"author":75,"featured_media":0,"parent":6961,"menu_order":0,"comment_status":"closed","ping_status":"closed","template":"","meta":{"_acf_changed":false,"inline_featured_image":false,"sticky_cta_settings":"","footnotes":""},"asset_type":[],"class_list":["post-527667","page","type-page","status-publish","hentry"],"acf":[],"yoast_head":"<title>eToro tax report<\/title>\n<meta name=\"description\" content=\"The eToro tax report is a service we offer our members. It is a report produced annually with the relevant financial information on all your eToro transactions.\" \/>\n<meta name=\"robots\" content=\"index, follow, max-snippet:-1, max-image-preview:large, max-video-preview:-1\" \/>\n<link rel=\"canonical\" href=\"https:\/\/www.etoro.com\/es\/wp-json\/wp\/v2\/pages\/527667\" \/>\n<meta property=\"og:locale\" content=\"es_ES\" \/>\n<meta property=\"og:type\" content=\"article\" \/>\n<meta property=\"og:title\" content=\"eToro tax report\" \/>\n<meta property=\"og:description\" content=\"The eToro tax report is a service we offer our members. It is a report produced annually with the relevant financial information on all your eToro transactions.\" \/>\n<meta property=\"og:url\" content=\"https:\/\/www.etoro.com\/es\/wp-json\/wp\/v2\/pages\/527667\" \/>\n<meta property=\"og:site_name\" content=\"eToro\" \/>\n<meta property=\"article:publisher\" content=\"https:\/\/www.facebook.com\/eToro\/\" \/>\n<meta property=\"article:modified_time\" content=\"2026-02-11T18:05:10+00:00\" \/>\n<meta property=\"og:image\" content=\"https:\/\/www.etoro.com\/wp-content\/uploads\/2022\/10\/Image-20.png\" \/>\n\t<meta property=\"og:image:width\" content=\"576\" \/>\n\t<meta property=\"og:image:height\" content=\"394\" \/>\n\t<meta property=\"og:image:type\" content=\"image\/png\" \/>\n<meta name=\"twitter:card\" content=\"summary_large_image\" \/>\n<meta name=\"twitter:site\" content=\"@eToro\" \/>\n<meta name=\"twitter:label1\" content=\"Est. reading time\" \/>\n\t<meta name=\"twitter:data1\" content=\"2 minutes\" \/>\n<script type=\"application\/ld+json\" class=\"yoast-schema-graph\">{\"@context\":\"https:\/\/schema.org\",\"@graph\":[{\"@type\":\"WebPage\",\"@id\":\"https:\/\/www.etoro.com\/es\/customer-service\/tax-report\/\",\"url\":\"https:\/\/www.etoro.com\/es\/customer-service\/tax-report\/\",\"name\":\"eToro tax report\",\"isPartOf\":{\"@id\":\"https:\/\/www.etoro.com\/es\/#website\"},\"primaryImageOfPage\":{\"@id\":\"https:\/\/www.etoro.com\/es\/customer-service\/tax-report\/#primaryimage\"},\"image\":{\"@id\":\"https:\/\/www.etoro.com\/es\/customer-service\/tax-report\/#primaryimage\"},\"thumbnailUrl\":\"https:\/\/www.etoro.com\/wp-content\/uploads\/2022\/10\/Image-20.png\",\"datePublished\":\"2022-10-26T09:40:22+00:00\",\"dateModified\":\"2026-02-11T18:05:10+00:00\",\"description\":\"The eToro tax report is a service we offer our members. It is a report produced annually with the relevant financial information on all your eToro transactions.\",\"breadcrumb\":{\"@id\":\"https:\/\/www.etoro.com\/es\/customer-service\/tax-report\/#breadcrumb\"},\"inLanguage\":\"es\",\"potentialAction\":[{\"@type\":\"ReadAction\",\"target\":[\"https:\/\/www.etoro.com\/es\/customer-service\/tax-report\/\"]}]},{\"@type\":\"ImageObject\",\"inLanguage\":\"es\",\"@id\":\"https:\/\/www.etoro.com\/es\/customer-service\/tax-report\/#primaryimage\",\"url\":\"https:\/\/www.etoro.com\/wp-content\/uploads\/2022\/10\/Image-20.png\",\"contentUrl\":\"https:\/\/www.etoro.com\/wp-content\/uploads\/2022\/10\/Image-20.png\"},{\"@type\":\"BreadcrumbList\",\"@id\":\"https:\/\/www.etoro.com\/es\/customer-service\/tax-report\/#breadcrumb\",\"itemListElement\":[{\"@type\":\"ListItem\",\"position\":1,\"name\":\"Inicio\",\"item\":\"https:\/\/www.etoro.com\/es\/\"},{\"@type\":\"ListItem\",\"position\":2,\"name\":\"ATENCI\u00d3N AL CLIENTE\",\"item\":\"https:\/\/www.etoro.com\/es\/customer-service\/\"},{\"@type\":\"ListItem\",\"position\":3,\"name\":\"Informe fiscal de eToro\"}]},{\"@type\":\"WebSite\",\"@id\":\"https:\/\/www.etoro.com\/es\/#website\",\"url\":\"https:\/\/www.etoro.com\/es\/\",\"name\":\"eToro\",\"description\":\"\",\"publisher\":{\"@id\":\"https:\/\/www.etoro.com\/es\/#organization\"},\"potentialAction\":[{\"@type\":\"SearchAction\",\"target\":{\"@type\":\"EntryPoint\",\"urlTemplate\":\"https:\/\/www.etoro.com\/es\/?s={search_term_string}\"},\"query-input\":{\"@type\":\"PropertyValueSpecification\",\"valueRequired\":true,\"valueName\":\"search_term_string\"}}],\"inLanguage\":\"es\"},[]]}<\/script>","yoast_head_json":{"title":"eToro tax report","description":"The eToro tax report is a service we offer our members. It is a report produced annually with the relevant financial information on all your eToro transactions.","robots":{"index":"index","follow":"follow","max-snippet":"max-snippet:-1","max-image-preview":"max-image-preview:large","max-video-preview":"max-video-preview:-1"},"canonical":"https:\/\/www.etoro.com\/es\/wp-json\/wp\/v2\/pages\/527667","og_locale":"es_ES","og_type":"article","og_title":"eToro tax report","og_description":"The eToro tax report is a service we offer our members. It is a report produced annually with the relevant financial information on all your eToro transactions.","og_url":"https:\/\/www.etoro.com\/es\/wp-json\/wp\/v2\/pages\/527667","og_site_name":"eToro","article_publisher":"https:\/\/www.facebook.com\/eToro\/","article_modified_time":"2026-02-11T18:05:10+00:00","og_image":[{"width":576,"height":394,"url":"https:\/\/www.etoro.com\/wp-content\/uploads\/2022\/10\/Image-20.png","type":"image\/png"}],"twitter_card":"summary_large_image","twitter_site":"@eToro","twitter_misc":{"Est. reading time":"2 minutes"},"schema":{"@context":"https:\/\/schema.org","@graph":[{"@type":"WebPage","@id":"https:\/\/www.etoro.com\/es\/customer-service\/tax-report\/","url":"https:\/\/www.etoro.com\/es\/customer-service\/tax-report\/","name":"eToro tax report","isPartOf":{"@id":"https:\/\/www.etoro.com\/es\/#website"},"primaryImageOfPage":{"@id":"https:\/\/www.etoro.com\/es\/customer-service\/tax-report\/#primaryimage"},"image":{"@id":"https:\/\/www.etoro.com\/es\/customer-service\/tax-report\/#primaryimage"},"thumbnailUrl":"https:\/\/www.etoro.com\/wp-content\/uploads\/2022\/10\/Image-20.png","datePublished":"2022-10-26T09:40:22+00:00","dateModified":"2026-02-11T18:05:10+00:00","description":"The eToro tax report is a service we offer our members. It is a report produced annually with the relevant financial information on all your eToro transactions.","breadcrumb":{"@id":"https:\/\/www.etoro.com\/es\/customer-service\/tax-report\/#breadcrumb"},"inLanguage":"es","potentialAction":[{"@type":"ReadAction","target":["https:\/\/www.etoro.com\/es\/customer-service\/tax-report\/"]}]},{"@type":"ImageObject","inLanguage":"es","@id":"https:\/\/www.etoro.com\/es\/customer-service\/tax-report\/#primaryimage","url":"https:\/\/www.etoro.com\/wp-content\/uploads\/2022\/10\/Image-20.png","contentUrl":"https:\/\/www.etoro.com\/wp-content\/uploads\/2022\/10\/Image-20.png"},{"@type":"BreadcrumbList","@id":"https:\/\/www.etoro.com\/es\/customer-service\/tax-report\/#breadcrumb","itemListElement":[{"@type":"ListItem","position":1,"name":"Inicio","item":"https:\/\/www.etoro.com\/es\/"},{"@type":"ListItem","position":2,"name":"ATENCI\u00d3N AL CLIENTE","item":"https:\/\/www.etoro.com\/es\/customer-service\/"},{"@type":"ListItem","position":3,"name":"Informe fiscal de eToro"}]},{"@type":"WebSite","@id":"https:\/\/www.etoro.com\/es\/#website","url":"https:\/\/www.etoro.com\/es\/","name":"eToro","description":"","publisher":{"@id":"https:\/\/www.etoro.com\/es\/#organization"},"potentialAction":[{"@type":"SearchAction","target":{"@type":"EntryPoint","urlTemplate":"https:\/\/www.etoro.com\/es\/?s={search_term_string}"},"query-input":{"@type":"PropertyValueSpecification","valueRequired":true,"valueName":"search_term_string"}}],"inLanguage":"es"},[]]}},"_links":{"self":[{"href":"https:\/\/www.etoro.com\/es\/wp-json\/wp\/v2\/pages\/527667"}],"collection":[{"href":"https:\/\/www.etoro.com\/es\/wp-json\/wp\/v2\/pages"}],"about":[{"href":"https:\/\/www.etoro.com\/es\/wp-json\/wp\/v2\/types\/page"}],"author":[{"embeddable":true,"href":"https:\/\/www.etoro.com\/es\/wp-json\/wp\/v2\/users\/75"}],"replies":[{"embeddable":true,"href":"https:\/\/www.etoro.com\/es\/wp-json\/wp\/v2\/comments?post=527667"}],"version-history":[{"count":0,"href":"https:\/\/www.etoro.com\/es\/wp-json\/wp\/v2\/pages\/527667\/revisions"}],"up":[{"embeddable":true,"href":"https:\/\/www.etoro.com\/es\/wp-json\/wp\/v2\/pages\/6961"}],"wp:attachment":[{"href":"https:\/\/www.etoro.com\/es\/wp-json\/wp\/v2\/media?parent=527667"}],"wp:term":[{"taxonomy":"asset_type","embeddable":true,"href":"https:\/\/www.etoro.com\/es\/wp-json\/wp\/v2\/asset_type?post=527667"}],"curies":[{"name":"wp","href":"https:\/\/api.w.org\/{rel}","templated":true}]}}