{"id":539940,"date":"2022-09-12T10:17:40","date_gmt":"2022-09-12T07:17:40","guid":{"rendered":"https:\/\/www.etoro.com\/?page_id=539940"},"modified":"2023-02-01T12:45:31","modified_gmt":"2023-02-01T10:45:31","slug":"safe-and-secure","status":"publish","type":"page","link":"https:\/\/www.etoro.com\/es\/money\/safe-and-secure\/","title":{"rendered":"ETM Safe &#038; Secure"},"content":{"rendered":"","protected":false},"excerpt":{"rendered":"","protected":false},"author":95,"featured_media":481065,"parent":422107,"menu_order":0,"comment_status":"closed","ping_status":"closed","template":"flexible-template.php","meta":{"_acf_changed":false,"inline_featured_image":false,"sticky_cta_settings":"","footnotes":""},"asset_type":[],"class_list":["post-539940","page","type-page","status-publish","has-post-thumbnail","hentry"],"acf":[],"yoast_head":"<title>C\u00f3mo eToro Money cuida de sus fondos de forma segura<\/title>\n<meta name=\"description\" content=\"La seguridad de su dinero es nuestra m\u00e1xima prioridad en eToro Money. Nos aseguramos de mantener sus fondos a buen recaudo y su aplicaci\u00f3n y cuenta seguras.\" \/>\n<meta name=\"robots\" content=\"index, follow, max-snippet:-1, max-image-preview:large, max-video-preview:-1\" \/>\n<link rel=\"canonical\" href=\"https:\/\/www.etoro.com\/es\/wp-json\/wp\/v2\/pages\/539940\" \/>\n<meta property=\"og:locale\" content=\"es_ES\" \/>\n<meta property=\"og:type\" content=\"article\" \/>\n<meta property=\"og:title\" content=\"C\u00f3mo eToro Money cuida de sus fondos de forma segura\" \/>\n<meta property=\"og:description\" content=\"La seguridad de su dinero es nuestra m\u00e1xima prioridad en eToro Money. Nos aseguramos de mantener sus fondos a buen recaudo y su aplicaci\u00f3n y cuenta seguras.\" \/>\n<meta property=\"og:url\" content=\"https:\/\/www.etoro.com\/es\/wp-json\/wp\/v2\/pages\/539940\" \/>\n<meta property=\"og:site_name\" content=\"eToro\" \/>\n<meta property=\"article:publisher\" content=\"https:\/\/www.facebook.com\/eToro\/\" \/>\n<meta property=\"article:modified_time\" content=\"2023-02-01T10:45:31+00:00\" \/>\n<meta property=\"og:image\" content=\"https:\/\/www.etoro.com\/wp-content\/uploads\/2022\/09\/Featured-image-1200x630-1.jpg\" \/>\n\t<meta property=\"og:image:width\" content=\"1200\" \/>\n\t<meta property=\"og:image:height\" content=\"630\" \/>\n\t<meta property=\"og:image:type\" content=\"image\/jpeg\" \/>\n<meta name=\"twitter:card\" content=\"summary_large_image\" \/>\n<meta name=\"twitter:image\" content=\"https:\/\/www.etoro.com\/wp-content\/uploads\/2022\/09\/Featured-image-1200x630-1.jpg\" \/>\n<meta name=\"twitter:site\" content=\"@eToro\" \/>\n<script type=\"application\/ld+json\" class=\"yoast-schema-graph\">{\"@context\":\"https:\/\/schema.org\",\"@graph\":[{\"@type\":\"WebPage\",\"@id\":\"https:\/\/www.etoro.com\/es\/money\/safe-and-secure\/\",\"url\":\"https:\/\/www.etoro.com\/es\/money\/safe-and-secure\/\",\"name\":\"C\u00f3mo eToro Money cuida de sus fondos de forma segura\",\"isPartOf\":{\"@id\":\"https:\/\/www.etoro.com\/es\/#website\"},\"primaryImageOfPage\":{\"@id\":\"https:\/\/www.etoro.com\/es\/money\/safe-and-secure\/#primaryimage\"},\"image\":{\"@id\":\"https:\/\/www.etoro.com\/es\/money\/safe-and-secure\/#primaryimage\"},\"thumbnailUrl\":\"https:\/\/www.etoro.com\/wp-content\/uploads\/2022\/09\/Featured-image-1200x630-1.jpg\",\"datePublished\":\"2022-09-12T07:17:40+00:00\",\"dateModified\":\"2023-02-01T10:45:31+00:00\",\"description\":\"La seguridad de su dinero es nuestra m\u00e1xima prioridad en eToro Money. Nos aseguramos de mantener sus fondos a buen recaudo y su aplicaci\u00f3n y cuenta seguras.\",\"breadcrumb\":{\"@id\":\"https:\/\/www.etoro.com\/es\/money\/safe-and-secure\/#breadcrumb\"},\"inLanguage\":\"es\",\"potentialAction\":[{\"@type\":\"ReadAction\",\"target\":[\"https:\/\/www.etoro.com\/es\/money\/safe-and-secure\/\"]}]},{\"@type\":\"ImageObject\",\"inLanguage\":\"es\",\"@id\":\"https:\/\/www.etoro.com\/es\/money\/safe-and-secure\/#primaryimage\",\"url\":\"https:\/\/www.etoro.com\/wp-content\/uploads\/2022\/09\/Featured-image-1200x630-1.jpg\",\"contentUrl\":\"https:\/\/www.etoro.com\/wp-content\/uploads\/2022\/09\/Featured-image-1200x630-1.jpg\",\"width\":1200,\"height\":630},{\"@type\":\"BreadcrumbList\",\"@id\":\"https:\/\/www.etoro.com\/es\/money\/safe-and-secure\/#breadcrumb\",\"itemListElement\":[{\"@type\":\"ListItem\",\"position\":1,\"name\":\"Inicio\",\"item\":\"https:\/\/www.etoro.com\/es\/\"},{\"@type\":\"ListItem\",\"position\":2,\"name\":\"Money EU\",\"item\":\"https:\/\/www.etoro.com\/es\/money\/\"},{\"@type\":\"ListItem\",\"position\":3,\"name\":\"Safe & Secure\"}]},{\"@type\":\"WebSite\",\"@id\":\"https:\/\/www.etoro.com\/es\/#website\",\"url\":\"https:\/\/www.etoro.com\/es\/\",\"name\":\"eToro\",\"description\":\"\",\"publisher\":{\"@id\":\"https:\/\/www.etoro.com\/es\/#organization\"},\"potentialAction\":[{\"@type\":\"SearchAction\",\"target\":{\"@type\":\"EntryPoint\",\"urlTemplate\":\"https:\/\/www.etoro.com\/es\/?s={search_term_string}\"},\"query-input\":{\"@type\":\"PropertyValueSpecification\",\"valueRequired\":true,\"valueName\":\"search_term_string\"}}],\"inLanguage\":\"es\"},[]]}<\/script>","yoast_head_json":{"title":"C\u00f3mo eToro Money cuida de sus fondos de forma segura","description":"La seguridad de su dinero es nuestra m\u00e1xima prioridad en eToro Money. Nos aseguramos de mantener sus fondos a buen recaudo y su aplicaci\u00f3n y cuenta seguras.","robots":{"index":"index","follow":"follow","max-snippet":"max-snippet:-1","max-image-preview":"max-image-preview:large","max-video-preview":"max-video-preview:-1"},"canonical":"https:\/\/www.etoro.com\/es\/wp-json\/wp\/v2\/pages\/539940","og_locale":"es_ES","og_type":"article","og_title":"C\u00f3mo eToro Money cuida de sus fondos de forma segura","og_description":"La seguridad de su dinero es nuestra m\u00e1xima prioridad en eToro Money. Nos aseguramos de mantener sus fondos a buen recaudo y su aplicaci\u00f3n y cuenta seguras.","og_url":"https:\/\/www.etoro.com\/es\/wp-json\/wp\/v2\/pages\/539940","og_site_name":"eToro","article_publisher":"https:\/\/www.facebook.com\/eToro\/","article_modified_time":"2023-02-01T10:45:31+00:00","og_image":[{"width":1200,"height":630,"url":"https:\/\/www.etoro.com\/wp-content\/uploads\/2022\/09\/Featured-image-1200x630-1.jpg","type":"image\/jpeg"}],"twitter_card":"summary_large_image","twitter_image":"https:\/\/www.etoro.com\/wp-content\/uploads\/2022\/09\/Featured-image-1200x630-1.jpg","twitter_site":"@eToro","schema":{"@context":"https:\/\/schema.org","@graph":[{"@type":"WebPage","@id":"https:\/\/www.etoro.com\/es\/money\/safe-and-secure\/","url":"https:\/\/www.etoro.com\/es\/money\/safe-and-secure\/","name":"C\u00f3mo eToro Money cuida de sus fondos de forma segura","isPartOf":{"@id":"https:\/\/www.etoro.com\/es\/#website"},"primaryImageOfPage":{"@id":"https:\/\/www.etoro.com\/es\/money\/safe-and-secure\/#primaryimage"},"image":{"@id":"https:\/\/www.etoro.com\/es\/money\/safe-and-secure\/#primaryimage"},"thumbnailUrl":"https:\/\/www.etoro.com\/wp-content\/uploads\/2022\/09\/Featured-image-1200x630-1.jpg","datePublished":"2022-09-12T07:17:40+00:00","dateModified":"2023-02-01T10:45:31+00:00","description":"La seguridad de su dinero es nuestra m\u00e1xima prioridad en eToro Money. Nos aseguramos de mantener sus fondos a buen recaudo y su aplicaci\u00f3n y cuenta seguras.","breadcrumb":{"@id":"https:\/\/www.etoro.com\/es\/money\/safe-and-secure\/#breadcrumb"},"inLanguage":"es","potentialAction":[{"@type":"ReadAction","target":["https:\/\/www.etoro.com\/es\/money\/safe-and-secure\/"]}]},{"@type":"ImageObject","inLanguage":"es","@id":"https:\/\/www.etoro.com\/es\/money\/safe-and-secure\/#primaryimage","url":"https:\/\/www.etoro.com\/wp-content\/uploads\/2022\/09\/Featured-image-1200x630-1.jpg","contentUrl":"https:\/\/www.etoro.com\/wp-content\/uploads\/2022\/09\/Featured-image-1200x630-1.jpg","width":1200,"height":630},{"@type":"BreadcrumbList","@id":"https:\/\/www.etoro.com\/es\/money\/safe-and-secure\/#breadcrumb","itemListElement":[{"@type":"ListItem","position":1,"name":"Inicio","item":"https:\/\/www.etoro.com\/es\/"},{"@type":"ListItem","position":2,"name":"Money EU","item":"https:\/\/www.etoro.com\/es\/money\/"},{"@type":"ListItem","position":3,"name":"Safe & Secure"}]},{"@type":"WebSite","@id":"https:\/\/www.etoro.com\/es\/#website","url":"https:\/\/www.etoro.com\/es\/","name":"eToro","description":"","publisher":{"@id":"https:\/\/www.etoro.com\/es\/#organization"},"potentialAction":[{"@type":"SearchAction","target":{"@type":"EntryPoint","urlTemplate":"https:\/\/www.etoro.com\/es\/?s={search_term_string}"},"query-input":{"@type":"PropertyValueSpecification","valueRequired":true,"valueName":"search_term_string"}}],"inLanguage":"es"},[]]}},"_links":{"self":[{"href":"https:\/\/www.etoro.com\/es\/wp-json\/wp\/v2\/pages\/539940"}],"collection":[{"href":"https:\/\/www.etoro.com\/es\/wp-json\/wp\/v2\/pages"}],"about":[{"href":"https:\/\/www.etoro.com\/es\/wp-json\/wp\/v2\/types\/page"}],"author":[{"embeddable":true,"href":"https:\/\/www.etoro.com\/es\/wp-json\/wp\/v2\/users\/95"}],"replies":[{"embeddable":true,"href":"https:\/\/www.etoro.com\/es\/wp-json\/wp\/v2\/comments?post=539940"}],"version-history":[{"count":0,"href":"https:\/\/www.etoro.com\/es\/wp-json\/wp\/v2\/pages\/539940\/revisions"}],"up":[{"embeddable":true,"href":"https:\/\/www.etoro.com\/es\/wp-json\/wp\/v2\/pages\/422107"}],"wp:featuredmedia":[{"embeddable":true,"href":"https:\/\/www.etoro.com\/es\/wp-json\/wp\/v2\/media\/481065"}],"wp:attachment":[{"href":"https:\/\/www.etoro.com\/es\/wp-json\/wp\/v2\/media?parent=539940"}],"wp:term":[{"taxonomy":"asset_type","embeddable":true,"href":"https:\/\/www.etoro.com\/es\/wp-json\/wp\/v2\/asset_type?post=539940"}],"curies":[{"name":"wp","href":"https:\/\/api.w.org\/{rel}","templated":true}]}}