{"id":648804,"date":"2023-06-14T10:45:54","date_gmt":"2023-06-14T07:45:54","guid":{"rendered":"https:\/\/www.etoro.com\/crypto\/wallet-fees\/"},"modified":"2026-04-06T11:43:48","modified_gmt":"2026-04-06T08:43:48","slug":"fees","status":"publish","type":"page","link":"https:\/\/www.etoro.com\/es\/crypto\/wallet\/fees\/","title":{"rendered":"Wallet fees"},"content":{"rendered":"\n<section class=\"wp-block-group wp-block-group-boxed\"><div class=\"wp-block-group-inner is-layout-flow wp-block-group-is-layout-flow\">\n<div class=\"wp-block-columns are-vertically-aligned-top wp-block-columns-1 is-layout-flex wp-container-core-columns-is-layout-1 wp-block-columns-is-layout-flex\">\n<div class=\"wp-block-column is-layout-flow wp-block-column-is-layout-flow\">\n<h3 class=\"wp-block-heading\"><strong>Comisiones de transacci\u00f3n por enviar\/recibir<\/strong><\/h3>\n\n\n\n<p>Se aplica una comisi\u00f3n cuando transfiere sus criptoactivos a su cripto wallet de eToro.<\/p>\n\n\n\n<ul class=\"wp-block-list wp-block-list wp-block-list-circle\">\n<li>Si transfiere criptoactivos desde la plataforma de eToro, se aplica una comisi\u00f3n del 2%.<\/li>\n\n\n\n<li>Si transfiere criptoactivos desde o hacia una fuente externa, eToro no le cobra. La \u00fanica comisi\u00f3n que se aplica es la de la blockchain.<\/li>\n<\/ul>\n\n\n\n<p>Nota: la comisi\u00f3n tiene un l\u00edmite m\u00ednimo y m\u00e1ximo; detalles <a href=\"https:\/\/www.etoro.com\/es\/crypto\/coin-transfer\/\">aqu\u00ed<\/a>.<\/p>\n\n\n\n<h3 class=\"wp-block-heading\"><strong>L\u00edmites de transacciones de env\u00edo<\/strong><\/h3>\n\n\n\n<p>Las transacciones para todos los criptoactivos admitidos tienen un m\u00e1ximo permitido de 50&nbsp;000&nbsp;$ por transacci\u00f3n y un l\u00edmite m\u00e1ximo general de 200&nbsp;000&nbsp;$ al d\u00eda.<\/p>\n\n\n\n<h3 class=\"wp-block-heading\"><strong>Venta de criptos por GBP\/EUR\/AUD<\/strong><\/h3>\n\n\n\n<p>Se aplica una comisi\u00f3n cuando vende criptos por GBP, EUR, AUD o USD en el cripto wallet de eToro.<\/p>\n\n\n\n<p>Se le mostrar\u00e1 una comisi\u00f3n aproximada antes de completar la venta.<\/p>\n\n\n\n<p>Descuento del club:<\/p>\n\n\n\n<figure class=\"wp-block-table\"><div class=\"wp-block-table-content\"><div class=\"wp-block-table-content-nav wp-block-table-content-nav-left\"><div class=\"wp-block-table-content-nav-arrow wp-block-table-content-nav-arrow-left\"><\/div><\/div><div class=\"wp-block-table-content-nav wp-block-table-content-nav-right\"><div class=\"wp-block-table-content-nav-arrow wp-block-table-content-nav-arrow-right\"><\/div><\/div><div class=\"wp-block-table-content-table\"><table class=\"has-fixed-layout\"><thead><tr><th class=\"has-text-align-center\" data-align=\"center\"><strong>Silver<\/strong><\/th><th class=\"has-text-align-center\" data-align=\"center\"><strong>Gold &amp; Platinum<\/strong><\/th><th class=\"has-text-align-center\" data-align=\"center\"><strong>Platinum+ &amp; Diamond<\/strong><\/th><\/tr><\/thead><tbody><tr><td class=\"has-text-align-center\" data-align=\"center\">1%<\/td><td class=\"has-text-align-center\" data-align=\"center\">20% de descuento (0.8%)<\/td><td class=\"has-text-align-center\" data-align=\"center\">40% de descuento (0.6%)<\/td><\/tr><\/tbody><\/table><\/div><\/div><\/figure>\n\n\n\n<p><a href=\"https:\/\/www.etoro.com\/es\/trading\/fees\/\">P\u00e1gina de comisiones de eToro<\/a><\/p>\n\n\n\n<h3 class=\"wp-block-heading\"><strong>Transacciones de Ethereum y ERC20<\/strong><\/h3>\n\n\n\n<p>Para garantizar la seguridad de tus activos, la billetera de cripto wallet de eToro se basa en una soluci\u00f3n multi-firma que utiliza contratos inteligentes para facilitar transacciones en la red de Ethereum. Desafortunadamente, no todos los proveedores de billeteras e intercambios admiten el env\u00edo y recepci\u00f3n de activos a trav\u00e9s de contratos inteligentes. Aseg\u00farate de que el lado receptor admita transacciones ETH y ERC20 enviadas desde direcciones multi-firma. En caso de encontrar problemas, se debe contactar al proveedor de la parte receptora.<\/p>\n\n\n\n<h3 class=\"wp-block-heading\"><strong>Creaci\u00f3n de monedero de XRP<\/strong><\/h3>\n\n\n\n<p>Actualmente, la apertura de un monedero de XRP est\u00e1 habilitada como parte del proceso de transferencia de monedas, y la creaci\u00f3n del monedero de XRP estar\u00e1 libre de comisiones.<\/p>\n\n\n\n<h3 class=\"wp-block-heading\"><strong>Creaci\u00f3n de monedero de XLM<\/strong><\/h3>\n\n\n\n<p>La <em>blockchain<\/em> de Stellar requiere un dep\u00f3sito m\u00ednimo no gastable de 2,5 XLM para la activaci\u00f3n de un monedero de XLM. Una vez depositados, el monedero se activa y puede verlo en la <em>blockchain<\/em> de Stellar.<\/p>\n\n\n\n<h3 class=\"wp-block-heading\"><strong>Creaci\u00f3n de monedero de ETH<\/strong><\/h3>\n\n\n\n<p>Actualmente, la apertura de un monedero de ETH est\u00e1 habilitada como parte del proceso de transferencia de monedas, y la creaci\u00f3n del monedero de ETH estar\u00e1 libre de comisiones. Los t\u00f3kenes ERC20 son compatibles para los usuarios que ya tienen dichos monederos.<\/p>\n\n\n\n<p>Los nuevos monederos ERC20 no est\u00e1n disponibles actualmente.<\/p>\n\n\n\n<p>Consulte los t\u00e9rminos y condiciones del cripto wallet <a class=\"link\" href=\"https:\/\/www.etoro.com\/customer-service\/terms-conditions\/#etoro-money:~:text=eToro%20Money%20crypto%20wallet\">aqu\u00ed<\/a>.<\/p>\n\n\n\n<p>El monedero lo proporciona eToroX Limited (\u00abeToroX\u00bb), una sociedad de responsabilidad limitada constituida en Gibraltar con el n\u00famero de empresa 116348 y con domicilio social en 57\/63 Line Wall Road, Gibraltar. eToroX es un proveedor de DLT regulado con licencia de la Comisi\u00f3n de Servicios Financieros de Gibraltar en virtud de la Ley de Servicios Fiduciarios de Inversiones y Financieros con n\u00famero de licencia FSC1333B.<\/p>\n<\/div>\n<\/div>\n<\/div><\/section>\n","protected":false},"excerpt":{"rendered":"<p>Comisiones de transacci\u00f3n por enviar\/recibir Se aplica una comisi\u00f3n cuando transfiere sus criptoactivos a su cripto wallet de eToro. Nota: la comisi\u00f3n tiene un l\u00edmite m\u00ednimo y m\u00e1ximo; detalles aqu\u00ed. L\u00edmites de transacciones de env\u00edo Las transacciones para todos los criptoactivos admitidos tienen un m\u00e1ximo permitido de 50&nbsp;000&nbsp;$ por transacci\u00f3n y un l\u00edmite m\u00e1ximo general&hellip;<\/p>\n","protected":false},"author":75,"featured_media":623889,"parent":127687,"menu_order":0,"comment_status":"closed","ping_status":"closed","template":"","meta":{"_acf_changed":false,"inline_featured_image":false,"sticky_cta_settings":"","footnotes":""},"asset_type":[],"class_list":["post-648804","page","type-page","status-publish","has-post-thumbnail","hentry"],"acf":[],"yoast_head":"<title>Comisiones del Monedero de Criptomonedas eToro Wallet<\/title>\n<meta name=\"description\" content=\"Una explicaci\u00f3n de las tarifas del monedero cripto eToro Wallet, incluyendo la conversi\u00f3n, los l\u00edmites de env\u00edo y la creaci\u00f3n general y espec\u00edfica del monedero.\" \/>\n<meta name=\"robots\" content=\"index, follow, max-snippet:-1, max-image-preview:large, max-video-preview:-1\" \/>\n<link rel=\"canonical\" href=\"https:\/\/www.etoro.com\/es\/wp-json\/wp\/v2\/pages\/648804\" \/>\n<meta property=\"og:locale\" content=\"es_ES\" \/>\n<meta property=\"og:type\" content=\"article\" \/>\n<meta property=\"og:title\" content=\"Comisiones del Monedero de Criptomonedas eToro Wallet\" \/>\n<meta property=\"og:description\" content=\"Una explicaci\u00f3n de las tarifas del monedero cripto eToro Wallet, incluyendo la conversi\u00f3n, los l\u00edmites de env\u00edo y la creaci\u00f3n general y espec\u00edfica del monedero.\" \/>\n<meta property=\"og:url\" content=\"https:\/\/www.etoro.com\/es\/wp-json\/wp\/v2\/pages\/648804\" \/>\n<meta property=\"og:site_name\" content=\"eToro\" \/>\n<meta property=\"article:publisher\" content=\"https:\/\/www.facebook.com\/eToro\/\" \/>\n<meta property=\"article:modified_time\" content=\"2026-04-06T08:43:48+00:00\" \/>\n<meta property=\"og:image\" content=\"https:\/\/www.etoro.com\/wp-content\/uploads\/2023\/06\/Wallet-fees.jpg\" \/>\n\t<meta property=\"og:image:width\" content=\"1200\" \/>\n\t<meta property=\"og:image:height\" content=\"630\" \/>\n\t<meta property=\"og:image:type\" content=\"image\/jpeg\" \/>\n<meta name=\"twitter:card\" content=\"summary_large_image\" \/>\n<meta name=\"twitter:site\" content=\"@eToro\" \/>\n<meta name=\"twitter:label1\" content=\"Est. reading time\" \/>\n\t<meta name=\"twitter:data1\" content=\"2 minutes\" \/>\n<script type=\"application\/ld+json\" class=\"yoast-schema-graph\">{\"@context\":\"https:\/\/schema.org\",\"@graph\":[{\"@type\":\"WebPage\",\"@id\":\"https:\/\/www.etoro.com\/es\/crypto\/wallet\/fees\/\",\"url\":\"https:\/\/www.etoro.com\/es\/crypto\/wallet\/fees\/\",\"name\":\"Comisiones del Monedero de Criptomonedas eToro Wallet\",\"isPartOf\":{\"@id\":\"https:\/\/www.etoro.com\/es\/#website\"},\"primaryImageOfPage\":{\"@id\":\"https:\/\/www.etoro.com\/es\/crypto\/wallet\/fees\/#primaryimage\"},\"image\":{\"@id\":\"https:\/\/www.etoro.com\/es\/crypto\/wallet\/fees\/#primaryimage\"},\"thumbnailUrl\":\"https:\/\/www.etoro.com\/wp-content\/uploads\/2023\/06\/Wallet-fees.jpg\",\"datePublished\":\"2023-06-14T07:45:54+00:00\",\"dateModified\":\"2026-04-06T08:43:48+00:00\",\"description\":\"Una explicaci\u00f3n de las tarifas del monedero cripto eToro Wallet, incluyendo la conversi\u00f3n, los l\u00edmites de env\u00edo y la creaci\u00f3n general y espec\u00edfica del monedero.\",\"breadcrumb\":{\"@id\":\"https:\/\/www.etoro.com\/es\/crypto\/wallet\/fees\/#breadcrumb\"},\"inLanguage\":\"es\",\"potentialAction\":[{\"@type\":\"ReadAction\",\"target\":[\"https:\/\/www.etoro.com\/es\/crypto\/wallet\/fees\/\"]}]},{\"@type\":\"ImageObject\",\"inLanguage\":\"es\",\"@id\":\"https:\/\/www.etoro.com\/es\/crypto\/wallet\/fees\/#primaryimage\",\"url\":\"https:\/\/www.etoro.com\/wp-content\/uploads\/2023\/06\/Wallet-fees.jpg\",\"contentUrl\":\"https:\/\/www.etoro.com\/wp-content\/uploads\/2023\/06\/Wallet-fees.jpg\",\"width\":1200,\"height\":630,\"caption\":\"Wallet Fees\"},{\"@type\":\"BreadcrumbList\",\"@id\":\"https:\/\/www.etoro.com\/es\/crypto\/wallet\/fees\/#breadcrumb\",\"itemListElement\":[{\"@type\":\"ListItem\",\"position\":1,\"name\":\"Inicio\",\"item\":\"https:\/\/www.etoro.com\/es\/\"},{\"@type\":\"ListItem\",\"position\":2,\"name\":\"One-stop crypto\",\"item\":\"https:\/\/www.etoro.com\/es\/crypto\/\"},{\"@type\":\"ListItem\",\"position\":3,\"name\":\"Monedero\",\"item\":\"https:\/\/www.etoro.com\/es\/crypto\/wallet\/\"},{\"@type\":\"ListItem\",\"position\":4,\"name\":\"Wallet fees\"}]},{\"@type\":\"WebSite\",\"@id\":\"https:\/\/www.etoro.com\/es\/#website\",\"url\":\"https:\/\/www.etoro.com\/es\/\",\"name\":\"eToro\",\"description\":\"\",\"publisher\":{\"@id\":\"https:\/\/www.etoro.com\/es\/#organization\"},\"potentialAction\":[{\"@type\":\"SearchAction\",\"target\":{\"@type\":\"EntryPoint\",\"urlTemplate\":\"https:\/\/www.etoro.com\/es\/?s={search_term_string}\"},\"query-input\":{\"@type\":\"PropertyValueSpecification\",\"valueRequired\":true,\"valueName\":\"search_term_string\"}}],\"inLanguage\":\"es\"},[]]}<\/script>","yoast_head_json":{"title":"Comisiones del Monedero de Criptomonedas eToro Wallet","description":"Una explicaci\u00f3n de las tarifas del monedero cripto eToro Wallet, incluyendo la conversi\u00f3n, los l\u00edmites de env\u00edo y la creaci\u00f3n general y espec\u00edfica del monedero.","robots":{"index":"index","follow":"follow","max-snippet":"max-snippet:-1","max-image-preview":"max-image-preview:large","max-video-preview":"max-video-preview:-1"},"canonical":"https:\/\/www.etoro.com\/es\/wp-json\/wp\/v2\/pages\/648804","og_locale":"es_ES","og_type":"article","og_title":"Comisiones del Monedero de Criptomonedas eToro Wallet","og_description":"Una explicaci\u00f3n de las tarifas del monedero cripto eToro Wallet, incluyendo la conversi\u00f3n, los l\u00edmites de env\u00edo y la creaci\u00f3n general y espec\u00edfica del monedero.","og_url":"https:\/\/www.etoro.com\/es\/wp-json\/wp\/v2\/pages\/648804","og_site_name":"eToro","article_publisher":"https:\/\/www.facebook.com\/eToro\/","article_modified_time":"2026-04-06T08:43:48+00:00","og_image":[{"width":1200,"height":630,"url":"https:\/\/www.etoro.com\/wp-content\/uploads\/2023\/06\/Wallet-fees.jpg","type":"image\/jpeg"}],"twitter_card":"summary_large_image","twitter_site":"@eToro","twitter_misc":{"Est. reading time":"2 minutes"},"schema":{"@context":"https:\/\/schema.org","@graph":[{"@type":"WebPage","@id":"https:\/\/www.etoro.com\/es\/crypto\/wallet\/fees\/","url":"https:\/\/www.etoro.com\/es\/crypto\/wallet\/fees\/","name":"Comisiones del Monedero de Criptomonedas eToro Wallet","isPartOf":{"@id":"https:\/\/www.etoro.com\/es\/#website"},"primaryImageOfPage":{"@id":"https:\/\/www.etoro.com\/es\/crypto\/wallet\/fees\/#primaryimage"},"image":{"@id":"https:\/\/www.etoro.com\/es\/crypto\/wallet\/fees\/#primaryimage"},"thumbnailUrl":"https:\/\/www.etoro.com\/wp-content\/uploads\/2023\/06\/Wallet-fees.jpg","datePublished":"2023-06-14T07:45:54+00:00","dateModified":"2026-04-06T08:43:48+00:00","description":"Una explicaci\u00f3n de las tarifas del monedero cripto eToro Wallet, incluyendo la conversi\u00f3n, los l\u00edmites de env\u00edo y la creaci\u00f3n general y espec\u00edfica del monedero.","breadcrumb":{"@id":"https:\/\/www.etoro.com\/es\/crypto\/wallet\/fees\/#breadcrumb"},"inLanguage":"es","potentialAction":[{"@type":"ReadAction","target":["https:\/\/www.etoro.com\/es\/crypto\/wallet\/fees\/"]}]},{"@type":"ImageObject","inLanguage":"es","@id":"https:\/\/www.etoro.com\/es\/crypto\/wallet\/fees\/#primaryimage","url":"https:\/\/www.etoro.com\/wp-content\/uploads\/2023\/06\/Wallet-fees.jpg","contentUrl":"https:\/\/www.etoro.com\/wp-content\/uploads\/2023\/06\/Wallet-fees.jpg","width":1200,"height":630,"caption":"Wallet Fees"},{"@type":"BreadcrumbList","@id":"https:\/\/www.etoro.com\/es\/crypto\/wallet\/fees\/#breadcrumb","itemListElement":[{"@type":"ListItem","position":1,"name":"Inicio","item":"https:\/\/www.etoro.com\/es\/"},{"@type":"ListItem","position":2,"name":"One-stop crypto","item":"https:\/\/www.etoro.com\/es\/crypto\/"},{"@type":"ListItem","position":3,"name":"Monedero","item":"https:\/\/www.etoro.com\/es\/crypto\/wallet\/"},{"@type":"ListItem","position":4,"name":"Wallet fees"}]},{"@type":"WebSite","@id":"https:\/\/www.etoro.com\/es\/#website","url":"https:\/\/www.etoro.com\/es\/","name":"eToro","description":"","publisher":{"@id":"https:\/\/www.etoro.com\/es\/#organization"},"potentialAction":[{"@type":"SearchAction","target":{"@type":"EntryPoint","urlTemplate":"https:\/\/www.etoro.com\/es\/?s={search_term_string}"},"query-input":{"@type":"PropertyValueSpecification","valueRequired":true,"valueName":"search_term_string"}}],"inLanguage":"es"},[]]}},"_links":{"self":[{"href":"https:\/\/www.etoro.com\/es\/wp-json\/wp\/v2\/pages\/648804"}],"collection":[{"href":"https:\/\/www.etoro.com\/es\/wp-json\/wp\/v2\/pages"}],"about":[{"href":"https:\/\/www.etoro.com\/es\/wp-json\/wp\/v2\/types\/page"}],"author":[{"embeddable":true,"href":"https:\/\/www.etoro.com\/es\/wp-json\/wp\/v2\/users\/75"}],"replies":[{"embeddable":true,"href":"https:\/\/www.etoro.com\/es\/wp-json\/wp\/v2\/comments?post=648804"}],"version-history":[{"count":0,"href":"https:\/\/www.etoro.com\/es\/wp-json\/wp\/v2\/pages\/648804\/revisions"}],"up":[{"embeddable":true,"href":"https:\/\/www.etoro.com\/es\/wp-json\/wp\/v2\/pages\/127687"}],"wp:featuredmedia":[{"embeddable":true,"href":"https:\/\/www.etoro.com\/es\/wp-json\/wp\/v2\/media\/623889"}],"wp:attachment":[{"href":"https:\/\/www.etoro.com\/es\/wp-json\/wp\/v2\/media?parent=648804"}],"wp:term":[{"taxonomy":"asset_type","embeddable":true,"href":"https:\/\/www.etoro.com\/es\/wp-json\/wp\/v2\/asset_type?post=648804"}],"curies":[{"name":"wp","href":"https:\/\/api.w.org\/{rel}","templated":true}]}}